{"id":1033,"date":"2025-06-11T18:41:27","date_gmt":"2025-06-11T16:41:27","guid":{"rendered":"https:\/\/www.abf.se\/jamtland-harjedalen\/?page_id=1033"},"modified":"2025-06-11T18:41:27","modified_gmt":"2025-06-11T16:41:27","slug":"utan-folkbildning-tystnar-sverige","status":"publish","type":"page","link":"https:\/\/www.abf.se\/jamtland-harjedalen\/utan-folkbildning-tystnar-sverige\/","title":{"rendered":"Utan folkbildning tystnar Sverige"},"content":{"rendered":"<div\n    class=\"acf-hero-block container-lg no-padding mb-12 js-geolocation\"\n    data-block=\"hero-block\"\n    data-index=\"0\"\n>\n    <div class=\"h-[548px]  relative rounded-[32px] overflow-hidden flex bg-gray-light\">\n        <div class=\"relative z-10 mt-auto h-auto w-full md:h-full\">\n            <div class=\"flex w-full h-full flex-col flex-wrap justify-end w-full md:w-7\/12 lg:w-1\/2 md:justify-center\">\n                <div class=\"flex flex-col gap-3 md:gap-[18px] md:transparent pt-16 pb-36 md:py-8 px-4 w-full md:max-w-[620px] mx-auto px-8\">\n\n                    <h1 class=\"hero-heading\"><span>Utan folkbildning tystnar Sverige<\/span><\/h1>\n\n                                            <p class=\"mt-4 max-w-[48ch] text-red\">\n                             \n                        <\/p>\n                    \n                                    <\/div>\n            <\/div>\n        <\/div>\n\n                    <picture class=\"as-background-image mix-blend-multiply bg-black\/40\"><img decoding=\"async\" src=\"https:\/\/www.abf.se\/jamtland-harjedalen\/resized\/?url=https%3A%2F%2Fwww.abf.se%2Fwp-content%2Fuploads%2F2025%2F06%2FABFskylt.png&#038;fit=crop&#038;w=1440&#038;s=36524c2a21313f78ceb18195eb716f9f\" srcset=\"https:\/\/www.abf.se\/jamtland-harjedalen\/resized\/?url=https%3A%2F%2Fwww.abf.se%2Fwp-content%2Fuploads%2F2025%2F06%2FABFskylt.png&#038;fit=crop&#038;w=375&#038;h=540&#038;s=8bc1880b11cf29400d6315295fafa238 375w, https:\/\/www.abf.se\/jamtland-harjedalen\/resized\/?url=https%3A%2F%2Fwww.abf.se%2Fwp-content%2Fuploads%2F2025%2F06%2FABFskylt.png&#038;fit=crop&#038;w=447&#038;h=540&#038;s=e2ba3b9b06490674a9b02d3a8ec85b97 447w, https:\/\/www.abf.se\/jamtland-harjedalen\/resized\/?url=https%3A%2F%2Fwww.abf.se%2Fwp-content%2Fuploads%2F2025%2F06%2FABFskylt.png&#038;fit=crop&#038;w=519&#038;h=540&#038;s=489567c6903610d83e77cd59ab73d3ef 519w, https:\/\/www.abf.se\/jamtland-harjedalen\/resized\/?url=https%3A%2F%2Fwww.abf.se%2Fwp-content%2Fuploads%2F2025%2F06%2FABFskylt.png&#038;fit=crop&#038;w=591&#038;h=540&#038;s=4ac6acbb2d09708803cf98df34d52aac 591w, https:\/\/www.abf.se\/jamtland-harjedalen\/resized\/?url=https%3A%2F%2Fwww.abf.se%2Fwp-content%2Fuploads%2F2025%2F06%2FABFskylt.png&#038;fit=crop&#038;w=663&#038;h=540&#038;s=9f61acfd094aaf467276c77487dc7887 663w, https:\/\/www.abf.se\/jamtland-harjedalen\/resized\/?url=https%3A%2F%2Fwww.abf.se%2Fwp-content%2Fuploads%2F2025%2F06%2FABFskylt.png&#038;fit=crop&#038;w=750&#038;h=540&#038;s=da8e197c181e3fd09faa3789fc29894f 750w, https:\/\/www.abf.se\/jamtland-harjedalen\/resized\/?url=https%3A%2F%2Fwww.abf.se%2Fwp-content%2Fuploads%2F2025%2F06%2FABFskylt.png&#038;fit=crop&#038;w=894&#038;h=540&#038;s=424d2171cf18111709856bac85e67f90 894w, https:\/\/www.abf.se\/jamtland-harjedalen\/resized\/?url=https%3A%2F%2Fwww.abf.se%2Fwp-content%2Fuploads%2F2025%2F06%2FABFskylt.png&#038;fit=crop&#038;w=1038&#038;h=540&#038;s=2ddce37bbb9d7820c1d99b832d5c49c3 1038w, https:\/\/www.abf.se\/jamtland-harjedalen\/resized\/?url=https%3A%2F%2Fwww.abf.se%2Fwp-content%2Fuploads%2F2025%2F06%2FABFskylt.png&#038;fit=crop&#038;w=1182&#038;h=540&#038;s=e44255a74ddee957ca4766cb05b90b71 1182w, https:\/\/www.abf.se\/jamtland-harjedalen\/resized\/?url=https%3A%2F%2Fwww.abf.se%2Fwp-content%2Fuploads%2F2025%2F06%2FABFskylt.png&#038;fit=crop&#038;w=1326&#038;h=540&#038;s=35e1fabf0e9c25cc6399eb01964ed5dc 1326w, https:\/\/www.abf.se\/jamtland-harjedalen\/resized\/?url=https%3A%2F%2Fwww.abf.se%2Fwp-content%2Fuploads%2F2025%2F06%2FABFskylt.png&#038;fit=crop&#038;w=1440&#038;h=540&#038;s=851571b380fc54be9e5099078b172dbc 1440w\" alt=\"\" height=\"540\" width=\"1440\" sizes=\"(max-width: 1440px) calc(100vw - 32px), 1440px\" loading=\"eager\" fetchpriority=\"high\" aria-hidden=\"true\" role=\"presentation\" \/><\/picture>\n        \n\n            <\/div>\n\n    <\/div>\n\n<div\n    class=\"acf-article-text-block article-container my-12\"\n    data-block=\"article-text-block\"\n>\n    <div class=\"wysiwyg\">\n        <h3>Folkbildning handlar om att skapa m\u00f6jligheter, f\u00f6r l\u00e4rande, delaktighet och gemenskap. Det \u00e4r d\u00e4r r\u00f6ster h\u00f6rs, id\u00e9er f\u00f6ds och framtid formas. N\u00e4r dessa rum f\u00f6rsvinner, tystnar n\u00e5got st\u00f6rre.<\/h3>\n\n    <\/div>\n<\/div>\n<div\n    class=\"acf-article-cta-link-block article-container my-8\"\n    data-block=\"article-cta-link-block\"\n>\n<div>\n    <a class=\"inline-flex flex-row items-center gap-4 text-link underline text-red-dark\"\n        href=\"\"\n            >\n        <span class=\"\">\n        \n        <\/span>\n        <figure aria-hidden=\"true\" class=\"rounded-full bg-red-dark w-8 h-8 p-1 text-white\">\n            <svg width=\"20\" height=\"20\" viewBox=\"0 0 20 20\" fill=\"none\" class=\"SvgIconElement\">\n<path d=\"M4.16659 10L15.8333 10\" stroke=\"currentColor\"\/>\n<path d=\"M9.99992 4.1665L15.8333 9.99984L9.99992 15.8332\" stroke=\"currentColor\"\/>\n<\/svg>\n        <\/figure>\n    <\/a>\n<\/div>\n<\/div>\n<div\n        class=\"acf-article-video-block article-container-lg my-12 external-video\"\n        data-block=\"article-video-block\"\n    >\n                \n                    <iframe loading=\"lazy\" title=\"ABF Utan folkbildning tystnar Sverige 4K\" width=\"500\" height=\"281\" src=\"https:\/\/www.youtube.com\/embed\/V_8rbaU-wFg?feature=oembed\" frameborder=\"0\" allow=\"accelerometer; autoplay; clipboard-write; encrypted-media; gyroscope; picture-in-picture; web-share\" referrerpolicy=\"strict-origin-when-cross-origin\" allowfullscreen><\/iframe>\n                            <\/div>\n<div\n    class=\"acf-text-image-block container bg-gray-light py-12 md:py-15\"\n    data-block=\"text-image-block\"\n>\n    <div\n    class=\"flex flex-col items-center md:flex-row gap-8 md:gap-0 justify-between\">\n                        <div class=\"w-full md:w-1\/2 md:order-1\">\n            <picture><img decoding=\"async\" src=\"https:\/\/www.abf.se\/jamtland-harjedalen\/resized\/?url=https%3A%2F%2Fwww.abf.se%2Fwp-content%2Fuploads%2F2025%2F06%2FABF_bildbank-163.jpg&#038;fit=crop&#038;w=578&#038;s=c0ece4945ec9adb3dc464b76cdf60d0d\" srcset=\"https:\/\/www.abf.se\/jamtland-harjedalen\/resized\/?url=https%3A%2F%2Fwww.abf.se%2Fwp-content%2Fuploads%2F2025%2F06%2FABF_bildbank-163.jpg&#038;fit=crop&#038;w=144&#038;h=126&#038;s=6038ade1e70b0fb0e04bf4736f9d2ac6 144w, https:\/\/www.abf.se\/jamtland-harjedalen\/resized\/?url=https%3A%2F%2Fwww.abf.se%2Fwp-content%2Fuploads%2F2025%2F06%2FABF_bildbank-163.jpg&#038;fit=crop&#038;w=240&#038;h=211&#038;s=b93f6365cd4b75ef8c96fb1a0280edb4 240w, https:\/\/www.abf.se\/jamtland-harjedalen\/resized\/?url=https%3A%2F%2Fwww.abf.se%2Fwp-content%2Fuploads%2F2025%2F06%2FABF_bildbank-163.jpg&#038;fit=crop&#038;w=288&#038;h=253&#038;s=ac18858e46047cdc0e074826f7c03613 288w, https:\/\/www.abf.se\/jamtland-harjedalen\/resized\/?url=https%3A%2F%2Fwww.abf.se%2Fwp-content%2Fuploads%2F2025%2F06%2FABF_bildbank-163.jpg&#038;fit=crop&#038;w=336&#038;h=295&#038;s=afa4823dee8d17da49b95ae23e67b0dd 336w, https:\/\/www.abf.se\/jamtland-harjedalen\/resized\/?url=https%3A%2F%2Fwww.abf.se%2Fwp-content%2Fuploads%2F2025%2F06%2FABF_bildbank-163.jpg&#038;fit=crop&#038;w=432&#038;h=380&#038;s=35fed7fd38bc48d5f3e81a056e66b2ed 432w, https:\/\/www.abf.se\/jamtland-harjedalen\/resized\/?url=https%3A%2F%2Fwww.abf.se%2Fwp-content%2Fuploads%2F2025%2F06%2FABF_bildbank-163.jpg&#038;fit=crop&#038;w=480&#038;h=422&#038;s=231d56ce85aad4d0f5c9bbc470fd5f12 480w, https:\/\/www.abf.se\/jamtland-harjedalen\/resized\/?url=https%3A%2F%2Fwww.abf.se%2Fwp-content%2Fuploads%2F2025%2F06%2FABF_bildbank-163.jpg&#038;fit=crop&#038;w=528&#038;h=464&#038;s=99a86b0168fa0b85a52dd5838ce66247 528w, https:\/\/www.abf.se\/jamtland-harjedalen\/resized\/?url=https%3A%2F%2Fwww.abf.se%2Fwp-content%2Fuploads%2F2025%2F06%2FABF_bildbank-163.jpg&#038;fit=crop&#038;w=578&#038;h=509&#038;s=abbd88d5e5bc845debf6b036ccb2c587 578w, https:\/\/www.abf.se\/jamtland-harjedalen\/resized\/?url=https%3A%2F%2Fwww.abf.se%2Fwp-content%2Fuploads%2F2025%2F06%2FABF_bildbank-163.jpg&#038;fit=crop&#038;w=672&#038;h=591&#038;s=2fca8fc1b5067869593ba432bf60efec 672w, https:\/\/www.abf.se\/jamtland-harjedalen\/resized\/?url=https%3A%2F%2Fwww.abf.se%2Fwp-content%2Fuploads%2F2025%2F06%2FABF_bildbank-163.jpg&#038;fit=crop&#038;w=864&#038;h=760&#038;s=a936258f37d5dc63896442f77ba6dfab 864w, https:\/\/www.abf.se\/jamtland-harjedalen\/resized\/?url=https%3A%2F%2Fwww.abf.se%2Fwp-content%2Fuploads%2F2025%2F06%2FABF_bildbank-163.jpg&#038;fit=crop&#038;w=1056&#038;h=929&#038;s=120d798a5c90443c8cb8b471474324be 1056w\" alt=\"Tv&aring; unga personer i en r&ouml;d soffa. En sitter i soffan, med en basgitarr, en sitter p&aring; soffkarmen, med en elgitarr. P&aring; v&auml;ggen bakom dem sitter en ABF-affisch med ett tecknat motiv p&aring; en ung kvinna och orden live, podcast, music.\" height=\"509\" width=\"578\" sizes=\"auto, (max-width: 768px) 100vw,\n                (max-width: 1280px) 50vw, 578px\" loading=\"lazy\" fetchpriority=\"low\" \/><\/picture>\n\n        <\/div>\n        \n        <div class=\"w-full md:w-1\/2 md:order-2\">\n        <div class=\"mx-auto md:max-w-[368px]\">\n            <h2 class=\"heading-lg\">D\u00e4r id\u00e9er f\u00e5r ta plats<\/h2>\n            <div class=\"mb-6 mt-4 wysiwyg\">\n                <p>Folkbildning \u00e4r platsen d\u00e4r ber\u00e4ttelser, erfarenheter och nya perspektiv f\u00e5r utrymme. Det \u00e4r d\u00e4r m\u00e4nniskor m\u00f6ts f\u00f6r att skapa, samtala och l\u00e4ra, p\u00e5 sina egna villkor. N\u00e4r dessa rum f\u00f6rsvinner, f\u00f6rlorar vi mer \u00e4n bara aktiviteter. Vi f\u00f6rlorar r\u00f6ster, m\u00f6jligheter och framtidstro.<\/p>\n\n            <\/div>\n                                            <a href='https:\/\/www.abf.se\/utan-folkbildning-tystnar-sverige\/utan-folkbildning-tystnar-sverige-kampanjsamlingssida\/' class=\"default-button\" target=\"\">Vill du g\u00f6ra skillnad?<\/a>\n                    <\/div>\n        <\/div>\n    <\/div>\n<\/div><div\n    class=\"acf-text-image-block container my-12 md:my-15\"\n    data-block=\"text-image-block\"\n>\n    <div\n    class=\"flex flex-col items-center md:flex-row gap-8 md:gap-0 justify-between\">\n                        <div class=\"w-full md:w-1\/2 md:order-2\">\n            <picture><img decoding=\"async\" src=\"https:\/\/www.abf.se\/jamtland-harjedalen\/resized\/?url=https%3A%2F%2Fwww.abf.se%2Fwp-content%2Fuploads%2F2025%2F06%2FABF_bildbank-205-scaled.jpg&#038;fit=crop&#038;w=578&#038;s=ee95ba043a3254d8cd411f063ef6aa53\" srcset=\"https:\/\/www.abf.se\/jamtland-harjedalen\/resized\/?url=https%3A%2F%2Fwww.abf.se%2Fwp-content%2Fuploads%2F2025%2F06%2FABF_bildbank-205-scaled.jpg&#038;fit=crop&#038;w=144&#038;h=126&#038;s=895c5c5327bceedaacb4a804efb09add 144w, https:\/\/www.abf.se\/jamtland-harjedalen\/resized\/?url=https%3A%2F%2Fwww.abf.se%2Fwp-content%2Fuploads%2F2025%2F06%2FABF_bildbank-205-scaled.jpg&#038;fit=crop&#038;w=240&#038;h=211&#038;s=637575af0d8b4b38e99b78b50f87bf91 240w, https:\/\/www.abf.se\/jamtland-harjedalen\/resized\/?url=https%3A%2F%2Fwww.abf.se%2Fwp-content%2Fuploads%2F2025%2F06%2FABF_bildbank-205-scaled.jpg&#038;fit=crop&#038;w=288&#038;h=253&#038;s=9bd380b3839f57cc287eed2cdc9ad789 288w, https:\/\/www.abf.se\/jamtland-harjedalen\/resized\/?url=https%3A%2F%2Fwww.abf.se%2Fwp-content%2Fuploads%2F2025%2F06%2FABF_bildbank-205-scaled.jpg&#038;fit=crop&#038;w=336&#038;h=295&#038;s=e1ad231d8d22053540abbb11e35032bc 336w, https:\/\/www.abf.se\/jamtland-harjedalen\/resized\/?url=https%3A%2F%2Fwww.abf.se%2Fwp-content%2Fuploads%2F2025%2F06%2FABF_bildbank-205-scaled.jpg&#038;fit=crop&#038;w=432&#038;h=380&#038;s=02ec73105fa5873746f342368e699853 432w, https:\/\/www.abf.se\/jamtland-harjedalen\/resized\/?url=https%3A%2F%2Fwww.abf.se%2Fwp-content%2Fuploads%2F2025%2F06%2FABF_bildbank-205-scaled.jpg&#038;fit=crop&#038;w=480&#038;h=422&#038;s=f5293d5e245dff3a5acfd210198e3441 480w, https:\/\/www.abf.se\/jamtland-harjedalen\/resized\/?url=https%3A%2F%2Fwww.abf.se%2Fwp-content%2Fuploads%2F2025%2F06%2FABF_bildbank-205-scaled.jpg&#038;fit=crop&#038;w=528&#038;h=464&#038;s=f1294c448f8b6e2717eb508bfb3e4753 528w, https:\/\/www.abf.se\/jamtland-harjedalen\/resized\/?url=https%3A%2F%2Fwww.abf.se%2Fwp-content%2Fuploads%2F2025%2F06%2FABF_bildbank-205-scaled.jpg&#038;fit=crop&#038;w=578&#038;h=509&#038;s=bd203cd3f7ca21f736c5ef24d7321c95 578w, https:\/\/www.abf.se\/jamtland-harjedalen\/resized\/?url=https%3A%2F%2Fwww.abf.se%2Fwp-content%2Fuploads%2F2025%2F06%2FABF_bildbank-205-scaled.jpg&#038;fit=crop&#038;w=672&#038;h=591&#038;s=e1d1b654620473f6e8aa9d1741557b54 672w, https:\/\/www.abf.se\/jamtland-harjedalen\/resized\/?url=https%3A%2F%2Fwww.abf.se%2Fwp-content%2Fuploads%2F2025%2F06%2FABF_bildbank-205-scaled.jpg&#038;fit=crop&#038;w=864&#038;h=760&#038;s=416ee9e361d8ec95227eb70d3b330ced 864w, https:\/\/www.abf.se\/jamtland-harjedalen\/resized\/?url=https%3A%2F%2Fwww.abf.se%2Fwp-content%2Fuploads%2F2025%2F06%2FABF_bildbank-205-scaled.jpg&#038;fit=crop&#038;w=1056&#038;h=929&#038;s=d4aefabcf213398e2f1ef850d8d67829 1056w\" alt=\"Glad kvinna med f&ouml;rkl&auml;de kramar en klump med lera vid en drejskiva.\" height=\"509\" width=\"578\" sizes=\"auto, (max-width: 768px) 100vw,\n                (max-width: 1280px) 50vw, 578px\" loading=\"lazy\" fetchpriority=\"low\" \/><\/picture>\n\n        <\/div>\n        \n        <div class=\"w-full md:w-1\/2 md:order-1\">\n        <div class=\"mx-auto md:max-w-[368px]\">\n            <h2 class=\"heading-lg\">En kraft som b\u00e4r samh\u00e4llet<\/h2>\n            <div class=\"mb-6 mt-4 wysiwyg\">\n                <p>Folkbildning \u00e4r en samh\u00e4llskraft som st\u00e4rker demokratin, minskar klyftor och bygger gemenskap. Den finns i hela landet, fr\u00e5n spr\u00e5kcaf\u00e9er till replokaler \u2013 och riktar sig till alla, oavsett bakgrund. N\u00e4r den tystnar, p\u00e5verkas hela samh\u00e4llet.<\/p>\n\n            <\/div>\n                                            <a href='https:\/\/www.abf.se\/utan-folkbildning-tystnar-sverige\/utan-folkbildning-tystnar-sverige-kampanjsamlingssida\/' class=\"default-button\" target=\"\">H\u00e5ller du med? Var med och bidra!<\/a>\n                    <\/div>\n        <\/div>\n    <\/div>\n<\/div>","protected":false},"excerpt":{"rendered":"","protected":false},"author":34,"featured_media":0,"parent":0,"menu_order":0,"comment_status":"closed","ping_status":"closed","template":"","meta":{"_acf_changed":false,"footnotes":""},"class_list":["post-1033","page","type-page","status-publish","hentry"],"acf":[],"yoast_head":"<!-- This site is optimized with the Yoast SEO plugin v27.0 - https:\/\/yoast.com\/product\/yoast-seo-wordpress\/ -->\n<title>Utan folkbildning tystnar Sverige - J\u00e4mtland H\u00e4rjedalen<\/title>\n<meta name=\"description\" content=\"Folkbildning handlar om att skapa m\u00f6jligheter, f\u00f6r l\u00e4rande, delaktighet och gemenskap. Det \u00e4r d\u00e4r r\u00f6ster h\u00f6rs, id\u00e9er f\u00f6ds och framtid formas.\" \/>\n<meta name=\"robots\" content=\"index, follow, max-snippet:-1, max-image-preview:large, max-video-preview:-1\" \/>\n<link rel=\"canonical\" href=\"https:\/\/www.abf.se\/jamtland-harjedalen\/utan-folkbildning-tystnar-sverige\/\" \/>\n<meta property=\"og:locale\" content=\"sv_SE\" \/>\n<meta property=\"og:type\" content=\"article\" \/>\n<meta property=\"og:title\" content=\"Utan folkbildning tystnar Sverige - J\u00e4mtland H\u00e4rjedalen\" \/>\n<meta property=\"og:description\" content=\"Folkbildning handlar om att skapa m\u00f6jligheter, f\u00f6r l\u00e4rande, delaktighet och gemenskap. Det \u00e4r d\u00e4r r\u00f6ster h\u00f6rs, id\u00e9er f\u00f6ds och framtid formas.\" \/>\n<meta property=\"og:url\" content=\"https:\/\/www.abf.se\/jamtland-harjedalen\/utan-folkbildning-tystnar-sverige\/\" \/>\n<meta property=\"og:site_name\" content=\"J\u00e4mtland H\u00e4rjedalen\" \/>\n<meta property=\"og:image\" content=\"https:\/\/www.abf.se\/wp-content\/uploads\/sites\/30\/2024\/04\/Nyckeln-liggande-scaled.jpg\" \/>\n\t<meta property=\"og:image:width\" content=\"2560\" \/>\n\t<meta property=\"og:image:height\" content=\"1440\" \/>\n\t<meta property=\"og:image:type\" content=\"image\/jpeg\" \/>\n<meta name=\"twitter:card\" content=\"summary_large_image\" \/>\n<script type=\"application\/ld+json\" class=\"yoast-schema-graph\">{\"@context\":\"https:\/\/schema.org\",\"@graph\":[{\"@type\":\"WebPage\",\"@id\":\"https:\/\/www.abf.se\/jamtland-harjedalen\/utan-folkbildning-tystnar-sverige\/\",\"url\":\"https:\/\/www.abf.se\/jamtland-harjedalen\/utan-folkbildning-tystnar-sverige\/\",\"name\":\"Utan folkbildning tystnar Sverige - J\u00e4mtland H\u00e4rjedalen\",\"isPartOf\":{\"@id\":\"https:\/\/www.abf.se\/jamtland-harjedalen\/#website\"},\"datePublished\":\"2025-06-11T16:41:27+00:00\",\"description\":\"Folkbildning handlar om att skapa m\u00f6jligheter, f\u00f6r l\u00e4rande, delaktighet och gemenskap. Det \u00e4r d\u00e4r r\u00f6ster h\u00f6rs, id\u00e9er f\u00f6ds och framtid formas.\",\"breadcrumb\":{\"@id\":\"https:\/\/www.abf.se\/jamtland-harjedalen\/utan-folkbildning-tystnar-sverige\/#breadcrumb\"},\"inLanguage\":\"sv-SE\",\"potentialAction\":[{\"@type\":\"ReadAction\",\"target\":[\"https:\/\/www.abf.se\/jamtland-harjedalen\/utan-folkbildning-tystnar-sverige\/\"]}]},{\"@type\":\"BreadcrumbList\",\"@id\":\"https:\/\/www.abf.se\/jamtland-harjedalen\/utan-folkbildning-tystnar-sverige\/#breadcrumb\",\"itemListElement\":[{\"@type\":\"ListItem\",\"position\":1,\"name\":\"Home\",\"item\":\"https:\/\/www.abf.se\/jamtland-harjedalen\/\"},{\"@type\":\"ListItem\",\"position\":2,\"name\":\"Utan folkbildning tystnar Sverige\"}]},{\"@type\":\"WebSite\",\"@id\":\"https:\/\/www.abf.se\/jamtland-harjedalen\/#website\",\"url\":\"https:\/\/www.abf.se\/jamtland-harjedalen\/\",\"name\":\"J\u00e4mtland H\u00e4rjedalen\",\"description\":\"\",\"potentialAction\":[{\"@type\":\"SearchAction\",\"target\":{\"@type\":\"EntryPoint\",\"urlTemplate\":\"https:\/\/www.abf.se\/jamtland-harjedalen\/?s={search_term_string}\"},\"query-input\":{\"@type\":\"PropertyValueSpecification\",\"valueRequired\":true,\"valueName\":\"search_term_string\"}}],\"inLanguage\":\"sv-SE\"}]}<\/script>\n<!-- \/ Yoast SEO plugin. -->","yoast_head_json":{"title":"Utan folkbildning tystnar Sverige - J\u00e4mtland H\u00e4rjedalen","description":"Folkbildning handlar om att skapa m\u00f6jligheter, f\u00f6r l\u00e4rande, delaktighet och gemenskap. Det \u00e4r d\u00e4r r\u00f6ster h\u00f6rs, id\u00e9er f\u00f6ds och framtid formas.","robots":{"index":"index","follow":"follow","max-snippet":"max-snippet:-1","max-image-preview":"max-image-preview:large","max-video-preview":"max-video-preview:-1"},"canonical":"https:\/\/www.abf.se\/jamtland-harjedalen\/utan-folkbildning-tystnar-sverige\/","og_locale":"sv_SE","og_type":"article","og_title":"Utan folkbildning tystnar Sverige - J\u00e4mtland H\u00e4rjedalen","og_description":"Folkbildning handlar om att skapa m\u00f6jligheter, f\u00f6r l\u00e4rande, delaktighet och gemenskap. Det \u00e4r d\u00e4r r\u00f6ster h\u00f6rs, id\u00e9er f\u00f6ds och framtid formas.","og_url":"https:\/\/www.abf.se\/jamtland-harjedalen\/utan-folkbildning-tystnar-sverige\/","og_site_name":"J\u00e4mtland H\u00e4rjedalen","og_image":[{"width":2560,"height":1440,"url":"https:\/\/www.abf.se\/wp-content\/uploads\/sites\/30\/2024\/04\/Nyckeln-liggande-scaled.jpg","type":"image\/jpeg"}],"twitter_card":"summary_large_image","schema":{"@context":"https:\/\/schema.org","@graph":[{"@type":"WebPage","@id":"https:\/\/www.abf.se\/jamtland-harjedalen\/utan-folkbildning-tystnar-sverige\/","url":"https:\/\/www.abf.se\/jamtland-harjedalen\/utan-folkbildning-tystnar-sverige\/","name":"Utan folkbildning tystnar Sverige - J\u00e4mtland H\u00e4rjedalen","isPartOf":{"@id":"https:\/\/www.abf.se\/jamtland-harjedalen\/#website"},"datePublished":"2025-06-11T16:41:27+00:00","description":"Folkbildning handlar om att skapa m\u00f6jligheter, f\u00f6r l\u00e4rande, delaktighet och gemenskap. Det \u00e4r d\u00e4r r\u00f6ster h\u00f6rs, id\u00e9er f\u00f6ds och framtid formas.","breadcrumb":{"@id":"https:\/\/www.abf.se\/jamtland-harjedalen\/utan-folkbildning-tystnar-sverige\/#breadcrumb"},"inLanguage":"sv-SE","potentialAction":[{"@type":"ReadAction","target":["https:\/\/www.abf.se\/jamtland-harjedalen\/utan-folkbildning-tystnar-sverige\/"]}]},{"@type":"BreadcrumbList","@id":"https:\/\/www.abf.se\/jamtland-harjedalen\/utan-folkbildning-tystnar-sverige\/#breadcrumb","itemListElement":[{"@type":"ListItem","position":1,"name":"Home","item":"https:\/\/www.abf.se\/jamtland-harjedalen\/"},{"@type":"ListItem","position":2,"name":"Utan folkbildning tystnar Sverige"}]},{"@type":"WebSite","@id":"https:\/\/www.abf.se\/jamtland-harjedalen\/#website","url":"https:\/\/www.abf.se\/jamtland-harjedalen\/","name":"J\u00e4mtland H\u00e4rjedalen","description":"","potentialAction":[{"@type":"SearchAction","target":{"@type":"EntryPoint","urlTemplate":"https:\/\/www.abf.se\/jamtland-harjedalen\/?s={search_term_string}"},"query-input":{"@type":"PropertyValueSpecification","valueRequired":true,"valueName":"search_term_string"}}],"inLanguage":"sv-SE"}]}},"_links":{"self":[{"href":"https:\/\/www.abf.se\/jamtland-harjedalen\/wp-json\/wp\/v2\/pages\/1033","targetHints":{"allow":["GET"]}}],"collection":[{"href":"https:\/\/www.abf.se\/jamtland-harjedalen\/wp-json\/wp\/v2\/pages"}],"about":[{"href":"https:\/\/www.abf.se\/jamtland-harjedalen\/wp-json\/wp\/v2\/types\/page"}],"author":[{"embeddable":true,"href":"https:\/\/www.abf.se\/jamtland-harjedalen\/wp-json\/wp\/v2\/users\/34"}],"replies":[{"embeddable":true,"href":"https:\/\/www.abf.se\/jamtland-harjedalen\/wp-json\/wp\/v2\/comments?post=1033"}],"version-history":[{"count":17,"href":"https:\/\/www.abf.se\/jamtland-harjedalen\/wp-json\/wp\/v2\/pages\/1033\/revisions"}],"predecessor-version":[{"id":1050,"href":"https:\/\/www.abf.se\/jamtland-harjedalen\/wp-json\/wp\/v2\/pages\/1033\/revisions\/1050"}],"wp:attachment":[{"href":"https:\/\/www.abf.se\/jamtland-harjedalen\/wp-json\/wp\/v2\/media?parent=1033"}],"curies":[{"name":"wp","href":"https:\/\/api.w.org\/{rel}","templated":true}]}}