{"id":404,"date":"2024-09-23T10:20:23","date_gmt":"2024-09-23T08:20:23","guid":{"rendered":"https:\/\/www.abf.se\/jamtland-harjedalen\/?page_id=404"},"modified":"2025-12-01T13:40:13","modified_gmt":"2025-12-01T12:40:13","slug":"jag-vill-bli-cirkelledare","status":"publish","type":"page","link":"https:\/\/www.abf.se\/jamtland-harjedalen\/bli-cirkelledare\/jag-vill-bli-cirkelledare\/","title":{"rendered":"Jag vill bli cirkelledare"},"content":{"rendered":"<div\n    class=\"acf-hero-block container-lg no-padding mb-12 js-geolocation\"\n    data-block=\"hero-block\"\n    data-index=\"0\"\n>\n    <div class=\"h-[548px]  relative rounded-[32px] overflow-hidden flex bg-gray-light\">\n        <div class=\"relative z-10 mt-auto h-auto w-full md:h-full\">\n            <div class=\"flex w-full h-full flex-col flex-wrap justify-end w-full md:w-7\/12 lg:w-1\/2 md:justify-center\">\n                <div class=\"flex flex-col gap-3 md:gap-[18px] md:transparent pt-16 pb-36 md:py-8 px-4 w-full md:max-w-[620px] mx-auto px-8\">\n\n                    <h1 class=\"hero-heading\"><span>Jag vill bli cirkelledare<\/span><\/h1>\n\n                    \n                                    <\/div>\n            <\/div>\n        <\/div>\n\n                    <picture class=\"as-background-image mix-blend-multiply bg-black\/40\"><img decoding=\"async\" src=\"https:\/\/www.abf.se\/jamtland-harjedalen\/resized\/?url=https%3A%2F%2Fwww.abf.se%2Fwp-content%2Fuploads%2Fsites%2F30%2F2024%2F08%2Fapplen.png&#038;fit=crop&#038;w=1440&#038;s=da057276687f5bac86ecac71bfabc9a1\" srcset=\"https:\/\/www.abf.se\/jamtland-harjedalen\/resized\/?url=https%3A%2F%2Fwww.abf.se%2Fwp-content%2Fuploads%2Fsites%2F30%2F2024%2F08%2Fapplen.png&#038;fit=crop&#038;w=375&#038;h=540&#038;s=a4799d8dc3839e8b20d1498f7e53a480 375w, https:\/\/www.abf.se\/jamtland-harjedalen\/resized\/?url=https%3A%2F%2Fwww.abf.se%2Fwp-content%2Fuploads%2Fsites%2F30%2F2024%2F08%2Fapplen.png&#038;fit=crop&#038;w=447&#038;h=540&#038;s=ff59f7c2ab0f4b10a3cb45925c065436 447w, https:\/\/www.abf.se\/jamtland-harjedalen\/resized\/?url=https%3A%2F%2Fwww.abf.se%2Fwp-content%2Fuploads%2Fsites%2F30%2F2024%2F08%2Fapplen.png&#038;fit=crop&#038;w=519&#038;h=540&#038;s=6cec438cd5db39b6d9b1fef517e89dc1 519w, https:\/\/www.abf.se\/jamtland-harjedalen\/resized\/?url=https%3A%2F%2Fwww.abf.se%2Fwp-content%2Fuploads%2Fsites%2F30%2F2024%2F08%2Fapplen.png&#038;fit=crop&#038;w=591&#038;h=540&#038;s=1915c768b7b36b27b9009cf3c644f8f8 591w, https:\/\/www.abf.se\/jamtland-harjedalen\/resized\/?url=https%3A%2F%2Fwww.abf.se%2Fwp-content%2Fuploads%2Fsites%2F30%2F2024%2F08%2Fapplen.png&#038;fit=crop&#038;w=663&#038;h=540&#038;s=f2ac986f643f4acee0d55ae8a9e010a3 663w, https:\/\/www.abf.se\/jamtland-harjedalen\/resized\/?url=https%3A%2F%2Fwww.abf.se%2Fwp-content%2Fuploads%2Fsites%2F30%2F2024%2F08%2Fapplen.png&#038;fit=crop&#038;w=750&#038;h=540&#038;s=72dcbd947d7719a9fe74942118e3aec0 750w, https:\/\/www.abf.se\/jamtland-harjedalen\/resized\/?url=https%3A%2F%2Fwww.abf.se%2Fwp-content%2Fuploads%2Fsites%2F30%2F2024%2F08%2Fapplen.png&#038;fit=crop&#038;w=894&#038;h=540&#038;s=f57659a82bfa09911f1a81c33eea1499 894w, https:\/\/www.abf.se\/jamtland-harjedalen\/resized\/?url=https%3A%2F%2Fwww.abf.se%2Fwp-content%2Fuploads%2Fsites%2F30%2F2024%2F08%2Fapplen.png&#038;fit=crop&#038;w=1038&#038;h=540&#038;s=93fc6e94ef0c0ec46e3e60204d5a21d7 1038w, https:\/\/www.abf.se\/jamtland-harjedalen\/resized\/?url=https%3A%2F%2Fwww.abf.se%2Fwp-content%2Fuploads%2Fsites%2F30%2F2024%2F08%2Fapplen.png&#038;fit=crop&#038;w=1182&#038;h=540&#038;s=efe3206fda0be921c6f18d6f6d57ad37 1182w, https:\/\/www.abf.se\/jamtland-harjedalen\/resized\/?url=https%3A%2F%2Fwww.abf.se%2Fwp-content%2Fuploads%2Fsites%2F30%2F2024%2F08%2Fapplen.png&#038;fit=crop&#038;w=1326&#038;h=540&#038;s=8a7a7a4c8a161117148fa6c8fc53452b 1326w, https:\/\/www.abf.se\/jamtland-harjedalen\/resized\/?url=https%3A%2F%2Fwww.abf.se%2Fwp-content%2Fuploads%2Fsites%2F30%2F2024%2F08%2Fapplen.png&#038;fit=crop&#038;w=1440&#038;h=540&#038;s=c08d9286100fcea4620a24adf66823c1 1440w\" alt=\"\" height=\"540\" width=\"1440\" sizes=\"(max-width: 1440px) calc(100vw - 32px), 1440px\" loading=\"eager\" fetchpriority=\"high\" aria-hidden=\"true\" role=\"presentation\" \/><\/picture>\n        \n\n                    <figure class=\"absolute bottom-0  md:w-1\/2 transform right-0 translate-x-10 md:translate-x-32\">\n                <img decoding=\"async\"\n                    alt=\"\"\n                    aria-hidden=\"true\"\n                    class=\"h-auto w-full\"\n                    role=\"presentation\"\n                    src=\"\/assets\/images\/two_circles_bottom.svg\"\n                >\n            <\/figure>\n            <\/div>\n\n    <\/div>\n\n<div\n    class=\"acf-text-image-block container my-12 md:my-15\"\n    data-block=\"text-image-block\"\n>\n    <div\n    class=\"flex flex-col items-center md:flex-row gap-8 md:gap-0 justify-between\">\n                        <div class=\"w-full md:w-1\/2 md:order-2\">\n            <picture><img decoding=\"async\" src=\"https:\/\/www.abf.se\/jamtland-harjedalen\/resized\/?url=https%3A%2F%2Fwww.abf.se%2Fwp-content%2Fuploads%2Fsites%2F30%2F2024%2F09%2FABF_header_1805-6594.webp&#038;fit=crop&#038;w=578&#038;s=1105ed7cb077f3be8f522f32a0dd00ac\" srcset=\"https:\/\/www.abf.se\/jamtland-harjedalen\/resized\/?url=https%3A%2F%2Fwww.abf.se%2Fwp-content%2Fuploads%2Fsites%2F30%2F2024%2F09%2FABF_header_1805-6594.webp&#038;fit=crop&#038;w=144&#038;h=126&#038;s=894db1b0ebb9fa3b19659a7aa49e2e17 144w, https:\/\/www.abf.se\/jamtland-harjedalen\/resized\/?url=https%3A%2F%2Fwww.abf.se%2Fwp-content%2Fuploads%2Fsites%2F30%2F2024%2F09%2FABF_header_1805-6594.webp&#038;fit=crop&#038;w=240&#038;h=211&#038;s=9f29e3767c395a99624b0fd4cd7e36fd 240w, https:\/\/www.abf.se\/jamtland-harjedalen\/resized\/?url=https%3A%2F%2Fwww.abf.se%2Fwp-content%2Fuploads%2Fsites%2F30%2F2024%2F09%2FABF_header_1805-6594.webp&#038;fit=crop&#038;w=288&#038;h=253&#038;s=533009122f76c6d0bceef0bc5ae4d337 288w, https:\/\/www.abf.se\/jamtland-harjedalen\/resized\/?url=https%3A%2F%2Fwww.abf.se%2Fwp-content%2Fuploads%2Fsites%2F30%2F2024%2F09%2FABF_header_1805-6594.webp&#038;fit=crop&#038;w=336&#038;h=295&#038;s=5c980bc0bd2b9fdafabeeea0d9e74cab 336w, https:\/\/www.abf.se\/jamtland-harjedalen\/resized\/?url=https%3A%2F%2Fwww.abf.se%2Fwp-content%2Fuploads%2Fsites%2F30%2F2024%2F09%2FABF_header_1805-6594.webp&#038;fit=crop&#038;w=432&#038;h=380&#038;s=4f35c2e122aba3c014e8934e4e9a9013 432w, https:\/\/www.abf.se\/jamtland-harjedalen\/resized\/?url=https%3A%2F%2Fwww.abf.se%2Fwp-content%2Fuploads%2Fsites%2F30%2F2024%2F09%2FABF_header_1805-6594.webp&#038;fit=crop&#038;w=480&#038;h=422&#038;s=5874d9dcd2071e9e619b0b1d4a21e7e8 480w, https:\/\/www.abf.se\/jamtland-harjedalen\/resized\/?url=https%3A%2F%2Fwww.abf.se%2Fwp-content%2Fuploads%2Fsites%2F30%2F2024%2F09%2FABF_header_1805-6594.webp&#038;fit=crop&#038;w=528&#038;h=464&#038;s=d68012151971bb34c8f79e86173c55c0 528w, https:\/\/www.abf.se\/jamtland-harjedalen\/resized\/?url=https%3A%2F%2Fwww.abf.se%2Fwp-content%2Fuploads%2Fsites%2F30%2F2024%2F09%2FABF_header_1805-6594.webp&#038;fit=crop&#038;w=578&#038;h=509&#038;s=393b79e274f27bc1d52adab41c2782d0 578w, https:\/\/www.abf.se\/jamtland-harjedalen\/resized\/?url=https%3A%2F%2Fwww.abf.se%2Fwp-content%2Fuploads%2Fsites%2F30%2F2024%2F09%2FABF_header_1805-6594.webp&#038;fit=crop&#038;w=672&#038;h=591&#038;s=e90560a25040aa738d5126f1df9bfd49 672w, https:\/\/www.abf.se\/jamtland-harjedalen\/resized\/?url=https%3A%2F%2Fwww.abf.se%2Fwp-content%2Fuploads%2Fsites%2F30%2F2024%2F09%2FABF_header_1805-6594.webp&#038;fit=crop&#038;w=864&#038;h=760&#038;s=6dc7f3bbf15b608122686947c4de1a48 864w, https:\/\/www.abf.se\/jamtland-harjedalen\/resized\/?url=https%3A%2F%2Fwww.abf.se%2Fwp-content%2Fuploads%2Fsites%2F30%2F2024%2F09%2FABF_header_1805-6594.webp&#038;fit=crop&#038;w=1056&#038;h=929&#038;s=4795d994c416a44b444e3ef68fdcb688 1056w\" alt=\"\" height=\"509\" width=\"578\" sizes=\"auto, (max-width: 768px) 100vw,\n                (max-width: 1280px) 50vw, 578px\" loading=\"lazy\" fetchpriority=\"low\" \/><\/picture>\n\n        <\/div>\n        \n        <div class=\"w-full md:w-1\/2 md:order-1\">\n        <div class=\"mx-auto md:max-w-[368px]\">\n            <h2 class=\"heading-lg\">Vill du vara med och g\u00f6ra skillnad?<\/h2>\n            <div class=\"mb-6 mt-4 wysiwyg\">\n                <p>Bli en del av ABF som cirkelledare och uppt\u00e4ck de otaliga f\u00f6rdelarna med att leda en cirkel! Att vara cirkelledare hos ABF \u00e4r inte bara en m\u00f6jlighet att dela med dig av din kunskap och passion \u2013 det \u00e4r ocks\u00e5 en fantastisk chans att skapa meningsfulla m\u00f6ten och bidra till samh\u00e4llets utveckling p\u00e5 lokal niv\u00e5.<\/p>\n<p>Som cirkelledare p\u00e5 ABF f\u00e5r du uppt\u00e4ck nytt och utvecklas i ditt ledarskap och l\u00e4ra dig tillsammans med andra!<\/p>\n\n            <\/div>\n                    <\/div>\n        <\/div>\n    <\/div>\n<\/div>","protected":false},"excerpt":{"rendered":"","protected":false},"author":34,"featured_media":0,"parent":5,"menu_order":0,"comment_status":"closed","ping_status":"closed","template":"","meta":{"_acf_changed":false,"footnotes":""},"class_list":["post-404","page","type-page","status-publish","hentry"],"acf":[],"yoast_head":"<!-- This site is optimized with the Yoast SEO plugin v27.0 - https:\/\/yoast.com\/product\/yoast-seo-wordpress\/ -->\n<title>Jag vill bli cirkelledare - J\u00e4mtland H\u00e4rjedalen<\/title>\n<meta name=\"robots\" content=\"index, follow, max-snippet:-1, max-image-preview:large, max-video-preview:-1\" \/>\n<link rel=\"canonical\" href=\"https:\/\/www.abf.se\/jamtland-harjedalen\/bli-cirkelledare\/jag-vill-bli-cirkelledare\/\" \/>\n<meta property=\"og:locale\" content=\"sv_SE\" \/>\n<meta property=\"og:type\" content=\"article\" \/>\n<meta property=\"og:title\" content=\"Jag vill bli cirkelledare - J\u00e4mtland H\u00e4rjedalen\" \/>\n<meta property=\"og:url\" content=\"https:\/\/www.abf.se\/jamtland-harjedalen\/bli-cirkelledare\/jag-vill-bli-cirkelledare\/\" \/>\n<meta property=\"og:site_name\" content=\"J\u00e4mtland H\u00e4rjedalen\" \/>\n<meta property=\"article:modified_time\" content=\"2025-12-01T12:40:13+00:00\" \/>\n<meta property=\"og:image\" content=\"https:\/\/www.abf.se\/wp-content\/uploads\/sites\/30\/2024\/04\/Nyckeln-liggande-scaled.jpg\" \/>\n\t<meta property=\"og:image:width\" content=\"2560\" \/>\n\t<meta property=\"og:image:height\" content=\"1440\" \/>\n\t<meta property=\"og:image:type\" content=\"image\/jpeg\" \/>\n<meta name=\"twitter:card\" content=\"summary_large_image\" \/>\n<script type=\"application\/ld+json\" class=\"yoast-schema-graph\">{\"@context\":\"https:\/\/schema.org\",\"@graph\":[{\"@type\":\"WebPage\",\"@id\":\"https:\/\/www.abf.se\/jamtland-harjedalen\/bli-cirkelledare\/jag-vill-bli-cirkelledare\/\",\"url\":\"https:\/\/www.abf.se\/jamtland-harjedalen\/bli-cirkelledare\/jag-vill-bli-cirkelledare\/\",\"name\":\"Jag vill bli cirkelledare - J\u00e4mtland H\u00e4rjedalen\",\"isPartOf\":{\"@id\":\"https:\/\/www.abf.se\/jamtland-harjedalen\/#website\"},\"datePublished\":\"2024-09-23T08:20:23+00:00\",\"dateModified\":\"2025-12-01T12:40:13+00:00\",\"breadcrumb\":{\"@id\":\"https:\/\/www.abf.se\/jamtland-harjedalen\/bli-cirkelledare\/jag-vill-bli-cirkelledare\/#breadcrumb\"},\"inLanguage\":\"sv-SE\",\"potentialAction\":[{\"@type\":\"ReadAction\",\"target\":[\"https:\/\/www.abf.se\/jamtland-harjedalen\/bli-cirkelledare\/jag-vill-bli-cirkelledare\/\"]}]},{\"@type\":\"BreadcrumbList\",\"@id\":\"https:\/\/www.abf.se\/jamtland-harjedalen\/bli-cirkelledare\/jag-vill-bli-cirkelledare\/#breadcrumb\",\"itemListElement\":[{\"@type\":\"ListItem\",\"position\":1,\"name\":\"Home\",\"item\":\"https:\/\/www.abf.se\/jamtland-harjedalen\/\"},{\"@type\":\"ListItem\",\"position\":2,\"name\":\"Bli cirkelledare\",\"item\":\"https:\/\/www.abf.se\/jamtland-harjedalen\/?page_id=5\"},{\"@type\":\"ListItem\",\"position\":3,\"name\":\"Jag vill bli cirkelledare\"}]},{\"@type\":\"WebSite\",\"@id\":\"https:\/\/www.abf.se\/jamtland-harjedalen\/#website\",\"url\":\"https:\/\/www.abf.se\/jamtland-harjedalen\/\",\"name\":\"J\u00e4mtland H\u00e4rjedalen\",\"description\":\"\",\"potentialAction\":[{\"@type\":\"SearchAction\",\"target\":{\"@type\":\"EntryPoint\",\"urlTemplate\":\"https:\/\/www.abf.se\/jamtland-harjedalen\/?s={search_term_string}\"},\"query-input\":{\"@type\":\"PropertyValueSpecification\",\"valueRequired\":true,\"valueName\":\"search_term_string\"}}],\"inLanguage\":\"sv-SE\"}]}<\/script>\n<!-- \/ Yoast SEO plugin. -->","yoast_head_json":{"title":"Jag vill bli cirkelledare - J\u00e4mtland H\u00e4rjedalen","robots":{"index":"index","follow":"follow","max-snippet":"max-snippet:-1","max-image-preview":"max-image-preview:large","max-video-preview":"max-video-preview:-1"},"canonical":"https:\/\/www.abf.se\/jamtland-harjedalen\/bli-cirkelledare\/jag-vill-bli-cirkelledare\/","og_locale":"sv_SE","og_type":"article","og_title":"Jag vill bli cirkelledare - J\u00e4mtland H\u00e4rjedalen","og_url":"https:\/\/www.abf.se\/jamtland-harjedalen\/bli-cirkelledare\/jag-vill-bli-cirkelledare\/","og_site_name":"J\u00e4mtland H\u00e4rjedalen","article_modified_time":"2025-12-01T12:40:13+00:00","og_image":[{"width":2560,"height":1440,"url":"https:\/\/www.abf.se\/wp-content\/uploads\/sites\/30\/2024\/04\/Nyckeln-liggande-scaled.jpg","type":"image\/jpeg"}],"twitter_card":"summary_large_image","schema":{"@context":"https:\/\/schema.org","@graph":[{"@type":"WebPage","@id":"https:\/\/www.abf.se\/jamtland-harjedalen\/bli-cirkelledare\/jag-vill-bli-cirkelledare\/","url":"https:\/\/www.abf.se\/jamtland-harjedalen\/bli-cirkelledare\/jag-vill-bli-cirkelledare\/","name":"Jag vill bli cirkelledare - J\u00e4mtland H\u00e4rjedalen","isPartOf":{"@id":"https:\/\/www.abf.se\/jamtland-harjedalen\/#website"},"datePublished":"2024-09-23T08:20:23+00:00","dateModified":"2025-12-01T12:40:13+00:00","breadcrumb":{"@id":"https:\/\/www.abf.se\/jamtland-harjedalen\/bli-cirkelledare\/jag-vill-bli-cirkelledare\/#breadcrumb"},"inLanguage":"sv-SE","potentialAction":[{"@type":"ReadAction","target":["https:\/\/www.abf.se\/jamtland-harjedalen\/bli-cirkelledare\/jag-vill-bli-cirkelledare\/"]}]},{"@type":"BreadcrumbList","@id":"https:\/\/www.abf.se\/jamtland-harjedalen\/bli-cirkelledare\/jag-vill-bli-cirkelledare\/#breadcrumb","itemListElement":[{"@type":"ListItem","position":1,"name":"Home","item":"https:\/\/www.abf.se\/jamtland-harjedalen\/"},{"@type":"ListItem","position":2,"name":"Bli cirkelledare","item":"https:\/\/www.abf.se\/jamtland-harjedalen\/?page_id=5"},{"@type":"ListItem","position":3,"name":"Jag vill bli cirkelledare"}]},{"@type":"WebSite","@id":"https:\/\/www.abf.se\/jamtland-harjedalen\/#website","url":"https:\/\/www.abf.se\/jamtland-harjedalen\/","name":"J\u00e4mtland H\u00e4rjedalen","description":"","potentialAction":[{"@type":"SearchAction","target":{"@type":"EntryPoint","urlTemplate":"https:\/\/www.abf.se\/jamtland-harjedalen\/?s={search_term_string}"},"query-input":{"@type":"PropertyValueSpecification","valueRequired":true,"valueName":"search_term_string"}}],"inLanguage":"sv-SE"}]}},"_links":{"self":[{"href":"https:\/\/www.abf.se\/jamtland-harjedalen\/wp-json\/wp\/v2\/pages\/404","targetHints":{"allow":["GET"]}}],"collection":[{"href":"https:\/\/www.abf.se\/jamtland-harjedalen\/wp-json\/wp\/v2\/pages"}],"about":[{"href":"https:\/\/www.abf.se\/jamtland-harjedalen\/wp-json\/wp\/v2\/types\/page"}],"author":[{"embeddable":true,"href":"https:\/\/www.abf.se\/jamtland-harjedalen\/wp-json\/wp\/v2\/users\/34"}],"replies":[{"embeddable":true,"href":"https:\/\/www.abf.se\/jamtland-harjedalen\/wp-json\/wp\/v2\/comments?post=404"}],"version-history":[{"count":13,"href":"https:\/\/www.abf.se\/jamtland-harjedalen\/wp-json\/wp\/v2\/pages\/404\/revisions"}],"predecessor-version":[{"id":1239,"href":"https:\/\/www.abf.se\/jamtland-harjedalen\/wp-json\/wp\/v2\/pages\/404\/revisions\/1239"}],"up":[{"embeddable":true,"href":"https:\/\/www.abf.se\/jamtland-harjedalen\/wp-json\/wp\/v2\/pages\/5"}],"wp:attachment":[{"href":"https:\/\/www.abf.se\/jamtland-harjedalen\/wp-json\/wp\/v2\/media?parent=404"}],"curies":[{"name":"wp","href":"https:\/\/api.w.org\/{rel}","templated":true}]}}