{"id":745,"date":"2026-04-15T11:54:23","date_gmt":"2026-04-15T09:54:23","guid":{"rendered":"https:\/\/www.abf.se\/jonkopings-lan\/?page_id=745"},"modified":"2026-04-15T13:19:37","modified_gmt":"2026-04-15T11:19:37","slug":"om-oss","status":"publish","type":"page","link":"https:\/\/www.abf.se\/jonkopings-lan\/om-oss\/","title":{"rendered":"Om oss"},"content":{"rendered":"<div\n    class=\"acf-hero-block container-lg no-padding mb-12 js-geolocation\"\n    data-block=\"hero-block\"\n    data-index=\"0\"\n>\n    <div class=\"h-[548px]  relative rounded-[32px] overflow-hidden flex bg-gray-light\">\n        <div class=\"relative z-10 mt-auto h-auto w-full md:h-full\">\n            <div class=\"flex w-full h-full flex-col flex-wrap justify-end w-full md:w-7\/12 lg:w-1\/2 md:justify-center\">\n                <div class=\"flex flex-col gap-3 md:gap-[18px] md:transparent pt-16 pb-36 md:py-8 px-4 w-full md:max-w-[620px] mx-auto px-8\">\n\n                    <h1 class=\"hero-heading hero-heading--red-text\"><span>Om oss<\/span><\/h1>\n\n                                            <p class=\"mt-4 max-w-[48ch] text-white\">\n                            Arbetarnas bildningsf\u00f6rbund (ABF) \u00e4r Sveriges ledande studief\u00f6rbund.<br \/>\r\nAvdelningen ABF Sm\u00e5lands Inland bedriver kultur- och folkbildningsverksamhet i Aneby, Eksj\u00f6, Gislaved, Gnosj\u00f6, Habo, J\u00f6nk\u00f6ping, Lessebo, Ljungby, Markaryd, Mullsj\u00f6, N\u00e4ssj\u00f6, S\u00e4vsj\u00f6, Tran\u00e5s, Vaggeryd, Vetlanda, V\u00e4rnamo och \u00c4lmhult. \n                        <\/p>\n                    \n                                    <\/div>\n            <\/div>\n        <\/div>\n\n                    <picture class=\"as-background-image mix-blend-multiply bg-black\/40\"><img decoding=\"async\" src=\"https:\/\/www.abf.se\/jonkopings-lan\/resized\/?url=https%3A%2F%2Fwww.abf.se%2Fwp-content%2Fuploads%2F2025%2F03%2FCollage4.jpg&#038;fit=crop&#038;w=1440&#038;s=3f1ea3f232be8b7eee7505b88ea1868b\" srcset=\"https:\/\/www.abf.se\/jonkopings-lan\/resized\/?url=https%3A%2F%2Fwww.abf.se%2Fwp-content%2Fuploads%2F2025%2F03%2FCollage4.jpg&#038;fit=crop&#038;w=375&#038;h=540&#038;s=a40318713003c4929d0cc0bdc013c6e2 375w, https:\/\/www.abf.se\/jonkopings-lan\/resized\/?url=https%3A%2F%2Fwww.abf.se%2Fwp-content%2Fuploads%2F2025%2F03%2FCollage4.jpg&#038;fit=crop&#038;w=447&#038;h=540&#038;s=2ce2ca34149576d19c0e38f3d1774b3c 447w, https:\/\/www.abf.se\/jonkopings-lan\/resized\/?url=https%3A%2F%2Fwww.abf.se%2Fwp-content%2Fuploads%2F2025%2F03%2FCollage4.jpg&#038;fit=crop&#038;w=519&#038;h=540&#038;s=595988b3031366e24436e2da99687804 519w, https:\/\/www.abf.se\/jonkopings-lan\/resized\/?url=https%3A%2F%2Fwww.abf.se%2Fwp-content%2Fuploads%2F2025%2F03%2FCollage4.jpg&#038;fit=crop&#038;w=591&#038;h=540&#038;s=d4dab982d75902248b884ee402a63213 591w, https:\/\/www.abf.se\/jonkopings-lan\/resized\/?url=https%3A%2F%2Fwww.abf.se%2Fwp-content%2Fuploads%2F2025%2F03%2FCollage4.jpg&#038;fit=crop&#038;w=663&#038;h=540&#038;s=6d7e32de5275de2f8096aa0b326ed3be 663w, https:\/\/www.abf.se\/jonkopings-lan\/resized\/?url=https%3A%2F%2Fwww.abf.se%2Fwp-content%2Fuploads%2F2025%2F03%2FCollage4.jpg&#038;fit=crop&#038;w=750&#038;h=540&#038;s=91725086c288d72d272efd2b5044566d 750w, https:\/\/www.abf.se\/jonkopings-lan\/resized\/?url=https%3A%2F%2Fwww.abf.se%2Fwp-content%2Fuploads%2F2025%2F03%2FCollage4.jpg&#038;fit=crop&#038;w=894&#038;h=540&#038;s=83ece694d72b2e0392a3345d0fcf9b38 894w, https:\/\/www.abf.se\/jonkopings-lan\/resized\/?url=https%3A%2F%2Fwww.abf.se%2Fwp-content%2Fuploads%2F2025%2F03%2FCollage4.jpg&#038;fit=crop&#038;w=1038&#038;h=540&#038;s=05926b97ff70ba8ce62c226ecce3fbe7 1038w, https:\/\/www.abf.se\/jonkopings-lan\/resized\/?url=https%3A%2F%2Fwww.abf.se%2Fwp-content%2Fuploads%2F2025%2F03%2FCollage4.jpg&#038;fit=crop&#038;w=1182&#038;h=540&#038;s=bcefe0e23f2216c31f33da13b6629c1d 1182w, https:\/\/www.abf.se\/jonkopings-lan\/resized\/?url=https%3A%2F%2Fwww.abf.se%2Fwp-content%2Fuploads%2F2025%2F03%2FCollage4.jpg&#038;fit=crop&#038;w=1326&#038;h=540&#038;s=97d9606a3b57e1b2d94cddef621671c8 1326w, https:\/\/www.abf.se\/jonkopings-lan\/resized\/?url=https%3A%2F%2Fwww.abf.se%2Fwp-content%2Fuploads%2F2025%2F03%2FCollage4.jpg&#038;fit=crop&#038;w=1440&#038;h=540&#038;s=704540b3ba9a47783485f567a9c3a24f 1440w\" alt=\"\" height=\"540\" width=\"1440\" sizes=\"(max-width: 1440px) calc(100vw - 32px), 1440px\" loading=\"eager\" fetchpriority=\"high\" aria-hidden=\"true\" role=\"presentation\" \/><\/picture>\n        \n\n                    <figure class=\"absolute bottom-0  md:w-1\/2 transform right-0 translate-x-10 md:translate-x-32\">\n                <img decoding=\"async\"\n                    alt=\"\"\n                    aria-hidden=\"true\"\n                    class=\"h-auto w-full\"\n                    role=\"presentation\"\n                    src=\"\/assets\/images\/two_circles_bottom.svg\"\n                >\n            <\/figure>\n            <\/div>\n\n    <\/div>\n\n<div\n    class=\"acf-plain-heading-block container my-16\"\n    data-block=\"plain-heading-block\"\n>\n    <div class=\"max-w-[658px] mx-auto\">\n                <h1 class=\"hero-heading\"><span>Det h\u00e4r \u00e4r ABF<\/span><\/h1>\n                            <p class=\"mt-8 body-xl text-black\">\n                Arbetarnas Bildningsf\u00f6rbund (ABF) \u00e4r Sveriges st\u00f6rsta studief\u00f6rbund som erbjuder studiecirklar, kurser, f\u00f6rel\u00e4sningar och kulturarrangemang i Sveriges alla kommuner.\n            <\/p>\n            <\/div>\n<\/div>\n<div\n    class=\"acf-article-text-block article-container my-12\"\n    data-block=\"article-text-block\"\n>\n    <div class=\"wysiwyg\">\n        <p>Hos ABF m\u00f6ts m\u00e5ngfald och m\u00f6jligheter. Vi skapar m\u00f6tesplatser b\u00e5de i det fysiska och digitala rummet, d\u00e4r vi tillsammans utforskar l\u00e4rande, kultur och demokrati. Med en stark lokal n\u00e4rvaro och ett \u00f6ppet digitalt landskap str\u00e4cker vi oss ut till alla h\u00f6rn av landet i en str\u00e4van att inte l\u00e4mna n\u00e5gon utanf\u00f6r. ABF utg\u00f6r ofta motorn i det lokala f\u00f6reningslivet och samverkar med nya r\u00f6relser och n\u00e5r nya deltagare.<\/p>\n<p>V\u00e5rt arbete har sina r\u00f6tter i arbetarr\u00f6relsens v\u00e4rderingar om j\u00e4mlikhet och solidaritet, f\u00f6r att bidra till ett samh\u00e4lle d\u00e4r varje individ kan v\u00e4xa och bidra. Tillsammans skapar vi en inkluderande gemenskap d\u00e4r vi bidrar till det lokala f\u00f6reningslivet samtidigt som vi f\u00e5r kultur tillg\u00e4ngligt f\u00f6r fler.<\/p>\n<h3>Vi \u00e4r ABF<\/h3>\n<p>ABF \u00e4r en sammanslutning av b\u00e5de stora och sm\u00e5 organisationer som delar ABF:s v\u00e4rdegrund. Tillsammans st\u00e5r vi upp f\u00f6r allas lika v\u00e4rde, ett starkt demokratiskt samh\u00e4lle och allas r\u00e4tt till l\u00e4rande.<\/p>\n<p>ABF best\u00e5r av n\u00e4rmare 50 medlemsorganisationer, 51 lokala ABF-avdelningar, 21 ABF-distrikt samt en f\u00f6rbundsexpedition. F\u00f6rbundet beslutande organ \u00e4r f\u00f6rbundsst\u00e4mman och f\u00f6rbundsstyrelsen. ABF centralt har \u00e4ven n\u00e4rmare 40 organisationer med samverkansavtal.<\/p>\n<h3>Studiecirkeln i centrum<\/h3>\n<p>V\u00e5r metod bygger p\u00e5 att deltagarna bildar sig tillsammans och bidrar med olika erfarenheter p\u00e5 lika villkor. Studiecirkeln \u00e4r v\u00e5rt fr\u00e4msta pedagogiska verktyg.<\/p>\n\n    <\/div>\n<\/div>\n<div\n    class=\"acf-plain-heading-block container my-16\"\n    data-block=\"plain-heading-block\"\n>\n    <div class=\"max-w-[658px] mx-auto\">\n                <h1 class=\"hero-heading\"><span>ABF:s historia<\/span><\/h1>\n                            <p class=\"mt-8 body-xl text-black\">\n                ABF bildades f\u00f6r \u00f6ver 110 \u00e5r sedan, den 16 november 1912. Bakom grundandet stod Socialdemokraterna, LO och Kooperativa f\u00f6rbundet. Initiativet till f\u00f6rbundet togs av socialdemokraten och folkbildaren Rickard Sandler. Tanken var att samordna och utveckla den bildningsverksamhet som redan p\u00e5gick inom arbetarr\u00f6relsen.\n            <\/p>\n            <\/div>\n<\/div>\n<div\n    class=\"acf-article-text-block article-container my-12\"\n    data-block=\"article-text-block\"\n>\n    <div class=\"wysiwyg\">\n        <p>Tidigt arrangerades f\u00f6rel\u00e4sningar och f\u00f6rel\u00e4sningsturn\u00e9er runt om i Sverige \u2013 mer eller mindre k\u00e4nda f\u00f6rfattare, akademiker och agitatorer drog ofta fulla hus i arbetaromr\u00e5den d\u00e4r bildningst\u00f6rsten var stor. En viktig verksamhet var ocks\u00e5 de folkbibliotek som byggdes upp fr\u00e5n slutet av 1800-talet, d\u00e4r litteratur gjordes tillg\u00e4nglig f\u00f6r vanliga arbetare.<\/p>\n<p>1912 beslutade riksdagen att studiecirklar kunde f\u00e5 statsbidrag till ink\u00f6p av b\u00f6cker, under f\u00f6ruts\u00e4ttning att b\u00f6ckerna \u00f6verl\u00e4mnades till ett folkbibliotek efter\u00e5t. Det nya statsbidraget kunde beviljas till riksorganisationer, n\u00e5got som sporrade till bildandet av ABF.<\/p>\n\n    <\/div>\n<\/div>\n<div\n    class=\"acf-article-cta-link-block article-container my-8\"\n    data-block=\"article-cta-link-block\"\n>\n<div>\n    <a class=\"inline-flex flex-row items-center gap-4 text-link underline text-red-dark\"\n        href=\"https:\/\/vimeo.com\/groups\/400456\/videos\/760032025\"\n                target=\"_blank\"\n            >\n        <span class=\"\">\n        Film: Folkbildningen v\u00e4xer fram och ABF bildas\n        <\/span>\n        <figure aria-hidden=\"true\" class=\"rounded-full bg-red-dark w-8 h-8 p-1 text-white\">\n            <svg width=\"20\" height=\"20\" viewBox=\"0 0 20 20\" fill=\"none\" class=\"SvgIconElement\">\n<path d=\"M4.16659 10L15.8333 10\" stroke=\"currentColor\"\/>\n<path d=\"M9.99992 4.1665L15.8333 9.99984L9.99992 15.8332\" stroke=\"currentColor\"\/>\n<\/svg>\n        <\/figure>\n    <\/a>\n<\/div>\n<\/div>\n<div\n    class=\"acf-plain-heading-block container my-16\"\n    data-block=\"plain-heading-block\"\n>\n    <div class=\"max-w-[658px] mx-auto\">\n                <h1 class=\"hero-heading\"><span>ABF:s id\u00e9program<\/span><\/h1>\n                            <p class=\"mt-8 body-xl text-black\">\n                ABFs id\u00e9program \u201cG\u00f6r en annan v\u00e4rld m\u00f6jlig!\u201d \u00e4r v\u00e5r ideologiska kompass i vardagen och fungerar som en grund f\u00f6r planering, prioriteringar och beslut i all v\u00e5r verksamhet.\n            <\/p>\n            <\/div>\n<\/div>\n<div\n    class=\"acf-article-text-block article-container my-12\"\n    data-block=\"article-text-block\"\n>\n    <div class=\"wysiwyg\">\n        <p>Id\u00e9programmet s\u00e4tter v\u00e5r folkbildningsid\u00e9, v\u00e5ra sj\u00e4lvst\u00e4ndiga v\u00e4gval och v\u00e5ra egna samh\u00e4llsanalyser i centrum. I v\u00e5r tid v\u00e4ljer vi att bygga vidare p\u00e5 id\u00e9traditionen av verksamhet inte bara f\u00f6r, utan genom folket. Vi g\u00f6r det eftersom sj\u00e4lvbildningstanken \u00e4r en progressiv, modern, demokratisk och v\u00e4l fungerande id\u00e9. Vi \u00e4r \u00f6vertygade om att framtiden g\u00e5r att p\u00e5verka och att en annan v\u00e4rld \u00e4r m\u00f6jlig.<\/p>\n\n    <\/div>\n<\/div>\n<div\n    class=\"acf-article-cta-link-block article-container my-8\"\n    data-block=\"article-cta-link-block\"\n>\n<div>\n    <a class=\"inline-flex flex-row items-center gap-4 text-link underline text-red-dark\"\n        href=\"https:\/\/www.abf.se\/wp-content\/uploads\/sites\/33\/2024\/03\/abf-ideprogram-2023-aug-a4.pdf\"\n                target=\"_blank\"\n            >\n        <span class=\"\">\n        ABF:s id\u00e9program\n        <\/span>\n        <figure aria-hidden=\"true\" class=\"rounded-full bg-red-dark w-8 h-8 p-1 text-white\">\n            <svg width=\"20\" height=\"20\" viewBox=\"0 0 20 20\" fill=\"none\" class=\"SvgIconElement\">\n<path d=\"M4.16659 10L15.8333 10\" stroke=\"currentColor\"\/>\n<path d=\"M9.99992 4.1665L15.8333 9.99984L9.99992 15.8332\" stroke=\"currentColor\"\/>\n<\/svg>\n        <\/figure>\n    <\/a>\n<\/div>\n<\/div>\n<div\n    class=\"acf-plain-heading-block container my-16\"\n    data-block=\"plain-heading-block\"\n>\n    <div class=\"max-w-[658px] mx-auto\">\n                <h1 class=\"hero-heading\"><span>Samarbeta med ABF<\/span><\/h1>\n                            <p class=\"mt-8 body-xl text-black\">\n                ABF bedriver verksamhet i samverkan med s\u00e5v\u00e4l medlemsorganisationer som andra f\u00f6reningar och fria grupper. \n            <\/p>\n            <\/div>\n<\/div>\n<div\n    class=\"acf-article-text-block article-container my-12\"\n    data-block=\"article-text-block\"\n>\n    <div class=\"wysiwyg\">\n        <p>Har ni en id\u00e9 om en kultur- eller folkbildningsverksamhet som ni skulle vilja bedriva i samarbete med ABF Sm\u00e5lands Inland? Boka in ett f\u00f6rsta m\u00f6te med oss d\u00e4r vi kan g\u00e5 igenom era \u00f6nskem\u00e5l och behov och se hur ABF hade kunnat vara till st\u00f6d.<\/p>\n\n    <\/div>\n<\/div>\n<div\n    class=\"acf-article-cta-link-block article-container my-8\"\n    data-block=\"article-cta-link-block\"\n>\n<div>\n    <a class=\"inline-flex flex-row items-center gap-4 text-link underline text-red-dark\"\n        href=\"https:\/\/www.abf.se\/jonkopings-lan\/kontakt\/\"\n                target=\"_blank\"\n            >\n        <span class=\"\">\n        Kontakta oss\n        <\/span>\n        <figure aria-hidden=\"true\" class=\"rounded-full bg-red-dark w-8 h-8 p-1 text-white\">\n            <svg width=\"20\" height=\"20\" viewBox=\"0 0 20 20\" fill=\"none\" class=\"SvgIconElement\">\n<path d=\"M4.16659 10L15.8333 10\" stroke=\"currentColor\"\/>\n<path d=\"M9.99992 4.1665L15.8333 9.99984L9.99992 15.8332\" stroke=\"currentColor\"\/>\n<\/svg>\n        <\/figure>\n    <\/a>\n<\/div>\n<\/div>\n","protected":false},"excerpt":{"rendered":"","protected":false},"author":86,"featured_media":0,"parent":0,"menu_order":0,"comment_status":"closed","ping_status":"closed","template":"","meta":{"_acf_changed":false,"footnotes":""},"class_list":["post-745","page","type-page","status-publish","hentry"],"acf":[],"yoast_head":"<!-- This site is optimized with the Yoast SEO plugin v27.0 - https:\/\/yoast.com\/product\/yoast-seo-wordpress\/ -->\n<title>Om oss - J\u00f6nk\u00f6pings l\u00e4n<\/title>\n<meta name=\"robots\" content=\"index, follow, max-snippet:-1, max-image-preview:large, max-video-preview:-1\" \/>\n<link rel=\"canonical\" href=\"https:\/\/www.abf.se\/jonkopings-lan\/om-oss\/\" \/>\n<meta property=\"og:locale\" content=\"sv_SE\" \/>\n<meta property=\"og:type\" content=\"article\" \/>\n<meta property=\"og:title\" content=\"Om oss - J\u00f6nk\u00f6pings l\u00e4n\" \/>\n<meta property=\"og:url\" content=\"https:\/\/www.abf.se\/jonkopings-lan\/om-oss\/\" \/>\n<meta property=\"og:site_name\" content=\"J\u00f6nk\u00f6pings l\u00e4n\" \/>\n<meta property=\"article:modified_time\" content=\"2026-04-15T11:19:37+00:00\" \/>\n<meta property=\"og:image\" content=\"https:\/\/www.abf.se\/wp-content\/uploads\/sites\/31\/2024\/04\/Nyckeln-liggande-scaled.jpg\" \/>\n\t<meta property=\"og:image:width\" content=\"2560\" \/>\n\t<meta property=\"og:image:height\" content=\"1440\" \/>\n\t<meta property=\"og:image:type\" content=\"image\/jpeg\" \/>\n<meta name=\"twitter:card\" content=\"summary_large_image\" \/>\n<script type=\"application\/ld+json\" class=\"yoast-schema-graph\">{\"@context\":\"https:\/\/schema.org\",\"@graph\":[{\"@type\":\"WebPage\",\"@id\":\"https:\/\/www.abf.se\/jonkopings-lan\/om-oss\/\",\"url\":\"https:\/\/www.abf.se\/jonkopings-lan\/om-oss\/\",\"name\":\"Om oss - J\u00f6nk\u00f6pings l\u00e4n\",\"isPartOf\":{\"@id\":\"https:\/\/www.abf.se\/jonkopings-lan\/#website\"},\"datePublished\":\"2026-04-15T09:54:23+00:00\",\"dateModified\":\"2026-04-15T11:19:37+00:00\",\"breadcrumb\":{\"@id\":\"https:\/\/www.abf.se\/jonkopings-lan\/om-oss\/#breadcrumb\"},\"inLanguage\":\"sv-SE\",\"potentialAction\":[{\"@type\":\"ReadAction\",\"target\":[\"https:\/\/www.abf.se\/jonkopings-lan\/om-oss\/\"]}]},{\"@type\":\"BreadcrumbList\",\"@id\":\"https:\/\/www.abf.se\/jonkopings-lan\/om-oss\/#breadcrumb\",\"itemListElement\":[{\"@type\":\"ListItem\",\"position\":1,\"name\":\"Home\",\"item\":\"https:\/\/www.abf.se\/jonkopings-lan\/\"},{\"@type\":\"ListItem\",\"position\":2,\"name\":\"Om oss\"}]},{\"@type\":\"WebSite\",\"@id\":\"https:\/\/www.abf.se\/jonkopings-lan\/#website\",\"url\":\"https:\/\/www.abf.se\/jonkopings-lan\/\",\"name\":\"J\u00f6nk\u00f6pings l\u00e4n\",\"description\":\"\",\"potentialAction\":[{\"@type\":\"SearchAction\",\"target\":{\"@type\":\"EntryPoint\",\"urlTemplate\":\"https:\/\/www.abf.se\/jonkopings-lan\/?s={search_term_string}\"},\"query-input\":{\"@type\":\"PropertyValueSpecification\",\"valueRequired\":true,\"valueName\":\"search_term_string\"}}],\"inLanguage\":\"sv-SE\"}]}<\/script>\n<!-- \/ Yoast SEO plugin. -->","yoast_head_json":{"title":"Om oss - J\u00f6nk\u00f6pings l\u00e4n","robots":{"index":"index","follow":"follow","max-snippet":"max-snippet:-1","max-image-preview":"max-image-preview:large","max-video-preview":"max-video-preview:-1"},"canonical":"https:\/\/www.abf.se\/jonkopings-lan\/om-oss\/","og_locale":"sv_SE","og_type":"article","og_title":"Om oss - J\u00f6nk\u00f6pings l\u00e4n","og_url":"https:\/\/www.abf.se\/jonkopings-lan\/om-oss\/","og_site_name":"J\u00f6nk\u00f6pings l\u00e4n","article_modified_time":"2026-04-15T11:19:37+00:00","og_image":[{"width":2560,"height":1440,"url":"https:\/\/www.abf.se\/wp-content\/uploads\/sites\/31\/2024\/04\/Nyckeln-liggande-scaled.jpg","type":"image\/jpeg"}],"twitter_card":"summary_large_image","schema":{"@context":"https:\/\/schema.org","@graph":[{"@type":"WebPage","@id":"https:\/\/www.abf.se\/jonkopings-lan\/om-oss\/","url":"https:\/\/www.abf.se\/jonkopings-lan\/om-oss\/","name":"Om oss - J\u00f6nk\u00f6pings l\u00e4n","isPartOf":{"@id":"https:\/\/www.abf.se\/jonkopings-lan\/#website"},"datePublished":"2026-04-15T09:54:23+00:00","dateModified":"2026-04-15T11:19:37+00:00","breadcrumb":{"@id":"https:\/\/www.abf.se\/jonkopings-lan\/om-oss\/#breadcrumb"},"inLanguage":"sv-SE","potentialAction":[{"@type":"ReadAction","target":["https:\/\/www.abf.se\/jonkopings-lan\/om-oss\/"]}]},{"@type":"BreadcrumbList","@id":"https:\/\/www.abf.se\/jonkopings-lan\/om-oss\/#breadcrumb","itemListElement":[{"@type":"ListItem","position":1,"name":"Home","item":"https:\/\/www.abf.se\/jonkopings-lan\/"},{"@type":"ListItem","position":2,"name":"Om oss"}]},{"@type":"WebSite","@id":"https:\/\/www.abf.se\/jonkopings-lan\/#website","url":"https:\/\/www.abf.se\/jonkopings-lan\/","name":"J\u00f6nk\u00f6pings l\u00e4n","description":"","potentialAction":[{"@type":"SearchAction","target":{"@type":"EntryPoint","urlTemplate":"https:\/\/www.abf.se\/jonkopings-lan\/?s={search_term_string}"},"query-input":{"@type":"PropertyValueSpecification","valueRequired":true,"valueName":"search_term_string"}}],"inLanguage":"sv-SE"}]}},"_links":{"self":[{"href":"https:\/\/www.abf.se\/jonkopings-lan\/wp-json\/wp\/v2\/pages\/745","targetHints":{"allow":["GET"]}}],"collection":[{"href":"https:\/\/www.abf.se\/jonkopings-lan\/wp-json\/wp\/v2\/pages"}],"about":[{"href":"https:\/\/www.abf.se\/jonkopings-lan\/wp-json\/wp\/v2\/types\/page"}],"author":[{"embeddable":true,"href":"https:\/\/www.abf.se\/jonkopings-lan\/wp-json\/wp\/v2\/users\/86"}],"replies":[{"embeddable":true,"href":"https:\/\/www.abf.se\/jonkopings-lan\/wp-json\/wp\/v2\/comments?post=745"}],"version-history":[{"count":11,"href":"https:\/\/www.abf.se\/jonkopings-lan\/wp-json\/wp\/v2\/pages\/745\/revisions"}],"predecessor-version":[{"id":761,"href":"https:\/\/www.abf.se\/jonkopings-lan\/wp-json\/wp\/v2\/pages\/745\/revisions\/761"}],"wp:attachment":[{"href":"https:\/\/www.abf.se\/jonkopings-lan\/wp-json\/wp\/v2\/media?parent=745"}],"curies":[{"name":"wp","href":"https:\/\/api.w.org\/{rel}","templated":true}]}}