{"id":172,"date":"2024-03-05T16:27:10","date_gmt":"2024-03-05T15:27:10","guid":{"rendered":"https:\/\/www.abf.se\/kronoberg\/?page_id=172"},"modified":"2025-12-16T11:54:40","modified_gmt":"2025-12-16T10:54:40","slug":"pagaende-projekt","status":"publish","type":"page","link":"https:\/\/www.abf.se\/kronoberg\/pagaende-projekt\/","title":{"rendered":"Projekt"},"content":{"rendered":"<div\n    class=\"acf-section-breaker-text my-8 container-lg\"\n    data-block=\"section-breaker-text\"\n>\n    <div class=\"round-corners-lg overflow-hidden pt-36 pb-8 px-5 md:p-16 relative grid grid-cols-1 md:grid-cols-2 lg:grid-cols-5 grid-flow-col-dense\">\n\n            <picture class=\"as-background-image\"><img decoding=\"async\" src=\"https:\/\/www.abf.se\/kronoberg\/resized\/?url=https%3A%2F%2Fwww.abf.se%2Fwp-content%2Fuploads%2Fsites%2F33%2F2024%2F03%2FSprakberget-liggande-2-scaled.jpg&#038;fit=crop&#038;w=1440&#038;s=ef624b884192f32caa67459c42f335db\" srcset=\"https:\/\/www.abf.se\/kronoberg\/resized\/?url=https%3A%2F%2Fwww.abf.se%2Fwp-content%2Fuploads%2Fsites%2F33%2F2024%2F03%2FSprakberget-liggande-2-scaled.jpg&#038;fit=crop&#038;w=375&#038;h=540&#038;s=10f5902cc1aee2dcc1ceb391e63ed49c 375w, https:\/\/www.abf.se\/kronoberg\/resized\/?url=https%3A%2F%2Fwww.abf.se%2Fwp-content%2Fuploads%2Fsites%2F33%2F2024%2F03%2FSprakberget-liggande-2-scaled.jpg&#038;fit=crop&#038;w=499&#038;h=540&#038;s=3d67927ebe3dcd6c4479eba1dffb95c4 499w, https:\/\/www.abf.se\/kronoberg\/resized\/?url=https%3A%2F%2Fwww.abf.se%2Fwp-content%2Fuploads%2Fsites%2F33%2F2024%2F03%2FSprakberget-liggande-2-scaled.jpg&#038;fit=crop&#038;w=623&#038;h=540&#038;s=5eed80267a3f853ec2f756cc81109244 623w, https:\/\/www.abf.se\/kronoberg\/resized\/?url=https%3A%2F%2Fwww.abf.se%2Fwp-content%2Fuploads%2Fsites%2F33%2F2024%2F03%2FSprakberget-liggande-2-scaled.jpg&#038;fit=crop&#038;w=747&#038;h=540&#038;s=355ac8c3a07ddf7eb5748c285de3699f 747w, https:\/\/www.abf.se\/kronoberg\/resized\/?url=https%3A%2F%2Fwww.abf.se%2Fwp-content%2Fuploads%2Fsites%2F33%2F2024%2F03%2FSprakberget-liggande-2-scaled.jpg&#038;fit=crop&#038;w=750&#038;h=540&#038;s=33780e6eae701cf43d28f68d17c403b1 750w, https:\/\/www.abf.se\/kronoberg\/resized\/?url=https%3A%2F%2Fwww.abf.se%2Fwp-content%2Fuploads%2Fsites%2F33%2F2024%2F03%2FSprakberget-liggande-2-scaled.jpg&#038;fit=crop&#038;w=871&#038;h=540&#038;s=9315d595f25471a18d8f31d9545315a3 871w, https:\/\/www.abf.se\/kronoberg\/resized\/?url=https%3A%2F%2Fwww.abf.se%2Fwp-content%2Fuploads%2Fsites%2F33%2F2024%2F03%2FSprakberget-liggande-2-scaled.jpg&#038;fit=crop&#038;w=995&#038;h=540&#038;s=5367e3edda304f8808038a74bb96586f 995w, https:\/\/www.abf.se\/kronoberg\/resized\/?url=https%3A%2F%2Fwww.abf.se%2Fwp-content%2Fuploads%2Fsites%2F33%2F2024%2F03%2FSprakberget-liggande-2-scaled.jpg&#038;fit=crop&#038;w=998&#038;h=540&#038;s=2f7ef29be0b4417d9ea0316449285325 998w, https:\/\/www.abf.se\/kronoberg\/resized\/?url=https%3A%2F%2Fwww.abf.se%2Fwp-content%2Fuploads%2Fsites%2F33%2F2024%2F03%2FSprakberget-liggande-2-scaled.jpg&#038;fit=crop&#038;w=1119&#038;h=540&#038;s=e4a71867152fe354c75df2983dad9868 1119w, https:\/\/www.abf.se\/kronoberg\/resized\/?url=https%3A%2F%2Fwww.abf.se%2Fwp-content%2Fuploads%2Fsites%2F33%2F2024%2F03%2FSprakberget-liggande-2-scaled.jpg&#038;fit=crop&#038;w=1243&#038;h=540&#038;s=7b7e6a32865c2fbcd597327809ccc1d2 1243w, https:\/\/www.abf.se\/kronoberg\/resized\/?url=https%3A%2F%2Fwww.abf.se%2Fwp-content%2Fuploads%2Fsites%2F33%2F2024%2F03%2FSprakberget-liggande-2-scaled.jpg&#038;fit=crop&#038;w=1246&#038;h=540&#038;s=25f93ea1bc24e4652d6d01d5ded3ef6c 1246w, https:\/\/www.abf.se\/kronoberg\/resized\/?url=https%3A%2F%2Fwww.abf.se%2Fwp-content%2Fuploads%2Fsites%2F33%2F2024%2F03%2FSprakberget-liggande-2-scaled.jpg&#038;fit=crop&#038;w=1367&#038;h=540&#038;s=f52f32ccbda0df9a95361c32f3c9d651 1367w, https:\/\/www.abf.se\/kronoberg\/resized\/?url=https%3A%2F%2Fwww.abf.se%2Fwp-content%2Fuploads%2Fsites%2F33%2F2024%2F03%2FSprakberget-liggande-2-scaled.jpg&#038;fit=crop&#038;w=1440&#038;h=540&#038;s=31546228f95c9102f21d2ec6617a08f8 1440w, https:\/\/www.abf.se\/kronoberg\/resized\/?url=https%3A%2F%2Fwww.abf.se%2Fwp-content%2Fuploads%2Fsites%2F33%2F2024%2F03%2FSprakberget-liggande-2-scaled.jpg&#038;fit=crop&#038;w=1494&#038;h=540&#038;s=8c7968e132d9e73a6adbee7e324b3a29 1494w, https:\/\/www.abf.se\/kronoberg\/resized\/?url=https%3A%2F%2Fwww.abf.se%2Fwp-content%2Fuploads%2Fsites%2F33%2F2024%2F03%2FSprakberget-liggande-2-scaled.jpg&#038;fit=crop&#038;w=1742&#038;h=540&#038;s=2f30ef095b7c9a828c563528c7ef8305 1742w, https:\/\/www.abf.se\/kronoberg\/resized\/?url=https%3A%2F%2Fwww.abf.se%2Fwp-content%2Fuploads%2Fsites%2F33%2F2024%2F03%2FSprakberget-liggande-2-scaled.jpg&#038;fit=crop&#038;w=1990&#038;h=540&#038;s=8c8b362c4fc6e34f5ddb42b6aa0ad40b 1990w, https:\/\/www.abf.se\/kronoberg\/resized\/?url=https%3A%2F%2Fwww.abf.se%2Fwp-content%2Fuploads%2Fsites%2F33%2F2024%2F03%2FSprakberget-liggande-2-scaled.jpg&#038;fit=crop&#038;w=2238&#038;h=540&#038;s=e9b90b115866487c147ff235894ccb63 2238w, https:\/\/www.abf.se\/kronoberg\/resized\/?url=https%3A%2F%2Fwww.abf.se%2Fwp-content%2Fuploads%2Fsites%2F33%2F2024%2F03%2FSprakberget-liggande-2-scaled.jpg&#038;fit=crop&#038;w=2486&#038;h=540&#038;s=96d9d3612050ac87905ad77b8c6179f0 2486w, https:\/\/www.abf.se\/kronoberg\/resized\/?url=https%3A%2F%2Fwww.abf.se%2Fwp-content%2Fuploads%2Fsites%2F33%2F2024%2F03%2FSprakberget-liggande-2-scaled.jpg&#038;fit=crop&#038;w=2734&#038;h=540&#038;s=d6b6594f0984f5049eb6df8e099a2cc4 2734w\" alt=\"\" height=\"540\" width=\"1440\" sizes=\"auto, \n            (max-width: 1440px) calc(100vw - 32px), 1440px\" loading=\"lazy\" fetchpriority=\"low\" aria-hidden=\"true\" role=\"presentation\" \/><\/picture>\n                <div class=\"bg-white round-corners-sm px-10 py-11 col-span-1  relative z-10 col-start-4 col-end-[-1]\">\n            <h2 class=\"heading-lg mb-4\">Projekt<\/h2>\n            <div style=\"font-size: 1.25rem; color: black;\" class=\"body-xl wysiwyg\"><p>H\u00e4r kan du l\u00e4sa om projekt som just nu genomf\u00f6rs av ABF Kronoberg och projekt som vi tidigare har genomf\u00f6rt. <\/p>\n<\/div>\n                    \n        <\/div>\n    <\/div>\n<\/div>\n<ul\n    class=\"acf-article-accordion-block accordion-group grid gap-4 my-12 article-container--wide\"\n    data-block=\"article-accordion-block \"\n    data-ui-accordion-group\n>\n\n            <li class=\"accordion\" data-ui-accordion data-ui-accordion-open=\"false\">\n        <h3>\n        <button data-ui-accordion-button class=\"accordion-toggle font-bold\" aria-expanded=\"false\" aria-controls=\"row-kontakt-0\" id=\"kontakt-0\">\n            Kontakt\n            \n            <figure class=\"w-4.5 h-4.5\" aria-hidden=\"true\">\n            <svg width=\"20\" height=\"20\" viewBox=\"0 0 20 20\" fill=\"none\"\nclass=\"SvgIconElement\">\n<path d=\"M15.8333 7.16667L9.99992 13L4.16659 7.16667\" stroke=\"currentColor\"\/>\n<\/svg>\n            <\/figure>\n        <\/button>\n        \n                <\/h3>\n        <div class=\"accordion-content\">\n            <div id=\"row-kontakt-0\" role=\"region\" class=\"accordion-content-wrap\" aria-labelledby=\"kontakt-0\">\n                                                <div class=\"grid md:grid-cols-3 gap-y-10 mt-10\">\n                        \n                                                        <div class=\"contact flex flex-col gap-3\">\n                                <div class=\"md:max-w-[160px]\">\n                                    \n                                <\/div>\n                                <div class=\"\">\n                                    <h4 class=\"heading-lg\">Jonas Gerhardsson<\/h4>\n                                    <p class=\"body-md\">Projektutvecklare i avdelningen ABF Kronoberg<\/p>\n                                                                    <\/div>\n                                                                <div class=\"flex gap flex-col label-md gap-1\">\n                                                                        <div class=\"flex gap-3\">\n                                        <svg width=\"20\" height=\"20\" viewBox=\"0 0 20 20\" fill=\"none\" xmlns=\"http:\/\/www.w3.org\/2000\/svg\">\n<path d=\"M16.625 17.5C14.8333 17.5 13.0868 17.1007 11.3854 16.3021C9.68403 15.5035 8.17708 14.4479 6.86458 13.1354C5.55208 11.8229 4.49653 10.316 3.69792 8.61458C2.89931 6.91319 2.5 5.16667 2.5 3.375C2.5 3.125 2.58333 2.91667 2.75 2.75C2.91667 2.58333 3.125 2.5 3.375 2.5H6.75C6.94444 2.5 7.11806 2.5625 7.27083 2.6875C7.42361 2.8125 7.51389 2.97222 7.54167 3.16667L8.08333 6.08333C8.11111 6.27778 8.10764 6.45486 8.07292 6.61458C8.03819 6.77431 7.95833 6.91667 7.83333 7.04167L5.8125 9.08333C6.39583 10.0833 7.12847 11.0208 8.01042 11.8958C8.89236 12.7708 9.86111 13.5278 10.9167 14.1667L12.875 12.2083C13 12.0833 13.1632 11.9896 13.3646 11.9271C13.566 11.8646 13.7639 11.8472 13.9583 11.875L16.8333 12.4583C17.0278 12.5 17.1875 12.5938 17.3125 12.7396C17.4375 12.8854 17.5 13.0556 17.5 13.25V16.625C17.5 16.875 17.4167 17.0833 17.25 17.25C17.0833 17.4167 16.875 17.5 16.625 17.5ZM5.02083 7.5L6.39583 6.125L6.04167 4.16667H4.1875C4.25694 4.73611 4.35417 5.29861 4.47917 5.85417C4.60417 6.40972 4.78472 6.95833 5.02083 7.5ZM15.8333 15.7917V13.9583L13.875 13.5625L12.4792 14.9583C13.0208 15.1944 13.5729 15.3819 14.1354 15.5208C14.6979 15.6597 15.2639 15.75 15.8333 15.7917Z\" fill=\"black\"\/>\n<\/svg>\n                                        <p>\n                                                                                                                               <a href=\"callto:0372-73 77 66\">0372-73 77 66<\/a>\n                                                                                                                                     <\/p>\n                                    <\/div>\n                                                                                                            <div class=\"flex gap-3\">\n                                        <svg width=\"20\" height=\"20\" viewBox=\"0 0 20 20\" fill=\"none\" xmlns=\"http:\/\/www.w3.org\/2000\/svg\">\n<path d=\"M3.33366 16.6666C2.87533 16.6666 2.48296 16.5035 2.15658 16.1771C1.83019 15.8507 1.66699 15.4583 1.66699 15V4.99998C1.66699 4.54165 1.83019 4.14929 2.15658 3.8229C2.48296 3.49651 2.87533 3.33331 3.33366 3.33331H16.667C17.1253 3.33331 17.5177 3.49651 17.8441 3.8229C18.1705 4.14929 18.3337 4.54165 18.3337 4.99998V15C18.3337 15.4583 18.1705 15.8507 17.8441 16.1771C17.5177 16.5035 17.1253 16.6666 16.667 16.6666H3.33366ZM16.667 6.66665L10.4378 10.5625C10.3684 10.6041 10.2955 10.6354 10.2191 10.6562C10.1427 10.6771 10.0698 10.6875 10.0003 10.6875C9.93088 10.6875 9.85797 10.6771 9.78158 10.6562C9.70519 10.6354 9.63227 10.6041 9.56283 10.5625L3.33366 6.66665V15H16.667V6.66665ZM10.0003 9.16665L16.667 4.99998H3.33366L10.0003 9.16665ZM3.33366 6.87498V5.64581V5.66665V5.65623V6.87498Z\" fill=\"black\"\/>\n<\/svg>\n                                        <p><a href=\"mailto:jonas.gerhardsson@abf.se\">jonas.gerhardsson@abf.se<\/a><\/p>\n                                    <\/div>\n                                                                    <\/div>\n                                                            <\/div>\n                                            <\/div>\n                                        <\/div>\n        <\/div>\n    <\/li>\n    <\/ul>\n<div\n    class=\"acf-plain-heading-block container my-16\"\n    data-block=\"plain-heading-block\"\n>\n    <div class=\"max-w-[658px] mx-auto\">\n                <h1 class=\"hero-heading\"><span>P\u00e5g\u00e5ende projekt<\/span><\/h1>\n                            <p class=\"mt-8 body-xl text-black\">\n                L\u00e4s mer om de projekt som ABF Kronoberg just nu bedriver.\n            <\/p>\n            <\/div>\n<\/div>\n<div\n    class=\"acf-quick-link-block bg-red py-12 md:py-20\"\n    data-block=\"quick-link-block\"\n>\n    <div class=\"container\">\n        \n        <div\n            class=\"px-5 content:px-0 grid grid-cols-1 gap-8 lg:grid-cols-3\">\n            \n            <article\nclass=\"round-corners-sm p-6 relative group grid grid-rows-[subgrid] row-[span_3] gap-4 bg-white text-red\"\n>\n            <h3\n        class=\"heading-sm group-hover:underline text-red\">\n            <a href=\"https:\/\/www.abf.se\/kronoberg\/livsviktig-kunskap-del-4\/\" class=\"expanded-hit-area\" target=\"_blank\">\n                Livsviktig kunskap del 4 \n            <\/a>\n        <\/h3>\n                <p class=\"body-md text-gray-text\">\n            ABF Kronoberg bedriver ett TIA-projekt som riktar sig till asyls\u00f6kande, Livsviktig kunskap del 4, som \u00e4r finansierat av L\u00e4nsstyrelsen i Kronoberg. \n        <\/p>\n        <figure\n    class=\"w-[38px] h-[38px] rounded-full p-2 group-hover:scale-110 transition-transform duration-300 self-end pointer-events-none bg-red text-white\">\n        <svg width=\"20\" height=\"20\" viewBox=\"0 0 20 20\" fill=\"none\" class=\"SvgIconElement\">\n<path d=\"M4.16659 10L15.8333 10\" stroke=\"currentColor\"\/>\n<path d=\"M9.99992 4.1665L15.8333 9.99984L9.99992 15.8332\" stroke=\"currentColor\"\/>\n<\/svg>\n    <\/figure>\n<\/article>            \n            <article\nclass=\"round-corners-sm p-6 relative group grid grid-rows-[subgrid] row-[span_3] gap-4 bg-white text-red\"\n>\n            <h3\n        class=\"heading-sm group-hover:underline text-red\">\n            <a href=\"https:\/\/www.abf.se\/kronoberg\/pagaende-projekt\/440-2\/\" class=\"expanded-hit-area\" target=\"_blank\">\n                V\u00e5ga umg\u00e5s Kronoberg 2025\n            <\/a>\n        <\/h3>\n                <p class=\"body-md text-gray-text\">\n            ABF Kronoberg vill med insatsen V\u00e5ga umg\u00e5s Kronoberg 2025 skapa regelbundna aktiviteter och kulturinslag f\u00f6r att bryta ofrivillig ensamhet. Projektet finansieras av Socialstyrelsen.\n        <\/p>\n        <figure\n    class=\"w-[38px] h-[38px] rounded-full p-2 group-hover:scale-110 transition-transform duration-300 self-end pointer-events-none bg-red text-white\">\n        <svg width=\"20\" height=\"20\" viewBox=\"0 0 20 20\" fill=\"none\" class=\"SvgIconElement\">\n<path d=\"M4.16659 10L15.8333 10\" stroke=\"currentColor\"\/>\n<path d=\"M9.99992 4.1665L15.8333 9.99984L9.99992 15.8332\" stroke=\"currentColor\"\/>\n<\/svg>\n    <\/figure>\n<\/article>            \n            <article\nclass=\"round-corners-sm p-6 relative group grid grid-rows-[subgrid] row-[span_3] gap-4 bg-white text-red\"\n>\n            <h3\n        class=\"heading-sm group-hover:underline text-red\">\n            <a href=\"https:\/\/www.abf.se\/kronoberg\/mensch-\u05de\u05e2\u05e0\u05d8\u05e9\/\" class=\"expanded-hit-area\" target=\"_blank\">\n                Mensch (\u05de\u05e2\u05e0\u05d8\u05e9)\n            <\/a>\n        <\/h3>\n                <p class=\"body-md text-gray-text\">\n            2025 markerar 250 \u00e5r av judiskt liv i Sverige.\r\n\r\nABF Kronoberg uppm\u00e4rksammar detta med projektet Mensch (\u05de\u05e2\u05e0\u05d8\u05e9), som finansieras av Folkbildningsr\u00e5det.\n        <\/p>\n        <figure\n    class=\"w-[38px] h-[38px] rounded-full p-2 group-hover:scale-110 transition-transform duration-300 self-end pointer-events-none bg-red text-white\">\n        <svg width=\"20\" height=\"20\" viewBox=\"0 0 20 20\" fill=\"none\" class=\"SvgIconElement\">\n<path d=\"M4.16659 10L15.8333 10\" stroke=\"currentColor\"\/>\n<path d=\"M9.99992 4.1665L15.8333 9.99984L9.99992 15.8332\" stroke=\"currentColor\"\/>\n<\/svg>\n    <\/figure>\n<\/article>                    <\/div>\n    <\/div>\n<\/div>\n<div\n    class=\"acf-plain-heading-block container my-16\"\n    data-block=\"plain-heading-block\"\n>\n    <div class=\"max-w-[658px] mx-auto\">\n                <h1 class=\"hero-heading\"><span>Tidigare projekt<\/span><\/h1>\n                            <p class=\"mt-8 body-xl text-black\">\n                Tidigare genomf\u00f6rda projekt i urval.\n            <\/p>\n            <\/div>\n<\/div>\n<div\n    class=\"acf-quick-link-block bg-red py-12 md:py-20\"\n    data-block=\"quick-link-block\"\n>\n    <div class=\"container\">\n        \n        <div\n            class=\"px-5 content:px-0 grid grid-cols-1 gap-8 md:grid-cols-2\">\n            \n            <article\nclass=\"round-corners-sm p-6 relative group grid grid-rows-[subgrid] row-[span_3] gap-4 bg-white text-red\"\n>\n            <h3\n        class=\"heading-sm group-hover:underline text-red\">\n            <a href=\"https:\/\/www.abf.se\/kronoberg\/pagaende-projekt\/resan\/\" class=\"expanded-hit-area\" target=\"_blank\">\n                Resan\n            <\/a>\n        <\/h3>\n                <p class=\"body-md text-gray-text\">\n            Resan \u00e4r ett projekt som ABF Kronoberg bedrev under 2024 f\u00f6r att belysa resandedelen av den romska minoriteten. Projektet finansierades av Folkbildningsr\u00e5det.\n        <\/p>\n        <figure\n    class=\"w-[38px] h-[38px] rounded-full p-2 group-hover:scale-110 transition-transform duration-300 self-end pointer-events-none bg-red text-white\">\n        <svg width=\"20\" height=\"20\" viewBox=\"0 0 20 20\" fill=\"none\" class=\"SvgIconElement\">\n<path d=\"M4.16659 10L15.8333 10\" stroke=\"currentColor\"\/>\n<path d=\"M9.99992 4.1665L15.8333 9.99984L9.99992 15.8332\" stroke=\"currentColor\"\/>\n<\/svg>\n    <\/figure>\n<\/article>            \n            <article\nclass=\"round-corners-sm p-6 relative group grid grid-rows-[subgrid] row-[span_3] gap-4 bg-white text-red\"\n>\n            <h3\n        class=\"heading-sm group-hover:underline text-red\">\n            <a href=\"https:\/\/www.abf.se\/kronoberg\/pagaende-projekt\/barnen-krigen-spraken-liven\/\" class=\"expanded-hit-area\" target=\"_blank\">\n                Barnen, krigen, spr\u00e5ken, liven\n            <\/a>\n        <\/h3>\n                <p class=\"body-md text-gray-text\">\n            Barnen, krigen, spr\u00e5ken, liven \u00e4r ett projekt som ABF Kronoberg i samarbete med Sagobygden bedrev under 2023 f\u00f6r att lyfta de finska krigsbarnens ber\u00e4ttelser. Projektet finansierades av Folkbildningsr\u00e5det.\n        <\/p>\n        <figure\n    class=\"w-[38px] h-[38px] rounded-full p-2 group-hover:scale-110 transition-transform duration-300 self-end pointer-events-none bg-red text-white\">\n        <svg width=\"20\" height=\"20\" viewBox=\"0 0 20 20\" fill=\"none\" class=\"SvgIconElement\">\n<path d=\"M4.16659 10L15.8333 10\" stroke=\"currentColor\"\/>\n<path d=\"M9.99992 4.1665L15.8333 9.99984L9.99992 15.8332\" stroke=\"currentColor\"\/>\n<\/svg>\n    <\/figure>\n<\/article>                    <\/div>\n    <\/div>\n<\/div>\n","protected":false},"excerpt":{"rendered":"","protected":false},"author":86,"featured_media":0,"parent":0,"menu_order":0,"comment_status":"closed","ping_status":"closed","template":"","meta":{"_acf_changed":false,"footnotes":""},"class_list":["post-172","page","type-page","status-publish","hentry"],"acf":[],"yoast_head":"<!-- This site is optimized with the Yoast SEO plugin v27.0 - https:\/\/yoast.com\/product\/yoast-seo-wordpress\/ -->\n<title>Projekt - Kronoberg<\/title>\n<meta name=\"robots\" content=\"index, follow, max-snippet:-1, max-image-preview:large, max-video-preview:-1\" \/>\n<link rel=\"canonical\" href=\"https:\/\/www.abf.se\/kronoberg\/pagaende-projekt\/\" \/>\n<meta property=\"og:locale\" content=\"sv_SE\" \/>\n<meta property=\"og:type\" content=\"article\" \/>\n<meta property=\"og:title\" content=\"Projekt - Kronoberg\" \/>\n<meta property=\"og:url\" content=\"https:\/\/www.abf.se\/kronoberg\/pagaende-projekt\/\" \/>\n<meta property=\"og:site_name\" content=\"Kronoberg\" \/>\n<meta property=\"article:modified_time\" content=\"2025-12-16T10:54:40+00:00\" \/>\n<meta property=\"og:image\" content=\"https:\/\/www.abf.se\/wp-content\/uploads\/sites\/33\/2024\/03\/Nyckeln-liggande-scaled.jpg\" \/>\n\t<meta property=\"og:image:width\" content=\"2560\" \/>\n\t<meta property=\"og:image:height\" content=\"1440\" \/>\n\t<meta property=\"og:image:type\" content=\"image\/jpeg\" \/>\n<meta name=\"twitter:card\" content=\"summary_large_image\" \/>\n<script type=\"application\/ld+json\" class=\"yoast-schema-graph\">{\"@context\":\"https:\/\/schema.org\",\"@graph\":[{\"@type\":\"WebPage\",\"@id\":\"https:\/\/www.abf.se\/kronoberg\/pagaende-projekt\/\",\"url\":\"https:\/\/www.abf.se\/kronoberg\/pagaende-projekt\/\",\"name\":\"Projekt - Kronoberg\",\"isPartOf\":{\"@id\":\"https:\/\/www.abf.se\/kronoberg\/#website\"},\"datePublished\":\"2024-03-05T15:27:10+00:00\",\"dateModified\":\"2025-12-16T10:54:40+00:00\",\"breadcrumb\":{\"@id\":\"https:\/\/www.abf.se\/kronoberg\/pagaende-projekt\/#breadcrumb\"},\"inLanguage\":\"sv-SE\",\"potentialAction\":[{\"@type\":\"ReadAction\",\"target\":[\"https:\/\/www.abf.se\/kronoberg\/pagaende-projekt\/\"]}]},{\"@type\":\"BreadcrumbList\",\"@id\":\"https:\/\/www.abf.se\/kronoberg\/pagaende-projekt\/#breadcrumb\",\"itemListElement\":[{\"@type\":\"ListItem\",\"position\":1,\"name\":\"Home\",\"item\":\"https:\/\/www.abf.se\/kronoberg\/\"},{\"@type\":\"ListItem\",\"position\":2,\"name\":\"Projekt\"}]},{\"@type\":\"WebSite\",\"@id\":\"https:\/\/www.abf.se\/kronoberg\/#website\",\"url\":\"https:\/\/www.abf.se\/kronoberg\/\",\"name\":\"Kronoberg\",\"description\":\"\",\"potentialAction\":[{\"@type\":\"SearchAction\",\"target\":{\"@type\":\"EntryPoint\",\"urlTemplate\":\"https:\/\/www.abf.se\/kronoberg\/?s={search_term_string}\"},\"query-input\":{\"@type\":\"PropertyValueSpecification\",\"valueRequired\":true,\"valueName\":\"search_term_string\"}}],\"inLanguage\":\"sv-SE\"}]}<\/script>\n<!-- \/ Yoast SEO plugin. -->","yoast_head_json":{"title":"Projekt - Kronoberg","robots":{"index":"index","follow":"follow","max-snippet":"max-snippet:-1","max-image-preview":"max-image-preview:large","max-video-preview":"max-video-preview:-1"},"canonical":"https:\/\/www.abf.se\/kronoberg\/pagaende-projekt\/","og_locale":"sv_SE","og_type":"article","og_title":"Projekt - Kronoberg","og_url":"https:\/\/www.abf.se\/kronoberg\/pagaende-projekt\/","og_site_name":"Kronoberg","article_modified_time":"2025-12-16T10:54:40+00:00","og_image":[{"width":2560,"height":1440,"url":"https:\/\/www.abf.se\/wp-content\/uploads\/sites\/33\/2024\/03\/Nyckeln-liggande-scaled.jpg","type":"image\/jpeg"}],"twitter_card":"summary_large_image","schema":{"@context":"https:\/\/schema.org","@graph":[{"@type":"WebPage","@id":"https:\/\/www.abf.se\/kronoberg\/pagaende-projekt\/","url":"https:\/\/www.abf.se\/kronoberg\/pagaende-projekt\/","name":"Projekt - Kronoberg","isPartOf":{"@id":"https:\/\/www.abf.se\/kronoberg\/#website"},"datePublished":"2024-03-05T15:27:10+00:00","dateModified":"2025-12-16T10:54:40+00:00","breadcrumb":{"@id":"https:\/\/www.abf.se\/kronoberg\/pagaende-projekt\/#breadcrumb"},"inLanguage":"sv-SE","potentialAction":[{"@type":"ReadAction","target":["https:\/\/www.abf.se\/kronoberg\/pagaende-projekt\/"]}]},{"@type":"BreadcrumbList","@id":"https:\/\/www.abf.se\/kronoberg\/pagaende-projekt\/#breadcrumb","itemListElement":[{"@type":"ListItem","position":1,"name":"Home","item":"https:\/\/www.abf.se\/kronoberg\/"},{"@type":"ListItem","position":2,"name":"Projekt"}]},{"@type":"WebSite","@id":"https:\/\/www.abf.se\/kronoberg\/#website","url":"https:\/\/www.abf.se\/kronoberg\/","name":"Kronoberg","description":"","potentialAction":[{"@type":"SearchAction","target":{"@type":"EntryPoint","urlTemplate":"https:\/\/www.abf.se\/kronoberg\/?s={search_term_string}"},"query-input":{"@type":"PropertyValueSpecification","valueRequired":true,"valueName":"search_term_string"}}],"inLanguage":"sv-SE"}]}},"_links":{"self":[{"href":"https:\/\/www.abf.se\/kronoberg\/wp-json\/wp\/v2\/pages\/172","targetHints":{"allow":["GET"]}}],"collection":[{"href":"https:\/\/www.abf.se\/kronoberg\/wp-json\/wp\/v2\/pages"}],"about":[{"href":"https:\/\/www.abf.se\/kronoberg\/wp-json\/wp\/v2\/types\/page"}],"author":[{"embeddable":true,"href":"https:\/\/www.abf.se\/kronoberg\/wp-json\/wp\/v2\/users\/86"}],"replies":[{"embeddable":true,"href":"https:\/\/www.abf.se\/kronoberg\/wp-json\/wp\/v2\/comments?post=172"}],"version-history":[{"count":20,"href":"https:\/\/www.abf.se\/kronoberg\/wp-json\/wp\/v2\/pages\/172\/revisions"}],"predecessor-version":[{"id":503,"href":"https:\/\/www.abf.se\/kronoberg\/wp-json\/wp\/v2\/pages\/172\/revisions\/503"}],"wp:attachment":[{"href":"https:\/\/www.abf.se\/kronoberg\/wp-json\/wp\/v2\/media?parent=172"}],"curies":[{"name":"wp","href":"https:\/\/api.w.org\/{rel}","templated":true}]}}