{"id":291,"date":"2024-04-02T16:27:08","date_gmt":"2024-04-02T14:27:08","guid":{"rendered":"https:\/\/www.abf.se\/kronoberg\/?page_id=291"},"modified":"2024-04-02T16:27:08","modified_gmt":"2024-04-02T14:27:08","slug":"lediga-tjanster","status":"publish","type":"page","link":"https:\/\/www.abf.se\/kronoberg\/lediga-tjanster\/","title":{"rendered":"Lediga tj\u00e4nster"},"content":{"rendered":"<div\n    class=\"acf-section-breaker-text my-8 container-lg\"\n    data-block=\"section-breaker-text\"\n>\n    <div class=\"round-corners-lg overflow-hidden pt-36 pb-8 px-5 md:p-16 relative grid grid-cols-1 md:grid-cols-2 lg:grid-cols-5 grid-flow-col-dense\">\n\n            <picture class=\"as-background-image\"><img decoding=\"async\" src=\"https:\/\/www.abf.se\/kronoberg\/resized\/?url=https%3A%2F%2Fwww.abf.se%2Fwp-content%2Fuploads%2F2023%2F11%2FAsikter-och-opinion-liggande_IMGP.jpg&#038;fit=crop&#038;w=1440&#038;s=66f4a15e333479889659c281fd395dfc\" srcset=\"https:\/\/www.abf.se\/kronoberg\/resized\/?url=https%3A%2F%2Fwww.abf.se%2Fwp-content%2Fuploads%2F2023%2F11%2FAsikter-och-opinion-liggande_IMGP.jpg&#038;fit=crop&#038;w=375&#038;h=540&#038;s=863f1ce7fb00720fee1ffbc14790c7a6 375w, https:\/\/www.abf.se\/kronoberg\/resized\/?url=https%3A%2F%2Fwww.abf.se%2Fwp-content%2Fuploads%2F2023%2F11%2FAsikter-och-opinion-liggande_IMGP.jpg&#038;fit=crop&#038;w=499&#038;h=540&#038;s=d8fd1c9ddbdce9af087833b983dea091 499w, https:\/\/www.abf.se\/kronoberg\/resized\/?url=https%3A%2F%2Fwww.abf.se%2Fwp-content%2Fuploads%2F2023%2F11%2FAsikter-och-opinion-liggande_IMGP.jpg&#038;fit=crop&#038;w=623&#038;h=540&#038;s=e68a337f795191e35fa84da39e6b9240 623w, https:\/\/www.abf.se\/kronoberg\/resized\/?url=https%3A%2F%2Fwww.abf.se%2Fwp-content%2Fuploads%2F2023%2F11%2FAsikter-och-opinion-liggande_IMGP.jpg&#038;fit=crop&#038;w=747&#038;h=540&#038;s=99a1e2dbb4e03615abe9f39a4fb4cb8e 747w, https:\/\/www.abf.se\/kronoberg\/resized\/?url=https%3A%2F%2Fwww.abf.se%2Fwp-content%2Fuploads%2F2023%2F11%2FAsikter-och-opinion-liggande_IMGP.jpg&#038;fit=crop&#038;w=750&#038;h=540&#038;s=af7ddcdafcaae5a5bbf43c4c426a7bfe 750w, https:\/\/www.abf.se\/kronoberg\/resized\/?url=https%3A%2F%2Fwww.abf.se%2Fwp-content%2Fuploads%2F2023%2F11%2FAsikter-och-opinion-liggande_IMGP.jpg&#038;fit=crop&#038;w=871&#038;h=540&#038;s=84cc7d1f10243421277f894fba07ca8f 871w, https:\/\/www.abf.se\/kronoberg\/resized\/?url=https%3A%2F%2Fwww.abf.se%2Fwp-content%2Fuploads%2F2023%2F11%2FAsikter-och-opinion-liggande_IMGP.jpg&#038;fit=crop&#038;w=995&#038;h=540&#038;s=d8fd25f5fc8b2ecfb13cd2d6f9c898ce 995w, https:\/\/www.abf.se\/kronoberg\/resized\/?url=https%3A%2F%2Fwww.abf.se%2Fwp-content%2Fuploads%2F2023%2F11%2FAsikter-och-opinion-liggande_IMGP.jpg&#038;fit=crop&#038;w=998&#038;h=540&#038;s=b851b06cd8bc8dd93d4e7f43e77a40b2 998w, https:\/\/www.abf.se\/kronoberg\/resized\/?url=https%3A%2F%2Fwww.abf.se%2Fwp-content%2Fuploads%2F2023%2F11%2FAsikter-och-opinion-liggande_IMGP.jpg&#038;fit=crop&#038;w=1119&#038;h=540&#038;s=dcea085b44c6d5359d9d17bdc51620b2 1119w, https:\/\/www.abf.se\/kronoberg\/resized\/?url=https%3A%2F%2Fwww.abf.se%2Fwp-content%2Fuploads%2F2023%2F11%2FAsikter-och-opinion-liggande_IMGP.jpg&#038;fit=crop&#038;w=1243&#038;h=540&#038;s=60282c3fdd92bfcc85b6ccb74775402d 1243w, https:\/\/www.abf.se\/kronoberg\/resized\/?url=https%3A%2F%2Fwww.abf.se%2Fwp-content%2Fuploads%2F2023%2F11%2FAsikter-och-opinion-liggande_IMGP.jpg&#038;fit=crop&#038;w=1246&#038;h=540&#038;s=ec9d15d76b59228a523f3c4e1c2c2d45 1246w, https:\/\/www.abf.se\/kronoberg\/resized\/?url=https%3A%2F%2Fwww.abf.se%2Fwp-content%2Fuploads%2F2023%2F11%2FAsikter-och-opinion-liggande_IMGP.jpg&#038;fit=crop&#038;w=1367&#038;h=540&#038;s=887cb23a1dcea0ba6256fcfc92e0d34a 1367w, https:\/\/www.abf.se\/kronoberg\/resized\/?url=https%3A%2F%2Fwww.abf.se%2Fwp-content%2Fuploads%2F2023%2F11%2FAsikter-och-opinion-liggande_IMGP.jpg&#038;fit=crop&#038;w=1440&#038;h=540&#038;s=130cf5f39272e7091881003f6085eea3 1440w, https:\/\/www.abf.se\/kronoberg\/resized\/?url=https%3A%2F%2Fwww.abf.se%2Fwp-content%2Fuploads%2F2023%2F11%2FAsikter-och-opinion-liggande_IMGP.jpg&#038;fit=crop&#038;w=1494&#038;h=540&#038;s=d73363b8ebfc2342d648835c0641699e 1494w, https:\/\/www.abf.se\/kronoberg\/resized\/?url=https%3A%2F%2Fwww.abf.se%2Fwp-content%2Fuploads%2F2023%2F11%2FAsikter-och-opinion-liggande_IMGP.jpg&#038;fit=crop&#038;w=1742&#038;h=540&#038;s=46dfc0eb28ea4dfd74f49778f1ed24ea 1742w, https:\/\/www.abf.se\/kronoberg\/resized\/?url=https%3A%2F%2Fwww.abf.se%2Fwp-content%2Fuploads%2F2023%2F11%2FAsikter-och-opinion-liggande_IMGP.jpg&#038;fit=crop&#038;w=1990&#038;h=540&#038;s=464911bb8b97244fd057e0430628fbb9 1990w, https:\/\/www.abf.se\/kronoberg\/resized\/?url=https%3A%2F%2Fwww.abf.se%2Fwp-content%2Fuploads%2F2023%2F11%2FAsikter-och-opinion-liggande_IMGP.jpg&#038;fit=crop&#038;w=2238&#038;h=540&#038;s=457564d46bb6c2eb4d204c5115027a0d 2238w, https:\/\/www.abf.se\/kronoberg\/resized\/?url=https%3A%2F%2Fwww.abf.se%2Fwp-content%2Fuploads%2F2023%2F11%2FAsikter-och-opinion-liggande_IMGP.jpg&#038;fit=crop&#038;w=2486&#038;h=540&#038;s=5cceb3fce10d67dc935346b21fbe30ae 2486w, https:\/\/www.abf.se\/kronoberg\/resized\/?url=https%3A%2F%2Fwww.abf.se%2Fwp-content%2Fuploads%2F2023%2F11%2FAsikter-och-opinion-liggande_IMGP.jpg&#038;fit=crop&#038;w=2734&#038;h=540&#038;s=43a31873f580392d4273a59c12cefa6b 2734w\" alt=\"\" height=\"540\" width=\"1440\" sizes=\"auto, \n            (max-width: 1440px) calc(100vw - 32px), 1440px\" loading=\"lazy\" fetchpriority=\"low\" aria-hidden=\"true\" role=\"presentation\" \/><\/picture>\n                <div class=\"bg-white round-corners-sm px-10 py-11 col-span-1  relative z-10 col-start-4 col-end-[-1]\">\n            <h2 class=\"heading-lg mb-4\">Lediga tj\u00e4nster<\/h2>\n            <div style=\"font-size: 1.25rem; color: black;\" class=\"body-xl wysiwyg\"><p>Att arbeta p\u00e5 ABF inneb\u00e4r att du \u00e4r med och g\u00f6r en annan v\u00e4rld m\u00f6jlig. Vi vill genom j\u00e4mlikhet, solidaritet och demokrati erbjuda en fri och frivillig bildningsverksamhet. H\u00e4r annonseras de lediga tj\u00e4nster som finns just nu hos ABF Kronoberg. <\/p>\n<\/div>\n                    \n        <\/div>\n    <\/div>\n<\/div>\n<div\n    class=\"acf-article-text-block article-container my-12\"\n    data-block=\"article-text-block\"\n>\n    <div class=\"wysiwyg\">\n        <p>Just nu finns inga lediga tj\u00e4nster hos ABF Kronoberg.<\/p>\n\n    <\/div>\n<\/div>\n<div\n    class=\"acf-article-cta-link-block article-container my-8\"\n    data-block=\"article-cta-link-block\"\n>\n<div>\n    <a class=\"inline-flex flex-row items-center gap-4 text-link underline text-red-dark\"\n        href=\"https:\/\/www.abf.se\/om-abf\/lediga-tjanster\/\"\n                target=\"_blank\"\n            >\n        <span class=\"\">\n        Andra lediga tj\u00e4nster inom Arbetarnas bildningsf\u00f6rbund\n        <\/span>\n        <figure aria-hidden=\"true\" class=\"rounded-full bg-red-dark w-8 h-8 p-1 text-white\">\n            <svg width=\"20\" height=\"20\" viewBox=\"0 0 20 20\" fill=\"none\" class=\"SvgIconElement\">\n<path d=\"M4.16659 10L15.8333 10\" stroke=\"currentColor\"\/>\n<path d=\"M9.99992 4.1665L15.8333 9.99984L9.99992 15.8332\" stroke=\"currentColor\"\/>\n<\/svg>\n        <\/figure>\n    <\/a>\n<\/div>\n<\/div>\n","protected":false},"excerpt":{"rendered":"","protected":false},"author":86,"featured_media":0,"parent":0,"menu_order":0,"comment_status":"closed","ping_status":"closed","template":"","meta":{"_acf_changed":false,"footnotes":""},"class_list":["post-291","page","type-page","status-publish","hentry"],"acf":[],"yoast_head":"<!-- This site is optimized with the Yoast SEO plugin v27.0 - https:\/\/yoast.com\/product\/yoast-seo-wordpress\/ -->\n<title>Lediga tj\u00e4nster - Kronoberg<\/title>\n<meta name=\"robots\" content=\"index, follow, max-snippet:-1, max-image-preview:large, max-video-preview:-1\" \/>\n<link rel=\"canonical\" href=\"https:\/\/www.abf.se\/kronoberg\/lediga-tjanster\/\" \/>\n<meta property=\"og:locale\" content=\"sv_SE\" \/>\n<meta property=\"og:type\" content=\"article\" \/>\n<meta property=\"og:title\" content=\"Lediga tj\u00e4nster - Kronoberg\" \/>\n<meta property=\"og:url\" content=\"https:\/\/www.abf.se\/kronoberg\/lediga-tjanster\/\" \/>\n<meta property=\"og:site_name\" content=\"Kronoberg\" \/>\n<meta property=\"og:image\" content=\"https:\/\/www.abf.se\/wp-content\/uploads\/sites\/33\/2024\/03\/Nyckeln-liggande-scaled.jpg\" \/>\n\t<meta property=\"og:image:width\" content=\"2560\" \/>\n\t<meta property=\"og:image:height\" content=\"1440\" \/>\n\t<meta property=\"og:image:type\" content=\"image\/jpeg\" \/>\n<meta name=\"twitter:card\" content=\"summary_large_image\" \/>\n<script type=\"application\/ld+json\" class=\"yoast-schema-graph\">{\"@context\":\"https:\/\/schema.org\",\"@graph\":[{\"@type\":\"WebPage\",\"@id\":\"https:\/\/www.abf.se\/kronoberg\/lediga-tjanster\/\",\"url\":\"https:\/\/www.abf.se\/kronoberg\/lediga-tjanster\/\",\"name\":\"Lediga tj\u00e4nster - Kronoberg\",\"isPartOf\":{\"@id\":\"https:\/\/www.abf.se\/kronoberg\/#website\"},\"datePublished\":\"2024-04-02T14:27:08+00:00\",\"breadcrumb\":{\"@id\":\"https:\/\/www.abf.se\/kronoberg\/lediga-tjanster\/#breadcrumb\"},\"inLanguage\":\"sv-SE\",\"potentialAction\":[{\"@type\":\"ReadAction\",\"target\":[\"https:\/\/www.abf.se\/kronoberg\/lediga-tjanster\/\"]}]},{\"@type\":\"BreadcrumbList\",\"@id\":\"https:\/\/www.abf.se\/kronoberg\/lediga-tjanster\/#breadcrumb\",\"itemListElement\":[{\"@type\":\"ListItem\",\"position\":1,\"name\":\"Home\",\"item\":\"https:\/\/www.abf.se\/kronoberg\/\"},{\"@type\":\"ListItem\",\"position\":2,\"name\":\"Lediga tj\u00e4nster\"}]},{\"@type\":\"WebSite\",\"@id\":\"https:\/\/www.abf.se\/kronoberg\/#website\",\"url\":\"https:\/\/www.abf.se\/kronoberg\/\",\"name\":\"Kronoberg\",\"description\":\"\",\"potentialAction\":[{\"@type\":\"SearchAction\",\"target\":{\"@type\":\"EntryPoint\",\"urlTemplate\":\"https:\/\/www.abf.se\/kronoberg\/?s={search_term_string}\"},\"query-input\":{\"@type\":\"PropertyValueSpecification\",\"valueRequired\":true,\"valueName\":\"search_term_string\"}}],\"inLanguage\":\"sv-SE\"}]}<\/script>\n<!-- \/ Yoast SEO plugin. -->","yoast_head_json":{"title":"Lediga tj\u00e4nster - Kronoberg","robots":{"index":"index","follow":"follow","max-snippet":"max-snippet:-1","max-image-preview":"max-image-preview:large","max-video-preview":"max-video-preview:-1"},"canonical":"https:\/\/www.abf.se\/kronoberg\/lediga-tjanster\/","og_locale":"sv_SE","og_type":"article","og_title":"Lediga tj\u00e4nster - Kronoberg","og_url":"https:\/\/www.abf.se\/kronoberg\/lediga-tjanster\/","og_site_name":"Kronoberg","og_image":[{"width":2560,"height":1440,"url":"https:\/\/www.abf.se\/wp-content\/uploads\/sites\/33\/2024\/03\/Nyckeln-liggande-scaled.jpg","type":"image\/jpeg"}],"twitter_card":"summary_large_image","schema":{"@context":"https:\/\/schema.org","@graph":[{"@type":"WebPage","@id":"https:\/\/www.abf.se\/kronoberg\/lediga-tjanster\/","url":"https:\/\/www.abf.se\/kronoberg\/lediga-tjanster\/","name":"Lediga tj\u00e4nster - Kronoberg","isPartOf":{"@id":"https:\/\/www.abf.se\/kronoberg\/#website"},"datePublished":"2024-04-02T14:27:08+00:00","breadcrumb":{"@id":"https:\/\/www.abf.se\/kronoberg\/lediga-tjanster\/#breadcrumb"},"inLanguage":"sv-SE","potentialAction":[{"@type":"ReadAction","target":["https:\/\/www.abf.se\/kronoberg\/lediga-tjanster\/"]}]},{"@type":"BreadcrumbList","@id":"https:\/\/www.abf.se\/kronoberg\/lediga-tjanster\/#breadcrumb","itemListElement":[{"@type":"ListItem","position":1,"name":"Home","item":"https:\/\/www.abf.se\/kronoberg\/"},{"@type":"ListItem","position":2,"name":"Lediga tj\u00e4nster"}]},{"@type":"WebSite","@id":"https:\/\/www.abf.se\/kronoberg\/#website","url":"https:\/\/www.abf.se\/kronoberg\/","name":"Kronoberg","description":"","potentialAction":[{"@type":"SearchAction","target":{"@type":"EntryPoint","urlTemplate":"https:\/\/www.abf.se\/kronoberg\/?s={search_term_string}"},"query-input":{"@type":"PropertyValueSpecification","valueRequired":true,"valueName":"search_term_string"}}],"inLanguage":"sv-SE"}]}},"_links":{"self":[{"href":"https:\/\/www.abf.se\/kronoberg\/wp-json\/wp\/v2\/pages\/291","targetHints":{"allow":["GET"]}}],"collection":[{"href":"https:\/\/www.abf.se\/kronoberg\/wp-json\/wp\/v2\/pages"}],"about":[{"href":"https:\/\/www.abf.se\/kronoberg\/wp-json\/wp\/v2\/types\/page"}],"author":[{"embeddable":true,"href":"https:\/\/www.abf.se\/kronoberg\/wp-json\/wp\/v2\/users\/86"}],"replies":[{"embeddable":true,"href":"https:\/\/www.abf.se\/kronoberg\/wp-json\/wp\/v2\/comments?post=291"}],"version-history":[{"count":1,"href":"https:\/\/www.abf.se\/kronoberg\/wp-json\/wp\/v2\/pages\/291\/revisions"}],"predecessor-version":[{"id":292,"href":"https:\/\/www.abf.se\/kronoberg\/wp-json\/wp\/v2\/pages\/291\/revisions\/292"}],"wp:attachment":[{"href":"https:\/\/www.abf.se\/kronoberg\/wp-json\/wp\/v2\/media?parent=291"}],"curies":[{"name":"wp","href":"https:\/\/api.w.org\/{rel}","templated":true}]}}