{"id":363,"date":"2024-08-29T10:56:18","date_gmt":"2024-08-29T08:56:18","guid":{"rendered":"https:\/\/www.abf.se\/kronoberg\/?page_id=363"},"modified":"2024-08-29T11:01:00","modified_gmt":"2024-08-29T09:01:00","slug":"together-for-workers-rights","status":"publish","type":"page","link":"https:\/\/www.abf.se\/kronoberg\/pagaende-projekt\/together-for-workers-rights\/","title":{"rendered":"Together for workers&#8217; rights"},"content":{"rendered":"<div\n    class=\"acf-section-breaker-text my-8 container-lg\"\n    data-block=\"section-breaker-text\"\n>\n    <div class=\"round-corners-lg overflow-hidden pt-36 pb-8 px-5 md:p-16 relative grid grid-cols-1 md:grid-cols-2 lg:grid-cols-5 grid-flow-col-dense\">\n\n            <picture class=\"as-background-image\"><img decoding=\"async\" src=\"https:\/\/www.abf.se\/kronoberg\/resized\/?url=https%3A%2F%2Fwww.abf.se%2Fwp-content%2Fuploads%2Fsites%2F33%2F2024%2F08%2F20231018_102013-scaled.jpg&#038;fit=crop&#038;w=1440&#038;s=bc452df3dcc534d1413634cacda296cf\" srcset=\"https:\/\/www.abf.se\/kronoberg\/resized\/?url=https%3A%2F%2Fwww.abf.se%2Fwp-content%2Fuploads%2Fsites%2F33%2F2024%2F08%2F20231018_102013-scaled.jpg&#038;fit=crop&#038;w=375&#038;h=540&#038;s=530ad8fbd2db74dd0cc6f036df001345 375w, https:\/\/www.abf.se\/kronoberg\/resized\/?url=https%3A%2F%2Fwww.abf.se%2Fwp-content%2Fuploads%2Fsites%2F33%2F2024%2F08%2F20231018_102013-scaled.jpg&#038;fit=crop&#038;w=499&#038;h=540&#038;s=cf266249226ef0e70090138e3c86f689 499w, https:\/\/www.abf.se\/kronoberg\/resized\/?url=https%3A%2F%2Fwww.abf.se%2Fwp-content%2Fuploads%2Fsites%2F33%2F2024%2F08%2F20231018_102013-scaled.jpg&#038;fit=crop&#038;w=623&#038;h=540&#038;s=72340fa5ffa244bc06be895ec18987e6 623w, https:\/\/www.abf.se\/kronoberg\/resized\/?url=https%3A%2F%2Fwww.abf.se%2Fwp-content%2Fuploads%2Fsites%2F33%2F2024%2F08%2F20231018_102013-scaled.jpg&#038;fit=crop&#038;w=747&#038;h=540&#038;s=92c1e9c74acb10a80be16a59fa27e017 747w, https:\/\/www.abf.se\/kronoberg\/resized\/?url=https%3A%2F%2Fwww.abf.se%2Fwp-content%2Fuploads%2Fsites%2F33%2F2024%2F08%2F20231018_102013-scaled.jpg&#038;fit=crop&#038;w=750&#038;h=540&#038;s=52fe381f6fdd494ee72ea71a08bd48c6 750w, https:\/\/www.abf.se\/kronoberg\/resized\/?url=https%3A%2F%2Fwww.abf.se%2Fwp-content%2Fuploads%2Fsites%2F33%2F2024%2F08%2F20231018_102013-scaled.jpg&#038;fit=crop&#038;w=871&#038;h=540&#038;s=b1b0689b70bdd7a6f63c24d8f2daa967 871w, https:\/\/www.abf.se\/kronoberg\/resized\/?url=https%3A%2F%2Fwww.abf.se%2Fwp-content%2Fuploads%2Fsites%2F33%2F2024%2F08%2F20231018_102013-scaled.jpg&#038;fit=crop&#038;w=995&#038;h=540&#038;s=5e9ccf9cffe80bbb3ea4cca551fcd361 995w, https:\/\/www.abf.se\/kronoberg\/resized\/?url=https%3A%2F%2Fwww.abf.se%2Fwp-content%2Fuploads%2Fsites%2F33%2F2024%2F08%2F20231018_102013-scaled.jpg&#038;fit=crop&#038;w=998&#038;h=540&#038;s=b93332e83cbcd1bf9b3541047540af3b 998w, https:\/\/www.abf.se\/kronoberg\/resized\/?url=https%3A%2F%2Fwww.abf.se%2Fwp-content%2Fuploads%2Fsites%2F33%2F2024%2F08%2F20231018_102013-scaled.jpg&#038;fit=crop&#038;w=1119&#038;h=540&#038;s=8ff2cc94e6f705ebc1f4edc5164c74c6 1119w, https:\/\/www.abf.se\/kronoberg\/resized\/?url=https%3A%2F%2Fwww.abf.se%2Fwp-content%2Fuploads%2Fsites%2F33%2F2024%2F08%2F20231018_102013-scaled.jpg&#038;fit=crop&#038;w=1243&#038;h=540&#038;s=409f971be0e6ce484c5c8faa7cefde94 1243w, https:\/\/www.abf.se\/kronoberg\/resized\/?url=https%3A%2F%2Fwww.abf.se%2Fwp-content%2Fuploads%2Fsites%2F33%2F2024%2F08%2F20231018_102013-scaled.jpg&#038;fit=crop&#038;w=1246&#038;h=540&#038;s=609365be99c5b340abc2f529a8dafc7b 1246w, https:\/\/www.abf.se\/kronoberg\/resized\/?url=https%3A%2F%2Fwww.abf.se%2Fwp-content%2Fuploads%2Fsites%2F33%2F2024%2F08%2F20231018_102013-scaled.jpg&#038;fit=crop&#038;w=1367&#038;h=540&#038;s=1b6fd335e5277633de5653dc0312823f 1367w, https:\/\/www.abf.se\/kronoberg\/resized\/?url=https%3A%2F%2Fwww.abf.se%2Fwp-content%2Fuploads%2Fsites%2F33%2F2024%2F08%2F20231018_102013-scaled.jpg&#038;fit=crop&#038;w=1440&#038;h=540&#038;s=5a5998f2bff16494e0758eb39adc9fad 1440w, https:\/\/www.abf.se\/kronoberg\/resized\/?url=https%3A%2F%2Fwww.abf.se%2Fwp-content%2Fuploads%2Fsites%2F33%2F2024%2F08%2F20231018_102013-scaled.jpg&#038;fit=crop&#038;w=1494&#038;h=540&#038;s=84f16a8929698544433d41a1c1a7b688 1494w, https:\/\/www.abf.se\/kronoberg\/resized\/?url=https%3A%2F%2Fwww.abf.se%2Fwp-content%2Fuploads%2Fsites%2F33%2F2024%2F08%2F20231018_102013-scaled.jpg&#038;fit=crop&#038;w=1742&#038;h=540&#038;s=953dea50893a1c3a9c0f552a18bbaa75 1742w, https:\/\/www.abf.se\/kronoberg\/resized\/?url=https%3A%2F%2Fwww.abf.se%2Fwp-content%2Fuploads%2Fsites%2F33%2F2024%2F08%2F20231018_102013-scaled.jpg&#038;fit=crop&#038;w=1990&#038;h=540&#038;s=dd3910ec9bfd96fd4b4751a3323b7eb7 1990w, https:\/\/www.abf.se\/kronoberg\/resized\/?url=https%3A%2F%2Fwww.abf.se%2Fwp-content%2Fuploads%2Fsites%2F33%2F2024%2F08%2F20231018_102013-scaled.jpg&#038;fit=crop&#038;w=2238&#038;h=540&#038;s=a1f8ddf07f7a1a5639ac3c7e1518dd4e 2238w, https:\/\/www.abf.se\/kronoberg\/resized\/?url=https%3A%2F%2Fwww.abf.se%2Fwp-content%2Fuploads%2Fsites%2F33%2F2024%2F08%2F20231018_102013-scaled.jpg&#038;fit=crop&#038;w=2486&#038;h=540&#038;s=a4b3c8a7c612c32ee84771a0287e8f38 2486w, https:\/\/www.abf.se\/kronoberg\/resized\/?url=https%3A%2F%2Fwww.abf.se%2Fwp-content%2Fuploads%2Fsites%2F33%2F2024%2F08%2F20231018_102013-scaled.jpg&#038;fit=crop&#038;w=2734&#038;h=540&#038;s=d7a8fe022ec5340cd166df2ec78e0229 2734w\" alt=\"\" height=\"540\" width=\"1440\" sizes=\"auto, \n            (max-width: 1440px) calc(100vw - 32px), 1440px\" loading=\"lazy\" fetchpriority=\"low\" aria-hidden=\"true\" role=\"presentation\" \/><\/picture>\n                <div class=\"bg-white round-corners-sm px-10 py-11 col-span-1  relative z-10 col-start-4 col-end-[-1]\">\n            <h2 class=\"heading-lg mb-4\">Together for workers&#039; rights<\/h2>\n            <div style=\"font-size: 1.25rem; color: black;\" class=\"body-xl wysiwyg\"><p>ABF Kronoberg och ABF J\u00f6nk\u00f6ping bedriver tillsammans med en organisation i Bosnien-Hercegovina, Center for Civic Cooperation, ett fackligt projekt som finansieras av SIDA genom Olof Palmes internationella center. <\/p>\n<\/div>\n                    \n        <\/div>\n    <\/div>\n<\/div>\n<div\n    class=\"acf-article-text-block article-container my-12\"\n    data-block=\"article-text-block\"\n>\n    <div class=\"wysiwyg\">\n        <div>ABF Kronoberg och ABF J\u00f6nk\u00f6ping bedriver tillsammans med en organisation i Bosnien-Hercegovina, Center for Civic Cooperation, ett internationellt fackligt projekt. Samarbetet p\u00e5b\u00f6rjades 2020 och kommer att p\u00e5g\u00e5 i fyra \u00e5r.<\/div>\n<div><\/div>\n<div><\/div>\n<div>Projektet finansieras av SIDA genom Olof Palmes internationella center, ABF-avdelningarna g\u00e5r \u00e4ven in med en egeninsats.<\/div>\n<div><\/div>\n<div><\/div>\n<div>ABF:s roll i projektet \u00e4r att st\u00e4rka fackets uppbyggnad med bland annat utbildning f\u00f6r f\u00f6rtroendevalda, medlemsutbildning samt cirkelledarutbildning.<\/div>\n\n    <\/div>\n<\/div>\n<ul\n    class=\"acf-article-accordion-block accordion-group grid gap-4 my-12 article-container--wide\"\n    data-block=\"article-accordion-block \"\n    data-ui-accordion-group\n>\n\n            <li class=\"accordion\" data-ui-accordion data-ui-accordion-open=\"false\">\n        <h3>\n        <button data-ui-accordion-button class=\"accordion-toggle font-bold\" aria-expanded=\"false\" aria-controls=\"row-kontakt-0\" id=\"kontakt-0\">\n            Kontakt\n            \n            <figure class=\"w-4.5 h-4.5\" aria-hidden=\"true\">\n            <svg width=\"20\" height=\"20\" viewBox=\"0 0 20 20\" fill=\"none\"\nclass=\"SvgIconElement\">\n<path d=\"M15.8333 7.16667L9.99992 13L4.16659 7.16667\" stroke=\"currentColor\"\/>\n<\/svg>\n            <\/figure>\n        <\/button>\n        \n                <\/h3>\n        <div class=\"accordion-content\">\n            <div id=\"row-kontakt-0\" role=\"region\" class=\"accordion-content-wrap\" aria-labelledby=\"kontakt-0\">\n                                                <div class=\"grid md:grid-cols-3 gap-y-10 mt-10\">\n                        \n                                                        <div class=\"contact flex flex-col gap-3\">\n                                <div class=\"md:max-w-[160px]\">\n                                    \n                                <\/div>\n                                <div class=\"\">\n                                    <h4 class=\"heading-lg\">Camilla M\u00f6rberg<\/h4>\n                                    <p class=\"body-md\">Projektutvecklare i avdelningen ABF Kronoberg<\/p>\n                                                                    <\/div>\n                                                                <div class=\"flex gap flex-col label-md gap-1\">\n                                                                        <div class=\"flex gap-3\">\n                                        <svg width=\"20\" height=\"20\" viewBox=\"0 0 20 20\" fill=\"none\" xmlns=\"http:\/\/www.w3.org\/2000\/svg\">\n<path d=\"M16.625 17.5C14.8333 17.5 13.0868 17.1007 11.3854 16.3021C9.68403 15.5035 8.17708 14.4479 6.86458 13.1354C5.55208 11.8229 4.49653 10.316 3.69792 8.61458C2.89931 6.91319 2.5 5.16667 2.5 3.375C2.5 3.125 2.58333 2.91667 2.75 2.75C2.91667 2.58333 3.125 2.5 3.375 2.5H6.75C6.94444 2.5 7.11806 2.5625 7.27083 2.6875C7.42361 2.8125 7.51389 2.97222 7.54167 3.16667L8.08333 6.08333C8.11111 6.27778 8.10764 6.45486 8.07292 6.61458C8.03819 6.77431 7.95833 6.91667 7.83333 7.04167L5.8125 9.08333C6.39583 10.0833 7.12847 11.0208 8.01042 11.8958C8.89236 12.7708 9.86111 13.5278 10.9167 14.1667L12.875 12.2083C13 12.0833 13.1632 11.9896 13.3646 11.9271C13.566 11.8646 13.7639 11.8472 13.9583 11.875L16.8333 12.4583C17.0278 12.5 17.1875 12.5938 17.3125 12.7396C17.4375 12.8854 17.5 13.0556 17.5 13.25V16.625C17.5 16.875 17.4167 17.0833 17.25 17.25C17.0833 17.4167 16.875 17.5 16.625 17.5ZM5.02083 7.5L6.39583 6.125L6.04167 4.16667H4.1875C4.25694 4.73611 4.35417 5.29861 4.47917 5.85417C4.60417 6.40972 4.78472 6.95833 5.02083 7.5ZM15.8333 15.7917V13.9583L13.875 13.5625L12.4792 14.9583C13.0208 15.1944 13.5729 15.3819 14.1354 15.5208C14.6979 15.6597 15.2639 15.75 15.8333 15.7917Z\" fill=\"black\"\/>\n<\/svg>\n                                        <p>\n                                                                                                                               <a href=\"callto:0372-73 77 66\">0372-73 77 66<\/a>\n                                                                                                                                     <\/p>\n                                    <\/div>\n                                                                                                            <div class=\"flex gap-3\">\n                                        <svg width=\"20\" height=\"20\" viewBox=\"0 0 20 20\" fill=\"none\" xmlns=\"http:\/\/www.w3.org\/2000\/svg\">\n<path d=\"M3.33366 16.6666C2.87533 16.6666 2.48296 16.5035 2.15658 16.1771C1.83019 15.8507 1.66699 15.4583 1.66699 15V4.99998C1.66699 4.54165 1.83019 4.14929 2.15658 3.8229C2.48296 3.49651 2.87533 3.33331 3.33366 3.33331H16.667C17.1253 3.33331 17.5177 3.49651 17.8441 3.8229C18.1705 4.14929 18.3337 4.54165 18.3337 4.99998V15C18.3337 15.4583 18.1705 15.8507 17.8441 16.1771C17.5177 16.5035 17.1253 16.6666 16.667 16.6666H3.33366ZM16.667 6.66665L10.4378 10.5625C10.3684 10.6041 10.2955 10.6354 10.2191 10.6562C10.1427 10.6771 10.0698 10.6875 10.0003 10.6875C9.93088 10.6875 9.85797 10.6771 9.78158 10.6562C9.70519 10.6354 9.63227 10.6041 9.56283 10.5625L3.33366 6.66665V15H16.667V6.66665ZM10.0003 9.16665L16.667 4.99998H3.33366L10.0003 9.16665ZM3.33366 6.87498V5.64581V5.66665V5.65623V6.87498Z\" fill=\"black\"\/>\n<\/svg>\n                                        <p><a href=\"mailto:camilla.morberg@abf.se\">camilla.morberg@abf.se<\/a><\/p>\n                                    <\/div>\n                                                                    <\/div>\n                                                            <\/div>\n                                            <\/div>\n                                        <\/div>\n        <\/div>\n    <\/li>\n    <\/ul>\n","protected":false},"excerpt":{"rendered":"","protected":false},"author":86,"featured_media":0,"parent":172,"menu_order":0,"comment_status":"closed","ping_status":"closed","template":"","meta":{"_acf_changed":false,"footnotes":""},"class_list":["post-363","page","type-page","status-publish","hentry"],"acf":[],"yoast_head":"<!-- This site is optimized with the Yoast SEO plugin v27.0 - https:\/\/yoast.com\/product\/yoast-seo-wordpress\/ -->\n<title>Together for workers&#039; rights - Kronoberg<\/title>\n<meta name=\"robots\" content=\"index, follow, max-snippet:-1, max-image-preview:large, max-video-preview:-1\" \/>\n<link rel=\"canonical\" href=\"https:\/\/www.abf.se\/kronoberg\/pagaende-projekt\/together-for-workers-rights\/\" \/>\n<meta property=\"og:locale\" content=\"sv_SE\" \/>\n<meta property=\"og:type\" content=\"article\" \/>\n<meta property=\"og:title\" content=\"Together for workers&#039; rights - Kronoberg\" \/>\n<meta property=\"og:url\" content=\"https:\/\/www.abf.se\/kronoberg\/pagaende-projekt\/together-for-workers-rights\/\" \/>\n<meta property=\"og:site_name\" content=\"Kronoberg\" \/>\n<meta property=\"article:modified_time\" content=\"2024-08-29T09:01:00+00:00\" \/>\n<meta property=\"og:image\" content=\"https:\/\/www.abf.se\/wp-content\/uploads\/sites\/33\/2024\/03\/Nyckeln-liggande-scaled.jpg\" \/>\n\t<meta property=\"og:image:width\" content=\"2560\" \/>\n\t<meta property=\"og:image:height\" content=\"1440\" \/>\n\t<meta property=\"og:image:type\" content=\"image\/jpeg\" \/>\n<meta name=\"twitter:card\" content=\"summary_large_image\" \/>\n<script type=\"application\/ld+json\" class=\"yoast-schema-graph\">{\"@context\":\"https:\/\/schema.org\",\"@graph\":[{\"@type\":\"WebPage\",\"@id\":\"https:\/\/www.abf.se\/kronoberg\/pagaende-projekt\/together-for-workers-rights\/\",\"url\":\"https:\/\/www.abf.se\/kronoberg\/pagaende-projekt\/together-for-workers-rights\/\",\"name\":\"Together for workers' rights - Kronoberg\",\"isPartOf\":{\"@id\":\"https:\/\/www.abf.se\/kronoberg\/#website\"},\"datePublished\":\"2024-08-29T08:56:18+00:00\",\"dateModified\":\"2024-08-29T09:01:00+00:00\",\"breadcrumb\":{\"@id\":\"https:\/\/www.abf.se\/kronoberg\/pagaende-projekt\/together-for-workers-rights\/#breadcrumb\"},\"inLanguage\":\"sv-SE\",\"potentialAction\":[{\"@type\":\"ReadAction\",\"target\":[\"https:\/\/www.abf.se\/kronoberg\/pagaende-projekt\/together-for-workers-rights\/\"]}]},{\"@type\":\"BreadcrumbList\",\"@id\":\"https:\/\/www.abf.se\/kronoberg\/pagaende-projekt\/together-for-workers-rights\/#breadcrumb\",\"itemListElement\":[{\"@type\":\"ListItem\",\"position\":1,\"name\":\"Home\",\"item\":\"https:\/\/www.abf.se\/kronoberg\/\"},{\"@type\":\"ListItem\",\"position\":2,\"name\":\"Projekt\",\"item\":\"https:\/\/www.abf.se\/kronoberg\/pagaende-projekt\/\"},{\"@type\":\"ListItem\",\"position\":3,\"name\":\"Together for workers&#8217; rights\"}]},{\"@type\":\"WebSite\",\"@id\":\"https:\/\/www.abf.se\/kronoberg\/#website\",\"url\":\"https:\/\/www.abf.se\/kronoberg\/\",\"name\":\"Kronoberg\",\"description\":\"\",\"potentialAction\":[{\"@type\":\"SearchAction\",\"target\":{\"@type\":\"EntryPoint\",\"urlTemplate\":\"https:\/\/www.abf.se\/kronoberg\/?s={search_term_string}\"},\"query-input\":{\"@type\":\"PropertyValueSpecification\",\"valueRequired\":true,\"valueName\":\"search_term_string\"}}],\"inLanguage\":\"sv-SE\"}]}<\/script>\n<!-- \/ Yoast SEO plugin. -->","yoast_head_json":{"title":"Together for workers' rights - Kronoberg","robots":{"index":"index","follow":"follow","max-snippet":"max-snippet:-1","max-image-preview":"max-image-preview:large","max-video-preview":"max-video-preview:-1"},"canonical":"https:\/\/www.abf.se\/kronoberg\/pagaende-projekt\/together-for-workers-rights\/","og_locale":"sv_SE","og_type":"article","og_title":"Together for workers' rights - Kronoberg","og_url":"https:\/\/www.abf.se\/kronoberg\/pagaende-projekt\/together-for-workers-rights\/","og_site_name":"Kronoberg","article_modified_time":"2024-08-29T09:01:00+00:00","og_image":[{"width":2560,"height":1440,"url":"https:\/\/www.abf.se\/wp-content\/uploads\/sites\/33\/2024\/03\/Nyckeln-liggande-scaled.jpg","type":"image\/jpeg"}],"twitter_card":"summary_large_image","schema":{"@context":"https:\/\/schema.org","@graph":[{"@type":"WebPage","@id":"https:\/\/www.abf.se\/kronoberg\/pagaende-projekt\/together-for-workers-rights\/","url":"https:\/\/www.abf.se\/kronoberg\/pagaende-projekt\/together-for-workers-rights\/","name":"Together for workers' rights - Kronoberg","isPartOf":{"@id":"https:\/\/www.abf.se\/kronoberg\/#website"},"datePublished":"2024-08-29T08:56:18+00:00","dateModified":"2024-08-29T09:01:00+00:00","breadcrumb":{"@id":"https:\/\/www.abf.se\/kronoberg\/pagaende-projekt\/together-for-workers-rights\/#breadcrumb"},"inLanguage":"sv-SE","potentialAction":[{"@type":"ReadAction","target":["https:\/\/www.abf.se\/kronoberg\/pagaende-projekt\/together-for-workers-rights\/"]}]},{"@type":"BreadcrumbList","@id":"https:\/\/www.abf.se\/kronoberg\/pagaende-projekt\/together-for-workers-rights\/#breadcrumb","itemListElement":[{"@type":"ListItem","position":1,"name":"Home","item":"https:\/\/www.abf.se\/kronoberg\/"},{"@type":"ListItem","position":2,"name":"Projekt","item":"https:\/\/www.abf.se\/kronoberg\/pagaende-projekt\/"},{"@type":"ListItem","position":3,"name":"Together for workers&#8217; rights"}]},{"@type":"WebSite","@id":"https:\/\/www.abf.se\/kronoberg\/#website","url":"https:\/\/www.abf.se\/kronoberg\/","name":"Kronoberg","description":"","potentialAction":[{"@type":"SearchAction","target":{"@type":"EntryPoint","urlTemplate":"https:\/\/www.abf.se\/kronoberg\/?s={search_term_string}"},"query-input":{"@type":"PropertyValueSpecification","valueRequired":true,"valueName":"search_term_string"}}],"inLanguage":"sv-SE"}]}},"_links":{"self":[{"href":"https:\/\/www.abf.se\/kronoberg\/wp-json\/wp\/v2\/pages\/363","targetHints":{"allow":["GET"]}}],"collection":[{"href":"https:\/\/www.abf.se\/kronoberg\/wp-json\/wp\/v2\/pages"}],"about":[{"href":"https:\/\/www.abf.se\/kronoberg\/wp-json\/wp\/v2\/types\/page"}],"author":[{"embeddable":true,"href":"https:\/\/www.abf.se\/kronoberg\/wp-json\/wp\/v2\/users\/86"}],"replies":[{"embeddable":true,"href":"https:\/\/www.abf.se\/kronoberg\/wp-json\/wp\/v2\/comments?post=363"}],"version-history":[{"count":4,"href":"https:\/\/www.abf.se\/kronoberg\/wp-json\/wp\/v2\/pages\/363\/revisions"}],"predecessor-version":[{"id":369,"href":"https:\/\/www.abf.se\/kronoberg\/wp-json\/wp\/v2\/pages\/363\/revisions\/369"}],"up":[{"embeddable":true,"href":"https:\/\/www.abf.se\/kronoberg\/wp-json\/wp\/v2\/pages\/172"}],"wp:attachment":[{"href":"https:\/\/www.abf.se\/kronoberg\/wp-json\/wp\/v2\/media?parent=363"}],"curies":[{"name":"wp","href":"https:\/\/api.w.org\/{rel}","templated":true}]}}