{"id":486,"date":"2025-11-19T11:39:13","date_gmt":"2025-11-19T10:39:13","guid":{"rendered":"https:\/\/www.abf.se\/kronoberg\/?page_id=486"},"modified":"2026-01-28T08:38:06","modified_gmt":"2026-01-28T07:38:06","slug":"mensch-%d7%9e%d7%a2%d7%a0%d7%98%d7%a9","status":"publish","type":"page","link":"https:\/\/www.abf.se\/kronoberg\/pagaende-projekt\/mensch-%d7%9e%d7%a2%d7%a0%d7%98%d7%a9\/","title":{"rendered":"Mensch (\u05de\u05e2\u05e0\u05d8\u05e9)"},"content":{"rendered":"<div\n    class=\"acf-section-breaker-text my-8 container-lg\"\n    data-block=\"section-breaker-text\"\n>\n    <div class=\"round-corners-lg overflow-hidden pt-36 pb-8 px-5 md:p-16 relative grid grid-cols-1 md:grid-cols-2 lg:grid-cols-5 grid-flow-col-dense\">\n\n            <picture class=\"as-background-image\"><img decoding=\"async\" src=\"https:\/\/www.abf.se\/kronoberg\/resized\/?url=https%3A%2F%2Fwww.abf.se%2Fwp-content%2Fuploads%2Fsites%2F33%2F2025%2F11%2FBackdrop-1_jubileumsmarkor-scaled.jpg&#038;fit=crop&#038;w=1440&#038;s=5da97f88493f93a483f2e69cbbf3ca0f\" srcset=\"https:\/\/www.abf.se\/kronoberg\/resized\/?url=https%3A%2F%2Fwww.abf.se%2Fwp-content%2Fuploads%2Fsites%2F33%2F2025%2F11%2FBackdrop-1_jubileumsmarkor-scaled.jpg&#038;fit=crop&#038;w=375&#038;h=540&#038;s=a095c3870b0426326c2f6670d901ce5c 375w, https:\/\/www.abf.se\/kronoberg\/resized\/?url=https%3A%2F%2Fwww.abf.se%2Fwp-content%2Fuploads%2Fsites%2F33%2F2025%2F11%2FBackdrop-1_jubileumsmarkor-scaled.jpg&#038;fit=crop&#038;w=499&#038;h=540&#038;s=87422ff565b8ae8e3ea7f3afa942865d 499w, https:\/\/www.abf.se\/kronoberg\/resized\/?url=https%3A%2F%2Fwww.abf.se%2Fwp-content%2Fuploads%2Fsites%2F33%2F2025%2F11%2FBackdrop-1_jubileumsmarkor-scaled.jpg&#038;fit=crop&#038;w=623&#038;h=540&#038;s=e8c392ac9d8e76c592e8555e463a9e9c 623w, https:\/\/www.abf.se\/kronoberg\/resized\/?url=https%3A%2F%2Fwww.abf.se%2Fwp-content%2Fuploads%2Fsites%2F33%2F2025%2F11%2FBackdrop-1_jubileumsmarkor-scaled.jpg&#038;fit=crop&#038;w=747&#038;h=540&#038;s=36576d88e39358f76d38aba613186d51 747w, https:\/\/www.abf.se\/kronoberg\/resized\/?url=https%3A%2F%2Fwww.abf.se%2Fwp-content%2Fuploads%2Fsites%2F33%2F2025%2F11%2FBackdrop-1_jubileumsmarkor-scaled.jpg&#038;fit=crop&#038;w=750&#038;h=540&#038;s=67920a98b8e1f046079083b0eba90cfb 750w, https:\/\/www.abf.se\/kronoberg\/resized\/?url=https%3A%2F%2Fwww.abf.se%2Fwp-content%2Fuploads%2Fsites%2F33%2F2025%2F11%2FBackdrop-1_jubileumsmarkor-scaled.jpg&#038;fit=crop&#038;w=871&#038;h=540&#038;s=83d4db04b91adca0d96f88b9ed960c26 871w, https:\/\/www.abf.se\/kronoberg\/resized\/?url=https%3A%2F%2Fwww.abf.se%2Fwp-content%2Fuploads%2Fsites%2F33%2F2025%2F11%2FBackdrop-1_jubileumsmarkor-scaled.jpg&#038;fit=crop&#038;w=995&#038;h=540&#038;s=dcec98a3e5be55392a6ad6cad77d3077 995w, https:\/\/www.abf.se\/kronoberg\/resized\/?url=https%3A%2F%2Fwww.abf.se%2Fwp-content%2Fuploads%2Fsites%2F33%2F2025%2F11%2FBackdrop-1_jubileumsmarkor-scaled.jpg&#038;fit=crop&#038;w=998&#038;h=540&#038;s=9bbb689102710e51509a77cede10bd6b 998w, https:\/\/www.abf.se\/kronoberg\/resized\/?url=https%3A%2F%2Fwww.abf.se%2Fwp-content%2Fuploads%2Fsites%2F33%2F2025%2F11%2FBackdrop-1_jubileumsmarkor-scaled.jpg&#038;fit=crop&#038;w=1119&#038;h=540&#038;s=b56b574f53fdfcc934d35b45191821e9 1119w, https:\/\/www.abf.se\/kronoberg\/resized\/?url=https%3A%2F%2Fwww.abf.se%2Fwp-content%2Fuploads%2Fsites%2F33%2F2025%2F11%2FBackdrop-1_jubileumsmarkor-scaled.jpg&#038;fit=crop&#038;w=1243&#038;h=540&#038;s=0698b3d3656d24dc207d6c736bfb9aaa 1243w, https:\/\/www.abf.se\/kronoberg\/resized\/?url=https%3A%2F%2Fwww.abf.se%2Fwp-content%2Fuploads%2Fsites%2F33%2F2025%2F11%2FBackdrop-1_jubileumsmarkor-scaled.jpg&#038;fit=crop&#038;w=1246&#038;h=540&#038;s=5290d0b5fa09bde74423f9c88905ee05 1246w, https:\/\/www.abf.se\/kronoberg\/resized\/?url=https%3A%2F%2Fwww.abf.se%2Fwp-content%2Fuploads%2Fsites%2F33%2F2025%2F11%2FBackdrop-1_jubileumsmarkor-scaled.jpg&#038;fit=crop&#038;w=1367&#038;h=540&#038;s=8fcce57720fc83ba67a0e823d6bc924e 1367w, https:\/\/www.abf.se\/kronoberg\/resized\/?url=https%3A%2F%2Fwww.abf.se%2Fwp-content%2Fuploads%2Fsites%2F33%2F2025%2F11%2FBackdrop-1_jubileumsmarkor-scaled.jpg&#038;fit=crop&#038;w=1440&#038;h=540&#038;s=d7eccedbeeeb7880a6fc2ee9ab158280 1440w, https:\/\/www.abf.se\/kronoberg\/resized\/?url=https%3A%2F%2Fwww.abf.se%2Fwp-content%2Fuploads%2Fsites%2F33%2F2025%2F11%2FBackdrop-1_jubileumsmarkor-scaled.jpg&#038;fit=crop&#038;w=1494&#038;h=540&#038;s=477032f803e58c1ceb5affed50879a1d 1494w, https:\/\/www.abf.se\/kronoberg\/resized\/?url=https%3A%2F%2Fwww.abf.se%2Fwp-content%2Fuploads%2Fsites%2F33%2F2025%2F11%2FBackdrop-1_jubileumsmarkor-scaled.jpg&#038;fit=crop&#038;w=1742&#038;h=540&#038;s=0560e21518fb1f91a7610749c3633ed7 1742w, https:\/\/www.abf.se\/kronoberg\/resized\/?url=https%3A%2F%2Fwww.abf.se%2Fwp-content%2Fuploads%2Fsites%2F33%2F2025%2F11%2FBackdrop-1_jubileumsmarkor-scaled.jpg&#038;fit=crop&#038;w=1990&#038;h=540&#038;s=4c3afb16f4704223d07d61f55a6c8422 1990w, https:\/\/www.abf.se\/kronoberg\/resized\/?url=https%3A%2F%2Fwww.abf.se%2Fwp-content%2Fuploads%2Fsites%2F33%2F2025%2F11%2FBackdrop-1_jubileumsmarkor-scaled.jpg&#038;fit=crop&#038;w=2238&#038;h=540&#038;s=9123877fcf0d5d898012039a7c00f6d4 2238w, https:\/\/www.abf.se\/kronoberg\/resized\/?url=https%3A%2F%2Fwww.abf.se%2Fwp-content%2Fuploads%2Fsites%2F33%2F2025%2F11%2FBackdrop-1_jubileumsmarkor-scaled.jpg&#038;fit=crop&#038;w=2486&#038;h=540&#038;s=b25ac79c0f95d7d203adf7b7e10d8db4 2486w, https:\/\/www.abf.se\/kronoberg\/resized\/?url=https%3A%2F%2Fwww.abf.se%2Fwp-content%2Fuploads%2Fsites%2F33%2F2025%2F11%2FBackdrop-1_jubileumsmarkor-scaled.jpg&#038;fit=crop&#038;w=2734&#038;h=540&#038;s=8012a4725aaca5805209216c21d96b3c 2734w\" alt=\"\" height=\"540\" width=\"1440\" sizes=\"auto, \n            (max-width: 1440px) calc(100vw - 32px), 1440px\" loading=\"lazy\" fetchpriority=\"low\" aria-hidden=\"true\" role=\"presentation\" \/><\/picture>\n                <div class=\"bg-white round-corners-sm px-10 py-11 col-span-1  relative z-10 col-start-4 col-end-[-1]\">\n            <h2 class=\"heading-lg mb-4\">Mensch (\u05de\u05e2\u05e0\u05d8\u05e9)<\/h2>\n            <div style=\"font-size: 1.25rem; color: black;\" class=\"body-xl wysiwyg\"><p class=\"cvGsUA direction-ltr align-start para-style-body\"><span class=\"a_GcMg font-feature-liga-off font-feature-clig-off font-feature-calt-off text-decoration-none text-strikethrough-none\">2025 markerar 250 \u00e5r av judiskt liv i Sverige.<\/span><\/p>\n<p class=\"cvGsUA direction-ltr align-start para-style-body\"><span class=\"a_GcMg font-feature-liga-off font-feature-clig-off font-feature-calt-off text-decoration-none text-strikethrough-none\">ABF Kronoberg uppm\u00e4rksammar detta med projektet Mensch (\u05de\u05e2\u05e0\u05d8\u05e9), som finansieras av Folkbildningsr\u00e5det.<\/span><\/p>\n<\/div>\n                    \n        <\/div>\n    <\/div>\n<\/div>\n<div\n    class=\"acf-plain-heading-block container my-16\"\n    data-block=\"plain-heading-block\"\n>\n    <div class=\"max-w-[658px] mx-auto\">\n                <h1 class=\"hero-heading\"><span>Mensch (\u05de\u05e2\u05e0\u05d8\u05e9)<\/span><\/h1>\n                    <\/div>\n<\/div>\n<div\n    class=\"acf-article-text-block article-container my-12\"\n    data-block=\"article-text-block\"\n>\n    <div class=\"wysiwyg\">\n        <p class=\"cvGsUA direction-ltr align-start para-style-body\"><span class=\"a_GcMg font-feature-liga-off font-feature-clig-off font-feature-calt-off text-decoration-none text-strikethrough-none\">ABF Kronoberg vill med projektet Mensch <\/span><span class=\"a_GcMg font-feature-liga-off font-feature-clig-off font-feature-calt-off text-decoration-none text-strikethrough-none\">lyfta den svensk-judiska historien och <\/span><span class=\"a_GcMg font-feature-liga-off font-feature-clig-off font-feature-calt-off text-decoration-none text-strikethrough-none\">bredda bilden av vad det inneb\u00e4r att vara jude i Sverige.<\/span><\/p>\n<p class=\"cvGsUA direction-ltr align-start para-style-body\"><span class=\"a_GcMg font-feature-liga-off font-feature-clig-off font-feature-calt-off text-decoration-none text-strikethrough-none\">Projektet vill uppmuntra till och ge verktyg f\u00f6r kunskapsf\u00f6rdjupning om minoriteten och dess spr\u00e5k, historia, kultur och r\u00e4ttigheter.<\/span><\/p>\n<p class=\"cvGsUA direction-ltr align-start para-style-body\"><span class=\"a_GcMg font-feature-liga-off font-feature-clig-off font-feature-calt-off text-decoration-none text-strikethrough-none\">ABF Kronoberg vill med satsningen f\u00f6rm\u00e4nskliga de judiska erfarenheterna i landet, vilket \u00e5terspeglas i projektnamnet \u201cMensch\u201d som \u00e4r ett vanligt uttryck p\u00e5 jiddisch som betyder just \u201cm\u00e4nniska\u201d, men som anv\u00e4nds f\u00f6r att beskriva en r\u00e4ttf\u00e4rdig karakt\u00e4r med integritet och <\/span><span class=\"a_GcMg font-feature-liga-off font-feature-clig-off font-feature-calt-off text-decoration-none text-strikethrough-none\">medk\u00e4nsla.<\/span><\/p>\n\n    <\/div>\n<\/div>\n<div\n    class=\"acf-article-cta-link-block article-container my-8\"\n    data-block=\"article-cta-link-block\"\n>\n<div>\n    <a class=\"inline-flex flex-row items-center gap-4 text-link underline text-red-dark\"\n        href=\"https:\/\/www.abf.se\/wp-content\/uploads\/sites\/33\/2026\/01\/Mensch-infohafte-ny.pdf\"\n                target=\"_blank\"\n            >\n        <span class=\"\">\n        Infoh\u00e4fte Mensch\n        <\/span>\n        <figure aria-hidden=\"true\" class=\"rounded-full bg-red-dark w-8 h-8 p-1 text-white\">\n            <svg width=\"20\" height=\"20\" viewBox=\"0 0 20 20\" fill=\"none\" class=\"SvgIconElement\">\n<path d=\"M4.16659 10L15.8333 10\" stroke=\"currentColor\"\/>\n<path d=\"M9.99992 4.1665L15.8333 9.99984L9.99992 15.8332\" stroke=\"currentColor\"\/>\n<\/svg>\n        <\/figure>\n    <\/a>\n<\/div>\n<\/div>\n<ul\n    class=\"acf-article-accordion-block accordion-group grid gap-4 my-12 article-container--wide\"\n    data-block=\"article-accordion-block \"\n    data-ui-accordion-group\n>\n\n            <li class=\"accordion\" data-ui-accordion data-ui-accordion-open=\"false\">\n        <h3>\n        <button data-ui-accordion-button class=\"accordion-toggle font-bold\" aria-expanded=\"false\" aria-controls=\"row-kontakt-0\" id=\"kontakt-0\">\n            Kontakt\n            \n            <figure class=\"w-4.5 h-4.5\" aria-hidden=\"true\">\n            <svg width=\"20\" height=\"20\" viewBox=\"0 0 20 20\" fill=\"none\"\nclass=\"SvgIconElement\">\n<path d=\"M15.8333 7.16667L9.99992 13L4.16659 7.16667\" stroke=\"currentColor\"\/>\n<\/svg>\n            <\/figure>\n        <\/button>\n        \n                <\/h3>\n        <div class=\"accordion-content\">\n            <div id=\"row-kontakt-0\" role=\"region\" class=\"accordion-content-wrap\" aria-labelledby=\"kontakt-0\">\n                                                <div class=\"grid md:grid-cols-3 gap-y-10 mt-10\">\n                        \n                                                        <div class=\"contact flex flex-col gap-3\">\n                                <div class=\"md:max-w-[160px]\">\n                                    \n                                <\/div>\n                                <div class=\"\">\n                                    <h4 class=\"heading-lg\">Jenny Ahonen<\/h4>\n                                    <p class=\"body-md\">Projektledare<\/p>\n                                                                    <\/div>\n                                                                <div class=\"flex gap flex-col label-md gap-1\">\n                                                                        <div class=\"flex gap-3\">\n                                        <svg width=\"20\" height=\"20\" viewBox=\"0 0 20 20\" fill=\"none\" xmlns=\"http:\/\/www.w3.org\/2000\/svg\">\n<path d=\"M16.625 17.5C14.8333 17.5 13.0868 17.1007 11.3854 16.3021C9.68403 15.5035 8.17708 14.4479 6.86458 13.1354C5.55208 11.8229 4.49653 10.316 3.69792 8.61458C2.89931 6.91319 2.5 5.16667 2.5 3.375C2.5 3.125 2.58333 2.91667 2.75 2.75C2.91667 2.58333 3.125 2.5 3.375 2.5H6.75C6.94444 2.5 7.11806 2.5625 7.27083 2.6875C7.42361 2.8125 7.51389 2.97222 7.54167 3.16667L8.08333 6.08333C8.11111 6.27778 8.10764 6.45486 8.07292 6.61458C8.03819 6.77431 7.95833 6.91667 7.83333 7.04167L5.8125 9.08333C6.39583 10.0833 7.12847 11.0208 8.01042 11.8958C8.89236 12.7708 9.86111 13.5278 10.9167 14.1667L12.875 12.2083C13 12.0833 13.1632 11.9896 13.3646 11.9271C13.566 11.8646 13.7639 11.8472 13.9583 11.875L16.8333 12.4583C17.0278 12.5 17.1875 12.5938 17.3125 12.7396C17.4375 12.8854 17.5 13.0556 17.5 13.25V16.625C17.5 16.875 17.4167 17.0833 17.25 17.25C17.0833 17.4167 16.875 17.5 16.625 17.5ZM5.02083 7.5L6.39583 6.125L6.04167 4.16667H4.1875C4.25694 4.73611 4.35417 5.29861 4.47917 5.85417C4.60417 6.40972 4.78472 6.95833 5.02083 7.5ZM15.8333 15.7917V13.9583L13.875 13.5625L12.4792 14.9583C13.0208 15.1944 13.5729 15.3819 14.1354 15.5208C14.6979 15.6597 15.2639 15.75 15.8333 15.7917Z\" fill=\"black\"\/>\n<\/svg>\n                                        <p>\n                                                                                                                               <a href=\"callto:0372-737762\">0372-737762<\/a>\n                                                                                                                                     <\/p>\n                                    <\/div>\n                                                                                                            <div class=\"flex gap-3\">\n                                        <svg width=\"20\" height=\"20\" viewBox=\"0 0 20 20\" fill=\"none\" xmlns=\"http:\/\/www.w3.org\/2000\/svg\">\n<path d=\"M3.33366 16.6666C2.87533 16.6666 2.48296 16.5035 2.15658 16.1771C1.83019 15.8507 1.66699 15.4583 1.66699 15V4.99998C1.66699 4.54165 1.83019 4.14929 2.15658 3.8229C2.48296 3.49651 2.87533 3.33331 3.33366 3.33331H16.667C17.1253 3.33331 17.5177 3.49651 17.8441 3.8229C18.1705 4.14929 18.3337 4.54165 18.3337 4.99998V15C18.3337 15.4583 18.1705 15.8507 17.8441 16.1771C17.5177 16.5035 17.1253 16.6666 16.667 16.6666H3.33366ZM16.667 6.66665L10.4378 10.5625C10.3684 10.6041 10.2955 10.6354 10.2191 10.6562C10.1427 10.6771 10.0698 10.6875 10.0003 10.6875C9.93088 10.6875 9.85797 10.6771 9.78158 10.6562C9.70519 10.6354 9.63227 10.6041 9.56283 10.5625L3.33366 6.66665V15H16.667V6.66665ZM10.0003 9.16665L16.667 4.99998H3.33366L10.0003 9.16665ZM3.33366 6.87498V5.64581V5.66665V5.65623V6.87498Z\" fill=\"black\"\/>\n<\/svg>\n                                        <p><a href=\"mailto:jenny.ahonen@abf.se\">jenny.ahonen@abf.se<\/a><\/p>\n                                    <\/div>\n                                                                    <\/div>\n                                                            <\/div>\n                                            <\/div>\n                                        <\/div>\n        <\/div>\n    <\/li>\n    <\/ul>\n","protected":false},"excerpt":{"rendered":"","protected":false},"author":86,"featured_media":0,"parent":172,"menu_order":0,"comment_status":"closed","ping_status":"closed","template":"","meta":{"_acf_changed":false,"footnotes":""},"class_list":["post-486","page","type-page","status-publish","hentry"],"acf":[],"yoast_head":"<!-- This site is optimized with the Yoast SEO plugin v27.0 - https:\/\/yoast.com\/product\/yoast-seo-wordpress\/ -->\n<title>Mensch (\u05de\u05e2\u05e0\u05d8\u05e9) - Kronoberg<\/title>\n<meta name=\"robots\" content=\"index, follow, max-snippet:-1, max-image-preview:large, max-video-preview:-1\" \/>\n<link rel=\"canonical\" href=\"https:\/\/www.abf.se\/kronoberg\/pagaende-projekt\/mensch-\u05de\u05e2\u05e0\u05d8\u05e9\/\" \/>\n<meta property=\"og:locale\" content=\"sv_SE\" \/>\n<meta property=\"og:type\" content=\"article\" \/>\n<meta property=\"og:title\" content=\"Mensch (\u05de\u05e2\u05e0\u05d8\u05e9) - Kronoberg\" \/>\n<meta property=\"og:url\" content=\"https:\/\/www.abf.se\/kronoberg\/pagaende-projekt\/mensch-\u05de\u05e2\u05e0\u05d8\u05e9\/\" \/>\n<meta property=\"og:site_name\" content=\"Kronoberg\" \/>\n<meta property=\"article:modified_time\" content=\"2026-01-28T07:38:06+00:00\" \/>\n<meta property=\"og:image\" content=\"https:\/\/www.abf.se\/wp-content\/uploads\/sites\/33\/2024\/03\/Nyckeln-liggande-scaled.jpg\" \/>\n\t<meta property=\"og:image:width\" content=\"2560\" \/>\n\t<meta property=\"og:image:height\" content=\"1440\" \/>\n\t<meta property=\"og:image:type\" content=\"image\/jpeg\" \/>\n<meta name=\"twitter:card\" content=\"summary_large_image\" \/>\n<script type=\"application\/ld+json\" class=\"yoast-schema-graph\">{\"@context\":\"https:\/\/schema.org\",\"@graph\":[{\"@type\":\"WebPage\",\"@id\":\"https:\/\/www.abf.se\/kronoberg\/pagaende-projekt\/mensch-%d7%9e%d7%a2%d7%a0%d7%98%d7%a9\/\",\"url\":\"https:\/\/www.abf.se\/kronoberg\/pagaende-projekt\/mensch-%d7%9e%d7%a2%d7%a0%d7%98%d7%a9\/\",\"name\":\"Mensch (\u05de\u05e2\u05e0\u05d8\u05e9) - Kronoberg\",\"isPartOf\":{\"@id\":\"https:\/\/www.abf.se\/kronoberg\/#website\"},\"datePublished\":\"2025-11-19T10:39:13+00:00\",\"dateModified\":\"2026-01-28T07:38:06+00:00\",\"breadcrumb\":{\"@id\":\"https:\/\/www.abf.se\/kronoberg\/pagaende-projekt\/mensch-%d7%9e%d7%a2%d7%a0%d7%98%d7%a9\/#breadcrumb\"},\"inLanguage\":\"sv-SE\",\"potentialAction\":[{\"@type\":\"ReadAction\",\"target\":[\"https:\/\/www.abf.se\/kronoberg\/pagaende-projekt\/mensch-%d7%9e%d7%a2%d7%a0%d7%98%d7%a9\/\"]}]},{\"@type\":\"BreadcrumbList\",\"@id\":\"https:\/\/www.abf.se\/kronoberg\/pagaende-projekt\/mensch-%d7%9e%d7%a2%d7%a0%d7%98%d7%a9\/#breadcrumb\",\"itemListElement\":[{\"@type\":\"ListItem\",\"position\":1,\"name\":\"Home\",\"item\":\"https:\/\/www.abf.se\/kronoberg\/\"},{\"@type\":\"ListItem\",\"position\":2,\"name\":\"Projekt\",\"item\":\"https:\/\/www.abf.se\/kronoberg\/pagaende-projekt\/\"},{\"@type\":\"ListItem\",\"position\":3,\"name\":\"Mensch (\u05de\u05e2\u05e0\u05d8\u05e9)\"}]},{\"@type\":\"WebSite\",\"@id\":\"https:\/\/www.abf.se\/kronoberg\/#website\",\"url\":\"https:\/\/www.abf.se\/kronoberg\/\",\"name\":\"Kronoberg\",\"description\":\"\",\"potentialAction\":[{\"@type\":\"SearchAction\",\"target\":{\"@type\":\"EntryPoint\",\"urlTemplate\":\"https:\/\/www.abf.se\/kronoberg\/?s={search_term_string}\"},\"query-input\":{\"@type\":\"PropertyValueSpecification\",\"valueRequired\":true,\"valueName\":\"search_term_string\"}}],\"inLanguage\":\"sv-SE\"}]}<\/script>\n<!-- \/ Yoast SEO plugin. -->","yoast_head_json":{"title":"Mensch (\u05de\u05e2\u05e0\u05d8\u05e9) - Kronoberg","robots":{"index":"index","follow":"follow","max-snippet":"max-snippet:-1","max-image-preview":"max-image-preview:large","max-video-preview":"max-video-preview:-1"},"canonical":"https:\/\/www.abf.se\/kronoberg\/pagaende-projekt\/mensch-\u05de\u05e2\u05e0\u05d8\u05e9\/","og_locale":"sv_SE","og_type":"article","og_title":"Mensch (\u05de\u05e2\u05e0\u05d8\u05e9) - Kronoberg","og_url":"https:\/\/www.abf.se\/kronoberg\/pagaende-projekt\/mensch-\u05de\u05e2\u05e0\u05d8\u05e9\/","og_site_name":"Kronoberg","article_modified_time":"2026-01-28T07:38:06+00:00","og_image":[{"width":2560,"height":1440,"url":"https:\/\/www.abf.se\/wp-content\/uploads\/sites\/33\/2024\/03\/Nyckeln-liggande-scaled.jpg","type":"image\/jpeg"}],"twitter_card":"summary_large_image","schema":{"@context":"https:\/\/schema.org","@graph":[{"@type":"WebPage","@id":"https:\/\/www.abf.se\/kronoberg\/pagaende-projekt\/mensch-%d7%9e%d7%a2%d7%a0%d7%98%d7%a9\/","url":"https:\/\/www.abf.se\/kronoberg\/pagaende-projekt\/mensch-%d7%9e%d7%a2%d7%a0%d7%98%d7%a9\/","name":"Mensch (\u05de\u05e2\u05e0\u05d8\u05e9) - Kronoberg","isPartOf":{"@id":"https:\/\/www.abf.se\/kronoberg\/#website"},"datePublished":"2025-11-19T10:39:13+00:00","dateModified":"2026-01-28T07:38:06+00:00","breadcrumb":{"@id":"https:\/\/www.abf.se\/kronoberg\/pagaende-projekt\/mensch-%d7%9e%d7%a2%d7%a0%d7%98%d7%a9\/#breadcrumb"},"inLanguage":"sv-SE","potentialAction":[{"@type":"ReadAction","target":["https:\/\/www.abf.se\/kronoberg\/pagaende-projekt\/mensch-%d7%9e%d7%a2%d7%a0%d7%98%d7%a9\/"]}]},{"@type":"BreadcrumbList","@id":"https:\/\/www.abf.se\/kronoberg\/pagaende-projekt\/mensch-%d7%9e%d7%a2%d7%a0%d7%98%d7%a9\/#breadcrumb","itemListElement":[{"@type":"ListItem","position":1,"name":"Home","item":"https:\/\/www.abf.se\/kronoberg\/"},{"@type":"ListItem","position":2,"name":"Projekt","item":"https:\/\/www.abf.se\/kronoberg\/pagaende-projekt\/"},{"@type":"ListItem","position":3,"name":"Mensch (\u05de\u05e2\u05e0\u05d8\u05e9)"}]},{"@type":"WebSite","@id":"https:\/\/www.abf.se\/kronoberg\/#website","url":"https:\/\/www.abf.se\/kronoberg\/","name":"Kronoberg","description":"","potentialAction":[{"@type":"SearchAction","target":{"@type":"EntryPoint","urlTemplate":"https:\/\/www.abf.se\/kronoberg\/?s={search_term_string}"},"query-input":{"@type":"PropertyValueSpecification","valueRequired":true,"valueName":"search_term_string"}}],"inLanguage":"sv-SE"}]}},"_links":{"self":[{"href":"https:\/\/www.abf.se\/kronoberg\/wp-json\/wp\/v2\/pages\/486","targetHints":{"allow":["GET"]}}],"collection":[{"href":"https:\/\/www.abf.se\/kronoberg\/wp-json\/wp\/v2\/pages"}],"about":[{"href":"https:\/\/www.abf.se\/kronoberg\/wp-json\/wp\/v2\/types\/page"}],"author":[{"embeddable":true,"href":"https:\/\/www.abf.se\/kronoberg\/wp-json\/wp\/v2\/users\/86"}],"replies":[{"embeddable":true,"href":"https:\/\/www.abf.se\/kronoberg\/wp-json\/wp\/v2\/comments?post=486"}],"version-history":[{"count":6,"href":"https:\/\/www.abf.se\/kronoberg\/wp-json\/wp\/v2\/pages\/486\/revisions"}],"predecessor-version":[{"id":518,"href":"https:\/\/www.abf.se\/kronoberg\/wp-json\/wp\/v2\/pages\/486\/revisions\/518"}],"up":[{"embeddable":true,"href":"https:\/\/www.abf.se\/kronoberg\/wp-json\/wp\/v2\/pages\/172"}],"wp:attachment":[{"href":"https:\/\/www.abf.se\/kronoberg\/wp-json\/wp\/v2\/media?parent=486"}],"curies":[{"name":"wp","href":"https:\/\/api.w.org\/{rel}","templated":true}]}}