{"id":2310,"date":"2025-04-03T10:26:49","date_gmt":"2025-04-03T08:26:49","guid":{"rendered":"https:\/\/www.abf.se\/malmo\/?page_id=2310"},"modified":"2025-05-28T08:30:36","modified_gmt":"2025-05-28T06:30:36","slug":"eid-festivalen","status":"publish","type":"page","link":"https:\/\/www.abf.se\/malmo-sydvast\/eid-festivalen\/","title":{"rendered":"Eid-festival"},"content":{"rendered":"<div\n    class=\"acf-article-image-block mb-12 article-container-lg\"\n    data-block=\"article-image-block\"\n>\n<div class=\"\">\n\n        <figure>\n        \n            <picture class=\"round-corners-lg w-full\"><img decoding=\"async\" src=\"https:\/\/www.abf.se\/malmo-sydvast\/resized\/?url=https%3A%2F%2Fwww.abf.se%2Fwp-content%2Fuploads%2Fsites%2F34%2F2025%2F04%2F16_9_Eid_Logotyper.jpg&#038;fit=contain&#038;w=788&#038;s=974be4768b36f04472490623108d16e5\" srcset=\"https:\/\/www.abf.se\/malmo-sydvast\/resized\/?url=https%3A%2F%2Fwww.abf.se%2Fwp-content%2Fuploads%2Fsites%2F34%2F2025%2F04%2F16_9_Eid_Logotyper.jpg&#038;fit=contain&#038;w=375&#038;h=210&#038;s=7a90aba4f7d71768e16999375673eb11 375w, https:\/\/www.abf.se\/malmo-sydvast\/resized\/?url=https%3A%2F%2Fwww.abf.se%2Fwp-content%2Fuploads%2Fsites%2F34%2F2025%2F04%2F16_9_Eid_Logotyper.jpg&#038;fit=contain&#038;w=447&#038;h=251&#038;s=67caa12a2e1a746c1fed0a08d595e590 447w, https:\/\/www.abf.se\/malmo-sydvast\/resized\/?url=https%3A%2F%2Fwww.abf.se%2Fwp-content%2Fuploads%2Fsites%2F34%2F2025%2F04%2F16_9_Eid_Logotyper.jpg&#038;fit=contain&#038;w=519&#038;h=291&#038;s=5c34f69bdf90661a88ce695271afb2f5 519w, https:\/\/www.abf.se\/malmo-sydvast\/resized\/?url=https%3A%2F%2Fwww.abf.se%2Fwp-content%2Fuploads%2Fsites%2F34%2F2025%2F04%2F16_9_Eid_Logotyper.jpg&#038;fit=contain&#038;w=591&#038;h=332&#038;s=e5f93dc9eb5d13f123e0b818741c14ec 591w, https:\/\/www.abf.se\/malmo-sydvast\/resized\/?url=https%3A%2F%2Fwww.abf.se%2Fwp-content%2Fuploads%2Fsites%2F34%2F2025%2F04%2F16_9_Eid_Logotyper.jpg&#038;fit=contain&#038;w=663&#038;h=372&#038;s=08f84ab3ba78f9fd6d36e44e7ff0f6da 663w, https:\/\/www.abf.se\/malmo-sydvast\/resized\/?url=https%3A%2F%2Fwww.abf.se%2Fwp-content%2Fuploads%2Fsites%2F34%2F2025%2F04%2F16_9_Eid_Logotyper.jpg&#038;fit=contain&#038;w=735&#038;h=413&#038;s=4990cfcdb68bba01ec43b79637c8f066 735w, https:\/\/www.abf.se\/malmo-sydvast\/resized\/?url=https%3A%2F%2Fwww.abf.se%2Fwp-content%2Fuploads%2Fsites%2F34%2F2025%2F04%2F16_9_Eid_Logotyper.jpg&#038;fit=contain&#038;w=750&#038;h=421&#038;s=b06b1ad06685bf54ced43d568e4d12bd 750w, https:\/\/www.abf.se\/malmo-sydvast\/resized\/?url=https%3A%2F%2Fwww.abf.se%2Fwp-content%2Fuploads%2Fsites%2F34%2F2025%2F04%2F16_9_Eid_Logotyper.jpg&#038;fit=contain&#038;w=788&#038;s=974be4768b36f04472490623108d16e5 788w, https:\/\/www.abf.se\/malmo-sydvast\/resized\/?url=https%3A%2F%2Fwww.abf.se%2Fwp-content%2Fuploads%2Fsites%2F34%2F2025%2F04%2F16_9_Eid_Logotyper.jpg&#038;fit=contain&#038;w=894&#038;h=502&#038;s=69f714842df46ca202247b89f086181d 894w, https:\/\/www.abf.se\/malmo-sydvast\/resized\/?url=https%3A%2F%2Fwww.abf.se%2Fwp-content%2Fuploads%2Fsites%2F34%2F2025%2F04%2F16_9_Eid_Logotyper.jpg&#038;fit=contain&#038;w=1038&#038;h=583&#038;s=938c85acfcf9cc1bc98656a969adf340 1038w, https:\/\/www.abf.se\/malmo-sydvast\/resized\/?url=https%3A%2F%2Fwww.abf.se%2Fwp-content%2Fuploads%2Fsites%2F34%2F2025%2F04%2F16_9_Eid_Logotyper.jpg&#038;fit=contain&#038;w=1182&#038;h=664&#038;s=72cc1f6426390df1e8a43af63790cf1c 1182w, https:\/\/www.abf.se\/malmo-sydvast\/resized\/?url=https%3A%2F%2Fwww.abf.se%2Fwp-content%2Fuploads%2Fsites%2F34%2F2025%2F04%2F16_9_Eid_Logotyper.jpg&#038;fit=contain&#038;w=1326&#038;h=745&#038;s=4a9c54007b827fd1aeaaa9d23d82e68a 1326w, https:\/\/www.abf.se\/malmo-sydvast\/resized\/?url=https%3A%2F%2Fwww.abf.se%2Fwp-content%2Fuploads%2Fsites%2F34%2F2025%2F04%2F16_9_Eid_Logotyper.jpg&#038;fit=contain&#038;w=1470&#038;h=826&#038;s=33ee189823df33527e67091eec0b8abc 1470w\" alt=\"\" height=\"443\" width=\"788\" sizes=\"auto, (max-width: 768px) calc(100vw - 40px), 788px\" loading=\"lazy\" fetchpriority=\"low\" class=\"round-corners-lg w-full\" \/><\/picture>\n                        <\/figure>\n        <\/div>\n\n<\/div>\n<div\n    class=\"acf-article-text-block article-container my-12\"\n    data-block=\"article-text-block\"\n>\n    <div class=\"wysiwyg\">\n        <h2>Eid-festivalen, 7 juni<\/h2>\n<p>L\u00f6rdag 7 juni bjuder ABF in till Eid-festivalen i Folkets Park i Malm\u00f6! Det blir en dag fylld av gl\u00e4dje, musik, dans och massor av roliga aktiviteter f\u00f6r alla malm\u00f6bor, stora som sm\u00e5. Vi bjuder in alla \u2013 oavsett bakgrund \u2013 till en festival d\u00e4r vi firar gemenskap och m\u00e5ngfald.<\/p>\n<hr \/>\n<h3 data-start=\"372\" data-end=\"405\"><strong data-start=\"375\" data-end=\"403\">En dag f\u00f6r hela familjen<\/strong><\/h3>\n<p class=\"\" data-start=\"406\" data-end=\"688\">Eid \u00e4r en viktig h\u00f6gtid f\u00f6r m\u00e5nga malm\u00f6bor, och Eid-festivalen har blivit en uppskattad tradition i staden. Under eid-festivalen kommer vi bjuda p\u00e5 ett fullsp\u00e4ckat program med underh\u00e5llning Folkets Parks stora scen, sp\u00e4nnande aktiviteter f\u00f6r barn och en fantastisk matupplevelse med smaker fr\u00e5n flera olika l\u00e4nder.<\/p>\n\n    <\/div>\n<\/div>\n<ul\n    class=\"acf-article-accordion-block accordion-group grid gap-4 my-12 article-container\"\n    data-block=\"article-accordion-block \"\n    data-ui-accordion-group\n>\n\n            <li class=\"accordion\" data-ui-accordion data-ui-accordion-open=\"false\">\n        <h3>\n        <button data-ui-accordion-button class=\"accordion-toggle font-bold\" aria-expanded=\"false\" aria-controls=\"row-pascenen-0\" id=\"pascenen-0\">\n            P\u00e5 scenen\n            \n            <figure class=\"w-4.5 h-4.5\" aria-hidden=\"true\">\n            <svg width=\"20\" height=\"20\" viewBox=\"0 0 20 20\" fill=\"none\"\nclass=\"SvgIconElement\">\n<path d=\"M15.8333 7.16667L9.99992 13L4.16659 7.16667\" stroke=\"currentColor\"\/>\n<\/svg>\n            <\/figure>\n        <\/button>\n        \n                <\/h3>\n        <div class=\"accordion-content\">\n            <div id=\"row-pascenen-0\" role=\"region\" class=\"accordion-content-wrap\" aria-labelledby=\"pascenen-0\">\n                                            <div class=\"wysiwyg\">\n                    <p>P\u00e5 scenen kommer vi bjuda p\u00e5 olika typer av underh\u00e5llning!<\/p>\n<p>Bland annat: <a href=\"https:\/\/www.hanan.se\/\">Hanan Group<\/a>, <a href=\"https:\/\/www.jalada.se\/arkiv\/role-member\/alaa-rashid\">Ala\u00e1 Rashid<\/a>, F\u00e9n\u00e8n\u00e8 och <a href=\"https:\/\/lidija.se\/\">Lidija Dokuzovic trio<\/a> och <a href=\"https:\/\/www.womex.com\/virtual\/missing_voices\/simona_abdallah\">Simona Abdallah<\/a>.<\/p>\n\n                <\/div>\n                                        <\/div>\n        <\/div>\n    <\/li>\n            <li class=\"accordion\" data-ui-accordion data-ui-accordion-open=\"false\">\n        <h3>\n        <button data-ui-accordion-button class=\"accordion-toggle font-bold\" aria-expanded=\"false\" aria-controls=\"row-forbarnen-1\" id=\"forbarnen-1\">\n            F\u00f6r barnen\n            \n            <figure class=\"w-4.5 h-4.5\" aria-hidden=\"true\">\n            <svg width=\"20\" height=\"20\" viewBox=\"0 0 20 20\" fill=\"none\"\nclass=\"SvgIconElement\">\n<path d=\"M15.8333 7.16667L9.99992 13L4.16659 7.16667\" stroke=\"currentColor\"\/>\n<\/svg>\n            <\/figure>\n        <\/button>\n        \n                <\/h3>\n        <div class=\"accordion-content\">\n            <div id=\"row-forbarnen-1\" role=\"region\" class=\"accordion-content-wrap\" aria-labelledby=\"forbarnen-1\">\n                                            <div class=\"wysiwyg\">\n                    <p>F\u00f6r barn och barnfamiljer kommer det finnas massor av saker att g\u00f6ra och testa!<\/p>\n<ul>\n<li class=\"\" data-start=\"805\" data-end=\"823\">\n<p class=\"\" data-start=\"807\" data-end=\"823\">Prova p\u00e5 cirkus<\/p>\n<\/li>\n<li data-start=\"805\" data-end=\"823\">Clowner<\/li>\n<li class=\"\" data-start=\"824\" data-end=\"842\">\n<p class=\"\" data-start=\"826\" data-end=\"842\">Ansiktsm\u00e5lning<\/p>\n<\/li>\n<li class=\"\" data-start=\"843\" data-end=\"890\">\n<p class=\"\" data-start=\"845\" data-end=\"890\">Verkstad med Malm\u00f6 Konsthall<\/p>\n<\/li>\n<\/ul>\n\n                <\/div>\n                                        <\/div>\n        <\/div>\n    <\/li>\n            <li class=\"accordion\" data-ui-accordion data-ui-accordion-open=\"false\">\n        <h3>\n        <button data-ui-accordion-button class=\"accordion-toggle font-bold\" aria-expanded=\"false\" aria-controls=\"row-annat-2\" id=\"annat-2\">\n            Annat\n            \n            <figure class=\"w-4.5 h-4.5\" aria-hidden=\"true\">\n            <svg width=\"20\" height=\"20\" viewBox=\"0 0 20 20\" fill=\"none\"\nclass=\"SvgIconElement\">\n<path d=\"M15.8333 7.16667L9.99992 13L4.16659 7.16667\" stroke=\"currentColor\"\/>\n<\/svg>\n            <\/figure>\n        <\/button>\n        \n                <\/h3>\n        <div class=\"accordion-content\">\n            <div id=\"row-annat-2\" role=\"region\" class=\"accordion-content-wrap\" aria-labelledby=\"annat-2\">\n                                            <div class=\"wysiwyg\">\n                    <p>Det kommer ut\u00f6ver allt annat \u00e4ven finnas tillg\u00e5ng till henna-m\u00e5lning, workshops i olika typer av hantverk, och mycket mer!<\/p>\n\n                <\/div>\n                                        <\/div>\n        <\/div>\n    <\/li>\n            <li class=\"accordion\" data-ui-accordion data-ui-accordion-open=\"false\">\n        <h3>\n        <button data-ui-accordion-button class=\"accordion-toggle font-bold\" aria-expanded=\"false\" aria-controls=\"row-lokalafiranden-3\" id=\"lokalafiranden-3\">\n            Lokala firanden\n            \n            <figure class=\"w-4.5 h-4.5\" aria-hidden=\"true\">\n            <svg width=\"20\" height=\"20\" viewBox=\"0 0 20 20\" fill=\"none\"\nclass=\"SvgIconElement\">\n<path d=\"M15.8333 7.16667L9.99992 13L4.16659 7.16667\" stroke=\"currentColor\"\/>\n<\/svg>\n            <\/figure>\n        <\/button>\n        \n                <\/h3>\n        <div class=\"accordion-content\">\n            <div id=\"row-lokalafiranden-3\" role=\"region\" class=\"accordion-content-wrap\" aria-labelledby=\"lokalafiranden-3\">\n                                            <div class=\"wysiwyg\">\n                    <p>ABF kommer efter Eid-festivalen tillsammans med f\u00f6reningar och samverkansparter runt om i Malm\u00f6 arrangera lokala firanden.<\/p>\n<div>Nydala \ud83d\uddd3\ufe0f 10 juni \ud83d\udd54 Kl. 17:00\u201319:00 \ud83d\udccd Nydalatorget 4<\/div>\n<div>Roseng\u00e5rd \ud83d\uddd3\ufe0f 10 juni \ud83d\udd54 Kl. 17:00\u201319:00 \ud83d\udccd H\u00e5rds V\u00e4g 113<\/div>\n<div>Segev\u00e5ng \ud83d\uddd3\ufe0f 12 juni \ud83d\udd52 Kl. 15:00\u201318:00 \ud83d\udccd Segev\u00e5ngstorget<\/div>\n<div>Lorensborg \ud83d\uddd3\ufe0f 12 juni \ud83d\udd54 Kl. 17:00\u201319:00 \ud83d\udccd Vendelsfridsgatan 13<\/div>\n\n                <\/div>\n                                        <\/div>\n        <\/div>\n    <\/li>\n    <\/ul>\n<div\n    class=\"acf-article-text-block article-container my-12\"\n    data-block=\"article-text-block\"\n>\n    <div class=\"wysiwyg\">\n        <h3><strong data-start=\"895\" data-end=\"920\">Matr\u00e4tter fr\u00e5n flera olika l\u00e4nder<\/strong><\/h3>\n<p>Mat \u00e4r en viktig del av Eid-firandet, och p\u00e5 festivalen kan du smaka r\u00e4tter fr\u00e5n flera olika kulturer.<\/p>\n<h3>Praktisk information<\/h3>\n<p><strong data-start=\"1181\" data-end=\"1191\">\ud83d\uddd3\ufe0f Datum:<\/strong> 7 juni 2025<br \/>\n\ud83d\udd50 <strong>Tid:<\/strong> Klockan 13:30 \u2013 19:30<br \/>\n\ud83d\udccd <strong data-start=\"1209\" data-end=\"1219\">Plats:<\/strong> Folkets Park<br data-start=\"1235\" data-end=\"1238\" \/>\ud83c\udf9f Fri entr\u00e9 \u2013 alla \u00e4r v\u00e4lkomna!<br \/>\n\ud83d\ude8c Ta g\u00e4rna kollektivtrafik till parken s\u00e5 parkeringsplatserna r\u00e4cker till alla!<\/p>\n\n    <\/div>\n<\/div>\n<div\n    class=\"acf-article-cta-link-block article-container my-8\"\n    data-block=\"article-cta-link-block\"\n>\n<div>\n    <a class=\"inline-flex flex-row items-center gap-4 text-link underline text-red-dark\"\n        href=\"https:\/\/fb.me\/e\/3dcHQ3KPE\"\n                target=\"_blank\"\n            >\n        <span class=\"\">\n        F\u00f6lj evenemanget p\u00e5 Facebook\n        <\/span>\n        <figure aria-hidden=\"true\" class=\"rounded-full bg-red-dark w-8 h-8 p-1 text-white\">\n            <svg width=\"20\" height=\"20\" viewBox=\"0 0 20 20\" fill=\"none\" class=\"SvgIconElement\">\n<path d=\"M4.16659 10L15.8333 10\" stroke=\"currentColor\"\/>\n<path d=\"M9.99992 4.1665L15.8333 9.99984L9.99992 15.8332\" stroke=\"currentColor\"\/>\n<\/svg>\n        <\/figure>\n    <\/a>\n<\/div>\n<\/div>\n","protected":false},"excerpt":{"rendered":"","protected":false},"author":24,"featured_media":0,"parent":0,"menu_order":0,"comment_status":"closed","ping_status":"closed","template":"","meta":{"_acf_changed":false,"footnotes":""},"class_list":["post-2310","page","type-page","status-publish","hentry"],"acf":[],"yoast_head":"<!-- This site is optimized with the Yoast SEO plugin v27.0 - https:\/\/yoast.com\/product\/yoast-seo-wordpress\/ -->\n<title>Eid-festival - Malm\u00f6 Sydv\u00e4st<\/title>\n<meta name=\"description\" content=\"7 juni bjuder ABF in till Eid-festivalen i Folkets Park i Malm\u00f6! Det blir en dag fylld av roliga aktiviteter f\u00f6r alla malm\u00f6bor, stora som sm\u00e5.\" \/>\n<meta name=\"robots\" content=\"index, follow, max-snippet:-1, max-image-preview:large, max-video-preview:-1\" \/>\n<link rel=\"canonical\" href=\"https:\/\/www.abf.se\/malmo-sydvast\/eid-festivalen\/\" \/>\n<meta property=\"og:locale\" content=\"sv_SE\" \/>\n<meta property=\"og:type\" content=\"article\" \/>\n<meta property=\"og:title\" content=\"Eid-festivalen\" \/>\n<meta property=\"og:description\" content=\"L\u00f6rdag 7 juni i Folkets Park, Malm\u00f6\" \/>\n<meta property=\"og:url\" content=\"https:\/\/www.abf.se\/malmo-sydvast\/eid-festivalen\/\" \/>\n<meta property=\"og:site_name\" content=\"Malm\u00f6 Sydv\u00e4st\" \/>\n<meta property=\"article:modified_time\" content=\"2025-05-28T06:30:36+00:00\" \/>\n<meta property=\"og:image\" content=\"https:\/\/www.abf.se\/wp-content\/uploads\/sites\/34\/2025\/04\/Eid_EventHeader.jpg\" \/>\n\t<meta property=\"og:image:width\" content=\"1920\" \/>\n\t<meta property=\"og:image:height\" content=\"1005\" \/>\n\t<meta property=\"og:image:type\" content=\"image\/jpeg\" \/>\n<meta name=\"twitter:card\" content=\"summary_large_image\" \/>\n<script type=\"application\/ld+json\" class=\"yoast-schema-graph\">{\"@context\":\"https:\/\/schema.org\",\"@graph\":[{\"@type\":\"WebPage\",\"@id\":\"https:\/\/www.abf.se\/malmo-sydvast\/eid-festivalen\/\",\"url\":\"https:\/\/www.abf.se\/malmo-sydvast\/eid-festivalen\/\",\"name\":\"Eid-festival - Malm\u00f6 Sydv\u00e4st\",\"isPartOf\":{\"@id\":\"https:\/\/www.abf.se\/malmo-sydvast\/#website\"},\"datePublished\":\"2025-04-03T08:26:49+00:00\",\"dateModified\":\"2025-05-28T06:30:36+00:00\",\"description\":\"7 juni bjuder ABF in till Eid-festivalen i Folkets Park i Malm\u00f6! Det blir en dag fylld av roliga aktiviteter f\u00f6r alla malm\u00f6bor, stora som sm\u00e5.\",\"breadcrumb\":{\"@id\":\"https:\/\/www.abf.se\/malmo-sydvast\/eid-festivalen\/#breadcrumb\"},\"inLanguage\":\"sv-SE\",\"potentialAction\":[{\"@type\":\"ReadAction\",\"target\":[\"https:\/\/www.abf.se\/malmo-sydvast\/eid-festivalen\/\"]}]},{\"@type\":\"BreadcrumbList\",\"@id\":\"https:\/\/www.abf.se\/malmo-sydvast\/eid-festivalen\/#breadcrumb\",\"itemListElement\":[{\"@type\":\"ListItem\",\"position\":1,\"name\":\"Home\",\"item\":\"https:\/\/www.abf.se\/malmo-sydvast\/\"},{\"@type\":\"ListItem\",\"position\":2,\"name\":\"Eid-festival\"}]},{\"@type\":\"WebSite\",\"@id\":\"https:\/\/www.abf.se\/malmo-sydvast\/#website\",\"url\":\"https:\/\/www.abf.se\/malmo-sydvast\/\",\"name\":\"Malm\u00f6 Sydv\u00e4st\",\"description\":\"\",\"potentialAction\":[{\"@type\":\"SearchAction\",\"target\":{\"@type\":\"EntryPoint\",\"urlTemplate\":\"https:\/\/www.abf.se\/malmo-sydvast\/?s={search_term_string}\"},\"query-input\":{\"@type\":\"PropertyValueSpecification\",\"valueRequired\":true,\"valueName\":\"search_term_string\"}}],\"inLanguage\":\"sv-SE\"}]}<\/script>\n<!-- \/ Yoast SEO plugin. -->","yoast_head_json":{"title":"Eid-festival - Malm\u00f6 Sydv\u00e4st","description":"7 juni bjuder ABF in till Eid-festivalen i Folkets Park i Malm\u00f6! Det blir en dag fylld av roliga aktiviteter f\u00f6r alla malm\u00f6bor, stora som sm\u00e5.","robots":{"index":"index","follow":"follow","max-snippet":"max-snippet:-1","max-image-preview":"max-image-preview:large","max-video-preview":"max-video-preview:-1"},"canonical":"https:\/\/www.abf.se\/malmo-sydvast\/eid-festivalen\/","og_locale":"sv_SE","og_type":"article","og_title":"Eid-festivalen","og_description":"L\u00f6rdag 7 juni i Folkets Park, Malm\u00f6","og_url":"https:\/\/www.abf.se\/malmo-sydvast\/eid-festivalen\/","og_site_name":"Malm\u00f6 Sydv\u00e4st","article_modified_time":"2025-05-28T06:30:36+00:00","og_image":[{"width":1920,"height":1005,"url":"https:\/\/www.abf.se\/wp-content\/uploads\/sites\/34\/2025\/04\/Eid_EventHeader.jpg","type":"image\/jpeg"}],"twitter_card":"summary_large_image","schema":{"@context":"https:\/\/schema.org","@graph":[{"@type":"WebPage","@id":"https:\/\/www.abf.se\/malmo-sydvast\/eid-festivalen\/","url":"https:\/\/www.abf.se\/malmo-sydvast\/eid-festivalen\/","name":"Eid-festival - Malm\u00f6 Sydv\u00e4st","isPartOf":{"@id":"https:\/\/www.abf.se\/malmo-sydvast\/#website"},"datePublished":"2025-04-03T08:26:49+00:00","dateModified":"2025-05-28T06:30:36+00:00","description":"7 juni bjuder ABF in till Eid-festivalen i Folkets Park i Malm\u00f6! Det blir en dag fylld av roliga aktiviteter f\u00f6r alla malm\u00f6bor, stora som sm\u00e5.","breadcrumb":{"@id":"https:\/\/www.abf.se\/malmo-sydvast\/eid-festivalen\/#breadcrumb"},"inLanguage":"sv-SE","potentialAction":[{"@type":"ReadAction","target":["https:\/\/www.abf.se\/malmo-sydvast\/eid-festivalen\/"]}]},{"@type":"BreadcrumbList","@id":"https:\/\/www.abf.se\/malmo-sydvast\/eid-festivalen\/#breadcrumb","itemListElement":[{"@type":"ListItem","position":1,"name":"Home","item":"https:\/\/www.abf.se\/malmo-sydvast\/"},{"@type":"ListItem","position":2,"name":"Eid-festival"}]},{"@type":"WebSite","@id":"https:\/\/www.abf.se\/malmo-sydvast\/#website","url":"https:\/\/www.abf.se\/malmo-sydvast\/","name":"Malm\u00f6 Sydv\u00e4st","description":"","potentialAction":[{"@type":"SearchAction","target":{"@type":"EntryPoint","urlTemplate":"https:\/\/www.abf.se\/malmo-sydvast\/?s={search_term_string}"},"query-input":{"@type":"PropertyValueSpecification","valueRequired":true,"valueName":"search_term_string"}}],"inLanguage":"sv-SE"}]}},"_links":{"self":[{"href":"https:\/\/www.abf.se\/malmo-sydvast\/wp-json\/wp\/v2\/pages\/2310","targetHints":{"allow":["GET"]}}],"collection":[{"href":"https:\/\/www.abf.se\/malmo-sydvast\/wp-json\/wp\/v2\/pages"}],"about":[{"href":"https:\/\/www.abf.se\/malmo-sydvast\/wp-json\/wp\/v2\/types\/page"}],"author":[{"embeddable":true,"href":"https:\/\/www.abf.se\/malmo-sydvast\/wp-json\/wp\/v2\/users\/24"}],"replies":[{"embeddable":true,"href":"https:\/\/www.abf.se\/malmo-sydvast\/wp-json\/wp\/v2\/comments?post=2310"}],"version-history":[{"count":34,"href":"https:\/\/www.abf.se\/malmo-sydvast\/wp-json\/wp\/v2\/pages\/2310\/revisions"}],"predecessor-version":[{"id":2531,"href":"https:\/\/www.abf.se\/malmo-sydvast\/wp-json\/wp\/v2\/pages\/2310\/revisions\/2531"}],"wp:attachment":[{"href":"https:\/\/www.abf.se\/malmo-sydvast\/wp-json\/wp\/v2\/media?parent=2310"}],"curies":[{"name":"wp","href":"https:\/\/api.w.org\/{rel}","templated":true}]}}