{"id":727,"date":"2024-04-18T10:27:35","date_gmt":"2024-04-18T08:27:35","guid":{"rendered":"https:\/\/www.abf.se\/malmo\/?page_id=727"},"modified":"2026-02-16T13:42:45","modified_gmt":"2026-02-16T12:42:45","slug":"tillganglighet","status":"publish","type":"page","link":"https:\/\/www.abf.se\/malmo-sydvast\/tillganglighet\/","title":{"rendered":"Tillg\u00e4nglighet"},"content":{"rendered":"<div\n    class=\"acf-hero-block container-lg no-padding mb-12 js-geolocation\"\n    data-block=\"hero-block\"\n    data-index=\"0\"\n>\n    <div class=\"h-[548px]  relative rounded-[32px] overflow-hidden flex bg-gray-light\">\n        <div class=\"relative z-10 mt-auto h-auto w-full md:h-full\">\n            <div class=\"flex w-full h-full flex-col flex-wrap justify-end w-full md:w-7\/12 lg:w-1\/2 md:justify-center\">\n                <div class=\"flex flex-col gap-3 md:gap-[18px] md:transparent pt-16 pb-36 md:py-8 px-4 w-full md:max-w-[620px] mx-auto px-8\">\n\n                    <h1 class=\"hero-heading hero-heading--red-text\"><span>Tillg\u00e4nglighet<\/span><\/h1>\n\n                    \n                                    <\/div>\n            <\/div>\n        <\/div>\n\n                    <picture class=\"as-background-image mix-blend-multiply bg-black\/40\"><img decoding=\"async\" src=\"https:\/\/www.abf.se\/malmo-sydvast\/resized\/?url=https%3A%2F%2Fwww.abf.se%2Fwp-content%2Fuploads%2Fsites%2F34%2F2024%2F03%2FNyckeln-liggande-scaled.jpg&#038;fit=crop&#038;w=1440&#038;s=0f04084185f056cc199e91cf5343a740\" srcset=\"https:\/\/www.abf.se\/malmo-sydvast\/resized\/?url=https%3A%2F%2Fwww.abf.se%2Fwp-content%2Fuploads%2Fsites%2F34%2F2024%2F03%2FNyckeln-liggande-scaled.jpg&#038;fit=crop&#038;w=375&#038;h=540&#038;s=7a8269334f4b4d8fd7f57d004da14f16 375w, https:\/\/www.abf.se\/malmo-sydvast\/resized\/?url=https%3A%2F%2Fwww.abf.se%2Fwp-content%2Fuploads%2Fsites%2F34%2F2024%2F03%2FNyckeln-liggande-scaled.jpg&#038;fit=crop&#038;w=447&#038;h=540&#038;s=107c60815fc715f43ed63d6e229e8b38 447w, https:\/\/www.abf.se\/malmo-sydvast\/resized\/?url=https%3A%2F%2Fwww.abf.se%2Fwp-content%2Fuploads%2Fsites%2F34%2F2024%2F03%2FNyckeln-liggande-scaled.jpg&#038;fit=crop&#038;w=519&#038;h=540&#038;s=cc215c3573b5838c8c6ebb7d5eeeaa4c 519w, https:\/\/www.abf.se\/malmo-sydvast\/resized\/?url=https%3A%2F%2Fwww.abf.se%2Fwp-content%2Fuploads%2Fsites%2F34%2F2024%2F03%2FNyckeln-liggande-scaled.jpg&#038;fit=crop&#038;w=591&#038;h=540&#038;s=fa407a80835a11a92823dc35b3c1528c 591w, https:\/\/www.abf.se\/malmo-sydvast\/resized\/?url=https%3A%2F%2Fwww.abf.se%2Fwp-content%2Fuploads%2Fsites%2F34%2F2024%2F03%2FNyckeln-liggande-scaled.jpg&#038;fit=crop&#038;w=663&#038;h=540&#038;s=05f82505e0afcf552fd06d9ab7d69c47 663w, https:\/\/www.abf.se\/malmo-sydvast\/resized\/?url=https%3A%2F%2Fwww.abf.se%2Fwp-content%2Fuploads%2Fsites%2F34%2F2024%2F03%2FNyckeln-liggande-scaled.jpg&#038;fit=crop&#038;w=750&#038;h=540&#038;s=ecaf036549a1a2a7ca9b874ef9b11224 750w, https:\/\/www.abf.se\/malmo-sydvast\/resized\/?url=https%3A%2F%2Fwww.abf.se%2Fwp-content%2Fuploads%2Fsites%2F34%2F2024%2F03%2FNyckeln-liggande-scaled.jpg&#038;fit=crop&#038;w=894&#038;h=540&#038;s=b7436be84d9984244cfd6b285470142f 894w, https:\/\/www.abf.se\/malmo-sydvast\/resized\/?url=https%3A%2F%2Fwww.abf.se%2Fwp-content%2Fuploads%2Fsites%2F34%2F2024%2F03%2FNyckeln-liggande-scaled.jpg&#038;fit=crop&#038;w=1038&#038;h=540&#038;s=481439738ec8e767392d1ea41395a13d 1038w, https:\/\/www.abf.se\/malmo-sydvast\/resized\/?url=https%3A%2F%2Fwww.abf.se%2Fwp-content%2Fuploads%2Fsites%2F34%2F2024%2F03%2FNyckeln-liggande-scaled.jpg&#038;fit=crop&#038;w=1182&#038;h=540&#038;s=fedd5a07486ce53b3823a45488e7ff7b 1182w, https:\/\/www.abf.se\/malmo-sydvast\/resized\/?url=https%3A%2F%2Fwww.abf.se%2Fwp-content%2Fuploads%2Fsites%2F34%2F2024%2F03%2FNyckeln-liggande-scaled.jpg&#038;fit=crop&#038;w=1326&#038;h=540&#038;s=3cbe7494edbd7e0749c8092bec494da9 1326w, https:\/\/www.abf.se\/malmo-sydvast\/resized\/?url=https%3A%2F%2Fwww.abf.se%2Fwp-content%2Fuploads%2Fsites%2F34%2F2024%2F03%2FNyckeln-liggande-scaled.jpg&#038;fit=crop&#038;w=1440&#038;h=540&#038;s=8800725e4839bae7c038f1d72db3cc97 1440w\" alt=\"\" height=\"540\" width=\"1440\" sizes=\"(max-width: 1440px) calc(100vw - 32px), 1440px\" loading=\"eager\" fetchpriority=\"high\" aria-hidden=\"true\" role=\"presentation\" \/><\/picture>\n        \n\n            <\/div>\n\n    <\/div>\n\n<div\n    class=\"acf-article-text-block article-container my-12\"\n    data-block=\"article-text-block\"\n>\n    <div class=\"wysiwyg\">\n        <h2>Inkluderingspolicy<\/h2>\n<p>Allas lika r\u00e4tt att delta \u00e4r en viktig del av ABFs v\u00e4rdegrund. V\u00e5rt folkbildningsarbete drivs av viljan att ge m\u00e4nniskor m\u00f6jligheter att bilda och utveckla sig sj\u00e4lva.\u00a0ABFs inkluderingsarbete handlar om att skapa mer j\u00e4mlikhet p\u00e5 alla niv\u00e5er i ABF. Alla i ABF har b\u00e5de en m\u00f6jlighet och ett ansvar att ta bort hinder f\u00f6r inkludering.<span class=\"Apple-converted-space\">\u00a0<\/span>Vi tar oss an arbetet med att bli ett \u00e4nnu mer inkluderande ABF tillsammans.<span class=\"Apple-converted-space\">\u00a0<\/span>H\u00e4r kan du l\u00e4sa <a href=\"https:\/\/www.abf.se\/wp-content\/uploads\/sites\/34\/2024\/09\/inkluderingspolicy_webb.pdf\">ABF:s inkluderingspolicy (PDF)<\/a>.<\/p>\n<h2>Tolkning<\/h2>\n<p><b>Behov av tolk:<\/b> Om du \u00e4r i behov av teckenspr\u00e5ks, d\u00f6vblinds-, eller skrivtolkning, kan du boka detta via <a href=\"https:\/\/vard.skane.se\/habilitering-och-hjalpmedel\/stod-och-behandling\/bestalla-tolk\/\">Region Sk\u00e5nes tolktj\u00e4nst (l\u00e4nk)<\/a>.\u00a0Deras tolktj\u00e4nst kostar inget och riktar sig till dig som har nedsatt h\u00f6rsel, \u00e4r d\u00f6v eller har en kombinerad syn- och h\u00f6rselneds\u00e4ttning eller d\u00f6vblindhet.<\/p>\n<p><b>Du som tolkar:<\/b> Om du som tolk vill ta del av manus i f\u00f6rv\u00e4g, kontaka <a href=\"mailto:info.malmosydvast@abf.se\">info.malmosydvast@abf.se<\/a>. Vi unders\u00f6ker om det \u00e4r m\u00f6jligt och \u00e5terkopplar till dig!<\/p>\n<h2>Malm\u00f6nyckeln<\/h2>\n<p class=\"normal\">Malm\u00f6nyckeln \u00e4r ett kort som du visar upp\u00a0n\u00e4r du g\u00e5r till en aktivitet\u00a0och har med dig en st\u00f6dperson.\u00a0Du betalar f\u00f6r din egen aktivitet,\u00a0men Malm\u00f6nyckeln g\u00f6r\u00a0att din st\u00f6dperson g\u00e5r in gratis. P\u00e5 ABF g\u00e4ller Malm\u00f6nyckeln. <a href=\"https:\/\/malmo.se\/malmonyckeln\" target=\"_blank\" rel=\"noopener\">L\u00e4s mer om Malm\u00f6nyckeln h\u00e4r.<\/a><\/p>\n<h2>Tillg\u00e4nglighet i ABF-huset p\u00e5 Sp\u00e5nehusv\u00e4gen 47<\/h2>\n<ul>\n<li>Hela ABF-huset (Sp\u00e5nehusv\u00e4gen 47) \u00e4r tillg\u00e4nglighetsanpassat.<\/li>\n<li>Vi har en hj\u00e4rtstartare p\u00e5 bottenplan.<\/li>\n<li>Tr\u00e5dl\u00f6s h\u00f6rslinga finns installerad i Lilla Salen och Stora Salen. \u00d6ronsn\u00e4cka och halsslinga (T-slinga) finns att l\u00e5na.<\/li>\n<li>Vi har tillg\u00e4ngliga toaletter p\u00e5 alla v\u00e5ningsplan. Alla toaletter \u00e4r k\u00f6nsneutrala.<\/li>\n<li>Din ledarhund \u00e4r v\u00e4lkommen hos oss. Eftersom vi arbetar med astma- och allergif\u00f6reningar \u00e4r inga andra djur till\u00e5tna i v\u00e5ra lokaler.<\/li>\n<li>Vi har skyltning om att undvika starka dofter.<\/li>\n<\/ul>\n<h2>Tillg\u00e4nglighet i resterande lokaler<\/h2>\n<ul>\n<li>ABF p\u00e5 f\u00f6ljande adresser \u00e4r tillg\u00e4nglighetsanpassat: Porslinsgatan 3 Malm\u00f6, F\u00f6reningsgatan 54 Malm\u00f6.<\/li>\n<li>Hj\u00e4rtstartare finns.<\/li>\n<li>Tillg\u00e4ngliga toaletter finns. Alla toaletter \u00e4r k\u00f6nsneutrala.<\/li>\n<li>Din ledarhund \u00e4r v\u00e4lkommen hos oss.<\/li>\n<\/ul>\n\n    <\/div>\n<\/div>\n<div\n    class=\"acf-quick-link-block bg-red py-12 md:py-20\"\n    data-block=\"quick-link-block\"\n>\n    <div class=\"container\">\n        \n        <div\n            class=\"px-5 content:px-0 grid grid-cols-1 gap-8 lg:grid-cols-3\">\n            \n            <article\nclass=\"round-corners-sm p-6 relative group grid grid-rows-[subgrid] row-[span_3] gap-4 bg-white text-red\"\n>\n            <h3\n        class=\"heading-sm group-hover:underline text-red\">\n            <a href=\"https:\/\/www.abf.se\/malmo\/kontakt\/boka-lokal\/\" class=\"expanded-hit-area\" target=\"\">\n                Boka lokal\n            <\/a>\n        <\/h3>\n                <p class=\"body-md text-gray-text\">\n            Vill ni arrangera en f\u00f6rel\u00e4sning, workshop eller annat event? G\u00f6r det tillsammans med ABF!\u00a0Vi kan erbjuda gratis lokaler, resurser och pedagogiskt st\u00f6d genom att ni rapporterar era folkbildande aktiviteter till oss.\u00a0Du bokar lokal i samband med att du anm\u00e4ler din aktivitet.\n        <\/p>\n        <figure\n    class=\"w-[38px] h-[38px] rounded-full p-2 group-hover:scale-110 transition-transform duration-300 self-end pointer-events-none bg-red text-white\">\n        <svg width=\"20\" height=\"20\" viewBox=\"0 0 20 20\" fill=\"none\" class=\"SvgIconElement\">\n<path d=\"M4.16659 10L15.8333 10\" stroke=\"currentColor\"\/>\n<path d=\"M9.99992 4.1665L15.8333 9.99984L9.99992 15.8332\" stroke=\"currentColor\"\/>\n<\/svg>\n    <\/figure>\n<\/article>            \n            <article\nclass=\"round-corners-sm p-6 relative group grid grid-rows-[subgrid] row-[span_3] gap-4 bg-white text-red\"\n>\n            <h3\n        class=\"heading-sm group-hover:underline text-red\">\n            <a href=\"https:\/\/www.abf.se\/malmo\/samarbeta-som-forening\/\" class=\"expanded-hit-area\" target=\"\">\n                Samarbeta med ABF\n            <\/a>\n        <\/h3>\n                <p class=\"body-md text-gray-text\">\n            \u00d6ver 300 f\u00f6reningar \u00e4r organiserade hos ABF Malm\u00f6. Vi \u00e4r f\u00f6reningarnas m\u00f6jligg\u00f6rare! Vi \u00e4r er resurs s\u00e5 att ni kan g\u00f6ra fantastisk folkbildning. Anv\u00e4nd ABF och f\u00f6r\u00e4ndra tillsammans med andra!\r\n\n        <\/p>\n        <figure\n    class=\"w-[38px] h-[38px] rounded-full p-2 group-hover:scale-110 transition-transform duration-300 self-end pointer-events-none bg-red text-white\">\n        <svg width=\"20\" height=\"20\" viewBox=\"0 0 20 20\" fill=\"none\" class=\"SvgIconElement\">\n<path d=\"M4.16659 10L15.8333 10\" stroke=\"currentColor\"\/>\n<path d=\"M9.99992 4.1665L15.8333 9.99984L9.99992 15.8332\" stroke=\"currentColor\"\/>\n<\/svg>\n    <\/figure>\n<\/article>            \n            <article\nclass=\"round-corners-sm p-6 relative group grid grid-rows-[subgrid] row-[span_3] gap-4 bg-white text-red\"\n>\n            <h3\n        class=\"heading-sm group-hover:underline text-red\">\n            <a href=\"https:\/\/www.abf.se\/malmo\/om-abf-och-folkbildning\/\" class=\"expanded-hit-area\" target=\"\">\n                Om ABF\n            <\/a>\n        <\/h3>\n                <p class=\"body-md text-gray-text\">\n            ABF \u00e4r ett studief\u00f6rbund och en m\u00f6tesplats. Kom till oss f\u00f6r kreativitet, gemenskap och samh\u00e4llsf\u00f6r\u00e4ndring! Vi har r\u00f6tter i arbetarr\u00f6relsen och arbetar f\u00f6r att motverka klassamh\u00e4llet. Genom att organisera oss och l\u00e4ra av varandra, l\u00e4gger vi tillsammans grunden till en h\u00e5llbar v\u00e4rld.\r\n\n        <\/p>\n        <figure\n    class=\"w-[38px] h-[38px] rounded-full p-2 group-hover:scale-110 transition-transform duration-300 self-end pointer-events-none bg-red text-white\">\n        <svg width=\"20\" height=\"20\" viewBox=\"0 0 20 20\" fill=\"none\" class=\"SvgIconElement\">\n<path d=\"M4.16659 10L15.8333 10\" stroke=\"currentColor\"\/>\n<path d=\"M9.99992 4.1665L15.8333 9.99984L9.99992 15.8332\" stroke=\"currentColor\"\/>\n<\/svg>\n    <\/figure>\n<\/article>                    <\/div>\n    <\/div>\n<\/div>\n","protected":false},"excerpt":{"rendered":"","protected":false},"author":9,"featured_media":0,"parent":0,"menu_order":0,"comment_status":"closed","ping_status":"closed","template":"","meta":{"_acf_changed":false,"footnotes":""},"class_list":["post-727","page","type-page","status-publish","hentry"],"acf":[],"yoast_head":"<!-- This site is optimized with the Yoast SEO plugin v27.0 - https:\/\/yoast.com\/product\/yoast-seo-wordpress\/ -->\n<title>Tillg\u00e4nglighet - Malm\u00f6 Sydv\u00e4st<\/title>\n<meta name=\"robots\" content=\"index, follow, max-snippet:-1, max-image-preview:large, max-video-preview:-1\" \/>\n<link rel=\"canonical\" href=\"https:\/\/www.abf.se\/malmo-sydvast\/tillganglighet\/\" \/>\n<meta property=\"og:locale\" content=\"sv_SE\" \/>\n<meta property=\"og:type\" content=\"article\" \/>\n<meta property=\"og:title\" content=\"Tillg\u00e4nglighet - Malm\u00f6 Sydv\u00e4st\" \/>\n<meta property=\"og:url\" content=\"https:\/\/www.abf.se\/malmo-sydvast\/tillganglighet\/\" \/>\n<meta property=\"og:site_name\" content=\"Malm\u00f6 Sydv\u00e4st\" \/>\n<meta property=\"article:modified_time\" content=\"2026-02-16T12:42:45+00:00\" \/>\n<meta property=\"og:image\" content=\"https:\/\/www.abf.se\/wp-content\/uploads\/sites\/34\/2024\/03\/Nyckeln-liggande-scaled.jpg\" \/>\n\t<meta property=\"og:image:width\" content=\"2560\" \/>\n\t<meta property=\"og:image:height\" content=\"1440\" \/>\n\t<meta property=\"og:image:type\" content=\"image\/jpeg\" \/>\n<meta name=\"twitter:card\" content=\"summary_large_image\" \/>\n<script type=\"application\/ld+json\" class=\"yoast-schema-graph\">{\"@context\":\"https:\/\/schema.org\",\"@graph\":[{\"@type\":\"WebPage\",\"@id\":\"https:\/\/www.abf.se\/malmo-sydvast\/tillganglighet\/\",\"url\":\"https:\/\/www.abf.se\/malmo-sydvast\/tillganglighet\/\",\"name\":\"Tillg\u00e4nglighet - Malm\u00f6 Sydv\u00e4st\",\"isPartOf\":{\"@id\":\"https:\/\/www.abf.se\/malmo-sydvast\/#website\"},\"datePublished\":\"2024-04-18T08:27:35+00:00\",\"dateModified\":\"2026-02-16T12:42:45+00:00\",\"breadcrumb\":{\"@id\":\"https:\/\/www.abf.se\/malmo-sydvast\/tillganglighet\/#breadcrumb\"},\"inLanguage\":\"sv-SE\",\"potentialAction\":[{\"@type\":\"ReadAction\",\"target\":[\"https:\/\/www.abf.se\/malmo-sydvast\/tillganglighet\/\"]}]},{\"@type\":\"BreadcrumbList\",\"@id\":\"https:\/\/www.abf.se\/malmo-sydvast\/tillganglighet\/#breadcrumb\",\"itemListElement\":[{\"@type\":\"ListItem\",\"position\":1,\"name\":\"Home\",\"item\":\"https:\/\/www.abf.se\/malmo-sydvast\/\"},{\"@type\":\"ListItem\",\"position\":2,\"name\":\"Tillg\u00e4nglighet\"}]},{\"@type\":\"WebSite\",\"@id\":\"https:\/\/www.abf.se\/malmo-sydvast\/#website\",\"url\":\"https:\/\/www.abf.se\/malmo-sydvast\/\",\"name\":\"Malm\u00f6 Sydv\u00e4st\",\"description\":\"\",\"potentialAction\":[{\"@type\":\"SearchAction\",\"target\":{\"@type\":\"EntryPoint\",\"urlTemplate\":\"https:\/\/www.abf.se\/malmo-sydvast\/?s={search_term_string}\"},\"query-input\":{\"@type\":\"PropertyValueSpecification\",\"valueRequired\":true,\"valueName\":\"search_term_string\"}}],\"inLanguage\":\"sv-SE\"}]}<\/script>\n<!-- \/ Yoast SEO plugin. -->","yoast_head_json":{"title":"Tillg\u00e4nglighet - Malm\u00f6 Sydv\u00e4st","robots":{"index":"index","follow":"follow","max-snippet":"max-snippet:-1","max-image-preview":"max-image-preview:large","max-video-preview":"max-video-preview:-1"},"canonical":"https:\/\/www.abf.se\/malmo-sydvast\/tillganglighet\/","og_locale":"sv_SE","og_type":"article","og_title":"Tillg\u00e4nglighet - Malm\u00f6 Sydv\u00e4st","og_url":"https:\/\/www.abf.se\/malmo-sydvast\/tillganglighet\/","og_site_name":"Malm\u00f6 Sydv\u00e4st","article_modified_time":"2026-02-16T12:42:45+00:00","og_image":[{"width":2560,"height":1440,"url":"https:\/\/www.abf.se\/wp-content\/uploads\/sites\/34\/2024\/03\/Nyckeln-liggande-scaled.jpg","type":"image\/jpeg"}],"twitter_card":"summary_large_image","schema":{"@context":"https:\/\/schema.org","@graph":[{"@type":"WebPage","@id":"https:\/\/www.abf.se\/malmo-sydvast\/tillganglighet\/","url":"https:\/\/www.abf.se\/malmo-sydvast\/tillganglighet\/","name":"Tillg\u00e4nglighet - Malm\u00f6 Sydv\u00e4st","isPartOf":{"@id":"https:\/\/www.abf.se\/malmo-sydvast\/#website"},"datePublished":"2024-04-18T08:27:35+00:00","dateModified":"2026-02-16T12:42:45+00:00","breadcrumb":{"@id":"https:\/\/www.abf.se\/malmo-sydvast\/tillganglighet\/#breadcrumb"},"inLanguage":"sv-SE","potentialAction":[{"@type":"ReadAction","target":["https:\/\/www.abf.se\/malmo-sydvast\/tillganglighet\/"]}]},{"@type":"BreadcrumbList","@id":"https:\/\/www.abf.se\/malmo-sydvast\/tillganglighet\/#breadcrumb","itemListElement":[{"@type":"ListItem","position":1,"name":"Home","item":"https:\/\/www.abf.se\/malmo-sydvast\/"},{"@type":"ListItem","position":2,"name":"Tillg\u00e4nglighet"}]},{"@type":"WebSite","@id":"https:\/\/www.abf.se\/malmo-sydvast\/#website","url":"https:\/\/www.abf.se\/malmo-sydvast\/","name":"Malm\u00f6 Sydv\u00e4st","description":"","potentialAction":[{"@type":"SearchAction","target":{"@type":"EntryPoint","urlTemplate":"https:\/\/www.abf.se\/malmo-sydvast\/?s={search_term_string}"},"query-input":{"@type":"PropertyValueSpecification","valueRequired":true,"valueName":"search_term_string"}}],"inLanguage":"sv-SE"}]}},"_links":{"self":[{"href":"https:\/\/www.abf.se\/malmo-sydvast\/wp-json\/wp\/v2\/pages\/727","targetHints":{"allow":["GET"]}}],"collection":[{"href":"https:\/\/www.abf.se\/malmo-sydvast\/wp-json\/wp\/v2\/pages"}],"about":[{"href":"https:\/\/www.abf.se\/malmo-sydvast\/wp-json\/wp\/v2\/types\/page"}],"author":[{"embeddable":true,"href":"https:\/\/www.abf.se\/malmo-sydvast\/wp-json\/wp\/v2\/users\/9"}],"replies":[{"embeddable":true,"href":"https:\/\/www.abf.se\/malmo-sydvast\/wp-json\/wp\/v2\/comments?post=727"}],"version-history":[{"count":10,"href":"https:\/\/www.abf.se\/malmo-sydvast\/wp-json\/wp\/v2\/pages\/727\/revisions"}],"predecessor-version":[{"id":3799,"href":"https:\/\/www.abf.se\/malmo-sydvast\/wp-json\/wp\/v2\/pages\/727\/revisions\/3799"}],"wp:attachment":[{"href":"https:\/\/www.abf.se\/malmo-sydvast\/wp-json\/wp\/v2\/media?parent=727"}],"curies":[{"name":"wp","href":"https:\/\/api.w.org\/{rel}","templated":true}]}}