{"id":124,"date":"2025-11-27T11:56:24","date_gmt":"2025-11-27T10:56:24","guid":{"rendered":"https:\/\/www.abf.se\/mitt-i-lappland\/?page_id=124"},"modified":"2025-11-27T11:56:24","modified_gmt":"2025-11-27T10:56:24","slug":"projekt-utorpia-i-dorotea","status":"publish","type":"page","link":"https:\/\/www.abf.se\/mitt-i-lappland\/projekt-utorpia-i-dorotea\/","title":{"rendered":"Projekt Utorpia i Dorotea"},"content":{"rendered":"<div\n    class=\"acf-text-image-block container my-12 md:my-15\"\n    data-block=\"text-image-block\"\n>\n    <div\n    class=\"flex flex-col items-center md:flex-row gap-8 md:gap-0 justify-between\">\n                        <div class=\"w-full md:w-1\/2 md:order-2\">\n            <picture><img decoding=\"async\" src=\"https:\/\/www.abf.se\/mitt-i-lappland\/resized\/?url=https%3A%2F%2Fwww.abf.se%2Fwp-content%2Fuploads%2Fsites%2F67%2F2025%2F11%2FIMG_2799.jpeg&#038;fit=crop&#038;w=578&#038;s=725cbbe964aa9f099d2935b464b435bf\" srcset=\"https:\/\/www.abf.se\/mitt-i-lappland\/resized\/?url=https%3A%2F%2Fwww.abf.se%2Fwp-content%2Fuploads%2Fsites%2F67%2F2025%2F11%2FIMG_2799.jpeg&#038;fit=crop&#038;w=144&#038;h=126&#038;s=70e530659dae7acee71d1e47f57aed18 144w, https:\/\/www.abf.se\/mitt-i-lappland\/resized\/?url=https%3A%2F%2Fwww.abf.se%2Fwp-content%2Fuploads%2Fsites%2F67%2F2025%2F11%2FIMG_2799.jpeg&#038;fit=crop&#038;w=240&#038;h=211&#038;s=f6589a0b727f60bc3e885d82314dc124 240w, https:\/\/www.abf.se\/mitt-i-lappland\/resized\/?url=https%3A%2F%2Fwww.abf.se%2Fwp-content%2Fuploads%2Fsites%2F67%2F2025%2F11%2FIMG_2799.jpeg&#038;fit=crop&#038;w=288&#038;h=253&#038;s=70d64f227da631da405172b45fd6dc9d 288w, https:\/\/www.abf.se\/mitt-i-lappland\/resized\/?url=https%3A%2F%2Fwww.abf.se%2Fwp-content%2Fuploads%2Fsites%2F67%2F2025%2F11%2FIMG_2799.jpeg&#038;fit=crop&#038;w=336&#038;h=295&#038;s=3f944f4bd57dfa44cb7725b71788a514 336w, https:\/\/www.abf.se\/mitt-i-lappland\/resized\/?url=https%3A%2F%2Fwww.abf.se%2Fwp-content%2Fuploads%2Fsites%2F67%2F2025%2F11%2FIMG_2799.jpeg&#038;fit=crop&#038;w=432&#038;h=380&#038;s=0333edf5c9a1f4021fb4e18f3f725979 432w, https:\/\/www.abf.se\/mitt-i-lappland\/resized\/?url=https%3A%2F%2Fwww.abf.se%2Fwp-content%2Fuploads%2Fsites%2F67%2F2025%2F11%2FIMG_2799.jpeg&#038;fit=crop&#038;w=480&#038;h=422&#038;s=9669e5b35c97c0b2ffc91f20aaa05b9b 480w, https:\/\/www.abf.se\/mitt-i-lappland\/resized\/?url=https%3A%2F%2Fwww.abf.se%2Fwp-content%2Fuploads%2Fsites%2F67%2F2025%2F11%2FIMG_2799.jpeg&#038;fit=crop&#038;w=528&#038;h=464&#038;s=d258e4e6440207a3430128a3d9cbeb05 528w, https:\/\/www.abf.se\/mitt-i-lappland\/resized\/?url=https%3A%2F%2Fwww.abf.se%2Fwp-content%2Fuploads%2Fsites%2F67%2F2025%2F11%2FIMG_2799.jpeg&#038;fit=crop&#038;w=578&#038;h=509&#038;s=f0672d676494d3946814e17d63c6b304 578w, https:\/\/www.abf.se\/mitt-i-lappland\/resized\/?url=https%3A%2F%2Fwww.abf.se%2Fwp-content%2Fuploads%2Fsites%2F67%2F2025%2F11%2FIMG_2799.jpeg&#038;fit=crop&#038;w=672&#038;h=591&#038;s=af4dd4cc29352c6e303b554080360a58 672w, https:\/\/www.abf.se\/mitt-i-lappland\/resized\/?url=https%3A%2F%2Fwww.abf.se%2Fwp-content%2Fuploads%2Fsites%2F67%2F2025%2F11%2FIMG_2799.jpeg&#038;fit=crop&#038;w=864&#038;h=760&#038;s=2ff81c5607b44bfe1f7fe0f0d2794c60 864w, https:\/\/www.abf.se\/mitt-i-lappland\/resized\/?url=https%3A%2F%2Fwww.abf.se%2Fwp-content%2Fuploads%2Fsites%2F67%2F2025%2F11%2FIMG_2799.jpeg&#038;fit=crop&#038;w=1056&#038;h=929&#038;s=33439e22640458cb72e6432b55d4a92b 1056w\" alt=\"\" height=\"509\" width=\"578\" sizes=\"auto, (max-width: 768px) 100vw,\n                (max-width: 1280px) 50vw, 578px\" loading=\"lazy\" fetchpriority=\"low\" \/><\/picture>\n\n        <\/div>\n        \n        <div class=\"w-full md:w-1\/2 md:order-1\">\n        <div class=\"mx-auto md:max-w-[368px]\">\n            <h2 class=\"heading-lg\">UTORPIA 2024<\/h2>\n            <div class=\"mb-6 mt-4 wysiwyg\">\n                <p>Syftet med projektet \u00e4r att lyfta, st\u00e4rka och synligg\u00f6ra Pride i V\u00e4sterbottens inland, genom att placera Prideskulpturer.<\/p>\n<p>M\u00e5let med projektet \u00e4r att skapa och placera ut 10-12 tr\u00e4skulpturer inom \u00e4mnet Pride, samt att skapa en dokument\u00e4rfilm.<\/p>\n<p>Projektet best\u00e5r i: Planering, genomf\u00f6rande av symposium, filmproduktion, dokumentation och administration.<\/p>\n<p>Filmen som skapas har vi som m\u00e5ls\u00e4ttning att visa p\u00e5 festivaler runt om i Sverige.<\/p>\n<p>&nbsp;<\/p>\n\n            <\/div>\n                    <\/div>\n        <\/div>\n    <\/div>\n<\/div><div\n    class=\"acf-text-image-block container my-12 md:my-15\"\n    data-block=\"text-image-block\"\n>\n    <div\n    class=\"flex flex-col items-center md:flex-row gap-8 md:gap-0 justify-between\">\n                        <div class=\"w-full md:w-1\/2 md:order-2\">\n            <picture><img decoding=\"async\" src=\"https:\/\/www.abf.se\/mitt-i-lappland\/resized\/?url=https%3A%2F%2Fwww.abf.se%2Fwp-content%2Fuploads%2Fsites%2F67%2F2025%2F11%2Futorpia.jpg&#038;fit=crop&#038;w=578&#038;s=96025810306bb3f7e39550916079cabf\" srcset=\"https:\/\/www.abf.se\/mitt-i-lappland\/resized\/?url=https%3A%2F%2Fwww.abf.se%2Fwp-content%2Fuploads%2Fsites%2F67%2F2025%2F11%2Futorpia.jpg&#038;fit=crop&#038;w=144&#038;h=126&#038;s=dc40625aa1c72b951936fe28e667249c 144w, https:\/\/www.abf.se\/mitt-i-lappland\/resized\/?url=https%3A%2F%2Fwww.abf.se%2Fwp-content%2Fuploads%2Fsites%2F67%2F2025%2F11%2Futorpia.jpg&#038;fit=crop&#038;w=240&#038;h=211&#038;s=f2e61e117b94ca18a4ee864b4fa8c796 240w, https:\/\/www.abf.se\/mitt-i-lappland\/resized\/?url=https%3A%2F%2Fwww.abf.se%2Fwp-content%2Fuploads%2Fsites%2F67%2F2025%2F11%2Futorpia.jpg&#038;fit=crop&#038;w=288&#038;h=253&#038;s=daf3030b66c5626a16234b05df9b5e04 288w, https:\/\/www.abf.se\/mitt-i-lappland\/resized\/?url=https%3A%2F%2Fwww.abf.se%2Fwp-content%2Fuploads%2Fsites%2F67%2F2025%2F11%2Futorpia.jpg&#038;fit=crop&#038;w=336&#038;h=295&#038;s=23c664ae56249d100dc55182dd41771e 336w, https:\/\/www.abf.se\/mitt-i-lappland\/resized\/?url=https%3A%2F%2Fwww.abf.se%2Fwp-content%2Fuploads%2Fsites%2F67%2F2025%2F11%2Futorpia.jpg&#038;fit=crop&#038;w=432&#038;h=380&#038;s=33ae6c1b006d501e4a791f228aaf0685 432w, https:\/\/www.abf.se\/mitt-i-lappland\/resized\/?url=https%3A%2F%2Fwww.abf.se%2Fwp-content%2Fuploads%2Fsites%2F67%2F2025%2F11%2Futorpia.jpg&#038;fit=crop&#038;w=480&#038;h=422&#038;s=8584ac4c081e3edc954e0b64fd49d680 480w, https:\/\/www.abf.se\/mitt-i-lappland\/resized\/?url=https%3A%2F%2Fwww.abf.se%2Fwp-content%2Fuploads%2Fsites%2F67%2F2025%2F11%2Futorpia.jpg&#038;fit=crop&#038;w=528&#038;h=464&#038;s=fe5dd34f3bf78a879f30df973742bf9b 528w, https:\/\/www.abf.se\/mitt-i-lappland\/resized\/?url=https%3A%2F%2Fwww.abf.se%2Fwp-content%2Fuploads%2Fsites%2F67%2F2025%2F11%2Futorpia.jpg&#038;fit=crop&#038;w=578&#038;h=509&#038;s=9882e3a6ff18665ab79c1d8f2965e92c 578w, https:\/\/www.abf.se\/mitt-i-lappland\/resized\/?url=https%3A%2F%2Fwww.abf.se%2Fwp-content%2Fuploads%2Fsites%2F67%2F2025%2F11%2Futorpia.jpg&#038;fit=crop&#038;w=672&#038;h=591&#038;s=eec614dba51acb282d0dba010f4d865f 672w, https:\/\/www.abf.se\/mitt-i-lappland\/resized\/?url=https%3A%2F%2Fwww.abf.se%2Fwp-content%2Fuploads%2Fsites%2F67%2F2025%2F11%2Futorpia.jpg&#038;fit=crop&#038;w=864&#038;h=760&#038;s=8898111218071acef93241b28c121cdf 864w, https:\/\/www.abf.se\/mitt-i-lappland\/resized\/?url=https%3A%2F%2Fwww.abf.se%2Fwp-content%2Fuploads%2Fsites%2F67%2F2025%2F11%2Futorpia.jpg&#038;fit=crop&#038;w=1056&#038;h=929&#038;s=6022e9f8ffa5a81cce4e8e76c3eeefed 1056w\" alt=\"\" height=\"509\" width=\"578\" sizes=\"auto, (max-width: 768px) 100vw,\n                (max-width: 1280px) 50vw, 578px\" loading=\"lazy\" fetchpriority=\"low\" \/><\/picture>\n\n        <\/div>\n        \n        <div class=\"w-full md:w-1\/2 md:order-1\">\n        <div class=\"mx-auto md:max-w-[368px]\">\n            <h2 class=\"heading-lg\">SYNLIGG\u00d6RA HBTQIA+<\/h2>\n            <div class=\"mb-6 mt-4 wysiwyg\">\n                <p>M\u00e5let med Utorpia \u00e4r, och blev, att skapa ett antal tr\u00e4skulpturer inom temat HBTQIA+, f\u00f6r att synligg\u00f6ra just det temat i inlandet.<\/p>\n<p>Projektet sker i samverkan med Leader Lapland och medfinansieras av Europeiska unionen.<\/p>\n\n            <\/div>\n                    <\/div>\n        <\/div>\n    <\/div>\n<\/div><div\n    class=\"acf-article-image-block mb-12 container\"\n    data-block=\"article-image-block\"\n>\n<div class=\"grid md:grid-cols-2 gap-4\">\n\n        <figure>\n        \n            <picture class=\"round-corners-lg w-full\"><img decoding=\"async\" src=\"https:\/\/www.abf.se\/mitt-i-lappland\/resized\/?url=https%3A%2F%2Fwww.abf.se%2Fwp-content%2Fuploads%2Fsites%2F67%2F2025%2F11%2FIMG_2785.jpeg&#038;fit=contain&#038;w=578&#038;s=52e173ecff4fc283c0c990076bc8daf2\" srcset=\"https:\/\/www.abf.se\/mitt-i-lappland\/resized\/?url=https%3A%2F%2Fwww.abf.se%2Fwp-content%2Fuploads%2Fsites%2F67%2F2025%2F11%2FIMG_2785.jpeg&#038;fit=contain&#038;w=375&#038;h=280&#038;s=0c0dd467f71fd72f7355a6926cce4dcd 375w, https:\/\/www.abf.se\/mitt-i-lappland\/resized\/?url=https%3A%2F%2Fwww.abf.se%2Fwp-content%2Fuploads%2Fsites%2F67%2F2025%2F11%2FIMG_2785.jpeg&#038;fit=contain&#038;w=423&#038;h=316&#038;s=ac78fa9a1064a8cf9c733323e55e836c 423w, https:\/\/www.abf.se\/mitt-i-lappland\/resized\/?url=https%3A%2F%2Fwww.abf.se%2Fwp-content%2Fuploads%2Fsites%2F67%2F2025%2F11%2FIMG_2785.jpeg&#038;fit=contain&#038;w=471&#038;h=352&#038;s=0d343e5fbd5045b2f55b829262454449 471w, https:\/\/www.abf.se\/mitt-i-lappland\/resized\/?url=https%3A%2F%2Fwww.abf.se%2Fwp-content%2Fuploads%2Fsites%2F67%2F2025%2F11%2FIMG_2785.jpeg&#038;fit=contain&#038;w=519&#038;h=388&#038;s=4005a06ca05c3869a99086231ed3e675 519w, https:\/\/www.abf.se\/mitt-i-lappland\/resized\/?url=https%3A%2F%2Fwww.abf.se%2Fwp-content%2Fuploads%2Fsites%2F67%2F2025%2F11%2FIMG_2785.jpeg&#038;fit=contain&#038;w=567&#038;h=424&#038;s=873d33255b9c305db81ba4b7f0f9c3fd 567w, https:\/\/www.abf.se\/mitt-i-lappland\/resized\/?url=https%3A%2F%2Fwww.abf.se%2Fwp-content%2Fuploads%2Fsites%2F67%2F2025%2F11%2FIMG_2785.jpeg&#038;fit=contain&#038;w=578&#038;s=52e173ecff4fc283c0c990076bc8daf2 578w, https:\/\/www.abf.se\/mitt-i-lappland\/resized\/?url=https%3A%2F%2Fwww.abf.se%2Fwp-content%2Fuploads%2Fsites%2F67%2F2025%2F11%2FIMG_2785.jpeg&#038;fit=contain&#038;w=750&#038;h=561&#038;s=f167c26227cf6ef814a1f266c0addd67 750w, https:\/\/www.abf.se\/mitt-i-lappland\/resized\/?url=https%3A%2F%2Fwww.abf.se%2Fwp-content%2Fuploads%2Fsites%2F67%2F2025%2F11%2FIMG_2785.jpeg&#038;fit=contain&#038;w=846&#038;h=633&#038;s=83cc565cf989ab48651f7cfaee2c2c01 846w, https:\/\/www.abf.se\/mitt-i-lappland\/resized\/?url=https%3A%2F%2Fwww.abf.se%2Fwp-content%2Fuploads%2Fsites%2F67%2F2025%2F11%2FIMG_2785.jpeg&#038;fit=contain&#038;w=942&#038;h=705&#038;s=d33cda0b73a98319dd553fde59002fc2 942w, https:\/\/www.abf.se\/mitt-i-lappland\/resized\/?url=https%3A%2F%2Fwww.abf.se%2Fwp-content%2Fuploads%2Fsites%2F67%2F2025%2F11%2FIMG_2785.jpeg&#038;fit=contain&#038;w=1038&#038;h=777&#038;s=28c880e7cc72824d7b3f386863f0950e 1038w, https:\/\/www.abf.se\/mitt-i-lappland\/resized\/?url=https%3A%2F%2Fwww.abf.se%2Fwp-content%2Fuploads%2Fsites%2F67%2F2025%2F11%2FIMG_2785.jpeg&#038;fit=contain&#038;w=1134&#038;h=849&#038;s=04428d838d33c7b3a7818452869eca4a 1134w\" alt=\"\" height=\"433\" width=\"578\" sizes=\"auto, (max-width: 768px) calc(100vw - 40px), (min-width: 768px) and (max-width: 1156px) calc(50vw - 56px), calc((1156px \/ 2) - 16px)\" loading=\"lazy\" fetchpriority=\"low\" class=\"round-corners-lg w-full\" \/><\/picture>\n                            <figcaption class=\"my-2 body-md text-gray-text\">\n                    Utorpia 2024 invigt\n                <\/figcaption>\n                        <\/figure>\n        <figure>\n        \n            <picture class=\"round-corners-lg w-full\"><img decoding=\"async\" src=\"https:\/\/www.abf.se\/mitt-i-lappland\/resized\/?url=https%3A%2F%2Fwww.abf.se%2Fwp-content%2Fuploads%2Fsites%2F67%2F2025%2F11%2FIMG_2794.jpeg&#038;fit=contain&#038;w=578&#038;s=fb8dcd34c9891ce3054e9a5106d0b71b\" srcset=\"https:\/\/www.abf.se\/mitt-i-lappland\/resized\/?url=https%3A%2F%2Fwww.abf.se%2Fwp-content%2Fuploads%2Fsites%2F67%2F2025%2F11%2FIMG_2794.jpeg&#038;fit=contain&#038;w=375&#038;h=280&#038;s=a76a92aa599b8270fe2fb2732ebb4b45 375w, https:\/\/www.abf.se\/mitt-i-lappland\/resized\/?url=https%3A%2F%2Fwww.abf.se%2Fwp-content%2Fuploads%2Fsites%2F67%2F2025%2F11%2FIMG_2794.jpeg&#038;fit=contain&#038;w=423&#038;h=316&#038;s=8d826b2d5776cca2fd9d55b00d4e5a06 423w, https:\/\/www.abf.se\/mitt-i-lappland\/resized\/?url=https%3A%2F%2Fwww.abf.se%2Fwp-content%2Fuploads%2Fsites%2F67%2F2025%2F11%2FIMG_2794.jpeg&#038;fit=contain&#038;w=471&#038;h=352&#038;s=075c85ce8100e52484b385c8aac69a12 471w, https:\/\/www.abf.se\/mitt-i-lappland\/resized\/?url=https%3A%2F%2Fwww.abf.se%2Fwp-content%2Fuploads%2Fsites%2F67%2F2025%2F11%2FIMG_2794.jpeg&#038;fit=contain&#038;w=519&#038;h=388&#038;s=5554d354418991ffa11f8c5aeae980c5 519w, https:\/\/www.abf.se\/mitt-i-lappland\/resized\/?url=https%3A%2F%2Fwww.abf.se%2Fwp-content%2Fuploads%2Fsites%2F67%2F2025%2F11%2FIMG_2794.jpeg&#038;fit=contain&#038;w=567&#038;h=424&#038;s=6b7641db682b3ecef0299a7d87b906aa 567w, https:\/\/www.abf.se\/mitt-i-lappland\/resized\/?url=https%3A%2F%2Fwww.abf.se%2Fwp-content%2Fuploads%2Fsites%2F67%2F2025%2F11%2FIMG_2794.jpeg&#038;fit=contain&#038;w=578&#038;s=fb8dcd34c9891ce3054e9a5106d0b71b 578w, https:\/\/www.abf.se\/mitt-i-lappland\/resized\/?url=https%3A%2F%2Fwww.abf.se%2Fwp-content%2Fuploads%2Fsites%2F67%2F2025%2F11%2FIMG_2794.jpeg&#038;fit=contain&#038;w=750&#038;h=561&#038;s=916200be08d6ec9cbc671358e3660a11 750w, https:\/\/www.abf.se\/mitt-i-lappland\/resized\/?url=https%3A%2F%2Fwww.abf.se%2Fwp-content%2Fuploads%2Fsites%2F67%2F2025%2F11%2FIMG_2794.jpeg&#038;fit=contain&#038;w=846&#038;h=633&#038;s=d5e5f54fa401ed751bb872b766e5068e 846w, https:\/\/www.abf.se\/mitt-i-lappland\/resized\/?url=https%3A%2F%2Fwww.abf.se%2Fwp-content%2Fuploads%2Fsites%2F67%2F2025%2F11%2FIMG_2794.jpeg&#038;fit=contain&#038;w=942&#038;h=705&#038;s=1e8e6bdaa47baf678413e0f9493fbdd0 942w, https:\/\/www.abf.se\/mitt-i-lappland\/resized\/?url=https%3A%2F%2Fwww.abf.se%2Fwp-content%2Fuploads%2Fsites%2F67%2F2025%2F11%2FIMG_2794.jpeg&#038;fit=contain&#038;w=1038&#038;h=777&#038;s=eabf184e3711fa0d943c0043a17dddf4 1038w, https:\/\/www.abf.se\/mitt-i-lappland\/resized\/?url=https%3A%2F%2Fwww.abf.se%2Fwp-content%2Fuploads%2Fsites%2F67%2F2025%2F11%2FIMG_2794.jpeg&#038;fit=contain&#038;w=1134&#038;h=849&#038;s=91b442dafa3c8615dbedb2627ea8311f 1134w\" alt=\"\" height=\"433\" width=\"578\" sizes=\"auto, (max-width: 768px) calc(100vw - 40px), (min-width: 768px) and (max-width: 1156px) calc(50vw - 56px), calc((1156px \/ 2) - 16px)\" loading=\"lazy\" fetchpriority=\"low\" class=\"round-corners-lg w-full\" \/><\/picture>\n                            <figcaption class=\"my-2 body-md text-gray-text\">\n                    Utorpia 2024\r\nProjektledare Petra Isaksson till h\u00f6ger tillsammans med en mexikansk s\u00e5ngerska vid invigningen av skulpturparken.\n                <\/figcaption>\n                        <\/figure>\n        <\/div>\n\n<\/div>\n<div\n    class=\"acf-article-image-block mb-12 article-container-lg\"\n    data-block=\"article-image-block\"\n>\n<div class=\"\">\n\n        <figure>\n        \n            <picture class=\"round-corners-lg w-full\"><img decoding=\"async\" src=\"https:\/\/www.abf.se\/mitt-i-lappland\/resized\/?url=https%3A%2F%2Fwww.abf.se%2Fwp-content%2Fuploads%2Fsites%2F67%2F2025%2F11%2F1000039325_1st.jpeg&#038;fit=contain&#038;w=788&#038;s=e7f579d93e4b8aa8f46e116152fce6d5\" srcset=\"https:\/\/www.abf.se\/mitt-i-lappland\/resized\/?url=https%3A%2F%2Fwww.abf.se%2Fwp-content%2Fuploads%2Fsites%2F67%2F2025%2F11%2F1000039325_1st.jpeg&#038;fit=contain&#038;w=375&#038;h=499&#038;s=fc1b1c6ed6c363a1060a7bd35596f217 375w, https:\/\/www.abf.se\/mitt-i-lappland\/resized\/?url=https%3A%2F%2Fwww.abf.se%2Fwp-content%2Fuploads%2Fsites%2F67%2F2025%2F11%2F1000039325_1st.jpeg&#038;fit=contain&#038;w=447&#038;h=595&#038;s=0b1f7e1cdaf8f3f37b52aa799dc6869b 447w, https:\/\/www.abf.se\/mitt-i-lappland\/resized\/?url=https%3A%2F%2Fwww.abf.se%2Fwp-content%2Fuploads%2Fsites%2F67%2F2025%2F11%2F1000039325_1st.jpeg&#038;fit=contain&#038;w=519&#038;h=691&#038;s=f051ccc56d765fbcdeb85918ea7b2b86 519w, https:\/\/www.abf.se\/mitt-i-lappland\/resized\/?url=https%3A%2F%2Fwww.abf.se%2Fwp-content%2Fuploads%2Fsites%2F67%2F2025%2F11%2F1000039325_1st.jpeg&#038;fit=contain&#038;w=591&#038;h=787&#038;s=4f651a35c63c906e89c2eef429d936be 591w, https:\/\/www.abf.se\/mitt-i-lappland\/resized\/?url=https%3A%2F%2Fwww.abf.se%2Fwp-content%2Fuploads%2Fsites%2F67%2F2025%2F11%2F1000039325_1st.jpeg&#038;fit=contain&#038;w=663&#038;h=883&#038;s=4baede8fba84c24e9c9884c0b2d2bb64 663w, https:\/\/www.abf.se\/mitt-i-lappland\/resized\/?url=https%3A%2F%2Fwww.abf.se%2Fwp-content%2Fuploads%2Fsites%2F67%2F2025%2F11%2F1000039325_1st.jpeg&#038;fit=contain&#038;w=735&#038;h=979&#038;s=c9c89caf7e2fd49ba339412548973399 735w, https:\/\/www.abf.se\/mitt-i-lappland\/resized\/?url=https%3A%2F%2Fwww.abf.se%2Fwp-content%2Fuploads%2Fsites%2F67%2F2025%2F11%2F1000039325_1st.jpeg&#038;fit=contain&#038;w=750&#038;h=999&#038;s=75b5dc15fb1073a03df4f3bb314b5d40 750w, https:\/\/www.abf.se\/mitt-i-lappland\/resized\/?url=https%3A%2F%2Fwww.abf.se%2Fwp-content%2Fuploads%2Fsites%2F67%2F2025%2F11%2F1000039325_1st.jpeg&#038;fit=contain&#038;w=788&#038;s=e7f579d93e4b8aa8f46e116152fce6d5 788w, https:\/\/www.abf.se\/mitt-i-lappland\/resized\/?url=https%3A%2F%2Fwww.abf.se%2Fwp-content%2Fuploads%2Fsites%2F67%2F2025%2F11%2F1000039325_1st.jpeg&#038;fit=contain&#038;w=894&#038;h=1191&#038;s=9afa3e2125680e7b52924f4a69ec3544 894w, https:\/\/www.abf.se\/mitt-i-lappland\/resized\/?url=https%3A%2F%2Fwww.abf.se%2Fwp-content%2Fuploads%2Fsites%2F67%2F2025%2F11%2F1000039325_1st.jpeg&#038;fit=contain&#038;w=1038&#038;h=1383&#038;s=21803028fb778e384e06add7f3d2757d 1038w, https:\/\/www.abf.se\/mitt-i-lappland\/resized\/?url=https%3A%2F%2Fwww.abf.se%2Fwp-content%2Fuploads%2Fsites%2F67%2F2025%2F11%2F1000039325_1st.jpeg&#038;fit=contain&#038;w=1182&#038;h=1575&#038;s=7c8d25426f0e396413434ab74982a450 1182w, https:\/\/www.abf.se\/mitt-i-lappland\/resized\/?url=https%3A%2F%2Fwww.abf.se%2Fwp-content%2Fuploads%2Fsites%2F67%2F2025%2F11%2F1000039325_1st.jpeg&#038;fit=contain&#038;w=1326&#038;h=1766&#038;s=becf99b31646f51130ee073fe9f71ba6 1326w, https:\/\/www.abf.se\/mitt-i-lappland\/resized\/?url=https%3A%2F%2Fwww.abf.se%2Fwp-content%2Fuploads%2Fsites%2F67%2F2025%2F11%2F1000039325_1st.jpeg&#038;fit=contain&#038;w=1470&#038;h=1958&#038;s=a5550e6d09486fc6f7a6020f656b2b20 1470w\" alt=\"\" height=\"1050\" width=\"788\" sizes=\"auto, (max-width: 768px) calc(100vw - 40px), 788px\" loading=\"lazy\" fetchpriority=\"low\" class=\"round-corners-lg w-full\" \/><\/picture>\n                            <figcaption class=\"my-2 body-md text-gray-text\">\n                    En av skulpturerna som skapats under Utorpia 2024.\n                <\/figcaption>\n                        <\/figure>\n        <\/div>\n\n<\/div>\n","protected":false},"excerpt":{"rendered":"","protected":false},"author":138,"featured_media":0,"parent":0,"menu_order":0,"comment_status":"closed","ping_status":"closed","template":"","meta":{"_acf_changed":false,"footnotes":""},"class_list":["post-124","page","type-page","status-publish","hentry"],"acf":[],"yoast_head":"<!-- This site is optimized with the Yoast SEO plugin v27.0 - https:\/\/yoast.com\/product\/yoast-seo-wordpress\/ -->\n<title>Projekt Utorpia i Dorotea - Mitt i Lappland<\/title>\n<meta name=\"robots\" content=\"index, follow, max-snippet:-1, max-image-preview:large, max-video-preview:-1\" \/>\n<link rel=\"canonical\" href=\"https:\/\/www.abf.se\/mitt-i-lappland\/projekt-utorpia-i-dorotea\/\" \/>\n<meta property=\"og:locale\" content=\"sv_SE\" \/>\n<meta property=\"og:type\" content=\"article\" \/>\n<meta property=\"og:title\" content=\"Projekt Utorpia i Dorotea - Mitt i Lappland\" \/>\n<meta property=\"og:url\" content=\"https:\/\/www.abf.se\/mitt-i-lappland\/projekt-utorpia-i-dorotea\/\" \/>\n<meta property=\"og:site_name\" content=\"Mitt i Lappland\" \/>\n<meta property=\"og:image\" content=\"https:\/\/www.abf.se\/wp-content\/uploads\/sites\/67\/2024\/04\/Nyckeln-liggande-scaled.jpg\" \/>\n\t<meta property=\"og:image:width\" content=\"2560\" \/>\n\t<meta property=\"og:image:height\" content=\"1440\" \/>\n\t<meta property=\"og:image:type\" content=\"image\/jpeg\" \/>\n<meta name=\"twitter:card\" content=\"summary_large_image\" \/>\n<script type=\"application\/ld+json\" class=\"yoast-schema-graph\">{\"@context\":\"https:\/\/schema.org\",\"@graph\":[{\"@type\":\"WebPage\",\"@id\":\"https:\/\/www.abf.se\/mitt-i-lappland\/projekt-utorpia-i-dorotea\/\",\"url\":\"https:\/\/www.abf.se\/mitt-i-lappland\/projekt-utorpia-i-dorotea\/\",\"name\":\"Projekt Utorpia i Dorotea - Mitt i Lappland\",\"isPartOf\":{\"@id\":\"https:\/\/www.abf.se\/mitt-i-lappland\/#website\"},\"datePublished\":\"2025-11-27T10:56:24+00:00\",\"breadcrumb\":{\"@id\":\"https:\/\/www.abf.se\/mitt-i-lappland\/projekt-utorpia-i-dorotea\/#breadcrumb\"},\"inLanguage\":\"sv-SE\",\"potentialAction\":[{\"@type\":\"ReadAction\",\"target\":[\"https:\/\/www.abf.se\/mitt-i-lappland\/projekt-utorpia-i-dorotea\/\"]}]},{\"@type\":\"BreadcrumbList\",\"@id\":\"https:\/\/www.abf.se\/mitt-i-lappland\/projekt-utorpia-i-dorotea\/#breadcrumb\",\"itemListElement\":[{\"@type\":\"ListItem\",\"position\":1,\"name\":\"Home\",\"item\":\"https:\/\/www.abf.se\/mitt-i-lappland\/\"},{\"@type\":\"ListItem\",\"position\":2,\"name\":\"Projekt Utorpia i Dorotea\"}]},{\"@type\":\"WebSite\",\"@id\":\"https:\/\/www.abf.se\/mitt-i-lappland\/#website\",\"url\":\"https:\/\/www.abf.se\/mitt-i-lappland\/\",\"name\":\"Mitt i Lappland\",\"description\":\"\",\"potentialAction\":[{\"@type\":\"SearchAction\",\"target\":{\"@type\":\"EntryPoint\",\"urlTemplate\":\"https:\/\/www.abf.se\/mitt-i-lappland\/?s={search_term_string}\"},\"query-input\":{\"@type\":\"PropertyValueSpecification\",\"valueRequired\":true,\"valueName\":\"search_term_string\"}}],\"inLanguage\":\"sv-SE\"}]}<\/script>\n<!-- \/ Yoast SEO plugin. -->","yoast_head_json":{"title":"Projekt Utorpia i Dorotea - Mitt i Lappland","robots":{"index":"index","follow":"follow","max-snippet":"max-snippet:-1","max-image-preview":"max-image-preview:large","max-video-preview":"max-video-preview:-1"},"canonical":"https:\/\/www.abf.se\/mitt-i-lappland\/projekt-utorpia-i-dorotea\/","og_locale":"sv_SE","og_type":"article","og_title":"Projekt Utorpia i Dorotea - Mitt i Lappland","og_url":"https:\/\/www.abf.se\/mitt-i-lappland\/projekt-utorpia-i-dorotea\/","og_site_name":"Mitt i Lappland","og_image":[{"width":2560,"height":1440,"url":"https:\/\/www.abf.se\/wp-content\/uploads\/sites\/67\/2024\/04\/Nyckeln-liggande-scaled.jpg","type":"image\/jpeg"}],"twitter_card":"summary_large_image","schema":{"@context":"https:\/\/schema.org","@graph":[{"@type":"WebPage","@id":"https:\/\/www.abf.se\/mitt-i-lappland\/projekt-utorpia-i-dorotea\/","url":"https:\/\/www.abf.se\/mitt-i-lappland\/projekt-utorpia-i-dorotea\/","name":"Projekt Utorpia i Dorotea - Mitt i Lappland","isPartOf":{"@id":"https:\/\/www.abf.se\/mitt-i-lappland\/#website"},"datePublished":"2025-11-27T10:56:24+00:00","breadcrumb":{"@id":"https:\/\/www.abf.se\/mitt-i-lappland\/projekt-utorpia-i-dorotea\/#breadcrumb"},"inLanguage":"sv-SE","potentialAction":[{"@type":"ReadAction","target":["https:\/\/www.abf.se\/mitt-i-lappland\/projekt-utorpia-i-dorotea\/"]}]},{"@type":"BreadcrumbList","@id":"https:\/\/www.abf.se\/mitt-i-lappland\/projekt-utorpia-i-dorotea\/#breadcrumb","itemListElement":[{"@type":"ListItem","position":1,"name":"Home","item":"https:\/\/www.abf.se\/mitt-i-lappland\/"},{"@type":"ListItem","position":2,"name":"Projekt Utorpia i Dorotea"}]},{"@type":"WebSite","@id":"https:\/\/www.abf.se\/mitt-i-lappland\/#website","url":"https:\/\/www.abf.se\/mitt-i-lappland\/","name":"Mitt i Lappland","description":"","potentialAction":[{"@type":"SearchAction","target":{"@type":"EntryPoint","urlTemplate":"https:\/\/www.abf.se\/mitt-i-lappland\/?s={search_term_string}"},"query-input":{"@type":"PropertyValueSpecification","valueRequired":true,"valueName":"search_term_string"}}],"inLanguage":"sv-SE"}]}},"_links":{"self":[{"href":"https:\/\/www.abf.se\/mitt-i-lappland\/wp-json\/wp\/v2\/pages\/124","targetHints":{"allow":["GET"]}}],"collection":[{"href":"https:\/\/www.abf.se\/mitt-i-lappland\/wp-json\/wp\/v2\/pages"}],"about":[{"href":"https:\/\/www.abf.se\/mitt-i-lappland\/wp-json\/wp\/v2\/types\/page"}],"author":[{"embeddable":true,"href":"https:\/\/www.abf.se\/mitt-i-lappland\/wp-json\/wp\/v2\/users\/138"}],"replies":[{"embeddable":true,"href":"https:\/\/www.abf.se\/mitt-i-lappland\/wp-json\/wp\/v2\/comments?post=124"}],"version-history":[{"count":12,"href":"https:\/\/www.abf.se\/mitt-i-lappland\/wp-json\/wp\/v2\/pages\/124\/revisions"}],"predecessor-version":[{"id":152,"href":"https:\/\/www.abf.se\/mitt-i-lappland\/wp-json\/wp\/v2\/pages\/124\/revisions\/152"}],"wp:attachment":[{"href":"https:\/\/www.abf.se\/mitt-i-lappland\/wp-json\/wp\/v2\/media?parent=124"}],"curies":[{"name":"wp","href":"https:\/\/api.w.org\/{rel}","templated":true}]}}