{"id":1138,"date":"2024-03-05T09:14:36","date_gmt":"2024-03-05T08:14:36","guid":{"rendered":"https:\/\/www.abf.se\/mittskane\/?page_id=1138"},"modified":"2025-12-02T10:34:09","modified_gmt":"2025-12-02T09:34:09","slug":"fakturera-oss","status":"publish","type":"page","link":"https:\/\/www.abf.se\/mittskane\/fakturera-oss\/","title":{"rendered":"Fakturera oss"},"content":{"rendered":"<div\n    class=\"acf-plain-heading-block container my-16\"\n    data-block=\"plain-heading-block\"\n>\n    <div class=\"max-w-[658px] mx-auto\">\n                <h1 class=\"hero-heading hero-heading--red-text\"><span>Fakturera oss<\/span><\/h1>\n                    <\/div>\n<\/div>\n<div\n    class=\"acf-article-facts-block article-container  my-8 \"\n    data-block=\"article-facts-block\"\n>\n<div class=\"bg-teal-light border border-teal p-8 rounded-corners-sm\">\n<header>\n        <h2 class=\"heading-md text-teal-dark mb-3\">\n            \n        <\/h2>\n    <\/header>\n    <div class=\"wysiwyg\">\n        <p><strong>Vid F-skatt\/A-skatt ska fakturan st\u00e4llas till:<\/strong><\/p>\n<p><strong>ABF MittSk\u00e5ne<\/strong><br \/>\n<strong>FE854-080 Scancloud<\/strong><br \/>\n<strong>831 90\u00a0 \u00d6STERSUND<\/strong><\/p>\n<p><strong>Alla fakturor till oss M\u00c5STE bl.a.\u00a0inneh\u00e5lla:<\/strong><br \/>\n<strong>* Referens \u2013 skriv i referensf\u00e4ltet<\/strong><br \/>\n<strong>* Organisationsnummer<\/strong><\/p>\n<p><strong>L\u00e4s mer p\u00e5 sidan: <a href=\"https:\/\/www.verksamt.se\">verksamt.se<\/a><\/strong><\/p>\n<p><strong>Skicka fakturan till ovanst\u00e5ende adress eller maila fakturan<\/strong><br \/>\n<strong>(endast en faktura\/mail) i PDF-format till:<\/strong><\/p>\n<p><a href=\"mailto:faktura.080@abf.se\"><b>faktura.080@abf.se<\/b><\/a><\/p>\n\n    <\/div>\n<\/div>\n\n<\/div>\n<div\n    class=\"acf-article-facts-block article-container  my-8 \"\n    data-block=\"article-facts-block\"\n>\n<div class=\"bg-teal-light border border-teal p-8 rounded-corners-sm\">\n<header>\n        <h2 class=\"heading-md text-teal-dark mb-3\">\n            Ang\u00e5ende felaktiga fakturor\n        <\/h2>\n    <\/header>\n    <div class=\"wysiwyg\">\n        <p>P\u00e5 grund av m\u00e5nga felaktigheter i fakturorna som skickas till Scancloud via e-post: <strong>faktura.080@abf.se<\/strong> har de best\u00e4mt sig f\u00f6r att debitera 250 kr f\u00f6r varje g\u00e5ng en faktura inte g\u00e5r igenom hanteringen. Detta inneb\u00e4r att ABF MittSk\u00e5ne kommer samla alla fakturor med felaktigheter per termin och debitera vidare med 250 kr per felaktig faktura, samt 100 kr i administrationsavgift.<\/p>\n<p>Nedan f\u00f6ljer instruktioner p\u00e5 vad som kr\u00e4vs f\u00f6r att fakturan ska godk\u00e4nnas.<\/p>\n<ul>\n<li>Fakturan <strong>M\u00c5STE<\/strong> vara i <strong>PDF-format<\/strong> om den mailas till <strong>faktura.080@abf.se<\/strong> i annat fall f\u00e5r den postas till faktureringsadressen.<\/li>\n<li>Fakturan <strong>M\u00c5STE ALLTID<\/strong> inneh\u00e5lla faktureringsadress, anges nedan<br \/>\n<strong>ABF MittSk\u00e5ne<\/strong><br \/>\n<strong>FE854-080 Scancloud<\/strong><br \/>\n<strong>831 90 \u00d6STERSUND<\/strong><\/li>\n<li>Ange din kontaktperson p\u00e5 ABF som referens och arrangemangsnumret det g\u00e4ller.<\/li>\n<li>Ange <strong>ALLTID<\/strong> betalningsinformation (konto\/PG\/BG och mottagare)Detta \u00e4r f\u00f6r att vi inte kan ta kostnader f\u00f6r n\u00e5gonting som \u00e4r ut\u00f6ver v\u00e5r kontroll och hoppas p\u00e5 er f\u00f6rst\u00e5else.<\/li>\n<\/ul>\n\n    <\/div>\n<\/div>\n\n<\/div>\n","protected":false},"excerpt":{"rendered":"","protected":false},"author":32,"featured_media":0,"parent":0,"menu_order":0,"comment_status":"closed","ping_status":"closed","template":"","meta":{"_acf_changed":false,"footnotes":""},"class_list":["post-1138","page","type-page","status-publish","hentry"],"acf":[],"yoast_head":"<!-- This site is optimized with the Yoast SEO plugin v27.0 - https:\/\/yoast.com\/product\/yoast-seo-wordpress\/ -->\n<title>Fakturera oss - MittSk\u00e5ne<\/title>\n<meta name=\"description\" content=\"Information du beh\u00f6ver f\u00f6r att skicka fakturor till oss \u2013 fakturaadress, information kring felaktiga fakturor.\" \/>\n<meta name=\"robots\" content=\"index, follow, max-snippet:-1, max-image-preview:large, max-video-preview:-1\" \/>\n<link rel=\"canonical\" href=\"https:\/\/www.abf.se\/mittskane\/fakturera-oss\/\" \/>\n<meta property=\"og:locale\" content=\"sv_SE\" \/>\n<meta property=\"og:type\" content=\"article\" \/>\n<meta property=\"og:title\" content=\"Fakturera oss - MittSk\u00e5ne\" \/>\n<meta property=\"og:description\" content=\"Information du beh\u00f6ver f\u00f6r att skicka fakturor till oss \u2013 fakturaadress, information kring felaktiga fakturor.\" \/>\n<meta property=\"og:url\" content=\"https:\/\/www.abf.se\/mittskane\/fakturera-oss\/\" \/>\n<meta property=\"og:site_name\" content=\"MittSk\u00e5ne\" \/>\n<meta property=\"article:modified_time\" content=\"2025-12-02T09:34:09+00:00\" \/>\n<meta property=\"og:image\" content=\"https:\/\/www.abf.se\/wp-content\/uploads\/sites\/35\/2024\/04\/Nyckeln-liggande-scaled.jpg\" \/>\n\t<meta property=\"og:image:width\" content=\"2560\" \/>\n\t<meta property=\"og:image:height\" content=\"1440\" \/>\n\t<meta property=\"og:image:type\" content=\"image\/jpeg\" \/>\n<meta name=\"twitter:card\" content=\"summary_large_image\" \/>\n<script type=\"application\/ld+json\" class=\"yoast-schema-graph\">{\"@context\":\"https:\/\/schema.org\",\"@graph\":[{\"@type\":\"WebPage\",\"@id\":\"https:\/\/www.abf.se\/mittskane\/fakturera-oss\/\",\"url\":\"https:\/\/www.abf.se\/mittskane\/fakturera-oss\/\",\"name\":\"Fakturera oss - MittSk\u00e5ne\",\"isPartOf\":{\"@id\":\"https:\/\/www.abf.se\/mittskane\/#website\"},\"datePublished\":\"2024-03-05T08:14:36+00:00\",\"dateModified\":\"2025-12-02T09:34:09+00:00\",\"description\":\"Information du beh\u00f6ver f\u00f6r att skicka fakturor till oss \u2013 fakturaadress, information kring felaktiga fakturor.\",\"breadcrumb\":{\"@id\":\"https:\/\/www.abf.se\/mittskane\/fakturera-oss\/#breadcrumb\"},\"inLanguage\":\"sv-SE\",\"potentialAction\":[{\"@type\":\"ReadAction\",\"target\":[\"https:\/\/www.abf.se\/mittskane\/fakturera-oss\/\"]}]},{\"@type\":\"BreadcrumbList\",\"@id\":\"https:\/\/www.abf.se\/mittskane\/fakturera-oss\/#breadcrumb\",\"itemListElement\":[{\"@type\":\"ListItem\",\"position\":1,\"name\":\"Home\",\"item\":\"https:\/\/www.abf.se\/mittskane\/\"},{\"@type\":\"ListItem\",\"position\":2,\"name\":\"Fakturera oss\"}]},{\"@type\":\"WebSite\",\"@id\":\"https:\/\/www.abf.se\/mittskane\/#website\",\"url\":\"https:\/\/www.abf.se\/mittskane\/\",\"name\":\"MittSk\u00e5ne\",\"description\":\"\",\"potentialAction\":[{\"@type\":\"SearchAction\",\"target\":{\"@type\":\"EntryPoint\",\"urlTemplate\":\"https:\/\/www.abf.se\/mittskane\/?s={search_term_string}\"},\"query-input\":{\"@type\":\"PropertyValueSpecification\",\"valueRequired\":true,\"valueName\":\"search_term_string\"}}],\"inLanguage\":\"sv-SE\"}]}<\/script>\n<!-- \/ Yoast SEO plugin. -->","yoast_head_json":{"title":"Fakturera oss - MittSk\u00e5ne","description":"Information du beh\u00f6ver f\u00f6r att skicka fakturor till oss \u2013 fakturaadress, information kring felaktiga fakturor.","robots":{"index":"index","follow":"follow","max-snippet":"max-snippet:-1","max-image-preview":"max-image-preview:large","max-video-preview":"max-video-preview:-1"},"canonical":"https:\/\/www.abf.se\/mittskane\/fakturera-oss\/","og_locale":"sv_SE","og_type":"article","og_title":"Fakturera oss - MittSk\u00e5ne","og_description":"Information du beh\u00f6ver f\u00f6r att skicka fakturor till oss \u2013 fakturaadress, information kring felaktiga fakturor.","og_url":"https:\/\/www.abf.se\/mittskane\/fakturera-oss\/","og_site_name":"MittSk\u00e5ne","article_modified_time":"2025-12-02T09:34:09+00:00","og_image":[{"width":2560,"height":1440,"url":"https:\/\/www.abf.se\/wp-content\/uploads\/sites\/35\/2024\/04\/Nyckeln-liggande-scaled.jpg","type":"image\/jpeg"}],"twitter_card":"summary_large_image","schema":{"@context":"https:\/\/schema.org","@graph":[{"@type":"WebPage","@id":"https:\/\/www.abf.se\/mittskane\/fakturera-oss\/","url":"https:\/\/www.abf.se\/mittskane\/fakturera-oss\/","name":"Fakturera oss - MittSk\u00e5ne","isPartOf":{"@id":"https:\/\/www.abf.se\/mittskane\/#website"},"datePublished":"2024-03-05T08:14:36+00:00","dateModified":"2025-12-02T09:34:09+00:00","description":"Information du beh\u00f6ver f\u00f6r att skicka fakturor till oss \u2013 fakturaadress, information kring felaktiga fakturor.","breadcrumb":{"@id":"https:\/\/www.abf.se\/mittskane\/fakturera-oss\/#breadcrumb"},"inLanguage":"sv-SE","potentialAction":[{"@type":"ReadAction","target":["https:\/\/www.abf.se\/mittskane\/fakturera-oss\/"]}]},{"@type":"BreadcrumbList","@id":"https:\/\/www.abf.se\/mittskane\/fakturera-oss\/#breadcrumb","itemListElement":[{"@type":"ListItem","position":1,"name":"Home","item":"https:\/\/www.abf.se\/mittskane\/"},{"@type":"ListItem","position":2,"name":"Fakturera oss"}]},{"@type":"WebSite","@id":"https:\/\/www.abf.se\/mittskane\/#website","url":"https:\/\/www.abf.se\/mittskane\/","name":"MittSk\u00e5ne","description":"","potentialAction":[{"@type":"SearchAction","target":{"@type":"EntryPoint","urlTemplate":"https:\/\/www.abf.se\/mittskane\/?s={search_term_string}"},"query-input":{"@type":"PropertyValueSpecification","valueRequired":true,"valueName":"search_term_string"}}],"inLanguage":"sv-SE"}]}},"_links":{"self":[{"href":"https:\/\/www.abf.se\/mittskane\/wp-json\/wp\/v2\/pages\/1138","targetHints":{"allow":["GET"]}}],"collection":[{"href":"https:\/\/www.abf.se\/mittskane\/wp-json\/wp\/v2\/pages"}],"about":[{"href":"https:\/\/www.abf.se\/mittskane\/wp-json\/wp\/v2\/types\/page"}],"author":[{"embeddable":true,"href":"https:\/\/www.abf.se\/mittskane\/wp-json\/wp\/v2\/users\/32"}],"replies":[{"embeddable":true,"href":"https:\/\/www.abf.se\/mittskane\/wp-json\/wp\/v2\/comments?post=1138"}],"version-history":[{"count":17,"href":"https:\/\/www.abf.se\/mittskane\/wp-json\/wp\/v2\/pages\/1138\/revisions"}],"predecessor-version":[{"id":2974,"href":"https:\/\/www.abf.se\/mittskane\/wp-json\/wp\/v2\/pages\/1138\/revisions\/2974"}],"wp:attachment":[{"href":"https:\/\/www.abf.se\/mittskane\/wp-json\/wp\/v2\/media?parent=1138"}],"curies":[{"name":"wp","href":"https:\/\/api.w.org\/{rel}","templated":true}]}}