{"id":1261,"date":"2024-03-12T12:03:08","date_gmt":"2024-03-12T11:03:08","guid":{"rendered":"https:\/\/www.abf.se\/mittskane\/?page_id=1261"},"modified":"2025-06-03T14:15:11","modified_gmt":"2025-06-03T12:15:11","slug":"samverka-med-abf-mittskane","status":"publish","type":"page","link":"https:\/\/www.abf.se\/mittskane\/abf-mittskane\/samverka-med-abf-mittskane\/","title":{"rendered":"Samverka med ABF MittSk\u00e5ne"},"content":{"rendered":"<div\n    class=\"acf-hero-block container-lg no-padding mb-12 js-geolocation\"\n    data-block=\"hero-block\"\n    data-index=\"0\"\n>\n    <div class=\"h-[548px]  relative rounded-[32px] overflow-hidden flex bg-gray-light\">\n        <div class=\"relative z-10 mt-auto h-auto w-full md:h-full\">\n            <div class=\"flex w-full h-full flex-col flex-wrap justify-end w-full md:w-7\/12 lg:w-1\/2 md:justify-center\">\n                <div class=\"flex flex-col gap-3 md:gap-[18px] md:transparent pt-16 pb-36 md:py-8 px-4 w-full md:max-w-[620px] mx-auto px-8\">\n\n                    <h1 class=\"hero-heading\"><span>Samverka med <br \/>\r\nABF MittSk\u00e5ne<\/span><\/h1>\n\n                    \n                                    <\/div>\n            <\/div>\n        <\/div>\n\n                    <picture class=\"as-background-image mix-blend-multiply bg-black\/40\"><img decoding=\"async\" src=\"https:\/\/www.abf.se\/mittskane\/resized\/?url=https%3A%2F%2Fwww.abf.se%2Fwp-content%2Fuploads%2Fsites%2F35%2F2024%2F03%2Fpussel.jpg&#038;fit=crop&#038;w=1440&#038;s=c6d1df57c6cafc4646c4bbf2c9664bf9\" srcset=\"https:\/\/www.abf.se\/mittskane\/resized\/?url=https%3A%2F%2Fwww.abf.se%2Fwp-content%2Fuploads%2Fsites%2F35%2F2024%2F03%2Fpussel.jpg&#038;fit=crop&#038;w=375&#038;h=540&#038;s=8377d19d23a09ccfa40fcbda07aa09ee 375w, https:\/\/www.abf.se\/mittskane\/resized\/?url=https%3A%2F%2Fwww.abf.se%2Fwp-content%2Fuploads%2Fsites%2F35%2F2024%2F03%2Fpussel.jpg&#038;fit=crop&#038;w=447&#038;h=540&#038;s=626ebddcdf8bdc8d8c890fc99a162896 447w, https:\/\/www.abf.se\/mittskane\/resized\/?url=https%3A%2F%2Fwww.abf.se%2Fwp-content%2Fuploads%2Fsites%2F35%2F2024%2F03%2Fpussel.jpg&#038;fit=crop&#038;w=519&#038;h=540&#038;s=ff6397ecf8ab82fe6b3a2e53d64d8c71 519w, https:\/\/www.abf.se\/mittskane\/resized\/?url=https%3A%2F%2Fwww.abf.se%2Fwp-content%2Fuploads%2Fsites%2F35%2F2024%2F03%2Fpussel.jpg&#038;fit=crop&#038;w=591&#038;h=540&#038;s=bb3ff6767b17f2b80923f4f9edc08cd6 591w, https:\/\/www.abf.se\/mittskane\/resized\/?url=https%3A%2F%2Fwww.abf.se%2Fwp-content%2Fuploads%2Fsites%2F35%2F2024%2F03%2Fpussel.jpg&#038;fit=crop&#038;w=663&#038;h=540&#038;s=d0944bd8bfb4009d9f1197ed8108a9ae 663w, https:\/\/www.abf.se\/mittskane\/resized\/?url=https%3A%2F%2Fwww.abf.se%2Fwp-content%2Fuploads%2Fsites%2F35%2F2024%2F03%2Fpussel.jpg&#038;fit=crop&#038;w=750&#038;h=540&#038;s=916cb24ba19a8a32f005f63131f1a78f 750w, https:\/\/www.abf.se\/mittskane\/resized\/?url=https%3A%2F%2Fwww.abf.se%2Fwp-content%2Fuploads%2Fsites%2F35%2F2024%2F03%2Fpussel.jpg&#038;fit=crop&#038;w=894&#038;h=540&#038;s=f9947707d5b4090acca6e7171b52665c 894w, https:\/\/www.abf.se\/mittskane\/resized\/?url=https%3A%2F%2Fwww.abf.se%2Fwp-content%2Fuploads%2Fsites%2F35%2F2024%2F03%2Fpussel.jpg&#038;fit=crop&#038;w=1038&#038;h=540&#038;s=dff45ab16b0fe719fbae969ac19f22b5 1038w, https:\/\/www.abf.se\/mittskane\/resized\/?url=https%3A%2F%2Fwww.abf.se%2Fwp-content%2Fuploads%2Fsites%2F35%2F2024%2F03%2Fpussel.jpg&#038;fit=crop&#038;w=1182&#038;h=540&#038;s=1f4f0d6293f35e615fc07934a26f19e6 1182w, https:\/\/www.abf.se\/mittskane\/resized\/?url=https%3A%2F%2Fwww.abf.se%2Fwp-content%2Fuploads%2Fsites%2F35%2F2024%2F03%2Fpussel.jpg&#038;fit=crop&#038;w=1326&#038;h=540&#038;s=b6e14625536c305514f6b0945fb8045a 1326w, https:\/\/www.abf.se\/mittskane\/resized\/?url=https%3A%2F%2Fwww.abf.se%2Fwp-content%2Fuploads%2Fsites%2F35%2F2024%2F03%2Fpussel.jpg&#038;fit=crop&#038;w=1440&#038;h=540&#038;s=612032df91a6baae9cb01aa294faa583 1440w\" alt=\"\" height=\"540\" width=\"1440\" sizes=\"(max-width: 1440px) calc(100vw - 32px), 1440px\" loading=\"eager\" fetchpriority=\"high\" aria-hidden=\"true\" role=\"presentation\" \/><\/picture>\n        \n\n            <\/div>\n\n    <\/div>\n\n<div\n    class=\"acf-article-text-block article-container my-12\"\n    data-block=\"article-text-block\"\n>\n    <div class=\"wysiwyg\">\n        <h3>ABF \u00e4r en m\u00f6tesplats f\u00f6r demokrati, en levande folkr\u00f6relse och f\u00f6r ett samh\u00e4lle d\u00e4r m\u00e4nniskor ges m\u00f6jlighet att m\u00f6tas, inspireras och utvecklas.<\/h3>\n<p>Genom tusentals utbildningar, studiecirklar och kulturprogram, i n\u00e4ra samarbete med medlems- och samarbetsorganisationer, bidrar ABF varje \u00e5r till att g\u00f6ra fler r\u00f6ster h\u00f6rda.<\/p>\n<p>ABF \u00e4r f\u00f6reningarnas f\u00f6rening. Genom samverkan med ABF \u00e4r ni en del av en stark folkr\u00f6relse.<\/p>\n\n    <\/div>\n<\/div>\n<ul\n    class=\"acf-article-accordion-block accordion-group grid gap-4 my-12 article-container\"\n    data-block=\"article-accordion-block \"\n    data-ui-accordion-group\n>\n\n            <li class=\"accordion\" data-ui-accordion data-ui-accordion-open=\"false\">\n        <h3>\n        <button data-ui-accordion-button class=\"accordion-toggle font-bold\" aria-expanded=\"false\" aria-controls=\"row-stodistyrelseochforeningsarbete-0\" id=\"stodistyrelseochforeningsarbete-0\">\n            St\u00f6d i styrelse- och f\u00f6reningsarbete\n            \n            <figure class=\"w-4.5 h-4.5\" aria-hidden=\"true\">\n            <svg width=\"20\" height=\"20\" viewBox=\"0 0 20 20\" fill=\"none\"\nclass=\"SvgIconElement\">\n<path d=\"M15.8333 7.16667L9.99992 13L4.16659 7.16667\" stroke=\"currentColor\"\/>\n<\/svg>\n            <\/figure>\n        <\/button>\n        \n                <\/h3>\n        <div class=\"accordion-content\">\n            <div id=\"row-stodistyrelseochforeningsarbete-0\" role=\"region\" class=\"accordion-content-wrap\" aria-labelledby=\"stodistyrelseochforeningsarbete-0\">\n                                            <div class=\"wysiwyg\">\n                    <p>Vi erbjuder st\u00f6d och utbildningar i demokratiarbete och f\u00f6reningsutveckling genom bland annat funktions- och styrelseutbildningar.<\/p>\n\n                <\/div>\n                                        <\/div>\n        <\/div>\n    <\/li>\n            <li class=\"accordion\" data-ui-accordion data-ui-accordion-open=\"false\">\n        <h3>\n        <button data-ui-accordion-button class=\"accordion-toggle font-bold\" aria-expanded=\"false\" aria-controls=\"row-cirkelledarutbildningar-1\" id=\"cirkelledarutbildningar-1\">\n            Cirkelledarutbildningar\n            \n            <figure class=\"w-4.5 h-4.5\" aria-hidden=\"true\">\n            <svg width=\"20\" height=\"20\" viewBox=\"0 0 20 20\" fill=\"none\"\nclass=\"SvgIconElement\">\n<path d=\"M15.8333 7.16667L9.99992 13L4.16659 7.16667\" stroke=\"currentColor\"\/>\n<\/svg>\n            <\/figure>\n        <\/button>\n        \n                <\/h3>\n        <div class=\"accordion-content\">\n            <div id=\"row-cirkelledarutbildningar-1\" role=\"region\" class=\"accordion-content-wrap\" aria-labelledby=\"cirkelledarutbildningar-1\">\n                                            <div class=\"wysiwyg\">\n                    <p>Vi erbjuder cirkelledarutbildningar men \u00e4ven andra typer av st\u00f6d i att utvecklas som ledare.<\/p>\n\n                <\/div>\n                                        <\/div>\n        <\/div>\n    <\/li>\n            <li class=\"accordion\" data-ui-accordion data-ui-accordion-open=\"false\">\n        <h3>\n        <button data-ui-accordion-button class=\"accordion-toggle font-bold\" aria-expanded=\"false\" aria-controls=\"row-pedagogisktstod-2\" id=\"pedagogisktstod-2\">\n            Pedagogiskt st\u00f6d\n            \n            <figure class=\"w-4.5 h-4.5\" aria-hidden=\"true\">\n            <svg width=\"20\" height=\"20\" viewBox=\"0 0 20 20\" fill=\"none\"\nclass=\"SvgIconElement\">\n<path d=\"M15.8333 7.16667L9.99992 13L4.16659 7.16667\" stroke=\"currentColor\"\/>\n<\/svg>\n            <\/figure>\n        <\/button>\n        \n                <\/h3>\n        <div class=\"accordion-content\">\n            <div id=\"row-pedagogisktstod-2\" role=\"region\" class=\"accordion-content-wrap\" aria-labelledby=\"pedagogisktstod-2\">\n                                            <div class=\"wysiwyg\">\n                    <p>Vi erbjuder pedagogiskt st\u00f6d vid planering av uppl\u00e4gg, arbetsplan och utbildningsinneh\u00e5ll.<\/p>\n\n                <\/div>\n                                        <\/div>\n        <\/div>\n    <\/li>\n            <li class=\"accordion\" data-ui-accordion data-ui-accordion-open=\"false\">\n        <h3>\n        <button data-ui-accordion-button class=\"accordion-toggle font-bold\" aria-expanded=\"false\" aria-controls=\"row-olycksfallsforsakring-3\" id=\"olycksfallsforsakring-3\">\n            Olycksfallsf\u00f6rs\u00e4kring\n            \n            <figure class=\"w-4.5 h-4.5\" aria-hidden=\"true\">\n            <svg width=\"20\" height=\"20\" viewBox=\"0 0 20 20\" fill=\"none\"\nclass=\"SvgIconElement\">\n<path d=\"M15.8333 7.16667L9.99992 13L4.16659 7.16667\" stroke=\"currentColor\"\/>\n<\/svg>\n            <\/figure>\n        <\/button>\n        \n                <\/h3>\n        <div class=\"accordion-content\">\n            <div id=\"row-olycksfallsforsakring-3\" role=\"region\" class=\"accordion-content-wrap\" aria-labelledby=\"olycksfallsforsakring-3\">\n                                            <div class=\"wysiwyg\">\n                    <p>Hos ABF har vi olycksfallsf\u00f6rs\u00e4kring f\u00f6r alla som deltar i v\u00e5ra verksamheter.<\/p>\n\n                <\/div>\n                                        <\/div>\n        <\/div>\n    <\/li>\n            <li class=\"accordion\" data-ui-accordion data-ui-accordion-open=\"false\">\n        <h3>\n        <button data-ui-accordion-button class=\"accordion-toggle font-bold\" aria-expanded=\"false\" aria-controls=\"row-studiematerial-4\" id=\"studiematerial-4\">\n            Studiematerial\n            \n            <figure class=\"w-4.5 h-4.5\" aria-hidden=\"true\">\n            <svg width=\"20\" height=\"20\" viewBox=\"0 0 20 20\" fill=\"none\"\nclass=\"SvgIconElement\">\n<path d=\"M15.8333 7.16667L9.99992 13L4.16659 7.16667\" stroke=\"currentColor\"\/>\n<\/svg>\n            <\/figure>\n        <\/button>\n        \n                <\/h3>\n        <div class=\"accordion-content\">\n            <div id=\"row-studiematerial-4\" role=\"region\" class=\"accordion-content-wrap\" aria-labelledby=\"studiematerial-4\">\n                                            <div class=\"wysiwyg\">\n                    <p>F\u00f6rutom tillg\u00e5ng till studiematerial kan vi erbjuda tips p\u00e5 f\u00f6rel\u00e4sare och kulturinslag.<\/p>\n\n                <\/div>\n                                        <\/div>\n        <\/div>\n    <\/li>\n            <li class=\"accordion\" data-ui-accordion data-ui-accordion-open=\"false\">\n        <h3>\n        <button data-ui-accordion-button class=\"accordion-toggle font-bold\" aria-expanded=\"false\" aria-controls=\"row-teknisktstod-5\" id=\"teknisktstod-5\">\n            Tekniskt st\u00f6d\n            \n            <figure class=\"w-4.5 h-4.5\" aria-hidden=\"true\">\n            <svg width=\"20\" height=\"20\" viewBox=\"0 0 20 20\" fill=\"none\"\nclass=\"SvgIconElement\">\n<path d=\"M15.8333 7.16667L9.99992 13L4.16659 7.16667\" stroke=\"currentColor\"\/>\n<\/svg>\n            <\/figure>\n        <\/button>\n        \n                <\/h3>\n        <div class=\"accordion-content\">\n            <div id=\"row-teknisktstod-5\" role=\"region\" class=\"accordion-content-wrap\" aria-labelledby=\"teknisktstod-5\">\n                                            <div class=\"wysiwyg\">\n                    <p>Vi \u00e4r behj\u00e4lpliga med att ge st\u00f6d i anv\u00e4ndning av digitala verktyg, ljud, projektor, med mera!<\/p>\n\n                <\/div>\n                                        <\/div>\n        <\/div>\n    <\/li>\n            <li class=\"accordion\" data-ui-accordion data-ui-accordion-open=\"false\">\n        <h3>\n        <button data-ui-accordion-button class=\"accordion-toggle font-bold\" aria-expanded=\"false\" aria-controls=\"row-stodikommunikation-6\" id=\"stodikommunikation-6\">\n            St\u00f6d i kommunikation\n            \n            <figure class=\"w-4.5 h-4.5\" aria-hidden=\"true\">\n            <svg width=\"20\" height=\"20\" viewBox=\"0 0 20 20\" fill=\"none\"\nclass=\"SvgIconElement\">\n<path d=\"M15.8333 7.16667L9.99992 13L4.16659 7.16667\" stroke=\"currentColor\"\/>\n<\/svg>\n            <\/figure>\n        <\/button>\n        \n                <\/h3>\n        <div class=\"accordion-content\">\n            <div id=\"row-stodikommunikation-6\" role=\"region\" class=\"accordion-content-wrap\" aria-labelledby=\"stodikommunikation-6\">\n                                            <div class=\"wysiwyg\">\n                    <p>Vi hj\u00e4lper er att n\u00e5 ut med f\u00f6reningens verksamhet.<\/p>\n\n                <\/div>\n                                        <\/div>\n        <\/div>\n    <\/li>\n            <li class=\"accordion\" data-ui-accordion data-ui-accordion-open=\"false\">\n        <h3>\n        <button data-ui-accordion-button class=\"accordion-toggle font-bold\" aria-expanded=\"false\" aria-controls=\"row-lokaler-7\" id=\"lokaler-7\">\n            Lokaler\n            \n            <figure class=\"w-4.5 h-4.5\" aria-hidden=\"true\">\n            <svg width=\"20\" height=\"20\" viewBox=\"0 0 20 20\" fill=\"none\"\nclass=\"SvgIconElement\">\n<path d=\"M15.8333 7.16667L9.99992 13L4.16659 7.16667\" stroke=\"currentColor\"\/>\n<\/svg>\n            <\/figure>\n        <\/button>\n        \n                <\/h3>\n        <div class=\"accordion-content\">\n            <div id=\"row-lokaler-7\" role=\"region\" class=\"accordion-content-wrap\" aria-labelledby=\"lokaler-7\">\n                                            <div class=\"wysiwyg\">\n                    <p>Vi har lokaler f\u00f6r studiecirklar, f\u00f6rel\u00e4sningar och kulturarrangemang.<\/p>\n\n                <\/div>\n                                        <\/div>\n        <\/div>\n    <\/li>\n            <li class=\"accordion\" data-ui-accordion data-ui-accordion-open=\"false\">\n        <h3>\n        <button data-ui-accordion-button class=\"accordion-toggle font-bold\" aria-expanded=\"false\" aria-controls=\"row-mojlighetattsamverkamedandra-8\" id=\"mojlighetattsamverkamedandra-8\">\n            M\u00f6jlighet att samverka med andra\n            \n            <figure class=\"w-4.5 h-4.5\" aria-hidden=\"true\">\n            <svg width=\"20\" height=\"20\" viewBox=\"0 0 20 20\" fill=\"none\"\nclass=\"SvgIconElement\">\n<path d=\"M15.8333 7.16667L9.99992 13L4.16659 7.16667\" stroke=\"currentColor\"\/>\n<\/svg>\n            <\/figure>\n        <\/button>\n        \n                <\/h3>\n        <div class=\"accordion-content\">\n            <div id=\"row-mojlighetattsamverkamedandra-8\" role=\"region\" class=\"accordion-content-wrap\" aria-labelledby=\"mojlighetattsamverkamedandra-8\">\n                                            <div class=\"wysiwyg\">\n                    \n                <\/div>\n                                        <\/div>\n        <\/div>\n    <\/li>\n    <\/ul>\n<div\n    class=\"acf-article-cta-link-block article-container my-8\"\n    data-block=\"article-cta-link-block\"\n>\n<div>\n    <a class=\"inline-flex flex-row items-center gap-4 text-link underline text-red-dark\"\n        href=\"https:\/\/www.abf.se\/mittskane\/kontakt\/\"\n            >\n        <span class=\"\">\n        Kontakta oss\n        <\/span>\n        <figure aria-hidden=\"true\" class=\"rounded-full bg-red-dark w-8 h-8 p-1 text-white\">\n            <svg width=\"20\" height=\"20\" viewBox=\"0 0 20 20\" fill=\"none\" class=\"SvgIconElement\">\n<path d=\"M4.16659 10L15.8333 10\" stroke=\"currentColor\"\/>\n<path d=\"M9.99992 4.1665L15.8333 9.99984L9.99992 15.8332\" stroke=\"currentColor\"\/>\n<\/svg>\n        <\/figure>\n    <\/a>\n<\/div>\n<\/div>\n","protected":false},"excerpt":{"rendered":"","protected":false},"author":32,"featured_media":0,"parent":387,"menu_order":0,"comment_status":"closed","ping_status":"closed","template":"","meta":{"_acf_changed":false,"footnotes":""},"class_list":["post-1261","page","type-page","status-publish","hentry"],"acf":[],"yoast_head":"<!-- This site is optimized with the Yoast SEO plugin v27.0 - https:\/\/yoast.com\/product\/yoast-seo-wordpress\/ -->\n<title>Samverka med ABF MittSk\u00e5ne - MittSk\u00e5ne<\/title>\n<meta name=\"description\" content=\"I n\u00e4ra samarbete med medlems- och samarbetsorganisationer, bidrar ABF varje \u00e5r till att g\u00f6ra fler r\u00f6ster h\u00f6rda.\" \/>\n<meta name=\"robots\" content=\"index, follow, max-snippet:-1, max-image-preview:large, max-video-preview:-1\" \/>\n<link rel=\"canonical\" href=\"https:\/\/www.abf.se\/mittskane\/abf-mittskane\/samverka-med-abf-mittskane\/\" \/>\n<meta property=\"og:locale\" content=\"sv_SE\" \/>\n<meta property=\"og:type\" content=\"article\" \/>\n<meta property=\"og:title\" content=\"Samverka med ABF MittSk\u00e5ne - MittSk\u00e5ne\" \/>\n<meta property=\"og:description\" content=\"I n\u00e4ra samarbete med medlems- och samarbetsorganisationer, bidrar ABF varje \u00e5r till att g\u00f6ra fler r\u00f6ster h\u00f6rda.\" \/>\n<meta property=\"og:url\" content=\"https:\/\/www.abf.se\/mittskane\/abf-mittskane\/samverka-med-abf-mittskane\/\" \/>\n<meta property=\"og:site_name\" content=\"MittSk\u00e5ne\" \/>\n<meta property=\"article:modified_time\" content=\"2025-06-03T12:15:11+00:00\" \/>\n<meta property=\"og:image\" content=\"https:\/\/www.abf.se\/wp-content\/uploads\/sites\/35\/2024\/04\/Nyckeln-liggande-scaled.jpg\" \/>\n\t<meta property=\"og:image:width\" content=\"2560\" \/>\n\t<meta property=\"og:image:height\" content=\"1440\" \/>\n\t<meta property=\"og:image:type\" content=\"image\/jpeg\" \/>\n<meta name=\"twitter:card\" content=\"summary_large_image\" \/>\n<script type=\"application\/ld+json\" class=\"yoast-schema-graph\">{\"@context\":\"https:\/\/schema.org\",\"@graph\":[{\"@type\":\"WebPage\",\"@id\":\"https:\/\/www.abf.se\/mittskane\/abf-mittskane\/samverka-med-abf-mittskane\/\",\"url\":\"https:\/\/www.abf.se\/mittskane\/abf-mittskane\/samverka-med-abf-mittskane\/\",\"name\":\"Samverka med ABF MittSk\u00e5ne - MittSk\u00e5ne\",\"isPartOf\":{\"@id\":\"https:\/\/www.abf.se\/mittskane\/#website\"},\"datePublished\":\"2024-03-12T11:03:08+00:00\",\"dateModified\":\"2025-06-03T12:15:11+00:00\",\"description\":\"I n\u00e4ra samarbete med medlems- och samarbetsorganisationer, bidrar ABF varje \u00e5r till att g\u00f6ra fler r\u00f6ster h\u00f6rda.\",\"breadcrumb\":{\"@id\":\"https:\/\/www.abf.se\/mittskane\/abf-mittskane\/samverka-med-abf-mittskane\/#breadcrumb\"},\"inLanguage\":\"sv-SE\",\"potentialAction\":[{\"@type\":\"ReadAction\",\"target\":[\"https:\/\/www.abf.se\/mittskane\/abf-mittskane\/samverka-med-abf-mittskane\/\"]}]},{\"@type\":\"BreadcrumbList\",\"@id\":\"https:\/\/www.abf.se\/mittskane\/abf-mittskane\/samverka-med-abf-mittskane\/#breadcrumb\",\"itemListElement\":[{\"@type\":\"ListItem\",\"position\":1,\"name\":\"Home\",\"item\":\"https:\/\/www.abf.se\/mittskane\/\"},{\"@type\":\"ListItem\",\"position\":2,\"name\":\"ABF MittSk\u00e5ne\",\"item\":\"https:\/\/www.abf.se\/mittskane\/abf-mittskane\/\"},{\"@type\":\"ListItem\",\"position\":3,\"name\":\"Samverka med ABF MittSk\u00e5ne\"}]},{\"@type\":\"WebSite\",\"@id\":\"https:\/\/www.abf.se\/mittskane\/#website\",\"url\":\"https:\/\/www.abf.se\/mittskane\/\",\"name\":\"MittSk\u00e5ne\",\"description\":\"\",\"potentialAction\":[{\"@type\":\"SearchAction\",\"target\":{\"@type\":\"EntryPoint\",\"urlTemplate\":\"https:\/\/www.abf.se\/mittskane\/?s={search_term_string}\"},\"query-input\":{\"@type\":\"PropertyValueSpecification\",\"valueRequired\":true,\"valueName\":\"search_term_string\"}}],\"inLanguage\":\"sv-SE\"}]}<\/script>\n<!-- \/ Yoast SEO plugin. -->","yoast_head_json":{"title":"Samverka med ABF MittSk\u00e5ne - MittSk\u00e5ne","description":"I n\u00e4ra samarbete med medlems- och samarbetsorganisationer, bidrar ABF varje \u00e5r till att g\u00f6ra fler r\u00f6ster h\u00f6rda.","robots":{"index":"index","follow":"follow","max-snippet":"max-snippet:-1","max-image-preview":"max-image-preview:large","max-video-preview":"max-video-preview:-1"},"canonical":"https:\/\/www.abf.se\/mittskane\/abf-mittskane\/samverka-med-abf-mittskane\/","og_locale":"sv_SE","og_type":"article","og_title":"Samverka med ABF MittSk\u00e5ne - MittSk\u00e5ne","og_description":"I n\u00e4ra samarbete med medlems- och samarbetsorganisationer, bidrar ABF varje \u00e5r till att g\u00f6ra fler r\u00f6ster h\u00f6rda.","og_url":"https:\/\/www.abf.se\/mittskane\/abf-mittskane\/samverka-med-abf-mittskane\/","og_site_name":"MittSk\u00e5ne","article_modified_time":"2025-06-03T12:15:11+00:00","og_image":[{"width":2560,"height":1440,"url":"https:\/\/www.abf.se\/wp-content\/uploads\/sites\/35\/2024\/04\/Nyckeln-liggande-scaled.jpg","type":"image\/jpeg"}],"twitter_card":"summary_large_image","schema":{"@context":"https:\/\/schema.org","@graph":[{"@type":"WebPage","@id":"https:\/\/www.abf.se\/mittskane\/abf-mittskane\/samverka-med-abf-mittskane\/","url":"https:\/\/www.abf.se\/mittskane\/abf-mittskane\/samverka-med-abf-mittskane\/","name":"Samverka med ABF MittSk\u00e5ne - MittSk\u00e5ne","isPartOf":{"@id":"https:\/\/www.abf.se\/mittskane\/#website"},"datePublished":"2024-03-12T11:03:08+00:00","dateModified":"2025-06-03T12:15:11+00:00","description":"I n\u00e4ra samarbete med medlems- och samarbetsorganisationer, bidrar ABF varje \u00e5r till att g\u00f6ra fler r\u00f6ster h\u00f6rda.","breadcrumb":{"@id":"https:\/\/www.abf.se\/mittskane\/abf-mittskane\/samverka-med-abf-mittskane\/#breadcrumb"},"inLanguage":"sv-SE","potentialAction":[{"@type":"ReadAction","target":["https:\/\/www.abf.se\/mittskane\/abf-mittskane\/samverka-med-abf-mittskane\/"]}]},{"@type":"BreadcrumbList","@id":"https:\/\/www.abf.se\/mittskane\/abf-mittskane\/samverka-med-abf-mittskane\/#breadcrumb","itemListElement":[{"@type":"ListItem","position":1,"name":"Home","item":"https:\/\/www.abf.se\/mittskane\/"},{"@type":"ListItem","position":2,"name":"ABF MittSk\u00e5ne","item":"https:\/\/www.abf.se\/mittskane\/abf-mittskane\/"},{"@type":"ListItem","position":3,"name":"Samverka med ABF MittSk\u00e5ne"}]},{"@type":"WebSite","@id":"https:\/\/www.abf.se\/mittskane\/#website","url":"https:\/\/www.abf.se\/mittskane\/","name":"MittSk\u00e5ne","description":"","potentialAction":[{"@type":"SearchAction","target":{"@type":"EntryPoint","urlTemplate":"https:\/\/www.abf.se\/mittskane\/?s={search_term_string}"},"query-input":{"@type":"PropertyValueSpecification","valueRequired":true,"valueName":"search_term_string"}}],"inLanguage":"sv-SE"}]}},"_links":{"self":[{"href":"https:\/\/www.abf.se\/mittskane\/wp-json\/wp\/v2\/pages\/1261","targetHints":{"allow":["GET"]}}],"collection":[{"href":"https:\/\/www.abf.se\/mittskane\/wp-json\/wp\/v2\/pages"}],"about":[{"href":"https:\/\/www.abf.se\/mittskane\/wp-json\/wp\/v2\/types\/page"}],"author":[{"embeddable":true,"href":"https:\/\/www.abf.se\/mittskane\/wp-json\/wp\/v2\/users\/32"}],"replies":[{"embeddable":true,"href":"https:\/\/www.abf.se\/mittskane\/wp-json\/wp\/v2\/comments?post=1261"}],"version-history":[{"count":9,"href":"https:\/\/www.abf.se\/mittskane\/wp-json\/wp\/v2\/pages\/1261\/revisions"}],"predecessor-version":[{"id":1616,"href":"https:\/\/www.abf.se\/mittskane\/wp-json\/wp\/v2\/pages\/1261\/revisions\/1616"}],"up":[{"embeddable":true,"href":"https:\/\/www.abf.se\/mittskane\/wp-json\/wp\/v2\/pages\/387"}],"wp:attachment":[{"href":"https:\/\/www.abf.se\/mittskane\/wp-json\/wp\/v2\/media?parent=1261"}],"curies":[{"name":"wp","href":"https:\/\/api.w.org\/{rel}","templated":true}]}}