{"id":1386,"date":"2024-03-18T10:54:46","date_gmt":"2024-03-18T09:54:46","guid":{"rendered":"https:\/\/www.abf.se\/mittskane\/?page_id=1386"},"modified":"2025-06-03T14:06:32","modified_gmt":"2025-06-03T12:06:32","slug":"hallbar-utveckling","status":"publish","type":"page","link":"https:\/\/www.abf.se\/mittskane\/abf-mittskane\/hallbar-utveckling\/","title":{"rendered":"H\u00e5llbar Utveckling"},"content":{"rendered":"<div\n    class=\"acf-hero-block container-lg no-padding mb-12 js-geolocation\"\n    data-block=\"hero-block\"\n    data-index=\"0\"\n>\n    <div class=\"h-[548px]  relative rounded-[32px] overflow-hidden flex bg-gray-light\">\n        <div class=\"relative z-10 mt-auto h-auto w-full md:h-full\">\n            <div class=\"flex w-full h-full flex-col flex-wrap justify-end w-full md:w-7\/12 lg:w-1\/2 md:justify-center\">\n                <div class=\"flex flex-col gap-3 md:gap-[18px] md:transparent pt-16 pb-36 md:py-8 px-4 w-full md:max-w-[620px] mx-auto px-8\">\n\n                    <h1 class=\"hero-heading\"><span>H\u00e5llbar Utveckling<\/span><\/h1>\n\n                    \n                                    <\/div>\n            <\/div>\n        <\/div>\n\n                    <picture class=\"as-background-image mix-blend-multiply bg-black\/40\"><img decoding=\"async\" src=\"https:\/\/www.abf.se\/mittskane\/resized\/?url=https%3A%2F%2Fwww.abf.se%2Fwp-content%2Fuploads%2Fsites%2F35%2F2024%2F03%2Fhallbar-utveckling.jpg&#038;fit=crop&#038;w=1440&#038;s=e9a3b02ce3a74a4c1615e57e0de13ce3\" srcset=\"https:\/\/www.abf.se\/mittskane\/resized\/?url=https%3A%2F%2Fwww.abf.se%2Fwp-content%2Fuploads%2Fsites%2F35%2F2024%2F03%2Fhallbar-utveckling.jpg&#038;fit=crop&#038;w=375&#038;h=540&#038;s=353825ab014c07941ece636f6b073df1 375w, https:\/\/www.abf.se\/mittskane\/resized\/?url=https%3A%2F%2Fwww.abf.se%2Fwp-content%2Fuploads%2Fsites%2F35%2F2024%2F03%2Fhallbar-utveckling.jpg&#038;fit=crop&#038;w=447&#038;h=540&#038;s=9f13ebed86b09fffc6b2ac9c71a757e8 447w, https:\/\/www.abf.se\/mittskane\/resized\/?url=https%3A%2F%2Fwww.abf.se%2Fwp-content%2Fuploads%2Fsites%2F35%2F2024%2F03%2Fhallbar-utveckling.jpg&#038;fit=crop&#038;w=519&#038;h=540&#038;s=12a66079d6f42f204bb1b8ab2584efe3 519w, https:\/\/www.abf.se\/mittskane\/resized\/?url=https%3A%2F%2Fwww.abf.se%2Fwp-content%2Fuploads%2Fsites%2F35%2F2024%2F03%2Fhallbar-utveckling.jpg&#038;fit=crop&#038;w=591&#038;h=540&#038;s=77da7998a489fe471b3da8b3c6f94b02 591w, https:\/\/www.abf.se\/mittskane\/resized\/?url=https%3A%2F%2Fwww.abf.se%2Fwp-content%2Fuploads%2Fsites%2F35%2F2024%2F03%2Fhallbar-utveckling.jpg&#038;fit=crop&#038;w=663&#038;h=540&#038;s=8db362f2d6e5b7f8c96df600f8acd9b2 663w, https:\/\/www.abf.se\/mittskane\/resized\/?url=https%3A%2F%2Fwww.abf.se%2Fwp-content%2Fuploads%2Fsites%2F35%2F2024%2F03%2Fhallbar-utveckling.jpg&#038;fit=crop&#038;w=750&#038;h=540&#038;s=c29ac3e7fb064422c36a7234e52c0dc4 750w, https:\/\/www.abf.se\/mittskane\/resized\/?url=https%3A%2F%2Fwww.abf.se%2Fwp-content%2Fuploads%2Fsites%2F35%2F2024%2F03%2Fhallbar-utveckling.jpg&#038;fit=crop&#038;w=894&#038;h=540&#038;s=824920dfcf9ccf766aca81ec3fb47c07 894w, https:\/\/www.abf.se\/mittskane\/resized\/?url=https%3A%2F%2Fwww.abf.se%2Fwp-content%2Fuploads%2Fsites%2F35%2F2024%2F03%2Fhallbar-utveckling.jpg&#038;fit=crop&#038;w=1038&#038;h=540&#038;s=c8e7d726cc9f22c3d3cb46bd0c4ea0b9 1038w, https:\/\/www.abf.se\/mittskane\/resized\/?url=https%3A%2F%2Fwww.abf.se%2Fwp-content%2Fuploads%2Fsites%2F35%2F2024%2F03%2Fhallbar-utveckling.jpg&#038;fit=crop&#038;w=1182&#038;h=540&#038;s=9932c9d78c0719daaa74615c8192147e 1182w, https:\/\/www.abf.se\/mittskane\/resized\/?url=https%3A%2F%2Fwww.abf.se%2Fwp-content%2Fuploads%2Fsites%2F35%2F2024%2F03%2Fhallbar-utveckling.jpg&#038;fit=crop&#038;w=1326&#038;h=540&#038;s=0c00c2d682e12803a099b3251d9c1d96 1326w, https:\/\/www.abf.se\/mittskane\/resized\/?url=https%3A%2F%2Fwww.abf.se%2Fwp-content%2Fuploads%2Fsites%2F35%2F2024%2F03%2Fhallbar-utveckling.jpg&#038;fit=crop&#038;w=1440&#038;h=540&#038;s=7f49e83d61c0be3c042cd307add41966 1440w\" alt=\"\" height=\"540\" width=\"1440\" sizes=\"(max-width: 1440px) calc(100vw - 32px), 1440px\" loading=\"eager\" fetchpriority=\"high\" aria-hidden=\"true\" role=\"presentation\" \/><\/picture>\n        \n\n            <\/div>\n\n    <\/div>\n\n<div\n    class=\"acf-article-text-block article-container my-12\"\n    data-block=\"article-text-block\"\n>\n    <div class=\"wysiwyg\">\n        <p><strong>H\u00e5llbart ABF \u00e4r samlingsnamnet p\u00e5 ABFs h\u00e5llbarhetsverksamhet som ska inspirera och ge kunskap f\u00f6r en H\u00e5llbar Utveckling.<\/strong><\/p>\n\n    <\/div>\n<\/div>\n<ul\n    class=\"acf-article-accordion-block accordion-group grid gap-4 my-12 article-container\"\n    data-block=\"article-accordion-block \"\n    data-ui-accordion-group\n>\n\n            <li class=\"accordion\" data-ui-accordion data-ui-accordion-open=\"false\">\n        <h3>\n        <button data-ui-accordion-button class=\"accordion-toggle font-bold\" aria-expanded=\"false\" aria-controls=\"row-hallbartabf-0\" id=\"hallbartabf-0\">\n            H\u00e5llbart ABF\n            \n            <figure class=\"w-4.5 h-4.5\" aria-hidden=\"true\">\n            <svg width=\"20\" height=\"20\" viewBox=\"0 0 20 20\" fill=\"none\"\nclass=\"SvgIconElement\">\n<path d=\"M15.8333 7.16667L9.99992 13L4.16659 7.16667\" stroke=\"currentColor\"\/>\n<\/svg>\n            <\/figure>\n        <\/button>\n        \n                <\/h3>\n        <div class=\"accordion-content\">\n            <div id=\"row-hallbartabf-0\" role=\"region\" class=\"accordion-content-wrap\" aria-labelledby=\"hallbartabf-0\">\n                                            <div class=\"wysiwyg\">\n                    <p>Hur man som individ eller organisation kan vara med och g\u00f6ra skillnad.<\/p>\n<p>H\u00e5llbart ABF \u00e4r samlingsnamnet p\u00e5 ABFs h\u00e5llbarhetsverksamhet som ska inspirera och ge kunskap f\u00f6r en h\u00e5llbar utveckling. Samtidigt \u00e4r det en satsning p\u00e5 att ABF som organisation ska bli \u00e4nnu b\u00e4ttre p\u00e5 att sj\u00e4lva leva som vi l\u00e4r. Vi vill erbjuda dig kunskapen och kraften att g\u00f6ra samma sak, det vill s\u00e4ga hur man som individ eller organisation kan vara med och g\u00f6ra skillnad.<\/p>\n\n                <\/div>\n                                        <\/div>\n        <\/div>\n    <\/li>\n            <li class=\"accordion\" data-ui-accordion data-ui-accordion-open=\"false\">\n        <h3>\n        <button data-ui-accordion-button class=\"accordion-toggle font-bold\" aria-expanded=\"false\" aria-controls=\"row-fairtrade-1\" id=\"fairtrade-1\">\n            Fairtrade\n            \n            <figure class=\"w-4.5 h-4.5\" aria-hidden=\"true\">\n            <svg width=\"20\" height=\"20\" viewBox=\"0 0 20 20\" fill=\"none\"\nclass=\"SvgIconElement\">\n<path d=\"M15.8333 7.16667L9.99992 13L4.16659 7.16667\" stroke=\"currentColor\"\/>\n<\/svg>\n            <\/figure>\n        <\/button>\n        \n                <\/h3>\n        <div class=\"accordion-content\">\n            <div id=\"row-fairtrade-1\" role=\"region\" class=\"accordion-content-wrap\" aria-labelledby=\"fairtrade-1\">\n                                            <div class=\"wysiwyg\">\n                    <p>Efter att i m\u00e5nga \u00e5r aktivt ha arbetat med Faitrade, blev ABF \u00e5r 2011 medlemmar i F\u00f6reningen f\u00f6r Fairtrade p\u00e5 f\u00f6rbundsniv\u00e5 och i samverkansgruppen i Lunds kommun.<br \/>\nABF MittSk\u00e5ne har sedan \u00e5r 2011 utbildat ambassad\u00f6rer f\u00f6r Fairtrade.<\/p>\n<p>Vad \u00e4r Fairtrade?<br \/>\nFairtrade \u00e4r en oberoende produktm\u00e4rkning som skapar f\u00f6ruts\u00e4ttningar f\u00f6r odlare och anst\u00e4llda i utvecklingsl\u00e4nder att f\u00f6rb\u00e4ttra sina arbets- och levnadsvillkor. N\u00e4r du som enskild konsument eller organisation v\u00e4ljer Fairtrade-m\u00e4rkta produkter bidrar du till att odlare och anst\u00e4llda f\u00e5r f\u00f6rb\u00e4ttrade ekonomiska villkor, genom kriterier f\u00f6r h\u00f6gre l\u00f6ner och ett minimipris som \u00f6verstiger produktionskostnaden. Detta tillsammans med l\u00e5ngsiktiga handelsavtal, ger trygghet f\u00f6r alla dem som inte har s\u00e5 stora marginaler att leva p\u00e5. Ut\u00f6ver den h\u00f6gre betalningen f\u00e5r odlarna ocks\u00e5 en extra premie. Den anv\u00e4nds till att utveckla lokalsamh\u00e4llet socialt och ekonomiskt, t.ex. i en ny skola, nya bost\u00e4der och h\u00e4lsov\u00e5rd, eller till investeringar i jordbruket. Beslutet f\u00f6r hur premien ska anv\u00e4ndas tas gemensamt av odlarna. <\/p>\n<p>Fairtrade handlar inte bara om att f\u00e5 en b\u00e4ttre ekonomisk situation. Kriterierna fr\u00e4mjar ocks\u00e5 demokratin, organisationsr\u00e4tten samt milj\u00f6h\u00e4nsyn i produktionen. Barnarbete och diskriminering motverkas. <\/p>\n<p>Fairtrade \u00e4r en oberoende produktm\u00e4rkning och din garanti f\u00f6r att en produkt uppfyller internationella Fairtrade-kriterier. <\/p>\n<p>Fairtrade Sverige \u00e4r den svenska representanten i Fairtrade International, som utvecklar kriterier och fungerar som st\u00f6d f\u00f6r odlare och anst\u00e4llda i utvecklingsl\u00e4nder. Kontrollerna utf\u00f6rs av FLO-Cert, ett oberoende internationellt certifieringsorgan med ISO65-ackreditering. Fairtrade Sverige har systerorganisationer i ett tjugotal l\u00e4nder.<\/p>\n\n                <\/div>\n                                        <\/div>\n        <\/div>\n    <\/li>\n    <\/ul>\n","protected":false},"excerpt":{"rendered":"","protected":false},"author":32,"featured_media":0,"parent":387,"menu_order":0,"comment_status":"closed","ping_status":"closed","template":"","meta":{"_acf_changed":false,"footnotes":""},"class_list":["post-1386","page","type-page","status-publish","hentry"],"acf":[],"yoast_head":"<!-- This site is optimized with the Yoast SEO plugin v27.0 - https:\/\/yoast.com\/product\/yoast-seo-wordpress\/ -->\n<title>H\u00e5llbar Utveckling - MittSk\u00e5ne<\/title>\n<meta name=\"description\" content=\"H\u00e5llbart ABF \u00e4r samlingsnamnet p\u00e5 ABFs h\u00e5llbarhetsverksamhet som ska inspirera och ge kunskap f\u00f6r en H\u00e5llbar Utveckling.\" \/>\n<meta name=\"robots\" content=\"index, follow, max-snippet:-1, max-image-preview:large, max-video-preview:-1\" \/>\n<link rel=\"canonical\" href=\"https:\/\/www.abf.se\/mittskane\/abf-mittskane\/hallbar-utveckling\/\" \/>\n<meta property=\"og:locale\" content=\"sv_SE\" \/>\n<meta property=\"og:type\" content=\"article\" \/>\n<meta property=\"og:title\" content=\"H\u00e5llbar Utveckling - MittSk\u00e5ne\" \/>\n<meta property=\"og:description\" content=\"H\u00e5llbart ABF \u00e4r samlingsnamnet p\u00e5 ABFs h\u00e5llbarhetsverksamhet som ska inspirera och ge kunskap f\u00f6r en H\u00e5llbar Utveckling.\" \/>\n<meta property=\"og:url\" content=\"https:\/\/www.abf.se\/mittskane\/abf-mittskane\/hallbar-utveckling\/\" \/>\n<meta property=\"og:site_name\" content=\"MittSk\u00e5ne\" \/>\n<meta property=\"article:modified_time\" content=\"2025-06-03T12:06:32+00:00\" \/>\n<meta property=\"og:image\" content=\"https:\/\/www.abf.se\/wp-content\/uploads\/sites\/35\/2024\/04\/Nyckeln-liggande-scaled.jpg\" \/>\n\t<meta property=\"og:image:width\" content=\"2560\" \/>\n\t<meta property=\"og:image:height\" content=\"1440\" \/>\n\t<meta property=\"og:image:type\" content=\"image\/jpeg\" \/>\n<meta name=\"twitter:card\" content=\"summary_large_image\" \/>\n<script type=\"application\/ld+json\" class=\"yoast-schema-graph\">{\"@context\":\"https:\/\/schema.org\",\"@graph\":[{\"@type\":\"WebPage\",\"@id\":\"https:\/\/www.abf.se\/mittskane\/abf-mittskane\/hallbar-utveckling\/\",\"url\":\"https:\/\/www.abf.se\/mittskane\/abf-mittskane\/hallbar-utveckling\/\",\"name\":\"H\u00e5llbar Utveckling - MittSk\u00e5ne\",\"isPartOf\":{\"@id\":\"https:\/\/www.abf.se\/mittskane\/#website\"},\"datePublished\":\"2024-03-18T09:54:46+00:00\",\"dateModified\":\"2025-06-03T12:06:32+00:00\",\"description\":\"H\u00e5llbart ABF \u00e4r samlingsnamnet p\u00e5 ABFs h\u00e5llbarhetsverksamhet som ska inspirera och ge kunskap f\u00f6r en H\u00e5llbar Utveckling.\",\"breadcrumb\":{\"@id\":\"https:\/\/www.abf.se\/mittskane\/abf-mittskane\/hallbar-utveckling\/#breadcrumb\"},\"inLanguage\":\"sv-SE\",\"potentialAction\":[{\"@type\":\"ReadAction\",\"target\":[\"https:\/\/www.abf.se\/mittskane\/abf-mittskane\/hallbar-utveckling\/\"]}]},{\"@type\":\"BreadcrumbList\",\"@id\":\"https:\/\/www.abf.se\/mittskane\/abf-mittskane\/hallbar-utveckling\/#breadcrumb\",\"itemListElement\":[{\"@type\":\"ListItem\",\"position\":1,\"name\":\"Home\",\"item\":\"https:\/\/www.abf.se\/mittskane\/\"},{\"@type\":\"ListItem\",\"position\":2,\"name\":\"ABF MittSk\u00e5ne\",\"item\":\"https:\/\/www.abf.se\/mittskane\/abf-mittskane\/\"},{\"@type\":\"ListItem\",\"position\":3,\"name\":\"H\u00e5llbar Utveckling\"}]},{\"@type\":\"WebSite\",\"@id\":\"https:\/\/www.abf.se\/mittskane\/#website\",\"url\":\"https:\/\/www.abf.se\/mittskane\/\",\"name\":\"MittSk\u00e5ne\",\"description\":\"\",\"potentialAction\":[{\"@type\":\"SearchAction\",\"target\":{\"@type\":\"EntryPoint\",\"urlTemplate\":\"https:\/\/www.abf.se\/mittskane\/?s={search_term_string}\"},\"query-input\":{\"@type\":\"PropertyValueSpecification\",\"valueRequired\":true,\"valueName\":\"search_term_string\"}}],\"inLanguage\":\"sv-SE\"}]}<\/script>\n<!-- \/ Yoast SEO plugin. -->","yoast_head_json":{"title":"H\u00e5llbar Utveckling - MittSk\u00e5ne","description":"H\u00e5llbart ABF \u00e4r samlingsnamnet p\u00e5 ABFs h\u00e5llbarhetsverksamhet som ska inspirera och ge kunskap f\u00f6r en H\u00e5llbar Utveckling.","robots":{"index":"index","follow":"follow","max-snippet":"max-snippet:-1","max-image-preview":"max-image-preview:large","max-video-preview":"max-video-preview:-1"},"canonical":"https:\/\/www.abf.se\/mittskane\/abf-mittskane\/hallbar-utveckling\/","og_locale":"sv_SE","og_type":"article","og_title":"H\u00e5llbar Utveckling - MittSk\u00e5ne","og_description":"H\u00e5llbart ABF \u00e4r samlingsnamnet p\u00e5 ABFs h\u00e5llbarhetsverksamhet som ska inspirera och ge kunskap f\u00f6r en H\u00e5llbar Utveckling.","og_url":"https:\/\/www.abf.se\/mittskane\/abf-mittskane\/hallbar-utveckling\/","og_site_name":"MittSk\u00e5ne","article_modified_time":"2025-06-03T12:06:32+00:00","og_image":[{"width":2560,"height":1440,"url":"https:\/\/www.abf.se\/wp-content\/uploads\/sites\/35\/2024\/04\/Nyckeln-liggande-scaled.jpg","type":"image\/jpeg"}],"twitter_card":"summary_large_image","schema":{"@context":"https:\/\/schema.org","@graph":[{"@type":"WebPage","@id":"https:\/\/www.abf.se\/mittskane\/abf-mittskane\/hallbar-utveckling\/","url":"https:\/\/www.abf.se\/mittskane\/abf-mittskane\/hallbar-utveckling\/","name":"H\u00e5llbar Utveckling - MittSk\u00e5ne","isPartOf":{"@id":"https:\/\/www.abf.se\/mittskane\/#website"},"datePublished":"2024-03-18T09:54:46+00:00","dateModified":"2025-06-03T12:06:32+00:00","description":"H\u00e5llbart ABF \u00e4r samlingsnamnet p\u00e5 ABFs h\u00e5llbarhetsverksamhet som ska inspirera och ge kunskap f\u00f6r en H\u00e5llbar Utveckling.","breadcrumb":{"@id":"https:\/\/www.abf.se\/mittskane\/abf-mittskane\/hallbar-utveckling\/#breadcrumb"},"inLanguage":"sv-SE","potentialAction":[{"@type":"ReadAction","target":["https:\/\/www.abf.se\/mittskane\/abf-mittskane\/hallbar-utveckling\/"]}]},{"@type":"BreadcrumbList","@id":"https:\/\/www.abf.se\/mittskane\/abf-mittskane\/hallbar-utveckling\/#breadcrumb","itemListElement":[{"@type":"ListItem","position":1,"name":"Home","item":"https:\/\/www.abf.se\/mittskane\/"},{"@type":"ListItem","position":2,"name":"ABF MittSk\u00e5ne","item":"https:\/\/www.abf.se\/mittskane\/abf-mittskane\/"},{"@type":"ListItem","position":3,"name":"H\u00e5llbar Utveckling"}]},{"@type":"WebSite","@id":"https:\/\/www.abf.se\/mittskane\/#website","url":"https:\/\/www.abf.se\/mittskane\/","name":"MittSk\u00e5ne","description":"","potentialAction":[{"@type":"SearchAction","target":{"@type":"EntryPoint","urlTemplate":"https:\/\/www.abf.se\/mittskane\/?s={search_term_string}"},"query-input":{"@type":"PropertyValueSpecification","valueRequired":true,"valueName":"search_term_string"}}],"inLanguage":"sv-SE"}]}},"_links":{"self":[{"href":"https:\/\/www.abf.se\/mittskane\/wp-json\/wp\/v2\/pages\/1386","targetHints":{"allow":["GET"]}}],"collection":[{"href":"https:\/\/www.abf.se\/mittskane\/wp-json\/wp\/v2\/pages"}],"about":[{"href":"https:\/\/www.abf.se\/mittskane\/wp-json\/wp\/v2\/types\/page"}],"author":[{"embeddable":true,"href":"https:\/\/www.abf.se\/mittskane\/wp-json\/wp\/v2\/users\/32"}],"replies":[{"embeddable":true,"href":"https:\/\/www.abf.se\/mittskane\/wp-json\/wp\/v2\/comments?post=1386"}],"version-history":[{"count":17,"href":"https:\/\/www.abf.se\/mittskane\/wp-json\/wp\/v2\/pages\/1386\/revisions"}],"predecessor-version":[{"id":1643,"href":"https:\/\/www.abf.se\/mittskane\/wp-json\/wp\/v2\/pages\/1386\/revisions\/1643"}],"up":[{"embeddable":true,"href":"https:\/\/www.abf.se\/mittskane\/wp-json\/wp\/v2\/pages\/387"}],"wp:attachment":[{"href":"https:\/\/www.abf.se\/mittskane\/wp-json\/wp\/v2\/media?parent=1386"}],"curies":[{"name":"wp","href":"https:\/\/api.w.org\/{rel}","templated":true}]}}