{"id":2589,"date":"2025-05-14T11:53:25","date_gmt":"2025-05-14T09:53:25","guid":{"rendered":"https:\/\/www.abf.se\/mittskane\/?page_id=2589"},"modified":"2025-06-12T10:26:48","modified_gmt":"2025-06-12T08:26:48","slug":"prepping-hemberedskap","status":"publish","type":"page","link":"https:\/\/www.abf.se\/mittskane\/prepping-hemberedskap\/","title":{"rendered":"Prepping &amp; Hemberedskap"},"content":{"rendered":"<div\n    class=\"acf-hero-block container-lg no-padding mb-12 js-geolocation\"\n    data-block=\"hero-block\"\n    data-index=\"0\"\n>\n    <div class=\"h-[548px]  relative rounded-[32px] overflow-hidden flex bg-gray-light\">\n        <div class=\"relative z-10 mt-auto h-auto w-full md:h-full\">\n            <div class=\"flex w-full h-full flex-col flex-wrap justify-end w-full md:w-7\/12 lg:w-1\/2 md:justify-center\">\n                <div class=\"flex flex-col gap-3 md:gap-[18px] md:transparent pt-16 pb-36 md:py-8 px-4 w-full md:max-w-[620px] mx-auto px-8\">\n\n                    <h1 class=\"hero-heading hero-heading--red-text\"><span>Prepping &amp; Hemberedskap<\/span><\/h1>\n\n                    \n                                    <\/div>\n            <\/div>\n        <\/div>\n\n                    <picture class=\"as-background-image mix-blend-multiply bg-black\/40\"><img decoding=\"async\" src=\"https:\/\/www.abf.se\/mittskane\/resized\/?url=https%3A%2F%2Fwww.abf.se%2Fwp-content%2Fuploads%2Fsites%2F35%2F2025%2F05%2Fprepping2-1.png&#038;fit=crop&#038;w=1440&#038;s=721aec35ebd3e2e47f45af4ffecc16e2\" srcset=\"https:\/\/www.abf.se\/mittskane\/resized\/?url=https%3A%2F%2Fwww.abf.se%2Fwp-content%2Fuploads%2Fsites%2F35%2F2025%2F05%2Fprepping2-1.png&#038;fit=crop&#038;w=375&#038;h=540&#038;s=5695fda8c9baa377fbe9fc169df2ac0d 375w, https:\/\/www.abf.se\/mittskane\/resized\/?url=https%3A%2F%2Fwww.abf.se%2Fwp-content%2Fuploads%2Fsites%2F35%2F2025%2F05%2Fprepping2-1.png&#038;fit=crop&#038;w=447&#038;h=540&#038;s=2a5a8e8eed5003b0e43fb94172a76614 447w, https:\/\/www.abf.se\/mittskane\/resized\/?url=https%3A%2F%2Fwww.abf.se%2Fwp-content%2Fuploads%2Fsites%2F35%2F2025%2F05%2Fprepping2-1.png&#038;fit=crop&#038;w=519&#038;h=540&#038;s=c86133a5cf398d80935562edf2eda4e8 519w, https:\/\/www.abf.se\/mittskane\/resized\/?url=https%3A%2F%2Fwww.abf.se%2Fwp-content%2Fuploads%2Fsites%2F35%2F2025%2F05%2Fprepping2-1.png&#038;fit=crop&#038;w=591&#038;h=540&#038;s=3d68d33ad2e935b0e81cc9f10383b34f 591w, https:\/\/www.abf.se\/mittskane\/resized\/?url=https%3A%2F%2Fwww.abf.se%2Fwp-content%2Fuploads%2Fsites%2F35%2F2025%2F05%2Fprepping2-1.png&#038;fit=crop&#038;w=663&#038;h=540&#038;s=82b78a366e6289d01f58a6970a85e747 663w, https:\/\/www.abf.se\/mittskane\/resized\/?url=https%3A%2F%2Fwww.abf.se%2Fwp-content%2Fuploads%2Fsites%2F35%2F2025%2F05%2Fprepping2-1.png&#038;fit=crop&#038;w=750&#038;h=540&#038;s=313769390c377761bef0686c931dd21e 750w, https:\/\/www.abf.se\/mittskane\/resized\/?url=https%3A%2F%2Fwww.abf.se%2Fwp-content%2Fuploads%2Fsites%2F35%2F2025%2F05%2Fprepping2-1.png&#038;fit=crop&#038;w=894&#038;h=540&#038;s=66ff0093b69255c7e84a4849a34997ed 894w, https:\/\/www.abf.se\/mittskane\/resized\/?url=https%3A%2F%2Fwww.abf.se%2Fwp-content%2Fuploads%2Fsites%2F35%2F2025%2F05%2Fprepping2-1.png&#038;fit=crop&#038;w=1038&#038;h=540&#038;s=b9f54e39b3ca69d7e7d2b902099348ce 1038w, https:\/\/www.abf.se\/mittskane\/resized\/?url=https%3A%2F%2Fwww.abf.se%2Fwp-content%2Fuploads%2Fsites%2F35%2F2025%2F05%2Fprepping2-1.png&#038;fit=crop&#038;w=1182&#038;h=540&#038;s=ba90616c3efe3379a0fe87efa2ec6df9 1182w, https:\/\/www.abf.se\/mittskane\/resized\/?url=https%3A%2F%2Fwww.abf.se%2Fwp-content%2Fuploads%2Fsites%2F35%2F2025%2F05%2Fprepping2-1.png&#038;fit=crop&#038;w=1326&#038;h=540&#038;s=d9e76f7f38497fe367888fbd905fd71f 1326w, https:\/\/www.abf.se\/mittskane\/resized\/?url=https%3A%2F%2Fwww.abf.se%2Fwp-content%2Fuploads%2Fsites%2F35%2F2025%2F05%2Fprepping2-1.png&#038;fit=crop&#038;w=1440&#038;h=540&#038;s=0da66050d2965fb1dbd2148714256b2f 1440w\" alt=\"\" height=\"540\" width=\"1440\" sizes=\"(max-width: 1440px) calc(100vw - 32px), 1440px\" loading=\"eager\" fetchpriority=\"high\" aria-hidden=\"true\" role=\"presentation\" \/><\/picture>\n        \n\n            <\/div>\n\n    <\/div>\n\n<div\n    class=\"acf-article-text-block article-container my-12\"\n    data-block=\"article-text-block\"\n>\n    <div class=\"wysiwyg\">\n        <p>V\u00e4rldsl\u00e4get idag \u00e4r mycket oroligt och m\u00e5nga bekymras \u00f6ver de v\u00e4xande sp\u00e4nningarna mellan olika l\u00e4nder. Kan det bli krig i Sverige?<\/p>\n<p>Det \u00e4r inte bara krig som p\u00e5verkar ett samh\u00e4lle. Vad g\u00f6r man n\u00e4r str\u00f6mmen \u00e4r utslagen en vecka? Hur kan vi handla mat om kreditkortet inte fungerar? Var f\u00e5r vi tag i vatten om kommunen drabbas av en st\u00f6rre vattenl\u00e4cka?<\/p>\n<p>Vad \u00e4r egentligen en samh\u00e4llskris? Hur s\u00e5rbara \u00e4r vi som privata personer respektive samh\u00e4llet vid en kris?<\/p>\n<p><strong>I studiecirkeln f\u00e5r vi bland annat l\u00e4ra oss om:<\/strong><br \/>\n* vilket egenansvar vi har<br \/>\n* vad stat och kommun kan hj\u00e4lpa till med<br \/>\n* vart vi ska v\u00e4nda oss vid en kris<br \/>\n* hur vi hittar skyddsrum i v\u00e5r n\u00e4rhet<br \/>\nVi pratar \u00e4ven om Sveriges f\u00f6rsvar och var vi kan hitta viktig information.<br \/>\nVi tar upp viktiga saker som hur kroppen reagerar vid en kris, var vi f\u00e5r tag i mediciner, vad som<br \/>\n\u00e4r viktigt att ha i en krisl\u00e5da, hur vi f\u00e5r tag i mat och v\u00e4tska m.m. f\u00f6r att vara f\u00f6rberedd.<\/p>\n<p>\u00c4r du som privatperson eller ni som f\u00f6rening intresserad av en s\u00e5dan utbildning, \u00e4r ni v\u00e4lkomna att kontakta ABF MittSk\u00e5ne. Vi erbjuder olika antal tr\u00e4ffar f\u00f6r utbildningen. Oavsett om ni \u00e4r intresserade av en utbildning p\u00e5 helg, kv\u00e4lls- eller dagtid, s\u00e5 skr\u00e4ddarsyr vi denna till er.<\/p>\n\n    <\/div>\n<\/div>\n<ul\n    class=\"acf-article-accordion-block accordion-group grid gap-4 my-12 article-container\"\n    data-block=\"article-accordion-block \"\n    data-ui-accordion-group\n>\n\n            <li class=\"accordion\" data-ui-accordion data-ui-accordion-open=\"false\">\n        <h3>\n        <button data-ui-accordion-button class=\"accordion-toggle font-bold\" aria-expanded=\"false\" aria-controls=\"row-formerinformationochfragor:-0\" id=\"formerinformationochfragor:-0\">\n            F\u00f6r mer information och fr\u00e5gor:\n            \n            <figure class=\"w-4.5 h-4.5\" aria-hidden=\"true\">\n            <svg width=\"20\" height=\"20\" viewBox=\"0 0 20 20\" fill=\"none\"\nclass=\"SvgIconElement\">\n<path d=\"M15.8333 7.16667L9.99992 13L4.16659 7.16667\" stroke=\"currentColor\"\/>\n<\/svg>\n            <\/figure>\n        <\/button>\n        \n                <\/h3>\n        <div class=\"accordion-content\">\n            <div id=\"row-formerinformationochfragor:-0\" role=\"region\" class=\"accordion-content-wrap\" aria-labelledby=\"formerinformationochfragor:-0\">\n                                                <div class=\"grid md:grid-cols-3 gap-y-10 mt-10\">\n                        \n                                                        <div class=\"contact flex flex-col gap-3\">\n                                <div class=\"md:max-w-[160px]\">\n                                    \n                                <\/div>\n                                <div class=\"\">\n                                    <h4 class=\"heading-lg\">Jane Hansson<\/h4>\n                                    <p class=\"body-md\">Verksamhetsutvecklare<\/p>\n                                                                    <\/div>\n                                                                <div class=\"flex gap flex-col label-md gap-1\">\n                                                                        <div class=\"flex gap-3\">\n                                        <svg width=\"20\" height=\"20\" viewBox=\"0 0 20 20\" fill=\"none\" xmlns=\"http:\/\/www.w3.org\/2000\/svg\">\n<path d=\"M16.625 17.5C14.8333 17.5 13.0868 17.1007 11.3854 16.3021C9.68403 15.5035 8.17708 14.4479 6.86458 13.1354C5.55208 11.8229 4.49653 10.316 3.69792 8.61458C2.89931 6.91319 2.5 5.16667 2.5 3.375C2.5 3.125 2.58333 2.91667 2.75 2.75C2.91667 2.58333 3.125 2.5 3.375 2.5H6.75C6.94444 2.5 7.11806 2.5625 7.27083 2.6875C7.42361 2.8125 7.51389 2.97222 7.54167 3.16667L8.08333 6.08333C8.11111 6.27778 8.10764 6.45486 8.07292 6.61458C8.03819 6.77431 7.95833 6.91667 7.83333 7.04167L5.8125 9.08333C6.39583 10.0833 7.12847 11.0208 8.01042 11.8958C8.89236 12.7708 9.86111 13.5278 10.9167 14.1667L12.875 12.2083C13 12.0833 13.1632 11.9896 13.3646 11.9271C13.566 11.8646 13.7639 11.8472 13.9583 11.875L16.8333 12.4583C17.0278 12.5 17.1875 12.5938 17.3125 12.7396C17.4375 12.8854 17.5 13.0556 17.5 13.25V16.625C17.5 16.875 17.4167 17.0833 17.25 17.25C17.0833 17.4167 16.875 17.5 16.625 17.5ZM5.02083 7.5L6.39583 6.125L6.04167 4.16667H4.1875C4.25694 4.73611 4.35417 5.29861 4.47917 5.85417C4.60417 6.40972 4.78472 6.95833 5.02083 7.5ZM15.8333 15.7917V13.9583L13.875 13.5625L12.4792 14.9583C13.0208 15.1944 13.5729 15.3819 14.1354 15.5208C14.6979 15.6597 15.2639 15.75 15.8333 15.7917Z\" fill=\"black\"\/>\n<\/svg>\n                                        <p>\n                                                                                                                               <a href=\"callto:0413-693 50\">0413-693 50<\/a>\n                                                                                                                                     <\/p>\n                                    <\/div>\n                                                                                                            <div class=\"flex gap-3\">\n                                        <svg width=\"20\" height=\"20\" viewBox=\"0 0 20 20\" fill=\"none\" xmlns=\"http:\/\/www.w3.org\/2000\/svg\">\n<path d=\"M3.33366 16.6666C2.87533 16.6666 2.48296 16.5035 2.15658 16.1771C1.83019 15.8507 1.66699 15.4583 1.66699 15V4.99998C1.66699 4.54165 1.83019 4.14929 2.15658 3.8229C2.48296 3.49651 2.87533 3.33331 3.33366 3.33331H16.667C17.1253 3.33331 17.5177 3.49651 17.8441 3.8229C18.1705 4.14929 18.3337 4.54165 18.3337 4.99998V15C18.3337 15.4583 18.1705 15.8507 17.8441 16.1771C17.5177 16.5035 17.1253 16.6666 16.667 16.6666H3.33366ZM16.667 6.66665L10.4378 10.5625C10.3684 10.6041 10.2955 10.6354 10.2191 10.6562C10.1427 10.6771 10.0698 10.6875 10.0003 10.6875C9.93088 10.6875 9.85797 10.6771 9.78158 10.6562C9.70519 10.6354 9.63227 10.6041 9.56283 10.5625L3.33366 6.66665V15H16.667V6.66665ZM10.0003 9.16665L16.667 4.99998H3.33366L10.0003 9.16665ZM3.33366 6.87498V5.64581V5.66665V5.65623V6.87498Z\" fill=\"black\"\/>\n<\/svg>\n                                        <p><a href=\"mailto:jane.hansson@abf.se\">jane.hansson@abf.se<\/a><\/p>\n                                    <\/div>\n                                                                    <\/div>\n                                                            <\/div>\n                                            <\/div>\n                                        <\/div>\n        <\/div>\n    <\/li>\n    <\/ul>\n","protected":false},"excerpt":{"rendered":"","protected":false},"author":32,"featured_media":0,"parent":0,"menu_order":0,"comment_status":"closed","ping_status":"closed","template":"","meta":{"_acf_changed":false,"footnotes":""},"class_list":["post-2589","page","type-page","status-publish","hentry"],"acf":[],"yoast_head":"<!-- This site is optimized with the Yoast SEO plugin v27.0 - https:\/\/yoast.com\/product\/yoast-seo-wordpress\/ -->\n<title>Prepping &amp; Hemberedskap - MittSk\u00e5ne<\/title>\n<meta name=\"description\" content=\"V\u00e4rldsl\u00e4get idag \u00e4r mycket oroligt och m\u00e5nga bekymras \u00f6ver de v\u00e4xande sp\u00e4nningarna mellan olika l\u00e4nder. Kan det bli krig i Sverige?\" \/>\n<meta name=\"robots\" content=\"index, follow, max-snippet:-1, max-image-preview:large, max-video-preview:-1\" \/>\n<link rel=\"canonical\" href=\"https:\/\/www.abf.se\/mittskane\/prepping-hemberedskap\/\" \/>\n<meta property=\"og:locale\" content=\"sv_SE\" \/>\n<meta property=\"og:type\" content=\"article\" \/>\n<meta property=\"og:title\" content=\"Prepping &amp; Hemberedskap - MittSk\u00e5ne\" \/>\n<meta property=\"og:description\" content=\"V\u00e4rldsl\u00e4get idag \u00e4r mycket oroligt och m\u00e5nga bekymras \u00f6ver de v\u00e4xande sp\u00e4nningarna mellan olika l\u00e4nder. Kan det bli krig i Sverige?\" \/>\n<meta property=\"og:url\" content=\"https:\/\/www.abf.se\/mittskane\/prepping-hemberedskap\/\" \/>\n<meta property=\"og:site_name\" content=\"MittSk\u00e5ne\" \/>\n<meta property=\"article:modified_time\" content=\"2025-06-12T08:26:48+00:00\" \/>\n<meta property=\"og:image\" content=\"https:\/\/www.abf.se\/wp-content\/uploads\/sites\/35\/2024\/04\/Nyckeln-liggande-scaled.jpg\" \/>\n\t<meta property=\"og:image:width\" content=\"2560\" \/>\n\t<meta property=\"og:image:height\" content=\"1440\" \/>\n\t<meta property=\"og:image:type\" content=\"image\/jpeg\" \/>\n<meta name=\"twitter:card\" content=\"summary_large_image\" \/>\n<script type=\"application\/ld+json\" class=\"yoast-schema-graph\">{\"@context\":\"https:\/\/schema.org\",\"@graph\":[{\"@type\":\"WebPage\",\"@id\":\"https:\/\/www.abf.se\/mittskane\/prepping-hemberedskap\/\",\"url\":\"https:\/\/www.abf.se\/mittskane\/prepping-hemberedskap\/\",\"name\":\"Prepping &amp; Hemberedskap - MittSk\u00e5ne\",\"isPartOf\":{\"@id\":\"https:\/\/www.abf.se\/mittskane\/#website\"},\"datePublished\":\"2025-05-14T09:53:25+00:00\",\"dateModified\":\"2025-06-12T08:26:48+00:00\",\"description\":\"V\u00e4rldsl\u00e4get idag \u00e4r mycket oroligt och m\u00e5nga bekymras \u00f6ver de v\u00e4xande sp\u00e4nningarna mellan olika l\u00e4nder. Kan det bli krig i Sverige?\",\"breadcrumb\":{\"@id\":\"https:\/\/www.abf.se\/mittskane\/prepping-hemberedskap\/#breadcrumb\"},\"inLanguage\":\"sv-SE\",\"potentialAction\":[{\"@type\":\"ReadAction\",\"target\":[\"https:\/\/www.abf.se\/mittskane\/prepping-hemberedskap\/\"]}]},{\"@type\":\"BreadcrumbList\",\"@id\":\"https:\/\/www.abf.se\/mittskane\/prepping-hemberedskap\/#breadcrumb\",\"itemListElement\":[{\"@type\":\"ListItem\",\"position\":1,\"name\":\"Home\",\"item\":\"https:\/\/www.abf.se\/mittskane\/\"},{\"@type\":\"ListItem\",\"position\":2,\"name\":\"Prepping &amp; Hemberedskap\"}]},{\"@type\":\"WebSite\",\"@id\":\"https:\/\/www.abf.se\/mittskane\/#website\",\"url\":\"https:\/\/www.abf.se\/mittskane\/\",\"name\":\"MittSk\u00e5ne\",\"description\":\"\",\"potentialAction\":[{\"@type\":\"SearchAction\",\"target\":{\"@type\":\"EntryPoint\",\"urlTemplate\":\"https:\/\/www.abf.se\/mittskane\/?s={search_term_string}\"},\"query-input\":{\"@type\":\"PropertyValueSpecification\",\"valueRequired\":true,\"valueName\":\"search_term_string\"}}],\"inLanguage\":\"sv-SE\"}]}<\/script>\n<!-- \/ Yoast SEO plugin. -->","yoast_head_json":{"title":"Prepping &amp; Hemberedskap - MittSk\u00e5ne","description":"V\u00e4rldsl\u00e4get idag \u00e4r mycket oroligt och m\u00e5nga bekymras \u00f6ver de v\u00e4xande sp\u00e4nningarna mellan olika l\u00e4nder. Kan det bli krig i Sverige?","robots":{"index":"index","follow":"follow","max-snippet":"max-snippet:-1","max-image-preview":"max-image-preview:large","max-video-preview":"max-video-preview:-1"},"canonical":"https:\/\/www.abf.se\/mittskane\/prepping-hemberedskap\/","og_locale":"sv_SE","og_type":"article","og_title":"Prepping &amp; Hemberedskap - MittSk\u00e5ne","og_description":"V\u00e4rldsl\u00e4get idag \u00e4r mycket oroligt och m\u00e5nga bekymras \u00f6ver de v\u00e4xande sp\u00e4nningarna mellan olika l\u00e4nder. Kan det bli krig i Sverige?","og_url":"https:\/\/www.abf.se\/mittskane\/prepping-hemberedskap\/","og_site_name":"MittSk\u00e5ne","article_modified_time":"2025-06-12T08:26:48+00:00","og_image":[{"width":2560,"height":1440,"url":"https:\/\/www.abf.se\/wp-content\/uploads\/sites\/35\/2024\/04\/Nyckeln-liggande-scaled.jpg","type":"image\/jpeg"}],"twitter_card":"summary_large_image","schema":{"@context":"https:\/\/schema.org","@graph":[{"@type":"WebPage","@id":"https:\/\/www.abf.se\/mittskane\/prepping-hemberedskap\/","url":"https:\/\/www.abf.se\/mittskane\/prepping-hemberedskap\/","name":"Prepping &amp; Hemberedskap - MittSk\u00e5ne","isPartOf":{"@id":"https:\/\/www.abf.se\/mittskane\/#website"},"datePublished":"2025-05-14T09:53:25+00:00","dateModified":"2025-06-12T08:26:48+00:00","description":"V\u00e4rldsl\u00e4get idag \u00e4r mycket oroligt och m\u00e5nga bekymras \u00f6ver de v\u00e4xande sp\u00e4nningarna mellan olika l\u00e4nder. Kan det bli krig i Sverige?","breadcrumb":{"@id":"https:\/\/www.abf.se\/mittskane\/prepping-hemberedskap\/#breadcrumb"},"inLanguage":"sv-SE","potentialAction":[{"@type":"ReadAction","target":["https:\/\/www.abf.se\/mittskane\/prepping-hemberedskap\/"]}]},{"@type":"BreadcrumbList","@id":"https:\/\/www.abf.se\/mittskane\/prepping-hemberedskap\/#breadcrumb","itemListElement":[{"@type":"ListItem","position":1,"name":"Home","item":"https:\/\/www.abf.se\/mittskane\/"},{"@type":"ListItem","position":2,"name":"Prepping &amp; Hemberedskap"}]},{"@type":"WebSite","@id":"https:\/\/www.abf.se\/mittskane\/#website","url":"https:\/\/www.abf.se\/mittskane\/","name":"MittSk\u00e5ne","description":"","potentialAction":[{"@type":"SearchAction","target":{"@type":"EntryPoint","urlTemplate":"https:\/\/www.abf.se\/mittskane\/?s={search_term_string}"},"query-input":{"@type":"PropertyValueSpecification","valueRequired":true,"valueName":"search_term_string"}}],"inLanguage":"sv-SE"}]}},"_links":{"self":[{"href":"https:\/\/www.abf.se\/mittskane\/wp-json\/wp\/v2\/pages\/2589","targetHints":{"allow":["GET"]}}],"collection":[{"href":"https:\/\/www.abf.se\/mittskane\/wp-json\/wp\/v2\/pages"}],"about":[{"href":"https:\/\/www.abf.se\/mittskane\/wp-json\/wp\/v2\/types\/page"}],"author":[{"embeddable":true,"href":"https:\/\/www.abf.se\/mittskane\/wp-json\/wp\/v2\/users\/32"}],"replies":[{"embeddable":true,"href":"https:\/\/www.abf.se\/mittskane\/wp-json\/wp\/v2\/comments?post=2589"}],"version-history":[{"count":12,"href":"https:\/\/www.abf.se\/mittskane\/wp-json\/wp\/v2\/pages\/2589\/revisions"}],"predecessor-version":[{"id":2609,"href":"https:\/\/www.abf.se\/mittskane\/wp-json\/wp\/v2\/pages\/2589\/revisions\/2609"}],"wp:attachment":[{"href":"https:\/\/www.abf.se\/mittskane\/wp-json\/wp\/v2\/media?parent=2589"}],"curies":[{"name":"wp","href":"https:\/\/api.w.org\/{rel}","templated":true}]}}