{"id":331,"date":"2024-02-23T15:04:54","date_gmt":"2024-02-23T15:04:54","guid":{"rendered":"https:\/\/www.abf.se\/mittskane\/?page_id=331"},"modified":"2025-06-12T10:24:47","modified_gmt":"2025-06-12T08:24:47","slug":"se-din-konst-2021-2022","status":"publish","type":"page","link":"https:\/\/www.abf.se\/mittskane\/om-vara-projekt\/se-din-konst-test-sida\/se-din-konst-2021-2022\/","title":{"rendered":"Se Din Konst \u00e5r 2021-2022"},"content":{"rendered":"<div\n    class=\"acf-hero-block container-lg no-padding mb-12 js-geolocation\"\n    data-block=\"hero-block\"\n    data-index=\"0\"\n>\n    <div class=\"h-[548px]  relative rounded-[32px] overflow-hidden flex bg-gray-light\">\n        <div class=\"relative z-10 mt-auto h-auto w-full md:h-full\">\n            <div class=\"flex w-full h-full flex-col flex-wrap justify-end w-full md:w-7\/12 lg:w-1\/2 md:justify-center\">\n                <div class=\"flex flex-col gap-3 md:gap-[18px] md:transparent pt-16 pb-36 md:py-8 px-4 w-full md:max-w-[620px] mx-auto px-8\">\n\n                    <h1 class=\"hero-heading\"><span>Se Din Konst<\/span><\/h1>\n\n                    \n                                    <\/div>\n            <\/div>\n        <\/div>\n\n                    <picture class=\"as-background-image mix-blend-multiply bg-black\/40\"><img decoding=\"async\" src=\"https:\/\/www.abf.se\/mittskane\/resized\/?url=https%3A%2F%2Fwww.abf.se%2Fwp-content%2Fuploads%2Fsites%2F35%2F2024%2F02%2FSe-din-konst-nyhetsbild.jpg&#038;fit=crop&#038;w=1440&#038;s=309dbd0e2807f32cd061b046b62f8c0c\" srcset=\"https:\/\/www.abf.se\/mittskane\/resized\/?url=https%3A%2F%2Fwww.abf.se%2Fwp-content%2Fuploads%2Fsites%2F35%2F2024%2F02%2FSe-din-konst-nyhetsbild.jpg&#038;fit=crop&#038;w=375&#038;h=540&#038;s=394283e0d7818a2a24e5d02125d33a42 375w, https:\/\/www.abf.se\/mittskane\/resized\/?url=https%3A%2F%2Fwww.abf.se%2Fwp-content%2Fuploads%2Fsites%2F35%2F2024%2F02%2FSe-din-konst-nyhetsbild.jpg&#038;fit=crop&#038;w=447&#038;h=540&#038;s=e7d4931fe0e6339359e70b5d725bf0ff 447w, https:\/\/www.abf.se\/mittskane\/resized\/?url=https%3A%2F%2Fwww.abf.se%2Fwp-content%2Fuploads%2Fsites%2F35%2F2024%2F02%2FSe-din-konst-nyhetsbild.jpg&#038;fit=crop&#038;w=519&#038;h=540&#038;s=c106db79c9aea537a38a782865903718 519w, https:\/\/www.abf.se\/mittskane\/resized\/?url=https%3A%2F%2Fwww.abf.se%2Fwp-content%2Fuploads%2Fsites%2F35%2F2024%2F02%2FSe-din-konst-nyhetsbild.jpg&#038;fit=crop&#038;w=591&#038;h=540&#038;s=b03a8259fbcabef6824909f6b0754c93 591w, https:\/\/www.abf.se\/mittskane\/resized\/?url=https%3A%2F%2Fwww.abf.se%2Fwp-content%2Fuploads%2Fsites%2F35%2F2024%2F02%2FSe-din-konst-nyhetsbild.jpg&#038;fit=crop&#038;w=663&#038;h=540&#038;s=2c995bcb444e6441f0994bad3f29ef2b 663w, https:\/\/www.abf.se\/mittskane\/resized\/?url=https%3A%2F%2Fwww.abf.se%2Fwp-content%2Fuploads%2Fsites%2F35%2F2024%2F02%2FSe-din-konst-nyhetsbild.jpg&#038;fit=crop&#038;w=750&#038;h=540&#038;s=03fe1907039dca633f7dfe716caa9641 750w, https:\/\/www.abf.se\/mittskane\/resized\/?url=https%3A%2F%2Fwww.abf.se%2Fwp-content%2Fuploads%2Fsites%2F35%2F2024%2F02%2FSe-din-konst-nyhetsbild.jpg&#038;fit=crop&#038;w=894&#038;h=540&#038;s=9d5d9962fd030787b38a72d927002ca1 894w, https:\/\/www.abf.se\/mittskane\/resized\/?url=https%3A%2F%2Fwww.abf.se%2Fwp-content%2Fuploads%2Fsites%2F35%2F2024%2F02%2FSe-din-konst-nyhetsbild.jpg&#038;fit=crop&#038;w=1038&#038;h=540&#038;s=17d8235517bea40f1b629018f25ed7c2 1038w, https:\/\/www.abf.se\/mittskane\/resized\/?url=https%3A%2F%2Fwww.abf.se%2Fwp-content%2Fuploads%2Fsites%2F35%2F2024%2F02%2FSe-din-konst-nyhetsbild.jpg&#038;fit=crop&#038;w=1182&#038;h=540&#038;s=aa0a92bfd3caa818e872bde73188243f 1182w, https:\/\/www.abf.se\/mittskane\/resized\/?url=https%3A%2F%2Fwww.abf.se%2Fwp-content%2Fuploads%2Fsites%2F35%2F2024%2F02%2FSe-din-konst-nyhetsbild.jpg&#038;fit=crop&#038;w=1326&#038;h=540&#038;s=8b8a2420a89d740757147187467db701 1326w, https:\/\/www.abf.se\/mittskane\/resized\/?url=https%3A%2F%2Fwww.abf.se%2Fwp-content%2Fuploads%2Fsites%2F35%2F2024%2F02%2FSe-din-konst-nyhetsbild.jpg&#038;fit=crop&#038;w=1440&#038;h=540&#038;s=201125700a9aaa9bc4e5f68bbdbb8ccf 1440w\" alt=\"\" height=\"540\" width=\"1440\" sizes=\"(max-width: 1440px) calc(100vw - 32px), 1440px\" loading=\"eager\" fetchpriority=\"high\" aria-hidden=\"true\" role=\"presentation\" \/><\/picture>\n        \n\n            <\/div>\n\n    <\/div>\n\n<div\n    class=\"acf-article-text-block article-container my-12\"\n    data-block=\"article-text-block\"\n>\n    <div class=\"wysiwyg\">\n        <h2>Se Din Konst<\/h2>\n<p>Publicerad 2021-09-23<\/p>\n\n    <\/div>\n<\/div>\n<div\n    class=\"acf-article-facts-block article-container  my-8 \"\n    data-block=\"article-facts-block\"\n>\n<div class=\"bg-teal-light border border-teal p-8 rounded-corners-sm\">\n<header>\n        <h2 class=\"heading-md text-teal-dark mb-3\">\n            \n        <\/h2>\n    <\/header>\n    <div class=\"wysiwyg\">\n        <p>Allm\u00e4nna Arvsfonden har beviljat finansiering f\u00f6r ABF MittSk\u00e5nes och kulturf\u00f6reningen MedVinds tre\u00e5riga projekt Se Din Konst.<\/p>\n<p>Se Din Konst \u00e4r ett projekt som lyfter, synligg\u00f6r och demokratiserar barns konst och kreativitet. Initialt kommer fem olika akt\u00f6rer i mellanstora och mindre kommuner i Sk\u00e5ne att samarbeta: Tomelilla (konsthall\/kulturskola), Trelleborg (kulturskola\/museum), H\u00e4ssleholm (anpassad grundskola), Esl\u00f6v (kulturskola och f\u00f6rening) och Lund (kulturskola).<\/p>\n<p>Under de f\u00f6ljande projekt\u00e5ren byggs n\u00e4tverket p\u00e5 med ytterligare minst fem kommuner\/akt\u00f6rer. Se Din Konst \u00e4r ett skalbart projekt. M\u00e5ls\u00e4ttningen \u00e4r att s\u00e4kerst\u00e4lla att projektet kan spridas till hela Sverige.<\/p>\n<p>Varje h\u00f6st under projekttidens g\u00e5ng skapas \u00e4ven en samlingskonstutst\u00e4llning. Projektet arbetar ocks\u00e5 med en digital samlingsplats (en hemsida) f\u00f6r barns konst. Inneh\u00e5llet blir digitala konstutst\u00e4llningar och resurssidor med praktiska tips om att st\u00e4lla ut barns konst.<\/p>\n<p>\u00c5r tre etablerar projektet en v\u00e4rdskapsplan f\u00f6r efterf\u00f6ljande \u00e5r. P\u00e5 s\u00e5 s\u00e4tt kommer olika kommuner att agera v\u00e4rdar f\u00f6r framtida samlingsutst\u00e4llningar med barns konst. D\u00e4rmed blir det l\u00e4tt f\u00f6r ytterligare kommuner att ansluta sig till n\u00e4tverket.<\/p>\n<p>Projektdeltagarna, vuxna och barn, ska under projektet tillsammans utarbeta kvalitetsfaktorer f\u00f6r arbete med barns konst i syfte att skapa ett verktyg med riktlinjer som underl\u00e4ttar och st\u00e4rker arbetet med konst.<\/p>\n\n    <\/div>\n<\/div>\n\n<\/div>\n<div\n    class=\"acf-article-text-block article-container my-12\"\n    data-block=\"article-text-block\"\n>\n    <div class=\"wysiwyg\">\n        <h2>Se Din Konst \u00e4r ig\u00e5ng<\/h2>\n<p>Publicerad 2022-01-31<\/p>\n\n    <\/div>\n<\/div>\n<div\n    class=\"acf-article-facts-block article-container  my-8 \"\n    data-block=\"article-facts-block\"\n>\n<div class=\"bg-teal-light border border-teal p-8 rounded-corners-sm\">\n<header>\n        <h2 class=\"heading-md text-teal-dark mb-3\">\n            \n        <\/h2>\n    <\/header>\n    <div class=\"wysiwyg\">\n        <p>ABF MittSk\u00e5ne har, tillsammans med Kulturf\u00f6reningen MedVind, ett av Allm\u00e4nna Arvsfonden beviljat projekt som vi kallar Se Din Konst.<\/p>\n<p>Syftet med projektet \u00e4r att lyfta, synligg\u00f6ra och demokratisera barns konst och kreativitet.<\/p>\n<p>Kulturf\u00f6reningen MedVind har sin bas p\u00e5 Stenkrossen i Lund och vi ska i projektets start samarbeta med Lunds, Esl\u00f6vs, Tomelilla, Trelleborgs och H\u00e4ssleholms kommuner.<\/p>\n<p>Varje \u00e5r under den planerade projekttidens p\u00e5 tre \u00e5r skapas en samlingskonstutst\u00e4llning som visar barns konst och kreativitet. Projektet ska leda fram till ett n\u00e4tverk av kommuner som organiserar samlingskonstutst\u00e4llningar f\u00f6r barns konst och det ska bli l\u00e4tt f\u00f6r ytterligare orter att ansluta sig. P\u00e5 s\u00e5 s\u00e4tt kan projektets arbetsmetoder spridas i hela landet.<\/p>\n<p>Projektet ska ocks\u00e5 arbeta med att ta fram kvalitetskriterier f\u00f6r arbetet med barns konst och kreativitet. F\u00f6r ABF MittSk\u00e5ne inneb\u00e4r projektet att vi \u00f6ppnar upp f\u00f6r nya m\u00e5lgrupper och nya aktiviteter i samarbete med delvis nya akt\u00f6rer.<\/p>\n\n    <\/div>\n<\/div>\n\n<\/div>\n","protected":false},"excerpt":{"rendered":"","protected":false},"author":32,"featured_media":0,"parent":52,"menu_order":0,"comment_status":"closed","ping_status":"closed","template":"","meta":{"_acf_changed":false,"footnotes":""},"class_list":["post-331","page","type-page","status-publish","hentry"],"acf":[],"yoast_head":"<!-- This site is optimized with the Yoast SEO plugin v27.0 - https:\/\/yoast.com\/product\/yoast-seo-wordpress\/ -->\n<title>Se Din Konst \u00e5r 2021-2022 - MittSk\u00e5ne<\/title>\n<meta name=\"description\" content=\"Se Din Konst \u00e4r ett projekt som lyfter, synligg\u00f6r och demokratiserar barns konst och kreativitet. Fem kommuner kommer att delta.\" \/>\n<meta name=\"robots\" content=\"index, follow, max-snippet:-1, max-image-preview:large, max-video-preview:-1\" \/>\n<link rel=\"canonical\" href=\"https:\/\/www.abf.se\/mittskane\/om-vara-projekt\/se-din-konst-test-sida\/se-din-konst-2021-2022\/\" \/>\n<meta property=\"og:locale\" content=\"sv_SE\" \/>\n<meta property=\"og:type\" content=\"article\" \/>\n<meta property=\"og:title\" content=\"Se Din Konst \u00e5r 2021-2022 - MittSk\u00e5ne\" \/>\n<meta property=\"og:description\" content=\"Se Din Konst \u00e4r ett projekt som lyfter, synligg\u00f6r och demokratiserar barns konst och kreativitet. Fem kommuner kommer att delta.\" \/>\n<meta property=\"og:url\" content=\"https:\/\/www.abf.se\/mittskane\/om-vara-projekt\/se-din-konst-test-sida\/se-din-konst-2021-2022\/\" \/>\n<meta property=\"og:site_name\" content=\"MittSk\u00e5ne\" \/>\n<meta property=\"article:modified_time\" content=\"2025-06-12T08:24:47+00:00\" \/>\n<meta property=\"og:image\" content=\"https:\/\/www.abf.se\/wp-content\/uploads\/sites\/35\/2024\/04\/Nyckeln-liggande-scaled.jpg\" \/>\n\t<meta property=\"og:image:width\" content=\"2560\" \/>\n\t<meta property=\"og:image:height\" content=\"1440\" \/>\n\t<meta property=\"og:image:type\" content=\"image\/jpeg\" \/>\n<meta name=\"twitter:card\" content=\"summary_large_image\" \/>\n<script type=\"application\/ld+json\" class=\"yoast-schema-graph\">{\"@context\":\"https:\/\/schema.org\",\"@graph\":[{\"@type\":\"WebPage\",\"@id\":\"https:\/\/www.abf.se\/mittskane\/om-vara-projekt\/se-din-konst-test-sida\/se-din-konst-2021-2022\/\",\"url\":\"https:\/\/www.abf.se\/mittskane\/om-vara-projekt\/se-din-konst-test-sida\/se-din-konst-2021-2022\/\",\"name\":\"Se Din Konst \u00e5r 2021-2022 - MittSk\u00e5ne\",\"isPartOf\":{\"@id\":\"https:\/\/www.abf.se\/mittskane\/#website\"},\"datePublished\":\"2024-02-23T15:04:54+00:00\",\"dateModified\":\"2025-06-12T08:24:47+00:00\",\"description\":\"Se Din Konst \u00e4r ett projekt som lyfter, synligg\u00f6r och demokratiserar barns konst och kreativitet. Fem kommuner kommer att delta.\",\"breadcrumb\":{\"@id\":\"https:\/\/www.abf.se\/mittskane\/om-vara-projekt\/se-din-konst-test-sida\/se-din-konst-2021-2022\/#breadcrumb\"},\"inLanguage\":\"sv-SE\",\"potentialAction\":[{\"@type\":\"ReadAction\",\"target\":[\"https:\/\/www.abf.se\/mittskane\/om-vara-projekt\/se-din-konst-test-sida\/se-din-konst-2021-2022\/\"]}]},{\"@type\":\"BreadcrumbList\",\"@id\":\"https:\/\/www.abf.se\/mittskane\/om-vara-projekt\/se-din-konst-test-sida\/se-din-konst-2021-2022\/#breadcrumb\",\"itemListElement\":[{\"@type\":\"ListItem\",\"position\":1,\"name\":\"Home\",\"item\":\"https:\/\/www.abf.se\/mittskane\/\"},{\"@type\":\"ListItem\",\"position\":2,\"name\":\"V\u00e5ra projekt\",\"item\":\"https:\/\/www.abf.se\/mittskane\/om-vara-projekt\/\"},{\"@type\":\"ListItem\",\"position\":3,\"name\":\"Se Din Konst\",\"item\":\"https:\/\/www.abf.se\/mittskane\/om-vara-projekt\/se-din-konst-test-sida\/\"},{\"@type\":\"ListItem\",\"position\":4,\"name\":\"Se Din Konst \u00e5r 2021-2022\"}]},{\"@type\":\"WebSite\",\"@id\":\"https:\/\/www.abf.se\/mittskane\/#website\",\"url\":\"https:\/\/www.abf.se\/mittskane\/\",\"name\":\"MittSk\u00e5ne\",\"description\":\"\",\"potentialAction\":[{\"@type\":\"SearchAction\",\"target\":{\"@type\":\"EntryPoint\",\"urlTemplate\":\"https:\/\/www.abf.se\/mittskane\/?s={search_term_string}\"},\"query-input\":{\"@type\":\"PropertyValueSpecification\",\"valueRequired\":true,\"valueName\":\"search_term_string\"}}],\"inLanguage\":\"sv-SE\"}]}<\/script>\n<!-- \/ Yoast SEO plugin. -->","yoast_head_json":{"title":"Se Din Konst \u00e5r 2021-2022 - MittSk\u00e5ne","description":"Se Din Konst \u00e4r ett projekt som lyfter, synligg\u00f6r och demokratiserar barns konst och kreativitet. Fem kommuner kommer att delta.","robots":{"index":"index","follow":"follow","max-snippet":"max-snippet:-1","max-image-preview":"max-image-preview:large","max-video-preview":"max-video-preview:-1"},"canonical":"https:\/\/www.abf.se\/mittskane\/om-vara-projekt\/se-din-konst-test-sida\/se-din-konst-2021-2022\/","og_locale":"sv_SE","og_type":"article","og_title":"Se Din Konst \u00e5r 2021-2022 - MittSk\u00e5ne","og_description":"Se Din Konst \u00e4r ett projekt som lyfter, synligg\u00f6r och demokratiserar barns konst och kreativitet. Fem kommuner kommer att delta.","og_url":"https:\/\/www.abf.se\/mittskane\/om-vara-projekt\/se-din-konst-test-sida\/se-din-konst-2021-2022\/","og_site_name":"MittSk\u00e5ne","article_modified_time":"2025-06-12T08:24:47+00:00","og_image":[{"width":2560,"height":1440,"url":"https:\/\/www.abf.se\/wp-content\/uploads\/sites\/35\/2024\/04\/Nyckeln-liggande-scaled.jpg","type":"image\/jpeg"}],"twitter_card":"summary_large_image","schema":{"@context":"https:\/\/schema.org","@graph":[{"@type":"WebPage","@id":"https:\/\/www.abf.se\/mittskane\/om-vara-projekt\/se-din-konst-test-sida\/se-din-konst-2021-2022\/","url":"https:\/\/www.abf.se\/mittskane\/om-vara-projekt\/se-din-konst-test-sida\/se-din-konst-2021-2022\/","name":"Se Din Konst \u00e5r 2021-2022 - MittSk\u00e5ne","isPartOf":{"@id":"https:\/\/www.abf.se\/mittskane\/#website"},"datePublished":"2024-02-23T15:04:54+00:00","dateModified":"2025-06-12T08:24:47+00:00","description":"Se Din Konst \u00e4r ett projekt som lyfter, synligg\u00f6r och demokratiserar barns konst och kreativitet. Fem kommuner kommer att delta.","breadcrumb":{"@id":"https:\/\/www.abf.se\/mittskane\/om-vara-projekt\/se-din-konst-test-sida\/se-din-konst-2021-2022\/#breadcrumb"},"inLanguage":"sv-SE","potentialAction":[{"@type":"ReadAction","target":["https:\/\/www.abf.se\/mittskane\/om-vara-projekt\/se-din-konst-test-sida\/se-din-konst-2021-2022\/"]}]},{"@type":"BreadcrumbList","@id":"https:\/\/www.abf.se\/mittskane\/om-vara-projekt\/se-din-konst-test-sida\/se-din-konst-2021-2022\/#breadcrumb","itemListElement":[{"@type":"ListItem","position":1,"name":"Home","item":"https:\/\/www.abf.se\/mittskane\/"},{"@type":"ListItem","position":2,"name":"V\u00e5ra projekt","item":"https:\/\/www.abf.se\/mittskane\/om-vara-projekt\/"},{"@type":"ListItem","position":3,"name":"Se Din Konst","item":"https:\/\/www.abf.se\/mittskane\/om-vara-projekt\/se-din-konst-test-sida\/"},{"@type":"ListItem","position":4,"name":"Se Din Konst \u00e5r 2021-2022"}]},{"@type":"WebSite","@id":"https:\/\/www.abf.se\/mittskane\/#website","url":"https:\/\/www.abf.se\/mittskane\/","name":"MittSk\u00e5ne","description":"","potentialAction":[{"@type":"SearchAction","target":{"@type":"EntryPoint","urlTemplate":"https:\/\/www.abf.se\/mittskane\/?s={search_term_string}"},"query-input":{"@type":"PropertyValueSpecification","valueRequired":true,"valueName":"search_term_string"}}],"inLanguage":"sv-SE"}]}},"_links":{"self":[{"href":"https:\/\/www.abf.se\/mittskane\/wp-json\/wp\/v2\/pages\/331","targetHints":{"allow":["GET"]}}],"collection":[{"href":"https:\/\/www.abf.se\/mittskane\/wp-json\/wp\/v2\/pages"}],"about":[{"href":"https:\/\/www.abf.se\/mittskane\/wp-json\/wp\/v2\/types\/page"}],"author":[{"embeddable":true,"href":"https:\/\/www.abf.se\/mittskane\/wp-json\/wp\/v2\/users\/32"}],"replies":[{"embeddable":true,"href":"https:\/\/www.abf.se\/mittskane\/wp-json\/wp\/v2\/comments?post=331"}],"version-history":[{"count":11,"href":"https:\/\/www.abf.se\/mittskane\/wp-json\/wp\/v2\/pages\/331\/revisions"}],"predecessor-version":[{"id":2304,"href":"https:\/\/www.abf.se\/mittskane\/wp-json\/wp\/v2\/pages\/331\/revisions\/2304"}],"up":[{"embeddable":true,"href":"https:\/\/www.abf.se\/mittskane\/wp-json\/wp\/v2\/pages\/52"}],"wp:attachment":[{"href":"https:\/\/www.abf.se\/mittskane\/wp-json\/wp\/v2\/media?parent=331"}],"curies":[{"name":"wp","href":"https:\/\/api.w.org\/{rel}","templated":true}]}}