{"id":361,"date":"2024-02-26T10:15:27","date_gmt":"2024-02-26T10:15:27","guid":{"rendered":"https:\/\/www.abf.se\/mittskane\/?page_id=361"},"modified":"2026-01-16T12:06:08","modified_gmt":"2026-01-16T11:06:08","slug":"om-vara-projekt","status":"publish","type":"page","link":"https:\/\/www.abf.se\/mittskane\/om-vara-projekt\/","title":{"rendered":"V\u00e5ra projekt"},"content":{"rendered":"<div\n    class=\"acf-hero-block container-lg no-padding mb-12 js-geolocation\"\n    data-block=\"hero-block\"\n    data-index=\"0\"\n>\n    <div class=\"h-[548px]  relative rounded-[32px] overflow-hidden flex bg-gray-light\">\n        <div class=\"relative z-10 mt-auto h-auto w-full md:h-full\">\n            <div class=\"flex w-full h-full flex-col flex-wrap justify-end w-full md:w-7\/12 lg:w-1\/2 md:justify-center\">\n                <div class=\"flex flex-col gap-3 md:gap-[18px] md:transparent pt-16 pb-36 md:py-8 px-4 w-full md:max-w-[620px] mx-auto px-8\">\n\n                    <h1 class=\"hero-heading\"><span>V\u00e5ra projekt<\/span><\/h1>\n\n                    \n                                    <\/div>\n            <\/div>\n        <\/div>\n\n                    <picture class=\"as-background-image mix-blend-multiply bg-black\/40\"><img decoding=\"async\" src=\"https:\/\/www.abf.se\/mittskane\/resized\/?url=https%3A%2F%2Fwww.abf.se%2Fwp-content%2Fuploads%2Fsites%2F35%2F2024%2F02%2Flaptops-593296_640.jpg&#038;fit=crop&#038;w=1440&#038;s=32e283d421eb1404a7be4206a07a8dbe\" srcset=\"https:\/\/www.abf.se\/mittskane\/resized\/?url=https%3A%2F%2Fwww.abf.se%2Fwp-content%2Fuploads%2Fsites%2F35%2F2024%2F02%2Flaptops-593296_640.jpg&#038;fit=crop&#038;w=375&#038;h=540&#038;s=92a2613442fb2483a997ecd6d1ae9710 375w, https:\/\/www.abf.se\/mittskane\/resized\/?url=https%3A%2F%2Fwww.abf.se%2Fwp-content%2Fuploads%2Fsites%2F35%2F2024%2F02%2Flaptops-593296_640.jpg&#038;fit=crop&#038;w=447&#038;h=540&#038;s=673692bf2404bfd766838013c476133e 447w, https:\/\/www.abf.se\/mittskane\/resized\/?url=https%3A%2F%2Fwww.abf.se%2Fwp-content%2Fuploads%2Fsites%2F35%2F2024%2F02%2Flaptops-593296_640.jpg&#038;fit=crop&#038;w=519&#038;h=540&#038;s=4de4a342cf21380079d9d898918f10d4 519w, https:\/\/www.abf.se\/mittskane\/resized\/?url=https%3A%2F%2Fwww.abf.se%2Fwp-content%2Fuploads%2Fsites%2F35%2F2024%2F02%2Flaptops-593296_640.jpg&#038;fit=crop&#038;w=591&#038;h=540&#038;s=1fce3f324a3b75bb455539463c5b1b90 591w, https:\/\/www.abf.se\/mittskane\/resized\/?url=https%3A%2F%2Fwww.abf.se%2Fwp-content%2Fuploads%2Fsites%2F35%2F2024%2F02%2Flaptops-593296_640.jpg&#038;fit=crop&#038;w=663&#038;h=540&#038;s=7cad0f1b6afa4cad447e937743116605 663w, https:\/\/www.abf.se\/mittskane\/resized\/?url=https%3A%2F%2Fwww.abf.se%2Fwp-content%2Fuploads%2Fsites%2F35%2F2024%2F02%2Flaptops-593296_640.jpg&#038;fit=crop&#038;w=750&#038;h=540&#038;s=961caf93972056cc7dd75cdba9b6d647 750w, https:\/\/www.abf.se\/mittskane\/resized\/?url=https%3A%2F%2Fwww.abf.se%2Fwp-content%2Fuploads%2Fsites%2F35%2F2024%2F02%2Flaptops-593296_640.jpg&#038;fit=crop&#038;w=894&#038;h=540&#038;s=337620a4284c5ca6cedbbc6eff7c63b0 894w, https:\/\/www.abf.se\/mittskane\/resized\/?url=https%3A%2F%2Fwww.abf.se%2Fwp-content%2Fuploads%2Fsites%2F35%2F2024%2F02%2Flaptops-593296_640.jpg&#038;fit=crop&#038;w=1038&#038;h=540&#038;s=1a46b819267d5c2406e904b9ff72d764 1038w, https:\/\/www.abf.se\/mittskane\/resized\/?url=https%3A%2F%2Fwww.abf.se%2Fwp-content%2Fuploads%2Fsites%2F35%2F2024%2F02%2Flaptops-593296_640.jpg&#038;fit=crop&#038;w=1182&#038;h=540&#038;s=ccbeb17d5b739c28bda07b26b20c4102 1182w, https:\/\/www.abf.se\/mittskane\/resized\/?url=https%3A%2F%2Fwww.abf.se%2Fwp-content%2Fuploads%2Fsites%2F35%2F2024%2F02%2Flaptops-593296_640.jpg&#038;fit=crop&#038;w=1326&#038;h=540&#038;s=a55ed6abc139ef40cc2c877632307418 1326w, https:\/\/www.abf.se\/mittskane\/resized\/?url=https%3A%2F%2Fwww.abf.se%2Fwp-content%2Fuploads%2Fsites%2F35%2F2024%2F02%2Flaptops-593296_640.jpg&#038;fit=crop&#038;w=1440&#038;h=540&#038;s=4a69d95308a8ff6041041909827de313 1440w\" alt=\"\" height=\"540\" width=\"1440\" sizes=\"(max-width: 1440px) calc(100vw - 32px), 1440px\" loading=\"eager\" fetchpriority=\"high\" aria-hidden=\"true\" role=\"presentation\" \/><\/picture>\n        \n\n            <\/div>\n\n    <\/div>\n\n<div\n    class=\"acf-article-text-block article-container my-12\"\n    data-block=\"article-text-block\"\n>\n    <div class=\"wysiwyg\">\n        <p><strong>Gemensamt f\u00f6r v\u00e5ra projekt \u00e4r att de handlar om m\u00e4nniskors eget skapande och utveckling.<\/strong><\/p>\n<p>Gemensamt f\u00f6r v\u00e5ra projekt \u00e4r att de handlar om m\u00e4nniskors eget skapande och utveckling. Oavsett om vi erbjuder verksamhet d\u00e4r man kan g\u00f6ra sin egen film eller ges m\u00f6jlighet att utveckla sin kommun, \u00e4r den r\u00f6da tr\u00e5den just utveckling.<\/p>\n<p>Har du id\u00e9er p\u00e5 ny verksamhet eller vill du starta ett nytt projekt? H\u00f6r av dig till v\u00e5r projektadministrat\u00f6r!<\/p>\n\n    <\/div>\n<\/div>\n<ul\n    class=\"acf-article-accordion-block accordion-group grid gap-4 my-12 article-container\"\n    data-block=\"article-accordion-block \"\n    data-ui-accordion-group\n>\n\n            <li class=\"accordion\" data-ui-accordion data-ui-accordion-open=\"false\">\n        <h3>\n        <button data-ui-accordion-button class=\"accordion-toggle font-bold\" aria-expanded=\"false\" aria-controls=\"row-kontaktaceciliamallardprojektadministrator-0\" id=\"kontaktaceciliamallardprojektadministrator-0\">\n            Kontakta Cecilia Mallard &#8211; Projektadministrat\u00f6r\n            \n            <figure class=\"w-4.5 h-4.5\" aria-hidden=\"true\">\n            <svg width=\"20\" height=\"20\" viewBox=\"0 0 20 20\" fill=\"none\"\nclass=\"SvgIconElement\">\n<path d=\"M15.8333 7.16667L9.99992 13L4.16659 7.16667\" stroke=\"currentColor\"\/>\n<\/svg>\n            <\/figure>\n        <\/button>\n        \n                <\/h3>\n        <div class=\"accordion-content\">\n            <div id=\"row-kontaktaceciliamallardprojektadministrator-0\" role=\"region\" class=\"accordion-content-wrap\" aria-labelledby=\"kontaktaceciliamallardprojektadministrator-0\">\n                                                <div class=\"grid md:grid-cols-3 gap-y-10 mt-10\">\n                        \n                                                        <div class=\"contact flex flex-col gap-3\">\n                                <div class=\"md:max-w-[160px]\">\n                                    \n                                <\/div>\n                                <div class=\"\">\n                                    <h4 class=\"heading-lg\">Cecilia Mallard<\/h4>\n                                    <p class=\"body-md\">Projektutveckling\/Projektadministration<\/p>\n                                                                    <\/div>\n                                                                <div class=\"flex gap flex-col label-md gap-1\">\n                                                                        <div class=\"flex gap-3\">\n                                        <svg width=\"20\" height=\"20\" viewBox=\"0 0 20 20\" fill=\"none\" xmlns=\"http:\/\/www.w3.org\/2000\/svg\">\n<path d=\"M16.625 17.5C14.8333 17.5 13.0868 17.1007 11.3854 16.3021C9.68403 15.5035 8.17708 14.4479 6.86458 13.1354C5.55208 11.8229 4.49653 10.316 3.69792 8.61458C2.89931 6.91319 2.5 5.16667 2.5 3.375C2.5 3.125 2.58333 2.91667 2.75 2.75C2.91667 2.58333 3.125 2.5 3.375 2.5H6.75C6.94444 2.5 7.11806 2.5625 7.27083 2.6875C7.42361 2.8125 7.51389 2.97222 7.54167 3.16667L8.08333 6.08333C8.11111 6.27778 8.10764 6.45486 8.07292 6.61458C8.03819 6.77431 7.95833 6.91667 7.83333 7.04167L5.8125 9.08333C6.39583 10.0833 7.12847 11.0208 8.01042 11.8958C8.89236 12.7708 9.86111 13.5278 10.9167 14.1667L12.875 12.2083C13 12.0833 13.1632 11.9896 13.3646 11.9271C13.566 11.8646 13.7639 11.8472 13.9583 11.875L16.8333 12.4583C17.0278 12.5 17.1875 12.5938 17.3125 12.7396C17.4375 12.8854 17.5 13.0556 17.5 13.25V16.625C17.5 16.875 17.4167 17.0833 17.25 17.25C17.0833 17.4167 16.875 17.5 16.625 17.5ZM5.02083 7.5L6.39583 6.125L6.04167 4.16667H4.1875C4.25694 4.73611 4.35417 5.29861 4.47917 5.85417C4.60417 6.40972 4.78472 6.95833 5.02083 7.5ZM15.8333 15.7917V13.9583L13.875 13.5625L12.4792 14.9583C13.0208 15.1944 13.5729 15.3819 14.1354 15.5208C14.6979 15.6597 15.2639 15.75 15.8333 15.7917Z\" fill=\"black\"\/>\n<\/svg>\n                                        <p>\n                                                                                                                               <a href=\"callto:046 - 211 80 29\">046 &#8211; 211 80 29<\/a>\n                                                                                                                                     <\/p>\n                                    <\/div>\n                                                                                                            <div class=\"flex gap-3\">\n                                        <svg width=\"20\" height=\"20\" viewBox=\"0 0 20 20\" fill=\"none\" xmlns=\"http:\/\/www.w3.org\/2000\/svg\">\n<path d=\"M3.33366 16.6666C2.87533 16.6666 2.48296 16.5035 2.15658 16.1771C1.83019 15.8507 1.66699 15.4583 1.66699 15V4.99998C1.66699 4.54165 1.83019 4.14929 2.15658 3.8229C2.48296 3.49651 2.87533 3.33331 3.33366 3.33331H16.667C17.1253 3.33331 17.5177 3.49651 17.8441 3.8229C18.1705 4.14929 18.3337 4.54165 18.3337 4.99998V15C18.3337 15.4583 18.1705 15.8507 17.8441 16.1771C17.5177 16.5035 17.1253 16.6666 16.667 16.6666H3.33366ZM16.667 6.66665L10.4378 10.5625C10.3684 10.6041 10.2955 10.6354 10.2191 10.6562C10.1427 10.6771 10.0698 10.6875 10.0003 10.6875C9.93088 10.6875 9.85797 10.6771 9.78158 10.6562C9.70519 10.6354 9.63227 10.6041 9.56283 10.5625L3.33366 6.66665V15H16.667V6.66665ZM10.0003 9.16665L16.667 4.99998H3.33366L10.0003 9.16665ZM3.33366 6.87498V5.64581V5.66665V5.65623V6.87498Z\" fill=\"black\"\/>\n<\/svg>\n                                        <p><a href=\"mailto:cecilia.mallard@abf.se\">cecilia.mallard@abf.se<\/a><\/p>\n                                    <\/div>\n                                                                    <\/div>\n                                                            <\/div>\n                                            <\/div>\n                                        <\/div>\n        <\/div>\n    <\/li>\n    <\/ul>\n","protected":false},"excerpt":{"rendered":"","protected":false},"author":32,"featured_media":0,"parent":0,"menu_order":0,"comment_status":"closed","ping_status":"closed","template":"","meta":{"_acf_changed":false,"footnotes":""},"class_list":["post-361","page","type-page","status-publish","hentry"],"acf":[],"yoast_head":"<!-- This site is optimized with the Yoast SEO plugin v27.0 - https:\/\/yoast.com\/product\/yoast-seo-wordpress\/ -->\n<title>V\u00e5ra projekt - MittSk\u00e5ne<\/title>\n<meta name=\"description\" content=\"Gemensamt f\u00f6r v\u00e5ra projekt \u00e4r att de handlar om m\u00e4nniskors eget skapande och utveckling. Den r\u00f6da tr\u00e5den \u00e4r utveckling.\" \/>\n<meta name=\"robots\" content=\"index, follow, max-snippet:-1, max-image-preview:large, max-video-preview:-1\" \/>\n<link rel=\"canonical\" href=\"https:\/\/www.abf.se\/mittskane\/om-vara-projekt\/\" \/>\n<meta property=\"og:locale\" content=\"sv_SE\" \/>\n<meta property=\"og:type\" content=\"article\" \/>\n<meta property=\"og:title\" content=\"V\u00e5ra projekt - MittSk\u00e5ne\" \/>\n<meta property=\"og:description\" content=\"Gemensamt f\u00f6r v\u00e5ra projekt \u00e4r att de handlar om m\u00e4nniskors eget skapande och utveckling. Den r\u00f6da tr\u00e5den \u00e4r utveckling.\" \/>\n<meta property=\"og:url\" content=\"https:\/\/www.abf.se\/mittskane\/om-vara-projekt\/\" \/>\n<meta property=\"og:site_name\" content=\"MittSk\u00e5ne\" \/>\n<meta property=\"article:modified_time\" content=\"2026-01-16T11:06:08+00:00\" \/>\n<meta property=\"og:image\" content=\"https:\/\/www.abf.se\/wp-content\/uploads\/sites\/35\/2024\/04\/Nyckeln-liggande-scaled.jpg\" \/>\n\t<meta property=\"og:image:width\" content=\"2560\" \/>\n\t<meta property=\"og:image:height\" content=\"1440\" \/>\n\t<meta property=\"og:image:type\" content=\"image\/jpeg\" \/>\n<meta name=\"twitter:card\" content=\"summary_large_image\" \/>\n<script type=\"application\/ld+json\" class=\"yoast-schema-graph\">{\"@context\":\"https:\/\/schema.org\",\"@graph\":[{\"@type\":\"WebPage\",\"@id\":\"https:\/\/www.abf.se\/mittskane\/om-vara-projekt\/\",\"url\":\"https:\/\/www.abf.se\/mittskane\/om-vara-projekt\/\",\"name\":\"V\u00e5ra projekt - MittSk\u00e5ne\",\"isPartOf\":{\"@id\":\"https:\/\/www.abf.se\/mittskane\/#website\"},\"datePublished\":\"2024-02-26T10:15:27+00:00\",\"dateModified\":\"2026-01-16T11:06:08+00:00\",\"description\":\"Gemensamt f\u00f6r v\u00e5ra projekt \u00e4r att de handlar om m\u00e4nniskors eget skapande och utveckling. Den r\u00f6da tr\u00e5den \u00e4r utveckling.\",\"breadcrumb\":{\"@id\":\"https:\/\/www.abf.se\/mittskane\/om-vara-projekt\/#breadcrumb\"},\"inLanguage\":\"sv-SE\",\"potentialAction\":[{\"@type\":\"ReadAction\",\"target\":[\"https:\/\/www.abf.se\/mittskane\/om-vara-projekt\/\"]}]},{\"@type\":\"BreadcrumbList\",\"@id\":\"https:\/\/www.abf.se\/mittskane\/om-vara-projekt\/#breadcrumb\",\"itemListElement\":[{\"@type\":\"ListItem\",\"position\":1,\"name\":\"Home\",\"item\":\"https:\/\/www.abf.se\/mittskane\/\"},{\"@type\":\"ListItem\",\"position\":2,\"name\":\"V\u00e5ra projekt\"}]},{\"@type\":\"WebSite\",\"@id\":\"https:\/\/www.abf.se\/mittskane\/#website\",\"url\":\"https:\/\/www.abf.se\/mittskane\/\",\"name\":\"MittSk\u00e5ne\",\"description\":\"\",\"potentialAction\":[{\"@type\":\"SearchAction\",\"target\":{\"@type\":\"EntryPoint\",\"urlTemplate\":\"https:\/\/www.abf.se\/mittskane\/?s={search_term_string}\"},\"query-input\":{\"@type\":\"PropertyValueSpecification\",\"valueRequired\":true,\"valueName\":\"search_term_string\"}}],\"inLanguage\":\"sv-SE\"}]}<\/script>\n<!-- \/ Yoast SEO plugin. -->","yoast_head_json":{"title":"V\u00e5ra projekt - MittSk\u00e5ne","description":"Gemensamt f\u00f6r v\u00e5ra projekt \u00e4r att de handlar om m\u00e4nniskors eget skapande och utveckling. Den r\u00f6da tr\u00e5den \u00e4r utveckling.","robots":{"index":"index","follow":"follow","max-snippet":"max-snippet:-1","max-image-preview":"max-image-preview:large","max-video-preview":"max-video-preview:-1"},"canonical":"https:\/\/www.abf.se\/mittskane\/om-vara-projekt\/","og_locale":"sv_SE","og_type":"article","og_title":"V\u00e5ra projekt - MittSk\u00e5ne","og_description":"Gemensamt f\u00f6r v\u00e5ra projekt \u00e4r att de handlar om m\u00e4nniskors eget skapande och utveckling. Den r\u00f6da tr\u00e5den \u00e4r utveckling.","og_url":"https:\/\/www.abf.se\/mittskane\/om-vara-projekt\/","og_site_name":"MittSk\u00e5ne","article_modified_time":"2026-01-16T11:06:08+00:00","og_image":[{"width":2560,"height":1440,"url":"https:\/\/www.abf.se\/wp-content\/uploads\/sites\/35\/2024\/04\/Nyckeln-liggande-scaled.jpg","type":"image\/jpeg"}],"twitter_card":"summary_large_image","schema":{"@context":"https:\/\/schema.org","@graph":[{"@type":"WebPage","@id":"https:\/\/www.abf.se\/mittskane\/om-vara-projekt\/","url":"https:\/\/www.abf.se\/mittskane\/om-vara-projekt\/","name":"V\u00e5ra projekt - MittSk\u00e5ne","isPartOf":{"@id":"https:\/\/www.abf.se\/mittskane\/#website"},"datePublished":"2024-02-26T10:15:27+00:00","dateModified":"2026-01-16T11:06:08+00:00","description":"Gemensamt f\u00f6r v\u00e5ra projekt \u00e4r att de handlar om m\u00e4nniskors eget skapande och utveckling. Den r\u00f6da tr\u00e5den \u00e4r utveckling.","breadcrumb":{"@id":"https:\/\/www.abf.se\/mittskane\/om-vara-projekt\/#breadcrumb"},"inLanguage":"sv-SE","potentialAction":[{"@type":"ReadAction","target":["https:\/\/www.abf.se\/mittskane\/om-vara-projekt\/"]}]},{"@type":"BreadcrumbList","@id":"https:\/\/www.abf.se\/mittskane\/om-vara-projekt\/#breadcrumb","itemListElement":[{"@type":"ListItem","position":1,"name":"Home","item":"https:\/\/www.abf.se\/mittskane\/"},{"@type":"ListItem","position":2,"name":"V\u00e5ra projekt"}]},{"@type":"WebSite","@id":"https:\/\/www.abf.se\/mittskane\/#website","url":"https:\/\/www.abf.se\/mittskane\/","name":"MittSk\u00e5ne","description":"","potentialAction":[{"@type":"SearchAction","target":{"@type":"EntryPoint","urlTemplate":"https:\/\/www.abf.se\/mittskane\/?s={search_term_string}"},"query-input":{"@type":"PropertyValueSpecification","valueRequired":true,"valueName":"search_term_string"}}],"inLanguage":"sv-SE"}]}},"_links":{"self":[{"href":"https:\/\/www.abf.se\/mittskane\/wp-json\/wp\/v2\/pages\/361","targetHints":{"allow":["GET"]}}],"collection":[{"href":"https:\/\/www.abf.se\/mittskane\/wp-json\/wp\/v2\/pages"}],"about":[{"href":"https:\/\/www.abf.se\/mittskane\/wp-json\/wp\/v2\/types\/page"}],"author":[{"embeddable":true,"href":"https:\/\/www.abf.se\/mittskane\/wp-json\/wp\/v2\/users\/32"}],"replies":[{"embeddable":true,"href":"https:\/\/www.abf.se\/mittskane\/wp-json\/wp\/v2\/comments?post=361"}],"version-history":[{"count":18,"href":"https:\/\/www.abf.se\/mittskane\/wp-json\/wp\/v2\/pages\/361\/revisions"}],"predecessor-version":[{"id":3096,"href":"https:\/\/www.abf.se\/mittskane\/wp-json\/wp\/v2\/pages\/361\/revisions\/3096"}],"wp:attachment":[{"href":"https:\/\/www.abf.se\/mittskane\/wp-json\/wp\/v2\/media?parent=361"}],"curies":[{"name":"wp","href":"https:\/\/api.w.org\/{rel}","templated":true}]}}