{"id":387,"date":"2024-02-26T14:24:41","date_gmt":"2024-02-26T14:24:41","guid":{"rendered":"https:\/\/www.abf.se\/mittskane\/?page_id=387"},"modified":"2026-01-16T12:42:19","modified_gmt":"2026-01-16T11:42:19","slug":"abf-mittskane","status":"publish","type":"page","link":"https:\/\/www.abf.se\/mittskane\/abf-mittskane\/","title":{"rendered":"ABF MittSk\u00e5ne"},"content":{"rendered":"<div\n    class=\"acf-hero-block container-lg no-padding mb-12 js-geolocation\"\n    data-block=\"hero-block\"\n    data-index=\"0\"\n>\n    <div class=\"h-[548px]  relative rounded-[32px] overflow-hidden flex bg-gray-light\">\n        <div class=\"relative z-10 mt-auto h-auto w-full md:h-full\">\n            <div class=\"flex w-full h-full flex-col flex-wrap justify-end w-full md:w-7\/12 lg:w-1\/2 md:justify-center\">\n                <div class=\"flex flex-col gap-3 md:gap-[18px] md:transparent pt-16 pb-36 md:py-8 px-4 w-full md:max-w-[620px] mx-auto px-8\">\n\n                    <h1 class=\"hero-heading\"><span>ABF MittSk\u00e5ne<\/span><\/h1>\n\n                    \n                                    <\/div>\n            <\/div>\n        <\/div>\n\n                    <picture class=\"as-background-image mix-blend-multiply bg-black\/40\"><img decoding=\"async\" src=\"https:\/\/www.abf.se\/mittskane\/resized\/?url=https%3A%2F%2Fwww.abf.se%2Fwp-content%2Fuploads%2Fsites%2F35%2F2024%2F04%2Fmagnolia-trees-556718_1280.jpg&#038;fit=crop&#038;w=1440&#038;s=aa1044333d0d6f4d34961dfe27dcade4\" srcset=\"https:\/\/www.abf.se\/mittskane\/resized\/?url=https%3A%2F%2Fwww.abf.se%2Fwp-content%2Fuploads%2Fsites%2F35%2F2024%2F04%2Fmagnolia-trees-556718_1280.jpg&#038;fit=crop&#038;w=375&#038;h=540&#038;s=a860a0daccd0a08bf88a22b5d12c2eab 375w, https:\/\/www.abf.se\/mittskane\/resized\/?url=https%3A%2F%2Fwww.abf.se%2Fwp-content%2Fuploads%2Fsites%2F35%2F2024%2F04%2Fmagnolia-trees-556718_1280.jpg&#038;fit=crop&#038;w=447&#038;h=540&#038;s=749716945d66d941320593f7a103dbeb 447w, https:\/\/www.abf.se\/mittskane\/resized\/?url=https%3A%2F%2Fwww.abf.se%2Fwp-content%2Fuploads%2Fsites%2F35%2F2024%2F04%2Fmagnolia-trees-556718_1280.jpg&#038;fit=crop&#038;w=519&#038;h=540&#038;s=832e9260a9bfd731a971c3120db2dfd3 519w, https:\/\/www.abf.se\/mittskane\/resized\/?url=https%3A%2F%2Fwww.abf.se%2Fwp-content%2Fuploads%2Fsites%2F35%2F2024%2F04%2Fmagnolia-trees-556718_1280.jpg&#038;fit=crop&#038;w=591&#038;h=540&#038;s=eaf2691d06934c8e2429cf0a8e6041dd 591w, https:\/\/www.abf.se\/mittskane\/resized\/?url=https%3A%2F%2Fwww.abf.se%2Fwp-content%2Fuploads%2Fsites%2F35%2F2024%2F04%2Fmagnolia-trees-556718_1280.jpg&#038;fit=crop&#038;w=663&#038;h=540&#038;s=359891bfe7422e434c239f34301909a4 663w, https:\/\/www.abf.se\/mittskane\/resized\/?url=https%3A%2F%2Fwww.abf.se%2Fwp-content%2Fuploads%2Fsites%2F35%2F2024%2F04%2Fmagnolia-trees-556718_1280.jpg&#038;fit=crop&#038;w=750&#038;h=540&#038;s=4e16d14cd22f1f1451f13ba8444a2416 750w, https:\/\/www.abf.se\/mittskane\/resized\/?url=https%3A%2F%2Fwww.abf.se%2Fwp-content%2Fuploads%2Fsites%2F35%2F2024%2F04%2Fmagnolia-trees-556718_1280.jpg&#038;fit=crop&#038;w=894&#038;h=540&#038;s=812c0ab24c928eedf589eb5db0c854ed 894w, https:\/\/www.abf.se\/mittskane\/resized\/?url=https%3A%2F%2Fwww.abf.se%2Fwp-content%2Fuploads%2Fsites%2F35%2F2024%2F04%2Fmagnolia-trees-556718_1280.jpg&#038;fit=crop&#038;w=1038&#038;h=540&#038;s=c06c652193b6ba326dfea9f7bc09beea 1038w, https:\/\/www.abf.se\/mittskane\/resized\/?url=https%3A%2F%2Fwww.abf.se%2Fwp-content%2Fuploads%2Fsites%2F35%2F2024%2F04%2Fmagnolia-trees-556718_1280.jpg&#038;fit=crop&#038;w=1182&#038;h=540&#038;s=d83ead9e6f348bf10976654de4ee0166 1182w, https:\/\/www.abf.se\/mittskane\/resized\/?url=https%3A%2F%2Fwww.abf.se%2Fwp-content%2Fuploads%2Fsites%2F35%2F2024%2F04%2Fmagnolia-trees-556718_1280.jpg&#038;fit=crop&#038;w=1326&#038;h=540&#038;s=cdcfd5b397907482ad245f26db956eee 1326w, https:\/\/www.abf.se\/mittskane\/resized\/?url=https%3A%2F%2Fwww.abf.se%2Fwp-content%2Fuploads%2Fsites%2F35%2F2024%2F04%2Fmagnolia-trees-556718_1280.jpg&#038;fit=crop&#038;w=1440&#038;h=540&#038;s=a13e471b5478f9df0e69ed34e0e51d88 1440w\" alt=\"\" height=\"540\" width=\"1440\" sizes=\"(max-width: 1440px) calc(100vw - 32px), 1440px\" loading=\"eager\" fetchpriority=\"high\" aria-hidden=\"true\" role=\"presentation\" \/><\/picture>\n        \n\n            <\/div>\n\n    <\/div>\n\n<div\n    class=\"acf-article-text-block article-container my-12\"\n    data-block=\"article-text-block\"\n>\n    <div class=\"wysiwyg\">\n        <h2>ABF MittSk\u00e5ne<\/h2>\n<p><strong>ABF MittSk\u00e5ne \u00e4r en lokalavdelning av Arbetarnas Bildningsf\u00f6rbund.<\/strong><\/p>\n<p><strong>Avdelningen t\u00e4cker Burl\u00f6v, Esl\u00f6v, H\u00f6rby, H\u00f6\u00f6r, K\u00e4vlinge, Lomma, Lund och Staffanstorps kommun.<\/strong><\/p>\n<p><strong>V\u00e5ra lokaler sjuder av studier och kultur! Ring eller maila oss s\u00e5 bokar vi g\u00e4rna en tr\u00e4ff med dig eller din f\u00f6rening.<\/strong><\/p>\n<p>&nbsp;<\/p>\n\n    <\/div>\n<\/div>\n<div\n    class=\"acf-quick-link-block bg-red py-12 md:py-20\"\n    data-block=\"quick-link-block\"\n>\n    <div class=\"container\">\n                    <h2 class=\"heading-lg mb-7 text-center text-white\">\n                Kontakt oss &#8211; f\u00f6lj oss p\u00e5 sociala medier:\n            <\/h2>\n        \n        <div\n            class=\"px-5 content:px-0 grid grid-cols-1 gap-8 lg:grid-cols-3\">\n            \n            <article\nclass=\"round-corners-sm p-6 relative group grid grid-rows-[subgrid] row-[span_3] gap-4 bg-white text-red\"\n>\n            <h3\n        class=\"heading-sm group-hover:underline text-red\">\n            <a href=\"https:\/\/www.abf.se\/mittskane\/kontakt\/\" class=\"expanded-hit-area\" target=\"\">\n                Kontakta oss\n            <\/a>\n        <\/h3>\n                <p class=\"body-md text-gray-text\">\n            Ring eller maila oss s\u00e5 bokar vi g\u00e4rna en tr\u00e4ff med dig eller din f\u00f6rening.\n        <\/p>\n        <figure\n    class=\"w-[38px] h-[38px] rounded-full p-2 group-hover:scale-110 transition-transform duration-300 self-end pointer-events-none bg-red text-white\">\n        <svg width=\"20\" height=\"20\" viewBox=\"0 0 20 20\" fill=\"none\" class=\"SvgIconElement\">\n<path d=\"M4.16659 10L15.8333 10\" stroke=\"currentColor\"\/>\n<path d=\"M9.99992 4.1665L15.8333 9.99984L9.99992 15.8332\" stroke=\"currentColor\"\/>\n<\/svg>\n    <\/figure>\n<\/article>            \n            <article\nclass=\"round-corners-sm p-6 relative group grid grid-rows-[subgrid] row-[span_3] gap-4 bg-white text-red\"\n>\n            <h3\n        class=\"heading-sm group-hover:underline text-red\">\n            <a href=\"https:\/\/www.facebook.com\/ABFMittSkane\/\" class=\"expanded-hit-area\" target=\"_blank\">\n                Facebook\n            <\/a>\n        <\/h3>\n                <p class=\"body-md text-gray-text\">\n            F\u00f6lj oss g\u00e4rna p\u00e5 Facebook.\n        <\/p>\n        <figure\n    class=\"w-[38px] h-[38px] rounded-full p-2 group-hover:scale-110 transition-transform duration-300 self-end pointer-events-none bg-red text-white\">\n        <svg width=\"20\" height=\"20\" viewBox=\"0 0 20 20\" fill=\"none\" class=\"SvgIconElement\">\n<path d=\"M4.16659 10L15.8333 10\" stroke=\"currentColor\"\/>\n<path d=\"M9.99992 4.1665L15.8333 9.99984L9.99992 15.8332\" stroke=\"currentColor\"\/>\n<\/svg>\n    <\/figure>\n<\/article>            \n            <article\nclass=\"round-corners-sm p-6 relative group grid grid-rows-[subgrid] row-[span_3] gap-4 bg-white text-red\"\n>\n            <h3\n        class=\"heading-sm group-hover:underline text-red\">\n            <a href=\"https:\/\/www.instagram.com\/abfmittskane\/\" class=\"expanded-hit-area\" target=\"_blank\">\n                Instagram\n            <\/a>\n        <\/h3>\n                <p class=\"body-md text-gray-text\">\n            F\u00f6lj oss g\u00e4rna p\u00e5 Instagram.\n        <\/p>\n        <figure\n    class=\"w-[38px] h-[38px] rounded-full p-2 group-hover:scale-110 transition-transform duration-300 self-end pointer-events-none bg-red text-white\">\n        <svg width=\"20\" height=\"20\" viewBox=\"0 0 20 20\" fill=\"none\" class=\"SvgIconElement\">\n<path d=\"M4.16659 10L15.8333 10\" stroke=\"currentColor\"\/>\n<path d=\"M9.99992 4.1665L15.8333 9.99984L9.99992 15.8332\" stroke=\"currentColor\"\/>\n<\/svg>\n    <\/figure>\n<\/article>                    <\/div>\n    <\/div>\n<\/div>\n","protected":false},"excerpt":{"rendered":"","protected":false},"author":32,"featured_media":0,"parent":0,"menu_order":0,"comment_status":"closed","ping_status":"closed","template":"","meta":{"_acf_changed":false,"footnotes":""},"class_list":["post-387","page","type-page","status-publish","hentry"],"acf":[],"yoast_head":"<!-- This site is optimized with the Yoast SEO plugin v27.0 - https:\/\/yoast.com\/product\/yoast-seo-wordpress\/ -->\n<title>ABF MittSk\u00e5ne - MittSk\u00e5ne<\/title>\n<meta name=\"description\" content=\"ABF MittSk\u00e5ne erbjuder studiecirklar, kurser och kulturaktiviteter \u2013 med fokus p\u00e5 folkbildning, delaktighet och personlig utveckling.\" \/>\n<meta name=\"robots\" content=\"index, follow, max-snippet:-1, max-image-preview:large, max-video-preview:-1\" \/>\n<link rel=\"canonical\" href=\"https:\/\/www.abf.se\/mittskane\/abf-mittskane\/\" \/>\n<meta property=\"og:locale\" content=\"sv_SE\" \/>\n<meta property=\"og:type\" content=\"article\" \/>\n<meta property=\"og:title\" content=\"ABF MittSk\u00e5ne - MittSk\u00e5ne\" \/>\n<meta property=\"og:description\" content=\"ABF MittSk\u00e5ne erbjuder studiecirklar, kurser och kulturaktiviteter \u2013 med fokus p\u00e5 folkbildning, delaktighet och personlig utveckling.\" \/>\n<meta property=\"og:url\" content=\"https:\/\/www.abf.se\/mittskane\/abf-mittskane\/\" \/>\n<meta property=\"og:site_name\" content=\"MittSk\u00e5ne\" \/>\n<meta property=\"article:modified_time\" content=\"2026-01-16T11:42:19+00:00\" \/>\n<meta property=\"og:image\" content=\"https:\/\/www.abf.se\/wp-content\/uploads\/sites\/35\/2024\/04\/Nyckeln-liggande-scaled.jpg\" \/>\n\t<meta property=\"og:image:width\" content=\"2560\" \/>\n\t<meta property=\"og:image:height\" content=\"1440\" \/>\n\t<meta property=\"og:image:type\" content=\"image\/jpeg\" \/>\n<meta name=\"twitter:card\" content=\"summary_large_image\" \/>\n<script type=\"application\/ld+json\" class=\"yoast-schema-graph\">{\"@context\":\"https:\/\/schema.org\",\"@graph\":[{\"@type\":\"WebPage\",\"@id\":\"https:\/\/www.abf.se\/mittskane\/abf-mittskane\/\",\"url\":\"https:\/\/www.abf.se\/mittskane\/abf-mittskane\/\",\"name\":\"ABF MittSk\u00e5ne - MittSk\u00e5ne\",\"isPartOf\":{\"@id\":\"https:\/\/www.abf.se\/mittskane\/#website\"},\"datePublished\":\"2024-02-26T14:24:41+00:00\",\"dateModified\":\"2026-01-16T11:42:19+00:00\",\"description\":\"ABF MittSk\u00e5ne erbjuder studiecirklar, kurser och kulturaktiviteter \u2013 med fokus p\u00e5 folkbildning, delaktighet och personlig utveckling.\",\"breadcrumb\":{\"@id\":\"https:\/\/www.abf.se\/mittskane\/abf-mittskane\/#breadcrumb\"},\"inLanguage\":\"sv-SE\",\"potentialAction\":[{\"@type\":\"ReadAction\",\"target\":[\"https:\/\/www.abf.se\/mittskane\/abf-mittskane\/\"]}]},{\"@type\":\"BreadcrumbList\",\"@id\":\"https:\/\/www.abf.se\/mittskane\/abf-mittskane\/#breadcrumb\",\"itemListElement\":[{\"@type\":\"ListItem\",\"position\":1,\"name\":\"Home\",\"item\":\"https:\/\/www.abf.se\/mittskane\/\"},{\"@type\":\"ListItem\",\"position\":2,\"name\":\"ABF MittSk\u00e5ne\"}]},{\"@type\":\"WebSite\",\"@id\":\"https:\/\/www.abf.se\/mittskane\/#website\",\"url\":\"https:\/\/www.abf.se\/mittskane\/\",\"name\":\"MittSk\u00e5ne\",\"description\":\"\",\"potentialAction\":[{\"@type\":\"SearchAction\",\"target\":{\"@type\":\"EntryPoint\",\"urlTemplate\":\"https:\/\/www.abf.se\/mittskane\/?s={search_term_string}\"},\"query-input\":{\"@type\":\"PropertyValueSpecification\",\"valueRequired\":true,\"valueName\":\"search_term_string\"}}],\"inLanguage\":\"sv-SE\"}]}<\/script>\n<!-- \/ Yoast SEO plugin. -->","yoast_head_json":{"title":"ABF MittSk\u00e5ne - MittSk\u00e5ne","description":"ABF MittSk\u00e5ne erbjuder studiecirklar, kurser och kulturaktiviteter \u2013 med fokus p\u00e5 folkbildning, delaktighet och personlig utveckling.","robots":{"index":"index","follow":"follow","max-snippet":"max-snippet:-1","max-image-preview":"max-image-preview:large","max-video-preview":"max-video-preview:-1"},"canonical":"https:\/\/www.abf.se\/mittskane\/abf-mittskane\/","og_locale":"sv_SE","og_type":"article","og_title":"ABF MittSk\u00e5ne - MittSk\u00e5ne","og_description":"ABF MittSk\u00e5ne erbjuder studiecirklar, kurser och kulturaktiviteter \u2013 med fokus p\u00e5 folkbildning, delaktighet och personlig utveckling.","og_url":"https:\/\/www.abf.se\/mittskane\/abf-mittskane\/","og_site_name":"MittSk\u00e5ne","article_modified_time":"2026-01-16T11:42:19+00:00","og_image":[{"width":2560,"height":1440,"url":"https:\/\/www.abf.se\/wp-content\/uploads\/sites\/35\/2024\/04\/Nyckeln-liggande-scaled.jpg","type":"image\/jpeg"}],"twitter_card":"summary_large_image","schema":{"@context":"https:\/\/schema.org","@graph":[{"@type":"WebPage","@id":"https:\/\/www.abf.se\/mittskane\/abf-mittskane\/","url":"https:\/\/www.abf.se\/mittskane\/abf-mittskane\/","name":"ABF MittSk\u00e5ne - MittSk\u00e5ne","isPartOf":{"@id":"https:\/\/www.abf.se\/mittskane\/#website"},"datePublished":"2024-02-26T14:24:41+00:00","dateModified":"2026-01-16T11:42:19+00:00","description":"ABF MittSk\u00e5ne erbjuder studiecirklar, kurser och kulturaktiviteter \u2013 med fokus p\u00e5 folkbildning, delaktighet och personlig utveckling.","breadcrumb":{"@id":"https:\/\/www.abf.se\/mittskane\/abf-mittskane\/#breadcrumb"},"inLanguage":"sv-SE","potentialAction":[{"@type":"ReadAction","target":["https:\/\/www.abf.se\/mittskane\/abf-mittskane\/"]}]},{"@type":"BreadcrumbList","@id":"https:\/\/www.abf.se\/mittskane\/abf-mittskane\/#breadcrumb","itemListElement":[{"@type":"ListItem","position":1,"name":"Home","item":"https:\/\/www.abf.se\/mittskane\/"},{"@type":"ListItem","position":2,"name":"ABF MittSk\u00e5ne"}]},{"@type":"WebSite","@id":"https:\/\/www.abf.se\/mittskane\/#website","url":"https:\/\/www.abf.se\/mittskane\/","name":"MittSk\u00e5ne","description":"","potentialAction":[{"@type":"SearchAction","target":{"@type":"EntryPoint","urlTemplate":"https:\/\/www.abf.se\/mittskane\/?s={search_term_string}"},"query-input":{"@type":"PropertyValueSpecification","valueRequired":true,"valueName":"search_term_string"}}],"inLanguage":"sv-SE"}]}},"_links":{"self":[{"href":"https:\/\/www.abf.se\/mittskane\/wp-json\/wp\/v2\/pages\/387","targetHints":{"allow":["GET"]}}],"collection":[{"href":"https:\/\/www.abf.se\/mittskane\/wp-json\/wp\/v2\/pages"}],"about":[{"href":"https:\/\/www.abf.se\/mittskane\/wp-json\/wp\/v2\/types\/page"}],"author":[{"embeddable":true,"href":"https:\/\/www.abf.se\/mittskane\/wp-json\/wp\/v2\/users\/32"}],"replies":[{"embeddable":true,"href":"https:\/\/www.abf.se\/mittskane\/wp-json\/wp\/v2\/comments?post=387"}],"version-history":[{"count":25,"href":"https:\/\/www.abf.se\/mittskane\/wp-json\/wp\/v2\/pages\/387\/revisions"}],"predecessor-version":[{"id":3101,"href":"https:\/\/www.abf.se\/mittskane\/wp-json\/wp\/v2\/pages\/387\/revisions\/3101"}],"wp:attachment":[{"href":"https:\/\/www.abf.se\/mittskane\/wp-json\/wp\/v2\/media?parent=387"}],"curies":[{"name":"wp","href":"https:\/\/api.w.org\/{rel}","templated":true}]}}