{"id":402,"date":"2024-02-26T14:34:02","date_gmt":"2024-02-26T14:34:02","guid":{"rendered":"https:\/\/www.abf.se\/mittskane\/?page_id=402"},"modified":"2025-11-20T11:42:10","modified_gmt":"2025-11-20T10:42:10","slug":"nyhetsblad","status":"publish","type":"page","link":"https:\/\/www.abf.se\/mittskane\/abf-mittskane\/nyhetsblad\/","title":{"rendered":"Nyhetsblad"},"content":{"rendered":"<div\n    class=\"acf-hero-block container-lg no-padding mb-12 js-geolocation\"\n    data-block=\"hero-block\"\n    data-index=\"0\"\n>\n    <div class=\"h-[548px]  relative rounded-[32px] overflow-hidden flex bg-gray-light\">\n        <div class=\"relative z-10 mt-auto h-auto w-full md:h-full\">\n            <div class=\"flex w-full h-full flex-col flex-wrap justify-end w-full md:w-7\/12 lg:w-1\/2 md:justify-center\">\n                <div class=\"flex flex-col gap-3 md:gap-[18px] md:transparent pt-16 pb-36 md:py-8 px-4 w-full md:max-w-[620px] mx-auto px-8\">\n\n                    <h1 class=\"hero-heading\"><span>Nyhetsblad<\/span><\/h1>\n\n                    \n                                    <\/div>\n            <\/div>\n        <\/div>\n\n                    <picture class=\"as-background-image mix-blend-multiply bg-black\/40\"><img decoding=\"async\" src=\"https:\/\/www.abf.se\/mittskane\/resized\/?url=https%3A%2F%2Fwww.abf.se%2Fwp-content%2Fuploads%2Fsites%2F35%2F2024%2F03%2Fnewspapers-444448_640.jpg&#038;fit=crop&#038;w=1440&#038;s=58a7370262bf208f3168c7534e7413f4\" srcset=\"https:\/\/www.abf.se\/mittskane\/resized\/?url=https%3A%2F%2Fwww.abf.se%2Fwp-content%2Fuploads%2Fsites%2F35%2F2024%2F03%2Fnewspapers-444448_640.jpg&#038;fit=crop&#038;w=375&#038;h=540&#038;s=b0c0f89946432aac97fe3cdf054f5c02 375w, https:\/\/www.abf.se\/mittskane\/resized\/?url=https%3A%2F%2Fwww.abf.se%2Fwp-content%2Fuploads%2Fsites%2F35%2F2024%2F03%2Fnewspapers-444448_640.jpg&#038;fit=crop&#038;w=447&#038;h=540&#038;s=c4477be0f7218f2e865957a86aa3f7db 447w, https:\/\/www.abf.se\/mittskane\/resized\/?url=https%3A%2F%2Fwww.abf.se%2Fwp-content%2Fuploads%2Fsites%2F35%2F2024%2F03%2Fnewspapers-444448_640.jpg&#038;fit=crop&#038;w=519&#038;h=540&#038;s=5dd524cac496385822dda352919d46fc 519w, https:\/\/www.abf.se\/mittskane\/resized\/?url=https%3A%2F%2Fwww.abf.se%2Fwp-content%2Fuploads%2Fsites%2F35%2F2024%2F03%2Fnewspapers-444448_640.jpg&#038;fit=crop&#038;w=591&#038;h=540&#038;s=95773945de0d605b38a8c04e7989dabf 591w, https:\/\/www.abf.se\/mittskane\/resized\/?url=https%3A%2F%2Fwww.abf.se%2Fwp-content%2Fuploads%2Fsites%2F35%2F2024%2F03%2Fnewspapers-444448_640.jpg&#038;fit=crop&#038;w=663&#038;h=540&#038;s=047b06386c9fc324c5379f8696893607 663w, https:\/\/www.abf.se\/mittskane\/resized\/?url=https%3A%2F%2Fwww.abf.se%2Fwp-content%2Fuploads%2Fsites%2F35%2F2024%2F03%2Fnewspapers-444448_640.jpg&#038;fit=crop&#038;w=750&#038;h=540&#038;s=2af19e77d0d75ccf0b02baf64d7a19f0 750w, https:\/\/www.abf.se\/mittskane\/resized\/?url=https%3A%2F%2Fwww.abf.se%2Fwp-content%2Fuploads%2Fsites%2F35%2F2024%2F03%2Fnewspapers-444448_640.jpg&#038;fit=crop&#038;w=894&#038;h=540&#038;s=fc9fbba1732bd206103c3717781af214 894w, https:\/\/www.abf.se\/mittskane\/resized\/?url=https%3A%2F%2Fwww.abf.se%2Fwp-content%2Fuploads%2Fsites%2F35%2F2024%2F03%2Fnewspapers-444448_640.jpg&#038;fit=crop&#038;w=1038&#038;h=540&#038;s=273a7826a39ac2258b0b754a0078b384 1038w, https:\/\/www.abf.se\/mittskane\/resized\/?url=https%3A%2F%2Fwww.abf.se%2Fwp-content%2Fuploads%2Fsites%2F35%2F2024%2F03%2Fnewspapers-444448_640.jpg&#038;fit=crop&#038;w=1182&#038;h=540&#038;s=04766e615de989ead27ccfc2e0f88353 1182w, https:\/\/www.abf.se\/mittskane\/resized\/?url=https%3A%2F%2Fwww.abf.se%2Fwp-content%2Fuploads%2Fsites%2F35%2F2024%2F03%2Fnewspapers-444448_640.jpg&#038;fit=crop&#038;w=1326&#038;h=540&#038;s=922329ec2ddb1dae76b2e1f668b51f5a 1326w, https:\/\/www.abf.se\/mittskane\/resized\/?url=https%3A%2F%2Fwww.abf.se%2Fwp-content%2Fuploads%2Fsites%2F35%2F2024%2F03%2Fnewspapers-444448_640.jpg&#038;fit=crop&#038;w=1440&#038;h=540&#038;s=ce0cc8c71df7dccbfc69bb79a1a9a733 1440w\" alt=\"\" height=\"540\" width=\"1440\" sizes=\"(max-width: 1440px) calc(100vw - 32px), 1440px\" loading=\"eager\" fetchpriority=\"high\" aria-hidden=\"true\" role=\"presentation\" \/><\/picture>\n        \n\n            <\/div>\n\n    <\/div>\n\n<div\n    class=\"acf-article-text-block article-container my-12\"\n    data-block=\"article-text-block\"\n>\n    <div class=\"wysiwyg\">\n        <h2>ABF MittSk\u00e5nes Nyhetsblad<\/h2>\n<p><strong>Vill du ha v\u00e5rt Nyhetsblad?<\/strong><\/p>\n<p>Skicka ett mail till oss p\u00e5:<a href=\"mailto:info.mittskane@abf.se\"> info.mittskane@abf.se <\/a>f\u00f6r att prenumerera p\u00e5 v\u00e5rt Nyhetsblad.<\/p>\n<p><strong>Gl\u00f6m inte att meddela oss om du \u00e4ndrar din mailadress.<\/strong><\/p>\n<p>&nbsp;<\/p>\n\n    <\/div>\n<\/div>\n<div\n    class=\"acf-quick-link-block bg-red py-12 md:py-20\"\n    data-block=\"quick-link-block\"\n>\n    <div class=\"container\">\n                    <h2 class=\"heading-lg mb-7 text-center text-white\">\n                ABF MittSk\u00e5nes Nyhetsblad:\n            <\/h2>\n        \n        <div\n            class=\"px-5 content:px-0 grid grid-cols-1 gap-8 md:grid-cols-2\">\n            \n            <article\nclass=\"round-corners-sm p-6 relative group grid grid-rows-[subgrid] row-[span_3] gap-4 bg-white text-red\"\n>\n            <h3\n        class=\"heading-sm group-hover:underline text-red\">\n            <a href=\"https:\/\/www.abf.se\/mittskane\/abf-mittskane\/nyhetsblad\/arkivet\/\" class=\"expanded-hit-area\" target=\"\">\n                Nyhetsblad \u00e5r 2025\n            <\/a>\n        <\/h3>\n            <figure\n    class=\"w-[38px] h-[38px] rounded-full p-2 group-hover:scale-110 transition-transform duration-300 self-end pointer-events-none bg-red text-white\">\n        <svg width=\"20\" height=\"20\" viewBox=\"0 0 20 20\" fill=\"none\" class=\"SvgIconElement\">\n<path d=\"M4.16659 10L15.8333 10\" stroke=\"currentColor\"\/>\n<path d=\"M9.99992 4.1665L15.8333 9.99984L9.99992 15.8332\" stroke=\"currentColor\"\/>\n<\/svg>\n    <\/figure>\n<\/article>            \n            <article\nclass=\"round-corners-sm p-6 relative group grid grid-rows-[subgrid] row-[span_3] gap-4 bg-white text-red\"\n>\n            <h3\n        class=\"heading-sm group-hover:underline text-red\">\n            <a href=\"https:\/\/www.abf.se\/mittskane\/abf-mittskane\/nyhetsblad\/nyhetsblad-ar-2024\/\" class=\"expanded-hit-area\" target=\"\">\n                Nyhetsblad \u00e5r 2026\n            <\/a>\n        <\/h3>\n            <figure\n    class=\"w-[38px] h-[38px] rounded-full p-2 group-hover:scale-110 transition-transform duration-300 self-end pointer-events-none bg-red text-white\">\n        <svg width=\"20\" height=\"20\" viewBox=\"0 0 20 20\" fill=\"none\" class=\"SvgIconElement\">\n<path d=\"M4.16659 10L15.8333 10\" stroke=\"currentColor\"\/>\n<path d=\"M9.99992 4.1665L15.8333 9.99984L9.99992 15.8332\" stroke=\"currentColor\"\/>\n<\/svg>\n    <\/figure>\n<\/article>                    <\/div>\n    <\/div>\n<\/div>\n","protected":false},"excerpt":{"rendered":"","protected":false},"author":32,"featured_media":0,"parent":387,"menu_order":0,"comment_status":"closed","ping_status":"closed","template":"","meta":{"_acf_changed":false,"footnotes":""},"class_list":["post-402","page","type-page","status-publish","hentry"],"acf":[],"yoast_head":"<!-- This site is optimized with the Yoast SEO plugin v27.0 - https:\/\/yoast.com\/product\/yoast-seo-wordpress\/ -->\n<title>Nyhetsblad fr\u00e5n ABF MittSk\u00e5ne \u2013 Kurser, Kultur &amp; Folkbildning<\/title>\n<meta name=\"description\" content=\"Prenumerera p\u00e5 nyhetsblad fr\u00e5n ABF MittSk\u00e5ne f\u00f6r att ta del av all sp\u00e4nnande och utvecklande verksamhet vi har hos oss.\" \/>\n<meta name=\"robots\" content=\"index, follow, max-snippet:-1, max-image-preview:large, max-video-preview:-1\" \/>\n<link rel=\"canonical\" href=\"https:\/\/www.abf.se\/mittskane\/abf-mittskane\/nyhetsblad\/\" \/>\n<meta property=\"og:locale\" content=\"sv_SE\" \/>\n<meta property=\"og:type\" content=\"article\" \/>\n<meta property=\"og:title\" content=\"Nyhetsblad fr\u00e5n ABF MittSk\u00e5ne \u2013 Kurser, Kultur &amp; Folkbildning\" \/>\n<meta property=\"og:description\" content=\"Prenumerera p\u00e5 nyhetsblad fr\u00e5n ABF MittSk\u00e5ne f\u00f6r att ta del av all sp\u00e4nnande och utvecklande verksamhet vi har hos oss.\" \/>\n<meta property=\"og:url\" content=\"https:\/\/www.abf.se\/mittskane\/abf-mittskane\/nyhetsblad\/\" \/>\n<meta property=\"og:site_name\" content=\"MittSk\u00e5ne\" \/>\n<meta property=\"article:modified_time\" content=\"2025-11-20T10:42:10+00:00\" \/>\n<meta property=\"og:image\" content=\"https:\/\/www.abf.se\/wp-content\/uploads\/sites\/35\/2024\/04\/Nyckeln-liggande-scaled.jpg\" \/>\n\t<meta property=\"og:image:width\" content=\"2560\" \/>\n\t<meta property=\"og:image:height\" content=\"1440\" \/>\n\t<meta property=\"og:image:type\" content=\"image\/jpeg\" \/>\n<meta name=\"twitter:card\" content=\"summary_large_image\" \/>\n<script type=\"application\/ld+json\" class=\"yoast-schema-graph\">{\"@context\":\"https:\/\/schema.org\",\"@graph\":[{\"@type\":\"WebPage\",\"@id\":\"https:\/\/www.abf.se\/mittskane\/abf-mittskane\/nyhetsblad\/\",\"url\":\"https:\/\/www.abf.se\/mittskane\/abf-mittskane\/nyhetsblad\/\",\"name\":\"Nyhetsblad fr\u00e5n ABF MittSk\u00e5ne \u2013 Kurser, Kultur & Folkbildning\",\"isPartOf\":{\"@id\":\"https:\/\/www.abf.se\/mittskane\/#website\"},\"datePublished\":\"2024-02-26T14:34:02+00:00\",\"dateModified\":\"2025-11-20T10:42:10+00:00\",\"description\":\"Prenumerera p\u00e5 nyhetsblad fr\u00e5n ABF MittSk\u00e5ne f\u00f6r att ta del av all sp\u00e4nnande och utvecklande verksamhet vi har hos oss.\",\"breadcrumb\":{\"@id\":\"https:\/\/www.abf.se\/mittskane\/abf-mittskane\/nyhetsblad\/#breadcrumb\"},\"inLanguage\":\"sv-SE\",\"potentialAction\":[{\"@type\":\"ReadAction\",\"target\":[\"https:\/\/www.abf.se\/mittskane\/abf-mittskane\/nyhetsblad\/\"]}]},{\"@type\":\"BreadcrumbList\",\"@id\":\"https:\/\/www.abf.se\/mittskane\/abf-mittskane\/nyhetsblad\/#breadcrumb\",\"itemListElement\":[{\"@type\":\"ListItem\",\"position\":1,\"name\":\"Home\",\"item\":\"https:\/\/www.abf.se\/mittskane\/\"},{\"@type\":\"ListItem\",\"position\":2,\"name\":\"ABF MittSk\u00e5ne\",\"item\":\"https:\/\/www.abf.se\/mittskane\/abf-mittskane\/\"},{\"@type\":\"ListItem\",\"position\":3,\"name\":\"Nyhetsblad\"}]},{\"@type\":\"WebSite\",\"@id\":\"https:\/\/www.abf.se\/mittskane\/#website\",\"url\":\"https:\/\/www.abf.se\/mittskane\/\",\"name\":\"MittSk\u00e5ne\",\"description\":\"\",\"potentialAction\":[{\"@type\":\"SearchAction\",\"target\":{\"@type\":\"EntryPoint\",\"urlTemplate\":\"https:\/\/www.abf.se\/mittskane\/?s={search_term_string}\"},\"query-input\":{\"@type\":\"PropertyValueSpecification\",\"valueRequired\":true,\"valueName\":\"search_term_string\"}}],\"inLanguage\":\"sv-SE\"}]}<\/script>\n<!-- \/ Yoast SEO plugin. -->","yoast_head_json":{"title":"Nyhetsblad fr\u00e5n ABF MittSk\u00e5ne \u2013 Kurser, Kultur & Folkbildning","description":"Prenumerera p\u00e5 nyhetsblad fr\u00e5n ABF MittSk\u00e5ne f\u00f6r att ta del av all sp\u00e4nnande och utvecklande verksamhet vi har hos oss.","robots":{"index":"index","follow":"follow","max-snippet":"max-snippet:-1","max-image-preview":"max-image-preview:large","max-video-preview":"max-video-preview:-1"},"canonical":"https:\/\/www.abf.se\/mittskane\/abf-mittskane\/nyhetsblad\/","og_locale":"sv_SE","og_type":"article","og_title":"Nyhetsblad fr\u00e5n ABF MittSk\u00e5ne \u2013 Kurser, Kultur & Folkbildning","og_description":"Prenumerera p\u00e5 nyhetsblad fr\u00e5n ABF MittSk\u00e5ne f\u00f6r att ta del av all sp\u00e4nnande och utvecklande verksamhet vi har hos oss.","og_url":"https:\/\/www.abf.se\/mittskane\/abf-mittskane\/nyhetsblad\/","og_site_name":"MittSk\u00e5ne","article_modified_time":"2025-11-20T10:42:10+00:00","og_image":[{"width":2560,"height":1440,"url":"https:\/\/www.abf.se\/wp-content\/uploads\/sites\/35\/2024\/04\/Nyckeln-liggande-scaled.jpg","type":"image\/jpeg"}],"twitter_card":"summary_large_image","schema":{"@context":"https:\/\/schema.org","@graph":[{"@type":"WebPage","@id":"https:\/\/www.abf.se\/mittskane\/abf-mittskane\/nyhetsblad\/","url":"https:\/\/www.abf.se\/mittskane\/abf-mittskane\/nyhetsblad\/","name":"Nyhetsblad fr\u00e5n ABF MittSk\u00e5ne \u2013 Kurser, Kultur & Folkbildning","isPartOf":{"@id":"https:\/\/www.abf.se\/mittskane\/#website"},"datePublished":"2024-02-26T14:34:02+00:00","dateModified":"2025-11-20T10:42:10+00:00","description":"Prenumerera p\u00e5 nyhetsblad fr\u00e5n ABF MittSk\u00e5ne f\u00f6r att ta del av all sp\u00e4nnande och utvecklande verksamhet vi har hos oss.","breadcrumb":{"@id":"https:\/\/www.abf.se\/mittskane\/abf-mittskane\/nyhetsblad\/#breadcrumb"},"inLanguage":"sv-SE","potentialAction":[{"@type":"ReadAction","target":["https:\/\/www.abf.se\/mittskane\/abf-mittskane\/nyhetsblad\/"]}]},{"@type":"BreadcrumbList","@id":"https:\/\/www.abf.se\/mittskane\/abf-mittskane\/nyhetsblad\/#breadcrumb","itemListElement":[{"@type":"ListItem","position":1,"name":"Home","item":"https:\/\/www.abf.se\/mittskane\/"},{"@type":"ListItem","position":2,"name":"ABF MittSk\u00e5ne","item":"https:\/\/www.abf.se\/mittskane\/abf-mittskane\/"},{"@type":"ListItem","position":3,"name":"Nyhetsblad"}]},{"@type":"WebSite","@id":"https:\/\/www.abf.se\/mittskane\/#website","url":"https:\/\/www.abf.se\/mittskane\/","name":"MittSk\u00e5ne","description":"","potentialAction":[{"@type":"SearchAction","target":{"@type":"EntryPoint","urlTemplate":"https:\/\/www.abf.se\/mittskane\/?s={search_term_string}"},"query-input":{"@type":"PropertyValueSpecification","valueRequired":true,"valueName":"search_term_string"}}],"inLanguage":"sv-SE"}]}},"_links":{"self":[{"href":"https:\/\/www.abf.se\/mittskane\/wp-json\/wp\/v2\/pages\/402","targetHints":{"allow":["GET"]}}],"collection":[{"href":"https:\/\/www.abf.se\/mittskane\/wp-json\/wp\/v2\/pages"}],"about":[{"href":"https:\/\/www.abf.se\/mittskane\/wp-json\/wp\/v2\/types\/page"}],"author":[{"embeddable":true,"href":"https:\/\/www.abf.se\/mittskane\/wp-json\/wp\/v2\/users\/32"}],"replies":[{"embeddable":true,"href":"https:\/\/www.abf.se\/mittskane\/wp-json\/wp\/v2\/comments?post=402"}],"version-history":[{"count":22,"href":"https:\/\/www.abf.se\/mittskane\/wp-json\/wp\/v2\/pages\/402\/revisions"}],"predecessor-version":[{"id":2966,"href":"https:\/\/www.abf.se\/mittskane\/wp-json\/wp\/v2\/pages\/402\/revisions\/2966"}],"up":[{"embeddable":true,"href":"https:\/\/www.abf.se\/mittskane\/wp-json\/wp\/v2\/pages\/387"}],"wp:attachment":[{"href":"https:\/\/www.abf.se\/mittskane\/wp-json\/wp\/v2\/media?parent=402"}],"curies":[{"name":"wp","href":"https:\/\/api.w.org\/{rel}","templated":true}]}}