{"id":52,"date":"2024-02-21T15:17:47","date_gmt":"2024-02-21T15:17:47","guid":{"rendered":"https:\/\/www.abf.se\/mittskane\/?page_id=52"},"modified":"2026-01-12T08:51:32","modified_gmt":"2026-01-12T07:51:32","slug":"se-din-konst-test-sida","status":"publish","type":"page","link":"https:\/\/www.abf.se\/mittskane\/om-vara-projekt\/se-din-konst-test-sida\/","title":{"rendered":"Se Din Konst"},"content":{"rendered":"<div\n    class=\"acf-hero-block container-lg no-padding mb-12 js-geolocation\"\n    data-block=\"hero-block\"\n    data-index=\"0\"\n>\n    <div class=\"h-[548px]  relative rounded-[32px] overflow-hidden flex bg-gray-light\">\n        <div class=\"relative z-10 mt-auto h-auto w-full md:h-full\">\n            <div class=\"flex w-full h-full flex-col flex-wrap justify-end w-full md:w-7\/12 lg:w-1\/2 md:justify-center\">\n                <div class=\"flex flex-col gap-3 md:gap-[18px] md:transparent pt-16 pb-36 md:py-8 px-4 w-full md:max-w-[620px] mx-auto px-8\">\n\n                    <h1 class=\"hero-heading\"><span>Se Din Konst<\/span><\/h1>\n\n                    \n                                    <\/div>\n            <\/div>\n        <\/div>\n\n                    <picture class=\"as-background-image mix-blend-multiply bg-black\/40\"><img decoding=\"async\" src=\"https:\/\/www.abf.se\/mittskane\/resized\/?url=https%3A%2F%2Fwww.abf.se%2Fwp-content%2Fuploads%2Fsites%2F35%2F2024%2F02%2FSe-Din-Konst.JPG.png&#038;fit=crop&#038;w=1440&#038;s=65423ec49ed71b47834fb3b8b5f163e1\" srcset=\"https:\/\/www.abf.se\/mittskane\/resized\/?url=https%3A%2F%2Fwww.abf.se%2Fwp-content%2Fuploads%2Fsites%2F35%2F2024%2F02%2FSe-Din-Konst.JPG.png&#038;fit=crop&#038;w=375&#038;h=540&#038;s=c6b2698a545027ebdd51fa6cfa4485fa 375w, https:\/\/www.abf.se\/mittskane\/resized\/?url=https%3A%2F%2Fwww.abf.se%2Fwp-content%2Fuploads%2Fsites%2F35%2F2024%2F02%2FSe-Din-Konst.JPG.png&#038;fit=crop&#038;w=447&#038;h=540&#038;s=08dd6361c7ff58758454a61fbeadbf3f 447w, https:\/\/www.abf.se\/mittskane\/resized\/?url=https%3A%2F%2Fwww.abf.se%2Fwp-content%2Fuploads%2Fsites%2F35%2F2024%2F02%2FSe-Din-Konst.JPG.png&#038;fit=crop&#038;w=519&#038;h=540&#038;s=247b12452b86147c5304dc2aaaa84c3e 519w, https:\/\/www.abf.se\/mittskane\/resized\/?url=https%3A%2F%2Fwww.abf.se%2Fwp-content%2Fuploads%2Fsites%2F35%2F2024%2F02%2FSe-Din-Konst.JPG.png&#038;fit=crop&#038;w=591&#038;h=540&#038;s=6d1e6927065a65b7ccafcecb4ba19554 591w, https:\/\/www.abf.se\/mittskane\/resized\/?url=https%3A%2F%2Fwww.abf.se%2Fwp-content%2Fuploads%2Fsites%2F35%2F2024%2F02%2FSe-Din-Konst.JPG.png&#038;fit=crop&#038;w=663&#038;h=540&#038;s=14100c072632dd0310179e538d59a775 663w, https:\/\/www.abf.se\/mittskane\/resized\/?url=https%3A%2F%2Fwww.abf.se%2Fwp-content%2Fuploads%2Fsites%2F35%2F2024%2F02%2FSe-Din-Konst.JPG.png&#038;fit=crop&#038;w=750&#038;h=540&#038;s=cac67f306cc7e5a90fdbc8f76ecb3e27 750w, https:\/\/www.abf.se\/mittskane\/resized\/?url=https%3A%2F%2Fwww.abf.se%2Fwp-content%2Fuploads%2Fsites%2F35%2F2024%2F02%2FSe-Din-Konst.JPG.png&#038;fit=crop&#038;w=894&#038;h=540&#038;s=0daf48fb40aea0bd4692769012d1bbde 894w, https:\/\/www.abf.se\/mittskane\/resized\/?url=https%3A%2F%2Fwww.abf.se%2Fwp-content%2Fuploads%2Fsites%2F35%2F2024%2F02%2FSe-Din-Konst.JPG.png&#038;fit=crop&#038;w=1038&#038;h=540&#038;s=15d4744df8f5f9a877224148e4d38e8b 1038w, https:\/\/www.abf.se\/mittskane\/resized\/?url=https%3A%2F%2Fwww.abf.se%2Fwp-content%2Fuploads%2Fsites%2F35%2F2024%2F02%2FSe-Din-Konst.JPG.png&#038;fit=crop&#038;w=1182&#038;h=540&#038;s=99718bb4dc891ec24fe672e3a1481008 1182w, https:\/\/www.abf.se\/mittskane\/resized\/?url=https%3A%2F%2Fwww.abf.se%2Fwp-content%2Fuploads%2Fsites%2F35%2F2024%2F02%2FSe-Din-Konst.JPG.png&#038;fit=crop&#038;w=1326&#038;h=540&#038;s=3311dbbde1d45fdf59e113c6b0d9f81f 1326w, https:\/\/www.abf.se\/mittskane\/resized\/?url=https%3A%2F%2Fwww.abf.se%2Fwp-content%2Fuploads%2Fsites%2F35%2F2024%2F02%2FSe-Din-Konst.JPG.png&#038;fit=crop&#038;w=1440&#038;h=540&#038;s=49c9387aadd75a2f289c0a0bb58cbb1a 1440w\" alt=\"\" height=\"540\" width=\"1440\" sizes=\"(max-width: 1440px) calc(100vw - 32px), 1440px\" loading=\"eager\" fetchpriority=\"high\" aria-hidden=\"true\" role=\"presentation\" \/><\/picture>\n        \n\n            <\/div>\n\n    <\/div>\n\n<div\n    class=\"acf-article-text-block article-container my-12\"\n    data-block=\"article-text-block\"\n>\n    <div class=\"wysiwyg\">\n        <h2>Se Din Konst<\/h2>\n<p>Se Din Konst \u00e4r ett fyra\u00e5rigt projekt med syfte att synligg\u00f6ra barns konstn\u00e4rliga skapande. Projektet startade i oktober 2021 och p\u00e5g\u00e5r till september 2025. Det \u00e4r finansierat av Allm\u00e4nna arvsfonden. Projektet drivs av ABF MittSk\u00e5ne i samarbete med kulturf\u00f6reningen MedVind som har lokal p\u00e5 Stenkrossen i Lund, med st\u00f6d av Lunds kommun. Projektet arbetar med -Samlingsutst\u00e4llningar med barns konst. -Demokratiska processer f\u00f6r barns inflytande. -Kvalitetskriterier f\u00f6r att jobba med barns konst. -Digitala utst\u00e4llningar och tips f\u00f6r utst\u00e4llningar av barns konst p\u00e5 sedinkonst.se<\/p>\n<p>De erfarenheter som g\u00f6rs inom Se Din Konst blir en metodik som kan spridas geografiskt och anv\u00e4ndas i flera sammanhang.<\/p>\n<p>Vi samarbetar med 10 sk\u00e5nska kommuner: H\u00e4ssleholm, Trelleborg, Klippan, Esl\u00f6v, Lund, Osby, Sj\u00f6bo, Lomma, Tomelilla och Bjuv. De deltagande barnen kommer fr\u00e5n kulturskola, museum, konsthall, bibliotek, skola, anpassad grundskola, f\u00f6reningar och kulturcrew. Varje h\u00f6st skapar Se Din Konst en samlingsutst\u00e4llning med verk av de deltagande barnen. F\u00f6rsta \u00e5ret (2022) st\u00e4llde barnen ut p\u00e5 Kraften i Lomma. \u00c5ret d\u00e4refter (2023) var det dags f\u00f6r konsthallen p\u00e5 H\u00e4ssleholm Kulturhus. Just nu arbetar projektet med 2024 \u00e5rs utst\u00e4llning som kommer att ta plats i centrala Lund. \u00c5r 2025-2027 kommer olika kommuner att st\u00e5 v\u00e4rdar f\u00f6r fortsatta utst\u00e4llningar. D\u00e5 blir det ocks\u00e5 m\u00f6jligt att bjuda in utst\u00e4llande barn som tidigare inte deltagit i projektet.<\/p>\n\n    <\/div>\n<\/div>\n<div\n    class=\"acf-article-cta-link-block article-container my-8\"\n    data-block=\"article-cta-link-block\"\n>\n<div>\n    <a class=\"inline-flex flex-row items-center gap-4 text-link underline text-red-dark\"\n        href=\"https:\/\/www.abf.se\/mittskane\/se-din-konst-2021-2022\/\"\n            >\n        <span class=\"\">\n        Se Din Konst \u00e5r 2021-2022\n        <\/span>\n        <figure aria-hidden=\"true\" class=\"rounded-full bg-red-dark w-8 h-8 p-1 text-white\">\n            <svg width=\"20\" height=\"20\" viewBox=\"0 0 20 20\" fill=\"none\" class=\"SvgIconElement\">\n<path d=\"M4.16659 10L15.8333 10\" stroke=\"currentColor\"\/>\n<path d=\"M9.99992 4.1665L15.8333 9.99984L9.99992 15.8332\" stroke=\"currentColor\"\/>\n<\/svg>\n        <\/figure>\n    <\/a>\n<\/div>\n<\/div>\n<div\n    class=\"acf-quick-link-block bg-red py-12 md:py-20\"\n    data-block=\"quick-link-block\"\n>\n    <div class=\"container\">\n                    <h2 class=\"heading-lg mb-7 text-center text-white\">\n                Titta in p\u00e5 v\u00e5r hemsida eller bes\u00f6k oss p\u00e5 sociala medier:\n            <\/h2>\n        \n        <div\n            class=\"px-5 content:px-0 grid grid-cols-1 gap-8 md:grid-cols-2 lg:grid-cols-4\">\n            \n            <article\nclass=\"round-corners-sm p-6 relative group grid grid-rows-[subgrid] row-[span_3] gap-4 bg-white text-red\"\n>\n            <h3\n        class=\"heading-sm group-hover:underline text-red\">\n            <a href=\"https:\/\/www.sedinkonst.se\" class=\"expanded-hit-area\" target=\"_blank\">\n                Hemsida\n            <\/a>\n        <\/h3>\n                <p class=\"body-md text-gray-text\">\n            Kika in p\u00e5 v\u00e5r hemsida.\n        <\/p>\n        <figure\n    class=\"w-[38px] h-[38px] rounded-full p-2 group-hover:scale-110 transition-transform duration-300 self-end pointer-events-none bg-red text-white\">\n        <svg width=\"20\" height=\"20\" viewBox=\"0 0 20 20\" fill=\"none\" class=\"SvgIconElement\">\n<path d=\"M4.16659 10L15.8333 10\" stroke=\"currentColor\"\/>\n<path d=\"M9.99992 4.1665L15.8333 9.99984L9.99992 15.8332\" stroke=\"currentColor\"\/>\n<\/svg>\n    <\/figure>\n<\/article>            \n            <article\nclass=\"round-corners-sm p-6 relative group grid grid-rows-[subgrid] row-[span_3] gap-4 bg-white text-red\"\n>\n            <h3\n        class=\"heading-sm group-hover:underline text-red\">\n            <a href=\"https:\/\/www.facebook.com\/sedinkonst\" class=\"expanded-hit-area\" target=\"_blank\">\n                Facebook\n            <\/a>\n        <\/h3>\n                <p class=\"body-md text-gray-text\">\n            F\u00f6lj oss p\u00e5 Facebook och f\u00e5 de senaste nyheterna.\n        <\/p>\n        <figure\n    class=\"w-[38px] h-[38px] rounded-full p-2 group-hover:scale-110 transition-transform duration-300 self-end pointer-events-none bg-red text-white\">\n        <svg width=\"20\" height=\"20\" viewBox=\"0 0 20 20\" fill=\"none\" class=\"SvgIconElement\">\n<path d=\"M4.16659 10L15.8333 10\" stroke=\"currentColor\"\/>\n<path d=\"M9.99992 4.1665L15.8333 9.99984L9.99992 15.8332\" stroke=\"currentColor\"\/>\n<\/svg>\n    <\/figure>\n<\/article>            \n            <article\nclass=\"round-corners-sm p-6 relative group grid grid-rows-[subgrid] row-[span_3] gap-4 bg-white text-red\"\n>\n            <h3\n        class=\"heading-sm group-hover:underline text-red\">\n            <a href=\"https:\/\/instagram.com\/se.din.konst\/\" class=\"expanded-hit-area\" target=\"_blank\">\n                Instagram\n            <\/a>\n        <\/h3>\n                <p class=\"body-md text-gray-text\">\n            F\u00f6lj oss p\u00e5 Instagram och f\u00e5 de senaste nyheterna.\n        <\/p>\n        <figure\n    class=\"w-[38px] h-[38px] rounded-full p-2 group-hover:scale-110 transition-transform duration-300 self-end pointer-events-none bg-red text-white\">\n        <svg width=\"20\" height=\"20\" viewBox=\"0 0 20 20\" fill=\"none\" class=\"SvgIconElement\">\n<path d=\"M4.16659 10L15.8333 10\" stroke=\"currentColor\"\/>\n<path d=\"M9.99992 4.1665L15.8333 9.99984L9.99992 15.8332\" stroke=\"currentColor\"\/>\n<\/svg>\n    <\/figure>\n<\/article>            \n            <article\nclass=\"round-corners-sm p-6 relative group grid grid-rows-[subgrid] row-[span_3] gap-4 bg-white text-red\"\n>\n            <h3\n        class=\"heading-sm group-hover:underline text-red\">\n            <a href=\"https:\/\/linktr.ee\/sedinkonst\" class=\"expanded-hit-area\" target=\"_blank\">\n                Linktree\n            <\/a>\n        <\/h3>\n                <p class=\"body-md text-gray-text\">\n            Klicka in p\u00e5 Linktree, h\u00e4r kan du bland annat registrera dig f\u00f6r att f\u00e5 v\u00e5rt nyhetsbrev.\n        <\/p>\n        <figure\n    class=\"w-[38px] h-[38px] rounded-full p-2 group-hover:scale-110 transition-transform duration-300 self-end pointer-events-none bg-red text-white\">\n        <svg width=\"20\" height=\"20\" viewBox=\"0 0 20 20\" fill=\"none\" class=\"SvgIconElement\">\n<path d=\"M4.16659 10L15.8333 10\" stroke=\"currentColor\"\/>\n<path d=\"M9.99992 4.1665L15.8333 9.99984L9.99992 15.8332\" stroke=\"currentColor\"\/>\n<\/svg>\n    <\/figure>\n<\/article>                    <\/div>\n    <\/div>\n<\/div>\n","protected":false},"excerpt":{"rendered":"","protected":false},"author":32,"featured_media":0,"parent":361,"menu_order":0,"comment_status":"closed","ping_status":"closed","template":"","meta":{"_acf_changed":false,"footnotes":""},"class_list":["post-52","page","type-page","status-publish","hentry"],"acf":[],"yoast_head":"<!-- This site is optimized with the Yoast SEO plugin v27.0 - https:\/\/yoast.com\/product\/yoast-seo-wordpress\/ -->\n<title>Se Din Konst - MittSk\u00e5ne<\/title>\n<meta name=\"description\" content=\"Se Din Konst \u00e4r ett fyra\u00e5rigt projekt med syfte att synligg\u00f6ra barns konstn\u00e4rliga skapande. Demokratiska processer f\u00f6r barns inflytande.\" \/>\n<meta name=\"robots\" content=\"index, follow, max-snippet:-1, max-image-preview:large, max-video-preview:-1\" \/>\n<link rel=\"canonical\" href=\"https:\/\/www.abf.se\/mittskane\/om-vara-projekt\/se-din-konst-test-sida\/\" \/>\n<meta property=\"og:locale\" content=\"sv_SE\" \/>\n<meta property=\"og:type\" content=\"article\" \/>\n<meta property=\"og:title\" content=\"Se Din Konst - MittSk\u00e5ne\" \/>\n<meta property=\"og:description\" content=\"Se Din Konst \u00e4r ett fyra\u00e5rigt projekt med syfte att synligg\u00f6ra barns konstn\u00e4rliga skapande. Demokratiska processer f\u00f6r barns inflytande.\" \/>\n<meta property=\"og:url\" content=\"https:\/\/www.abf.se\/mittskane\/om-vara-projekt\/se-din-konst-test-sida\/\" \/>\n<meta property=\"og:site_name\" content=\"MittSk\u00e5ne\" \/>\n<meta property=\"article:modified_time\" content=\"2026-01-12T07:51:32+00:00\" \/>\n<meta property=\"og:image\" content=\"https:\/\/www.abf.se\/wp-content\/uploads\/sites\/35\/2024\/04\/Nyckeln-liggande-scaled.jpg\" \/>\n\t<meta property=\"og:image:width\" content=\"2560\" \/>\n\t<meta property=\"og:image:height\" content=\"1440\" \/>\n\t<meta property=\"og:image:type\" content=\"image\/jpeg\" \/>\n<meta name=\"twitter:card\" content=\"summary_large_image\" \/>\n<script type=\"application\/ld+json\" class=\"yoast-schema-graph\">{\"@context\":\"https:\/\/schema.org\",\"@graph\":[{\"@type\":\"WebPage\",\"@id\":\"https:\/\/www.abf.se\/mittskane\/om-vara-projekt\/se-din-konst-test-sida\/\",\"url\":\"https:\/\/www.abf.se\/mittskane\/om-vara-projekt\/se-din-konst-test-sida\/\",\"name\":\"Se Din Konst - MittSk\u00e5ne\",\"isPartOf\":{\"@id\":\"https:\/\/www.abf.se\/mittskane\/#website\"},\"datePublished\":\"2024-02-21T15:17:47+00:00\",\"dateModified\":\"2026-01-12T07:51:32+00:00\",\"description\":\"Se Din Konst \u00e4r ett fyra\u00e5rigt projekt med syfte att synligg\u00f6ra barns konstn\u00e4rliga skapande. Demokratiska processer f\u00f6r barns inflytande.\",\"breadcrumb\":{\"@id\":\"https:\/\/www.abf.se\/mittskane\/om-vara-projekt\/se-din-konst-test-sida\/#breadcrumb\"},\"inLanguage\":\"sv-SE\",\"potentialAction\":[{\"@type\":\"ReadAction\",\"target\":[\"https:\/\/www.abf.se\/mittskane\/om-vara-projekt\/se-din-konst-test-sida\/\"]}]},{\"@type\":\"BreadcrumbList\",\"@id\":\"https:\/\/www.abf.se\/mittskane\/om-vara-projekt\/se-din-konst-test-sida\/#breadcrumb\",\"itemListElement\":[{\"@type\":\"ListItem\",\"position\":1,\"name\":\"Home\",\"item\":\"https:\/\/www.abf.se\/mittskane\/\"},{\"@type\":\"ListItem\",\"position\":2,\"name\":\"V\u00e5ra projekt\",\"item\":\"https:\/\/www.abf.se\/mittskane\/om-vara-projekt\/\"},{\"@type\":\"ListItem\",\"position\":3,\"name\":\"Se Din Konst\"}]},{\"@type\":\"WebSite\",\"@id\":\"https:\/\/www.abf.se\/mittskane\/#website\",\"url\":\"https:\/\/www.abf.se\/mittskane\/\",\"name\":\"MittSk\u00e5ne\",\"description\":\"\",\"potentialAction\":[{\"@type\":\"SearchAction\",\"target\":{\"@type\":\"EntryPoint\",\"urlTemplate\":\"https:\/\/www.abf.se\/mittskane\/?s={search_term_string}\"},\"query-input\":{\"@type\":\"PropertyValueSpecification\",\"valueRequired\":true,\"valueName\":\"search_term_string\"}}],\"inLanguage\":\"sv-SE\"}]}<\/script>\n<!-- \/ Yoast SEO plugin. -->","yoast_head_json":{"title":"Se Din Konst - MittSk\u00e5ne","description":"Se Din Konst \u00e4r ett fyra\u00e5rigt projekt med syfte att synligg\u00f6ra barns konstn\u00e4rliga skapande. Demokratiska processer f\u00f6r barns inflytande.","robots":{"index":"index","follow":"follow","max-snippet":"max-snippet:-1","max-image-preview":"max-image-preview:large","max-video-preview":"max-video-preview:-1"},"canonical":"https:\/\/www.abf.se\/mittskane\/om-vara-projekt\/se-din-konst-test-sida\/","og_locale":"sv_SE","og_type":"article","og_title":"Se Din Konst - MittSk\u00e5ne","og_description":"Se Din Konst \u00e4r ett fyra\u00e5rigt projekt med syfte att synligg\u00f6ra barns konstn\u00e4rliga skapande. Demokratiska processer f\u00f6r barns inflytande.","og_url":"https:\/\/www.abf.se\/mittskane\/om-vara-projekt\/se-din-konst-test-sida\/","og_site_name":"MittSk\u00e5ne","article_modified_time":"2026-01-12T07:51:32+00:00","og_image":[{"width":2560,"height":1440,"url":"https:\/\/www.abf.se\/wp-content\/uploads\/sites\/35\/2024\/04\/Nyckeln-liggande-scaled.jpg","type":"image\/jpeg"}],"twitter_card":"summary_large_image","schema":{"@context":"https:\/\/schema.org","@graph":[{"@type":"WebPage","@id":"https:\/\/www.abf.se\/mittskane\/om-vara-projekt\/se-din-konst-test-sida\/","url":"https:\/\/www.abf.se\/mittskane\/om-vara-projekt\/se-din-konst-test-sida\/","name":"Se Din Konst - MittSk\u00e5ne","isPartOf":{"@id":"https:\/\/www.abf.se\/mittskane\/#website"},"datePublished":"2024-02-21T15:17:47+00:00","dateModified":"2026-01-12T07:51:32+00:00","description":"Se Din Konst \u00e4r ett fyra\u00e5rigt projekt med syfte att synligg\u00f6ra barns konstn\u00e4rliga skapande. Demokratiska processer f\u00f6r barns inflytande.","breadcrumb":{"@id":"https:\/\/www.abf.se\/mittskane\/om-vara-projekt\/se-din-konst-test-sida\/#breadcrumb"},"inLanguage":"sv-SE","potentialAction":[{"@type":"ReadAction","target":["https:\/\/www.abf.se\/mittskane\/om-vara-projekt\/se-din-konst-test-sida\/"]}]},{"@type":"BreadcrumbList","@id":"https:\/\/www.abf.se\/mittskane\/om-vara-projekt\/se-din-konst-test-sida\/#breadcrumb","itemListElement":[{"@type":"ListItem","position":1,"name":"Home","item":"https:\/\/www.abf.se\/mittskane\/"},{"@type":"ListItem","position":2,"name":"V\u00e5ra projekt","item":"https:\/\/www.abf.se\/mittskane\/om-vara-projekt\/"},{"@type":"ListItem","position":3,"name":"Se Din Konst"}]},{"@type":"WebSite","@id":"https:\/\/www.abf.se\/mittskane\/#website","url":"https:\/\/www.abf.se\/mittskane\/","name":"MittSk\u00e5ne","description":"","potentialAction":[{"@type":"SearchAction","target":{"@type":"EntryPoint","urlTemplate":"https:\/\/www.abf.se\/mittskane\/?s={search_term_string}"},"query-input":{"@type":"PropertyValueSpecification","valueRequired":true,"valueName":"search_term_string"}}],"inLanguage":"sv-SE"}]}},"_links":{"self":[{"href":"https:\/\/www.abf.se\/mittskane\/wp-json\/wp\/v2\/pages\/52","targetHints":{"allow":["GET"]}}],"collection":[{"href":"https:\/\/www.abf.se\/mittskane\/wp-json\/wp\/v2\/pages"}],"about":[{"href":"https:\/\/www.abf.se\/mittskane\/wp-json\/wp\/v2\/types\/page"}],"author":[{"embeddable":true,"href":"https:\/\/www.abf.se\/mittskane\/wp-json\/wp\/v2\/users\/32"}],"replies":[{"embeddable":true,"href":"https:\/\/www.abf.se\/mittskane\/wp-json\/wp\/v2\/comments?post=52"}],"version-history":[{"count":48,"href":"https:\/\/www.abf.se\/mittskane\/wp-json\/wp\/v2\/pages\/52\/revisions"}],"predecessor-version":[{"id":3045,"href":"https:\/\/www.abf.se\/mittskane\/wp-json\/wp\/v2\/pages\/52\/revisions\/3045"}],"up":[{"embeddable":true,"href":"https:\/\/www.abf.se\/mittskane\/wp-json\/wp\/v2\/pages\/361"}],"wp:attachment":[{"href":"https:\/\/www.abf.se\/mittskane\/wp-json\/wp\/v2\/media?parent=52"}],"curies":[{"name":"wp","href":"https:\/\/api.w.org\/{rel}","templated":true}]}}