{"id":790,"date":"2024-02-29T18:40:13","date_gmt":"2024-02-29T17:40:13","guid":{"rendered":"https:\/\/www.abf.se\/mittskane\/?page_id=790"},"modified":"2025-11-20T11:48:57","modified_gmt":"2025-11-20T10:48:57","slug":"arkivet","status":"publish","type":"page","link":"https:\/\/www.abf.se\/mittskane\/abf-mittskane\/nyhetsblad\/arkivet\/","title":{"rendered":"Nyhetsblad \u00e5r 2025"},"content":{"rendered":"<div\n    class=\"acf-hero-block container-lg no-padding mb-12 js-geolocation\"\n    data-block=\"hero-block\"\n    data-index=\"0\"\n>\n    <div class=\"h-[548px]  relative rounded-[32px] overflow-hidden flex bg-gray-light\">\n        <div class=\"relative z-10 mt-auto h-auto w-full md:h-full\">\n            <div class=\"flex w-full h-full flex-col flex-wrap justify-end w-full md:w-7\/12 lg:w-1\/2 md:justify-center\">\n                <div class=\"flex flex-col gap-3 md:gap-[18px] md:transparent pt-16 pb-36 md:py-8 px-4 w-full md:max-w-[620px] mx-auto px-8\">\n\n                    <h1 class=\"hero-heading\"><span>Nyhetsblad \u00e5r 2025<\/span><\/h1>\n\n                    \n                                    <\/div>\n            <\/div>\n        <\/div>\n\n                    <picture class=\"as-background-image mix-blend-multiply bg-black\/40\"><img decoding=\"async\" src=\"https:\/\/www.abf.se\/mittskane\/resized\/?url=https%3A%2F%2Fwww.abf.se%2Fwp-content%2Fuploads%2Fsites%2F35%2F2024%2F03%2Fnewspapers-444448_640.jpg&#038;fit=crop&#038;w=1440&#038;s=58a7370262bf208f3168c7534e7413f4\" srcset=\"https:\/\/www.abf.se\/mittskane\/resized\/?url=https%3A%2F%2Fwww.abf.se%2Fwp-content%2Fuploads%2Fsites%2F35%2F2024%2F03%2Fnewspapers-444448_640.jpg&#038;fit=crop&#038;w=375&#038;h=540&#038;s=b0c0f89946432aac97fe3cdf054f5c02 375w, https:\/\/www.abf.se\/mittskane\/resized\/?url=https%3A%2F%2Fwww.abf.se%2Fwp-content%2Fuploads%2Fsites%2F35%2F2024%2F03%2Fnewspapers-444448_640.jpg&#038;fit=crop&#038;w=447&#038;h=540&#038;s=c4477be0f7218f2e865957a86aa3f7db 447w, https:\/\/www.abf.se\/mittskane\/resized\/?url=https%3A%2F%2Fwww.abf.se%2Fwp-content%2Fuploads%2Fsites%2F35%2F2024%2F03%2Fnewspapers-444448_640.jpg&#038;fit=crop&#038;w=519&#038;h=540&#038;s=5dd524cac496385822dda352919d46fc 519w, https:\/\/www.abf.se\/mittskane\/resized\/?url=https%3A%2F%2Fwww.abf.se%2Fwp-content%2Fuploads%2Fsites%2F35%2F2024%2F03%2Fnewspapers-444448_640.jpg&#038;fit=crop&#038;w=591&#038;h=540&#038;s=95773945de0d605b38a8c04e7989dabf 591w, https:\/\/www.abf.se\/mittskane\/resized\/?url=https%3A%2F%2Fwww.abf.se%2Fwp-content%2Fuploads%2Fsites%2F35%2F2024%2F03%2Fnewspapers-444448_640.jpg&#038;fit=crop&#038;w=663&#038;h=540&#038;s=047b06386c9fc324c5379f8696893607 663w, https:\/\/www.abf.se\/mittskane\/resized\/?url=https%3A%2F%2Fwww.abf.se%2Fwp-content%2Fuploads%2Fsites%2F35%2F2024%2F03%2Fnewspapers-444448_640.jpg&#038;fit=crop&#038;w=750&#038;h=540&#038;s=2af19e77d0d75ccf0b02baf64d7a19f0 750w, https:\/\/www.abf.se\/mittskane\/resized\/?url=https%3A%2F%2Fwww.abf.se%2Fwp-content%2Fuploads%2Fsites%2F35%2F2024%2F03%2Fnewspapers-444448_640.jpg&#038;fit=crop&#038;w=894&#038;h=540&#038;s=fc9fbba1732bd206103c3717781af214 894w, https:\/\/www.abf.se\/mittskane\/resized\/?url=https%3A%2F%2Fwww.abf.se%2Fwp-content%2Fuploads%2Fsites%2F35%2F2024%2F03%2Fnewspapers-444448_640.jpg&#038;fit=crop&#038;w=1038&#038;h=540&#038;s=273a7826a39ac2258b0b754a0078b384 1038w, https:\/\/www.abf.se\/mittskane\/resized\/?url=https%3A%2F%2Fwww.abf.se%2Fwp-content%2Fuploads%2Fsites%2F35%2F2024%2F03%2Fnewspapers-444448_640.jpg&#038;fit=crop&#038;w=1182&#038;h=540&#038;s=04766e615de989ead27ccfc2e0f88353 1182w, https:\/\/www.abf.se\/mittskane\/resized\/?url=https%3A%2F%2Fwww.abf.se%2Fwp-content%2Fuploads%2Fsites%2F35%2F2024%2F03%2Fnewspapers-444448_640.jpg&#038;fit=crop&#038;w=1326&#038;h=540&#038;s=922329ec2ddb1dae76b2e1f668b51f5a 1326w, https:\/\/www.abf.se\/mittskane\/resized\/?url=https%3A%2F%2Fwww.abf.se%2Fwp-content%2Fuploads%2Fsites%2F35%2F2024%2F03%2Fnewspapers-444448_640.jpg&#038;fit=crop&#038;w=1440&#038;h=540&#038;s=ce0cc8c71df7dccbfc69bb79a1a9a733 1440w\" alt=\"\" height=\"540\" width=\"1440\" sizes=\"(max-width: 1440px) calc(100vw - 32px), 1440px\" loading=\"eager\" fetchpriority=\"high\" aria-hidden=\"true\" role=\"presentation\" \/><\/picture>\n        \n\n            <\/div>\n\n    <\/div>\n\n<div\n    class=\"acf-article-text-block article-container my-12\"\n    data-block=\"article-text-block\"\n>\n    <div class=\"wysiwyg\">\n        <p><a href=\"https:\/\/www.abf.se\/wp-content\/uploads\/sites\/35\/2024\/12\/Nyhetsblad-januari-2025.pdf\"><strong>JANUARI<\/strong><\/a><\/p>\n<p><a href=\"https:\/\/www.abf.se\/wp-content\/uploads\/sites\/35\/2025\/01\/Nyhetsblad-februari-2025.pdf\"><strong>FEBRUARI<\/strong><\/a><\/p>\n<p><a href=\"https:\/\/www.abf.se\/wp-content\/uploads\/sites\/35\/2025\/02\/Nyhetsblad-mars-2025.pdf\"><strong>MARS<\/strong><\/a><\/p>\n<p><a href=\"https:\/\/www.abf.se\/wp-content\/uploads\/sites\/35\/2025\/03\/Nyhetsblad-april-2025.pdf\"><strong>APRIL<\/strong><\/a><\/p>\n<p><a href=\"https:\/\/www.abf.se\/wp-content\/uploads\/sites\/35\/2025\/04\/Nyhetsblad-maj-2025.pdf\"><strong>MAJ<\/strong><\/a><\/p>\n<p><a href=\"https:\/\/www.abf.se\/wp-content\/uploads\/sites\/35\/2025\/05\/Nyhetsblad-juni-juli-augusti-2025.pdf\"><strong>JUNI\/JULI\/AUGUSTI<\/strong><\/a><\/p>\n<p><strong><a href=\"https:\/\/www.abf.se\/wp-content\/uploads\/sites\/35\/2025\/08\/Nyhetsblad-september-2025.pdf\">SEPTEMBER<\/a><\/strong><\/p>\n<p><a href=\"https:\/\/www.abf.se\/wp-content\/uploads\/sites\/35\/2025\/09\/Nyhetsblad-oktober-2025.pdf\"><strong>OKTOBER<\/strong><\/a><\/p>\n<p><a href=\"https:\/\/www.abf.se\/wp-content\/uploads\/sites\/35\/2025\/10\/Nyhetsblad-november-2025-1.pdf\"><strong>NOVEMBER<\/strong><\/a><\/p>\n<p><a href=\"https:\/\/www.abf.se\/wp-content\/uploads\/sites\/35\/2025\/11\/Nyhetsblad-december-januari-2025-2026.pdf\"><strong>DECEMBER -25\/JANUARI -26<\/strong><\/a><\/p>\n\n    <\/div>\n<\/div>\n<div\n    class=\"acf-article-cta-link-block article-container my-8\"\n    data-block=\"article-cta-link-block\"\n>\n<div>\n    <a class=\"inline-flex flex-row items-center gap-4 text-link underline text-red-dark\"\n        href=\"https:\/\/www.abf.se\/mittskane\/nyhetsblad\/\"\n            >\n        <span class=\"\">\n        Prenumerera p\u00e5 v\u00e5rt Nyhetsblad. Klicka h\u00e4r:\n        <\/span>\n        <figure aria-hidden=\"true\" class=\"rounded-full bg-red-dark w-8 h-8 p-1 text-white\">\n            <svg width=\"20\" height=\"20\" viewBox=\"0 0 20 20\" fill=\"none\" class=\"SvgIconElement\">\n<path d=\"M4.16659 10L15.8333 10\" stroke=\"currentColor\"\/>\n<path d=\"M9.99992 4.1665L15.8333 9.99984L9.99992 15.8332\" stroke=\"currentColor\"\/>\n<\/svg>\n        <\/figure>\n    <\/a>\n<\/div>\n<\/div>\n<div\n    class=\"acf-quick-link-block bg-red py-12 md:py-20\"\n    data-block=\"quick-link-block\"\n>\n    <div class=\"container\">\n                    <h2 class=\"heading-lg mb-7 text-center text-white\">\n                G\u00e5 till Nyhetsblad \u00e5r 2026:\n            <\/h2>\n        \n        <div\n            class=\"px-5 content:px-0 grid grid-cols-1 gap-8\">\n            \n            <article\nclass=\"round-corners-sm p-6 relative group grid grid-rows-[subgrid] row-[span_3] gap-4 bg-white text-red\"\n>\n            <h3\n        class=\"heading-sm group-hover:underline text-red\">\n            <a href=\"https:\/\/www.abf.se\/mittskane\/abf-mittskane\/nyhetsblad\/nyhetsblad-ar-2024\/\" class=\"expanded-hit-area\" target=\"\">\n                Nyhetsblad \u00e5r 2026\n            <\/a>\n        <\/h3>\n            <figure\n    class=\"w-[38px] h-[38px] rounded-full p-2 group-hover:scale-110 transition-transform duration-300 self-end pointer-events-none bg-red text-white\">\n        <svg width=\"20\" height=\"20\" viewBox=\"0 0 20 20\" fill=\"none\" class=\"SvgIconElement\">\n<path d=\"M4.16659 10L15.8333 10\" stroke=\"currentColor\"\/>\n<path d=\"M9.99992 4.1665L15.8333 9.99984L9.99992 15.8332\" stroke=\"currentColor\"\/>\n<\/svg>\n    <\/figure>\n<\/article>                    <\/div>\n    <\/div>\n<\/div>\n<div\n    class=\"acf-article-image-block mb-12 article-container-lg\"\n    data-block=\"article-image-block\"\n>\n<div class=\"\">\n\n        <figure>\n        \n            <picture class=\"round-corners-lg w-full\"><img decoding=\"async\" src=\"https:\/\/www.abf.se\/mittskane\/resized\/?url=&#038;fit=contain&#038;w=788&#038;s=c1b00306f2851b0620cb9d660f1e4bac\" srcset=\"https:\/\/www.abf.se\/mittskane\/resized\/?url=&#038;fit=contain&#038;w=375&#038;h=0&#038;s=94bb9dec65ef28c97fca593b3aaf32be 375w, https:\/\/www.abf.se\/mittskane\/resized\/?url=&#038;fit=contain&#038;w=447&#038;h=0&#038;s=875632b1f5e0cf7969991309670532bc 447w, https:\/\/www.abf.se\/mittskane\/resized\/?url=&#038;fit=contain&#038;w=519&#038;h=0&#038;s=8acab2ad9fc312512b219d481e6de4e5 519w, https:\/\/www.abf.se\/mittskane\/resized\/?url=&#038;fit=contain&#038;w=591&#038;h=0&#038;s=2828d897989a41f2df3ac34d5dca39d7 591w, https:\/\/www.abf.se\/mittskane\/resized\/?url=&#038;fit=contain&#038;w=663&#038;h=0&#038;s=b9bf8bfc2bdd9a433f466eff773bdb47 663w, https:\/\/www.abf.se\/mittskane\/resized\/?url=&#038;fit=contain&#038;w=735&#038;h=0&#038;s=2c2d3966b12a185a795c4abca74f9f1e 735w, https:\/\/www.abf.se\/mittskane\/resized\/?url=&#038;fit=contain&#038;w=750&#038;h=0&#038;s=9b0b7abacaa153953b2ae567518cb658 750w, https:\/\/www.abf.se\/mittskane\/resized\/?url=&#038;fit=contain&#038;w=788&#038;s=c1b00306f2851b0620cb9d660f1e4bac 788w, https:\/\/www.abf.se\/mittskane\/resized\/?url=&#038;fit=contain&#038;w=894&#038;h=0&#038;s=8700ed045413da2b8d80b1338fccbf2c 894w, https:\/\/www.abf.se\/mittskane\/resized\/?url=&#038;fit=contain&#038;w=1038&#038;h=0&#038;s=489fa70d242a27e6f0c0cb582605ab69 1038w, https:\/\/www.abf.se\/mittskane\/resized\/?url=&#038;fit=contain&#038;w=1182&#038;h=0&#038;s=c340cda9adcbb6e7c159ca5fad41dccd 1182w, https:\/\/www.abf.se\/mittskane\/resized\/?url=&#038;fit=contain&#038;w=1326&#038;h=0&#038;s=3213bac3a5eb0d6ea6605604991f6751 1326w, https:\/\/www.abf.se\/mittskane\/resized\/?url=&#038;fit=contain&#038;w=1470&#038;h=0&#038;s=780db1a521208e1e54337e9e7b77c265 1470w\" alt=\"\" height=\"0\" width=\"788\" sizes=\"auto, (max-width: 768px) calc(100vw - 40px), 788px\" loading=\"lazy\" fetchpriority=\"low\" class=\"round-corners-lg w-full\" \/><\/picture>\n                        <\/figure>\n        <\/div>\n\n<\/div>\n","protected":false},"excerpt":{"rendered":"","protected":false},"author":32,"featured_media":0,"parent":402,"menu_order":0,"comment_status":"closed","ping_status":"closed","template":"","meta":{"_acf_changed":false,"footnotes":""},"class_list":["post-790","page","type-page","status-publish","hentry"],"acf":[],"yoast_head":"<!-- This site is optimized with the Yoast SEO plugin v27.0 - https:\/\/yoast.com\/product\/yoast-seo-wordpress\/ -->\n<title>ABF Mittsk\u00e5nes Nyhetsblad \u2013 Kurser, Kultur &amp; Folkbildning i Sk\u00e5ne<\/title>\n<meta name=\"description\" content=\"I Nyhetsbladet f\u00e5r du en inblick i den verksamhet som p\u00e5g\u00e5r inom ABF Mittsk\u00e5ne, studiecirklar, kurser, f\u00f6rel\u00e4sningar, kulturarrangemang m.m.\" \/>\n<meta name=\"robots\" content=\"index, follow, max-snippet:-1, max-image-preview:large, max-video-preview:-1\" \/>\n<link rel=\"canonical\" href=\"https:\/\/www.abf.se\/mittskane\/abf-mittskane\/nyhetsblad\/arkivet\/\" \/>\n<meta property=\"og:locale\" content=\"sv_SE\" \/>\n<meta property=\"og:type\" content=\"article\" \/>\n<meta property=\"og:title\" content=\"ABF Mittsk\u00e5nes Nyhetsblad \u2013 Kurser, Kultur &amp; Folkbildning i Sk\u00e5ne\" \/>\n<meta property=\"og:description\" content=\"I Nyhetsbladet f\u00e5r du en inblick i den verksamhet som p\u00e5g\u00e5r inom ABF Mittsk\u00e5ne, studiecirklar, kurser, f\u00f6rel\u00e4sningar, kulturarrangemang m.m.\" \/>\n<meta property=\"og:url\" content=\"https:\/\/www.abf.se\/mittskane\/abf-mittskane\/nyhetsblad\/arkivet\/\" \/>\n<meta property=\"og:site_name\" content=\"MittSk\u00e5ne\" \/>\n<meta property=\"article:modified_time\" content=\"2025-11-20T10:48:57+00:00\" \/>\n<meta property=\"og:image\" content=\"https:\/\/www.abf.se\/wp-content\/uploads\/sites\/35\/2024\/04\/Nyckeln-liggande-scaled.jpg\" \/>\n\t<meta property=\"og:image:width\" content=\"2560\" \/>\n\t<meta property=\"og:image:height\" content=\"1440\" \/>\n\t<meta property=\"og:image:type\" content=\"image\/jpeg\" \/>\n<meta name=\"twitter:card\" content=\"summary_large_image\" \/>\n<script type=\"application\/ld+json\" class=\"yoast-schema-graph\">{\"@context\":\"https:\/\/schema.org\",\"@graph\":[{\"@type\":\"WebPage\",\"@id\":\"https:\/\/www.abf.se\/mittskane\/abf-mittskane\/nyhetsblad\/arkivet\/\",\"url\":\"https:\/\/www.abf.se\/mittskane\/abf-mittskane\/nyhetsblad\/arkivet\/\",\"name\":\"ABF Mittsk\u00e5nes Nyhetsblad \u2013 Kurser, Kultur & Folkbildning i Sk\u00e5ne\",\"isPartOf\":{\"@id\":\"https:\/\/www.abf.se\/mittskane\/#website\"},\"datePublished\":\"2024-02-29T17:40:13+00:00\",\"dateModified\":\"2025-11-20T10:48:57+00:00\",\"description\":\"I Nyhetsbladet f\u00e5r du en inblick i den verksamhet som p\u00e5g\u00e5r inom ABF Mittsk\u00e5ne, studiecirklar, kurser, f\u00f6rel\u00e4sningar, kulturarrangemang m.m.\",\"breadcrumb\":{\"@id\":\"https:\/\/www.abf.se\/mittskane\/abf-mittskane\/nyhetsblad\/arkivet\/#breadcrumb\"},\"inLanguage\":\"sv-SE\",\"potentialAction\":[{\"@type\":\"ReadAction\",\"target\":[\"https:\/\/www.abf.se\/mittskane\/abf-mittskane\/nyhetsblad\/arkivet\/\"]}]},{\"@type\":\"BreadcrumbList\",\"@id\":\"https:\/\/www.abf.se\/mittskane\/abf-mittskane\/nyhetsblad\/arkivet\/#breadcrumb\",\"itemListElement\":[{\"@type\":\"ListItem\",\"position\":1,\"name\":\"Home\",\"item\":\"https:\/\/www.abf.se\/mittskane\/\"},{\"@type\":\"ListItem\",\"position\":2,\"name\":\"ABF MittSk\u00e5ne\",\"item\":\"https:\/\/www.abf.se\/mittskane\/abf-mittskane\/\"},{\"@type\":\"ListItem\",\"position\":3,\"name\":\"Nyhetsblad\",\"item\":\"https:\/\/www.abf.se\/mittskane\/abf-mittskane\/nyhetsblad\/\"},{\"@type\":\"ListItem\",\"position\":4,\"name\":\"Nyhetsblad \u00e5r 2025\"}]},{\"@type\":\"WebSite\",\"@id\":\"https:\/\/www.abf.se\/mittskane\/#website\",\"url\":\"https:\/\/www.abf.se\/mittskane\/\",\"name\":\"MittSk\u00e5ne\",\"description\":\"\",\"potentialAction\":[{\"@type\":\"SearchAction\",\"target\":{\"@type\":\"EntryPoint\",\"urlTemplate\":\"https:\/\/www.abf.se\/mittskane\/?s={search_term_string}\"},\"query-input\":{\"@type\":\"PropertyValueSpecification\",\"valueRequired\":true,\"valueName\":\"search_term_string\"}}],\"inLanguage\":\"sv-SE\"}]}<\/script>\n<!-- \/ Yoast SEO plugin. -->","yoast_head_json":{"title":"ABF Mittsk\u00e5nes Nyhetsblad \u2013 Kurser, Kultur & Folkbildning i Sk\u00e5ne","description":"I Nyhetsbladet f\u00e5r du en inblick i den verksamhet som p\u00e5g\u00e5r inom ABF Mittsk\u00e5ne, studiecirklar, kurser, f\u00f6rel\u00e4sningar, kulturarrangemang m.m.","robots":{"index":"index","follow":"follow","max-snippet":"max-snippet:-1","max-image-preview":"max-image-preview:large","max-video-preview":"max-video-preview:-1"},"canonical":"https:\/\/www.abf.se\/mittskane\/abf-mittskane\/nyhetsblad\/arkivet\/","og_locale":"sv_SE","og_type":"article","og_title":"ABF Mittsk\u00e5nes Nyhetsblad \u2013 Kurser, Kultur & Folkbildning i Sk\u00e5ne","og_description":"I Nyhetsbladet f\u00e5r du en inblick i den verksamhet som p\u00e5g\u00e5r inom ABF Mittsk\u00e5ne, studiecirklar, kurser, f\u00f6rel\u00e4sningar, kulturarrangemang m.m.","og_url":"https:\/\/www.abf.se\/mittskane\/abf-mittskane\/nyhetsblad\/arkivet\/","og_site_name":"MittSk\u00e5ne","article_modified_time":"2025-11-20T10:48:57+00:00","og_image":[{"width":2560,"height":1440,"url":"https:\/\/www.abf.se\/wp-content\/uploads\/sites\/35\/2024\/04\/Nyckeln-liggande-scaled.jpg","type":"image\/jpeg"}],"twitter_card":"summary_large_image","schema":{"@context":"https:\/\/schema.org","@graph":[{"@type":"WebPage","@id":"https:\/\/www.abf.se\/mittskane\/abf-mittskane\/nyhetsblad\/arkivet\/","url":"https:\/\/www.abf.se\/mittskane\/abf-mittskane\/nyhetsblad\/arkivet\/","name":"ABF Mittsk\u00e5nes Nyhetsblad \u2013 Kurser, Kultur & Folkbildning i Sk\u00e5ne","isPartOf":{"@id":"https:\/\/www.abf.se\/mittskane\/#website"},"datePublished":"2024-02-29T17:40:13+00:00","dateModified":"2025-11-20T10:48:57+00:00","description":"I Nyhetsbladet f\u00e5r du en inblick i den verksamhet som p\u00e5g\u00e5r inom ABF Mittsk\u00e5ne, studiecirklar, kurser, f\u00f6rel\u00e4sningar, kulturarrangemang m.m.","breadcrumb":{"@id":"https:\/\/www.abf.se\/mittskane\/abf-mittskane\/nyhetsblad\/arkivet\/#breadcrumb"},"inLanguage":"sv-SE","potentialAction":[{"@type":"ReadAction","target":["https:\/\/www.abf.se\/mittskane\/abf-mittskane\/nyhetsblad\/arkivet\/"]}]},{"@type":"BreadcrumbList","@id":"https:\/\/www.abf.se\/mittskane\/abf-mittskane\/nyhetsblad\/arkivet\/#breadcrumb","itemListElement":[{"@type":"ListItem","position":1,"name":"Home","item":"https:\/\/www.abf.se\/mittskane\/"},{"@type":"ListItem","position":2,"name":"ABF MittSk\u00e5ne","item":"https:\/\/www.abf.se\/mittskane\/abf-mittskane\/"},{"@type":"ListItem","position":3,"name":"Nyhetsblad","item":"https:\/\/www.abf.se\/mittskane\/abf-mittskane\/nyhetsblad\/"},{"@type":"ListItem","position":4,"name":"Nyhetsblad \u00e5r 2025"}]},{"@type":"WebSite","@id":"https:\/\/www.abf.se\/mittskane\/#website","url":"https:\/\/www.abf.se\/mittskane\/","name":"MittSk\u00e5ne","description":"","potentialAction":[{"@type":"SearchAction","target":{"@type":"EntryPoint","urlTemplate":"https:\/\/www.abf.se\/mittskane\/?s={search_term_string}"},"query-input":{"@type":"PropertyValueSpecification","valueRequired":true,"valueName":"search_term_string"}}],"inLanguage":"sv-SE"}]}},"_links":{"self":[{"href":"https:\/\/www.abf.se\/mittskane\/wp-json\/wp\/v2\/pages\/790","targetHints":{"allow":["GET"]}}],"collection":[{"href":"https:\/\/www.abf.se\/mittskane\/wp-json\/wp\/v2\/pages"}],"about":[{"href":"https:\/\/www.abf.se\/mittskane\/wp-json\/wp\/v2\/types\/page"}],"author":[{"embeddable":true,"href":"https:\/\/www.abf.se\/mittskane\/wp-json\/wp\/v2\/users\/32"}],"replies":[{"embeddable":true,"href":"https:\/\/www.abf.se\/mittskane\/wp-json\/wp\/v2\/comments?post=790"}],"version-history":[{"count":40,"href":"https:\/\/www.abf.se\/mittskane\/wp-json\/wp\/v2\/pages\/790\/revisions"}],"predecessor-version":[{"id":2970,"href":"https:\/\/www.abf.se\/mittskane\/wp-json\/wp\/v2\/pages\/790\/revisions\/2970"}],"up":[{"embeddable":true,"href":"https:\/\/www.abf.se\/mittskane\/wp-json\/wp\/v2\/pages\/402"}],"wp:attachment":[{"href":"https:\/\/www.abf.se\/mittskane\/wp-json\/wp\/v2\/media?parent=790"}],"curies":[{"name":"wp","href":"https:\/\/api.w.org\/{rel}","templated":true}]}}