{"id":956,"date":"2024-03-01T17:33:57","date_gmt":"2024-03-01T16:33:57","guid":{"rendered":"https:\/\/www.abf.se\/mittskane\/?page_id=956"},"modified":"2025-06-11T09:30:07","modified_gmt":"2025-06-11T07:30:07","slug":"anmalan-om-studiecirkel-2","status":"publish","type":"page","link":"https:\/\/www.abf.se\/mittskane\/for-dig-som-cirkelledare\/anmalan-om-studiecirkel-2\/","title":{"rendered":"Anm\u00e4lan om studiecirkel"},"content":{"rendered":"<div\n    class=\"acf-hero-block container-lg no-padding mb-12 js-geolocation\"\n    data-block=\"hero-block\"\n    data-index=\"0\"\n>\n    <div class=\"h-[548px]  relative rounded-[32px] overflow-hidden flex bg-gray-light\">\n        <div class=\"relative z-10 mt-auto h-auto w-full md:h-full\">\n            <div class=\"flex w-full h-full flex-col flex-wrap justify-end w-full md:w-7\/12 lg:w-1\/2 md:justify-center\">\n                <div class=\"flex flex-col gap-3 md:gap-[18px] md:transparent pt-16 pb-36 md:py-8 px-4 w-full md:max-w-[620px] mx-auto px-8\">\n\n                    <h1 class=\"hero-heading\"><span>Anm\u00e4lan om Studiecirkel<\/span><\/h1>\n\n                    \n                                    <\/div>\n            <\/div>\n        <\/div>\n\n        \n\n                    <figure class=\"absolute bottom-0  md:w-1\/2 transform right-0 translate-x-10 md:translate-x-32\">\n                <img decoding=\"async\"\n                    alt=\"\"\n                    aria-hidden=\"true\"\n                    class=\"h-auto w-full\"\n                    role=\"presentation\"\n                    src=\"\/assets\/images\/two_circles_bottom.svg\"\n                >\n            <\/figure>\n            <\/div>\n\n    <\/div>\n\n<div\n    class=\"acf-article-text-block article-container my-12\"\n    data-block=\"article-text-block\"\n>\n    <div class=\"wysiwyg\">\n        <h3>Vi p\u00e5 ABF beh\u00f6ver veta en del innan ni kan starta er cirkel<\/h3>\n<p>N\u00e4r du planerar f\u00f6r att starta en studiecirkel i din f\u00f6rening\/organisation i samarbete med oss p\u00e5 ABF beh\u00f6ver vi veta en del basfakta om f\u00f6reningen, cirkeln och vem som ska leda och delta i den.<\/p>\n\n    <\/div>\n<\/div>\n<div\n    class=\"acf-article-cta-link-block article-container my-8\"\n    data-block=\"article-cta-link-block\"\n>\n<div>\n    <a class=\"inline-flex flex-row items-center gap-4 text-link underline text-red-dark\"\n        href=\"https:\/\/www.abf.se\/mittskane\/anmalan-om-studiecirkel\/\"\n            >\n        <span class=\"\">\n        Anm\u00e4lan om Studiecirkel (digital)\n        <\/span>\n        <figure aria-hidden=\"true\" class=\"rounded-full bg-red-dark w-8 h-8 p-1 text-white\">\n            <svg width=\"20\" height=\"20\" viewBox=\"0 0 20 20\" fill=\"none\" class=\"SvgIconElement\">\n<path d=\"M4.16659 10L15.8333 10\" stroke=\"currentColor\"\/>\n<path d=\"M9.99992 4.1665L15.8333 9.99984L9.99992 15.8332\" stroke=\"currentColor\"\/>\n<\/svg>\n        <\/figure>\n    <\/a>\n<\/div>\n<\/div>\n<div\n    class=\"acf-article-cta-link-block article-container my-8\"\n    data-block=\"article-cta-link-block\"\n>\n<div>\n    <a class=\"inline-flex flex-row items-center gap-4 text-link underline text-red-dark\"\n        href=\"https:\/\/www.abf.se\/mittskane\/kontakt\/\"\n            >\n        <span class=\"\">\n        Kontakta oss:\n        <\/span>\n        <figure aria-hidden=\"true\" class=\"rounded-full bg-red-dark w-8 h-8 p-1 text-white\">\n            <svg width=\"20\" height=\"20\" viewBox=\"0 0 20 20\" fill=\"none\" class=\"SvgIconElement\">\n<path d=\"M4.16659 10L15.8333 10\" stroke=\"currentColor\"\/>\n<path d=\"M9.99992 4.1665L15.8333 9.99984L9.99992 15.8332\" stroke=\"currentColor\"\/>\n<\/svg>\n        <\/figure>\n    <\/a>\n<\/div>\n<\/div>\n","protected":false},"excerpt":{"rendered":"","protected":false},"author":32,"featured_media":0,"parent":905,"menu_order":0,"comment_status":"closed","ping_status":"closed","template":"","meta":{"_acf_changed":false,"footnotes":""},"class_list":["post-956","page","type-page","status-publish","hentry"],"acf":[],"yoast_head":"<!-- This site is optimized with the Yoast SEO plugin v27.0 - https:\/\/yoast.com\/product\/yoast-seo-wordpress\/ -->\n<title>Anm\u00e4lan om studiecirkel - MittSk\u00e5ne<\/title>\n<meta name=\"description\" content=\"I samarbete med oss p\u00e5 ABF beh\u00f6ver vi veta en del basfakta om f\u00f6reningen, cirkeln och vem som ska leda och delta i den.\" \/>\n<meta name=\"robots\" content=\"index, follow, max-snippet:-1, max-image-preview:large, max-video-preview:-1\" \/>\n<link rel=\"canonical\" href=\"https:\/\/www.abf.se\/mittskane\/for-dig-som-cirkelledare\/anmalan-om-studiecirkel-2\/\" \/>\n<meta property=\"og:locale\" content=\"sv_SE\" \/>\n<meta property=\"og:type\" content=\"article\" \/>\n<meta property=\"og:title\" content=\"Anm\u00e4lan om studiecirkel - MittSk\u00e5ne\" \/>\n<meta property=\"og:description\" content=\"I samarbete med oss p\u00e5 ABF beh\u00f6ver vi veta en del basfakta om f\u00f6reningen, cirkeln och vem som ska leda och delta i den.\" \/>\n<meta property=\"og:url\" content=\"https:\/\/www.abf.se\/mittskane\/for-dig-som-cirkelledare\/anmalan-om-studiecirkel-2\/\" \/>\n<meta property=\"og:site_name\" content=\"MittSk\u00e5ne\" \/>\n<meta property=\"article:modified_time\" content=\"2025-06-11T07:30:07+00:00\" \/>\n<meta property=\"og:image\" content=\"https:\/\/www.abf.se\/wp-content\/uploads\/sites\/35\/2024\/04\/Nyckeln-liggande-scaled.jpg\" \/>\n\t<meta property=\"og:image:width\" content=\"2560\" \/>\n\t<meta property=\"og:image:height\" content=\"1440\" \/>\n\t<meta property=\"og:image:type\" content=\"image\/jpeg\" \/>\n<meta name=\"twitter:card\" content=\"summary_large_image\" \/>\n<script type=\"application\/ld+json\" class=\"yoast-schema-graph\">{\"@context\":\"https:\/\/schema.org\",\"@graph\":[{\"@type\":\"WebPage\",\"@id\":\"https:\/\/www.abf.se\/mittskane\/for-dig-som-cirkelledare\/anmalan-om-studiecirkel-2\/\",\"url\":\"https:\/\/www.abf.se\/mittskane\/for-dig-som-cirkelledare\/anmalan-om-studiecirkel-2\/\",\"name\":\"Anm\u00e4lan om studiecirkel - MittSk\u00e5ne\",\"isPartOf\":{\"@id\":\"https:\/\/www.abf.se\/mittskane\/#website\"},\"datePublished\":\"2024-03-01T16:33:57+00:00\",\"dateModified\":\"2025-06-11T07:30:07+00:00\",\"description\":\"I samarbete med oss p\u00e5 ABF beh\u00f6ver vi veta en del basfakta om f\u00f6reningen, cirkeln och vem som ska leda och delta i den.\",\"breadcrumb\":{\"@id\":\"https:\/\/www.abf.se\/mittskane\/for-dig-som-cirkelledare\/anmalan-om-studiecirkel-2\/#breadcrumb\"},\"inLanguage\":\"sv-SE\",\"potentialAction\":[{\"@type\":\"ReadAction\",\"target\":[\"https:\/\/www.abf.se\/mittskane\/for-dig-som-cirkelledare\/anmalan-om-studiecirkel-2\/\"]}]},{\"@type\":\"BreadcrumbList\",\"@id\":\"https:\/\/www.abf.se\/mittskane\/for-dig-som-cirkelledare\/anmalan-om-studiecirkel-2\/#breadcrumb\",\"itemListElement\":[{\"@type\":\"ListItem\",\"position\":1,\"name\":\"Home\",\"item\":\"https:\/\/www.abf.se\/mittskane\/\"},{\"@type\":\"ListItem\",\"position\":2,\"name\":\"F\u00f6r dig som \u00e4r Cirkelledare\",\"item\":\"https:\/\/www.abf.se\/mittskane\/for-dig-som-cirkelledare\/\"},{\"@type\":\"ListItem\",\"position\":3,\"name\":\"Anm\u00e4lan om studiecirkel\"}]},{\"@type\":\"WebSite\",\"@id\":\"https:\/\/www.abf.se\/mittskane\/#website\",\"url\":\"https:\/\/www.abf.se\/mittskane\/\",\"name\":\"MittSk\u00e5ne\",\"description\":\"\",\"potentialAction\":[{\"@type\":\"SearchAction\",\"target\":{\"@type\":\"EntryPoint\",\"urlTemplate\":\"https:\/\/www.abf.se\/mittskane\/?s={search_term_string}\"},\"query-input\":{\"@type\":\"PropertyValueSpecification\",\"valueRequired\":true,\"valueName\":\"search_term_string\"}}],\"inLanguage\":\"sv-SE\"}]}<\/script>\n<!-- \/ Yoast SEO plugin. -->","yoast_head_json":{"title":"Anm\u00e4lan om studiecirkel - MittSk\u00e5ne","description":"I samarbete med oss p\u00e5 ABF beh\u00f6ver vi veta en del basfakta om f\u00f6reningen, cirkeln och vem som ska leda och delta i den.","robots":{"index":"index","follow":"follow","max-snippet":"max-snippet:-1","max-image-preview":"max-image-preview:large","max-video-preview":"max-video-preview:-1"},"canonical":"https:\/\/www.abf.se\/mittskane\/for-dig-som-cirkelledare\/anmalan-om-studiecirkel-2\/","og_locale":"sv_SE","og_type":"article","og_title":"Anm\u00e4lan om studiecirkel - MittSk\u00e5ne","og_description":"I samarbete med oss p\u00e5 ABF beh\u00f6ver vi veta en del basfakta om f\u00f6reningen, cirkeln och vem som ska leda och delta i den.","og_url":"https:\/\/www.abf.se\/mittskane\/for-dig-som-cirkelledare\/anmalan-om-studiecirkel-2\/","og_site_name":"MittSk\u00e5ne","article_modified_time":"2025-06-11T07:30:07+00:00","og_image":[{"width":2560,"height":1440,"url":"https:\/\/www.abf.se\/wp-content\/uploads\/sites\/35\/2024\/04\/Nyckeln-liggande-scaled.jpg","type":"image\/jpeg"}],"twitter_card":"summary_large_image","schema":{"@context":"https:\/\/schema.org","@graph":[{"@type":"WebPage","@id":"https:\/\/www.abf.se\/mittskane\/for-dig-som-cirkelledare\/anmalan-om-studiecirkel-2\/","url":"https:\/\/www.abf.se\/mittskane\/for-dig-som-cirkelledare\/anmalan-om-studiecirkel-2\/","name":"Anm\u00e4lan om studiecirkel - MittSk\u00e5ne","isPartOf":{"@id":"https:\/\/www.abf.se\/mittskane\/#website"},"datePublished":"2024-03-01T16:33:57+00:00","dateModified":"2025-06-11T07:30:07+00:00","description":"I samarbete med oss p\u00e5 ABF beh\u00f6ver vi veta en del basfakta om f\u00f6reningen, cirkeln och vem som ska leda och delta i den.","breadcrumb":{"@id":"https:\/\/www.abf.se\/mittskane\/for-dig-som-cirkelledare\/anmalan-om-studiecirkel-2\/#breadcrumb"},"inLanguage":"sv-SE","potentialAction":[{"@type":"ReadAction","target":["https:\/\/www.abf.se\/mittskane\/for-dig-som-cirkelledare\/anmalan-om-studiecirkel-2\/"]}]},{"@type":"BreadcrumbList","@id":"https:\/\/www.abf.se\/mittskane\/for-dig-som-cirkelledare\/anmalan-om-studiecirkel-2\/#breadcrumb","itemListElement":[{"@type":"ListItem","position":1,"name":"Home","item":"https:\/\/www.abf.se\/mittskane\/"},{"@type":"ListItem","position":2,"name":"F\u00f6r dig som \u00e4r Cirkelledare","item":"https:\/\/www.abf.se\/mittskane\/for-dig-som-cirkelledare\/"},{"@type":"ListItem","position":3,"name":"Anm\u00e4lan om studiecirkel"}]},{"@type":"WebSite","@id":"https:\/\/www.abf.se\/mittskane\/#website","url":"https:\/\/www.abf.se\/mittskane\/","name":"MittSk\u00e5ne","description":"","potentialAction":[{"@type":"SearchAction","target":{"@type":"EntryPoint","urlTemplate":"https:\/\/www.abf.se\/mittskane\/?s={search_term_string}"},"query-input":{"@type":"PropertyValueSpecification","valueRequired":true,"valueName":"search_term_string"}}],"inLanguage":"sv-SE"}]}},"_links":{"self":[{"href":"https:\/\/www.abf.se\/mittskane\/wp-json\/wp\/v2\/pages\/956","targetHints":{"allow":["GET"]}}],"collection":[{"href":"https:\/\/www.abf.se\/mittskane\/wp-json\/wp\/v2\/pages"}],"about":[{"href":"https:\/\/www.abf.se\/mittskane\/wp-json\/wp\/v2\/types\/page"}],"author":[{"embeddable":true,"href":"https:\/\/www.abf.se\/mittskane\/wp-json\/wp\/v2\/users\/32"}],"replies":[{"embeddable":true,"href":"https:\/\/www.abf.se\/mittskane\/wp-json\/wp\/v2\/comments?post=956"}],"version-history":[{"count":9,"href":"https:\/\/www.abf.se\/mittskane\/wp-json\/wp\/v2\/pages\/956\/revisions"}],"predecessor-version":[{"id":1964,"href":"https:\/\/www.abf.se\/mittskane\/wp-json\/wp\/v2\/pages\/956\/revisions\/1964"}],"up":[{"embeddable":true,"href":"https:\/\/www.abf.se\/mittskane\/wp-json\/wp\/v2\/pages\/905"}],"wp:attachment":[{"href":"https:\/\/www.abf.se\/mittskane\/wp-json\/wp\/v2\/media?parent=956"}],"curies":[{"name":"wp","href":"https:\/\/api.w.org\/{rel}","templated":true}]}}