{"id":990,"date":"2024-03-01T19:46:53","date_gmt":"2024-03-01T18:46:53","guid":{"rendered":"https:\/\/www.abf.se\/mittskane\/?page_id=990"},"modified":"2025-06-11T12:13:59","modified_gmt":"2025-06-11T10:13:59","slug":"detta-galler-vid-anmalan","status":"publish","type":"page","link":"https:\/\/www.abf.se\/mittskane\/kurser-och-studiecirklar\/detta-galler-vid-anmalan\/","title":{"rendered":"Detta g\u00e4ller vid anm\u00e4lan"},"content":{"rendered":"<div\n    class=\"acf-hero-block container-lg no-padding mb-12 js-geolocation\"\n    data-block=\"hero-block\"\n    data-index=\"0\"\n>\n    <div class=\"h-[548px]  relative rounded-[32px] overflow-hidden flex bg-gray-light\">\n        <div class=\"relative z-10 mt-auto h-auto w-full md:h-full\">\n            <div class=\"flex w-full h-full flex-col flex-wrap justify-end w-full md:w-7\/12 lg:w-1\/2 md:justify-center\">\n                <div class=\"flex flex-col gap-3 md:gap-[18px] md:transparent pt-16 pb-36 md:py-8 px-4 w-full md:max-w-[620px] mx-auto px-8\">\n\n                    <h1 class=\"hero-heading\"><span>Detta g\u00e4ller vid anm\u00e4lan<\/span><\/h1>\n\n                    \n                                    <\/div>\n            <\/div>\n        <\/div>\n\n        \n\n                    <figure class=\"absolute bottom-0  md:w-1\/2 transform right-0 translate-x-10 md:translate-x-32\">\n                <img decoding=\"async\"\n                    alt=\"\"\n                    aria-hidden=\"true\"\n                    class=\"h-auto w-full\"\n                    role=\"presentation\"\n                    src=\"\/assets\/images\/two_circles_bottom.svg\"\n                >\n            <\/figure>\n            <\/div>\n\n    <\/div>\n\n<div\n    class=\"acf-article-text-block article-container my-12\"\n    data-block=\"article-text-block\"\n>\n    <div class=\"wysiwyg\">\n        <p><strong>\u00c5ngerr\u00e4tt.<\/strong> Du har enligt distans-och hemf\u00f6rs\u00e4ljningslagen (2005:59) r\u00e4tt att \u00e5ngra dig och avboka din anm\u00e4lan genom att meddela oss skriftligt inom 14 dagar. F\u00f6rutom \u00e5ngerr\u00e4tten ovan \u00e4r anm\u00e4lan bindande.<\/p>\n<p>Om du \u00e5tertar din anm\u00e4lan efter \u00e5ngerr\u00e4tten f\u00f6rfallit men innan kursen startar tar vi ut en administrationsavgift:<\/p>\n<p>\u2022 avbokar du senast 7 dagar f\u00f6re start debiteras en administrationsavgift p\u00e5 10% av deltagaravgiften, dock l\u00e4gst 100 kr.<br \/>\n\u2022 vid senare avbokning \u00e4n 7 dagar f\u00f6re start debiteras halva deltagaravgiften.<\/p>\n<p>Vid avbokning n\u00e4r cirkeln redan har startat \u00e4r du skyldig att betala full kursavgift. Om du m\u00e5ste avbryta cirkeln p\u00e5 grund av varaktigt studiehinder som sjukdom eller flytt fr\u00e5n orten betalar du f\u00f6r de g\u00e5nger du deltagit samt en administrationsavgift.<br \/>\nIntyg kr\u00e4vs.<\/p>\n\n    <\/div>\n<\/div>\n","protected":false},"excerpt":{"rendered":"","protected":false},"author":32,"featured_media":0,"parent":411,"menu_order":0,"comment_status":"closed","ping_status":"closed","template":"","meta":{"_acf_changed":false,"footnotes":""},"class_list":["post-990","page","type-page","status-publish","hentry"],"acf":[],"yoast_head":"<!-- This site is optimized with the Yoast SEO plugin v27.0 - https:\/\/yoast.com\/product\/yoast-seo-wordpress\/ -->\n<title>Detta g\u00e4ller vid anm\u00e4lan - MittSk\u00e5ne<\/title>\n<meta name=\"description\" content=\"\u00c5ngerr\u00e4tt. Du har enligt distans-och hemf\u00f6rs\u00e4ljningslagen (2005:59) r\u00e4tt att \u00e5ngra dig och avboka din anm\u00e4lan. Anm\u00e4lan \u00e4r bindande.\" \/>\n<meta name=\"robots\" content=\"index, follow, max-snippet:-1, max-image-preview:large, max-video-preview:-1\" \/>\n<link rel=\"canonical\" href=\"https:\/\/www.abf.se\/mittskane\/kurser-och-studiecirklar\/detta-galler-vid-anmalan\/\" \/>\n<meta property=\"og:locale\" content=\"sv_SE\" \/>\n<meta property=\"og:type\" content=\"article\" \/>\n<meta property=\"og:title\" content=\"Detta g\u00e4ller vid anm\u00e4lan - MittSk\u00e5ne\" \/>\n<meta property=\"og:description\" content=\"\u00c5ngerr\u00e4tt. Du har enligt distans-och hemf\u00f6rs\u00e4ljningslagen (2005:59) r\u00e4tt att \u00e5ngra dig och avboka din anm\u00e4lan. Anm\u00e4lan \u00e4r bindande.\" \/>\n<meta property=\"og:url\" content=\"https:\/\/www.abf.se\/mittskane\/kurser-och-studiecirklar\/detta-galler-vid-anmalan\/\" \/>\n<meta property=\"og:site_name\" content=\"MittSk\u00e5ne\" \/>\n<meta property=\"article:modified_time\" content=\"2025-06-11T10:13:59+00:00\" \/>\n<meta property=\"og:image\" content=\"https:\/\/www.abf.se\/wp-content\/uploads\/sites\/35\/2024\/04\/Nyckeln-liggande-scaled.jpg\" \/>\n\t<meta property=\"og:image:width\" content=\"2560\" \/>\n\t<meta property=\"og:image:height\" content=\"1440\" \/>\n\t<meta property=\"og:image:type\" content=\"image\/jpeg\" \/>\n<meta name=\"twitter:card\" content=\"summary_large_image\" \/>\n<script type=\"application\/ld+json\" class=\"yoast-schema-graph\">{\"@context\":\"https:\/\/schema.org\",\"@graph\":[{\"@type\":\"WebPage\",\"@id\":\"https:\/\/www.abf.se\/mittskane\/kurser-och-studiecirklar\/detta-galler-vid-anmalan\/\",\"url\":\"https:\/\/www.abf.se\/mittskane\/kurser-och-studiecirklar\/detta-galler-vid-anmalan\/\",\"name\":\"Detta g\u00e4ller vid anm\u00e4lan - MittSk\u00e5ne\",\"isPartOf\":{\"@id\":\"https:\/\/www.abf.se\/mittskane\/#website\"},\"datePublished\":\"2024-03-01T18:46:53+00:00\",\"dateModified\":\"2025-06-11T10:13:59+00:00\",\"description\":\"\u00c5ngerr\u00e4tt. Du har enligt distans-och hemf\u00f6rs\u00e4ljningslagen (2005:59) r\u00e4tt att \u00e5ngra dig och avboka din anm\u00e4lan. Anm\u00e4lan \u00e4r bindande.\",\"breadcrumb\":{\"@id\":\"https:\/\/www.abf.se\/mittskane\/kurser-och-studiecirklar\/detta-galler-vid-anmalan\/#breadcrumb\"},\"inLanguage\":\"sv-SE\",\"potentialAction\":[{\"@type\":\"ReadAction\",\"target\":[\"https:\/\/www.abf.se\/mittskane\/kurser-och-studiecirklar\/detta-galler-vid-anmalan\/\"]}]},{\"@type\":\"BreadcrumbList\",\"@id\":\"https:\/\/www.abf.se\/mittskane\/kurser-och-studiecirklar\/detta-galler-vid-anmalan\/#breadcrumb\",\"itemListElement\":[{\"@type\":\"ListItem\",\"position\":1,\"name\":\"Home\",\"item\":\"https:\/\/www.abf.se\/mittskane\/\"},{\"@type\":\"ListItem\",\"position\":2,\"name\":\"Kurser och Studiecirklar\",\"item\":\"https:\/\/www.abf.se\/mittskane\/kurser-och-studiecirklar\/\"},{\"@type\":\"ListItem\",\"position\":3,\"name\":\"Detta g\u00e4ller vid anm\u00e4lan\"}]},{\"@type\":\"WebSite\",\"@id\":\"https:\/\/www.abf.se\/mittskane\/#website\",\"url\":\"https:\/\/www.abf.se\/mittskane\/\",\"name\":\"MittSk\u00e5ne\",\"description\":\"\",\"potentialAction\":[{\"@type\":\"SearchAction\",\"target\":{\"@type\":\"EntryPoint\",\"urlTemplate\":\"https:\/\/www.abf.se\/mittskane\/?s={search_term_string}\"},\"query-input\":{\"@type\":\"PropertyValueSpecification\",\"valueRequired\":true,\"valueName\":\"search_term_string\"}}],\"inLanguage\":\"sv-SE\"}]}<\/script>\n<!-- \/ Yoast SEO plugin. -->","yoast_head_json":{"title":"Detta g\u00e4ller vid anm\u00e4lan - MittSk\u00e5ne","description":"\u00c5ngerr\u00e4tt. Du har enligt distans-och hemf\u00f6rs\u00e4ljningslagen (2005:59) r\u00e4tt att \u00e5ngra dig och avboka din anm\u00e4lan. Anm\u00e4lan \u00e4r bindande.","robots":{"index":"index","follow":"follow","max-snippet":"max-snippet:-1","max-image-preview":"max-image-preview:large","max-video-preview":"max-video-preview:-1"},"canonical":"https:\/\/www.abf.se\/mittskane\/kurser-och-studiecirklar\/detta-galler-vid-anmalan\/","og_locale":"sv_SE","og_type":"article","og_title":"Detta g\u00e4ller vid anm\u00e4lan - MittSk\u00e5ne","og_description":"\u00c5ngerr\u00e4tt. Du har enligt distans-och hemf\u00f6rs\u00e4ljningslagen (2005:59) r\u00e4tt att \u00e5ngra dig och avboka din anm\u00e4lan. Anm\u00e4lan \u00e4r bindande.","og_url":"https:\/\/www.abf.se\/mittskane\/kurser-och-studiecirklar\/detta-galler-vid-anmalan\/","og_site_name":"MittSk\u00e5ne","article_modified_time":"2025-06-11T10:13:59+00:00","og_image":[{"width":2560,"height":1440,"url":"https:\/\/www.abf.se\/wp-content\/uploads\/sites\/35\/2024\/04\/Nyckeln-liggande-scaled.jpg","type":"image\/jpeg"}],"twitter_card":"summary_large_image","schema":{"@context":"https:\/\/schema.org","@graph":[{"@type":"WebPage","@id":"https:\/\/www.abf.se\/mittskane\/kurser-och-studiecirklar\/detta-galler-vid-anmalan\/","url":"https:\/\/www.abf.se\/mittskane\/kurser-och-studiecirklar\/detta-galler-vid-anmalan\/","name":"Detta g\u00e4ller vid anm\u00e4lan - MittSk\u00e5ne","isPartOf":{"@id":"https:\/\/www.abf.se\/mittskane\/#website"},"datePublished":"2024-03-01T18:46:53+00:00","dateModified":"2025-06-11T10:13:59+00:00","description":"\u00c5ngerr\u00e4tt. Du har enligt distans-och hemf\u00f6rs\u00e4ljningslagen (2005:59) r\u00e4tt att \u00e5ngra dig och avboka din anm\u00e4lan. Anm\u00e4lan \u00e4r bindande.","breadcrumb":{"@id":"https:\/\/www.abf.se\/mittskane\/kurser-och-studiecirklar\/detta-galler-vid-anmalan\/#breadcrumb"},"inLanguage":"sv-SE","potentialAction":[{"@type":"ReadAction","target":["https:\/\/www.abf.se\/mittskane\/kurser-och-studiecirklar\/detta-galler-vid-anmalan\/"]}]},{"@type":"BreadcrumbList","@id":"https:\/\/www.abf.se\/mittskane\/kurser-och-studiecirklar\/detta-galler-vid-anmalan\/#breadcrumb","itemListElement":[{"@type":"ListItem","position":1,"name":"Home","item":"https:\/\/www.abf.se\/mittskane\/"},{"@type":"ListItem","position":2,"name":"Kurser och Studiecirklar","item":"https:\/\/www.abf.se\/mittskane\/kurser-och-studiecirklar\/"},{"@type":"ListItem","position":3,"name":"Detta g\u00e4ller vid anm\u00e4lan"}]},{"@type":"WebSite","@id":"https:\/\/www.abf.se\/mittskane\/#website","url":"https:\/\/www.abf.se\/mittskane\/","name":"MittSk\u00e5ne","description":"","potentialAction":[{"@type":"SearchAction","target":{"@type":"EntryPoint","urlTemplate":"https:\/\/www.abf.se\/mittskane\/?s={search_term_string}"},"query-input":{"@type":"PropertyValueSpecification","valueRequired":true,"valueName":"search_term_string"}}],"inLanguage":"sv-SE"}]}},"_links":{"self":[{"href":"https:\/\/www.abf.se\/mittskane\/wp-json\/wp\/v2\/pages\/990","targetHints":{"allow":["GET"]}}],"collection":[{"href":"https:\/\/www.abf.se\/mittskane\/wp-json\/wp\/v2\/pages"}],"about":[{"href":"https:\/\/www.abf.se\/mittskane\/wp-json\/wp\/v2\/types\/page"}],"author":[{"embeddable":true,"href":"https:\/\/www.abf.se\/mittskane\/wp-json\/wp\/v2\/users\/32"}],"replies":[{"embeddable":true,"href":"https:\/\/www.abf.se\/mittskane\/wp-json\/wp\/v2\/comments?post=990"}],"version-history":[{"count":7,"href":"https:\/\/www.abf.se\/mittskane\/wp-json\/wp\/v2\/pages\/990\/revisions"}],"predecessor-version":[{"id":1882,"href":"https:\/\/www.abf.se\/mittskane\/wp-json\/wp\/v2\/pages\/990\/revisions\/1882"}],"up":[{"embeddable":true,"href":"https:\/\/www.abf.se\/mittskane\/wp-json\/wp\/v2\/pages\/411"}],"wp:attachment":[{"href":"https:\/\/www.abf.se\/mittskane\/wp-json\/wp\/v2\/media?parent=990"}],"curies":[{"name":"wp","href":"https:\/\/api.w.org\/{rel}","templated":true}]}}