{"id":100,"date":"2026-03-03T10:32:42","date_gmt":"2026-03-03T09:32:42","guid":{"rendered":"https:\/\/www.abf.se\/musikverkstan\/?page_id=100"},"modified":"2026-03-06T09:27:48","modified_gmt":"2026-03-06T08:27:48","slug":"ideer-for-samverkan","status":"publish","type":"page","link":"https:\/\/www.abf.se\/musikverkstan\/skapa-musik-tillsammans\/ideer-for-samverkan\/","title":{"rendered":"\u00a0Id\u00e9er f\u00f6r inspiration"},"content":{"rendered":"<div\n    class=\"acf-hero-block container-lg no-padding mb-12 js-geolocation\"\n    data-block=\"hero-block\"\n    data-index=\"0\"\n>\n    <div class=\"h-[548px]  relative rounded-[32px] overflow-hidden flex bg-gray-light\">\n        <div class=\"relative z-10 mt-auto h-auto w-full md:h-full\">\n            <div class=\"flex w-full h-full flex-col flex-wrap justify-end w-full md:w-7\/12 lg:w-1\/2 md:justify-center\">\n                <div class=\"flex flex-col gap-3 md:gap-[18px] md:transparent pt-16 pb-36 md:py-8 px-4 w-full md:max-w-[620px] mx-auto px-8\">\n\n                    <h1 class=\"hero-heading\"><span>Id\u00e9er f\u00f6r samverkan<\/span><\/h1>\n\n                    \n                                    <\/div>\n            <\/div>\n        <\/div>\n\n                    <picture class=\"as-background-image mix-blend-multiply bg-black\/40\"><img decoding=\"async\" src=\"https:\/\/www.abf.se\/musikverkstan\/resized\/?url=https%3A%2F%2Fwww.abf.se%2Fwp-content%2Fuploads%2Fsites%2F94%2F2026%2F03%2Fkelly-sikkema-ElF7K4IWcGQ-unsplash.jpg&#038;fit=crop&#038;w=1440&#038;s=04be128437eb62d8b2d841c984cf47a3\" srcset=\"https:\/\/www.abf.se\/musikverkstan\/resized\/?url=https%3A%2F%2Fwww.abf.se%2Fwp-content%2Fuploads%2Fsites%2F94%2F2026%2F03%2Fkelly-sikkema-ElF7K4IWcGQ-unsplash.jpg&#038;fit=crop&#038;w=375&#038;h=540&#038;s=d27d6d9aaff8a4abf7967072ccadaa7d 375w, https:\/\/www.abf.se\/musikverkstan\/resized\/?url=https%3A%2F%2Fwww.abf.se%2Fwp-content%2Fuploads%2Fsites%2F94%2F2026%2F03%2Fkelly-sikkema-ElF7K4IWcGQ-unsplash.jpg&#038;fit=crop&#038;w=447&#038;h=540&#038;s=13e7e3ba1bfb44c07e3457c462e8b809 447w, https:\/\/www.abf.se\/musikverkstan\/resized\/?url=https%3A%2F%2Fwww.abf.se%2Fwp-content%2Fuploads%2Fsites%2F94%2F2026%2F03%2Fkelly-sikkema-ElF7K4IWcGQ-unsplash.jpg&#038;fit=crop&#038;w=519&#038;h=540&#038;s=2b1d1174e24cf759fd150175342f639d 519w, https:\/\/www.abf.se\/musikverkstan\/resized\/?url=https%3A%2F%2Fwww.abf.se%2Fwp-content%2Fuploads%2Fsites%2F94%2F2026%2F03%2Fkelly-sikkema-ElF7K4IWcGQ-unsplash.jpg&#038;fit=crop&#038;w=591&#038;h=540&#038;s=522d9ce4e0996ddf17a9e1e6541549db 591w, https:\/\/www.abf.se\/musikverkstan\/resized\/?url=https%3A%2F%2Fwww.abf.se%2Fwp-content%2Fuploads%2Fsites%2F94%2F2026%2F03%2Fkelly-sikkema-ElF7K4IWcGQ-unsplash.jpg&#038;fit=crop&#038;w=663&#038;h=540&#038;s=396df1a7db4bf5bcdc57fb129e296f77 663w, https:\/\/www.abf.se\/musikverkstan\/resized\/?url=https%3A%2F%2Fwww.abf.se%2Fwp-content%2Fuploads%2Fsites%2F94%2F2026%2F03%2Fkelly-sikkema-ElF7K4IWcGQ-unsplash.jpg&#038;fit=crop&#038;w=750&#038;h=540&#038;s=618ea1dd26a8b7699be59e7ae4328972 750w, https:\/\/www.abf.se\/musikverkstan\/resized\/?url=https%3A%2F%2Fwww.abf.se%2Fwp-content%2Fuploads%2Fsites%2F94%2F2026%2F03%2Fkelly-sikkema-ElF7K4IWcGQ-unsplash.jpg&#038;fit=crop&#038;w=894&#038;h=540&#038;s=746a5b61b48fcd1155345e7578fe89d6 894w, https:\/\/www.abf.se\/musikverkstan\/resized\/?url=https%3A%2F%2Fwww.abf.se%2Fwp-content%2Fuploads%2Fsites%2F94%2F2026%2F03%2Fkelly-sikkema-ElF7K4IWcGQ-unsplash.jpg&#038;fit=crop&#038;w=1038&#038;h=540&#038;s=26f819076a0e84da0fe422ff0ca75f76 1038w, https:\/\/www.abf.se\/musikverkstan\/resized\/?url=https%3A%2F%2Fwww.abf.se%2Fwp-content%2Fuploads%2Fsites%2F94%2F2026%2F03%2Fkelly-sikkema-ElF7K4IWcGQ-unsplash.jpg&#038;fit=crop&#038;w=1182&#038;h=540&#038;s=7965e474e75cea90793fe8b186f86ede 1182w, https:\/\/www.abf.se\/musikverkstan\/resized\/?url=https%3A%2F%2Fwww.abf.se%2Fwp-content%2Fuploads%2Fsites%2F94%2F2026%2F03%2Fkelly-sikkema-ElF7K4IWcGQ-unsplash.jpg&#038;fit=crop&#038;w=1326&#038;h=540&#038;s=f446d8dfa094a4b89878467198087b53 1326w, https:\/\/www.abf.se\/musikverkstan\/resized\/?url=https%3A%2F%2Fwww.abf.se%2Fwp-content%2Fuploads%2Fsites%2F94%2F2026%2F03%2Fkelly-sikkema-ElF7K4IWcGQ-unsplash.jpg&#038;fit=crop&#038;w=1440&#038;h=540&#038;s=eeb89f61986146bcb9f54ffd2ece796b 1440w\" alt=\"\" height=\"540\" width=\"1440\" sizes=\"(max-width: 1440px) calc(100vw - 32px), 1440px\" loading=\"eager\" fetchpriority=\"high\" aria-hidden=\"true\" role=\"presentation\" \/><\/picture>\n        \n\n            <\/div>\n\n    <\/div>\n\n<div\n    class=\"acf-plain-heading-block container my-16\"\n    data-block=\"plain-heading-block\"\n>\n    <div class=\"max-w-[658px] mx-auto\">\n                            <p class=\"mt-8 body-xl text-black\">\n                Hur hittar ni inspiration till att skapa och skriva musik? F\u00f6r vissa kanske det sker genom att lyssna p\u00e5 musik under en stj\u00e4rnklar natthimmel, f\u00f6r andra kan det vara en konstutst\u00e4llning eller en m\u00e5lning. Inspiration kan vara nyckfullt och sv\u00e5rf\u00e5ngat n\u00e4r vi beh\u00f6ver det som mest, d\u00e4rf\u00f6r kan det vara bra att g\u00e5 utanf\u00f6r sin comfort-zone ibland f\u00f6r att hitta nya perspektiv och ing\u00e5ngar till sitt musikskapande. \n            <\/p>\n            <\/div>\n<\/div>\n<div\n    class=\"acf-article-text-block article-container my-12\"\n    data-block=\"article-text-block\"\n>\n    <div class=\"wysiwyg\">\n        <h2>Ov\u00e4ntade m\u00f6ten\u00a0och platser<\/h2>\n<p>H\u00e4r \u00e4r n\u00e5gra id\u00e9er som ni skulle kunna testa f\u00f6r att hitta ny inspiration i m\u00f6tet med andra:<\/p>\n<ol>\n<li>Ta kontakt med en seniorf\u00f6rening (t.ex.\u00a0PRO eller Hembygdsf\u00f6reningen) d\u00e4r ni bor och fr\u00e5ga om ni f\u00e5r komma och tr\u00e4ffa f\u00f6reningen i syfte att intervjua n\u00e5gra medlemmar om n\u00e5got s\u00e4rskilt \u00e4mne f\u00f6r att hitta inspiration till era kommande l\u00e5tar. Antingen s\u00e5 f\u00f6rbereder\u00a0ni fr\u00e5gor p\u00e5 f\u00f6rhand eller s\u00e5 ber ni dem ber\u00e4tta om n\u00e5got s\u00e4rskilt minne eller\u00a0n\u00e5got som de brinner f\u00f6r. Notera lite st\u00f6dord eller spela in samtalet (fr\u00e5ga om det \u00e4r ok f\u00f6rst) s\u00e5 att ni kan ta med det till replokalen\/studion sen.<\/li>\n<li>V\u00e4lj ut ett tema som ni vill skriva om (t.ex.\u00a0En plats, v\u00e4nskap, pengar,\u00a0lycka eller husdjur) och f\u00f6rbered\u00a0ett antal fr\u00e5gor p\u00e5 temat och v\u00e4lj ut n\u00e5gon att intervjua p\u00e5 temat, eller varf\u00f6r inte fr\u00e5ga en fr\u00e4mling p\u00e5 stan?\u00a0Samla ihop era texter\/inspelningar och skriv en text utifr\u00e5n de svar ni f\u00e5tt.<\/li>\n<li>Testa att repa\/skriva musik p\u00e5 ett annat st\u00e4lle \u00e4n du\/ni vanligtvis g\u00f6r det p\u00e5. Ta med er n\u00e5got\/n\u00e5gra akustiska instrument och g\u00e5 ut i skogen,\u00a0p\u00e5 balkongen,\u00a0i\u00a0parken eller varf\u00f6r inte parkeringshuset (det kan vara bra akustik d\u00e4r!) och se vad som h\u00e4nder.<\/li>\n<li>Ni kan ocks\u00e5 best\u00e4mma er f\u00f6r en plats som ni vill utforska mer aktivt och inkludera i sj\u00e4lva skapande-processen. Kom \u00f6verens om en plats som ni \u00e4r nyfikna p\u00e5 eller som ni kanske inte vanligtvis associerar till musikskapande. Ta er dit och\u00a0anteckna ned\u00a0vad det finns f\u00f6r ljud p\u00e5 platsen, vilka m\u00e4nniskor eller andra varelser som \u00e4r d\u00e4r, hur det luktar, hur det ser ut\u00a0och\u00a0vilka\u00a0ber\u00e4ttelser som skulle kunna finnas d\u00e4r.<\/li>\n<li>Skapa tillsammans med ett annat band\/musiker: Ta kontakt med n\u00e5gra andra ni k\u00e4nner som ocks\u00e5 spelar och skapar musik (fr\u00e5ga ABF om ni vill ha hj\u00e4lp att komma i kontakt med ett annat ABF-band).\u00a0Det finns massor av saker ni kan g\u00f6ra tillsammans. Ni kan\u00a0be dem tolka en text eller l\u00e5t som ni skrivit\u00a0eller s\u00e5\u00a0l\u00e5ter ni\u00a0dem spela upp en l\u00e5t f\u00f6r er och\u00a0sen f\u00f6rs\u00f6ka \u00e5terskapa den l\u00e5ten utifr\u00e5n ert eget sound.<\/li>\n<li>Byt instrument eller roller med varandra: Testa att se vad som h\u00e4nder om ni under ett rep byter roller med varandra i gruppen en g\u00e5ng. Sj\u00e4lvklart kommer det kanske inte bli lika tekniskt skickligt som om ni spelade ert\u00a0huvudinstrument men det betyder inte att det inte kan f\u00f6das nya id\u00e9er och inspiration.<\/li>\n<\/ol>\n\n    <\/div>\n<\/div>\n<div\n    class=\"acf-quick-link-block bg-red py-12 md:py-20\"\n    data-block=\"quick-link-block\"\n>\n    <div class=\"container\">\n                    <h2 class=\"heading-lg mb-7 text-center text-white\">\n                Alla avsnitt inom Modul 3: Skapa musik tillsammans\n            <\/h2>\n        \n        <div\n            class=\"px-5 content:px-0 grid grid-cols-1 gap-8 lg:grid-cols-3\">\n            \n            <article\nclass=\"round-corners-sm p-6 relative group grid grid-rows-[subgrid] row-[span_3] gap-4 bg-white text-red\"\n>\n            <h3\n        class=\"heading-sm group-hover:underline text-red\">\n            <a href=\"https:\/\/www.abf.se\/musikverkstan\/skapa-musik-tillsammans\/satt-ord-pa-musiken\/\" class=\"expanded-hit-area\" target=\"\">\n                Avsnitt 1: S\u00e4tta ord p\u00e5 musiken\n            <\/a>\n        <\/h3>\n            <figure\n    class=\"w-[38px] h-[38px] rounded-full p-2 group-hover:scale-110 transition-transform duration-300 self-end pointer-events-none bg-red text-white\">\n        <svg width=\"20\" height=\"20\" viewBox=\"0 0 20 20\" fill=\"none\" class=\"SvgIconElement\">\n<path d=\"M4.16659 10L15.8333 10\" stroke=\"currentColor\"\/>\n<path d=\"M9.99992 4.1665L15.8333 9.99984L9.99992 15.8332\" stroke=\"currentColor\"\/>\n<\/svg>\n    <\/figure>\n<\/article>            \n            <article\nclass=\"round-corners-sm p-6 relative group grid grid-rows-[subgrid] row-[span_3] gap-4 bg-white text-red\"\n>\n            <h3\n        class=\"heading-sm group-hover:underline text-red\">\n            <a href=\"https:\/\/www.abf.se\/musikverkstan\/skapa-musik-tillsammans\/fran-ide-till-fardig-lat\/\" class=\"expanded-hit-area\" target=\"\">\n                Avsnitt 2: Fr\u00e5n id\u00e9 till f\u00e4rdig l\u00e5t\n            <\/a>\n        <\/h3>\n            <figure\n    class=\"w-[38px] h-[38px] rounded-full p-2 group-hover:scale-110 transition-transform duration-300 self-end pointer-events-none bg-red text-white\">\n        <svg width=\"20\" height=\"20\" viewBox=\"0 0 20 20\" fill=\"none\" class=\"SvgIconElement\">\n<path d=\"M4.16659 10L15.8333 10\" stroke=\"currentColor\"\/>\n<path d=\"M9.99992 4.1665L15.8333 9.99984L9.99992 15.8332\" stroke=\"currentColor\"\/>\n<\/svg>\n    <\/figure>\n<\/article>            \n            <article\nclass=\"round-corners-sm p-6 relative group grid grid-rows-[subgrid] row-[span_3] gap-4 bg-white text-red\"\n>\n            <h3\n        class=\"heading-sm group-hover:underline text-red\">\n            <a href=\"https:\/\/www.abf.se\/musikverkstan\/skapa-musik-tillsammans\/ideer-for-samverkan\/\" class=\"expanded-hit-area\" target=\"\">\n                Avsnitt 3: Id\u00e9er f\u00f6r inspiration\n            <\/a>\n        <\/h3>\n            <figure\n    class=\"w-[38px] h-[38px] rounded-full p-2 group-hover:scale-110 transition-transform duration-300 self-end pointer-events-none bg-red text-white\">\n        <svg width=\"20\" height=\"20\" viewBox=\"0 0 20 20\" fill=\"none\" class=\"SvgIconElement\">\n<path d=\"M4.16659 10L15.8333 10\" stroke=\"currentColor\"\/>\n<path d=\"M9.99992 4.1665L15.8333 9.99984L9.99992 15.8332\" stroke=\"currentColor\"\/>\n<\/svg>\n    <\/figure>\n<\/article>                    <\/div>\n    <\/div>\n<\/div>\n<div\n    class=\"acf-quick-link-block bg-red py-12 md:py-20\"\n    data-block=\"quick-link-block\"\n>\n    <div class=\"container\">\n        \n        <div\n            class=\"px-5 content:px-0 grid grid-cols-1 gap-8 md:grid-cols-2\">\n            \n            <article\nclass=\"round-corners-sm p-6 relative group grid grid-rows-[subgrid] row-[span_3] gap-4 bg-white text-red\"\n>\n            <h3\n        class=\"heading-sm group-hover:underline text-red\">\n            <a href=\"https:\/\/www.abf.se\/musikverkstan\/skapa-musik-tillsammans\/digital-musikverksamhet\/\" class=\"expanded-hit-area\" target=\"\">\n                Avsnitt 4: Digital musikverksamhet\n            <\/a>\n        <\/h3>\n            <figure\n    class=\"w-[38px] h-[38px] rounded-full p-2 group-hover:scale-110 transition-transform duration-300 self-end pointer-events-none bg-red text-white\">\n        <svg width=\"20\" height=\"20\" viewBox=\"0 0 20 20\" fill=\"none\" class=\"SvgIconElement\">\n<path d=\"M4.16659 10L15.8333 10\" stroke=\"currentColor\"\/>\n<path d=\"M9.99992 4.1665L15.8333 9.99984L9.99992 15.8332\" stroke=\"currentColor\"\/>\n<\/svg>\n    <\/figure>\n<\/article>            \n            <article\nclass=\"round-corners-sm p-6 relative group grid grid-rows-[subgrid] row-[span_3] gap-4 bg-white text-red\"\n>\n            <h3\n        class=\"heading-sm group-hover:underline text-red\">\n            <a href=\"\" class=\"expanded-hit-area\" target=\"\">\n                Avsnitt 5: Skapa musik med AI\n            <\/a>\n        <\/h3>\n            <figure\n    class=\"w-[38px] h-[38px] rounded-full p-2 group-hover:scale-110 transition-transform duration-300 self-end pointer-events-none bg-red text-white\">\n        <svg width=\"20\" height=\"20\" viewBox=\"0 0 20 20\" fill=\"none\" class=\"SvgIconElement\">\n<path d=\"M4.16659 10L15.8333 10\" stroke=\"currentColor\"\/>\n<path d=\"M9.99992 4.1665L15.8333 9.99984L9.99992 15.8332\" stroke=\"currentColor\"\/>\n<\/svg>\n    <\/figure>\n<\/article>                    <\/div>\n    <\/div>\n<\/div>\n","protected":false},"excerpt":{"rendered":"","protected":false},"author":36,"featured_media":0,"parent":93,"menu_order":0,"comment_status":"closed","ping_status":"closed","template":"","meta":{"_acf_changed":false,"footnotes":""},"class_list":["post-100","page","type-page","status-publish","hentry"],"acf":[],"yoast_head":"<!-- This site is optimized with the Yoast SEO plugin v27.0 - https:\/\/yoast.com\/product\/yoast-seo-wordpress\/ -->\n<title>\u00a0Id\u00e9er f\u00f6r inspiration - Musikverkstan<\/title>\n<meta name=\"robots\" content=\"index, follow, max-snippet:-1, max-image-preview:large, max-video-preview:-1\" \/>\n<link rel=\"canonical\" href=\"https:\/\/www.abf.se\/musikverkstan\/skapa-musik-tillsammans\/ideer-for-samverkan\/\" \/>\n<meta property=\"og:locale\" content=\"en_US\" \/>\n<meta property=\"og:type\" content=\"article\" \/>\n<meta property=\"og:title\" content=\"\u00a0Id\u00e9er f\u00f6r inspiration - Musikverkstan\" \/>\n<meta property=\"og:url\" content=\"https:\/\/www.abf.se\/musikverkstan\/skapa-musik-tillsammans\/ideer-for-samverkan\/\" \/>\n<meta property=\"og:site_name\" content=\"Musikverkstan\" \/>\n<meta property=\"article:modified_time\" content=\"2026-03-06T08:27:48+00:00\" \/>\n<meta property=\"og:image\" content=\"https:\/\/www.abf.se\/wp-content\/uploads\/sites\/94\/2026\/03\/herobild-musikverkstan.png\" \/>\n\t<meta property=\"og:image:width\" content=\"1440\" \/>\n\t<meta property=\"og:image:height\" content=\"520\" \/>\n\t<meta property=\"og:image:type\" content=\"image\/png\" \/>\n<meta name=\"twitter:card\" content=\"summary_large_image\" \/>\n<script type=\"application\/ld+json\" class=\"yoast-schema-graph\">{\"@context\":\"https:\/\/schema.org\",\"@graph\":[{\"@type\":\"WebPage\",\"@id\":\"https:\/\/www.abf.se\/musikverkstan\/skapa-musik-tillsammans\/ideer-for-samverkan\/\",\"url\":\"https:\/\/www.abf.se\/musikverkstan\/skapa-musik-tillsammans\/ideer-for-samverkan\/\",\"name\":\"\u00a0Id\u00e9er f\u00f6r inspiration - Musikverkstan\",\"isPartOf\":{\"@id\":\"https:\/\/www.abf.se\/musikverkstan\/#website\"},\"datePublished\":\"2026-03-03T09:32:42+00:00\",\"dateModified\":\"2026-03-06T08:27:48+00:00\",\"breadcrumb\":{\"@id\":\"https:\/\/www.abf.se\/musikverkstan\/skapa-musik-tillsammans\/ideer-for-samverkan\/#breadcrumb\"},\"inLanguage\":\"en-US\",\"potentialAction\":[{\"@type\":\"ReadAction\",\"target\":[\"https:\/\/www.abf.se\/musikverkstan\/skapa-musik-tillsammans\/ideer-for-samverkan\/\"]}]},{\"@type\":\"BreadcrumbList\",\"@id\":\"https:\/\/www.abf.se\/musikverkstan\/skapa-musik-tillsammans\/ideer-for-samverkan\/#breadcrumb\",\"itemListElement\":[{\"@type\":\"ListItem\",\"position\":1,\"name\":\"Home\",\"item\":\"https:\/\/www.abf.se\/musikverkstan\/\"},{\"@type\":\"ListItem\",\"position\":2,\"name\":\"Skapa musik tillsammans\",\"item\":\"https:\/\/www.abf.se\/musikverkstan\/skapa-musik-tillsammans\/\"},{\"@type\":\"ListItem\",\"position\":3,\"name\":\"\u00a0Id\u00e9er f\u00f6r inspiration\"}]},{\"@type\":\"WebSite\",\"@id\":\"https:\/\/www.abf.se\/musikverkstan\/#website\",\"url\":\"https:\/\/www.abf.se\/musikverkstan\/\",\"name\":\"Musikverkstan\",\"description\":\"\",\"potentialAction\":[{\"@type\":\"SearchAction\",\"target\":{\"@type\":\"EntryPoint\",\"urlTemplate\":\"https:\/\/www.abf.se\/musikverkstan\/?s={search_term_string}\"},\"query-input\":{\"@type\":\"PropertyValueSpecification\",\"valueRequired\":true,\"valueName\":\"search_term_string\"}}],\"inLanguage\":\"en-US\"}]}<\/script>\n<!-- \/ Yoast SEO plugin. -->","yoast_head_json":{"title":"\u00a0Id\u00e9er f\u00f6r inspiration - Musikverkstan","robots":{"index":"index","follow":"follow","max-snippet":"max-snippet:-1","max-image-preview":"max-image-preview:large","max-video-preview":"max-video-preview:-1"},"canonical":"https:\/\/www.abf.se\/musikverkstan\/skapa-musik-tillsammans\/ideer-for-samverkan\/","og_locale":"en_US","og_type":"article","og_title":"\u00a0Id\u00e9er f\u00f6r inspiration - Musikverkstan","og_url":"https:\/\/www.abf.se\/musikverkstan\/skapa-musik-tillsammans\/ideer-for-samverkan\/","og_site_name":"Musikverkstan","article_modified_time":"2026-03-06T08:27:48+00:00","og_image":[{"width":1440,"height":520,"url":"https:\/\/www.abf.se\/wp-content\/uploads\/sites\/94\/2026\/03\/herobild-musikverkstan.png","type":"image\/png"}],"twitter_card":"summary_large_image","schema":{"@context":"https:\/\/schema.org","@graph":[{"@type":"WebPage","@id":"https:\/\/www.abf.se\/musikverkstan\/skapa-musik-tillsammans\/ideer-for-samverkan\/","url":"https:\/\/www.abf.se\/musikverkstan\/skapa-musik-tillsammans\/ideer-for-samverkan\/","name":"\u00a0Id\u00e9er f\u00f6r inspiration - Musikverkstan","isPartOf":{"@id":"https:\/\/www.abf.se\/musikverkstan\/#website"},"datePublished":"2026-03-03T09:32:42+00:00","dateModified":"2026-03-06T08:27:48+00:00","breadcrumb":{"@id":"https:\/\/www.abf.se\/musikverkstan\/skapa-musik-tillsammans\/ideer-for-samverkan\/#breadcrumb"},"inLanguage":"en-US","potentialAction":[{"@type":"ReadAction","target":["https:\/\/www.abf.se\/musikverkstan\/skapa-musik-tillsammans\/ideer-for-samverkan\/"]}]},{"@type":"BreadcrumbList","@id":"https:\/\/www.abf.se\/musikverkstan\/skapa-musik-tillsammans\/ideer-for-samverkan\/#breadcrumb","itemListElement":[{"@type":"ListItem","position":1,"name":"Home","item":"https:\/\/www.abf.se\/musikverkstan\/"},{"@type":"ListItem","position":2,"name":"Skapa musik tillsammans","item":"https:\/\/www.abf.se\/musikverkstan\/skapa-musik-tillsammans\/"},{"@type":"ListItem","position":3,"name":"\u00a0Id\u00e9er f\u00f6r inspiration"}]},{"@type":"WebSite","@id":"https:\/\/www.abf.se\/musikverkstan\/#website","url":"https:\/\/www.abf.se\/musikverkstan\/","name":"Musikverkstan","description":"","potentialAction":[{"@type":"SearchAction","target":{"@type":"EntryPoint","urlTemplate":"https:\/\/www.abf.se\/musikverkstan\/?s={search_term_string}"},"query-input":{"@type":"PropertyValueSpecification","valueRequired":true,"valueName":"search_term_string"}}],"inLanguage":"en-US"}]}},"_links":{"self":[{"href":"https:\/\/www.abf.se\/musikverkstan\/wp-json\/wp\/v2\/pages\/100","targetHints":{"allow":["GET"]}}],"collection":[{"href":"https:\/\/www.abf.se\/musikverkstan\/wp-json\/wp\/v2\/pages"}],"about":[{"href":"https:\/\/www.abf.se\/musikverkstan\/wp-json\/wp\/v2\/types\/page"}],"author":[{"embeddable":true,"href":"https:\/\/www.abf.se\/musikverkstan\/wp-json\/wp\/v2\/users\/36"}],"replies":[{"embeddable":true,"href":"https:\/\/www.abf.se\/musikverkstan\/wp-json\/wp\/v2\/comments?post=100"}],"version-history":[{"count":8,"href":"https:\/\/www.abf.se\/musikverkstan\/wp-json\/wp\/v2\/pages\/100\/revisions"}],"predecessor-version":[{"id":483,"href":"https:\/\/www.abf.se\/musikverkstan\/wp-json\/wp\/v2\/pages\/100\/revisions\/483"}],"up":[{"embeddable":true,"href":"https:\/\/www.abf.se\/musikverkstan\/wp-json\/wp\/v2\/pages\/93"}],"wp:attachment":[{"href":"https:\/\/www.abf.se\/musikverkstan\/wp-json\/wp\/v2\/media?parent=100"}],"curies":[{"name":"wp","href":"https:\/\/api.w.org\/{rel}","templated":true}]}}