{"id":103,"date":"2026-03-03T10:37:58","date_gmt":"2026-03-03T09:37:58","guid":{"rendered":"https:\/\/www.abf.se\/musikverkstan\/?page_id=103"},"modified":"2026-03-06T09:32:07","modified_gmt":"2026-03-06T08:32:07","slug":"digital-musikverksamhet","status":"publish","type":"page","link":"https:\/\/www.abf.se\/musikverkstan\/skapa-musik-tillsammans\/digital-musikverksamhet\/","title":{"rendered":"Digital musikverksamhet"},"content":{"rendered":"<div\n    class=\"acf-hero-block container-lg no-padding mb-12 js-geolocation\"\n    data-block=\"hero-block\"\n    data-index=\"0\"\n>\n    <div class=\"h-[548px]  relative rounded-[32px] overflow-hidden flex bg-gray-light\">\n        <div class=\"relative z-10 mt-auto h-auto w-full md:h-full\">\n            <div class=\"flex w-full h-full flex-col flex-wrap justify-end w-full md:w-7\/12 lg:w-1\/2 md:justify-center\">\n                <div class=\"flex flex-col gap-3 md:gap-[18px] md:transparent pt-16 pb-36 md:py-8 px-4 w-full md:max-w-[620px] mx-auto px-8\">\n\n                    <h1 class=\"hero-heading\"><span>Digital musikverksamhet<\/span><\/h1>\n\n                    \n                                    <\/div>\n            <\/div>\n        <\/div>\n\n                    <picture class=\"as-background-image mix-blend-multiply bg-black\/40\"><img decoding=\"async\" src=\"https:\/\/www.abf.se\/musikverkstan\/resized\/?url=https%3A%2F%2Fwww.abf.se%2Fwp-content%2Fuploads%2Fsites%2F94%2F2026%2F03%2Fwes-hicks-VZNYO4suM5o-unsplash.jpg&#038;fit=crop&#038;w=1440&#038;s=07947e933a9da6bbf5912c235b2b45fc\" srcset=\"https:\/\/www.abf.se\/musikverkstan\/resized\/?url=https%3A%2F%2Fwww.abf.se%2Fwp-content%2Fuploads%2Fsites%2F94%2F2026%2F03%2Fwes-hicks-VZNYO4suM5o-unsplash.jpg&#038;fit=crop&#038;w=375&#038;h=540&#038;s=0a7a0f2027c8932222cd1e5ba921d98c 375w, https:\/\/www.abf.se\/musikverkstan\/resized\/?url=https%3A%2F%2Fwww.abf.se%2Fwp-content%2Fuploads%2Fsites%2F94%2F2026%2F03%2Fwes-hicks-VZNYO4suM5o-unsplash.jpg&#038;fit=crop&#038;w=447&#038;h=540&#038;s=04756f276817de286ed3f1e99a872240 447w, https:\/\/www.abf.se\/musikverkstan\/resized\/?url=https%3A%2F%2Fwww.abf.se%2Fwp-content%2Fuploads%2Fsites%2F94%2F2026%2F03%2Fwes-hicks-VZNYO4suM5o-unsplash.jpg&#038;fit=crop&#038;w=519&#038;h=540&#038;s=54e47889c282d53365fde9aaebc8cf20 519w, https:\/\/www.abf.se\/musikverkstan\/resized\/?url=https%3A%2F%2Fwww.abf.se%2Fwp-content%2Fuploads%2Fsites%2F94%2F2026%2F03%2Fwes-hicks-VZNYO4suM5o-unsplash.jpg&#038;fit=crop&#038;w=591&#038;h=540&#038;s=984c7ee24ecc3afd6501e5b3e80f275a 591w, https:\/\/www.abf.se\/musikverkstan\/resized\/?url=https%3A%2F%2Fwww.abf.se%2Fwp-content%2Fuploads%2Fsites%2F94%2F2026%2F03%2Fwes-hicks-VZNYO4suM5o-unsplash.jpg&#038;fit=crop&#038;w=663&#038;h=540&#038;s=a64d7764b6276455e7418634719300d7 663w, https:\/\/www.abf.se\/musikverkstan\/resized\/?url=https%3A%2F%2Fwww.abf.se%2Fwp-content%2Fuploads%2Fsites%2F94%2F2026%2F03%2Fwes-hicks-VZNYO4suM5o-unsplash.jpg&#038;fit=crop&#038;w=750&#038;h=540&#038;s=bb2b66e604ec56087aa1f3f749a87099 750w, https:\/\/www.abf.se\/musikverkstan\/resized\/?url=https%3A%2F%2Fwww.abf.se%2Fwp-content%2Fuploads%2Fsites%2F94%2F2026%2F03%2Fwes-hicks-VZNYO4suM5o-unsplash.jpg&#038;fit=crop&#038;w=894&#038;h=540&#038;s=4731b2c0ab2d653ab493163d380264de 894w, https:\/\/www.abf.se\/musikverkstan\/resized\/?url=https%3A%2F%2Fwww.abf.se%2Fwp-content%2Fuploads%2Fsites%2F94%2F2026%2F03%2Fwes-hicks-VZNYO4suM5o-unsplash.jpg&#038;fit=crop&#038;w=1038&#038;h=540&#038;s=ed123bb2e1b12d72f16ba8a99bada1bf 1038w, https:\/\/www.abf.se\/musikverkstan\/resized\/?url=https%3A%2F%2Fwww.abf.se%2Fwp-content%2Fuploads%2Fsites%2F94%2F2026%2F03%2Fwes-hicks-VZNYO4suM5o-unsplash.jpg&#038;fit=crop&#038;w=1182&#038;h=540&#038;s=807a5d1541a3552cca85768779d48ea6 1182w, https:\/\/www.abf.se\/musikverkstan\/resized\/?url=https%3A%2F%2Fwww.abf.se%2Fwp-content%2Fuploads%2Fsites%2F94%2F2026%2F03%2Fwes-hicks-VZNYO4suM5o-unsplash.jpg&#038;fit=crop&#038;w=1326&#038;h=540&#038;s=7c134eb22eb197befdcb429c83d38bd9 1326w, https:\/\/www.abf.se\/musikverkstan\/resized\/?url=https%3A%2F%2Fwww.abf.se%2Fwp-content%2Fuploads%2Fsites%2F94%2F2026%2F03%2Fwes-hicks-VZNYO4suM5o-unsplash.jpg&#038;fit=crop&#038;w=1440&#038;h=540&#038;s=7dd03819cdf522c38bd0f1fc53c411a1 1440w\" alt=\"\" height=\"540\" width=\"1440\" sizes=\"(max-width: 1440px) calc(100vw - 32px), 1440px\" loading=\"eager\" fetchpriority=\"high\" aria-hidden=\"true\" role=\"presentation\" \/><\/picture>\n        \n\n            <\/div>\n\n    <\/div>\n\n<div\n    class=\"acf-article-text-block article-container my-12\"\n    data-block=\"article-text-block\"\n>\n    <div class=\"wysiwyg\">\n        <p>H\u00e4r \u00e4r n\u00e5gra id\u00e9er som g\u00e5r utm\u00e4rkt att genomf\u00f6ra om ni har en digital studiecirkel i musikskapande:<\/p>\n<h2>Flaskposten:<\/h2>\n<p>Starta ett musikprojekt i valfri DAW, g\u00e4rna n\u00e5got ganska simpelt som\u00a0t.ex.\u00a0ett beat, en melodi eller\u00a0samplingar.\u00a0Spara ned alla\u00a0stems\u00a0(ljudfiler i projektet) och skicka vidare till en annan deltagare som f\u00e5r en viss tid p\u00e5 sig\u00a0att\u00a0addera musik och\/eller effekter till projektet. Den enda regeln \u00e4r att inget som lagts till av n\u00e5gon annan\u00a0ska tas bort.\u00a0Projektet skickas sedan vidare tills det \u00e5ter kommer till cirkelledaren.\u00a0D\u00e5 avslutar ni med en gemensam uppspelning av projektet d\u00e4r ni ocks\u00e5 kan reflektera kring processen och det slutgiltiga musikstycket.<\/p>\n<h2>Gemensamt musikskapande online:<\/h2>\n<p>Det finns massor av olika program och tj\u00e4nster skapade f\u00f6r att kunna producera musik tillsammans \u00f6ver n\u00e4tet.\u00a0Vissa \u00e4r som egna\u00a0DAW:s\u00a0medan andra fungerar som till\u00e4ggsprogram till din existerande DAW.<\/p>\n<p>H\u00e4r \u00e4r n\u00e5gra exempel p\u00e5\u00a0DAW:s\u00a0som g\u00e5r att samarbeta i realtid i:<\/p>\n<ul>\n<li>BandLab<\/li>\n<li>Sesh.fm<\/li>\n<li>Soundation<\/li>\n<li>Amped\u00a0Studio<\/li>\n<\/ul>\n<p>Det finns ocks\u00e5 program som\u00a0t.ex.\u00a0FarPlay\u00a0som\u00a0m\u00f6jligg\u00f6r f\u00f6r gemensamt musikspelande i realtid \u00f6ver internet, med v\u00e4ldigt l\u00e5g latens p\u00e5 ljudet, n\u00e5got som\u00a0t.ex.\u00a0inte fungerar p\u00e5 Zoom eller Teams.<\/p>\n\n    <\/div>\n<\/div>\n<div\n    class=\"acf-quick-link-block bg-red py-12 md:py-20\"\n    data-block=\"quick-link-block\"\n>\n    <div class=\"container\">\n                    <h2 class=\"heading-lg mb-7 text-center text-white\">\n                Alla avsnitt inom Modul 3: Skapa musik tillsammans\n            <\/h2>\n        \n        <div\n            class=\"px-5 content:px-0 grid grid-cols-1 gap-8 lg:grid-cols-3\">\n            \n            <article\nclass=\"round-corners-sm p-6 relative group grid grid-rows-[subgrid] row-[span_3] gap-4 bg-white text-red\"\n>\n            <h3\n        class=\"heading-sm group-hover:underline text-red\">\n            <a href=\"https:\/\/www.abf.se\/musikverkstan\/skapa-musik-tillsammans\/satt-ord-pa-musiken\/\" class=\"expanded-hit-area\" target=\"\">\n                Avsnitt 1: S\u00e4tta ord p\u00e5 musiken\n            <\/a>\n        <\/h3>\n            <figure\n    class=\"w-[38px] h-[38px] rounded-full p-2 group-hover:scale-110 transition-transform duration-300 self-end pointer-events-none bg-red text-white\">\n        <svg width=\"20\" height=\"20\" viewBox=\"0 0 20 20\" fill=\"none\" class=\"SvgIconElement\">\n<path d=\"M4.16659 10L15.8333 10\" stroke=\"currentColor\"\/>\n<path d=\"M9.99992 4.1665L15.8333 9.99984L9.99992 15.8332\" stroke=\"currentColor\"\/>\n<\/svg>\n    <\/figure>\n<\/article>            \n            <article\nclass=\"round-corners-sm p-6 relative group grid grid-rows-[subgrid] row-[span_3] gap-4 bg-white text-red\"\n>\n            <h3\n        class=\"heading-sm group-hover:underline text-red\">\n            <a href=\"https:\/\/www.abf.se\/musikverkstan\/skapa-musik-tillsammans\/fran-ide-till-fardig-lat\/\" class=\"expanded-hit-area\" target=\"\">\n                Avsnitt 2: Fr\u00e5n id\u00e9 till f\u00e4rdig l\u00e5t\n            <\/a>\n        <\/h3>\n            <figure\n    class=\"w-[38px] h-[38px] rounded-full p-2 group-hover:scale-110 transition-transform duration-300 self-end pointer-events-none bg-red text-white\">\n        <svg width=\"20\" height=\"20\" viewBox=\"0 0 20 20\" fill=\"none\" class=\"SvgIconElement\">\n<path d=\"M4.16659 10L15.8333 10\" stroke=\"currentColor\"\/>\n<path d=\"M9.99992 4.1665L15.8333 9.99984L9.99992 15.8332\" stroke=\"currentColor\"\/>\n<\/svg>\n    <\/figure>\n<\/article>            \n            <article\nclass=\"round-corners-sm p-6 relative group grid grid-rows-[subgrid] row-[span_3] gap-4 bg-white text-red\"\n>\n            <h3\n        class=\"heading-sm group-hover:underline text-red\">\n            <a href=\"https:\/\/www.abf.se\/musikverkstan\/skapa-musik-tillsammans\/ideer-for-samverkan\/\" class=\"expanded-hit-area\" target=\"\">\n                Avsnitt 3: Id\u00e9er f\u00f6r inspiration\n            <\/a>\n        <\/h3>\n            <figure\n    class=\"w-[38px] h-[38px] rounded-full p-2 group-hover:scale-110 transition-transform duration-300 self-end pointer-events-none bg-red text-white\">\n        <svg width=\"20\" height=\"20\" viewBox=\"0 0 20 20\" fill=\"none\" class=\"SvgIconElement\">\n<path d=\"M4.16659 10L15.8333 10\" stroke=\"currentColor\"\/>\n<path d=\"M9.99992 4.1665L15.8333 9.99984L9.99992 15.8332\" stroke=\"currentColor\"\/>\n<\/svg>\n    <\/figure>\n<\/article>                    <\/div>\n    <\/div>\n<\/div>\n<div\n    class=\"acf-quick-link-block bg-red py-12 md:py-20\"\n    data-block=\"quick-link-block\"\n>\n    <div class=\"container\">\n        \n        <div\n            class=\"px-5 content:px-0 grid grid-cols-1 gap-8 md:grid-cols-2\">\n            \n            <article\nclass=\"round-corners-sm p-6 relative group grid grid-rows-[subgrid] row-[span_3] gap-4 bg-white text-red\"\n>\n            <h3\n        class=\"heading-sm group-hover:underline text-red\">\n            <a href=\"https:\/\/www.abf.se\/musikverkstan\/skapa-musik-tillsammans\/digital-musikverksamhet\/\" class=\"expanded-hit-area\" target=\"\">\n                Avsnitt 4: Digital musikverksamhet\n            <\/a>\n        <\/h3>\n            <figure\n    class=\"w-[38px] h-[38px] rounded-full p-2 group-hover:scale-110 transition-transform duration-300 self-end pointer-events-none bg-red text-white\">\n        <svg width=\"20\" height=\"20\" viewBox=\"0 0 20 20\" fill=\"none\" class=\"SvgIconElement\">\n<path d=\"M4.16659 10L15.8333 10\" stroke=\"currentColor\"\/>\n<path d=\"M9.99992 4.1665L15.8333 9.99984L9.99992 15.8332\" stroke=\"currentColor\"\/>\n<\/svg>\n    <\/figure>\n<\/article>            \n            <article\nclass=\"round-corners-sm p-6 relative group grid grid-rows-[subgrid] row-[span_3] gap-4 bg-white text-red\"\n>\n            <h3\n        class=\"heading-sm group-hover:underline text-red\">\n            <a href=\"\" class=\"expanded-hit-area\" target=\"\">\n                Avsnitt 5: Skapa musik med AI\n            <\/a>\n        <\/h3>\n            <figure\n    class=\"w-[38px] h-[38px] rounded-full p-2 group-hover:scale-110 transition-transform duration-300 self-end pointer-events-none bg-red text-white\">\n        <svg width=\"20\" height=\"20\" viewBox=\"0 0 20 20\" fill=\"none\" class=\"SvgIconElement\">\n<path d=\"M4.16659 10L15.8333 10\" stroke=\"currentColor\"\/>\n<path d=\"M9.99992 4.1665L15.8333 9.99984L9.99992 15.8332\" stroke=\"currentColor\"\/>\n<\/svg>\n    <\/figure>\n<\/article>                    <\/div>\n    <\/div>\n<\/div>\n","protected":false},"excerpt":{"rendered":"","protected":false},"author":36,"featured_media":0,"parent":93,"menu_order":0,"comment_status":"closed","ping_status":"closed","template":"","meta":{"_acf_changed":false,"footnotes":""},"class_list":["post-103","page","type-page","status-publish","hentry"],"acf":[],"yoast_head":"<!-- This site is optimized with the Yoast SEO plugin v27.0 - https:\/\/yoast.com\/product\/yoast-seo-wordpress\/ -->\n<title>Digital musikverksamhet - Musikverkstan<\/title>\n<meta name=\"robots\" content=\"index, follow, max-snippet:-1, max-image-preview:large, max-video-preview:-1\" \/>\n<link rel=\"canonical\" href=\"https:\/\/www.abf.se\/musikverkstan\/skapa-musik-tillsammans\/digital-musikverksamhet\/\" \/>\n<meta property=\"og:locale\" content=\"en_US\" \/>\n<meta property=\"og:type\" content=\"article\" \/>\n<meta property=\"og:title\" content=\"Digital musikverksamhet - Musikverkstan\" \/>\n<meta property=\"og:url\" content=\"https:\/\/www.abf.se\/musikverkstan\/skapa-musik-tillsammans\/digital-musikverksamhet\/\" \/>\n<meta property=\"og:site_name\" content=\"Musikverkstan\" \/>\n<meta property=\"article:modified_time\" content=\"2026-03-06T08:32:07+00:00\" \/>\n<meta property=\"og:image\" content=\"https:\/\/www.abf.se\/wp-content\/uploads\/sites\/94\/2026\/03\/herobild-musikverkstan.png\" \/>\n\t<meta property=\"og:image:width\" content=\"1440\" \/>\n\t<meta property=\"og:image:height\" content=\"520\" \/>\n\t<meta property=\"og:image:type\" content=\"image\/png\" \/>\n<meta name=\"twitter:card\" content=\"summary_large_image\" \/>\n<script type=\"application\/ld+json\" class=\"yoast-schema-graph\">{\"@context\":\"https:\/\/schema.org\",\"@graph\":[{\"@type\":\"WebPage\",\"@id\":\"https:\/\/www.abf.se\/musikverkstan\/skapa-musik-tillsammans\/digital-musikverksamhet\/\",\"url\":\"https:\/\/www.abf.se\/musikverkstan\/skapa-musik-tillsammans\/digital-musikverksamhet\/\",\"name\":\"Digital musikverksamhet - Musikverkstan\",\"isPartOf\":{\"@id\":\"https:\/\/www.abf.se\/musikverkstan\/#website\"},\"datePublished\":\"2026-03-03T09:37:58+00:00\",\"dateModified\":\"2026-03-06T08:32:07+00:00\",\"breadcrumb\":{\"@id\":\"https:\/\/www.abf.se\/musikverkstan\/skapa-musik-tillsammans\/digital-musikverksamhet\/#breadcrumb\"},\"inLanguage\":\"en-US\",\"potentialAction\":[{\"@type\":\"ReadAction\",\"target\":[\"https:\/\/www.abf.se\/musikverkstan\/skapa-musik-tillsammans\/digital-musikverksamhet\/\"]}]},{\"@type\":\"BreadcrumbList\",\"@id\":\"https:\/\/www.abf.se\/musikverkstan\/skapa-musik-tillsammans\/digital-musikverksamhet\/#breadcrumb\",\"itemListElement\":[{\"@type\":\"ListItem\",\"position\":1,\"name\":\"Home\",\"item\":\"https:\/\/www.abf.se\/musikverkstan\/\"},{\"@type\":\"ListItem\",\"position\":2,\"name\":\"Skapa musik tillsammans\",\"item\":\"https:\/\/www.abf.se\/musikverkstan\/skapa-musik-tillsammans\/\"},{\"@type\":\"ListItem\",\"position\":3,\"name\":\"Digital musikverksamhet\"}]},{\"@type\":\"WebSite\",\"@id\":\"https:\/\/www.abf.se\/musikverkstan\/#website\",\"url\":\"https:\/\/www.abf.se\/musikverkstan\/\",\"name\":\"Musikverkstan\",\"description\":\"\",\"potentialAction\":[{\"@type\":\"SearchAction\",\"target\":{\"@type\":\"EntryPoint\",\"urlTemplate\":\"https:\/\/www.abf.se\/musikverkstan\/?s={search_term_string}\"},\"query-input\":{\"@type\":\"PropertyValueSpecification\",\"valueRequired\":true,\"valueName\":\"search_term_string\"}}],\"inLanguage\":\"en-US\"}]}<\/script>\n<!-- \/ Yoast SEO plugin. -->","yoast_head_json":{"title":"Digital musikverksamhet - Musikverkstan","robots":{"index":"index","follow":"follow","max-snippet":"max-snippet:-1","max-image-preview":"max-image-preview:large","max-video-preview":"max-video-preview:-1"},"canonical":"https:\/\/www.abf.se\/musikverkstan\/skapa-musik-tillsammans\/digital-musikverksamhet\/","og_locale":"en_US","og_type":"article","og_title":"Digital musikverksamhet - Musikverkstan","og_url":"https:\/\/www.abf.se\/musikverkstan\/skapa-musik-tillsammans\/digital-musikverksamhet\/","og_site_name":"Musikverkstan","article_modified_time":"2026-03-06T08:32:07+00:00","og_image":[{"width":1440,"height":520,"url":"https:\/\/www.abf.se\/wp-content\/uploads\/sites\/94\/2026\/03\/herobild-musikverkstan.png","type":"image\/png"}],"twitter_card":"summary_large_image","schema":{"@context":"https:\/\/schema.org","@graph":[{"@type":"WebPage","@id":"https:\/\/www.abf.se\/musikverkstan\/skapa-musik-tillsammans\/digital-musikverksamhet\/","url":"https:\/\/www.abf.se\/musikverkstan\/skapa-musik-tillsammans\/digital-musikverksamhet\/","name":"Digital musikverksamhet - Musikverkstan","isPartOf":{"@id":"https:\/\/www.abf.se\/musikverkstan\/#website"},"datePublished":"2026-03-03T09:37:58+00:00","dateModified":"2026-03-06T08:32:07+00:00","breadcrumb":{"@id":"https:\/\/www.abf.se\/musikverkstan\/skapa-musik-tillsammans\/digital-musikverksamhet\/#breadcrumb"},"inLanguage":"en-US","potentialAction":[{"@type":"ReadAction","target":["https:\/\/www.abf.se\/musikverkstan\/skapa-musik-tillsammans\/digital-musikverksamhet\/"]}]},{"@type":"BreadcrumbList","@id":"https:\/\/www.abf.se\/musikverkstan\/skapa-musik-tillsammans\/digital-musikverksamhet\/#breadcrumb","itemListElement":[{"@type":"ListItem","position":1,"name":"Home","item":"https:\/\/www.abf.se\/musikverkstan\/"},{"@type":"ListItem","position":2,"name":"Skapa musik tillsammans","item":"https:\/\/www.abf.se\/musikverkstan\/skapa-musik-tillsammans\/"},{"@type":"ListItem","position":3,"name":"Digital musikverksamhet"}]},{"@type":"WebSite","@id":"https:\/\/www.abf.se\/musikverkstan\/#website","url":"https:\/\/www.abf.se\/musikverkstan\/","name":"Musikverkstan","description":"","potentialAction":[{"@type":"SearchAction","target":{"@type":"EntryPoint","urlTemplate":"https:\/\/www.abf.se\/musikverkstan\/?s={search_term_string}"},"query-input":{"@type":"PropertyValueSpecification","valueRequired":true,"valueName":"search_term_string"}}],"inLanguage":"en-US"}]}},"_links":{"self":[{"href":"https:\/\/www.abf.se\/musikverkstan\/wp-json\/wp\/v2\/pages\/103","targetHints":{"allow":["GET"]}}],"collection":[{"href":"https:\/\/www.abf.se\/musikverkstan\/wp-json\/wp\/v2\/pages"}],"about":[{"href":"https:\/\/www.abf.se\/musikverkstan\/wp-json\/wp\/v2\/types\/page"}],"author":[{"embeddable":true,"href":"https:\/\/www.abf.se\/musikverkstan\/wp-json\/wp\/v2\/users\/36"}],"replies":[{"embeddable":true,"href":"https:\/\/www.abf.se\/musikverkstan\/wp-json\/wp\/v2\/comments?post=103"}],"version-history":[{"count":6,"href":"https:\/\/www.abf.se\/musikverkstan\/wp-json\/wp\/v2\/pages\/103\/revisions"}],"predecessor-version":[{"id":488,"href":"https:\/\/www.abf.se\/musikverkstan\/wp-json\/wp\/v2\/pages\/103\/revisions\/488"}],"up":[{"embeddable":true,"href":"https:\/\/www.abf.se\/musikverkstan\/wp-json\/wp\/v2\/pages\/93"}],"wp:attachment":[{"href":"https:\/\/www.abf.se\/musikverkstan\/wp-json\/wp\/v2\/media?parent=103"}],"curies":[{"name":"wp","href":"https:\/\/api.w.org\/{rel}","templated":true}]}}