{"id":112,"date":"2026-03-03T10:51:18","date_gmt":"2026-03-03T09:51:18","guid":{"rendered":"https:\/\/www.abf.se\/musikverkstan\/?page_id=112"},"modified":"2026-03-06T09:16:46","modified_gmt":"2026-03-06T08:16:46","slug":"teknik-och-utrustning","status":"publish","type":"page","link":"https:\/\/www.abf.se\/musikverkstan\/teknik-och-utrustning\/","title":{"rendered":"Teknik och utrustning"},"content":{"rendered":"<div\n    class=\"acf-hero-block container-lg no-padding mb-12 js-geolocation\"\n    data-block=\"hero-block\"\n    data-index=\"0\"\n>\n    <div class=\"h-[548px]  relative rounded-[32px] overflow-hidden flex bg-gray-light\">\n        <div class=\"relative z-10 mt-auto h-auto w-full md:h-full\">\n            <div class=\"flex w-full h-full flex-col flex-wrap justify-end w-full md:w-7\/12 lg:w-1\/2 md:justify-center\">\n                <div class=\"flex flex-col gap-3 md:gap-[18px] md:transparent pt-16 pb-36 md:py-8 px-4 w-full md:max-w-[620px] mx-auto px-8\">\n\n                    <h1 class=\"hero-heading\"><span>Modul 2: Teknik <br \/>\r\noch utrustning<\/span><\/h1>\n\n                    \n                                    <\/div>\n            <\/div>\n        <\/div>\n\n                    <picture class=\"as-background-image mix-blend-multiply bg-black\/40\"><img decoding=\"async\" src=\"https:\/\/www.abf.se\/musikverkstan\/resized\/?url=https%3A%2F%2Fwww.abf.se%2Fwp-content%2Fuploads%2Fsites%2F94%2F2026%2F03%2Fzai-dan-BjgTiZnyrIA-unsplash.jpg&#038;fit=crop&#038;w=1440&#038;s=87127f5aa580234160b9d14b948a08a9\" srcset=\"https:\/\/www.abf.se\/musikverkstan\/resized\/?url=https%3A%2F%2Fwww.abf.se%2Fwp-content%2Fuploads%2Fsites%2F94%2F2026%2F03%2Fzai-dan-BjgTiZnyrIA-unsplash.jpg&#038;fit=crop&#038;w=375&#038;h=540&#038;s=89c2faf50c2a42ffc096db74b2091cdb 375w, https:\/\/www.abf.se\/musikverkstan\/resized\/?url=https%3A%2F%2Fwww.abf.se%2Fwp-content%2Fuploads%2Fsites%2F94%2F2026%2F03%2Fzai-dan-BjgTiZnyrIA-unsplash.jpg&#038;fit=crop&#038;w=447&#038;h=540&#038;s=36e1e3deb9906dc8bbbddbb494c70901 447w, https:\/\/www.abf.se\/musikverkstan\/resized\/?url=https%3A%2F%2Fwww.abf.se%2Fwp-content%2Fuploads%2Fsites%2F94%2F2026%2F03%2Fzai-dan-BjgTiZnyrIA-unsplash.jpg&#038;fit=crop&#038;w=519&#038;h=540&#038;s=e95788e77d54111a4afabcdc9f913eef 519w, https:\/\/www.abf.se\/musikverkstan\/resized\/?url=https%3A%2F%2Fwww.abf.se%2Fwp-content%2Fuploads%2Fsites%2F94%2F2026%2F03%2Fzai-dan-BjgTiZnyrIA-unsplash.jpg&#038;fit=crop&#038;w=591&#038;h=540&#038;s=269730b8f28c8f50d624798049617f72 591w, https:\/\/www.abf.se\/musikverkstan\/resized\/?url=https%3A%2F%2Fwww.abf.se%2Fwp-content%2Fuploads%2Fsites%2F94%2F2026%2F03%2Fzai-dan-BjgTiZnyrIA-unsplash.jpg&#038;fit=crop&#038;w=663&#038;h=540&#038;s=53fc04e38a0bf8a2765c5e61cd679183 663w, https:\/\/www.abf.se\/musikverkstan\/resized\/?url=https%3A%2F%2Fwww.abf.se%2Fwp-content%2Fuploads%2Fsites%2F94%2F2026%2F03%2Fzai-dan-BjgTiZnyrIA-unsplash.jpg&#038;fit=crop&#038;w=750&#038;h=540&#038;s=5b91f37739d032049dcb23b757bb2bcf 750w, https:\/\/www.abf.se\/musikverkstan\/resized\/?url=https%3A%2F%2Fwww.abf.se%2Fwp-content%2Fuploads%2Fsites%2F94%2F2026%2F03%2Fzai-dan-BjgTiZnyrIA-unsplash.jpg&#038;fit=crop&#038;w=894&#038;h=540&#038;s=069fe55660fbb5fcdfa186d4ed45784e 894w, https:\/\/www.abf.se\/musikverkstan\/resized\/?url=https%3A%2F%2Fwww.abf.se%2Fwp-content%2Fuploads%2Fsites%2F94%2F2026%2F03%2Fzai-dan-BjgTiZnyrIA-unsplash.jpg&#038;fit=crop&#038;w=1038&#038;h=540&#038;s=59b4433b62cd1d4225e0c73e6bbcc539 1038w, https:\/\/www.abf.se\/musikverkstan\/resized\/?url=https%3A%2F%2Fwww.abf.se%2Fwp-content%2Fuploads%2Fsites%2F94%2F2026%2F03%2Fzai-dan-BjgTiZnyrIA-unsplash.jpg&#038;fit=crop&#038;w=1182&#038;h=540&#038;s=b14f14539f0bae65dc6f0ddd95143462 1182w, https:\/\/www.abf.se\/musikverkstan\/resized\/?url=https%3A%2F%2Fwww.abf.se%2Fwp-content%2Fuploads%2Fsites%2F94%2F2026%2F03%2Fzai-dan-BjgTiZnyrIA-unsplash.jpg&#038;fit=crop&#038;w=1326&#038;h=540&#038;s=90e61edf5186b05cdd164a4c0abb2f0b 1326w, https:\/\/www.abf.se\/musikverkstan\/resized\/?url=https%3A%2F%2Fwww.abf.se%2Fwp-content%2Fuploads%2Fsites%2F94%2F2026%2F03%2Fzai-dan-BjgTiZnyrIA-unsplash.jpg&#038;fit=crop&#038;w=1440&#038;h=540&#038;s=a555ba82f0127a1949f5a98f95da50be 1440w\" alt=\"\" height=\"540\" width=\"1440\" sizes=\"(max-width: 1440px) calc(100vw - 32px), 1440px\" loading=\"eager\" fetchpriority=\"high\" aria-hidden=\"true\" role=\"presentation\" \/><\/picture>\n        \n\n            <\/div>\n\n    <\/div>\n\n<div\n    class=\"acf-plain-heading-block container my-16\"\n    data-block=\"plain-heading-block\"\n>\n    <div class=\"max-w-[658px] mx-auto\">\n                            <p class=\"mt-8 body-xl text-black\">\n                I den h\u00e4r modulen har vi samlat info och tips om de viktigaste sakerna att ha koll p\u00e5 f\u00f6r att kunna f\u00e5 till en bra ljudmilj\u00f6 i replokalen samt spela in er musik, oavsett f\u00f6rkunskaper! \n            <\/p>\n            <\/div>\n<\/div>\n<div\n        class=\"acf-article-video-block article-container-lg my-12 external-video\"\n        data-block=\"article-video-block\"\n    >\n                \n                    <iframe loading=\"lazy\" title=\"Sistan  Rigga upp inf\u00f6r rep\" width=\"500\" height=\"281\" src=\"https:\/\/www.youtube.com\/embed\/XsFoNBDGCYE?feature=oembed\" frameborder=\"0\" allow=\"accelerometer; autoplay; clipboard-write; encrypted-media; gyroscope; picture-in-picture; web-share\" referrerpolicy=\"strict-origin-when-cross-origin\" allowfullscreen><\/iframe>\n                            <\/div>\n<div\n    class=\"acf-text-image-block container bg-gray-light py-12 md:py-15\"\n    data-block=\"text-image-block\"\n>\n    <div\n    class=\"flex flex-col items-center md:flex-row gap-8 md:gap-0 justify-between\">\n                        <div class=\"w-full md:w-1\/2 md:order-2\">\n            <picture><img decoding=\"async\" src=\"https:\/\/www.abf.se\/musikverkstan\/resized\/?url=https%3A%2F%2Fwww.abf.se%2Fwp-content%2Fuploads%2Fsites%2F94%2F2026%2F03%2Fparsa-OLC4mi2SYb8-unsplash-scaled.jpg&#038;fit=crop&#038;w=578&#038;s=a9e034fea814351b160ca323b618808a\" srcset=\"https:\/\/www.abf.se\/musikverkstan\/resized\/?url=https%3A%2F%2Fwww.abf.se%2Fwp-content%2Fuploads%2Fsites%2F94%2F2026%2F03%2Fparsa-OLC4mi2SYb8-unsplash-scaled.jpg&#038;fit=crop&#038;w=144&#038;h=126&#038;s=4cf5b7447f994bed9aae6c0d83d610d9 144w, https:\/\/www.abf.se\/musikverkstan\/resized\/?url=https%3A%2F%2Fwww.abf.se%2Fwp-content%2Fuploads%2Fsites%2F94%2F2026%2F03%2Fparsa-OLC4mi2SYb8-unsplash-scaled.jpg&#038;fit=crop&#038;w=240&#038;h=211&#038;s=69765b729aebdc1cc4f461d3c593e7ad 240w, https:\/\/www.abf.se\/musikverkstan\/resized\/?url=https%3A%2F%2Fwww.abf.se%2Fwp-content%2Fuploads%2Fsites%2F94%2F2026%2F03%2Fparsa-OLC4mi2SYb8-unsplash-scaled.jpg&#038;fit=crop&#038;w=288&#038;h=253&#038;s=edd1ed5b4ced498431ab4f3e5d9f2b71 288w, https:\/\/www.abf.se\/musikverkstan\/resized\/?url=https%3A%2F%2Fwww.abf.se%2Fwp-content%2Fuploads%2Fsites%2F94%2F2026%2F03%2Fparsa-OLC4mi2SYb8-unsplash-scaled.jpg&#038;fit=crop&#038;w=336&#038;h=295&#038;s=116b80cc555719e13b0bf08fa6c0f81f 336w, https:\/\/www.abf.se\/musikverkstan\/resized\/?url=https%3A%2F%2Fwww.abf.se%2Fwp-content%2Fuploads%2Fsites%2F94%2F2026%2F03%2Fparsa-OLC4mi2SYb8-unsplash-scaled.jpg&#038;fit=crop&#038;w=432&#038;h=380&#038;s=dddc7c2d3d2469eb2c381ec13bff4363 432w, https:\/\/www.abf.se\/musikverkstan\/resized\/?url=https%3A%2F%2Fwww.abf.se%2Fwp-content%2Fuploads%2Fsites%2F94%2F2026%2F03%2Fparsa-OLC4mi2SYb8-unsplash-scaled.jpg&#038;fit=crop&#038;w=480&#038;h=422&#038;s=6de2ef34de8285009ee7521b1d62c943 480w, https:\/\/www.abf.se\/musikverkstan\/resized\/?url=https%3A%2F%2Fwww.abf.se%2Fwp-content%2Fuploads%2Fsites%2F94%2F2026%2F03%2Fparsa-OLC4mi2SYb8-unsplash-scaled.jpg&#038;fit=crop&#038;w=528&#038;h=464&#038;s=964e521ea7539c1c5c69e4681fa18b52 528w, https:\/\/www.abf.se\/musikverkstan\/resized\/?url=https%3A%2F%2Fwww.abf.se%2Fwp-content%2Fuploads%2Fsites%2F94%2F2026%2F03%2Fparsa-OLC4mi2SYb8-unsplash-scaled.jpg&#038;fit=crop&#038;w=578&#038;h=509&#038;s=01968729d47da48072dd9a5e21d19e10 578w, https:\/\/www.abf.se\/musikverkstan\/resized\/?url=https%3A%2F%2Fwww.abf.se%2Fwp-content%2Fuploads%2Fsites%2F94%2F2026%2F03%2Fparsa-OLC4mi2SYb8-unsplash-scaled.jpg&#038;fit=crop&#038;w=672&#038;h=591&#038;s=fb79767759e9b87b7b48ac40508d2aed 672w, https:\/\/www.abf.se\/musikverkstan\/resized\/?url=https%3A%2F%2Fwww.abf.se%2Fwp-content%2Fuploads%2Fsites%2F94%2F2026%2F03%2Fparsa-OLC4mi2SYb8-unsplash-scaled.jpg&#038;fit=crop&#038;w=864&#038;h=760&#038;s=769c2c97aefe3476b5f3291e577b5131 864w, https:\/\/www.abf.se\/musikverkstan\/resized\/?url=https%3A%2F%2Fwww.abf.se%2Fwp-content%2Fuploads%2Fsites%2F94%2F2026%2F03%2Fparsa-OLC4mi2SYb8-unsplash-scaled.jpg&#038;fit=crop&#038;w=1056&#038;h=929&#038;s=955ae1e7f87ab83e757b6af9a33b9819 1056w\" alt=\"ett piano, f&ouml;rst&auml;rkare och elgitarr.\" height=\"509\" width=\"578\" sizes=\"auto, (max-width: 768px) 100vw,\n                (max-width: 1280px) 50vw, 578px\" loading=\"lazy\" fetchpriority=\"low\" \/><\/picture>\n\n        <\/div>\n        \n        <div class=\"w-full md:w-1\/2 md:order-1\">\n        <div class=\"mx-auto md:max-w-[368px]\">\n            <h2 class=\"heading-lg\">Avsnitt 1: Replokalens utrustning<\/h2>\n            <div class=\"mb-6 mt-4 wysiwyg\">\n                \n            <\/div>\n                                            <a href='https:\/\/www.abf.se\/musikverkstan\/teknik-och-utrustning\/replokalens-utrustning\/' class=\"default-button\" target=\"\">Replokalens utrustning<\/a>\n                    <\/div>\n        <\/div>\n    <\/div>\n<\/div><div\n    class=\"acf-text-image-block container my-12 md:my-15\"\n    data-block=\"text-image-block\"\n>\n    <div\n    class=\"flex flex-col items-center md:flex-row gap-8 md:gap-0 justify-between\">\n                        <div class=\"w-full md:w-1\/2 md:order-2\">\n            <picture><img decoding=\"async\" src=\"https:\/\/www.abf.se\/musikverkstan\/resized\/?url=https%3A%2F%2Fwww.abf.se%2Fwp-content%2Fuploads%2Fsites%2F94%2F2026%2F03%2Fhogtalare-musikverkstan.png&#038;fit=crop&#038;w=578&#038;s=9b79ce472339212371bbe55e70e5271a\" srcset=\"https:\/\/www.abf.se\/musikverkstan\/resized\/?url=https%3A%2F%2Fwww.abf.se%2Fwp-content%2Fuploads%2Fsites%2F94%2F2026%2F03%2Fhogtalare-musikverkstan.png&#038;fit=crop&#038;w=144&#038;h=126&#038;s=d7d32b37b98c7937627d9e3e3abf5cbe 144w, https:\/\/www.abf.se\/musikverkstan\/resized\/?url=https%3A%2F%2Fwww.abf.se%2Fwp-content%2Fuploads%2Fsites%2F94%2F2026%2F03%2Fhogtalare-musikverkstan.png&#038;fit=crop&#038;w=240&#038;h=211&#038;s=8315c5a80e26fbca09cb2058c26c1fdb 240w, https:\/\/www.abf.se\/musikverkstan\/resized\/?url=https%3A%2F%2Fwww.abf.se%2Fwp-content%2Fuploads%2Fsites%2F94%2F2026%2F03%2Fhogtalare-musikverkstan.png&#038;fit=crop&#038;w=288&#038;h=253&#038;s=c897a2e78e0f3ae2a7e73cf261415b64 288w, https:\/\/www.abf.se\/musikverkstan\/resized\/?url=https%3A%2F%2Fwww.abf.se%2Fwp-content%2Fuploads%2Fsites%2F94%2F2026%2F03%2Fhogtalare-musikverkstan.png&#038;fit=crop&#038;w=336&#038;h=295&#038;s=2b850493f4f01c3020227294c20c7d4b 336w, https:\/\/www.abf.se\/musikverkstan\/resized\/?url=https%3A%2F%2Fwww.abf.se%2Fwp-content%2Fuploads%2Fsites%2F94%2F2026%2F03%2Fhogtalare-musikverkstan.png&#038;fit=crop&#038;w=432&#038;h=380&#038;s=543e827df94b2f80ff14d441247e466c 432w, https:\/\/www.abf.se\/musikverkstan\/resized\/?url=https%3A%2F%2Fwww.abf.se%2Fwp-content%2Fuploads%2Fsites%2F94%2F2026%2F03%2Fhogtalare-musikverkstan.png&#038;fit=crop&#038;w=480&#038;h=422&#038;s=191740b007de899fe6b630d557495764 480w, https:\/\/www.abf.se\/musikverkstan\/resized\/?url=https%3A%2F%2Fwww.abf.se%2Fwp-content%2Fuploads%2Fsites%2F94%2F2026%2F03%2Fhogtalare-musikverkstan.png&#038;fit=crop&#038;w=528&#038;h=464&#038;s=bfe1c48300ec16f2cc6d3cac5f01b746 528w, https:\/\/www.abf.se\/musikverkstan\/resized\/?url=https%3A%2F%2Fwww.abf.se%2Fwp-content%2Fuploads%2Fsites%2F94%2F2026%2F03%2Fhogtalare-musikverkstan.png&#038;fit=crop&#038;w=578&#038;h=509&#038;s=799afca0c58fc1558cced0fea3c28655 578w, https:\/\/www.abf.se\/musikverkstan\/resized\/?url=https%3A%2F%2Fwww.abf.se%2Fwp-content%2Fuploads%2Fsites%2F94%2F2026%2F03%2Fhogtalare-musikverkstan.png&#038;fit=crop&#038;w=672&#038;h=591&#038;s=088b6688f7c71a84869f0038802863a6 672w, https:\/\/www.abf.se\/musikverkstan\/resized\/?url=https%3A%2F%2Fwww.abf.se%2Fwp-content%2Fuploads%2Fsites%2F94%2F2026%2F03%2Fhogtalare-musikverkstan.png&#038;fit=crop&#038;w=864&#038;h=760&#038;s=0bcfb284ac6711ddcc21b8cbb52c2a49 864w, https:\/\/www.abf.se\/musikverkstan\/resized\/?url=https%3A%2F%2Fwww.abf.se%2Fwp-content%2Fuploads%2Fsites%2F94%2F2026%2F03%2Fhogtalare-musikverkstan.png&#038;fit=crop&#038;w=1056&#038;h=929&#038;s=334322c77c2af9720cfe5513bdddfec5 1056w\" alt=\"m&aring;nga h&ouml;gtalare\" height=\"509\" width=\"578\" sizes=\"auto, (max-width: 768px) 100vw,\n                (max-width: 1280px) 50vw, 578px\" loading=\"lazy\" fetchpriority=\"low\" \/><\/picture>\n\n        <\/div>\n        \n        <div class=\"w-full md:w-1\/2 md:order-1\">\n        <div class=\"mx-auto md:max-w-[368px]\">\n            <h2 class=\"heading-lg\">Avsnitt 2: H\u00f6rsel och f\u00f6rebyggande<\/h2>\n            <div class=\"mb-6 mt-4 wysiwyg\">\n                \n            <\/div>\n                                            <a href='https:\/\/www.abf.se\/musikverkstan\/teknik-och-utrustning\/horsel-och-forebyggande\/' class=\"default-button\" target=\"\">H\u00f6rsel och f\u00f6rebyggande<\/a>\n                    <\/div>\n        <\/div>\n    <\/div>\n<\/div><div\n    class=\"acf-text-image-block container bg-gray-light py-12 md:py-15\"\n    data-block=\"text-image-block\"\n>\n    <div\n    class=\"flex flex-col items-center md:flex-row gap-8 md:gap-0 justify-between\">\n                        <div class=\"w-full md:w-1\/2 md:order-2\">\n            <picture><img decoding=\"async\" src=\"https:\/\/www.abf.se\/musikverkstan\/resized\/?url=https%3A%2F%2Fwww.abf.se%2Fwp-content%2Fuploads%2Fsites%2F94%2F2026%2F03%2FStockSnap_NXO1780IVG-scaled.jpg&#038;fit=crop&#038;w=578&#038;s=999b4d1aed8395c9556766e362007625\" srcset=\"https:\/\/www.abf.se\/musikverkstan\/resized\/?url=https%3A%2F%2Fwww.abf.se%2Fwp-content%2Fuploads%2Fsites%2F94%2F2026%2F03%2FStockSnap_NXO1780IVG-scaled.jpg&#038;fit=crop&#038;w=144&#038;h=126&#038;s=eee6328317db21bd0d0f6df3189a0dbd 144w, https:\/\/www.abf.se\/musikverkstan\/resized\/?url=https%3A%2F%2Fwww.abf.se%2Fwp-content%2Fuploads%2Fsites%2F94%2F2026%2F03%2FStockSnap_NXO1780IVG-scaled.jpg&#038;fit=crop&#038;w=240&#038;h=211&#038;s=58f1195e73aac467291e9c7e68ff168f 240w, https:\/\/www.abf.se\/musikverkstan\/resized\/?url=https%3A%2F%2Fwww.abf.se%2Fwp-content%2Fuploads%2Fsites%2F94%2F2026%2F03%2FStockSnap_NXO1780IVG-scaled.jpg&#038;fit=crop&#038;w=288&#038;h=253&#038;s=b3e89ba91637dcaf653ebb4b83e2c14d 288w, https:\/\/www.abf.se\/musikverkstan\/resized\/?url=https%3A%2F%2Fwww.abf.se%2Fwp-content%2Fuploads%2Fsites%2F94%2F2026%2F03%2FStockSnap_NXO1780IVG-scaled.jpg&#038;fit=crop&#038;w=336&#038;h=295&#038;s=1904df852da74d21c808c5fdcdbf44b4 336w, https:\/\/www.abf.se\/musikverkstan\/resized\/?url=https%3A%2F%2Fwww.abf.se%2Fwp-content%2Fuploads%2Fsites%2F94%2F2026%2F03%2FStockSnap_NXO1780IVG-scaled.jpg&#038;fit=crop&#038;w=432&#038;h=380&#038;s=260a6645e787e8c058a7410abf22cf78 432w, https:\/\/www.abf.se\/musikverkstan\/resized\/?url=https%3A%2F%2Fwww.abf.se%2Fwp-content%2Fuploads%2Fsites%2F94%2F2026%2F03%2FStockSnap_NXO1780IVG-scaled.jpg&#038;fit=crop&#038;w=480&#038;h=422&#038;s=347e1a25cdab2c722c35505a4c35038b 480w, https:\/\/www.abf.se\/musikverkstan\/resized\/?url=https%3A%2F%2Fwww.abf.se%2Fwp-content%2Fuploads%2Fsites%2F94%2F2026%2F03%2FStockSnap_NXO1780IVG-scaled.jpg&#038;fit=crop&#038;w=528&#038;h=464&#038;s=8cf01bdebaf2432ee372fc62118194e3 528w, https:\/\/www.abf.se\/musikverkstan\/resized\/?url=https%3A%2F%2Fwww.abf.se%2Fwp-content%2Fuploads%2Fsites%2F94%2F2026%2F03%2FStockSnap_NXO1780IVG-scaled.jpg&#038;fit=crop&#038;w=578&#038;h=509&#038;s=2a52ba6dbd23714e0a1d654425544c28 578w, https:\/\/www.abf.se\/musikverkstan\/resized\/?url=https%3A%2F%2Fwww.abf.se%2Fwp-content%2Fuploads%2Fsites%2F94%2F2026%2F03%2FStockSnap_NXO1780IVG-scaled.jpg&#038;fit=crop&#038;w=672&#038;h=591&#038;s=ac30b507809f7bae0e4601b0f2f69e12 672w, https:\/\/www.abf.se\/musikverkstan\/resized\/?url=https%3A%2F%2Fwww.abf.se%2Fwp-content%2Fuploads%2Fsites%2F94%2F2026%2F03%2FStockSnap_NXO1780IVG-scaled.jpg&#038;fit=crop&#038;w=864&#038;h=760&#038;s=7319f9b14e1f5fd107839fff7f0579a2 864w, https:\/\/www.abf.se\/musikverkstan\/resized\/?url=https%3A%2F%2Fwww.abf.se%2Fwp-content%2Fuploads%2Fsites%2F94%2F2026%2F03%2FStockSnap_NXO1780IVG-scaled.jpg&#038;fit=crop&#038;w=1056&#038;h=929&#038;s=9a327c72427cb9a34b93a04e42218a6f 1056w\" alt=\"en microfon\" height=\"509\" width=\"578\" sizes=\"auto, (max-width: 768px) 100vw,\n                (max-width: 1280px) 50vw, 578px\" loading=\"lazy\" fetchpriority=\"low\" \/><\/picture>\n\n        <\/div>\n        \n        <div class=\"w-full md:w-1\/2 md:order-1\">\n        <div class=\"mx-auto md:max-w-[368px]\">\n            <h2 class=\"heading-lg\">Avsnitt 3: Inspelning<\/h2>\n            <div class=\"mb-6 mt-4 wysiwyg\">\n                \n            <\/div>\n                                            <a href='https:\/\/www.abf.se\/musikverkstan\/teknik-och-utrustning\/inspelning\/' class=\"default-button\" target=\"\">Inspelning<\/a>\n                    <\/div>\n        <\/div>\n    <\/div>\n<\/div><div\n    class=\"acf-article-cta-link-block article-container my-8\"\n    data-block=\"article-cta-link-block\"\n>\n<div>\n    <a class=\"inline-flex flex-row items-center gap-4 text-link underline text-red-dark\"\n        href=\"https:\/\/www.abf.se\/musikverkstan\/\"\n            >\n        <span class=\"\">\n        Tillbaka till startsidan f\u00f6r Musikverkstan\n        <\/span>\n        <figure aria-hidden=\"true\" class=\"rounded-full bg-red-dark w-8 h-8 p-1 text-white\">\n            <svg width=\"20\" height=\"20\" viewBox=\"0 0 20 20\" fill=\"none\" class=\"SvgIconElement\">\n<path d=\"M4.16659 10L15.8333 10\" stroke=\"currentColor\"\/>\n<path d=\"M9.99992 4.1665L15.8333 9.99984L9.99992 15.8332\" stroke=\"currentColor\"\/>\n<\/svg>\n        <\/figure>\n    <\/a>\n<\/div>\n<\/div>\n","protected":false},"excerpt":{"rendered":"","protected":false},"author":36,"featured_media":0,"parent":0,"menu_order":0,"comment_status":"closed","ping_status":"closed","template":"","meta":{"_acf_changed":false,"footnotes":""},"class_list":["post-112","page","type-page","status-publish","hentry"],"acf":[],"yoast_head":"<!-- This site is optimized with the Yoast SEO plugin v27.0 - https:\/\/yoast.com\/product\/yoast-seo-wordpress\/ -->\n<title>Teknik och utrustning - Musikverkstan<\/title>\n<meta name=\"robots\" content=\"index, follow, max-snippet:-1, max-image-preview:large, max-video-preview:-1\" \/>\n<link rel=\"canonical\" href=\"https:\/\/www.abf.se\/musikverkstan\/teknik-och-utrustning\/\" \/>\n<meta property=\"og:locale\" content=\"en_US\" \/>\n<meta property=\"og:type\" content=\"article\" \/>\n<meta property=\"og:title\" content=\"Teknik och utrustning - Musikverkstan\" \/>\n<meta property=\"og:url\" content=\"https:\/\/www.abf.se\/musikverkstan\/teknik-och-utrustning\/\" \/>\n<meta property=\"og:site_name\" content=\"Musikverkstan\" \/>\n<meta property=\"article:modified_time\" content=\"2026-03-06T08:16:46+00:00\" \/>\n<meta property=\"og:image\" content=\"https:\/\/www.abf.se\/wp-content\/uploads\/sites\/94\/2026\/03\/herobild-musikverkstan.png\" \/>\n\t<meta property=\"og:image:width\" content=\"1440\" \/>\n\t<meta property=\"og:image:height\" content=\"520\" \/>\n\t<meta property=\"og:image:type\" content=\"image\/png\" \/>\n<meta name=\"twitter:card\" content=\"summary_large_image\" \/>\n<script type=\"application\/ld+json\" class=\"yoast-schema-graph\">{\"@context\":\"https:\/\/schema.org\",\"@graph\":[{\"@type\":\"WebPage\",\"@id\":\"https:\/\/www.abf.se\/musikverkstan\/teknik-och-utrustning\/\",\"url\":\"https:\/\/www.abf.se\/musikverkstan\/teknik-och-utrustning\/\",\"name\":\"Teknik och utrustning - Musikverkstan\",\"isPartOf\":{\"@id\":\"https:\/\/www.abf.se\/musikverkstan\/#website\"},\"datePublished\":\"2026-03-03T09:51:18+00:00\",\"dateModified\":\"2026-03-06T08:16:46+00:00\",\"breadcrumb\":{\"@id\":\"https:\/\/www.abf.se\/musikverkstan\/teknik-och-utrustning\/#breadcrumb\"},\"inLanguage\":\"en-US\",\"potentialAction\":[{\"@type\":\"ReadAction\",\"target\":[\"https:\/\/www.abf.se\/musikverkstan\/teknik-och-utrustning\/\"]}]},{\"@type\":\"BreadcrumbList\",\"@id\":\"https:\/\/www.abf.se\/musikverkstan\/teknik-och-utrustning\/#breadcrumb\",\"itemListElement\":[{\"@type\":\"ListItem\",\"position\":1,\"name\":\"Home\",\"item\":\"https:\/\/www.abf.se\/musikverkstan\/\"},{\"@type\":\"ListItem\",\"position\":2,\"name\":\"Teknik och utrustning\"}]},{\"@type\":\"WebSite\",\"@id\":\"https:\/\/www.abf.se\/musikverkstan\/#website\",\"url\":\"https:\/\/www.abf.se\/musikverkstan\/\",\"name\":\"Musikverkstan\",\"description\":\"\",\"potentialAction\":[{\"@type\":\"SearchAction\",\"target\":{\"@type\":\"EntryPoint\",\"urlTemplate\":\"https:\/\/www.abf.se\/musikverkstan\/?s={search_term_string}\"},\"query-input\":{\"@type\":\"PropertyValueSpecification\",\"valueRequired\":true,\"valueName\":\"search_term_string\"}}],\"inLanguage\":\"en-US\"}]}<\/script>\n<!-- \/ Yoast SEO plugin. -->","yoast_head_json":{"title":"Teknik och utrustning - Musikverkstan","robots":{"index":"index","follow":"follow","max-snippet":"max-snippet:-1","max-image-preview":"max-image-preview:large","max-video-preview":"max-video-preview:-1"},"canonical":"https:\/\/www.abf.se\/musikverkstan\/teknik-och-utrustning\/","og_locale":"en_US","og_type":"article","og_title":"Teknik och utrustning - Musikverkstan","og_url":"https:\/\/www.abf.se\/musikverkstan\/teknik-och-utrustning\/","og_site_name":"Musikverkstan","article_modified_time":"2026-03-06T08:16:46+00:00","og_image":[{"width":1440,"height":520,"url":"https:\/\/www.abf.se\/wp-content\/uploads\/sites\/94\/2026\/03\/herobild-musikverkstan.png","type":"image\/png"}],"twitter_card":"summary_large_image","schema":{"@context":"https:\/\/schema.org","@graph":[{"@type":"WebPage","@id":"https:\/\/www.abf.se\/musikverkstan\/teknik-och-utrustning\/","url":"https:\/\/www.abf.se\/musikverkstan\/teknik-och-utrustning\/","name":"Teknik och utrustning - Musikverkstan","isPartOf":{"@id":"https:\/\/www.abf.se\/musikverkstan\/#website"},"datePublished":"2026-03-03T09:51:18+00:00","dateModified":"2026-03-06T08:16:46+00:00","breadcrumb":{"@id":"https:\/\/www.abf.se\/musikverkstan\/teknik-och-utrustning\/#breadcrumb"},"inLanguage":"en-US","potentialAction":[{"@type":"ReadAction","target":["https:\/\/www.abf.se\/musikverkstan\/teknik-och-utrustning\/"]}]},{"@type":"BreadcrumbList","@id":"https:\/\/www.abf.se\/musikverkstan\/teknik-och-utrustning\/#breadcrumb","itemListElement":[{"@type":"ListItem","position":1,"name":"Home","item":"https:\/\/www.abf.se\/musikverkstan\/"},{"@type":"ListItem","position":2,"name":"Teknik och utrustning"}]},{"@type":"WebSite","@id":"https:\/\/www.abf.se\/musikverkstan\/#website","url":"https:\/\/www.abf.se\/musikverkstan\/","name":"Musikverkstan","description":"","potentialAction":[{"@type":"SearchAction","target":{"@type":"EntryPoint","urlTemplate":"https:\/\/www.abf.se\/musikverkstan\/?s={search_term_string}"},"query-input":{"@type":"PropertyValueSpecification","valueRequired":true,"valueName":"search_term_string"}}],"inLanguage":"en-US"}]}},"_links":{"self":[{"href":"https:\/\/www.abf.se\/musikverkstan\/wp-json\/wp\/v2\/pages\/112","targetHints":{"allow":["GET"]}}],"collection":[{"href":"https:\/\/www.abf.se\/musikverkstan\/wp-json\/wp\/v2\/pages"}],"about":[{"href":"https:\/\/www.abf.se\/musikverkstan\/wp-json\/wp\/v2\/types\/page"}],"author":[{"embeddable":true,"href":"https:\/\/www.abf.se\/musikverkstan\/wp-json\/wp\/v2\/users\/36"}],"replies":[{"embeddable":true,"href":"https:\/\/www.abf.se\/musikverkstan\/wp-json\/wp\/v2\/comments?post=112"}],"version-history":[{"count":12,"href":"https:\/\/www.abf.se\/musikverkstan\/wp-json\/wp\/v2\/pages\/112\/revisions"}],"predecessor-version":[{"id":470,"href":"https:\/\/www.abf.se\/musikverkstan\/wp-json\/wp\/v2\/pages\/112\/revisions\/470"}],"wp:attachment":[{"href":"https:\/\/www.abf.se\/musikverkstan\/wp-json\/wp\/v2\/media?parent=112"}],"curies":[{"name":"wp","href":"https:\/\/api.w.org\/{rel}","templated":true}]}}