{"id":137,"date":"2026-03-03T13:45:07","date_gmt":"2026-03-03T12:45:07","guid":{"rendered":"https:\/\/www.abf.se\/musikverkstan\/?page_id=137"},"modified":"2026-03-17T08:52:45","modified_gmt":"2026-03-17T07:52:45","slug":"kulturkrock","status":"publish","type":"page","link":"https:\/\/www.abf.se\/musikverkstan\/kulturkrock\/","title":{"rendered":"Kulturkrock"},"content":{"rendered":"<div\n    class=\"acf-plain-heading-block container my-16\"\n    data-block=\"plain-heading-block\"\n>\n    <div class=\"max-w-[658px] mx-auto\">\n                <h1 class=\"hero-heading\"><span>Kulturkrock<\/span><\/h1>\n                            <p class=\"mt-8 body-xl text-black\">\n                Spelar ni musik och \u00e4r intresserade av att spela i andra st\u00e4der? Tillsammans med andra band\/artister? D\u00e5 \u00e4r Kulturkrock n\u00e5got f\u00f6r er!<br \/>\r\n\n            <\/p>\n            <\/div>\n<\/div>\n<div\n    class=\"acf-article-text-block article-container my-12\"\n    data-block=\"article-text-block\"\n>\n    <div class=\"wysiwyg\">\n        <div class=\"x_elementToProof\" data-olk-copy-source=\"MessageBody\">Kulturkrock ger er ett nytt n\u00e4tverk med m\u00f6jligheter f\u00f6r dig och ditt band.<\/div>\n<div class=\"x_elementToProof\">Arrangemangen riktar sig till er som \u00e4r mellan 15\u201325 \u00e5r och som kostnadsfritt vill sprida och framf\u00f6ra er musik till andra platser i Sverige. Vi \u00e4r ett n\u00e4tverk av kulturhus med fullt utrustade scener.<\/div>\n<div class=\"x_elementToProof\">Som arrang\u00f6rer planerar ni en spelning i er hemstad d\u00e4r artister fr\u00e5n andra st\u00e4der kommer och spelar samtidigt som ni f\u00e5r m\u00f6jlighet att spela i tv\u00e5 andra st\u00e4der med andra artister.<\/div>\n<div class=\"x_elementToProof\">Kulturkrock \u00e4r ett nationellt n\u00e4tverk som drivs av ABF tillsammans med ett flertal lokala och kommunala kulturhus.<\/div>\n<p><span data-contrast=\"auto\">Dessa st\u00e4der \u00e4r idag med i Kulturkrock:<\/span><span data-ccp-props=\"{}\">\u00a0<\/span><\/p>\n<h3><span data-contrast=\"auto\">G\u00e4vle\/Musikhuset <\/span><\/h3>\n<p><span data-contrast=\"auto\">Webbplats: <\/span><a href=\"https:\/\/musikhuset.nu\/\"><span data-contrast=\"none\">https:\/\/musikhuset.nu<\/span><\/a><span data-ccp-props=\"{}\">\u00a0<\/span><\/p>\n<p>Kontakt: daniela.caneo@abf.se<\/p>\n<h3><span data-contrast=\"auto\">Uppsala\/Grand <\/span><\/h3>\n<p><span data-contrast=\"auto\">Webbplats: <\/span><a href=\"https:\/\/grand.uppsala.se\/\"><span data-contrast=\"none\">https:\/\/grand.uppsala.se<\/span><\/a><span data-ccp-props=\"{}\">\u00a0<\/span><\/p>\n<p>Kontakt: patrik.sporrong@abf.se<\/p>\n<h3><span data-contrast=\"auto\">G\u00f6teborg\/Kulturlagret <\/span><\/h3>\n<p><span data-contrast=\"auto\">Webbplats:\u00a0<\/span><a href=\"https:\/\/www.facebook.com\/kulturlagretgbg\"><span data-contrast=\"none\">https:\/\/www.facebook.com\/kulturlagretgbg<\/span><\/a><span data-ccp-props=\"{}\">\u00a0<\/span><\/p>\n<p>Kontakt: kulturlagret@goteborg.se<\/p>\n<h3><span data-contrast=\"auto\">Halmstad\/Nolltrefem <\/span><\/h3>\n<p><span data-contrast=\"auto\">Webbplats: <\/span><a href=\"https:\/\/www.facebook.com\/nolltrefem\"><span data-contrast=\"none\">https:\/\/www.facebook.com\/nolltrefem<\/span><\/a><span data-ccp-props=\"{}\">\u00a0<\/span><\/p>\n<p>Kontakt: david.svensson@halmstad.se<\/p>\n<h3><span data-contrast=\"auto\">Helsingborg\/Fryshuset<\/span><\/h3>\n<p><span data-contrast=\"auto\">Webbplats: <\/span><a href=\"https:\/\/www.facebook.com\/Fryshusethbg\"><span data-contrast=\"none\">https:\/\/www.facebook.com\/Fryshusethbg<\/span><\/a><span data-ccp-props=\"{}\">\u00a0<\/span><\/p>\n<p>Kontakt: ellen.stalnackenero@abf.se<\/p>\n<h3><span data-contrast=\"auto\">Stockholm Farsta\/Tuben<\/span><\/h3>\n<p><span data-contrast=\"auto\">Webbplats: <\/span><a href=\"https:\/\/www.facebook.com\/tubenfarsta\"><span data-contrast=\"none\">https:\/\/www.facebook.com\/tubenfarsta<\/span><\/a><span data-ccp-props=\"{}\">\u00a0<\/span><\/p>\n<p>Kontakt: minna.bolin@abf.se<\/p>\n<h2><span data-contrast=\"auto\">L\u00e5ter detta intressant?<\/span><span data-ccp-props=\"{}\">\u00a0<\/span><\/h2>\n<p><span data-contrast=\"auto\">Intresseanm\u00e4lan: <a href=\"https:\/\/forms.gle\/MKEBn1ZHoT7HK5xz7\">Anm\u00e4l dig i detta formul\u00e4r\u00a0<\/a><\/span><\/p>\n<div class=\"x_elementToProof\"><\/div>\n\n    <\/div>\n<\/div>\n<div\n    class=\"acf-article-image-block mb-12 article-container-lg\"\n    data-block=\"article-image-block\"\n>\n<div class=\"\">\n\n        <figure>\n        \n            <picture class=\"round-corners-lg w-full\"><img decoding=\"async\" src=\"https:\/\/www.abf.se\/musikverkstan\/resized\/?url=https%3A%2F%2Fwww.abf.se%2Fwp-content%2Fuploads%2Fsites%2F94%2F2026%2F03%2FKulturkrock_LOGO_CLR-scaled.png&#038;fit=contain&#038;w=788&#038;s=7afe43263537acf10e996d137ed89772\" srcset=\"https:\/\/www.abf.se\/musikverkstan\/resized\/?url=https%3A%2F%2Fwww.abf.se%2Fwp-content%2Fuploads%2Fsites%2F94%2F2026%2F03%2FKulturkrock_LOGO_CLR-scaled.png&#038;fit=contain&#038;w=375&#038;h=201&#038;s=a37d637971e4386899e0cb6b8c4bc90e 375w, https:\/\/www.abf.se\/musikverkstan\/resized\/?url=https%3A%2F%2Fwww.abf.se%2Fwp-content%2Fuploads%2Fsites%2F94%2F2026%2F03%2FKulturkrock_LOGO_CLR-scaled.png&#038;fit=contain&#038;w=447&#038;h=240&#038;s=03e7646ecd6bfcc0dbb177cb1a704221 447w, https:\/\/www.abf.se\/musikverkstan\/resized\/?url=https%3A%2F%2Fwww.abf.se%2Fwp-content%2Fuploads%2Fsites%2F94%2F2026%2F03%2FKulturkrock_LOGO_CLR-scaled.png&#038;fit=contain&#038;w=519&#038;h=279&#038;s=9c14fe387c0b63fa4465df2499d747a5 519w, https:\/\/www.abf.se\/musikverkstan\/resized\/?url=https%3A%2F%2Fwww.abf.se%2Fwp-content%2Fuploads%2Fsites%2F94%2F2026%2F03%2FKulturkrock_LOGO_CLR-scaled.png&#038;fit=contain&#038;w=591&#038;h=317&#038;s=3e1c5b3fe9bbd33d93489f949d8b7a80 591w, https:\/\/www.abf.se\/musikverkstan\/resized\/?url=https%3A%2F%2Fwww.abf.se%2Fwp-content%2Fuploads%2Fsites%2F94%2F2026%2F03%2FKulturkrock_LOGO_CLR-scaled.png&#038;fit=contain&#038;w=663&#038;h=356&#038;s=0834738dad53585db9c7a67295f43205 663w, https:\/\/www.abf.se\/musikverkstan\/resized\/?url=https%3A%2F%2Fwww.abf.se%2Fwp-content%2Fuploads%2Fsites%2F94%2F2026%2F03%2FKulturkrock_LOGO_CLR-scaled.png&#038;fit=contain&#038;w=735&#038;h=395&#038;s=914026c24a90f3aa7213f4bc18f201de 735w, https:\/\/www.abf.se\/musikverkstan\/resized\/?url=https%3A%2F%2Fwww.abf.se%2Fwp-content%2Fuploads%2Fsites%2F94%2F2026%2F03%2FKulturkrock_LOGO_CLR-scaled.png&#038;fit=contain&#038;w=750&#038;h=403&#038;s=fe84204abf3686e00b8945cc358f38ac 750w, https:\/\/www.abf.se\/musikverkstan\/resized\/?url=https%3A%2F%2Fwww.abf.se%2Fwp-content%2Fuploads%2Fsites%2F94%2F2026%2F03%2FKulturkrock_LOGO_CLR-scaled.png&#038;fit=contain&#038;w=788&#038;s=7afe43263537acf10e996d137ed89772 788w, https:\/\/www.abf.se\/musikverkstan\/resized\/?url=https%3A%2F%2Fwww.abf.se%2Fwp-content%2Fuploads%2Fsites%2F94%2F2026%2F03%2FKulturkrock_LOGO_CLR-scaled.png&#038;fit=contain&#038;w=894&#038;h=481&#038;s=a3916ec919262064b82c46b459b3d592 894w, https:\/\/www.abf.se\/musikverkstan\/resized\/?url=https%3A%2F%2Fwww.abf.se%2Fwp-content%2Fuploads%2Fsites%2F94%2F2026%2F03%2FKulturkrock_LOGO_CLR-scaled.png&#038;fit=contain&#038;w=1038&#038;h=558&#038;s=85363536e48202173e87da40d0962b2b 1038w, https:\/\/www.abf.se\/musikverkstan\/resized\/?url=https%3A%2F%2Fwww.abf.se%2Fwp-content%2Fuploads%2Fsites%2F94%2F2026%2F03%2FKulturkrock_LOGO_CLR-scaled.png&#038;fit=contain&#038;w=1182&#038;h=635&#038;s=6d7577dbf85312f6781d122314cf26fd 1182w, https:\/\/www.abf.se\/musikverkstan\/resized\/?url=https%3A%2F%2Fwww.abf.se%2Fwp-content%2Fuploads%2Fsites%2F94%2F2026%2F03%2FKulturkrock_LOGO_CLR-scaled.png&#038;fit=contain&#038;w=1326&#038;h=713&#038;s=42192fb1cbc38cc23f3fc7a68e272a62 1326w, https:\/\/www.abf.se\/musikverkstan\/resized\/?url=https%3A%2F%2Fwww.abf.se%2Fwp-content%2Fuploads%2Fsites%2F94%2F2026%2F03%2FKulturkrock_LOGO_CLR-scaled.png&#038;fit=contain&#038;w=1470&#038;h=790&#038;s=4496aad7550b97fb3a51d02249f0dd68 1470w\" alt=\"Kulturkrock logotyp\" height=\"424\" width=\"788\" sizes=\"auto, (max-width: 768px) calc(100vw - 40px), 788px\" loading=\"lazy\" fetchpriority=\"low\" class=\"round-corners-lg w-full\" \/><\/picture>\n                        <\/figure>\n        <\/div>\n\n<\/div>\n","protected":false},"excerpt":{"rendered":"","protected":false},"author":36,"featured_media":0,"parent":0,"menu_order":0,"comment_status":"closed","ping_status":"closed","template":"","meta":{"_acf_changed":false,"footnotes":""},"class_list":["post-137","page","type-page","status-publish","hentry"],"acf":[],"yoast_head":"<!-- This site is optimized with the Yoast SEO plugin v27.0 - https:\/\/yoast.com\/product\/yoast-seo-wordpress\/ -->\n<title>Kulturkrock - Musikverkstan<\/title>\n<meta name=\"robots\" content=\"index, follow, max-snippet:-1, max-image-preview:large, max-video-preview:-1\" \/>\n<link rel=\"canonical\" href=\"https:\/\/www.abf.se\/musikverkstan\/kulturkrock\/\" \/>\n<meta property=\"og:locale\" content=\"en_US\" \/>\n<meta property=\"og:type\" content=\"article\" \/>\n<meta property=\"og:title\" content=\"Kulturkrock - Musikverkstan\" \/>\n<meta property=\"og:url\" content=\"https:\/\/www.abf.se\/musikverkstan\/kulturkrock\/\" \/>\n<meta property=\"og:site_name\" content=\"Musikverkstan\" \/>\n<meta property=\"article:modified_time\" content=\"2026-03-17T07:52:45+00:00\" \/>\n<meta property=\"og:image\" content=\"https:\/\/www.abf.se\/wp-content\/uploads\/sites\/94\/2026\/03\/herobild-musikverkstan.png\" \/>\n\t<meta property=\"og:image:width\" content=\"1440\" \/>\n\t<meta property=\"og:image:height\" content=\"520\" \/>\n\t<meta property=\"og:image:type\" content=\"image\/png\" \/>\n<meta name=\"twitter:card\" content=\"summary_large_image\" \/>\n<script type=\"application\/ld+json\" class=\"yoast-schema-graph\">{\"@context\":\"https:\/\/schema.org\",\"@graph\":[{\"@type\":\"WebPage\",\"@id\":\"https:\/\/www.abf.se\/musikverkstan\/kulturkrock\/\",\"url\":\"https:\/\/www.abf.se\/musikverkstan\/kulturkrock\/\",\"name\":\"Kulturkrock - Musikverkstan\",\"isPartOf\":{\"@id\":\"https:\/\/www.abf.se\/musikverkstan\/#website\"},\"datePublished\":\"2026-03-03T12:45:07+00:00\",\"dateModified\":\"2026-03-17T07:52:45+00:00\",\"breadcrumb\":{\"@id\":\"https:\/\/www.abf.se\/musikverkstan\/kulturkrock\/#breadcrumb\"},\"inLanguage\":\"en-US\",\"potentialAction\":[{\"@type\":\"ReadAction\",\"target\":[\"https:\/\/www.abf.se\/musikverkstan\/kulturkrock\/\"]}]},{\"@type\":\"BreadcrumbList\",\"@id\":\"https:\/\/www.abf.se\/musikverkstan\/kulturkrock\/#breadcrumb\",\"itemListElement\":[{\"@type\":\"ListItem\",\"position\":1,\"name\":\"Home\",\"item\":\"https:\/\/www.abf.se\/musikverkstan\/\"},{\"@type\":\"ListItem\",\"position\":2,\"name\":\"Kulturkrock\"}]},{\"@type\":\"WebSite\",\"@id\":\"https:\/\/www.abf.se\/musikverkstan\/#website\",\"url\":\"https:\/\/www.abf.se\/musikverkstan\/\",\"name\":\"Musikverkstan\",\"description\":\"\",\"potentialAction\":[{\"@type\":\"SearchAction\",\"target\":{\"@type\":\"EntryPoint\",\"urlTemplate\":\"https:\/\/www.abf.se\/musikverkstan\/?s={search_term_string}\"},\"query-input\":{\"@type\":\"PropertyValueSpecification\",\"valueRequired\":true,\"valueName\":\"search_term_string\"}}],\"inLanguage\":\"en-US\"}]}<\/script>\n<!-- \/ Yoast SEO plugin. -->","yoast_head_json":{"title":"Kulturkrock - Musikverkstan","robots":{"index":"index","follow":"follow","max-snippet":"max-snippet:-1","max-image-preview":"max-image-preview:large","max-video-preview":"max-video-preview:-1"},"canonical":"https:\/\/www.abf.se\/musikverkstan\/kulturkrock\/","og_locale":"en_US","og_type":"article","og_title":"Kulturkrock - Musikverkstan","og_url":"https:\/\/www.abf.se\/musikverkstan\/kulturkrock\/","og_site_name":"Musikverkstan","article_modified_time":"2026-03-17T07:52:45+00:00","og_image":[{"width":1440,"height":520,"url":"https:\/\/www.abf.se\/wp-content\/uploads\/sites\/94\/2026\/03\/herobild-musikverkstan.png","type":"image\/png"}],"twitter_card":"summary_large_image","schema":{"@context":"https:\/\/schema.org","@graph":[{"@type":"WebPage","@id":"https:\/\/www.abf.se\/musikverkstan\/kulturkrock\/","url":"https:\/\/www.abf.se\/musikverkstan\/kulturkrock\/","name":"Kulturkrock - Musikverkstan","isPartOf":{"@id":"https:\/\/www.abf.se\/musikverkstan\/#website"},"datePublished":"2026-03-03T12:45:07+00:00","dateModified":"2026-03-17T07:52:45+00:00","breadcrumb":{"@id":"https:\/\/www.abf.se\/musikverkstan\/kulturkrock\/#breadcrumb"},"inLanguage":"en-US","potentialAction":[{"@type":"ReadAction","target":["https:\/\/www.abf.se\/musikverkstan\/kulturkrock\/"]}]},{"@type":"BreadcrumbList","@id":"https:\/\/www.abf.se\/musikverkstan\/kulturkrock\/#breadcrumb","itemListElement":[{"@type":"ListItem","position":1,"name":"Home","item":"https:\/\/www.abf.se\/musikverkstan\/"},{"@type":"ListItem","position":2,"name":"Kulturkrock"}]},{"@type":"WebSite","@id":"https:\/\/www.abf.se\/musikverkstan\/#website","url":"https:\/\/www.abf.se\/musikverkstan\/","name":"Musikverkstan","description":"","potentialAction":[{"@type":"SearchAction","target":{"@type":"EntryPoint","urlTemplate":"https:\/\/www.abf.se\/musikverkstan\/?s={search_term_string}"},"query-input":{"@type":"PropertyValueSpecification","valueRequired":true,"valueName":"search_term_string"}}],"inLanguage":"en-US"}]}},"_links":{"self":[{"href":"https:\/\/www.abf.se\/musikverkstan\/wp-json\/wp\/v2\/pages\/137","targetHints":{"allow":["GET"]}}],"collection":[{"href":"https:\/\/www.abf.se\/musikverkstan\/wp-json\/wp\/v2\/pages"}],"about":[{"href":"https:\/\/www.abf.se\/musikverkstan\/wp-json\/wp\/v2\/types\/page"}],"author":[{"embeddable":true,"href":"https:\/\/www.abf.se\/musikverkstan\/wp-json\/wp\/v2\/users\/36"}],"replies":[{"embeddable":true,"href":"https:\/\/www.abf.se\/musikverkstan\/wp-json\/wp\/v2\/comments?post=137"}],"version-history":[{"count":7,"href":"https:\/\/www.abf.se\/musikverkstan\/wp-json\/wp\/v2\/pages\/137\/revisions"}],"predecessor-version":[{"id":538,"href":"https:\/\/www.abf.se\/musikverkstan\/wp-json\/wp\/v2\/pages\/137\/revisions\/538"}],"wp:attachment":[{"href":"https:\/\/www.abf.se\/musikverkstan\/wp-json\/wp\/v2\/media?parent=137"}],"curies":[{"name":"wp","href":"https:\/\/api.w.org\/{rel}","templated":true}]}}