{"id":79,"date":"2026-03-03T09:51:43","date_gmt":"2026-03-03T08:51:43","guid":{"rendered":"https:\/\/www.abf.se\/musikverkstan\/?page_id=79"},"modified":"2026-03-06T14:21:49","modified_gmt":"2026-03-06T13:21:49","slug":"navigera-i-musikbranschen","status":"publish","type":"page","link":"https:\/\/www.abf.se\/musikverkstan\/navigera-i-musikbranschen\/","title":{"rendered":"Navigera i musikbranschen\u00a0"},"content":{"rendered":"<div\n    class=\"acf-hero-block container-lg no-padding mb-12 js-geolocation\"\n    data-block=\"hero-block\"\n    data-index=\"0\"\n>\n    <div class=\"h-[548px]  relative rounded-[32px] overflow-hidden flex bg-gray-light\">\n        <div class=\"relative z-10 mt-auto h-auto w-full md:h-full\">\n            <div class=\"flex w-full h-full flex-col flex-wrap justify-end w-full md:w-7\/12 lg:w-1\/2 md:justify-center\">\n                <div class=\"flex flex-col gap-3 md:gap-[18px] md:transparent pt-16 pb-36 md:py-8 px-4 w-full md:max-w-[620px] mx-auto px-8\">\n\n                    <h1 class=\"hero-heading\"><span>Modul 4: Navigera <br \/>\r\ni musikbranschen<\/span><\/h1>\n\n                    \n                                    <\/div>\n            <\/div>\n        <\/div>\n\n                    <picture class=\"as-background-image mix-blend-multiply bg-black\/40\"><img decoding=\"async\" src=\"https:\/\/www.abf.se\/musikverkstan\/resized\/?url=https%3A%2F%2Fwww.abf.se%2Fwp-content%2Fuploads%2Fsites%2F94%2F2026%2F03%2Fmusikverkstan-navigera-musikbranschen.png&#038;fit=crop&#038;w=1440&#038;s=a4ad892a4c6ef330699b944320b43091\" srcset=\"https:\/\/www.abf.se\/musikverkstan\/resized\/?url=https%3A%2F%2Fwww.abf.se%2Fwp-content%2Fuploads%2Fsites%2F94%2F2026%2F03%2Fmusikverkstan-navigera-musikbranschen.png&#038;fit=crop&#038;w=375&#038;h=540&#038;s=ceb1ab1fd78e311e3ac3f3379098eec3 375w, https:\/\/www.abf.se\/musikverkstan\/resized\/?url=https%3A%2F%2Fwww.abf.se%2Fwp-content%2Fuploads%2Fsites%2F94%2F2026%2F03%2Fmusikverkstan-navigera-musikbranschen.png&#038;fit=crop&#038;w=447&#038;h=540&#038;s=4e73ec17f04eac2d22eceb05ac8f65b2 447w, https:\/\/www.abf.se\/musikverkstan\/resized\/?url=https%3A%2F%2Fwww.abf.se%2Fwp-content%2Fuploads%2Fsites%2F94%2F2026%2F03%2Fmusikverkstan-navigera-musikbranschen.png&#038;fit=crop&#038;w=519&#038;h=540&#038;s=45f47c9e1711b2a4c60dbdbc9005f198 519w, https:\/\/www.abf.se\/musikverkstan\/resized\/?url=https%3A%2F%2Fwww.abf.se%2Fwp-content%2Fuploads%2Fsites%2F94%2F2026%2F03%2Fmusikverkstan-navigera-musikbranschen.png&#038;fit=crop&#038;w=591&#038;h=540&#038;s=8a262af2ed81e66ac0585d5226d7fba6 591w, https:\/\/www.abf.se\/musikverkstan\/resized\/?url=https%3A%2F%2Fwww.abf.se%2Fwp-content%2Fuploads%2Fsites%2F94%2F2026%2F03%2Fmusikverkstan-navigera-musikbranschen.png&#038;fit=crop&#038;w=663&#038;h=540&#038;s=8b913226df2e78f23d52d0ba747e6f1d 663w, https:\/\/www.abf.se\/musikverkstan\/resized\/?url=https%3A%2F%2Fwww.abf.se%2Fwp-content%2Fuploads%2Fsites%2F94%2F2026%2F03%2Fmusikverkstan-navigera-musikbranschen.png&#038;fit=crop&#038;w=750&#038;h=540&#038;s=17592498048dd060c80430b64fd083f6 750w, https:\/\/www.abf.se\/musikverkstan\/resized\/?url=https%3A%2F%2Fwww.abf.se%2Fwp-content%2Fuploads%2Fsites%2F94%2F2026%2F03%2Fmusikverkstan-navigera-musikbranschen.png&#038;fit=crop&#038;w=894&#038;h=540&#038;s=9474ca806a727750de4b1b732645a599 894w, https:\/\/www.abf.se\/musikverkstan\/resized\/?url=https%3A%2F%2Fwww.abf.se%2Fwp-content%2Fuploads%2Fsites%2F94%2F2026%2F03%2Fmusikverkstan-navigera-musikbranschen.png&#038;fit=crop&#038;w=1038&#038;h=540&#038;s=355ede60bcffb48e0dc59df6eadefd82 1038w, https:\/\/www.abf.se\/musikverkstan\/resized\/?url=https%3A%2F%2Fwww.abf.se%2Fwp-content%2Fuploads%2Fsites%2F94%2F2026%2F03%2Fmusikverkstan-navigera-musikbranschen.png&#038;fit=crop&#038;w=1182&#038;h=540&#038;s=becb1cc6628dbdf0358d74014f9e8e13 1182w, https:\/\/www.abf.se\/musikverkstan\/resized\/?url=https%3A%2F%2Fwww.abf.se%2Fwp-content%2Fuploads%2Fsites%2F94%2F2026%2F03%2Fmusikverkstan-navigera-musikbranschen.png&#038;fit=crop&#038;w=1326&#038;h=540&#038;s=ff8aa5447da53175cf4f68c81673f2f6 1326w, https:\/\/www.abf.se\/musikverkstan\/resized\/?url=https%3A%2F%2Fwww.abf.se%2Fwp-content%2Fuploads%2Fsites%2F94%2F2026%2F03%2Fmusikverkstan-navigera-musikbranschen.png&#038;fit=crop&#038;w=1440&#038;h=540&#038;s=ed9c339de6ecb092eea1ce86ddb8014d 1440w\" alt=\"\" height=\"540\" width=\"1440\" sizes=\"(max-width: 1440px) calc(100vw - 32px), 1440px\" loading=\"eager\" fetchpriority=\"high\" aria-hidden=\"true\" role=\"presentation\" \/><\/picture>\n        \n\n            <\/div>\n\n    <\/div>\n\n<div\n    class=\"acf-plain-heading-block container my-16\"\n    data-block=\"plain-heading-block\"\n>\n    <div class=\"max-w-[658px] mx-auto\">\n                            <p class=\"mt-8 body-xl text-black\">\n                I det h\u00e4r avsnittet av Musikverkstan finner ni tips och tricks f\u00f6r att navigera i den djungel som \u00e4r musikbranschen och hur man kan g\u00f6ra f\u00f6r att n\u00e5 ut i bruset. \u00c4ven med sm\u00e5 medel finns det v\u00e4gar fram\u00e5t, oavsett om ert m\u00e5l \u00e4r att skapa er unika sorts musik, att utvecklas tillsammans eller att \u00e5ka p\u00e5 v\u00e4rldsturn\u00e9. Att ni tillsammans definierar vad framg\u00e5ng betyder f\u00f6r just er \u00e4r kanske det viktigaste av allt. F\u00f6r n\u00e4r ni n\u00e5r ut med er musik, n\u00e5r ni ut med n\u00e5got st\u00f6rre \u00e4n bara ljud \u2013 ni b\u00e4r erfarenheter, k\u00e4nslor och perspektiv. Och n\u00e4r ni f\u00e5r det att h\u00f6ras \u2013 d\u00e5 har ni lyckats. \n            <\/p>\n            <\/div>\n<\/div>\n<div\n        class=\"acf-article-video-block article-container-lg my-12 external-video\"\n        data-block=\"article-video-block\"\n    >\n                \n                    <iframe loading=\"lazy\" title=\"Avantgardet \u2013Vad inneb\u00e4r det att lyckas, textad\" width=\"500\" height=\"281\" src=\"https:\/\/www.youtube.com\/embed\/2OYD2A4N7Ks?feature=oembed\" frameborder=\"0\" allow=\"accelerometer; autoplay; clipboard-write; encrypted-media; gyroscope; picture-in-picture; web-share\" referrerpolicy=\"strict-origin-when-cross-origin\" allowfullscreen><\/iframe>\n                            <\/div>\n<div\n    class=\"acf-text-image-block container bg-gray-light py-12 md:py-15\"\n    data-block=\"text-image-block\"\n>\n    <div\n    class=\"flex flex-col items-center md:flex-row gap-8 md:gap-0 justify-between\">\n                        <div class=\"w-full md:w-1\/2 md:order-2\">\n            <picture><img decoding=\"async\" src=\"https:\/\/www.abf.se\/musikverkstan\/resized\/?url=https%3A%2F%2Fwww.abf.se%2Fwp-content%2Fuploads%2Fsites%2F94%2F2026%2F03%2Ffreestocks-photos-audio-2941753_1920.jpg&#038;fit=crop&#038;w=578&#038;s=cc8c124ef162dc65d6ed96fec6bd900f\" srcset=\"https:\/\/www.abf.se\/musikverkstan\/resized\/?url=https%3A%2F%2Fwww.abf.se%2Fwp-content%2Fuploads%2Fsites%2F94%2F2026%2F03%2Ffreestocks-photos-audio-2941753_1920.jpg&#038;fit=crop&#038;w=144&#038;h=126&#038;s=ac7834ca8bcf50434d21c3aa1707bbc0 144w, https:\/\/www.abf.se\/musikverkstan\/resized\/?url=https%3A%2F%2Fwww.abf.se%2Fwp-content%2Fuploads%2Fsites%2F94%2F2026%2F03%2Ffreestocks-photos-audio-2941753_1920.jpg&#038;fit=crop&#038;w=240&#038;h=211&#038;s=4d2c4f0af5b82a0b635c73dcc017ddab 240w, https:\/\/www.abf.se\/musikverkstan\/resized\/?url=https%3A%2F%2Fwww.abf.se%2Fwp-content%2Fuploads%2Fsites%2F94%2F2026%2F03%2Ffreestocks-photos-audio-2941753_1920.jpg&#038;fit=crop&#038;w=288&#038;h=253&#038;s=988fb13fde74eff1a5ce634ebe1e35a2 288w, https:\/\/www.abf.se\/musikverkstan\/resized\/?url=https%3A%2F%2Fwww.abf.se%2Fwp-content%2Fuploads%2Fsites%2F94%2F2026%2F03%2Ffreestocks-photos-audio-2941753_1920.jpg&#038;fit=crop&#038;w=336&#038;h=295&#038;s=1919140b062edd32d3ecab5a7fe9b950 336w, https:\/\/www.abf.se\/musikverkstan\/resized\/?url=https%3A%2F%2Fwww.abf.se%2Fwp-content%2Fuploads%2Fsites%2F94%2F2026%2F03%2Ffreestocks-photos-audio-2941753_1920.jpg&#038;fit=crop&#038;w=432&#038;h=380&#038;s=73c109a3e118dd9b61fb15899bb98c22 432w, https:\/\/www.abf.se\/musikverkstan\/resized\/?url=https%3A%2F%2Fwww.abf.se%2Fwp-content%2Fuploads%2Fsites%2F94%2F2026%2F03%2Ffreestocks-photos-audio-2941753_1920.jpg&#038;fit=crop&#038;w=480&#038;h=422&#038;s=f21d4f08b47a17f0d4d683de8c66218a 480w, https:\/\/www.abf.se\/musikverkstan\/resized\/?url=https%3A%2F%2Fwww.abf.se%2Fwp-content%2Fuploads%2Fsites%2F94%2F2026%2F03%2Ffreestocks-photos-audio-2941753_1920.jpg&#038;fit=crop&#038;w=528&#038;h=464&#038;s=7a8ece61aaad59a6743c9c1e4ed83756 528w, https:\/\/www.abf.se\/musikverkstan\/resized\/?url=https%3A%2F%2Fwww.abf.se%2Fwp-content%2Fuploads%2Fsites%2F94%2F2026%2F03%2Ffreestocks-photos-audio-2941753_1920.jpg&#038;fit=crop&#038;w=578&#038;h=509&#038;s=b91d7299a9bf13ec5889374e969cf170 578w, https:\/\/www.abf.se\/musikverkstan\/resized\/?url=https%3A%2F%2Fwww.abf.se%2Fwp-content%2Fuploads%2Fsites%2F94%2F2026%2F03%2Ffreestocks-photos-audio-2941753_1920.jpg&#038;fit=crop&#038;w=672&#038;h=591&#038;s=08a64ad520e0c34cb8510dca0d034725 672w, https:\/\/www.abf.se\/musikverkstan\/resized\/?url=https%3A%2F%2Fwww.abf.se%2Fwp-content%2Fuploads%2Fsites%2F94%2F2026%2F03%2Ffreestocks-photos-audio-2941753_1920.jpg&#038;fit=crop&#038;w=864&#038;h=760&#038;s=a97876584e36eaf7789e0e8c79786382 864w, https:\/\/www.abf.se\/musikverkstan\/resized\/?url=https%3A%2F%2Fwww.abf.se%2Fwp-content%2Fuploads%2Fsites%2F94%2F2026%2F03%2Ffreestocks-photos-audio-2941753_1920.jpg&#038;fit=crop&#038;w=1056&#038;h=929&#038;s=74b52743f575977334765ad4d77ee9ea 1056w\" alt=\"En mic\" height=\"509\" width=\"578\" sizes=\"auto, (max-width: 768px) 100vw,\n                (max-width: 1280px) 50vw, 578px\" loading=\"lazy\" fetchpriority=\"low\" \/><\/picture>\n\n        <\/div>\n        \n        <div class=\"w-full md:w-1\/2 md:order-1\">\n        <div class=\"mx-auto md:max-w-[368px]\">\n            <h2 class=\"heading-lg\">Avsnitt 1: Att n\u00e5 ut med v\u00e5r musik<\/h2>\n            <div class=\"mb-6 mt-4 wysiwyg\">\n                \n            <\/div>\n                                            <a href='https:\/\/www.abf.se\/musikverkstan\/navigera-i-musikbranschen\/att-na-ut-med-var-musik\/' class=\"default-button\" target=\"\">Att n\u00e5 ut med v\u00e5r musik<\/a>\n                    <\/div>\n        <\/div>\n    <\/div>\n<\/div><div\n    class=\"acf-text-image-block container my-12 md:my-15\"\n    data-block=\"text-image-block\"\n>\n    <div\n    class=\"flex flex-col items-center md:flex-row gap-8 md:gap-0 justify-between\">\n                        <div class=\"w-full md:w-1\/2 md:order-2\">\n            <picture><img decoding=\"async\" src=\"https:\/\/www.abf.se\/musikverkstan\/resized\/?url=https%3A%2F%2Fwww.abf.se%2Fwp-content%2Fuploads%2Fsites%2F94%2F2026%2F03%2Fmusikverkstan-upphovsratt.png&#038;fit=crop&#038;w=578&#038;s=eef59534d013cee5f5a58557c9e78265\" srcset=\"https:\/\/www.abf.se\/musikverkstan\/resized\/?url=https%3A%2F%2Fwww.abf.se%2Fwp-content%2Fuploads%2Fsites%2F94%2F2026%2F03%2Fmusikverkstan-upphovsratt.png&#038;fit=crop&#038;w=144&#038;h=126&#038;s=b43baee7779c8dec0712ea251e339e50 144w, https:\/\/www.abf.se\/musikverkstan\/resized\/?url=https%3A%2F%2Fwww.abf.se%2Fwp-content%2Fuploads%2Fsites%2F94%2F2026%2F03%2Fmusikverkstan-upphovsratt.png&#038;fit=crop&#038;w=240&#038;h=211&#038;s=e2fac51782e912c2c1037867edcc7905 240w, https:\/\/www.abf.se\/musikverkstan\/resized\/?url=https%3A%2F%2Fwww.abf.se%2Fwp-content%2Fuploads%2Fsites%2F94%2F2026%2F03%2Fmusikverkstan-upphovsratt.png&#038;fit=crop&#038;w=288&#038;h=253&#038;s=27415380603bfeaf66821b98a1059629 288w, https:\/\/www.abf.se\/musikverkstan\/resized\/?url=https%3A%2F%2Fwww.abf.se%2Fwp-content%2Fuploads%2Fsites%2F94%2F2026%2F03%2Fmusikverkstan-upphovsratt.png&#038;fit=crop&#038;w=336&#038;h=295&#038;s=5d60165ae42b6b1d26988091057a0bd0 336w, https:\/\/www.abf.se\/musikverkstan\/resized\/?url=https%3A%2F%2Fwww.abf.se%2Fwp-content%2Fuploads%2Fsites%2F94%2F2026%2F03%2Fmusikverkstan-upphovsratt.png&#038;fit=crop&#038;w=432&#038;h=380&#038;s=978ae71d6c7bdfab7b9d9f9eb611797d 432w, https:\/\/www.abf.se\/musikverkstan\/resized\/?url=https%3A%2F%2Fwww.abf.se%2Fwp-content%2Fuploads%2Fsites%2F94%2F2026%2F03%2Fmusikverkstan-upphovsratt.png&#038;fit=crop&#038;w=480&#038;h=422&#038;s=feffb026c348fdc572f1a01667759158 480w, https:\/\/www.abf.se\/musikverkstan\/resized\/?url=https%3A%2F%2Fwww.abf.se%2Fwp-content%2Fuploads%2Fsites%2F94%2F2026%2F03%2Fmusikverkstan-upphovsratt.png&#038;fit=crop&#038;w=528&#038;h=464&#038;s=f6a970f1a9d487b7ec7596d8e1288e7d 528w, https:\/\/www.abf.se\/musikverkstan\/resized\/?url=https%3A%2F%2Fwww.abf.se%2Fwp-content%2Fuploads%2Fsites%2F94%2F2026%2F03%2Fmusikverkstan-upphovsratt.png&#038;fit=crop&#038;w=578&#038;h=509&#038;s=aee46601be51c3728241f3c330b4e58b 578w, https:\/\/www.abf.se\/musikverkstan\/resized\/?url=https%3A%2F%2Fwww.abf.se%2Fwp-content%2Fuploads%2Fsites%2F94%2F2026%2F03%2Fmusikverkstan-upphovsratt.png&#038;fit=crop&#038;w=672&#038;h=591&#038;s=d5cbe56b02e8e9b35286e791d6f8f6d9 672w, https:\/\/www.abf.se\/musikverkstan\/resized\/?url=https%3A%2F%2Fwww.abf.se%2Fwp-content%2Fuploads%2Fsites%2F94%2F2026%2F03%2Fmusikverkstan-upphovsratt.png&#038;fit=crop&#038;w=864&#038;h=760&#038;s=b2f2f9b4d7272777141e3ac3f9140571 864w, https:\/\/www.abf.se\/musikverkstan\/resized\/?url=https%3A%2F%2Fwww.abf.se%2Fwp-content%2Fuploads%2Fsites%2F94%2F2026%2F03%2Fmusikverkstan-upphovsratt.png&#038;fit=crop&#038;w=1056&#038;h=929&#038;s=cfe7ab5736290192992a4b7e7e97955d 1056w\" alt=\"en person skriver noter\" height=\"509\" width=\"578\" sizes=\"auto, (max-width: 768px) 100vw,\n                (max-width: 1280px) 50vw, 578px\" loading=\"lazy\" fetchpriority=\"low\" \/><\/picture>\n\n        <\/div>\n        \n        <div class=\"w-full md:w-1\/2 md:order-1\">\n        <div class=\"mx-auto md:max-w-[368px]\">\n            <h2 class=\"heading-lg\">Avsnitt 2: Upphovsr\u00e4tt och utgivning<\/h2>\n            <div class=\"mb-6 mt-4 wysiwyg\">\n                \n            <\/div>\n                                            <a href='https:\/\/www.abf.se\/musikverkstan\/navigera-i-musikbranschen\/upphovsratt-utgivning\/' class=\"default-button\" target=\"\">Upphovsr\u00e4tt &amp; utgivning<\/a>\n                    <\/div>\n        <\/div>\n    <\/div>\n<\/div><div\n    class=\"acf-text-image-block container bg-gray-light py-12 md:py-15\"\n    data-block=\"text-image-block\"\n>\n    <div\n    class=\"flex flex-col items-center md:flex-row gap-8 md:gap-0 justify-between\">\n                        <div class=\"w-full md:w-1\/2 md:order-2\">\n            <picture><img decoding=\"async\" src=\"https:\/\/www.abf.se\/musikverkstan\/resized\/?url=https%3A%2F%2Fwww.abf.se%2Fwp-content%2Fuploads%2Fsites%2F94%2F2026%2F03%2FBand-som-spelar-musik-scaled.jpg&#038;fit=crop&#038;w=578&#038;s=546fb13e2187e0b79895c25f40251eb1\" srcset=\"https:\/\/www.abf.se\/musikverkstan\/resized\/?url=https%3A%2F%2Fwww.abf.se%2Fwp-content%2Fuploads%2Fsites%2F94%2F2026%2F03%2FBand-som-spelar-musik-scaled.jpg&#038;fit=crop&#038;w=144&#038;h=126&#038;s=39c2f9c8120965ee10322d634e486a76 144w, https:\/\/www.abf.se\/musikverkstan\/resized\/?url=https%3A%2F%2Fwww.abf.se%2Fwp-content%2Fuploads%2Fsites%2F94%2F2026%2F03%2FBand-som-spelar-musik-scaled.jpg&#038;fit=crop&#038;w=240&#038;h=211&#038;s=38edc38f180d2b7c54a2bab1463b4bd2 240w, https:\/\/www.abf.se\/musikverkstan\/resized\/?url=https%3A%2F%2Fwww.abf.se%2Fwp-content%2Fuploads%2Fsites%2F94%2F2026%2F03%2FBand-som-spelar-musik-scaled.jpg&#038;fit=crop&#038;w=288&#038;h=253&#038;s=f343d20712e97517b9ae88268c3e9bb0 288w, https:\/\/www.abf.se\/musikverkstan\/resized\/?url=https%3A%2F%2Fwww.abf.se%2Fwp-content%2Fuploads%2Fsites%2F94%2F2026%2F03%2FBand-som-spelar-musik-scaled.jpg&#038;fit=crop&#038;w=336&#038;h=295&#038;s=5f2806a9c43724201ee0ec92197f8c90 336w, https:\/\/www.abf.se\/musikverkstan\/resized\/?url=https%3A%2F%2Fwww.abf.se%2Fwp-content%2Fuploads%2Fsites%2F94%2F2026%2F03%2FBand-som-spelar-musik-scaled.jpg&#038;fit=crop&#038;w=432&#038;h=380&#038;s=02ee5bf2d15e0f26311456d9345dfbd5 432w, https:\/\/www.abf.se\/musikverkstan\/resized\/?url=https%3A%2F%2Fwww.abf.se%2Fwp-content%2Fuploads%2Fsites%2F94%2F2026%2F03%2FBand-som-spelar-musik-scaled.jpg&#038;fit=crop&#038;w=480&#038;h=422&#038;s=0def4068983c271a34020966f9c8d062 480w, https:\/\/www.abf.se\/musikverkstan\/resized\/?url=https%3A%2F%2Fwww.abf.se%2Fwp-content%2Fuploads%2Fsites%2F94%2F2026%2F03%2FBand-som-spelar-musik-scaled.jpg&#038;fit=crop&#038;w=528&#038;h=464&#038;s=ab33c0a6e3e9e7d1710df67eb7458ea4 528w, https:\/\/www.abf.se\/musikverkstan\/resized\/?url=https%3A%2F%2Fwww.abf.se%2Fwp-content%2Fuploads%2Fsites%2F94%2F2026%2F03%2FBand-som-spelar-musik-scaled.jpg&#038;fit=crop&#038;w=578&#038;h=509&#038;s=6eb80bd3bdf6791d79eea295481d375e 578w, https:\/\/www.abf.se\/musikverkstan\/resized\/?url=https%3A%2F%2Fwww.abf.se%2Fwp-content%2Fuploads%2Fsites%2F94%2F2026%2F03%2FBand-som-spelar-musik-scaled.jpg&#038;fit=crop&#038;w=672&#038;h=591&#038;s=87b137e8713f8829fa96a72cedc9f7c8 672w, https:\/\/www.abf.se\/musikverkstan\/resized\/?url=https%3A%2F%2Fwww.abf.se%2Fwp-content%2Fuploads%2Fsites%2F94%2F2026%2F03%2FBand-som-spelar-musik-scaled.jpg&#038;fit=crop&#038;w=864&#038;h=760&#038;s=61c2fa83985dcf172bbf46dca3a35bfd 864w, https:\/\/www.abf.se\/musikverkstan\/resized\/?url=https%3A%2F%2Fwww.abf.se%2Fwp-content%2Fuploads%2Fsites%2F94%2F2026%2F03%2FBand-som-spelar-musik-scaled.jpg&#038;fit=crop&#038;w=1056&#038;h=929&#038;s=0b06ae3bd8282a001198d275cd7d5a5b 1056w\" alt=\"Ett band med fem killar st&aring;r p&aring; en scen i skymningen och spelar musik\" height=\"509\" width=\"578\" sizes=\"auto, (max-width: 768px) 100vw,\n                (max-width: 1280px) 50vw, 578px\" loading=\"lazy\" fetchpriority=\"low\" \/><\/picture>\n\n        <\/div>\n        \n        <div class=\"w-full md:w-1\/2 md:order-1\">\n        <div class=\"mx-auto md:max-w-[368px]\">\n            <h2 class=\"heading-lg\">Avsnitt 3: Synas och spela live<\/h2>\n            <div class=\"mb-6 mt-4 wysiwyg\">\n                \n            <\/div>\n                                            <a href='https:\/\/www.abf.se\/musikverkstan\/navigera-i-musikbranschen\/synas-och-spela-live\/' class=\"default-button\" target=\"\">Synas och spela live<\/a>\n                    <\/div>\n        <\/div>\n    <\/div>\n<\/div><div\n    class=\"acf-article-cta-link-block article-container my-8\"\n    data-block=\"article-cta-link-block\"\n>\n<div>\n    <a class=\"inline-flex flex-row items-center gap-4 text-link underline text-red-dark\"\n        href=\"https:\/\/www.abf.se\/musikverkstan\/\"\n            >\n        <span class=\"\">\n        Tillbaka till startsidan f\u00f6r Musikverkstan\n        <\/span>\n        <figure aria-hidden=\"true\" class=\"rounded-full bg-red-dark w-8 h-8 p-1 text-white\">\n            <svg width=\"20\" height=\"20\" viewBox=\"0 0 20 20\" fill=\"none\" class=\"SvgIconElement\">\n<path d=\"M4.16659 10L15.8333 10\" stroke=\"currentColor\"\/>\n<path d=\"M9.99992 4.1665L15.8333 9.99984L9.99992 15.8332\" stroke=\"currentColor\"\/>\n<\/svg>\n        <\/figure>\n    <\/a>\n<\/div>\n<\/div>\n","protected":false},"excerpt":{"rendered":"","protected":false},"author":36,"featured_media":0,"parent":0,"menu_order":0,"comment_status":"closed","ping_status":"closed","template":"","meta":{"_acf_changed":false,"footnotes":""},"class_list":["post-79","page","type-page","status-publish","hentry"],"acf":[],"yoast_head":"<!-- This site is optimized with the Yoast SEO plugin v27.0 - https:\/\/yoast.com\/product\/yoast-seo-wordpress\/ -->\n<title>Navigera i musikbranschen\u00a0 - Musikverkstan<\/title>\n<meta name=\"robots\" content=\"index, follow, max-snippet:-1, max-image-preview:large, max-video-preview:-1\" \/>\n<link rel=\"canonical\" href=\"https:\/\/www.abf.se\/musikverkstan\/navigera-i-musikbranschen\/\" \/>\n<meta property=\"og:locale\" content=\"en_US\" \/>\n<meta property=\"og:type\" content=\"article\" \/>\n<meta property=\"og:title\" content=\"Navigera i musikbranschen\u00a0 - Musikverkstan\" \/>\n<meta property=\"og:url\" content=\"https:\/\/www.abf.se\/musikverkstan\/navigera-i-musikbranschen\/\" \/>\n<meta property=\"og:site_name\" content=\"Musikverkstan\" \/>\n<meta property=\"article:modified_time\" content=\"2026-03-06T13:21:49+00:00\" \/>\n<meta property=\"og:image\" content=\"https:\/\/www.abf.se\/wp-content\/uploads\/sites\/94\/2026\/03\/herobild-musikverkstan.png\" \/>\n\t<meta property=\"og:image:width\" content=\"1440\" \/>\n\t<meta property=\"og:image:height\" content=\"520\" \/>\n\t<meta property=\"og:image:type\" content=\"image\/png\" \/>\n<meta name=\"twitter:card\" content=\"summary_large_image\" \/>\n<script type=\"application\/ld+json\" class=\"yoast-schema-graph\">{\"@context\":\"https:\/\/schema.org\",\"@graph\":[{\"@type\":\"WebPage\",\"@id\":\"https:\/\/www.abf.se\/musikverkstan\/navigera-i-musikbranschen\/\",\"url\":\"https:\/\/www.abf.se\/musikverkstan\/navigera-i-musikbranschen\/\",\"name\":\"Navigera i musikbranschen\u00a0 - Musikverkstan\",\"isPartOf\":{\"@id\":\"https:\/\/www.abf.se\/musikverkstan\/#website\"},\"datePublished\":\"2026-03-03T08:51:43+00:00\",\"dateModified\":\"2026-03-06T13:21:49+00:00\",\"breadcrumb\":{\"@id\":\"https:\/\/www.abf.se\/musikverkstan\/navigera-i-musikbranschen\/#breadcrumb\"},\"inLanguage\":\"en-US\",\"potentialAction\":[{\"@type\":\"ReadAction\",\"target\":[\"https:\/\/www.abf.se\/musikverkstan\/navigera-i-musikbranschen\/\"]}]},{\"@type\":\"BreadcrumbList\",\"@id\":\"https:\/\/www.abf.se\/musikverkstan\/navigera-i-musikbranschen\/#breadcrumb\",\"itemListElement\":[{\"@type\":\"ListItem\",\"position\":1,\"name\":\"Home\",\"item\":\"https:\/\/www.abf.se\/musikverkstan\/\"},{\"@type\":\"ListItem\",\"position\":2,\"name\":\"Navigera i musikbranschen\u00a0\"}]},{\"@type\":\"WebSite\",\"@id\":\"https:\/\/www.abf.se\/musikverkstan\/#website\",\"url\":\"https:\/\/www.abf.se\/musikverkstan\/\",\"name\":\"Musikverkstan\",\"description\":\"\",\"potentialAction\":[{\"@type\":\"SearchAction\",\"target\":{\"@type\":\"EntryPoint\",\"urlTemplate\":\"https:\/\/www.abf.se\/musikverkstan\/?s={search_term_string}\"},\"query-input\":{\"@type\":\"PropertyValueSpecification\",\"valueRequired\":true,\"valueName\":\"search_term_string\"}}],\"inLanguage\":\"en-US\"}]}<\/script>\n<!-- \/ Yoast SEO plugin. -->","yoast_head_json":{"title":"Navigera i musikbranschen\u00a0 - Musikverkstan","robots":{"index":"index","follow":"follow","max-snippet":"max-snippet:-1","max-image-preview":"max-image-preview:large","max-video-preview":"max-video-preview:-1"},"canonical":"https:\/\/www.abf.se\/musikverkstan\/navigera-i-musikbranschen\/","og_locale":"en_US","og_type":"article","og_title":"Navigera i musikbranschen\u00a0 - Musikverkstan","og_url":"https:\/\/www.abf.se\/musikverkstan\/navigera-i-musikbranschen\/","og_site_name":"Musikverkstan","article_modified_time":"2026-03-06T13:21:49+00:00","og_image":[{"width":1440,"height":520,"url":"https:\/\/www.abf.se\/wp-content\/uploads\/sites\/94\/2026\/03\/herobild-musikverkstan.png","type":"image\/png"}],"twitter_card":"summary_large_image","schema":{"@context":"https:\/\/schema.org","@graph":[{"@type":"WebPage","@id":"https:\/\/www.abf.se\/musikverkstan\/navigera-i-musikbranschen\/","url":"https:\/\/www.abf.se\/musikverkstan\/navigera-i-musikbranschen\/","name":"Navigera i musikbranschen\u00a0 - Musikverkstan","isPartOf":{"@id":"https:\/\/www.abf.se\/musikverkstan\/#website"},"datePublished":"2026-03-03T08:51:43+00:00","dateModified":"2026-03-06T13:21:49+00:00","breadcrumb":{"@id":"https:\/\/www.abf.se\/musikverkstan\/navigera-i-musikbranschen\/#breadcrumb"},"inLanguage":"en-US","potentialAction":[{"@type":"ReadAction","target":["https:\/\/www.abf.se\/musikverkstan\/navigera-i-musikbranschen\/"]}]},{"@type":"BreadcrumbList","@id":"https:\/\/www.abf.se\/musikverkstan\/navigera-i-musikbranschen\/#breadcrumb","itemListElement":[{"@type":"ListItem","position":1,"name":"Home","item":"https:\/\/www.abf.se\/musikverkstan\/"},{"@type":"ListItem","position":2,"name":"Navigera i musikbranschen\u00a0"}]},{"@type":"WebSite","@id":"https:\/\/www.abf.se\/musikverkstan\/#website","url":"https:\/\/www.abf.se\/musikverkstan\/","name":"Musikverkstan","description":"","potentialAction":[{"@type":"SearchAction","target":{"@type":"EntryPoint","urlTemplate":"https:\/\/www.abf.se\/musikverkstan\/?s={search_term_string}"},"query-input":{"@type":"PropertyValueSpecification","valueRequired":true,"valueName":"search_term_string"}}],"inLanguage":"en-US"}]}},"_links":{"self":[{"href":"https:\/\/www.abf.se\/musikverkstan\/wp-json\/wp\/v2\/pages\/79","targetHints":{"allow":["GET"]}}],"collection":[{"href":"https:\/\/www.abf.se\/musikverkstan\/wp-json\/wp\/v2\/pages"}],"about":[{"href":"https:\/\/www.abf.se\/musikverkstan\/wp-json\/wp\/v2\/types\/page"}],"author":[{"embeddable":true,"href":"https:\/\/www.abf.se\/musikverkstan\/wp-json\/wp\/v2\/users\/36"}],"replies":[{"embeddable":true,"href":"https:\/\/www.abf.se\/musikverkstan\/wp-json\/wp\/v2\/comments?post=79"}],"version-history":[{"count":15,"href":"https:\/\/www.abf.se\/musikverkstan\/wp-json\/wp\/v2\/pages\/79\/revisions"}],"predecessor-version":[{"id":528,"href":"https:\/\/www.abf.se\/musikverkstan\/wp-json\/wp\/v2\/pages\/79\/revisions\/528"}],"wp:attachment":[{"href":"https:\/\/www.abf.se\/musikverkstan\/wp-json\/wp\/v2\/media?parent=79"}],"curies":[{"name":"wp","href":"https:\/\/api.w.org\/{rel}","templated":true}]}}