{"id":82,"date":"2026-03-03T10:00:03","date_gmt":"2026-03-03T09:00:03","guid":{"rendered":"https:\/\/www.abf.se\/musikverkstan\/?page_id=82"},"modified":"2026-03-06T10:05:52","modified_gmt":"2026-03-06T09:05:52","slug":"att-na-ut-med-var-musik","status":"publish","type":"page","link":"https:\/\/www.abf.se\/musikverkstan\/navigera-i-musikbranschen\/att-na-ut-med-var-musik\/","title":{"rendered":"Att n\u00e5 ut med\u00a0v\u00e5r\u00a0musik"},"content":{"rendered":"<div\n    class=\"acf-hero-block container-lg no-padding mb-12 js-geolocation\"\n    data-block=\"hero-block\"\n    data-index=\"0\"\n>\n    <div class=\"h-[548px]  relative rounded-[32px] overflow-hidden flex bg-gray-light\">\n        <div class=\"relative z-10 mt-auto h-auto w-full md:h-full\">\n            <div class=\"flex w-full h-full flex-col flex-wrap justify-end w-full md:w-7\/12 lg:w-1\/2 md:justify-center\">\n                <div class=\"flex flex-col gap-3 md:gap-[18px] md:transparent pt-16 pb-36 md:py-8 px-4 w-full md:max-w-[620px] mx-auto px-8\">\n\n                    <h1 class=\"hero-heading\"><span>Att n\u00e5 ut med <br \/>\r\nv\u00e5r musik<\/span><\/h1>\n\n                    \n                                    <\/div>\n            <\/div>\n        <\/div>\n\n                    <picture class=\"as-background-image mix-blend-multiply bg-black\/40\"><img decoding=\"async\" src=\"https:\/\/www.abf.se\/musikverkstan\/resized\/?url=https%3A%2F%2Fwww.abf.se%2Fwp-content%2Fuploads%2Fsites%2F94%2F2026%2F03%2Ffreestocks-photos-audio-2941753_1920.jpg&#038;fit=crop&#038;w=1440&#038;s=af459786ac7a264bb4f67e4ff7587563\" srcset=\"https:\/\/www.abf.se\/musikverkstan\/resized\/?url=https%3A%2F%2Fwww.abf.se%2Fwp-content%2Fuploads%2Fsites%2F94%2F2026%2F03%2Ffreestocks-photos-audio-2941753_1920.jpg&#038;fit=crop&#038;w=375&#038;h=540&#038;s=0fc161c064c94dfcb3eaf4dc5baff690 375w, https:\/\/www.abf.se\/musikverkstan\/resized\/?url=https%3A%2F%2Fwww.abf.se%2Fwp-content%2Fuploads%2Fsites%2F94%2F2026%2F03%2Ffreestocks-photos-audio-2941753_1920.jpg&#038;fit=crop&#038;w=447&#038;h=540&#038;s=0c8e959a2347c26e5137a0d162ede858 447w, https:\/\/www.abf.se\/musikverkstan\/resized\/?url=https%3A%2F%2Fwww.abf.se%2Fwp-content%2Fuploads%2Fsites%2F94%2F2026%2F03%2Ffreestocks-photos-audio-2941753_1920.jpg&#038;fit=crop&#038;w=519&#038;h=540&#038;s=edce701a8cdeb8b55ca3f7887dfb17e5 519w, https:\/\/www.abf.se\/musikverkstan\/resized\/?url=https%3A%2F%2Fwww.abf.se%2Fwp-content%2Fuploads%2Fsites%2F94%2F2026%2F03%2Ffreestocks-photos-audio-2941753_1920.jpg&#038;fit=crop&#038;w=591&#038;h=540&#038;s=e01a921a9001c7f47ff7f0315318baea 591w, https:\/\/www.abf.se\/musikverkstan\/resized\/?url=https%3A%2F%2Fwww.abf.se%2Fwp-content%2Fuploads%2Fsites%2F94%2F2026%2F03%2Ffreestocks-photos-audio-2941753_1920.jpg&#038;fit=crop&#038;w=663&#038;h=540&#038;s=16982c3b0c39fc01c46a6e02590264b2 663w, https:\/\/www.abf.se\/musikverkstan\/resized\/?url=https%3A%2F%2Fwww.abf.se%2Fwp-content%2Fuploads%2Fsites%2F94%2F2026%2F03%2Ffreestocks-photos-audio-2941753_1920.jpg&#038;fit=crop&#038;w=750&#038;h=540&#038;s=63d510220b65369728ca09c1dc63008b 750w, https:\/\/www.abf.se\/musikverkstan\/resized\/?url=https%3A%2F%2Fwww.abf.se%2Fwp-content%2Fuploads%2Fsites%2F94%2F2026%2F03%2Ffreestocks-photos-audio-2941753_1920.jpg&#038;fit=crop&#038;w=894&#038;h=540&#038;s=b1c0eeebefd0be2cbae90c554019d524 894w, https:\/\/www.abf.se\/musikverkstan\/resized\/?url=https%3A%2F%2Fwww.abf.se%2Fwp-content%2Fuploads%2Fsites%2F94%2F2026%2F03%2Ffreestocks-photos-audio-2941753_1920.jpg&#038;fit=crop&#038;w=1038&#038;h=540&#038;s=3b46c81630a12555cd523d864b947fe1 1038w, https:\/\/www.abf.se\/musikverkstan\/resized\/?url=https%3A%2F%2Fwww.abf.se%2Fwp-content%2Fuploads%2Fsites%2F94%2F2026%2F03%2Ffreestocks-photos-audio-2941753_1920.jpg&#038;fit=crop&#038;w=1182&#038;h=540&#038;s=7005e16d06bf0e414631b32a9b53155b 1182w, https:\/\/www.abf.se\/musikverkstan\/resized\/?url=https%3A%2F%2Fwww.abf.se%2Fwp-content%2Fuploads%2Fsites%2F94%2F2026%2F03%2Ffreestocks-photos-audio-2941753_1920.jpg&#038;fit=crop&#038;w=1326&#038;h=540&#038;s=0ff280b25b3dff4c6d8ec04def789af5 1326w, https:\/\/www.abf.se\/musikverkstan\/resized\/?url=https%3A%2F%2Fwww.abf.se%2Fwp-content%2Fuploads%2Fsites%2F94%2F2026%2F03%2Ffreestocks-photos-audio-2941753_1920.jpg&#038;fit=crop&#038;w=1440&#038;h=540&#038;s=e4581d207782945870a434a1b99f53e8 1440w\" alt=\"\" height=\"540\" width=\"1440\" sizes=\"(max-width: 1440px) calc(100vw - 32px), 1440px\" loading=\"eager\" fetchpriority=\"high\" aria-hidden=\"true\" role=\"presentation\" \/><\/picture>\n        \n\n            <\/div>\n\n    <\/div>\n\n<div\n    class=\"acf-plain-heading-block container my-16\"\n    data-block=\"plain-heading-block\"\n>\n    <div class=\"max-w-[658px] mx-auto\">\n                            <p class=\"mt-8 body-xl text-black\">\n                Att n\u00e5 ut med sin musik \u00e4r inte bara en fr\u00e5ga om exponering eller synlighet, utan om att g\u00f6ra r\u00f6ster h\u00f6rda som annars s\u00e4llan f\u00e5r utrymme. Det ni n\u00e5r ut med \u00e4r mer \u00e4n ljud. Det \u00e4r ber\u00e4ttelser, erfarenheter, k\u00e4nslor och st\u00e4llningstaganden. N\u00e4r fler f\u00e5r plats p\u00e5 scenen och fler perspektiv n\u00e5r olika \u00f6ron st\u00e4rks demokratin i praktiken. Att f\u00e5 sin musik att h\u00f6ras \u00e4r att ta plats i ett offentligt samtal som annars domineras av ekonomiskt starkare r\u00f6ster. Er musik blir d\u00e4rf\u00f6r inte bara ett soundtrack i m\u00e4ngden, utan ett uttryck f\u00f6r motst\u00e5nd; ett s\u00e4tt att utmana en marknadslogik d\u00e4r kapital styr \u00f6ver vilka r\u00f6ster som f\u00e5r h\u00f6ras p\u00e5 digitala plattformar, scener och radiostationer. <br \/>\r\n<br \/>\r\nMen att n\u00e5 ut med musiken kan k\u00e4nnas som ett om\u00f6jligt uppdrag i en kommersialiserad v\u00e4rld d\u00e4r storbolag, PR-byr\u00e5er och optimerade algoritmer redan fyller varje vr\u00e5. Men faktum \u00e4r att den som skapar musik idag har fler verktyg \u00e4n n\u00e5gonsin f\u00f6r att n\u00e5 ut, och detta utan att beh\u00f6va kompromissa med sitt uttryck. Internet, f\u00f6reningsliv och gamla hederliga kontakter spelar en nyckelroll. Med sm\u00e5 medel, m\u00e5lmedvetenhet och samarbete g\u00e5r det att bryta igenom bruset, och ibland \u00e4r avvikelsen fr\u00e5n mainstream sj\u00e4lva styrkan. \n            <\/p>\n            <\/div>\n<\/div>\n<div\n    class=\"acf-article-text-block article-container my-12\"\n    data-block=\"article-text-block\"\n>\n    <div class=\"wysiwyg\">\n        <h2>Vad vill vi med v\u00e5r musik?<\/h2>\n<p>F\u00f6r m\u00e5nga\u00a0\u00e4r\u00a0att lyckas\u00a0med sitt musikskapande n\u00e5got m\u00e4tbart. Det kan vara antal\u00a0likes,\u00a0streams\u00a0och\u00a0att spela f\u00f6r\u00a0fulla lokaler. Det \u00e4r en bild\u00a0av framg\u00e5ng som definierats utifr\u00e5n marknadens logik. Att lyckas kan lika g\u00e4rna vara att f\u00e5 uttrycka sig fritt, att ber\u00f6ra n\u00e5gra f\u00e5 p\u00e5 djupet eller att tillsammans bygga n\u00e5got som k\u00e4nns \u00e4rligt\u00a0och viktigt f\u00f6r just er.<\/p>\n<p>I\u00a0st\u00e4llet f\u00f6r att jaga n\u00e5gon annans id\u00e9 om framg\u00e5ng kan\u00a0ni\u00a0fr\u00e5ga\u00a0er: vad vill\u00a0vi\u00a0med<br \/>\nv\u00e5r\u00a0musik?\u00a0Titta g\u00e4rna p\u00e5 andra och l\u00e4r av andras erfarenheter, men staka sj\u00e4lva ut just er v\u00e4g fram\u00e5t och j\u00e4mf\u00f6r inte slutresultatet med andra.<\/p>\n<p>Det viktigaste och sj\u00e4lva f\u00f6ruts\u00e4ttningen f\u00f6r att n\u00e5 ut med er musik \u00e4r att ni i gruppen pratat ihop er om vad ni vill\u00a0i gruppen.<\/p>\n<ul>\n<li>Vilka dr\u00f6mmar \u00e4r det\u00a0vi\u00a0delar?<\/li>\n<li>Vilka f\u00f6rv\u00e4ntningar har\u00a0vi\u00a0p\u00e5 varandra i gruppen?<\/li>\n<li>Hur mycket tid \u00e4r\u00a0vi villiga att avs\u00e4tta f\u00f6r att n\u00e5\u00a0v\u00e5ra\u00a0m\u00e5l?<\/li>\n<\/ul>\n<h2>Verktyg f\u00f6r att n\u00e5 ut<\/h2>\n<p>Oavsett vad m\u00e5ls\u00e4ttningen med ert skapande \u00e4r finns det vissa verktyg f\u00f6r att n\u00e5 ut som ni kommer att beh\u00f6va f\u00f6rh\u00e5lla er till. H\u00e4r har vi samlat n\u00e5gra av dem:<\/p>\n<h3>Digitala verktyg<\/h3>\n<p>Som ett litet oberoende\u00a0band\u00a0har\u00a0ni\u00a0tillg\u00e5ng till en m\u00e4ngd verktyg f\u00f6r att bygga publik och sprida\u00a0er\u00a0musik. I listan nedan har ni exempel p\u00e5 digitala verktyg som kan vara anv\u00e4ndbara.<\/p>\n<ul>\n<li style=\"list-style-type: none;\">\n<ul>\n<li><b>Bandcamp<\/b>\u00a0\u2013\u00a0dela musiken online. Erbjuder \u00e4ven m\u00f6jlighet att\u00a0s\u00e4lja\u00a0musiken direkt.<\/li>\n<li><b>SoundCloud<\/b>\u00a0\u2013 n\u00e5 internationella lyssnare, testa id\u00e9er i ett\u00a0community-format.<\/li>\n<li><b>SubmitHub\u00a0\/\u00a0Groover\u00a0\/\u00a0Musosoup<\/b>\u00a0\u2013\u00a0pitcha\u00a0singlar till bloggar och\u00a0spelliste-kuratorer.<\/li>\n<li><b>Instagram\u00a0\/\u00a0TikTok\u00a0\/ YouTube<\/b>\u00a0\u2013 kombinationen av kort video, liveklipp och personliga ber\u00e4ttelser bygger relationer\u00a0med era lyssnare.<\/li>\n<li><b>Mailchimp<\/b>\u00a0\u2013\u00a0S\u00e4tt ihop en maillista<\/li>\n<li><b>Discord \/\u00a0Reddit<\/b>\u00a0\u2013 har\u00a0forum d\u00e4r fans och musiker st\u00f6ttar varandra.<\/li>\n<\/ul>\n<\/li>\n<\/ul>\n<h2>Affischering och annonsering<\/h2>\n<p>Affischering \u00e4r fortfarande en effektiv metod, s\u00e4rskilt i lokala sammanhang d\u00e4r ni spelar. T\u00e4nk p\u00e5 var er m\u00e5lgrupp r\u00f6r sig. Caf\u00e9er, fritidsg\u00e5rdar, skolor, bibliotek\u00a0har alla anslagstavlor d\u00e4r m\u00e5nga personer passerar. Anv\u00e4nd\u00a0en\u00a0stark visuell identitet. G\u00e4rna en\u00a0som speglar er musik och ert uttryck.<\/p>\n<p>Annonsering i sociala medier \u00e4r idag kanske den mest effektiva metoden att n\u00e5 ut snabbt. Med sm\u00e5 medel kan ni skapa annonser p\u00e5\u00a0Instagram, Facebook och\u00a0TikTok\u00a0som riktar sig till\u00a0specifika m\u00e5lgrupper baserat p\u00e5 \u00e5lder, intressen och geografiskt omr\u00e5de. Detta kan man kombinera med ett organiskt inneh\u00e5ll.\u00a0Lives\u00e4ndningar och\u00a0direkt\u00a0kommunikation med f\u00f6ljare\u00a0\u00e4r effektivt\u00a0f\u00f6r att bygga relationer \u00f6ver tid\u00a0snarare \u00e4n kortsiktiga likes.<\/p>\n<h2>Aggregatorer<\/h2>\n<p>F\u00f6r att f\u00e5\u00a0ut era\u00a0l\u00e5tar\u00a0p\u00e5 streamingplattformar som\u00a0Spotify, Apple Music\u00a0och andra\u00a0beh\u00f6vs en\u00a0digital distribut\u00f6r, en s\u00e5 kallad\u00a0aggregator. Exempelvis:\u00a0DistroKid,\u00a0Amuse,\u00a0TuneCore, CD Baby, Record Union.\u00a0De har lite olika uppl\u00e4gg f\u00f6r sina tj\u00e4nster som varierar fr\u00e5n eng\u00e5ngskostnader till prenumerationsavgifter. Viktigt h\u00e4r \u00e4r att ni har med er att ingenting \u00e4r gratis i plattformskapitalismen.\u00a0Avgifter per \u00e5r eller procent p\u00e5 int\u00e4kterna \u00e4r regeln, inte undantaget. L\u00e4s alltid villkoren\u00a0och\u00a0se till att ni \u00e4ger master-r\u00e4ttigheterna.\u00a0Fundera \u00f6ver hur ni kan beh\u00e5lla\u00a0mest\u00a0kontroll \u00f6ver er\u00a0musik.<\/p>\n<h2>Spellistor<\/h2>\n<p>N\u00e4r ni v\u00e4l har tillg\u00e4ngliggjort er\u00a0musik\u00a0f\u00f6r streaming ska ni hitta till era lyssnare.\u00a0Att hamna i en stor spellista kan ge tusentals lyssningar. Problemet? M\u00e5nga av\u00a0exempelvis\u00a0Spotifys\u00a0tyngsta listor \u00e4r\u00a0kurerade\u00a0av skivbolag som prioriterar sina egna artister. Algoritmiska listor styrs av parametrar som tidigare lyssningar och\u00a0skip-frekvens\u00a0hos de enskilda anv\u00e4ndarna. Allt som oftast \u00e4r de officiella spellistorna\u00a0sv\u00e5ra att hamna p\u00e5\u00a0f\u00f6r ett nytt band.<\/p>\n<h3>Alternativ strategi:<\/h3>\n<p>Skapa egna spellistor tillsammans med andra lokala akter.<br \/>\nPitcha\u00a0era s\u00e5nger\u00a0via\u00a0Spotify\u00a0for Artists\u00a0minst sju dagar f\u00f6re release.<br \/>\nBygg kontakt\u00a0med frist\u00e5ende kuratorer och nischade bloggar.<br \/>\nFokusera p\u00e5 relationer, inte bara r\u00e4ckvidd: en liten men lojal\u00a0lyssnarbas\u00a0sl\u00e5r kortvarig massexponering.<\/p>\n<h2>10 tips f\u00f6r att n\u00e5 ut<\/h2>\n<ul>\n<li>Skapa en egen webbplats \u2013 er digitala bas med biografi, musik, merch och kontakt.<\/li>\n<li>Bygg en e-postlista \u2013 n\u00e5 publiken direkt.<\/li>\n<li>Sociala medier \u2013 v\u00e4lj plattformar som passar er, satsa p\u00e5 kvalitet.<\/li>\n<li>Samarbeta \u2013 delade spelningar, gemensamma kampanjer, samlings-EP.<\/li>\n<li>Pitcha aktivt \u2013 bloggar, poddar, sm\u00e5 spellistor.<\/li>\n<li>S\u00e4tt ihop ett presskit \u2013 pressfoto, kort bio, l\u00e4nkar, kontakt. Ha det som en mapp p\u00e5 datorn, redo att skickas iv\u00e4g.<\/li>\n<li>Artistverktyg \u2013 nyttja Spotify for Artists, YouTube Studio och liknande f\u00f6r statistik och pitch mot de olika tj\u00e4nsterna.<\/li>\n<li>Spela live \u2013 varje gig \u00e4r viktigt. D\u00e4r bygger ni publik och bandet utvecklas.<\/li>\n<li>Arrangera sj\u00e4lva \u2013 G\u00e5 samman ett g\u00e4ng och hyr en lokal, spela p\u00e5 trottoaren, bjud in andra band \u2013 ABF kan hj\u00e4lpa till med det mesta.<\/li>\n<li>Var konsekventa &amp; personliga\u00a0\u2013 l\u00e5t er ton och era v\u00e4rderingar genomlysa allt ni g\u00f6r och publicerar online och s\u00e4ger i band-sammanhang.<\/li>\n<\/ul>\n<p><span data-contrast=\"none\"><strong>Tips!<\/strong>\u00a0<\/span><a href=\"https:\/\/www.musikerforbundet.se\/\"><span data-contrast=\"none\">https:\/\/www.musikerforbundet.se\/<\/span><\/a><span data-contrast=\"none\">\u00a0har\u00a0samlat\u00a0viktiga branschfakta\u00a0om musikbranschen f\u00f6r er som vill l\u00e4ra er mer.<\/span><span data-ccp-props=\"{&quot;335559739&quot;:0}\">\u00a0<\/span><\/p>\n\n    <\/div>\n<\/div>\n<div\n    class=\"acf-quick-link-block bg-red py-12 md:py-20\"\n    data-block=\"quick-link-block\"\n>\n    <div class=\"container\">\n                    <h2 class=\"heading-lg mb-7 text-center text-white\">\n                Alla avsnitt inom Modul 4: Navigera i musikbranschen\n            <\/h2>\n        \n        <div\n            class=\"px-5 content:px-0 grid grid-cols-1 gap-8 lg:grid-cols-3\">\n            \n            <article\nclass=\"round-corners-sm p-6 relative group grid grid-rows-[subgrid] row-[span_3] gap-4 bg-white text-red\"\n>\n            <h3\n        class=\"heading-sm group-hover:underline text-red\">\n            <a href=\"https:\/\/www.abf.se\/musikverkstan\/navigera-i-musikbranschen\/att-na-ut-med-var-musik\/\" class=\"expanded-hit-area\" target=\"\">\n                Avsnitt 1: Att n\u00e5 ut med v\u00e5r musik\n            <\/a>\n        <\/h3>\n            <figure\n    class=\"w-[38px] h-[38px] rounded-full p-2 group-hover:scale-110 transition-transform duration-300 self-end pointer-events-none bg-red text-white\">\n        <svg width=\"20\" height=\"20\" viewBox=\"0 0 20 20\" fill=\"none\" class=\"SvgIconElement\">\n<path d=\"M4.16659 10L15.8333 10\" stroke=\"currentColor\"\/>\n<path d=\"M9.99992 4.1665L15.8333 9.99984L9.99992 15.8332\" stroke=\"currentColor\"\/>\n<\/svg>\n    <\/figure>\n<\/article>            \n            <article\nclass=\"round-corners-sm p-6 relative group grid grid-rows-[subgrid] row-[span_3] gap-4 bg-white text-red\"\n>\n            <h3\n        class=\"heading-sm group-hover:underline text-red\">\n            <a href=\"https:\/\/www.abf.se\/musikverkstan\/navigera-i-musikbranschen\/upphovsratt-utgivning\/\" class=\"expanded-hit-area\" target=\"\">\n                Avsnitt 2: Upphovsr\u00e4tt och utgivning\n            <\/a>\n        <\/h3>\n            <figure\n    class=\"w-[38px] h-[38px] rounded-full p-2 group-hover:scale-110 transition-transform duration-300 self-end pointer-events-none bg-red text-white\">\n        <svg width=\"20\" height=\"20\" viewBox=\"0 0 20 20\" fill=\"none\" class=\"SvgIconElement\">\n<path d=\"M4.16659 10L15.8333 10\" stroke=\"currentColor\"\/>\n<path d=\"M9.99992 4.1665L15.8333 9.99984L9.99992 15.8332\" stroke=\"currentColor\"\/>\n<\/svg>\n    <\/figure>\n<\/article>            \n            <article\nclass=\"round-corners-sm p-6 relative group grid grid-rows-[subgrid] row-[span_3] gap-4 bg-white text-red\"\n>\n            <h3\n        class=\"heading-sm group-hover:underline text-red\">\n            <a href=\"https:\/\/www.abf.se\/musikverkstan\/navigera-i-musikbranschen\/synas-och-spela-live\/\" class=\"expanded-hit-area\" target=\"\">\n                Avsnitt 3: Synas och spela live\n            <\/a>\n        <\/h3>\n            <figure\n    class=\"w-[38px] h-[38px] rounded-full p-2 group-hover:scale-110 transition-transform duration-300 self-end pointer-events-none bg-red text-white\">\n        <svg width=\"20\" height=\"20\" viewBox=\"0 0 20 20\" fill=\"none\" class=\"SvgIconElement\">\n<path d=\"M4.16659 10L15.8333 10\" stroke=\"currentColor\"\/>\n<path d=\"M9.99992 4.1665L15.8333 9.99984L9.99992 15.8332\" stroke=\"currentColor\"\/>\n<\/svg>\n    <\/figure>\n<\/article>                    <\/div>\n    <\/div>\n<\/div>\n","protected":false},"excerpt":{"rendered":"","protected":false},"author":36,"featured_media":0,"parent":79,"menu_order":0,"comment_status":"closed","ping_status":"closed","template":"","meta":{"_acf_changed":false,"footnotes":""},"class_list":["post-82","page","type-page","status-publish","hentry"],"acf":[],"yoast_head":"<!-- This site is optimized with the Yoast SEO plugin v27.0 - https:\/\/yoast.com\/product\/yoast-seo-wordpress\/ -->\n<title>Att n\u00e5 ut med\u00a0v\u00e5r\u00a0musik - Musikverkstan<\/title>\n<meta name=\"robots\" content=\"index, follow, max-snippet:-1, max-image-preview:large, max-video-preview:-1\" \/>\n<link rel=\"canonical\" href=\"https:\/\/www.abf.se\/musikverkstan\/navigera-i-musikbranschen\/att-na-ut-med-var-musik\/\" \/>\n<meta property=\"og:locale\" content=\"en_US\" \/>\n<meta property=\"og:type\" content=\"article\" \/>\n<meta property=\"og:title\" content=\"Att n\u00e5 ut med\u00a0v\u00e5r\u00a0musik - Musikverkstan\" \/>\n<meta property=\"og:url\" content=\"https:\/\/www.abf.se\/musikverkstan\/navigera-i-musikbranschen\/att-na-ut-med-var-musik\/\" \/>\n<meta property=\"og:site_name\" content=\"Musikverkstan\" \/>\n<meta property=\"article:modified_time\" content=\"2026-03-06T09:05:52+00:00\" \/>\n<meta property=\"og:image\" content=\"https:\/\/www.abf.se\/wp-content\/uploads\/sites\/94\/2026\/03\/herobild-musikverkstan.png\" \/>\n\t<meta property=\"og:image:width\" content=\"1440\" \/>\n\t<meta property=\"og:image:height\" content=\"520\" \/>\n\t<meta property=\"og:image:type\" content=\"image\/png\" \/>\n<meta name=\"twitter:card\" content=\"summary_large_image\" \/>\n<script type=\"application\/ld+json\" class=\"yoast-schema-graph\">{\"@context\":\"https:\/\/schema.org\",\"@graph\":[{\"@type\":\"WebPage\",\"@id\":\"https:\/\/www.abf.se\/musikverkstan\/navigera-i-musikbranschen\/att-na-ut-med-var-musik\/\",\"url\":\"https:\/\/www.abf.se\/musikverkstan\/navigera-i-musikbranschen\/att-na-ut-med-var-musik\/\",\"name\":\"Att n\u00e5 ut med\u00a0v\u00e5r\u00a0musik - Musikverkstan\",\"isPartOf\":{\"@id\":\"https:\/\/www.abf.se\/musikverkstan\/#website\"},\"datePublished\":\"2026-03-03T09:00:03+00:00\",\"dateModified\":\"2026-03-06T09:05:52+00:00\",\"breadcrumb\":{\"@id\":\"https:\/\/www.abf.se\/musikverkstan\/navigera-i-musikbranschen\/att-na-ut-med-var-musik\/#breadcrumb\"},\"inLanguage\":\"en-US\",\"potentialAction\":[{\"@type\":\"ReadAction\",\"target\":[\"https:\/\/www.abf.se\/musikverkstan\/navigera-i-musikbranschen\/att-na-ut-med-var-musik\/\"]}]},{\"@type\":\"BreadcrumbList\",\"@id\":\"https:\/\/www.abf.se\/musikverkstan\/navigera-i-musikbranschen\/att-na-ut-med-var-musik\/#breadcrumb\",\"itemListElement\":[{\"@type\":\"ListItem\",\"position\":1,\"name\":\"Home\",\"item\":\"https:\/\/www.abf.se\/musikverkstan\/\"},{\"@type\":\"ListItem\",\"position\":2,\"name\":\"Navigera i musikbranschen\u00a0\",\"item\":\"https:\/\/www.abf.se\/musikverkstan\/navigera-i-musikbranschen\/\"},{\"@type\":\"ListItem\",\"position\":3,\"name\":\"Att n\u00e5 ut med\u00a0v\u00e5r\u00a0musik\"}]},{\"@type\":\"WebSite\",\"@id\":\"https:\/\/www.abf.se\/musikverkstan\/#website\",\"url\":\"https:\/\/www.abf.se\/musikverkstan\/\",\"name\":\"Musikverkstan\",\"description\":\"\",\"potentialAction\":[{\"@type\":\"SearchAction\",\"target\":{\"@type\":\"EntryPoint\",\"urlTemplate\":\"https:\/\/www.abf.se\/musikverkstan\/?s={search_term_string}\"},\"query-input\":{\"@type\":\"PropertyValueSpecification\",\"valueRequired\":true,\"valueName\":\"search_term_string\"}}],\"inLanguage\":\"en-US\"}]}<\/script>\n<!-- \/ Yoast SEO plugin. -->","yoast_head_json":{"title":"Att n\u00e5 ut med\u00a0v\u00e5r\u00a0musik - Musikverkstan","robots":{"index":"index","follow":"follow","max-snippet":"max-snippet:-1","max-image-preview":"max-image-preview:large","max-video-preview":"max-video-preview:-1"},"canonical":"https:\/\/www.abf.se\/musikverkstan\/navigera-i-musikbranschen\/att-na-ut-med-var-musik\/","og_locale":"en_US","og_type":"article","og_title":"Att n\u00e5 ut med\u00a0v\u00e5r\u00a0musik - Musikverkstan","og_url":"https:\/\/www.abf.se\/musikverkstan\/navigera-i-musikbranschen\/att-na-ut-med-var-musik\/","og_site_name":"Musikverkstan","article_modified_time":"2026-03-06T09:05:52+00:00","og_image":[{"width":1440,"height":520,"url":"https:\/\/www.abf.se\/wp-content\/uploads\/sites\/94\/2026\/03\/herobild-musikverkstan.png","type":"image\/png"}],"twitter_card":"summary_large_image","schema":{"@context":"https:\/\/schema.org","@graph":[{"@type":"WebPage","@id":"https:\/\/www.abf.se\/musikverkstan\/navigera-i-musikbranschen\/att-na-ut-med-var-musik\/","url":"https:\/\/www.abf.se\/musikverkstan\/navigera-i-musikbranschen\/att-na-ut-med-var-musik\/","name":"Att n\u00e5 ut med\u00a0v\u00e5r\u00a0musik - Musikverkstan","isPartOf":{"@id":"https:\/\/www.abf.se\/musikverkstan\/#website"},"datePublished":"2026-03-03T09:00:03+00:00","dateModified":"2026-03-06T09:05:52+00:00","breadcrumb":{"@id":"https:\/\/www.abf.se\/musikverkstan\/navigera-i-musikbranschen\/att-na-ut-med-var-musik\/#breadcrumb"},"inLanguage":"en-US","potentialAction":[{"@type":"ReadAction","target":["https:\/\/www.abf.se\/musikverkstan\/navigera-i-musikbranschen\/att-na-ut-med-var-musik\/"]}]},{"@type":"BreadcrumbList","@id":"https:\/\/www.abf.se\/musikverkstan\/navigera-i-musikbranschen\/att-na-ut-med-var-musik\/#breadcrumb","itemListElement":[{"@type":"ListItem","position":1,"name":"Home","item":"https:\/\/www.abf.se\/musikverkstan\/"},{"@type":"ListItem","position":2,"name":"Navigera i musikbranschen\u00a0","item":"https:\/\/www.abf.se\/musikverkstan\/navigera-i-musikbranschen\/"},{"@type":"ListItem","position":3,"name":"Att n\u00e5 ut med\u00a0v\u00e5r\u00a0musik"}]},{"@type":"WebSite","@id":"https:\/\/www.abf.se\/musikverkstan\/#website","url":"https:\/\/www.abf.se\/musikverkstan\/","name":"Musikverkstan","description":"","potentialAction":[{"@type":"SearchAction","target":{"@type":"EntryPoint","urlTemplate":"https:\/\/www.abf.se\/musikverkstan\/?s={search_term_string}"},"query-input":{"@type":"PropertyValueSpecification","valueRequired":true,"valueName":"search_term_string"}}],"inLanguage":"en-US"}]}},"_links":{"self":[{"href":"https:\/\/www.abf.se\/musikverkstan\/wp-json\/wp\/v2\/pages\/82","targetHints":{"allow":["GET"]}}],"collection":[{"href":"https:\/\/www.abf.se\/musikverkstan\/wp-json\/wp\/v2\/pages"}],"about":[{"href":"https:\/\/www.abf.se\/musikverkstan\/wp-json\/wp\/v2\/types\/page"}],"author":[{"embeddable":true,"href":"https:\/\/www.abf.se\/musikverkstan\/wp-json\/wp\/v2\/users\/36"}],"replies":[{"embeddable":true,"href":"https:\/\/www.abf.se\/musikverkstan\/wp-json\/wp\/v2\/comments?post=82"}],"version-history":[{"count":9,"href":"https:\/\/www.abf.se\/musikverkstan\/wp-json\/wp\/v2\/pages\/82\/revisions"}],"predecessor-version":[{"id":518,"href":"https:\/\/www.abf.se\/musikverkstan\/wp-json\/wp\/v2\/pages\/82\/revisions\/518"}],"up":[{"embeddable":true,"href":"https:\/\/www.abf.se\/musikverkstan\/wp-json\/wp\/v2\/pages\/79"}],"wp:attachment":[{"href":"https:\/\/www.abf.se\/musikverkstan\/wp-json\/wp\/v2\/media?parent=82"}],"curies":[{"name":"wp","href":"https:\/\/api.w.org\/{rel}","templated":true}]}}