{"id":86,"date":"2026-03-03T10:04:20","date_gmt":"2026-03-03T09:04:20","guid":{"rendered":"https:\/\/www.abf.se\/musikverkstan\/?page_id=86"},"modified":"2026-03-06T10:06:15","modified_gmt":"2026-03-06T09:06:15","slug":"upphovsratt-utgivning","status":"publish","type":"page","link":"https:\/\/www.abf.se\/musikverkstan\/navigera-i-musikbranschen\/upphovsratt-utgivning\/","title":{"rendered":"Upphovsr\u00e4tt och utgivning"},"content":{"rendered":"<div\n    class=\"acf-hero-block container-lg no-padding mb-12 js-geolocation\"\n    data-block=\"hero-block\"\n    data-index=\"0\"\n>\n    <div class=\"h-[548px]  relative rounded-[32px] overflow-hidden flex bg-gray-light\">\n        <div class=\"relative z-10 mt-auto h-auto w-full md:h-full\">\n            <div class=\"flex w-full h-full flex-col flex-wrap justify-end w-full md:w-7\/12 lg:w-1\/2 md:justify-center\">\n                <div class=\"flex flex-col gap-3 md:gap-[18px] md:transparent pt-16 pb-36 md:py-8 px-4 w-full md:max-w-[620px] mx-auto px-8\">\n\n                    <h1 class=\"hero-heading\"><span>Upphovsr\u00e4tt och  <br \/>\r\nutgivning<\/span><\/h1>\n\n                    \n                                    <\/div>\n            <\/div>\n        <\/div>\n\n                    <picture class=\"as-background-image mix-blend-multiply bg-black\/40\"><img decoding=\"async\" src=\"https:\/\/www.abf.se\/musikverkstan\/resized\/?url=https%3A%2F%2Fwww.abf.se%2Fwp-content%2Fuploads%2Fsites%2F94%2F2026%2F03%2Fmusikverkstan-upphovsratt.png&#038;fit=crop&#038;w=1440&#038;s=cc7200e260e57ee8f95599cd15a5a0f4\" srcset=\"https:\/\/www.abf.se\/musikverkstan\/resized\/?url=https%3A%2F%2Fwww.abf.se%2Fwp-content%2Fuploads%2Fsites%2F94%2F2026%2F03%2Fmusikverkstan-upphovsratt.png&#038;fit=crop&#038;w=375&#038;h=540&#038;s=971aa742829df5619d52af16865c6838 375w, https:\/\/www.abf.se\/musikverkstan\/resized\/?url=https%3A%2F%2Fwww.abf.se%2Fwp-content%2Fuploads%2Fsites%2F94%2F2026%2F03%2Fmusikverkstan-upphovsratt.png&#038;fit=crop&#038;w=447&#038;h=540&#038;s=1880c5d2fad05cb4707291fca1befa98 447w, https:\/\/www.abf.se\/musikverkstan\/resized\/?url=https%3A%2F%2Fwww.abf.se%2Fwp-content%2Fuploads%2Fsites%2F94%2F2026%2F03%2Fmusikverkstan-upphovsratt.png&#038;fit=crop&#038;w=519&#038;h=540&#038;s=882d4c3cccb6138611924ffe5b3ca0b4 519w, https:\/\/www.abf.se\/musikverkstan\/resized\/?url=https%3A%2F%2Fwww.abf.se%2Fwp-content%2Fuploads%2Fsites%2F94%2F2026%2F03%2Fmusikverkstan-upphovsratt.png&#038;fit=crop&#038;w=591&#038;h=540&#038;s=0152b466c0ac7ad580d8734d7eb6a19f 591w, https:\/\/www.abf.se\/musikverkstan\/resized\/?url=https%3A%2F%2Fwww.abf.se%2Fwp-content%2Fuploads%2Fsites%2F94%2F2026%2F03%2Fmusikverkstan-upphovsratt.png&#038;fit=crop&#038;w=663&#038;h=540&#038;s=9bab7a78fb5c5baaa96639ca962e4d59 663w, https:\/\/www.abf.se\/musikverkstan\/resized\/?url=https%3A%2F%2Fwww.abf.se%2Fwp-content%2Fuploads%2Fsites%2F94%2F2026%2F03%2Fmusikverkstan-upphovsratt.png&#038;fit=crop&#038;w=750&#038;h=540&#038;s=a2cb75ad640e89efcbd348bf421ecca8 750w, https:\/\/www.abf.se\/musikverkstan\/resized\/?url=https%3A%2F%2Fwww.abf.se%2Fwp-content%2Fuploads%2Fsites%2F94%2F2026%2F03%2Fmusikverkstan-upphovsratt.png&#038;fit=crop&#038;w=894&#038;h=540&#038;s=d4d095b8cb14182a660fe81faf29dcf2 894w, https:\/\/www.abf.se\/musikverkstan\/resized\/?url=https%3A%2F%2Fwww.abf.se%2Fwp-content%2Fuploads%2Fsites%2F94%2F2026%2F03%2Fmusikverkstan-upphovsratt.png&#038;fit=crop&#038;w=1038&#038;h=540&#038;s=818c059fd9f9bb75c904ae63fcfbb8ba 1038w, https:\/\/www.abf.se\/musikverkstan\/resized\/?url=https%3A%2F%2Fwww.abf.se%2Fwp-content%2Fuploads%2Fsites%2F94%2F2026%2F03%2Fmusikverkstan-upphovsratt.png&#038;fit=crop&#038;w=1182&#038;h=540&#038;s=4d6444eb331d03f18ddbaffdc8986d12 1182w, https:\/\/www.abf.se\/musikverkstan\/resized\/?url=https%3A%2F%2Fwww.abf.se%2Fwp-content%2Fuploads%2Fsites%2F94%2F2026%2F03%2Fmusikverkstan-upphovsratt.png&#038;fit=crop&#038;w=1326&#038;h=540&#038;s=f939cca5e58c1163f9693c8e90889803 1326w, https:\/\/www.abf.se\/musikverkstan\/resized\/?url=https%3A%2F%2Fwww.abf.se%2Fwp-content%2Fuploads%2Fsites%2F94%2F2026%2F03%2Fmusikverkstan-upphovsratt.png&#038;fit=crop&#038;w=1440&#038;h=540&#038;s=3dbc52057d5805b745f3544a010b4e48 1440w\" alt=\"\" height=\"540\" width=\"1440\" sizes=\"(max-width: 1440px) calc(100vw - 32px), 1440px\" loading=\"eager\" fetchpriority=\"high\" aria-hidden=\"true\" role=\"presentation\" \/><\/picture>\n        \n\n            <\/div>\n\n    <\/div>\n\n<div\n    class=\"acf-article-text-block article-container my-12\"\n    data-block=\"article-text-block\"\n>\n    <div class=\"wysiwyg\">\n        <h2>STIM<\/h2>\n<p>N\u00e4r ni publicerar musik \u00e4r det ocks\u00e5 viktigt att f\u00f6rst\u00e5 hur upphovsr\u00e4tten fungerar. Upphovsr\u00e4ttslagen skyddar ert verk automatiskt fr\u00e5n det \u00f6gonblick ni skapat det. Ni beh\u00f6ver allts\u00e5 inte registrera det, men f\u00f6r att s\u00e4kerst\u00e4lla att ni f\u00e5r ers\u00e4ttning n\u00e4r er musik spelas offentligt eller digitalt beh\u00f6ver ni ansluta er till STIM, Svenska Tons\u00e4ttares Internationella Musikbyr\u00e5. Genom att anm\u00e4la era verk till STIM och rapportera n\u00e4r de spelas, s\u00e4kerst\u00e4ller ni att ers\u00e4ttningen g\u00e5r till er. STIM har avtal med bland annat\u00a0Spotify\u00a0och andra streamingtj\u00e4nster, vilket g\u00f6r att ni som l\u00e5tskrivare f\u00e5r betalt per spelning. STIM \u00e4r en viktig del av att ta kontroll \u00f6ver sina r\u00e4ttigheter och sin ekonomi som musikskapare.<\/p>\n<ul>\n<li>Verk skyddas automatiskt av upphovsr\u00e4tten n\u00e4r de skapas.<\/li>\n<li>Anslut er till STIM\u00a0f\u00f6r att f\u00e5 ers\u00e4ttning n\u00e4r musiken spelas live, p\u00e5 radio eller streaming.<\/li>\n<li>Rapportera era spelningar och dela r\u00e4ttvist inom bandet.<\/li>\n<\/ul>\n<h2>Pressrelease och detaljer<\/h2>\n<p>En kort, vass pressrelease \u00f6kar chansen att bloggar, lokaltidningar och\u00a0kuratorer av spellistor\u00a0ens \u00f6ppnar mejlet.\u00a0<span data-contrast=\"auto\">Pressreleasen best\u00e5r oftast av en kort presentation av er och vad det \u00e4r ni ger ut. H\u00e4r \u00e4r det all id\u00e9 att t\u00e4nka p\u00e5 hur ni formulerar er, hur ni nischar er och hur just ni sticker ut. G\u00f6r det b\u00e4sta ni kan f\u00f6r att texten skall bli s\u00e5 bra som den kan bli. Diskutera tillsammans vilken m\u00e5lgrupp ni ska f\u00f6rs\u00f6ka n\u00e5 och vad det \u00e4r som g\u00f6r just er musik speciell.<\/span><span data-contrast=\"none\">\u00a0Korrekturl\u00e4s noga d\u00e5 stavfel och s\u00e4rskrivningar skriker \u201coproffsigt\u201d. L\u00e5t en utomst\u00e5ende l\u00e4sa innan utskick.\u00a0<\/span><\/p>\n<h3>En pressrelease inneh\u00e5ller i regel:<\/h3>\n<ul>\n<li>En kort presentationav bandet eller projektet<\/li>\n<li>Vad som ges ut (singel, EP eller album) och releasedatum<\/li>\n<li>En tydlig beskrivning av musiken (tema, uttryck, sammanhang)<\/li>\n<li>Relevanta l\u00e4nkar (musik, video, webbplats)<\/li>\n<li>Kontaktuppgifter<\/li>\n<li>En\u00a0passande bild<\/li>\n<\/ul>\n<h2>Loudness war<\/h2>\n<p><span data-contrast=\"auto\">Om ni vill ge ut er musik f\u00f6r streaming \u00e4r det bra att se till att\u00a0den\u00a0\u00e4r\u00a0mastrad\u00a0f\u00f6r digitala tj\u00e4nster. Om ni laddar upp en l\u00e5t eller EP som \u00e4r\u00a0mastrad\u00a0f\u00f6r\u00a0CD-format\u00a0kommer\u00a0Spotify\u00a0att aktivera en s\u00e5 kallad &#8220;loudness\u00a0normalizer&#8221; eller limiter som anpassar ljudvolymen, vilket kan p\u00e5verka ert ljud negativt och f\u00e5 er musik att upplevas som svagare \u00e4n andras p\u00e5 plattformen. Detta \u00e4r en direkt konsekvens av det som ibland kallas &#8220;loudness\u00a0war&#8221;. Det \u00e4r en utveckling d\u00e4r skivbolag och producenter i jakten p\u00e5 uppm\u00e4rksamhet \u00f6kar ljudstyrkan i mastringsprocessen f\u00f6r att h\u00f6ras mer i spellistor och j\u00e4mf\u00f6relser. I musikindustrin premieras ofta musik som l\u00e5ter\u00a0starkare\u00a0och mer komprimerad eftersom den f\u00e5ngar uppm\u00e4rksamhet snabbt i fl\u00f6den. Det inneb\u00e4r att starkt ljud ibland vinner \u00f6ver subtilitet och dynamik, vilket p\u00e5verkar b\u00e5de uttrycket och lyssningsupplevelsen.<\/span><span data-ccp-props=\"{&quot;134233117&quot;:false,&quot;134233118&quot;:false,&quot;201341983&quot;:0,&quot;335551550&quot;:1,&quot;335551620&quot;:1,&quot;335559685&quot;:0,&quot;335559737&quot;:0,&quot;335559738&quot;:0,&quot;335559739&quot;:0,&quot;335559740&quot;:278}\">\u00a0<\/span><span data-contrast=\"none\">\u00a0<\/span><span data-ccp-props=\"{&quot;201341983&quot;:0,&quot;335559739&quot;:0,&quot;335559740&quot;:278}\">\u00a0<\/span><\/p>\n<p><span data-contrast=\"none\">I en kapitalistisk logik bel\u00f6nas ofta det som l\u00e5ter mest direkt.\u00a0<\/span><span data-contrast=\"auto\">Plattformarna sj\u00e4lva \u00e4r dessutom l\u00e5ngt ifr\u00e5n transparenta n\u00e4r det g\u00e4ller exakt hur de hanterar ljudkvalitet och volym. Vissa artister m\u00e4rker att deras musik l\u00e5ter olika beroende p\u00e5 vilken plattform som anv\u00e4nds, och informationen om hur algoritmerna fungerar \u00e4r ofta otillg\u00e4nglig eller \u00e4ndras \u00f6ver tid. Det kan skapa frustration, s\u00e4rskilt f\u00f6r oberoende artister som inte har tillg\u00e5ng till den insiderkunskap som skivbolag ofta besitter.<\/span><span data-ccp-props=\"{&quot;201341983&quot;:0,&quot;335559739&quot;:0,&quot;335559740&quot;:278}\">\u00a0<\/span><span data-ccp-props=\"{&quot;201341983&quot;:0,&quot;335559739&quot;:0,&quot;335559740&quot;:278}\">\u00a0<\/span><\/p>\n<p><span data-contrast=\"auto\">Genom att\u00a0mastra\u00a0f\u00f6r digital distribution \u00f6kar ni chansen att er musik b\u00e5de l\u00e5ter bra och h\u00f6rs i konkurrensen.\u00a0<\/span><span data-contrast=\"none\">Om ni ber\u00a0masteringsteknikern\u00a0att g\u00f6ra separata masters f\u00f6r varje\u00a0format: CD, vinyl,\u00a0Spotify, YouTube och Apple Music\u00a0etc.\u00a0\u00e4r chansen st\u00f6rre att ni beh\u00e5ller\u00a0b\u00e5de dynamik och tryck i er release.<\/span><span data-ccp-props=\"{&quot;201341983&quot;:0,&quot;335559739&quot;:0,&quot;335559740&quot;:278}\">\u00a0<\/span><span data-contrast=\"auto\">\u00a0\u00a0<\/span><span data-ccp-props=\"{&quot;201341983&quot;:0,&quot;335559739&quot;:0,&quot;335559740&quot;:278}\">\u00a0<\/span><\/p>\n<p><b><span data-contrast=\"auto\">Tips:<\/span><\/b><span data-ccp-props=\"{&quot;201341983&quot;:0,&quot;335559739&quot;:0,&quot;335559740&quot;:278}\">\u00a0<\/span><span data-contrast=\"auto\">Loudness\u00a0penalty\u00a0\u00e4r en tj\u00e4nst som kan m\u00e4ta er musik och presentera den snarlikt som den kommer h\u00f6ras p\u00e5 olika tj\u00e4nster (<\/span><a href=\"https:\/\/www.loudnesspenalty.com\/\"><span data-contrast=\"none\">Loudness Penalty: Analyzer)<\/span><\/a><span data-ccp-props=\"{&quot;201341983&quot;:0,&quot;335559739&quot;:0,&quot;335559740&quot;:278}\">\u00a0<\/span><\/p>\n\n    <\/div>\n<\/div>\n<div\n    class=\"acf-quick-link-block bg-red py-12 md:py-20\"\n    data-block=\"quick-link-block\"\n>\n    <div class=\"container\">\n                    <h2 class=\"heading-lg mb-7 text-center text-white\">\n                Alla avsnitt inom Modul 4: Navigera i musikbranschen\n            <\/h2>\n        \n        <div\n            class=\"px-5 content:px-0 grid grid-cols-1 gap-8 lg:grid-cols-3\">\n            \n            <article\nclass=\"round-corners-sm p-6 relative group grid grid-rows-[subgrid] row-[span_3] gap-4 bg-white text-red\"\n>\n            <h3\n        class=\"heading-sm group-hover:underline text-red\">\n            <a href=\"https:\/\/www.abf.se\/musikverkstan\/navigera-i-musikbranschen\/att-na-ut-med-var-musik\/\" class=\"expanded-hit-area\" target=\"\">\n                Avsnitt 1: Att n\u00e5 ut med v\u00e5r musik\n            <\/a>\n        <\/h3>\n            <figure\n    class=\"w-[38px] h-[38px] rounded-full p-2 group-hover:scale-110 transition-transform duration-300 self-end pointer-events-none bg-red text-white\">\n        <svg width=\"20\" height=\"20\" viewBox=\"0 0 20 20\" fill=\"none\" class=\"SvgIconElement\">\n<path d=\"M4.16659 10L15.8333 10\" stroke=\"currentColor\"\/>\n<path d=\"M9.99992 4.1665L15.8333 9.99984L9.99992 15.8332\" stroke=\"currentColor\"\/>\n<\/svg>\n    <\/figure>\n<\/article>            \n            <article\nclass=\"round-corners-sm p-6 relative group grid grid-rows-[subgrid] row-[span_3] gap-4 bg-white text-red\"\n>\n            <h3\n        class=\"heading-sm group-hover:underline text-red\">\n            <a href=\"https:\/\/www.abf.se\/musikverkstan\/navigera-i-musikbranschen\/upphovsratt-utgivning\/\" class=\"expanded-hit-area\" target=\"\">\n                Avsnitt 2: Upphovsr\u00e4tt och utgivning\n            <\/a>\n        <\/h3>\n            <figure\n    class=\"w-[38px] h-[38px] rounded-full p-2 group-hover:scale-110 transition-transform duration-300 self-end pointer-events-none bg-red text-white\">\n        <svg width=\"20\" height=\"20\" viewBox=\"0 0 20 20\" fill=\"none\" class=\"SvgIconElement\">\n<path d=\"M4.16659 10L15.8333 10\" stroke=\"currentColor\"\/>\n<path d=\"M9.99992 4.1665L15.8333 9.99984L9.99992 15.8332\" stroke=\"currentColor\"\/>\n<\/svg>\n    <\/figure>\n<\/article>            \n            <article\nclass=\"round-corners-sm p-6 relative group grid grid-rows-[subgrid] row-[span_3] gap-4 bg-white text-red\"\n>\n            <h3\n        class=\"heading-sm group-hover:underline text-red\">\n            <a href=\"https:\/\/www.abf.se\/musikverkstan\/navigera-i-musikbranschen\/synas-och-spela-live\/\" class=\"expanded-hit-area\" target=\"\">\n                Avsnitt 3: Synas och spela live\n            <\/a>\n        <\/h3>\n            <figure\n    class=\"w-[38px] h-[38px] rounded-full p-2 group-hover:scale-110 transition-transform duration-300 self-end pointer-events-none bg-red text-white\">\n        <svg width=\"20\" height=\"20\" viewBox=\"0 0 20 20\" fill=\"none\" class=\"SvgIconElement\">\n<path d=\"M4.16659 10L15.8333 10\" stroke=\"currentColor\"\/>\n<path d=\"M9.99992 4.1665L15.8333 9.99984L9.99992 15.8332\" stroke=\"currentColor\"\/>\n<\/svg>\n    <\/figure>\n<\/article>                    <\/div>\n    <\/div>\n<\/div>\n","protected":false},"excerpt":{"rendered":"","protected":false},"author":36,"featured_media":0,"parent":79,"menu_order":0,"comment_status":"closed","ping_status":"closed","template":"","meta":{"_acf_changed":false,"footnotes":""},"class_list":["post-86","page","type-page","status-publish","hentry"],"acf":[],"yoast_head":"<!-- This site is optimized with the Yoast SEO plugin v27.0 - https:\/\/yoast.com\/product\/yoast-seo-wordpress\/ -->\n<title>Upphovsr\u00e4tt och utgivning - Musikverkstan<\/title>\n<meta name=\"robots\" content=\"index, follow, max-snippet:-1, max-image-preview:large, max-video-preview:-1\" \/>\n<link rel=\"canonical\" href=\"https:\/\/www.abf.se\/musikverkstan\/navigera-i-musikbranschen\/upphovsratt-utgivning\/\" \/>\n<meta property=\"og:locale\" content=\"en_US\" \/>\n<meta property=\"og:type\" content=\"article\" \/>\n<meta property=\"og:title\" content=\"Upphovsr\u00e4tt och utgivning - Musikverkstan\" \/>\n<meta property=\"og:url\" content=\"https:\/\/www.abf.se\/musikverkstan\/navigera-i-musikbranschen\/upphovsratt-utgivning\/\" \/>\n<meta property=\"og:site_name\" content=\"Musikverkstan\" \/>\n<meta property=\"article:modified_time\" content=\"2026-03-06T09:06:15+00:00\" \/>\n<meta property=\"og:image\" content=\"https:\/\/www.abf.se\/wp-content\/uploads\/sites\/94\/2026\/03\/herobild-musikverkstan.png\" \/>\n\t<meta property=\"og:image:width\" content=\"1440\" \/>\n\t<meta property=\"og:image:height\" content=\"520\" \/>\n\t<meta property=\"og:image:type\" content=\"image\/png\" \/>\n<meta name=\"twitter:card\" content=\"summary_large_image\" \/>\n<script type=\"application\/ld+json\" class=\"yoast-schema-graph\">{\"@context\":\"https:\/\/schema.org\",\"@graph\":[{\"@type\":\"WebPage\",\"@id\":\"https:\/\/www.abf.se\/musikverkstan\/navigera-i-musikbranschen\/upphovsratt-utgivning\/\",\"url\":\"https:\/\/www.abf.se\/musikverkstan\/navigera-i-musikbranschen\/upphovsratt-utgivning\/\",\"name\":\"Upphovsr\u00e4tt och utgivning - Musikverkstan\",\"isPartOf\":{\"@id\":\"https:\/\/www.abf.se\/musikverkstan\/#website\"},\"datePublished\":\"2026-03-03T09:04:20+00:00\",\"dateModified\":\"2026-03-06T09:06:15+00:00\",\"breadcrumb\":{\"@id\":\"https:\/\/www.abf.se\/musikverkstan\/navigera-i-musikbranschen\/upphovsratt-utgivning\/#breadcrumb\"},\"inLanguage\":\"en-US\",\"potentialAction\":[{\"@type\":\"ReadAction\",\"target\":[\"https:\/\/www.abf.se\/musikverkstan\/navigera-i-musikbranschen\/upphovsratt-utgivning\/\"]}]},{\"@type\":\"BreadcrumbList\",\"@id\":\"https:\/\/www.abf.se\/musikverkstan\/navigera-i-musikbranschen\/upphovsratt-utgivning\/#breadcrumb\",\"itemListElement\":[{\"@type\":\"ListItem\",\"position\":1,\"name\":\"Home\",\"item\":\"https:\/\/www.abf.se\/musikverkstan\/\"},{\"@type\":\"ListItem\",\"position\":2,\"name\":\"Navigera i musikbranschen\u00a0\",\"item\":\"https:\/\/www.abf.se\/musikverkstan\/navigera-i-musikbranschen\/\"},{\"@type\":\"ListItem\",\"position\":3,\"name\":\"Upphovsr\u00e4tt och utgivning\"}]},{\"@type\":\"WebSite\",\"@id\":\"https:\/\/www.abf.se\/musikverkstan\/#website\",\"url\":\"https:\/\/www.abf.se\/musikverkstan\/\",\"name\":\"Musikverkstan\",\"description\":\"\",\"potentialAction\":[{\"@type\":\"SearchAction\",\"target\":{\"@type\":\"EntryPoint\",\"urlTemplate\":\"https:\/\/www.abf.se\/musikverkstan\/?s={search_term_string}\"},\"query-input\":{\"@type\":\"PropertyValueSpecification\",\"valueRequired\":true,\"valueName\":\"search_term_string\"}}],\"inLanguage\":\"en-US\"}]}<\/script>\n<!-- \/ Yoast SEO plugin. -->","yoast_head_json":{"title":"Upphovsr\u00e4tt och utgivning - Musikverkstan","robots":{"index":"index","follow":"follow","max-snippet":"max-snippet:-1","max-image-preview":"max-image-preview:large","max-video-preview":"max-video-preview:-1"},"canonical":"https:\/\/www.abf.se\/musikverkstan\/navigera-i-musikbranschen\/upphovsratt-utgivning\/","og_locale":"en_US","og_type":"article","og_title":"Upphovsr\u00e4tt och utgivning - Musikverkstan","og_url":"https:\/\/www.abf.se\/musikverkstan\/navigera-i-musikbranschen\/upphovsratt-utgivning\/","og_site_name":"Musikverkstan","article_modified_time":"2026-03-06T09:06:15+00:00","og_image":[{"width":1440,"height":520,"url":"https:\/\/www.abf.se\/wp-content\/uploads\/sites\/94\/2026\/03\/herobild-musikverkstan.png","type":"image\/png"}],"twitter_card":"summary_large_image","schema":{"@context":"https:\/\/schema.org","@graph":[{"@type":"WebPage","@id":"https:\/\/www.abf.se\/musikverkstan\/navigera-i-musikbranschen\/upphovsratt-utgivning\/","url":"https:\/\/www.abf.se\/musikverkstan\/navigera-i-musikbranschen\/upphovsratt-utgivning\/","name":"Upphovsr\u00e4tt och utgivning - Musikverkstan","isPartOf":{"@id":"https:\/\/www.abf.se\/musikverkstan\/#website"},"datePublished":"2026-03-03T09:04:20+00:00","dateModified":"2026-03-06T09:06:15+00:00","breadcrumb":{"@id":"https:\/\/www.abf.se\/musikverkstan\/navigera-i-musikbranschen\/upphovsratt-utgivning\/#breadcrumb"},"inLanguage":"en-US","potentialAction":[{"@type":"ReadAction","target":["https:\/\/www.abf.se\/musikverkstan\/navigera-i-musikbranschen\/upphovsratt-utgivning\/"]}]},{"@type":"BreadcrumbList","@id":"https:\/\/www.abf.se\/musikverkstan\/navigera-i-musikbranschen\/upphovsratt-utgivning\/#breadcrumb","itemListElement":[{"@type":"ListItem","position":1,"name":"Home","item":"https:\/\/www.abf.se\/musikverkstan\/"},{"@type":"ListItem","position":2,"name":"Navigera i musikbranschen\u00a0","item":"https:\/\/www.abf.se\/musikverkstan\/navigera-i-musikbranschen\/"},{"@type":"ListItem","position":3,"name":"Upphovsr\u00e4tt och utgivning"}]},{"@type":"WebSite","@id":"https:\/\/www.abf.se\/musikverkstan\/#website","url":"https:\/\/www.abf.se\/musikverkstan\/","name":"Musikverkstan","description":"","potentialAction":[{"@type":"SearchAction","target":{"@type":"EntryPoint","urlTemplate":"https:\/\/www.abf.se\/musikverkstan\/?s={search_term_string}"},"query-input":{"@type":"PropertyValueSpecification","valueRequired":true,"valueName":"search_term_string"}}],"inLanguage":"en-US"}]}},"_links":{"self":[{"href":"https:\/\/www.abf.se\/musikverkstan\/wp-json\/wp\/v2\/pages\/86","targetHints":{"allow":["GET"]}}],"collection":[{"href":"https:\/\/www.abf.se\/musikverkstan\/wp-json\/wp\/v2\/pages"}],"about":[{"href":"https:\/\/www.abf.se\/musikverkstan\/wp-json\/wp\/v2\/types\/page"}],"author":[{"embeddable":true,"href":"https:\/\/www.abf.se\/musikverkstan\/wp-json\/wp\/v2\/users\/36"}],"replies":[{"embeddable":true,"href":"https:\/\/www.abf.se\/musikverkstan\/wp-json\/wp\/v2\/comments?post=86"}],"version-history":[{"count":9,"href":"https:\/\/www.abf.se\/musikverkstan\/wp-json\/wp\/v2\/pages\/86\/revisions"}],"predecessor-version":[{"id":519,"href":"https:\/\/www.abf.se\/musikverkstan\/wp-json\/wp\/v2\/pages\/86\/revisions\/519"}],"up":[{"embeddable":true,"href":"https:\/\/www.abf.se\/musikverkstan\/wp-json\/wp\/v2\/pages\/79"}],"wp:attachment":[{"href":"https:\/\/www.abf.se\/musikverkstan\/wp-json\/wp\/v2\/media?parent=86"}],"curies":[{"name":"wp","href":"https:\/\/api.w.org\/{rel}","templated":true}]}}