{"id":98,"date":"2026-03-03T10:30:07","date_gmt":"2026-03-03T09:30:07","guid":{"rendered":"https:\/\/www.abf.se\/musikverkstan\/?page_id=98"},"modified":"2026-03-06T09:24:57","modified_gmt":"2026-03-06T08:24:57","slug":"fran-ide-till-fardig-lat","status":"publish","type":"page","link":"https:\/\/www.abf.se\/musikverkstan\/skapa-musik-tillsammans\/fran-ide-till-fardig-lat\/","title":{"rendered":"Fr\u00e5n id\u00e9 till f\u00e4rdig l\u00e5t"},"content":{"rendered":"<div\n    class=\"acf-hero-block container-lg no-padding mb-12 js-geolocation\"\n    data-block=\"hero-block\"\n    data-index=\"0\"\n>\n    <div class=\"h-[548px]  relative rounded-[32px] overflow-hidden flex bg-gray-light\">\n        <div class=\"relative z-10 mt-auto h-auto w-full md:h-full\">\n            <div class=\"flex w-full h-full flex-col flex-wrap justify-end w-full md:w-7\/12 lg:w-1\/2 md:justify-center\">\n                <div class=\"flex flex-col gap-3 md:gap-[18px] md:transparent pt-16 pb-36 md:py-8 px-4 w-full md:max-w-[620px] mx-auto px-8\">\n\n                    <h1 class=\"hero-heading\"><span>Fr\u00e5n id\u00e9 till f\u00e4rdig l\u00e5t<\/span><\/h1>\n\n                    \n                                    <\/div>\n            <\/div>\n        <\/div>\n\n                    <picture class=\"as-background-image mix-blend-multiply bg-black\/40\"><img decoding=\"async\" src=\"https:\/\/www.abf.se\/musikverkstan\/resized\/?url=https%3A%2F%2Fwww.abf.se%2Fwp-content%2Fuploads%2Fsites%2F94%2F2026%2F03%2Fjonathan-castaneda-9A4-TZSpL18-unsplash.jpg&#038;fit=crop&#038;w=1440&#038;s=b3039d657263ffce9c13b9467b3d5f69\" srcset=\"https:\/\/www.abf.se\/musikverkstan\/resized\/?url=https%3A%2F%2Fwww.abf.se%2Fwp-content%2Fuploads%2Fsites%2F94%2F2026%2F03%2Fjonathan-castaneda-9A4-TZSpL18-unsplash.jpg&#038;fit=crop&#038;w=375&#038;h=540&#038;s=f7dc08cdb194073ba5f89598529ee623 375w, https:\/\/www.abf.se\/musikverkstan\/resized\/?url=https%3A%2F%2Fwww.abf.se%2Fwp-content%2Fuploads%2Fsites%2F94%2F2026%2F03%2Fjonathan-castaneda-9A4-TZSpL18-unsplash.jpg&#038;fit=crop&#038;w=447&#038;h=540&#038;s=0477f5823e89f1ea5a82b062a16d52d7 447w, https:\/\/www.abf.se\/musikverkstan\/resized\/?url=https%3A%2F%2Fwww.abf.se%2Fwp-content%2Fuploads%2Fsites%2F94%2F2026%2F03%2Fjonathan-castaneda-9A4-TZSpL18-unsplash.jpg&#038;fit=crop&#038;w=519&#038;h=540&#038;s=e98fe53859ddc5d1a9a28d526476dfaa 519w, https:\/\/www.abf.se\/musikverkstan\/resized\/?url=https%3A%2F%2Fwww.abf.se%2Fwp-content%2Fuploads%2Fsites%2F94%2F2026%2F03%2Fjonathan-castaneda-9A4-TZSpL18-unsplash.jpg&#038;fit=crop&#038;w=591&#038;h=540&#038;s=fe3058e4bf86f2e8ad15b4bbf9a34191 591w, https:\/\/www.abf.se\/musikverkstan\/resized\/?url=https%3A%2F%2Fwww.abf.se%2Fwp-content%2Fuploads%2Fsites%2F94%2F2026%2F03%2Fjonathan-castaneda-9A4-TZSpL18-unsplash.jpg&#038;fit=crop&#038;w=663&#038;h=540&#038;s=d942f25210cd0d302a20a60522aaaf72 663w, https:\/\/www.abf.se\/musikverkstan\/resized\/?url=https%3A%2F%2Fwww.abf.se%2Fwp-content%2Fuploads%2Fsites%2F94%2F2026%2F03%2Fjonathan-castaneda-9A4-TZSpL18-unsplash.jpg&#038;fit=crop&#038;w=750&#038;h=540&#038;s=eba88c18f0f2dcdedd1b39b39cb86324 750w, https:\/\/www.abf.se\/musikverkstan\/resized\/?url=https%3A%2F%2Fwww.abf.se%2Fwp-content%2Fuploads%2Fsites%2F94%2F2026%2F03%2Fjonathan-castaneda-9A4-TZSpL18-unsplash.jpg&#038;fit=crop&#038;w=894&#038;h=540&#038;s=8f3b5767d95058d5dab5b2ddd71f6046 894w, https:\/\/www.abf.se\/musikverkstan\/resized\/?url=https%3A%2F%2Fwww.abf.se%2Fwp-content%2Fuploads%2Fsites%2F94%2F2026%2F03%2Fjonathan-castaneda-9A4-TZSpL18-unsplash.jpg&#038;fit=crop&#038;w=1038&#038;h=540&#038;s=6399059320a1d4de69afa0f7aefeaf87 1038w, https:\/\/www.abf.se\/musikverkstan\/resized\/?url=https%3A%2F%2Fwww.abf.se%2Fwp-content%2Fuploads%2Fsites%2F94%2F2026%2F03%2Fjonathan-castaneda-9A4-TZSpL18-unsplash.jpg&#038;fit=crop&#038;w=1182&#038;h=540&#038;s=c0228e2449aa24b71b3873e2e251d1c6 1182w, https:\/\/www.abf.se\/musikverkstan\/resized\/?url=https%3A%2F%2Fwww.abf.se%2Fwp-content%2Fuploads%2Fsites%2F94%2F2026%2F03%2Fjonathan-castaneda-9A4-TZSpL18-unsplash.jpg&#038;fit=crop&#038;w=1326&#038;h=540&#038;s=7839681fc67f3ee5ceac108af2f4ae3e 1326w, https:\/\/www.abf.se\/musikverkstan\/resized\/?url=https%3A%2F%2Fwww.abf.se%2Fwp-content%2Fuploads%2Fsites%2F94%2F2026%2F03%2Fjonathan-castaneda-9A4-TZSpL18-unsplash.jpg&#038;fit=crop&#038;w=1440&#038;h=540&#038;s=7272d482cf934c285b2c4479542df47a 1440w\" alt=\"\" height=\"540\" width=\"1440\" sizes=\"(max-width: 1440px) calc(100vw - 32px), 1440px\" loading=\"eager\" fetchpriority=\"high\" aria-hidden=\"true\" role=\"presentation\" \/><\/picture>\n        \n\n            <\/div>\n\n    <\/div>\n\n<div\n    class=\"acf-plain-heading-block container my-16\"\n    data-block=\"plain-heading-block\"\n>\n    <div class=\"max-w-[658px] mx-auto\">\n                            <p class=\"mt-8 body-xl text-black\">\n                Det finns lika m\u00e5nga s\u00e4tt att skriva en l\u00e5t som det finns l\u00e5tar. Det finns allts\u00e5 inget r\u00e4tt eller fel s\u00e4tt och alla \u00e4r vi kreativa p\u00e5 olika s\u00e4tt. Det som \u00e4nd\u00e5 \u00e4r gemensamt f\u00f6r alla kreativa processer \u00e4r inspiration. Vi beh\u00f6ver bli inspirerade av n\u00e5got f\u00f6r att kunna b\u00f6rja skapa, ibland sker det medvetet och ibland omedvetet och det \u00e4r lika bra att testa sig fram. I det h\u00e4r avsnittet har vi samlat olika \u00f6vningar som syftar till att just v\u00e4cka inspirationen f\u00f6r att skapa en l\u00e5t. De h\u00e4r \u00f6vningarna kan vara lika anv\u00e4ndbara oavsett om du skrivit hundra l\u00e5tar f\u00f6rut eller vill skriva din f\u00f6rsta. \n            <\/p>\n            <\/div>\n<\/div>\n<div\n    class=\"acf-article-text-block article-container my-12\"\n    data-block=\"article-text-block\"\n>\n    <div class=\"wysiwyg\">\n        <h2>Tips och tricks kring l\u00e5tskrivande<\/h2>\n<ul>\n<li><strong>Ingen id\u00e9 \u00e4r f\u00f6r dum f\u00f6r att testa:\u00a0<\/strong>\u00c4ven det mest t\u00f6ntiga beatet eller den mest\u00a0cheesy\u00a0textraden kan f\u00f6rvandlas till n\u00e5got magiskt i en kreativ process.<\/li>\n<li><strong>Spela in s\u00e5 mycket som m\u00f6jligt:\u00a0<\/strong>Att skriva l\u00e5tar handlar om att f\u00e5nga \u00f6gonblick. Det \u00e4r l\u00e4tt h\u00e4nt att de b\u00e4sta melodierna, riffen och\u00a0beatsen\u00a0f\u00f6rsvinner lika snabbt som de kom till oss. D\u00e4rf\u00f6r \u00e4r det j\u00e4ttebra att spela in alla era jam, melodier och id\u00e9er s\u00e5 att ni vet att de finns kvar n\u00e4r magin sl\u00e5r till.<\/li>\n<li><strong>Begr\u00e4nsningar \u00e4r bra:<\/strong> Det \u00e4r l\u00e4tt att tro att desto mer tid ni har, desto b\u00e4ttre kommer l\u00e5ten att bli. S\u00e5 \u00e4r det absolut inte! Det s\u00e4gs att Nina Simone skrev sin l\u00e5t \u201dMississippi\u00a0Goddam\u201d p\u00e5 en halvtimme och den blev ju ganska bra.\u00a0Skapa begr\u00e4nsningar f\u00f6r er sj\u00e4lva genom att jobba under tidspress eller kanske genom att bara anv\u00e4nda ett instrument, eller inget instrument alls? Det enda som \u00e4r s\u00e4kert \u00e4r att ni kommer att skapa n\u00e5gonting och det \u00e4r ju b\u00e4ttre \u00e4n inget!<\/li>\n<li><strong>Ge och ta:<\/strong>\u00a0Att skriva musik kan vara k\u00e4mpigt, vi kanske verkligen har en vision om hur en l\u00e5t ska l\u00e5ta eller ett budskap vi verkligen vill f\u00e5 fram i en text. N\u00e4r vi skriver musik tillsammans beh\u00f6ver vi vara beredda p\u00e5 att sl\u00e4ppa lite av den kontrollen f\u00f6r att alla ska k\u00e4nna sig delaktiga i processen. F\u00f6rs\u00f6k att l\u00e5ta allas id\u00e9er testas innan ni best\u00e4mmer er f\u00f6r vad som l\u00e5ter bra och inte. Ta g\u00e4rna en strid f\u00f6r att just din textrad ska vara med men var beredd p\u00e5 att kanske offra n\u00e5got annat f\u00f6r det.<\/li>\n<li><strong>Kommunicera f\u00f6rv\u00e4ntningar tidigt:<\/strong> H\u00e4nger ihop med punkten ovan. Att skriva musik som kollektiv inneb\u00e4r alltid n\u00e5gon form av kompromissande. Desto tydligare ni \u00e4r med vad ni f\u00f6rv\u00e4ntar er kring musiken ni skriver, desto l\u00e4ttare \u00e4r det f\u00f6r er att avg\u00f6ra var ni kan m\u00f6tas och inte i ert kreativa samarbete.<\/li>\n<li><strong>Ta pauser och fyll p\u00e5 med ny energi:<\/strong> Har luften g\u00e5tt ur rummet? Har alla id\u00e9er tagit slut? Var inte r\u00e4dd f\u00f6r att sl\u00e4ppa allt och g\u00e5 en sv\u00e4ng runt huset eller ta en snackspaus. Det \u00e4r oftast n\u00e4r vi sl\u00e4pper taget som inspirationen kan komma tillbaka.<\/li>\n<\/ul>\n\n    <\/div>\n<\/div>\n<div\n    class=\"acf-plain-heading-block container my-16\"\n    data-block=\"plain-heading-block\"\n>\n    <div class=\"max-w-[658px] mx-auto\">\n                <h1 class=\"hero-heading\"><span>\u00d6vningar\u00a0<\/span><\/h1>\n                    <\/div>\n<\/div>\n<div\n    class=\"acf-article-text-block article-container my-12\"\n    data-block=\"article-text-block\"\n>\n    <div class=\"wysiwyg\">\n        <h3>Dr\u00f6ml\u00e5ten<\/h3>\n<p>T\u00e4nk p\u00e5 vilken typ av l\u00e5t du dr\u00f6mmer om att skriva. Ta fram ett papper och s\u00e4tt en timer p\u00e5 5 minuter. Skriv ned enstaka ord som beskriver den\u00a0dr\u00f6ml\u00e5ten. Det kan vara k\u00e4nslor, ord, uttryck, budskap, former, ljudbild\u00a0etc.\u00a0Det ska vara associativt utifr\u00e5n din vision av\u00a0dr\u00f6ml\u00e5ten. Byt papper med\u00a0varann\u00a0och s\u00e4tt en till timer p\u00e5 5 minuter. L\u00e4s igenom den andres\u00a0dr\u00f6ml\u00e5t\u00a0och skriv text till den utifr\u00e5n de associationer du f\u00e5r av orden som finns p\u00e5 pappret. Byt papper igen och forts\u00e4tt texten p\u00e5 varandras\u00a0dr\u00f6ml\u00e5t. Den h\u00e4r \u00f6vningen g\u00e5r ocks\u00e5 att g\u00f6ra fast genom att s\u00e4tta musik till beskrivningen ist\u00e4llet f\u00f6r text,\u00a0d\u00e5 beh\u00f6vs det lite mer tid dock.<\/p>\n<h3>Melodifestival<\/h3>\n<p>V\u00e4lj ut en instrumental l\u00e5t\/demo. Lyssna igenom den var f\u00f6r sig och f\u00f6rs\u00f6k komma p\u00e5 en s\u00e5ngmelodi till musiken. Anv\u00e4nd en generisk text typ \u201ddu ser inte skogen f\u00f6r alla tr\u00e4d\u201d eller \u201db\u00e4st f\u00f6re se f\u00f6rpackningens baksida\u201d. Ta n\u00e5gra minuter och dela sen med er av varandras melodier.<\/p>\n<h3>Fr\u00e4mmande spr\u00e5k<\/h3>\n<p>Leta fram ett lexikon till ett spr\u00e5k som du inte kan (eller s\u00f6k p\u00e5 n\u00e4tet efter n\u00e5gra ord som du \u00f6vers\u00e4tter till ett fr\u00e4mmande spr\u00e5k). V\u00e4lj ut 5 ord p\u00e5 spr\u00e5ket\u00a0bara baserat p\u00e5 hur de l\u00e5ter, det spelar ingen roll vad de betyder.\u00a0F\u00f6rs\u00f6k att snickra ihop en melodi baserat p\u00e5 de 5 orden och hur de l\u00e5ter i ditt huvud.\u00a0Om ni hittar melodier som ni gillar,\u00a0kan ni sen s\u00e4tta egen text till melodin.<\/p>\n<h3>Uncomfort-zone<\/h3>\n<p>Skriv ned n\u00e5gra ord p\u00e5 ett papper som beskriver hur l\u00e5tar\/texter du vanligtvis skriver brukar l\u00e5ta. T.ex.: sorgligt, riffigt, punkigt, poppigt, personligt osv. N\u00e4r du skrivit ned 7\u201310 ord, skriver du upp motsatsen till varje ord. De orden f\u00e5r sedan utg\u00f6ra grundpl\u00e5ten f\u00f6r en ny l\u00e5tid\u00e9. B\u00f6rja med text eller musik och f\u00f6rs\u00f6k skapa en id\u00e9 som representerar motsatsen till det du brukar skriva.<\/p>\n<h3>Klipp och klistra<\/h3>\n<p><strong>Material:<\/strong> Tidningar, sax, limstift eller tejp, papper, timer<br \/>\nSamla ihop lite gamla tidningar, s\u00e4tt en timer p\u00e5 15 minuter och klipp och klistra ihop\u00a0meningar fr\u00e5n texter fr\u00e5n tidningarna. Meningarna beh\u00f6ver inte vara logiska\u00a0eller grammatiskt korrekta, bara fantasin s\u00e4tter gr\u00e4nserna! N\u00e4r tiden \u00e4r slut kan ni l\u00e4sa upp era meningar f\u00f6r varandra och f\u00f6rs\u00f6ka bygga ihop dem till en sammanh\u00e4ngande text.\u00a0Testa sedan att s\u00e4tta musik till texten, antingen genom att sjunga hela texten eller v\u00e4lja ut n\u00e5gra rader som ni testar med musik f\u00f6r att hitta en del som ni gillar.<\/p>\n<h3>Hatten<\/h3>\n<p><strong>Material:<\/strong> Papper, pennor, sax, hatt\/sk\u00e5l\/burk, timer<\/p>\n<p>V\u00e4lj ett tema och spr\u00e5k och s\u00e4tt en timer p\u00e5 3 minuter. Skriv s\u00e5 mycket ni kan p\u00e5 temat utan att d\u00f6ma texten, bara fritt associera.\u00a0Det beh\u00f6ver inte vara en sammanh\u00e4ngande text. N\u00e4r tiden \u00e4r slut\u00a0g\u00e5r du igenom din text och klipper ut\u00a0valfria meningar\u00a0fr\u00e5n texten du\u00a0skrivit\u00a0(minst\u00a02 ord\u00a0per mening) och l\u00e4gger i en hatt\/sk\u00e5l mitt i rummet. L\u00e5t sedan hatten vandra runt mellan deltagarna och l\u00e5t alla plocka upp\u00a0ett antal meningar\/textrader. V\u00e4lj ut en mening som ni b\u00f6rjar med och\u00a0fyll sedan p\u00e5 med fler meningar tills ni har en f\u00e4rdig\u00a0l\u00e5ttext.<\/p>\n\n    <\/div>\n<\/div>\n<div\n    class=\"acf-article-cta-link-block article-container my-8\"\n    data-block=\"article-cta-link-block\"\n>\n<div>\n    <a class=\"inline-flex flex-row items-center gap-4 text-link underline text-red-dark\"\n        href=\"https:\/\/www.abf.se\/wp-content\/uploads\/sites\/94\/2026\/03\/Fran-ide-till-fardig-lat-ABF-Studiehandledning-Musikverkstan.pdf\"\n                target=\"_blank\"\n            >\n        <span class=\"\">\n        Studiehandledning Fr\u00e5n id\u00e9 till f\u00e4rdig l\u00e5t (pdf)\n        <\/span>\n        <figure aria-hidden=\"true\" class=\"rounded-full bg-red-dark w-8 h-8 p-1 text-white\">\n            <svg width=\"20\" height=\"20\" viewBox=\"0 0 20 20\" fill=\"none\" class=\"SvgIconElement\">\n<path d=\"M4.16659 10L15.8333 10\" stroke=\"currentColor\"\/>\n<path d=\"M9.99992 4.1665L15.8333 9.99984L9.99992 15.8332\" stroke=\"currentColor\"\/>\n<\/svg>\n        <\/figure>\n    <\/a>\n<\/div>\n<\/div>\n<div\n    class=\"acf-quick-link-block bg-red py-12 md:py-20\"\n    data-block=\"quick-link-block\"\n>\n    <div class=\"container\">\n                    <h2 class=\"heading-lg mb-7 text-center text-white\">\n                Alla avsnitt inom Modul 3: Skapa musik tillsammans\n            <\/h2>\n        \n        <div\n            class=\"px-5 content:px-0 grid grid-cols-1 gap-8 lg:grid-cols-3\">\n            \n            <article\nclass=\"round-corners-sm p-6 relative group grid grid-rows-[subgrid] row-[span_3] gap-4 bg-white text-red\"\n>\n            <h3\n        class=\"heading-sm group-hover:underline text-red\">\n            <a href=\"https:\/\/www.abf.se\/musikverkstan\/skapa-musik-tillsammans\/satt-ord-pa-musiken\/\" class=\"expanded-hit-area\" target=\"\">\n                Avsnitt 1: S\u00e4tta ord p\u00e5 musiken\n            <\/a>\n        <\/h3>\n            <figure\n    class=\"w-[38px] h-[38px] rounded-full p-2 group-hover:scale-110 transition-transform duration-300 self-end pointer-events-none bg-red text-white\">\n        <svg width=\"20\" height=\"20\" viewBox=\"0 0 20 20\" fill=\"none\" class=\"SvgIconElement\">\n<path d=\"M4.16659 10L15.8333 10\" stroke=\"currentColor\"\/>\n<path d=\"M9.99992 4.1665L15.8333 9.99984L9.99992 15.8332\" stroke=\"currentColor\"\/>\n<\/svg>\n    <\/figure>\n<\/article>            \n            <article\nclass=\"round-corners-sm p-6 relative group grid grid-rows-[subgrid] row-[span_3] gap-4 bg-white text-red\"\n>\n            <h3\n        class=\"heading-sm group-hover:underline text-red\">\n            <a href=\"https:\/\/www.abf.se\/musikverkstan\/skapa-musik-tillsammans\/fran-ide-till-fardig-lat\/\" class=\"expanded-hit-area\" target=\"\">\n                Avsnitt 2: Fr\u00e5n id\u00e9 till f\u00e4rdig l\u00e5t\n            <\/a>\n        <\/h3>\n            <figure\n    class=\"w-[38px] h-[38px] rounded-full p-2 group-hover:scale-110 transition-transform duration-300 self-end pointer-events-none bg-red text-white\">\n        <svg width=\"20\" height=\"20\" viewBox=\"0 0 20 20\" fill=\"none\" class=\"SvgIconElement\">\n<path d=\"M4.16659 10L15.8333 10\" stroke=\"currentColor\"\/>\n<path d=\"M9.99992 4.1665L15.8333 9.99984L9.99992 15.8332\" stroke=\"currentColor\"\/>\n<\/svg>\n    <\/figure>\n<\/article>            \n            <article\nclass=\"round-corners-sm p-6 relative group grid grid-rows-[subgrid] row-[span_3] gap-4 bg-white text-red\"\n>\n            <h3\n        class=\"heading-sm group-hover:underline text-red\">\n            <a href=\"https:\/\/www.abf.se\/musikverkstan\/skapa-musik-tillsammans\/ideer-for-samverkan\/\" class=\"expanded-hit-area\" target=\"\">\n                Avsnitt 3: Id\u00e9er f\u00f6r inspiration\n            <\/a>\n        <\/h3>\n            <figure\n    class=\"w-[38px] h-[38px] rounded-full p-2 group-hover:scale-110 transition-transform duration-300 self-end pointer-events-none bg-red text-white\">\n        <svg width=\"20\" height=\"20\" viewBox=\"0 0 20 20\" fill=\"none\" class=\"SvgIconElement\">\n<path d=\"M4.16659 10L15.8333 10\" stroke=\"currentColor\"\/>\n<path d=\"M9.99992 4.1665L15.8333 9.99984L9.99992 15.8332\" stroke=\"currentColor\"\/>\n<\/svg>\n    <\/figure>\n<\/article>                    <\/div>\n    <\/div>\n<\/div>\n<div\n    class=\"acf-quick-link-block bg-red py-12 md:py-20\"\n    data-block=\"quick-link-block\"\n>\n    <div class=\"container\">\n        \n        <div\n            class=\"px-5 content:px-0 grid grid-cols-1 gap-8 md:grid-cols-2\">\n            \n            <article\nclass=\"round-corners-sm p-6 relative group grid grid-rows-[subgrid] row-[span_3] gap-4 bg-white text-red\"\n>\n            <h3\n        class=\"heading-sm group-hover:underline text-red\">\n            <a href=\"https:\/\/www.abf.se\/musikverkstan\/skapa-musik-tillsammans\/digital-musikverksamhet\/\" class=\"expanded-hit-area\" target=\"\">\n                Avsnitt 4: Digital musikverksamhet\n            <\/a>\n        <\/h3>\n            <figure\n    class=\"w-[38px] h-[38px] rounded-full p-2 group-hover:scale-110 transition-transform duration-300 self-end pointer-events-none bg-red text-white\">\n        <svg width=\"20\" height=\"20\" viewBox=\"0 0 20 20\" fill=\"none\" class=\"SvgIconElement\">\n<path d=\"M4.16659 10L15.8333 10\" stroke=\"currentColor\"\/>\n<path d=\"M9.99992 4.1665L15.8333 9.99984L9.99992 15.8332\" stroke=\"currentColor\"\/>\n<\/svg>\n    <\/figure>\n<\/article>            \n            <article\nclass=\"round-corners-sm p-6 relative group grid grid-rows-[subgrid] row-[span_3] gap-4 bg-white text-red\"\n>\n            <h3\n        class=\"heading-sm group-hover:underline text-red\">\n            <a href=\"\" class=\"expanded-hit-area\" target=\"\">\n                Avsnitt 5: Skapa musik med AI\n            <\/a>\n        <\/h3>\n            <figure\n    class=\"w-[38px] h-[38px] rounded-full p-2 group-hover:scale-110 transition-transform duration-300 self-end pointer-events-none bg-red text-white\">\n        <svg width=\"20\" height=\"20\" viewBox=\"0 0 20 20\" fill=\"none\" class=\"SvgIconElement\">\n<path d=\"M4.16659 10L15.8333 10\" stroke=\"currentColor\"\/>\n<path d=\"M9.99992 4.1665L15.8333 9.99984L9.99992 15.8332\" stroke=\"currentColor\"\/>\n<\/svg>\n    <\/figure>\n<\/article>                    <\/div>\n    <\/div>\n<\/div>\n","protected":false},"excerpt":{"rendered":"","protected":false},"author":36,"featured_media":0,"parent":93,"menu_order":0,"comment_status":"closed","ping_status":"closed","template":"","meta":{"_acf_changed":false,"footnotes":""},"class_list":["post-98","page","type-page","status-publish","hentry"],"acf":[],"yoast_head":"<!-- This site is optimized with the Yoast SEO plugin v27.0 - https:\/\/yoast.com\/product\/yoast-seo-wordpress\/ -->\n<title>Fr\u00e5n id\u00e9 till f\u00e4rdig l\u00e5t - Musikverkstan<\/title>\n<meta name=\"robots\" content=\"index, follow, max-snippet:-1, max-image-preview:large, max-video-preview:-1\" \/>\n<link rel=\"canonical\" href=\"https:\/\/www.abf.se\/musikverkstan\/skapa-musik-tillsammans\/fran-ide-till-fardig-lat\/\" \/>\n<meta property=\"og:locale\" content=\"en_US\" \/>\n<meta property=\"og:type\" content=\"article\" \/>\n<meta property=\"og:title\" content=\"Fr\u00e5n id\u00e9 till f\u00e4rdig l\u00e5t - Musikverkstan\" \/>\n<meta property=\"og:url\" content=\"https:\/\/www.abf.se\/musikverkstan\/skapa-musik-tillsammans\/fran-ide-till-fardig-lat\/\" \/>\n<meta property=\"og:site_name\" content=\"Musikverkstan\" \/>\n<meta property=\"article:modified_time\" content=\"2026-03-06T08:24:57+00:00\" \/>\n<meta property=\"og:image\" content=\"https:\/\/www.abf.se\/wp-content\/uploads\/sites\/94\/2026\/03\/herobild-musikverkstan.png\" \/>\n\t<meta property=\"og:image:width\" content=\"1440\" \/>\n\t<meta property=\"og:image:height\" content=\"520\" \/>\n\t<meta property=\"og:image:type\" content=\"image\/png\" \/>\n<meta name=\"twitter:card\" content=\"summary_large_image\" \/>\n<script type=\"application\/ld+json\" class=\"yoast-schema-graph\">{\"@context\":\"https:\/\/schema.org\",\"@graph\":[{\"@type\":\"WebPage\",\"@id\":\"https:\/\/www.abf.se\/musikverkstan\/skapa-musik-tillsammans\/fran-ide-till-fardig-lat\/\",\"url\":\"https:\/\/www.abf.se\/musikverkstan\/skapa-musik-tillsammans\/fran-ide-till-fardig-lat\/\",\"name\":\"Fr\u00e5n id\u00e9 till f\u00e4rdig l\u00e5t - Musikverkstan\",\"isPartOf\":{\"@id\":\"https:\/\/www.abf.se\/musikverkstan\/#website\"},\"datePublished\":\"2026-03-03T09:30:07+00:00\",\"dateModified\":\"2026-03-06T08:24:57+00:00\",\"breadcrumb\":{\"@id\":\"https:\/\/www.abf.se\/musikverkstan\/skapa-musik-tillsammans\/fran-ide-till-fardig-lat\/#breadcrumb\"},\"inLanguage\":\"en-US\",\"potentialAction\":[{\"@type\":\"ReadAction\",\"target\":[\"https:\/\/www.abf.se\/musikverkstan\/skapa-musik-tillsammans\/fran-ide-till-fardig-lat\/\"]}]},{\"@type\":\"BreadcrumbList\",\"@id\":\"https:\/\/www.abf.se\/musikverkstan\/skapa-musik-tillsammans\/fran-ide-till-fardig-lat\/#breadcrumb\",\"itemListElement\":[{\"@type\":\"ListItem\",\"position\":1,\"name\":\"Home\",\"item\":\"https:\/\/www.abf.se\/musikverkstan\/\"},{\"@type\":\"ListItem\",\"position\":2,\"name\":\"Skapa musik tillsammans\",\"item\":\"https:\/\/www.abf.se\/musikverkstan\/skapa-musik-tillsammans\/\"},{\"@type\":\"ListItem\",\"position\":3,\"name\":\"Fr\u00e5n id\u00e9 till f\u00e4rdig l\u00e5t\"}]},{\"@type\":\"WebSite\",\"@id\":\"https:\/\/www.abf.se\/musikverkstan\/#website\",\"url\":\"https:\/\/www.abf.se\/musikverkstan\/\",\"name\":\"Musikverkstan\",\"description\":\"\",\"potentialAction\":[{\"@type\":\"SearchAction\",\"target\":{\"@type\":\"EntryPoint\",\"urlTemplate\":\"https:\/\/www.abf.se\/musikverkstan\/?s={search_term_string}\"},\"query-input\":{\"@type\":\"PropertyValueSpecification\",\"valueRequired\":true,\"valueName\":\"search_term_string\"}}],\"inLanguage\":\"en-US\"}]}<\/script>\n<!-- \/ Yoast SEO plugin. -->","yoast_head_json":{"title":"Fr\u00e5n id\u00e9 till f\u00e4rdig l\u00e5t - Musikverkstan","robots":{"index":"index","follow":"follow","max-snippet":"max-snippet:-1","max-image-preview":"max-image-preview:large","max-video-preview":"max-video-preview:-1"},"canonical":"https:\/\/www.abf.se\/musikverkstan\/skapa-musik-tillsammans\/fran-ide-till-fardig-lat\/","og_locale":"en_US","og_type":"article","og_title":"Fr\u00e5n id\u00e9 till f\u00e4rdig l\u00e5t - Musikverkstan","og_url":"https:\/\/www.abf.se\/musikverkstan\/skapa-musik-tillsammans\/fran-ide-till-fardig-lat\/","og_site_name":"Musikverkstan","article_modified_time":"2026-03-06T08:24:57+00:00","og_image":[{"width":1440,"height":520,"url":"https:\/\/www.abf.se\/wp-content\/uploads\/sites\/94\/2026\/03\/herobild-musikverkstan.png","type":"image\/png"}],"twitter_card":"summary_large_image","schema":{"@context":"https:\/\/schema.org","@graph":[{"@type":"WebPage","@id":"https:\/\/www.abf.se\/musikverkstan\/skapa-musik-tillsammans\/fran-ide-till-fardig-lat\/","url":"https:\/\/www.abf.se\/musikverkstan\/skapa-musik-tillsammans\/fran-ide-till-fardig-lat\/","name":"Fr\u00e5n id\u00e9 till f\u00e4rdig l\u00e5t - Musikverkstan","isPartOf":{"@id":"https:\/\/www.abf.se\/musikverkstan\/#website"},"datePublished":"2026-03-03T09:30:07+00:00","dateModified":"2026-03-06T08:24:57+00:00","breadcrumb":{"@id":"https:\/\/www.abf.se\/musikverkstan\/skapa-musik-tillsammans\/fran-ide-till-fardig-lat\/#breadcrumb"},"inLanguage":"en-US","potentialAction":[{"@type":"ReadAction","target":["https:\/\/www.abf.se\/musikverkstan\/skapa-musik-tillsammans\/fran-ide-till-fardig-lat\/"]}]},{"@type":"BreadcrumbList","@id":"https:\/\/www.abf.se\/musikverkstan\/skapa-musik-tillsammans\/fran-ide-till-fardig-lat\/#breadcrumb","itemListElement":[{"@type":"ListItem","position":1,"name":"Home","item":"https:\/\/www.abf.se\/musikverkstan\/"},{"@type":"ListItem","position":2,"name":"Skapa musik tillsammans","item":"https:\/\/www.abf.se\/musikverkstan\/skapa-musik-tillsammans\/"},{"@type":"ListItem","position":3,"name":"Fr\u00e5n id\u00e9 till f\u00e4rdig l\u00e5t"}]},{"@type":"WebSite","@id":"https:\/\/www.abf.se\/musikverkstan\/#website","url":"https:\/\/www.abf.se\/musikverkstan\/","name":"Musikverkstan","description":"","potentialAction":[{"@type":"SearchAction","target":{"@type":"EntryPoint","urlTemplate":"https:\/\/www.abf.se\/musikverkstan\/?s={search_term_string}"},"query-input":{"@type":"PropertyValueSpecification","valueRequired":true,"valueName":"search_term_string"}}],"inLanguage":"en-US"}]}},"_links":{"self":[{"href":"https:\/\/www.abf.se\/musikverkstan\/wp-json\/wp\/v2\/pages\/98","targetHints":{"allow":["GET"]}}],"collection":[{"href":"https:\/\/www.abf.se\/musikverkstan\/wp-json\/wp\/v2\/pages"}],"about":[{"href":"https:\/\/www.abf.se\/musikverkstan\/wp-json\/wp\/v2\/types\/page"}],"author":[{"embeddable":true,"href":"https:\/\/www.abf.se\/musikverkstan\/wp-json\/wp\/v2\/users\/36"}],"replies":[{"embeddable":true,"href":"https:\/\/www.abf.se\/musikverkstan\/wp-json\/wp\/v2\/comments?post=98"}],"version-history":[{"count":8,"href":"https:\/\/www.abf.se\/musikverkstan\/wp-json\/wp\/v2\/pages\/98\/revisions"}],"predecessor-version":[{"id":479,"href":"https:\/\/www.abf.se\/musikverkstan\/wp-json\/wp\/v2\/pages\/98\/revisions\/479"}],"up":[{"embeddable":true,"href":"https:\/\/www.abf.se\/musikverkstan\/wp-json\/wp\/v2\/pages\/93"}],"wp:attachment":[{"href":"https:\/\/www.abf.se\/musikverkstan\/wp-json\/wp\/v2\/media?parent=98"}],"curies":[{"name":"wp","href":"https:\/\/api.w.org\/{rel}","templated":true}]}}