{"id":2556,"date":"2025-12-30T10:26:17","date_gmt":"2025-12-30T09:26:17","guid":{"rendered":"https:\/\/www.abf.se\/norr\/?page_id=2556"},"modified":"2026-03-18T08:52:51","modified_gmt":"2026-03-18T07:52:51","slug":"valskolan","status":"publish","type":"page","link":"https:\/\/www.abf.se\/norr\/valskolan\/","title":{"rendered":"Valskolan"},"content":{"rendered":"<div\n    class=\"acf-hero-block container-lg no-padding mb-12 js-geolocation\"\n    data-block=\"hero-block\"\n    data-index=\"0\"\n>\n    <div class=\"h-[548px]  relative rounded-[32px] overflow-hidden flex bg-gray-light\">\n        <div class=\"relative z-10 mt-auto h-auto w-full md:h-full\">\n            <div class=\"flex w-full h-full flex-col flex-wrap justify-end w-full md:w-7\/12 lg:w-1\/2 md:justify-center\">\n                <div class=\"flex flex-col gap-3 md:gap-[18px] md:transparent pt-16 pb-36 md:py-8 px-4 w-full md:max-w-[620px] mx-auto px-8\">\n\n                    <h1 class=\"hero-heading hero-heading--red-text\"><span>Valskolan<\/span><\/h1>\n\n                                            <p class=\"mt-4 max-w-[48ch] text-white\">\n                            Tr\u00e4na din r\u00f6st inf\u00f6r valet 2026\n                        <\/p>\n                    \n                                    <\/div>\n            <\/div>\n        <\/div>\n\n                    <picture class=\"as-background-image mix-blend-multiply bg-black\/40\"><img decoding=\"async\" src=\"https:\/\/www.abf.se\/norr\/resized\/?url=https%3A%2F%2Fwww.abf.se%2Fwp-content%2Fuploads%2Fsites%2F37%2F2025%2F12%2Fkontakt-header1440x784-11.png&#038;fit=crop&#038;w=1440&#038;s=e865ee518b736bca9c4d67c9ec856808\" srcset=\"https:\/\/www.abf.se\/norr\/resized\/?url=https%3A%2F%2Fwww.abf.se%2Fwp-content%2Fuploads%2Fsites%2F37%2F2025%2F12%2Fkontakt-header1440x784-11.png&#038;fit=crop&#038;w=375&#038;h=540&#038;s=70f0b26a2da1b7da404ec8033ea50235 375w, https:\/\/www.abf.se\/norr\/resized\/?url=https%3A%2F%2Fwww.abf.se%2Fwp-content%2Fuploads%2Fsites%2F37%2F2025%2F12%2Fkontakt-header1440x784-11.png&#038;fit=crop&#038;w=447&#038;h=540&#038;s=6ee378557ae76a8bdf3c38aed8b5d26b 447w, https:\/\/www.abf.se\/norr\/resized\/?url=https%3A%2F%2Fwww.abf.se%2Fwp-content%2Fuploads%2Fsites%2F37%2F2025%2F12%2Fkontakt-header1440x784-11.png&#038;fit=crop&#038;w=519&#038;h=540&#038;s=6150fa6edd85b157b4de34712ee23e4c 519w, https:\/\/www.abf.se\/norr\/resized\/?url=https%3A%2F%2Fwww.abf.se%2Fwp-content%2Fuploads%2Fsites%2F37%2F2025%2F12%2Fkontakt-header1440x784-11.png&#038;fit=crop&#038;w=591&#038;h=540&#038;s=b9239f155a80a573b1694565bc822c3b 591w, https:\/\/www.abf.se\/norr\/resized\/?url=https%3A%2F%2Fwww.abf.se%2Fwp-content%2Fuploads%2Fsites%2F37%2F2025%2F12%2Fkontakt-header1440x784-11.png&#038;fit=crop&#038;w=663&#038;h=540&#038;s=49eab7886551a2290e5623a9a4386333 663w, https:\/\/www.abf.se\/norr\/resized\/?url=https%3A%2F%2Fwww.abf.se%2Fwp-content%2Fuploads%2Fsites%2F37%2F2025%2F12%2Fkontakt-header1440x784-11.png&#038;fit=crop&#038;w=750&#038;h=540&#038;s=281e1c70dc2c766f49802d0149a210f8 750w, https:\/\/www.abf.se\/norr\/resized\/?url=https%3A%2F%2Fwww.abf.se%2Fwp-content%2Fuploads%2Fsites%2F37%2F2025%2F12%2Fkontakt-header1440x784-11.png&#038;fit=crop&#038;w=894&#038;h=540&#038;s=68d3ec33c22f55e969fdd55b1d9801e3 894w, https:\/\/www.abf.se\/norr\/resized\/?url=https%3A%2F%2Fwww.abf.se%2Fwp-content%2Fuploads%2Fsites%2F37%2F2025%2F12%2Fkontakt-header1440x784-11.png&#038;fit=crop&#038;w=1038&#038;h=540&#038;s=6d5cb438f3009ac51bf294f4eaf8da41 1038w, https:\/\/www.abf.se\/norr\/resized\/?url=https%3A%2F%2Fwww.abf.se%2Fwp-content%2Fuploads%2Fsites%2F37%2F2025%2F12%2Fkontakt-header1440x784-11.png&#038;fit=crop&#038;w=1182&#038;h=540&#038;s=bbb71f3365fbc037f090dacfe341b604 1182w, https:\/\/www.abf.se\/norr\/resized\/?url=https%3A%2F%2Fwww.abf.se%2Fwp-content%2Fuploads%2Fsites%2F37%2F2025%2F12%2Fkontakt-header1440x784-11.png&#038;fit=crop&#038;w=1326&#038;h=540&#038;s=c6eb1293a4ce58a7206b8d0482e3649c 1326w, https:\/\/www.abf.se\/norr\/resized\/?url=https%3A%2F%2Fwww.abf.se%2Fwp-content%2Fuploads%2Fsites%2F37%2F2025%2F12%2Fkontakt-header1440x784-11.png&#038;fit=crop&#038;w=1440&#038;h=540&#038;s=a9ab438c5fefb755ae2de6781fdcd626 1440w\" alt=\"\" height=\"540\" width=\"1440\" sizes=\"(max-width: 1440px) calc(100vw - 32px), 1440px\" loading=\"eager\" fetchpriority=\"high\" aria-hidden=\"true\" role=\"presentation\" \/><\/picture>\n        \n\n            <\/div>\n\n    <\/div>\n\n<div\n    class=\"acf-plain-heading-block container my-16\"\n    data-block=\"plain-heading-block\"\n>\n    <div class=\"max-w-[658px] mx-auto\">\n                            <p class=\"mt-8 body-xl text-black\">\n                Demokrati \u00e4r inget man bara har \u2013 det \u00e4r n\u00e5got man g\u00f6r.<br \/>\r\nI Valskolan tr\u00e4nar vi p\u00e5 att f\u00f6rst\u00e5, reflektera och k\u00e4nna efter: Vilket samh\u00e4lle vill jag vara med och bygga?<br \/>\r\n<br \/>\r\nValskolan \u00e4r en del av Folkbildningsgymmet \u2013 ett tr\u00e4ningsl\u00e4ger f\u00f6r r\u00f6sten, omd\u00f6met och framtidstron. H\u00e4r f\u00e5r du kunskap, samtal och mod att g\u00f6ra ditt eget val. Inte f\u00f6r ett parti. F\u00f6r demokratin.\n            <\/p>\n            <\/div>\n<\/div>\n<div\n    class=\"acf-article-cta-link-block article-container my-8\"\n    data-block=\"article-cta-link-block\"\n>\n<div>\n    <a class=\"inline-flex flex-row items-center gap-4 text-link underline text-red-dark\"\n        href=\"https:\/\/www.abf.se\/norr\/folkbildningsgymmet\/\"\n            >\n        <span class=\"\">\n        L\u00e4s mer om Folkbildningsgymmet\n        <\/span>\n        <figure aria-hidden=\"true\" class=\"rounded-full bg-red-dark w-8 h-8 p-1 text-white\">\n            <svg width=\"20\" height=\"20\" viewBox=\"0 0 20 20\" fill=\"none\" class=\"SvgIconElement\">\n<path d=\"M4.16659 10L15.8333 10\" stroke=\"currentColor\"\/>\n<path d=\"M9.99992 4.1665L15.8333 9.99984L9.99992 15.8332\" stroke=\"currentColor\"\/>\n<\/svg>\n        <\/figure>\n    <\/a>\n<\/div>\n<\/div>\n<div\n    class=\"acf-section-breaker-text my-8 container-lg\"\n    data-block=\"section-breaker-text\"\n>\n    <div class=\"round-corners-lg overflow-hidden pt-36 pb-8 px-5 md:p-16 relative grid grid-cols-1 md:grid-cols-2 lg:grid-cols-5 grid-flow-col-dense\">\n\n            <picture class=\"as-background-image\"><img decoding=\"async\" src=\"https:\/\/www.abf.se\/norr\/resized\/?url=https%3A%2F%2Fwww.abf.se%2Fwp-content%2Fuploads%2Fsites%2F37%2F2025%2F12%2Fkontakt-header1440x784-11.png&#038;fit=crop&#038;w=1440&#038;s=e865ee518b736bca9c4d67c9ec856808\" srcset=\"https:\/\/www.abf.se\/norr\/resized\/?url=https%3A%2F%2Fwww.abf.se%2Fwp-content%2Fuploads%2Fsites%2F37%2F2025%2F12%2Fkontakt-header1440x784-11.png&#038;fit=crop&#038;w=375&#038;h=540&#038;s=70f0b26a2da1b7da404ec8033ea50235 375w, https:\/\/www.abf.se\/norr\/resized\/?url=https%3A%2F%2Fwww.abf.se%2Fwp-content%2Fuploads%2Fsites%2F37%2F2025%2F12%2Fkontakt-header1440x784-11.png&#038;fit=crop&#038;w=499&#038;h=540&#038;s=b8690ae1206b4b339a5613dd72d58453 499w, https:\/\/www.abf.se\/norr\/resized\/?url=https%3A%2F%2Fwww.abf.se%2Fwp-content%2Fuploads%2Fsites%2F37%2F2025%2F12%2Fkontakt-header1440x784-11.png&#038;fit=crop&#038;w=623&#038;h=540&#038;s=d136a46649e181050ad468c72e537a44 623w, https:\/\/www.abf.se\/norr\/resized\/?url=https%3A%2F%2Fwww.abf.se%2Fwp-content%2Fuploads%2Fsites%2F37%2F2025%2F12%2Fkontakt-header1440x784-11.png&#038;fit=crop&#038;w=747&#038;h=540&#038;s=79d30d1c097408c8449b4c666a148342 747w, https:\/\/www.abf.se\/norr\/resized\/?url=https%3A%2F%2Fwww.abf.se%2Fwp-content%2Fuploads%2Fsites%2F37%2F2025%2F12%2Fkontakt-header1440x784-11.png&#038;fit=crop&#038;w=750&#038;h=540&#038;s=281e1c70dc2c766f49802d0149a210f8 750w, https:\/\/www.abf.se\/norr\/resized\/?url=https%3A%2F%2Fwww.abf.se%2Fwp-content%2Fuploads%2Fsites%2F37%2F2025%2F12%2Fkontakt-header1440x784-11.png&#038;fit=crop&#038;w=871&#038;h=540&#038;s=0ca878fbfa0764f4dde9dfda75ea0ee5 871w, https:\/\/www.abf.se\/norr\/resized\/?url=https%3A%2F%2Fwww.abf.se%2Fwp-content%2Fuploads%2Fsites%2F37%2F2025%2F12%2Fkontakt-header1440x784-11.png&#038;fit=crop&#038;w=995&#038;h=540&#038;s=0576a51d5add77f2cce80952c3fa7686 995w, https:\/\/www.abf.se\/norr\/resized\/?url=https%3A%2F%2Fwww.abf.se%2Fwp-content%2Fuploads%2Fsites%2F37%2F2025%2F12%2Fkontakt-header1440x784-11.png&#038;fit=crop&#038;w=998&#038;h=540&#038;s=81cace20c19748640cbba1aa00ae8310 998w, https:\/\/www.abf.se\/norr\/resized\/?url=https%3A%2F%2Fwww.abf.se%2Fwp-content%2Fuploads%2Fsites%2F37%2F2025%2F12%2Fkontakt-header1440x784-11.png&#038;fit=crop&#038;w=1119&#038;h=540&#038;s=7c2358a1d104e30a11c9a5e85296ad1e 1119w, https:\/\/www.abf.se\/norr\/resized\/?url=https%3A%2F%2Fwww.abf.se%2Fwp-content%2Fuploads%2Fsites%2F37%2F2025%2F12%2Fkontakt-header1440x784-11.png&#038;fit=crop&#038;w=1243&#038;h=540&#038;s=2dfacf7889dfd921fbc7f7644f0dc6b3 1243w, https:\/\/www.abf.se\/norr\/resized\/?url=https%3A%2F%2Fwww.abf.se%2Fwp-content%2Fuploads%2Fsites%2F37%2F2025%2F12%2Fkontakt-header1440x784-11.png&#038;fit=crop&#038;w=1246&#038;h=540&#038;s=aad90b1bb5d81754606c7f5ba17bc0b4 1246w, https:\/\/www.abf.se\/norr\/resized\/?url=https%3A%2F%2Fwww.abf.se%2Fwp-content%2Fuploads%2Fsites%2F37%2F2025%2F12%2Fkontakt-header1440x784-11.png&#038;fit=crop&#038;w=1367&#038;h=540&#038;s=9840e988bfaaf0c0a56cf9c75ecc7716 1367w, https:\/\/www.abf.se\/norr\/resized\/?url=https%3A%2F%2Fwww.abf.se%2Fwp-content%2Fuploads%2Fsites%2F37%2F2025%2F12%2Fkontakt-header1440x784-11.png&#038;fit=crop&#038;w=1440&#038;h=540&#038;s=a9ab438c5fefb755ae2de6781fdcd626 1440w, https:\/\/www.abf.se\/norr\/resized\/?url=https%3A%2F%2Fwww.abf.se%2Fwp-content%2Fuploads%2Fsites%2F37%2F2025%2F12%2Fkontakt-header1440x784-11.png&#038;fit=crop&#038;w=1494&#038;h=540&#038;s=42ab8e6e876c802a6c3cb22b6d0ef0a9 1494w, https:\/\/www.abf.se\/norr\/resized\/?url=https%3A%2F%2Fwww.abf.se%2Fwp-content%2Fuploads%2Fsites%2F37%2F2025%2F12%2Fkontakt-header1440x784-11.png&#038;fit=crop&#038;w=1742&#038;h=540&#038;s=3095002daf7a8b89354dc8c757136d68 1742w, https:\/\/www.abf.se\/norr\/resized\/?url=https%3A%2F%2Fwww.abf.se%2Fwp-content%2Fuploads%2Fsites%2F37%2F2025%2F12%2Fkontakt-header1440x784-11.png&#038;fit=crop&#038;w=1990&#038;h=540&#038;s=fc8c7428937d56e42bb6baa146e3c4e9 1990w, https:\/\/www.abf.se\/norr\/resized\/?url=https%3A%2F%2Fwww.abf.se%2Fwp-content%2Fuploads%2Fsites%2F37%2F2025%2F12%2Fkontakt-header1440x784-11.png&#038;fit=crop&#038;w=2238&#038;h=540&#038;s=09a79f6d4e4745723be414281a27b1d6 2238w, https:\/\/www.abf.se\/norr\/resized\/?url=https%3A%2F%2Fwww.abf.se%2Fwp-content%2Fuploads%2Fsites%2F37%2F2025%2F12%2Fkontakt-header1440x784-11.png&#038;fit=crop&#038;w=2486&#038;h=540&#038;s=5aa9b98e2d3ab1de3944d517e7ad315d 2486w, https:\/\/www.abf.se\/norr\/resized\/?url=https%3A%2F%2Fwww.abf.se%2Fwp-content%2Fuploads%2Fsites%2F37%2F2025%2F12%2Fkontakt-header1440x784-11.png&#038;fit=crop&#038;w=2734&#038;h=540&#038;s=547faba0d6c36fbfbd762c5de0ab0676 2734w\" alt=\"\" height=\"540\" width=\"1440\" sizes=\"auto, \n            (max-width: 1440px) calc(100vw - 32px), 1440px\" loading=\"lazy\" fetchpriority=\"low\" aria-hidden=\"true\" role=\"presentation\" \/><\/picture>\n                <div class=\"bg-white round-corners-sm px-10 py-11 col-span-1  relative z-10 col-start-4 col-end-[-1]\">\n            <h2 class=\"heading-lg mb-4\">Vad \u00e4r Valskolan?<\/h2>\n            <div style=\"font-size: 1.25rem; color: black;\" class=\"body-xl wysiwyg\"><p data-start=\"1824\" data-end=\"1940\">Valskolan \u00e4r ett tr\u00e4ningsuppl\u00e4gg i demokrati d\u00e4r deltagare tr\u00e4nar i tillsammans \u2013 genom samtal, \u00f6vningar och reflektion.<\/p>\n<ul>\n<li data-start=\"1824\" data-end=\"1940\">uppl\u00e4gget best\u00e5r av 6 stationer<\/li>\n<li data-start=\"1824\" data-end=\"1940\">kan genomf\u00f6ras som studiecirkel eller workshop<\/li>\n<li data-start=\"1824\" data-end=\"1940\">en station tar ca 20 min<\/li>\n<li data-start=\"1824\" data-end=\"1940\">g\u00e5r att anpassa efter m\u00e5lgrupp och tid.<\/li>\n<\/ul>\n<p data-start=\"2078\" data-end=\"2157\">Kontakta ABF i din kommun f\u00f6r att boka!<\/p>\n<\/div>\n                                            <a href='https:\/\/www.abf.se\/norr\/kontakt\/' class=\"default-button mt-8\" target=\"\">Boka Valskolan h\u00e4r<\/a>\n                    \n        <\/div>\n    <\/div>\n<\/div>\n<div\n    class=\"acf-article-text-block article-container my-12\"\n    data-block=\"article-text-block\"\n>\n    <div class=\"wysiwyg\">\n        <h2>6 stationer \u2013 p\u00e5 v\u00e4gen till valet<\/h2>\n<h3>Stationerna kan genomf\u00f6ras i sin helhet eller anpassas efter m\u00e5lgrupp och sammanhang.<\/h3>\n<ol data-start=\"2430\" data-end=\"2851\">\n<li data-start=\"2430\" data-end=\"2493\">\n<p data-start=\"2433\" data-end=\"2493\"><strong>Vad \u00e4r ett val \u2013 och varf\u00f6r r\u00f6star vi?<\/strong><\/p>\n<\/li>\n<li data-start=\"2495\" data-end=\"2559\">\n<p data-start=\"2498\" data-end=\"2559\"><strong>Hur pratar vi politik utan konflikt?<\/strong><\/p>\n<\/li>\n<li data-start=\"2561\" data-end=\"2625\">\n<p data-start=\"2564\" data-end=\"2625\"><strong data-start=\"2564\" data-end=\"2585\">Vad ska jag r\u00f6sta p\u00e5?<\/strong><\/p>\n<\/li>\n<li data-start=\"2627\" data-end=\"2694\">\n<p data-start=\"2630\" data-end=\"2694\"><strong data-start=\"2630\" data-end=\"2644\">Vallokalen<\/strong><br data-start=\"2644\" data-end=\"2647\" \/><em data-start=\"2650\" data-end=\"2694\">S\u00e5 funkar det i praktiken \u2013 steg f\u00f6r steg.<\/em><\/p>\n<\/li>\n<li data-start=\"2696\" data-end=\"2773\">\n<p data-start=\"2699\" data-end=\"2773\"><strong data-start=\"2699\" data-end=\"2733\">Vilket samh\u00e4lle vill jag leva i?<\/strong><\/p>\n<\/li>\n<li data-start=\"2775\" data-end=\"2851\">\n<p data-start=\"2778\" data-end=\"2851\"><strong data-start=\"2778\" data-end=\"2803\">Demokratins kondition<\/strong><br data-start=\"2803\" data-end=\"2806\" \/><em data-start=\"2809\" data-end=\"2851\">Efter valet \u2013 hur forts\u00e4tter demokratin?<\/em><\/p>\n<\/li>\n<\/ol>\n\n    <\/div>\n<\/div>\n<div\n    class=\"acf-text-image-block container my-12 md:my-15\"\n    data-block=\"text-image-block\"\n>\n    <div\n    class=\"flex flex-col items-center md:flex-row gap-8 md:gap-0 justify-between\">\n                        <div class=\"w-full md:w-1\/2 md:order-2\">\n            <picture><img decoding=\"async\" src=\"https:\/\/www.abf.se\/norr\/resized\/?url=https%3A%2F%2Fwww.abf.se%2Fwp-content%2Fuploads%2Fsites%2F37%2F2025%2F12%2F682x601-bild-hemsida-4.png&#038;fit=crop&#038;w=578&#038;s=ffe324b11235f7284c96c4aafc388859\" srcset=\"https:\/\/www.abf.se\/norr\/resized\/?url=https%3A%2F%2Fwww.abf.se%2Fwp-content%2Fuploads%2Fsites%2F37%2F2025%2F12%2F682x601-bild-hemsida-4.png&#038;fit=crop&#038;w=144&#038;h=126&#038;s=c79b465c9c2ea3cc12cd797f4d8203db 144w, https:\/\/www.abf.se\/norr\/resized\/?url=https%3A%2F%2Fwww.abf.se%2Fwp-content%2Fuploads%2Fsites%2F37%2F2025%2F12%2F682x601-bild-hemsida-4.png&#038;fit=crop&#038;w=240&#038;h=211&#038;s=148023548371202c26037ad36b058609 240w, https:\/\/www.abf.se\/norr\/resized\/?url=https%3A%2F%2Fwww.abf.se%2Fwp-content%2Fuploads%2Fsites%2F37%2F2025%2F12%2F682x601-bild-hemsida-4.png&#038;fit=crop&#038;w=288&#038;h=253&#038;s=ce03c19cb9c862a2f8c647198d163081 288w, https:\/\/www.abf.se\/norr\/resized\/?url=https%3A%2F%2Fwww.abf.se%2Fwp-content%2Fuploads%2Fsites%2F37%2F2025%2F12%2F682x601-bild-hemsida-4.png&#038;fit=crop&#038;w=336&#038;h=295&#038;s=2537b48f9a4b5473bea980687c86af97 336w, https:\/\/www.abf.se\/norr\/resized\/?url=https%3A%2F%2Fwww.abf.se%2Fwp-content%2Fuploads%2Fsites%2F37%2F2025%2F12%2F682x601-bild-hemsida-4.png&#038;fit=crop&#038;w=432&#038;h=380&#038;s=20a09fcd4bb7d987320af142ed292b93 432w, https:\/\/www.abf.se\/norr\/resized\/?url=https%3A%2F%2Fwww.abf.se%2Fwp-content%2Fuploads%2Fsites%2F37%2F2025%2F12%2F682x601-bild-hemsida-4.png&#038;fit=crop&#038;w=480&#038;h=422&#038;s=46ccc45db54534e2ca28f6b66ee4556c 480w, https:\/\/www.abf.se\/norr\/resized\/?url=https%3A%2F%2Fwww.abf.se%2Fwp-content%2Fuploads%2Fsites%2F37%2F2025%2F12%2F682x601-bild-hemsida-4.png&#038;fit=crop&#038;w=528&#038;h=464&#038;s=c3e013c84abad18388b6c6bc24f2e1c7 528w, https:\/\/www.abf.se\/norr\/resized\/?url=https%3A%2F%2Fwww.abf.se%2Fwp-content%2Fuploads%2Fsites%2F37%2F2025%2F12%2F682x601-bild-hemsida-4.png&#038;fit=crop&#038;w=578&#038;h=509&#038;s=0803362d91a6c0abce8706a0761cd0f0 578w, https:\/\/www.abf.se\/norr\/resized\/?url=https%3A%2F%2Fwww.abf.se%2Fwp-content%2Fuploads%2Fsites%2F37%2F2025%2F12%2F682x601-bild-hemsida-4.png&#038;fit=crop&#038;w=672&#038;h=591&#038;s=0e4c899e93778d927f4b432c523293f2 672w, https:\/\/www.abf.se\/norr\/resized\/?url=https%3A%2F%2Fwww.abf.se%2Fwp-content%2Fuploads%2Fsites%2F37%2F2025%2F12%2F682x601-bild-hemsida-4.png&#038;fit=crop&#038;w=864&#038;h=760&#038;s=4800eb121dcb5f23aa2e3e984fe827c1 864w, https:\/\/www.abf.se\/norr\/resized\/?url=https%3A%2F%2Fwww.abf.se%2Fwp-content%2Fuploads%2Fsites%2F37%2F2025%2F12%2F682x601-bild-hemsida-4.png&#038;fit=crop&#038;w=1056&#038;h=929&#038;s=df24bae8c9357fd18986b5b59a3b5631 1056w\" alt=\"\" height=\"509\" width=\"578\" sizes=\"auto, (max-width: 768px) 100vw,\n                (max-width: 1280px) 50vw, 578px\" loading=\"lazy\" fetchpriority=\"low\" \/><\/picture>\n\n        <\/div>\n        \n        <div class=\"w-full md:w-1\/2 md:order-1\">\n        <div class=\"mx-auto md:max-w-[368px]\">\n            <h2 class=\"heading-lg\">Checka av ditt valpass<\/h2>\n            <div class=\"mb-6 mt-4 wysiwyg\">\n                <p>N\u00e4r du deltar i Valskolan f\u00e5r du ett valpass \u2013 ett s\u00e4tt att f\u00f6lja din egen resa fram till valet.<\/p>\n<p>Checklista (precis som du skrivit):<br \/>\n\u2610 Valsk\u00e4rmen<br \/>\n\u2610 Samtalsstyrka<br \/>\n\u2610 Fakta f\u00f6re k\u00e4nsla<br \/>\n\u2610 Vallokalen<br \/>\n\u2610 Ditt dr\u00f6msamh\u00e4lle<br \/>\n\u2610 Demokratins kondition<\/p>\n<p>Demokrati \u00e4r inget eng\u00e5ngstillf\u00e4lle. Det \u00e4r n\u00e5got vi tr\u00e4nar \u2013 tillsammans.<\/p>\n\n            <\/div>\n                    <\/div>\n        <\/div>\n    <\/div>\n<\/div><div\n    class=\"acf-article-facts-block article-container  my-8 \"\n    data-block=\"article-facts-block\"\n>\n<div class=\"bg-teal-light border border-teal p-8 rounded-corners-sm\">\n<header>\n        <h2 class=\"heading-md text-teal-dark mb-3\">\n            Valskolan vill:\n        <\/h2>\n    <\/header>\n    <div class=\"wysiwyg\">\n        <ul>\n<li data-start=\"1445\" data-end=\"1488\">\n<p data-start=\"1447\" data-end=\"1488\">F\u00e5 fler att delta, reflektera och r\u00f6sta<\/p>\n<\/li>\n<li data-start=\"1489\" data-end=\"1559\">\n<p data-start=\"1491\" data-end=\"1559\">Skapa f\u00f6rst\u00e5else f\u00f6r hur demokratin fungerar \u2013 bortom partipolitik<\/p>\n<\/li>\n<li data-start=\"1560\" data-end=\"1611\">\n<p data-start=\"1562\" data-end=\"1611\">V\u00e4cka tankar om v\u00e4rderingar, ansvar och framtid<\/p>\n<\/li>\n<li data-start=\"1612\" data-end=\"1663\">\n<p data-start=\"1614\" data-end=\"1663\">Visa folkbildning som demokratins tr\u00e4ningsmetod<\/p>\n<\/li>\n<li data-start=\"1612\" data-end=\"1663\">\n<p data-start=\"1614\" data-end=\"1663\">St\u00e4rka tilliten till det egna omd\u00f6met<\/p>\n<\/li>\n<\/ul>\n\n    <\/div>\n<\/div>\n\n<\/div>\n<div\n    class=\"acf-article-text-block article-container my-12\"\n    data-block=\"article-text-block\"\n>\n    <div class=\"wysiwyg\">\n        <h2 data-start=\"3971\" data-end=\"4023\">Folkbildning \u2013 demokratins tr\u00e4ningsmetod<\/h2>\n<h3 data-start=\"3971\" data-end=\"4023\">Valskolan \u00e4r en del av Folkbildningsgymmet \u2013 ABF Norrs s\u00e4tt att g\u00f6ra demokrati levande, tillg\u00e4nglig och m\u00e4nsklig.<\/h3>\n<p data-start=\"4180\" data-end=\"4351\">I \u00f6ver hundra \u00e5r har folkbildningen varit en plats f\u00f6r samtal, kunskap och gemenskap. En plats d\u00e4r m\u00e4nniskor tr\u00e4nar p\u00e5 att t\u00e4nka tillsammans \u2013 och ta ansvar f\u00f6r framtiden.<\/p>\n<p data-start=\"4180\" data-end=\"4351\">Oavsett om du \u00e4r os\u00e4ker, nyfiken eller bara vill f\u00f6rst\u00e5 mer \u2013 h\u00e4r finns plats f\u00f6r dig.<br data-start=\"4538\" data-end=\"4541\" \/>Vi tr\u00e4nar p\u00e5 att lyssna, t\u00e4nka och v\u00e4lja. Tillsammans.<\/p>\n<p data-start=\"4180\" data-end=\"4351\">Kontakta ditt lokala kontor och boka in Valskolan!<\/p>\n\n    <\/div>\n<\/div>\n<div\n    class=\"acf-article-cta-link-block article-container my-8\"\n    data-block=\"article-cta-link-block\"\n>\n<div>\n    <a class=\"inline-flex flex-row items-center gap-4 text-link underline text-red-dark\"\n        href=\"https:\/\/www.abf.se\/norr\/kontakt\/\"\n            >\n        <span class=\"\">\n        Boka Valskolan h\u00e4r\n        <\/span>\n        <figure aria-hidden=\"true\" class=\"rounded-full bg-red-dark w-8 h-8 p-1 text-white\">\n            <svg width=\"20\" height=\"20\" viewBox=\"0 0 20 20\" fill=\"none\" class=\"SvgIconElement\">\n<path d=\"M4.16659 10L15.8333 10\" stroke=\"currentColor\"\/>\n<path d=\"M9.99992 4.1665L15.8333 9.99984L9.99992 15.8332\" stroke=\"currentColor\"\/>\n<\/svg>\n        <\/figure>\n    <\/a>\n<\/div>\n<\/div>\n<div\n    class=\"acf-article-cta-link-block article-container my-8\"\n    data-block=\"article-cta-link-block\"\n>\n<div>\n    <a class=\"inline-flex flex-row items-center gap-4 text-link underline text-red-dark\"\n        href=\"https:\/\/www.abf.se\/norr\/folkbildningsgymmet\/\"\n            >\n        <span class=\"\">\n        L\u00e4s mer om Folkbildningsgymmet\n        <\/span>\n        <figure aria-hidden=\"true\" class=\"rounded-full bg-red-dark w-8 h-8 p-1 text-white\">\n            <svg width=\"20\" height=\"20\" viewBox=\"0 0 20 20\" fill=\"none\" class=\"SvgIconElement\">\n<path d=\"M4.16659 10L15.8333 10\" stroke=\"currentColor\"\/>\n<path d=\"M9.99992 4.1665L15.8333 9.99984L9.99992 15.8332\" stroke=\"currentColor\"\/>\n<\/svg>\n        <\/figure>\n    <\/a>\n<\/div>\n<\/div>\n","protected":false},"excerpt":{"rendered":"","protected":false},"author":27,"featured_media":0,"parent":0,"menu_order":0,"comment_status":"closed","ping_status":"closed","template":"","meta":{"_acf_changed":false,"footnotes":""},"class_list":["post-2556","page","type-page","status-publish","hentry"],"acf":[],"yoast_head":"<!-- This site is optimized with the Yoast SEO plugin v27.0 - https:\/\/yoast.com\/product\/yoast-seo-wordpress\/ -->\n<title>Valskolan - Norr<\/title>\n<meta name=\"robots\" content=\"index, follow, max-snippet:-1, max-image-preview:large, max-video-preview:-1\" \/>\n<link rel=\"canonical\" href=\"https:\/\/www.abf.se\/norr\/valskolan\/\" \/>\n<meta property=\"og:locale\" content=\"sv_SE\" \/>\n<meta property=\"og:type\" content=\"article\" \/>\n<meta property=\"og:title\" content=\"Valskolan - Norr\" \/>\n<meta property=\"og:url\" content=\"https:\/\/www.abf.se\/norr\/valskolan\/\" \/>\n<meta property=\"og:site_name\" content=\"Norr\" \/>\n<meta property=\"article:modified_time\" content=\"2026-03-18T07:52:51+00:00\" \/>\n<meta property=\"og:image\" content=\"https:\/\/www.abf.se\/wp-content\/uploads\/sites\/37\/2024\/03\/5-1.png\" \/>\n\t<meta property=\"og:image:width\" content=\"682\" \/>\n\t<meta property=\"og:image:height\" content=\"601\" \/>\n\t<meta property=\"og:image:type\" content=\"image\/png\" \/>\n<meta name=\"twitter:card\" content=\"summary_large_image\" \/>\n<script type=\"application\/ld+json\" class=\"yoast-schema-graph\">{\"@context\":\"https:\/\/schema.org\",\"@graph\":[{\"@type\":\"WebPage\",\"@id\":\"https:\/\/www.abf.se\/norr\/valskolan\/\",\"url\":\"https:\/\/www.abf.se\/norr\/valskolan\/\",\"name\":\"Valskolan - Norr\",\"isPartOf\":{\"@id\":\"https:\/\/www.abf.se\/norr\/#website\"},\"datePublished\":\"2025-12-30T09:26:17+00:00\",\"dateModified\":\"2026-03-18T07:52:51+00:00\",\"breadcrumb\":{\"@id\":\"https:\/\/www.abf.se\/norr\/valskolan\/#breadcrumb\"},\"inLanguage\":\"sv-SE\",\"potentialAction\":[{\"@type\":\"ReadAction\",\"target\":[\"https:\/\/www.abf.se\/norr\/valskolan\/\"]}]},{\"@type\":\"BreadcrumbList\",\"@id\":\"https:\/\/www.abf.se\/norr\/valskolan\/#breadcrumb\",\"itemListElement\":[{\"@type\":\"ListItem\",\"position\":1,\"name\":\"Home\",\"item\":\"https:\/\/www.abf.se\/norr\/\"},{\"@type\":\"ListItem\",\"position\":2,\"name\":\"Valskolan\"}]},{\"@type\":\"WebSite\",\"@id\":\"https:\/\/www.abf.se\/norr\/#website\",\"url\":\"https:\/\/www.abf.se\/norr\/\",\"name\":\"Norr\",\"description\":\"\",\"potentialAction\":[{\"@type\":\"SearchAction\",\"target\":{\"@type\":\"EntryPoint\",\"urlTemplate\":\"https:\/\/www.abf.se\/norr\/?s={search_term_string}\"},\"query-input\":{\"@type\":\"PropertyValueSpecification\",\"valueRequired\":true,\"valueName\":\"search_term_string\"}}],\"inLanguage\":\"sv-SE\"}]}<\/script>\n<!-- \/ Yoast SEO plugin. -->","yoast_head_json":{"title":"Valskolan - Norr","robots":{"index":"index","follow":"follow","max-snippet":"max-snippet:-1","max-image-preview":"max-image-preview:large","max-video-preview":"max-video-preview:-1"},"canonical":"https:\/\/www.abf.se\/norr\/valskolan\/","og_locale":"sv_SE","og_type":"article","og_title":"Valskolan - Norr","og_url":"https:\/\/www.abf.se\/norr\/valskolan\/","og_site_name":"Norr","article_modified_time":"2026-03-18T07:52:51+00:00","og_image":[{"width":682,"height":601,"url":"https:\/\/www.abf.se\/wp-content\/uploads\/sites\/37\/2024\/03\/5-1.png","type":"image\/png"}],"twitter_card":"summary_large_image","schema":{"@context":"https:\/\/schema.org","@graph":[{"@type":"WebPage","@id":"https:\/\/www.abf.se\/norr\/valskolan\/","url":"https:\/\/www.abf.se\/norr\/valskolan\/","name":"Valskolan - Norr","isPartOf":{"@id":"https:\/\/www.abf.se\/norr\/#website"},"datePublished":"2025-12-30T09:26:17+00:00","dateModified":"2026-03-18T07:52:51+00:00","breadcrumb":{"@id":"https:\/\/www.abf.se\/norr\/valskolan\/#breadcrumb"},"inLanguage":"sv-SE","potentialAction":[{"@type":"ReadAction","target":["https:\/\/www.abf.se\/norr\/valskolan\/"]}]},{"@type":"BreadcrumbList","@id":"https:\/\/www.abf.se\/norr\/valskolan\/#breadcrumb","itemListElement":[{"@type":"ListItem","position":1,"name":"Home","item":"https:\/\/www.abf.se\/norr\/"},{"@type":"ListItem","position":2,"name":"Valskolan"}]},{"@type":"WebSite","@id":"https:\/\/www.abf.se\/norr\/#website","url":"https:\/\/www.abf.se\/norr\/","name":"Norr","description":"","potentialAction":[{"@type":"SearchAction","target":{"@type":"EntryPoint","urlTemplate":"https:\/\/www.abf.se\/norr\/?s={search_term_string}"},"query-input":{"@type":"PropertyValueSpecification","valueRequired":true,"valueName":"search_term_string"}}],"inLanguage":"sv-SE"}]}},"_links":{"self":[{"href":"https:\/\/www.abf.se\/norr\/wp-json\/wp\/v2\/pages\/2556","targetHints":{"allow":["GET"]}}],"collection":[{"href":"https:\/\/www.abf.se\/norr\/wp-json\/wp\/v2\/pages"}],"about":[{"href":"https:\/\/www.abf.se\/norr\/wp-json\/wp\/v2\/types\/page"}],"author":[{"embeddable":true,"href":"https:\/\/www.abf.se\/norr\/wp-json\/wp\/v2\/users\/27"}],"replies":[{"embeddable":true,"href":"https:\/\/www.abf.se\/norr\/wp-json\/wp\/v2\/comments?post=2556"}],"version-history":[{"count":11,"href":"https:\/\/www.abf.se\/norr\/wp-json\/wp\/v2\/pages\/2556\/revisions"}],"predecessor-version":[{"id":2749,"href":"https:\/\/www.abf.se\/norr\/wp-json\/wp\/v2\/pages\/2556\/revisions\/2749"}],"wp:attachment":[{"href":"https:\/\/www.abf.se\/norr\/wp-json\/wp\/v2\/media?parent=2556"}],"curies":[{"name":"wp","href":"https:\/\/api.w.org\/{rel}","templated":true}]}}