{"id":281,"date":"2024-03-12T10:17:12","date_gmt":"2024-03-12T09:17:12","guid":{"rendered":"https:\/\/www.abf.se\/norr\/?page_id=281"},"modified":"2024-04-24T09:57:15","modified_gmt":"2024-04-24T07:57:15","slug":"digital-narvarorapportering","status":"publish","type":"page","link":"https:\/\/www.abf.se\/norr\/cirkelledare\/digital-narvarorapportering\/","title":{"rendered":"Digital n\u00e4rvarorapportering"},"content":{"rendered":"<div\n    class=\"acf-section-breaker-text my-8 container-lg\"\n    data-block=\"section-breaker-text\"\n>\n    <div class=\"round-corners-lg overflow-hidden pt-36 pb-8 px-5 md:p-16 relative grid grid-cols-1 md:grid-cols-2 lg:grid-cols-5 grid-flow-col-dense\">\n\n            <picture class=\"as-background-image\"><img decoding=\"async\" src=\"https:\/\/www.abf.se\/norr\/resized\/?url=https%3A%2F%2Fwww.abf.se%2Fwp-content%2Fuploads%2Fsites%2F37%2F2024%2F03%2F4.png&#038;fit=crop&#038;w=1440&#038;s=9158eade46a8510dc935082ce93c1e33\" srcset=\"https:\/\/www.abf.se\/norr\/resized\/?url=https%3A%2F%2Fwww.abf.se%2Fwp-content%2Fuploads%2Fsites%2F37%2F2024%2F03%2F4.png&#038;fit=crop&#038;w=375&#038;h=540&#038;s=7747019180961819378cbdd55cd84547 375w, https:\/\/www.abf.se\/norr\/resized\/?url=https%3A%2F%2Fwww.abf.se%2Fwp-content%2Fuploads%2Fsites%2F37%2F2024%2F03%2F4.png&#038;fit=crop&#038;w=499&#038;h=540&#038;s=38e419b143b01b1133008cd256db2048 499w, https:\/\/www.abf.se\/norr\/resized\/?url=https%3A%2F%2Fwww.abf.se%2Fwp-content%2Fuploads%2Fsites%2F37%2F2024%2F03%2F4.png&#038;fit=crop&#038;w=623&#038;h=540&#038;s=a5127740112ca3d254001027b29e6d1b 623w, https:\/\/www.abf.se\/norr\/resized\/?url=https%3A%2F%2Fwww.abf.se%2Fwp-content%2Fuploads%2Fsites%2F37%2F2024%2F03%2F4.png&#038;fit=crop&#038;w=747&#038;h=540&#038;s=d8ea3c9d36f616a725333085951788e1 747w, https:\/\/www.abf.se\/norr\/resized\/?url=https%3A%2F%2Fwww.abf.se%2Fwp-content%2Fuploads%2Fsites%2F37%2F2024%2F03%2F4.png&#038;fit=crop&#038;w=750&#038;h=540&#038;s=7ee010dc7b7cdc74ed937cff94413c2f 750w, https:\/\/www.abf.se\/norr\/resized\/?url=https%3A%2F%2Fwww.abf.se%2Fwp-content%2Fuploads%2Fsites%2F37%2F2024%2F03%2F4.png&#038;fit=crop&#038;w=871&#038;h=540&#038;s=5c51328e3478c7f049a9e6e4015c8edb 871w, https:\/\/www.abf.se\/norr\/resized\/?url=https%3A%2F%2Fwww.abf.se%2Fwp-content%2Fuploads%2Fsites%2F37%2F2024%2F03%2F4.png&#038;fit=crop&#038;w=995&#038;h=540&#038;s=ca14113d29e5eea9d26ce8b7b50ddcf3 995w, https:\/\/www.abf.se\/norr\/resized\/?url=https%3A%2F%2Fwww.abf.se%2Fwp-content%2Fuploads%2Fsites%2F37%2F2024%2F03%2F4.png&#038;fit=crop&#038;w=998&#038;h=540&#038;s=6f7b045c5fa1094d041243dbf1ff3728 998w, https:\/\/www.abf.se\/norr\/resized\/?url=https%3A%2F%2Fwww.abf.se%2Fwp-content%2Fuploads%2Fsites%2F37%2F2024%2F03%2F4.png&#038;fit=crop&#038;w=1119&#038;h=540&#038;s=a1450c994e1480a50173fc47cef076be 1119w, https:\/\/www.abf.se\/norr\/resized\/?url=https%3A%2F%2Fwww.abf.se%2Fwp-content%2Fuploads%2Fsites%2F37%2F2024%2F03%2F4.png&#038;fit=crop&#038;w=1243&#038;h=540&#038;s=68d6faf41245b5b2dd778c49c02f5047 1243w, https:\/\/www.abf.se\/norr\/resized\/?url=https%3A%2F%2Fwww.abf.se%2Fwp-content%2Fuploads%2Fsites%2F37%2F2024%2F03%2F4.png&#038;fit=crop&#038;w=1246&#038;h=540&#038;s=7af3e530b91dc1c74c9eaf367dac0144 1246w, https:\/\/www.abf.se\/norr\/resized\/?url=https%3A%2F%2Fwww.abf.se%2Fwp-content%2Fuploads%2Fsites%2F37%2F2024%2F03%2F4.png&#038;fit=crop&#038;w=1367&#038;h=540&#038;s=60d8dab6002324b864a61f56568550be 1367w, https:\/\/www.abf.se\/norr\/resized\/?url=https%3A%2F%2Fwww.abf.se%2Fwp-content%2Fuploads%2Fsites%2F37%2F2024%2F03%2F4.png&#038;fit=crop&#038;w=1440&#038;h=540&#038;s=fde1bb9d3fc91c8b9bdde9c40994d762 1440w, https:\/\/www.abf.se\/norr\/resized\/?url=https%3A%2F%2Fwww.abf.se%2Fwp-content%2Fuploads%2Fsites%2F37%2F2024%2F03%2F4.png&#038;fit=crop&#038;w=1494&#038;h=540&#038;s=5bb0bf8ef7204bae2fa4c09ecb0724c9 1494w, https:\/\/www.abf.se\/norr\/resized\/?url=https%3A%2F%2Fwww.abf.se%2Fwp-content%2Fuploads%2Fsites%2F37%2F2024%2F03%2F4.png&#038;fit=crop&#038;w=1742&#038;h=540&#038;s=9c9622d6aa9ea9f440be72cb30dd4c50 1742w, https:\/\/www.abf.se\/norr\/resized\/?url=https%3A%2F%2Fwww.abf.se%2Fwp-content%2Fuploads%2Fsites%2F37%2F2024%2F03%2F4.png&#038;fit=crop&#038;w=1990&#038;h=540&#038;s=bf0226e3390af2e50bf670eb21d1c420 1990w, https:\/\/www.abf.se\/norr\/resized\/?url=https%3A%2F%2Fwww.abf.se%2Fwp-content%2Fuploads%2Fsites%2F37%2F2024%2F03%2F4.png&#038;fit=crop&#038;w=2238&#038;h=540&#038;s=9b0f3132a37a9d01e258183c8c427ede 2238w, https:\/\/www.abf.se\/norr\/resized\/?url=https%3A%2F%2Fwww.abf.se%2Fwp-content%2Fuploads%2Fsites%2F37%2F2024%2F03%2F4.png&#038;fit=crop&#038;w=2486&#038;h=540&#038;s=ca40756df9f5ea9850d3e72f89a0e2f0 2486w, https:\/\/www.abf.se\/norr\/resized\/?url=https%3A%2F%2Fwww.abf.se%2Fwp-content%2Fuploads%2Fsites%2F37%2F2024%2F03%2F4.png&#038;fit=crop&#038;w=2734&#038;h=540&#038;s=27b5e844dfc4b7d92f9d81a885fd6fff 2734w\" alt=\"\" height=\"540\" width=\"1440\" sizes=\"auto, \n            (max-width: 1440px) calc(100vw - 32px), 1440px\" loading=\"lazy\" fetchpriority=\"low\" aria-hidden=\"true\" role=\"presentation\" \/><\/picture>\n                <div class=\"bg-white round-corners-sm px-10 py-11 col-span-1  relative z-10 col-start-4 col-end-[-1]\">\n            <h2 class=\"heading-lg mb-4\">E-lista! <\/h2>\n            <div style=\"font-size: 1.25rem; color: black;\" class=\"body-xl wysiwyg\"><p>Nedan f\u00f6ljer videos som beskriver hur du g\u00f6r f\u00f6r att registrera n\u00e4rvaron.<br \/>\nVar inte r\u00e4dd f\u00f6r att g\u00f6ra fel!<br \/>\nVi p\u00e5 ABF g\u00f6r alltid en sista handl\u00e4ggning innan rapporten skickas vidare till folkbildningsr\u00e5det.<br \/>\nHar du fr\u00e5gor? Kontakta oss! <\/p>\n<\/div>\n                                            <a href='https:\/\/www.abf.se\/norr\/kontakt\/' class=\"default-button mt-8\" target=\"\">Kontakt<\/a>\n                    \n        <\/div>\n    <\/div>\n<\/div>\n<div class=\"container-lg mb-6\">\n    <div class=\"md:pl-6 flex flex-row gap-1 items-center mt-6 body-m flex-wrap gap-y-2\">\n<span class=\"flex flex-row gap items-center gap-x-1\">\n         <a class=\"label-sm md:label-md text-red-dark font-[350] underline\" href=\"https:\/\/www.abf.se\/norr\/\"\n        >\n        Hem\n    <\/a>\n\n<\/span>\n<span class=\"flex flex-row gap items-center gap-x-1\">\n         <svg width=\"14\" height=\"15\" viewBox=\"0 0 14 15\" fill=\"none\" xmlns=\"http:\/\/www.w3.org\/2000\/svg\">\n<g id=\"fi:arrow-up\">\n<path id=\"Vector\" d=\"M5.01823 3.41669L9.10156 7.50002L5.01823 11.5834\" stroke=\"#909090\"\/>\n<\/g>\n<\/svg>\n\n        <a class=\"label-sm md:label-md text-red-dark font-[350] underline\" href=\"https:\/\/www.abf.se\/norr\/cirkelledare\/\"\n        >\n        Cirkelledare\n    <\/a>\n\n<\/span>\n<span class=\"flex flex-row gap items-center gap-x-1\">\n         <svg width=\"14\" height=\"15\" viewBox=\"0 0 14 15\" fill=\"none\" xmlns=\"http:\/\/www.w3.org\/2000\/svg\">\n<g id=\"fi:arrow-up\">\n<path id=\"Vector\" d=\"M5.01823 3.41669L9.10156 7.50002L5.01823 11.5834\" stroke=\"#909090\"\/>\n<\/g>\n<\/svg>\n\n        <a class=\"label-sm md:label-md text-red-dark font-[350] font-medium\" href=\"\"\n         aria-current=\"page\" >\n        Digital n\u00e4rvarorapportering\n    <\/a>\n\n<\/span>\n<\/div><\/div>\n<div\n        class=\"acf-article-video-block article-container-lg my-12 external-video\"\n        data-block=\"article-video-block\"\n    >\n                    <h2 class=\"heading-md mb-3 text-black\">V\u00e4lkommen till e-tj\u00e4nsten<\/h2>\n                            <p class=\"body-md text-gray-text my-2\">I den h\u00e4r filmen g\u00e5r vi igenom e-tj\u00e4nstens startsida och hur du navigerar. <\/p>\n        \n                    <iframe loading=\"lazy\" title=\"V\u00e4lkommen till E-tj\u00e4nsten\" src=\"https:\/\/player.vimeo.com\/video\/610537367?dnt=1&amp;app_id=122963\" width=\"500\" height=\"281\" frameborder=\"0\" allow=\"autoplay; fullscreen; picture-in-picture; clipboard-write\"><\/iframe>\n                            <\/div>\n<div\n        class=\"acf-article-video-block article-container-lg my-12 external-video\"\n        data-block=\"article-video-block\"\n    >\n                    <h2 class=\"heading-md mb-3 text-black\">Registrera N\u00e4rvaro<\/h2>\n                            <p class=\"body-md text-gray-text my-2\">I den h\u00e4r filmen visar vi hur du registrerar n\u00e4rvaro p\u00e5 en sammankomst i en studiecirkel.<\/p>\n        \n                    <iframe loading=\"lazy\" title=\"Registrera n\u00e4rvaro\" src=\"https:\/\/player.vimeo.com\/video\/610565602?dnt=1&amp;app_id=122963\" width=\"500\" height=\"281\" frameborder=\"0\" allow=\"autoplay; fullscreen; picture-in-picture; clipboard-write\"><\/iframe>\n                            <\/div>\n<div\n        class=\"acf-article-video-block article-container-lg my-12 external-video\"\n        data-block=\"article-video-block\"\n    >\n                    <h2 class=\"heading-md mb-3 text-black\">\u00c4ndra sammankomst p\u00e5 e-listan <\/h2>\n                            <p class=\"body-md text-gray-text my-2\">H\u00e4r visas hur du \u00e4ndrar tider, deltagare och annat p\u00e5 dina sammankomster. <\/p>\n        \n                    <iframe loading=\"lazy\" title=\"\u00c4ndra sammankomst\" src=\"https:\/\/player.vimeo.com\/video\/625473831?dnt=1&amp;app_id=122963\" width=\"500\" height=\"281\" frameborder=\"0\" allow=\"autoplay; fullscreen; picture-in-picture; clipboard-write\"><\/iframe>\n                            <\/div>\n<div\n        class=\"acf-article-video-block article-container-lg my-12 external-video\"\n        data-block=\"article-video-block\"\n    >\n                    <h2 class=\"heading-md mb-3 text-black\">Signera e-listan <\/h2>\n                            <p class=\"body-md text-gray-text my-2\">Slutligen visas hur du signerar E-listan. <\/p>\n        \n                    <iframe loading=\"lazy\" title=\"Signera arrangemang (Mobilt BankID)\" src=\"https:\/\/player.vimeo.com\/video\/610650705?dnt=1&amp;app_id=122963\" width=\"500\" height=\"281\" frameborder=\"0\" allow=\"autoplay; fullscreen; picture-in-picture; clipboard-write\"><\/iframe>\n                            <\/div>\n","protected":false},"excerpt":{"rendered":"","protected":false},"author":27,"featured_media":0,"parent":5,"menu_order":0,"comment_status":"closed","ping_status":"closed","template":"","meta":{"_acf_changed":false,"footnotes":""},"class_list":["post-281","page","type-page","status-publish","hentry"],"acf":[],"yoast_head":"<!-- This site is optimized with the Yoast SEO plugin v27.0 - https:\/\/yoast.com\/product\/yoast-seo-wordpress\/ -->\n<title>Digital n\u00e4rvarorapportering - Norr<\/title>\n<meta name=\"robots\" content=\"index, follow, max-snippet:-1, max-image-preview:large, max-video-preview:-1\" \/>\n<link rel=\"canonical\" href=\"https:\/\/www.abf.se\/norr\/cirkelledare\/digital-narvarorapportering\/\" \/>\n<meta property=\"og:locale\" content=\"sv_SE\" \/>\n<meta property=\"og:type\" content=\"article\" \/>\n<meta property=\"og:title\" content=\"Digital n\u00e4rvarorapportering - Norr\" \/>\n<meta property=\"og:url\" content=\"https:\/\/www.abf.se\/norr\/cirkelledare\/digital-narvarorapportering\/\" \/>\n<meta property=\"og:site_name\" content=\"Norr\" \/>\n<meta property=\"article:modified_time\" content=\"2024-04-24T07:57:15+00:00\" \/>\n<meta property=\"og:image\" content=\"https:\/\/www.abf.se\/wp-content\/uploads\/sites\/37\/2024\/03\/5-1.png\" \/>\n\t<meta property=\"og:image:width\" content=\"682\" \/>\n\t<meta property=\"og:image:height\" content=\"601\" \/>\n\t<meta property=\"og:image:type\" content=\"image\/png\" \/>\n<meta name=\"twitter:card\" content=\"summary_large_image\" \/>\n<script type=\"application\/ld+json\" class=\"yoast-schema-graph\">{\"@context\":\"https:\/\/schema.org\",\"@graph\":[{\"@type\":\"WebPage\",\"@id\":\"https:\/\/www.abf.se\/norr\/cirkelledare\/digital-narvarorapportering\/\",\"url\":\"https:\/\/www.abf.se\/norr\/cirkelledare\/digital-narvarorapportering\/\",\"name\":\"Digital n\u00e4rvarorapportering - Norr\",\"isPartOf\":{\"@id\":\"https:\/\/www.abf.se\/norr\/#website\"},\"datePublished\":\"2024-03-12T09:17:12+00:00\",\"dateModified\":\"2024-04-24T07:57:15+00:00\",\"breadcrumb\":{\"@id\":\"https:\/\/www.abf.se\/norr\/cirkelledare\/digital-narvarorapportering\/#breadcrumb\"},\"inLanguage\":\"sv-SE\",\"potentialAction\":[{\"@type\":\"ReadAction\",\"target\":[\"https:\/\/www.abf.se\/norr\/cirkelledare\/digital-narvarorapportering\/\"]}]},{\"@type\":\"BreadcrumbList\",\"@id\":\"https:\/\/www.abf.se\/norr\/cirkelledare\/digital-narvarorapportering\/#breadcrumb\",\"itemListElement\":[{\"@type\":\"ListItem\",\"position\":1,\"name\":\"Home\",\"item\":\"https:\/\/www.abf.se\/norr\/\"},{\"@type\":\"ListItem\",\"position\":2,\"name\":\"Cirkelledare\",\"item\":\"https:\/\/www.abf.se\/norr\/cirkelledare\/\"},{\"@type\":\"ListItem\",\"position\":3,\"name\":\"Digital n\u00e4rvarorapportering\"}]},{\"@type\":\"WebSite\",\"@id\":\"https:\/\/www.abf.se\/norr\/#website\",\"url\":\"https:\/\/www.abf.se\/norr\/\",\"name\":\"Norr\",\"description\":\"\",\"potentialAction\":[{\"@type\":\"SearchAction\",\"target\":{\"@type\":\"EntryPoint\",\"urlTemplate\":\"https:\/\/www.abf.se\/norr\/?s={search_term_string}\"},\"query-input\":{\"@type\":\"PropertyValueSpecification\",\"valueRequired\":true,\"valueName\":\"search_term_string\"}}],\"inLanguage\":\"sv-SE\"}]}<\/script>\n<!-- \/ Yoast SEO plugin. -->","yoast_head_json":{"title":"Digital n\u00e4rvarorapportering - Norr","robots":{"index":"index","follow":"follow","max-snippet":"max-snippet:-1","max-image-preview":"max-image-preview:large","max-video-preview":"max-video-preview:-1"},"canonical":"https:\/\/www.abf.se\/norr\/cirkelledare\/digital-narvarorapportering\/","og_locale":"sv_SE","og_type":"article","og_title":"Digital n\u00e4rvarorapportering - Norr","og_url":"https:\/\/www.abf.se\/norr\/cirkelledare\/digital-narvarorapportering\/","og_site_name":"Norr","article_modified_time":"2024-04-24T07:57:15+00:00","og_image":[{"width":682,"height":601,"url":"https:\/\/www.abf.se\/wp-content\/uploads\/sites\/37\/2024\/03\/5-1.png","type":"image\/png"}],"twitter_card":"summary_large_image","schema":{"@context":"https:\/\/schema.org","@graph":[{"@type":"WebPage","@id":"https:\/\/www.abf.se\/norr\/cirkelledare\/digital-narvarorapportering\/","url":"https:\/\/www.abf.se\/norr\/cirkelledare\/digital-narvarorapportering\/","name":"Digital n\u00e4rvarorapportering - Norr","isPartOf":{"@id":"https:\/\/www.abf.se\/norr\/#website"},"datePublished":"2024-03-12T09:17:12+00:00","dateModified":"2024-04-24T07:57:15+00:00","breadcrumb":{"@id":"https:\/\/www.abf.se\/norr\/cirkelledare\/digital-narvarorapportering\/#breadcrumb"},"inLanguage":"sv-SE","potentialAction":[{"@type":"ReadAction","target":["https:\/\/www.abf.se\/norr\/cirkelledare\/digital-narvarorapportering\/"]}]},{"@type":"BreadcrumbList","@id":"https:\/\/www.abf.se\/norr\/cirkelledare\/digital-narvarorapportering\/#breadcrumb","itemListElement":[{"@type":"ListItem","position":1,"name":"Home","item":"https:\/\/www.abf.se\/norr\/"},{"@type":"ListItem","position":2,"name":"Cirkelledare","item":"https:\/\/www.abf.se\/norr\/cirkelledare\/"},{"@type":"ListItem","position":3,"name":"Digital n\u00e4rvarorapportering"}]},{"@type":"WebSite","@id":"https:\/\/www.abf.se\/norr\/#website","url":"https:\/\/www.abf.se\/norr\/","name":"Norr","description":"","potentialAction":[{"@type":"SearchAction","target":{"@type":"EntryPoint","urlTemplate":"https:\/\/www.abf.se\/norr\/?s={search_term_string}"},"query-input":{"@type":"PropertyValueSpecification","valueRequired":true,"valueName":"search_term_string"}}],"inLanguage":"sv-SE"}]}},"_links":{"self":[{"href":"https:\/\/www.abf.se\/norr\/wp-json\/wp\/v2\/pages\/281","targetHints":{"allow":["GET"]}}],"collection":[{"href":"https:\/\/www.abf.se\/norr\/wp-json\/wp\/v2\/pages"}],"about":[{"href":"https:\/\/www.abf.se\/norr\/wp-json\/wp\/v2\/types\/page"}],"author":[{"embeddable":true,"href":"https:\/\/www.abf.se\/norr\/wp-json\/wp\/v2\/users\/27"}],"replies":[{"embeddable":true,"href":"https:\/\/www.abf.se\/norr\/wp-json\/wp\/v2\/comments?post=281"}],"version-history":[{"count":5,"href":"https:\/\/www.abf.se\/norr\/wp-json\/wp\/v2\/pages\/281\/revisions"}],"predecessor-version":[{"id":755,"href":"https:\/\/www.abf.se\/norr\/wp-json\/wp\/v2\/pages\/281\/revisions\/755"}],"up":[{"embeddable":true,"href":"https:\/\/www.abf.se\/norr\/wp-json\/wp\/v2\/pages\/5"}],"wp:attachment":[{"href":"https:\/\/www.abf.se\/norr\/wp-json\/wp\/v2\/media?parent=281"}],"curies":[{"name":"wp","href":"https:\/\/api.w.org\/{rel}","templated":true}]}}