{"id":288,"date":"2024-03-12T10:24:15","date_gmt":"2024-03-12T09:24:15","guid":{"rendered":"https:\/\/www.abf.se\/norr\/?page_id=288"},"modified":"2024-04-24T11:13:12","modified_gmt":"2024-04-24T09:13:12","slug":"digital-folkbildning","status":"publish","type":"page","link":"https:\/\/www.abf.se\/norr\/cirkelledare\/digital-folkbildning\/","title":{"rendered":"Digital folkbildning"},"content":{"rendered":"<div\n    class=\"acf-section-breaker-text my-8 container-lg\"\n    data-block=\"section-breaker-text\"\n>\n    <div class=\"round-corners-lg overflow-hidden pt-36 pb-8 px-5 md:p-16 relative grid grid-cols-1 md:grid-cols-2 lg:grid-cols-5 grid-flow-col-dense\">\n\n            <picture class=\"as-background-image\"><img decoding=\"async\" src=\"https:\/\/www.abf.se\/norr\/resized\/?url=https%3A%2F%2Fwww.abf.se%2Fwp-content%2Fuploads%2F2024%2F04%2FMatematik-Teknik-Naturvetenskap-01.jpg&#038;fit=crop&#038;w=1440&#038;s=55ecde2c1fd3388014556fbc94035c3f\" srcset=\"https:\/\/www.abf.se\/norr\/resized\/?url=https%3A%2F%2Fwww.abf.se%2Fwp-content%2Fuploads%2F2024%2F04%2FMatematik-Teknik-Naturvetenskap-01.jpg&#038;fit=crop&#038;w=375&#038;h=540&#038;s=8ec3ab6c96e9954f887a067e6929284b 375w, https:\/\/www.abf.se\/norr\/resized\/?url=https%3A%2F%2Fwww.abf.se%2Fwp-content%2Fuploads%2F2024%2F04%2FMatematik-Teknik-Naturvetenskap-01.jpg&#038;fit=crop&#038;w=499&#038;h=540&#038;s=d70a050cc5467cfa00ff89ee382c5017 499w, https:\/\/www.abf.se\/norr\/resized\/?url=https%3A%2F%2Fwww.abf.se%2Fwp-content%2Fuploads%2F2024%2F04%2FMatematik-Teknik-Naturvetenskap-01.jpg&#038;fit=crop&#038;w=623&#038;h=540&#038;s=d29eb28bc7302efebc8a574c3f47f2be 623w, https:\/\/www.abf.se\/norr\/resized\/?url=https%3A%2F%2Fwww.abf.se%2Fwp-content%2Fuploads%2F2024%2F04%2FMatematik-Teknik-Naturvetenskap-01.jpg&#038;fit=crop&#038;w=747&#038;h=540&#038;s=8e500a013a68abf80cef1d006c20d49c 747w, https:\/\/www.abf.se\/norr\/resized\/?url=https%3A%2F%2Fwww.abf.se%2Fwp-content%2Fuploads%2F2024%2F04%2FMatematik-Teknik-Naturvetenskap-01.jpg&#038;fit=crop&#038;w=750&#038;h=540&#038;s=98bde86ac1c8058e3c96329bf80362b1 750w, https:\/\/www.abf.se\/norr\/resized\/?url=https%3A%2F%2Fwww.abf.se%2Fwp-content%2Fuploads%2F2024%2F04%2FMatematik-Teknik-Naturvetenskap-01.jpg&#038;fit=crop&#038;w=871&#038;h=540&#038;s=f6cb5e54de2d28cb9214070a75ef5632 871w, https:\/\/www.abf.se\/norr\/resized\/?url=https%3A%2F%2Fwww.abf.se%2Fwp-content%2Fuploads%2F2024%2F04%2FMatematik-Teknik-Naturvetenskap-01.jpg&#038;fit=crop&#038;w=995&#038;h=540&#038;s=7b9003b91dbaa4aafbff6a5bdbae13b7 995w, https:\/\/www.abf.se\/norr\/resized\/?url=https%3A%2F%2Fwww.abf.se%2Fwp-content%2Fuploads%2F2024%2F04%2FMatematik-Teknik-Naturvetenskap-01.jpg&#038;fit=crop&#038;w=998&#038;h=540&#038;s=cacec2f24adda541c9f7a82834495e45 998w, https:\/\/www.abf.se\/norr\/resized\/?url=https%3A%2F%2Fwww.abf.se%2Fwp-content%2Fuploads%2F2024%2F04%2FMatematik-Teknik-Naturvetenskap-01.jpg&#038;fit=crop&#038;w=1119&#038;h=540&#038;s=0595514ce4ba3ae21ca3d47f5b6d2d9b 1119w, https:\/\/www.abf.se\/norr\/resized\/?url=https%3A%2F%2Fwww.abf.se%2Fwp-content%2Fuploads%2F2024%2F04%2FMatematik-Teknik-Naturvetenskap-01.jpg&#038;fit=crop&#038;w=1243&#038;h=540&#038;s=f72df51edc996f04259e30af23dad6a2 1243w, https:\/\/www.abf.se\/norr\/resized\/?url=https%3A%2F%2Fwww.abf.se%2Fwp-content%2Fuploads%2F2024%2F04%2FMatematik-Teknik-Naturvetenskap-01.jpg&#038;fit=crop&#038;w=1246&#038;h=540&#038;s=1101c9c994b464ff3cab0e1af3db1e50 1246w, https:\/\/www.abf.se\/norr\/resized\/?url=https%3A%2F%2Fwww.abf.se%2Fwp-content%2Fuploads%2F2024%2F04%2FMatematik-Teknik-Naturvetenskap-01.jpg&#038;fit=crop&#038;w=1367&#038;h=540&#038;s=bac6a4ac07a1bdf2da4e2ce970e23fd2 1367w, https:\/\/www.abf.se\/norr\/resized\/?url=https%3A%2F%2Fwww.abf.se%2Fwp-content%2Fuploads%2F2024%2F04%2FMatematik-Teknik-Naturvetenskap-01.jpg&#038;fit=crop&#038;w=1440&#038;h=540&#038;s=f272e872a440ec865d125f1af689d9be 1440w, https:\/\/www.abf.se\/norr\/resized\/?url=https%3A%2F%2Fwww.abf.se%2Fwp-content%2Fuploads%2F2024%2F04%2FMatematik-Teknik-Naturvetenskap-01.jpg&#038;fit=crop&#038;w=1494&#038;h=540&#038;s=5518bd49678f6cbb4e70171a2721207e 1494w, https:\/\/www.abf.se\/norr\/resized\/?url=https%3A%2F%2Fwww.abf.se%2Fwp-content%2Fuploads%2F2024%2F04%2FMatematik-Teknik-Naturvetenskap-01.jpg&#038;fit=crop&#038;w=1742&#038;h=540&#038;s=223b135d8e5886b7e15958654d2e54ce 1742w, https:\/\/www.abf.se\/norr\/resized\/?url=https%3A%2F%2Fwww.abf.se%2Fwp-content%2Fuploads%2F2024%2F04%2FMatematik-Teknik-Naturvetenskap-01.jpg&#038;fit=crop&#038;w=1990&#038;h=540&#038;s=149c047bfdf1a21c4ce831c52f26237d 1990w, https:\/\/www.abf.se\/norr\/resized\/?url=https%3A%2F%2Fwww.abf.se%2Fwp-content%2Fuploads%2F2024%2F04%2FMatematik-Teknik-Naturvetenskap-01.jpg&#038;fit=crop&#038;w=2238&#038;h=540&#038;s=e837e37c0fed6fb0bca2de3ca2ef03c9 2238w, https:\/\/www.abf.se\/norr\/resized\/?url=https%3A%2F%2Fwww.abf.se%2Fwp-content%2Fuploads%2F2024%2F04%2FMatematik-Teknik-Naturvetenskap-01.jpg&#038;fit=crop&#038;w=2486&#038;h=540&#038;s=343d1690e1e857247462d4bfce0fb44f 2486w, https:\/\/www.abf.se\/norr\/resized\/?url=https%3A%2F%2Fwww.abf.se%2Fwp-content%2Fuploads%2F2024%2F04%2FMatematik-Teknik-Naturvetenskap-01.jpg&#038;fit=crop&#038;w=2734&#038;h=540&#038;s=5b96f381c7ae00443694b59813201eb2 2734w\" alt=\"\" height=\"540\" width=\"1440\" sizes=\"auto, \n            (max-width: 1440px) calc(100vw - 32px), 1440px\" loading=\"lazy\" fetchpriority=\"low\" aria-hidden=\"true\" role=\"presentation\" \/><\/picture>\n                <div class=\"bg-white round-corners-sm px-10 py-11 col-span-1  relative z-10 col-span-3\">\n            <h2 class=\"heading-lg mb-4\">Digital Folkbildning <\/h2>\n            <div style=\"font-size: 1.25rem; color: black;\" class=\"body-xl wysiwyg\"><p>Det finns m\u00e5nga olika s\u00e4tt att g\u00f6ra folkbildningen i din f\u00f6rening eller studiegrupp digital. Det g\u00e5r utm\u00e4rkt att ha m\u00e5nga av era studiecirklar p\u00e5 distans, s\u00e5 varf\u00f6r inte forts\u00e4tta umg\u00e5s via internet? Det \u00e4r dessutom riktigt roligt! <\/p>\n<p>H\u00e4r ger vi v\u00e5ra b\u00e4sta tips f\u00f6r att s\u00e4tta ig\u00e5ng med studiecirklar och kulturprogram p\u00e5 distans. <\/p>\n<\/div>\n                    \n        <\/div>\n    <\/div>\n<\/div>\n<div class=\"container-lg mb-6\">\n    <div class=\"md:pl-6 flex flex-row gap-1 items-center mt-6 body-m flex-wrap gap-y-2\">\n<span class=\"flex flex-row gap items-center gap-x-1\">\n         <a class=\"label-sm md:label-md text-red-dark font-[350] underline\" href=\"https:\/\/www.abf.se\/norr\/\"\n        >\n        Hem\n    <\/a>\n\n<\/span>\n<span class=\"flex flex-row gap items-center gap-x-1\">\n         <svg width=\"14\" height=\"15\" viewBox=\"0 0 14 15\" fill=\"none\" xmlns=\"http:\/\/www.w3.org\/2000\/svg\">\n<g id=\"fi:arrow-up\">\n<path id=\"Vector\" d=\"M5.01823 3.41669L9.10156 7.50002L5.01823 11.5834\" stroke=\"#909090\"\/>\n<\/g>\n<\/svg>\n\n        <a class=\"label-sm md:label-md text-red-dark font-[350] underline\" href=\"https:\/\/www.abf.se\/norr\/cirkelledare\/\"\n        >\n        Cirkelledare\n    <\/a>\n\n<\/span>\n<span class=\"flex flex-row gap items-center gap-x-1\">\n         <svg width=\"14\" height=\"15\" viewBox=\"0 0 14 15\" fill=\"none\" xmlns=\"http:\/\/www.w3.org\/2000\/svg\">\n<g id=\"fi:arrow-up\">\n<path id=\"Vector\" d=\"M5.01823 3.41669L9.10156 7.50002L5.01823 11.5834\" stroke=\"#909090\"\/>\n<\/g>\n<\/svg>\n\n        <a class=\"label-sm md:label-md text-red-dark font-[350] font-medium\" href=\"\"\n         aria-current=\"page\" >\n        Digital folkbildning\n    <\/a>\n\n<\/span>\n<\/div><\/div>\n<div\n    class=\"acf-quick-link-block bg-red py-12 md:py-20\"\n    data-block=\"quick-link-block\"\n>\n    <div class=\"container\">\n        \n        <div\n            class=\"px-5 content:px-0 grid grid-cols-1 gap-8 md:grid-cols-2\">\n            \n            <article\nclass=\"round-corners-sm p-6 relative group grid grid-rows-[subgrid] row-[span_3] gap-4 bg-white text-red\"\n>\n            <h3\n        class=\"heading-sm group-hover:underline text-red\">\n            <a href=\"https:\/\/www.abf.se\/norr\/digital-studiecirkel\/\" class=\"expanded-hit-area\" target=\"\">\n                Digital studiecirkel\n            <\/a>\n        <\/h3>\n                <p class=\"body-md text-gray-text\">\n            Det g\u00e5r utm\u00e4rkt att ha era studiecirklar p\u00e5 distans! ABF Norr hj\u00e4lper er att komma ig\u00e5ng. \r\nL\u00e4s mer h\u00e4r!\n        <\/p>\n        <figure\n    class=\"w-[38px] h-[38px] rounded-full p-2 group-hover:scale-110 transition-transform duration-300 self-end pointer-events-none bg-red text-white\">\n        <svg width=\"20\" height=\"20\" viewBox=\"0 0 20 20\" fill=\"none\" class=\"SvgIconElement\">\n<path d=\"M4.16659 10L15.8333 10\" stroke=\"currentColor\"\/>\n<path d=\"M9.99992 4.1665L15.8333 9.99984L9.99992 15.8332\" stroke=\"currentColor\"\/>\n<\/svg>\n    <\/figure>\n<\/article>            \n            <article\nclass=\"round-corners-sm p-6 relative group grid grid-rows-[subgrid] row-[span_3] gap-4 bg-white text-red\"\n>\n            <h3\n        class=\"heading-sm group-hover:underline text-red\">\n            <a href=\"https:\/\/www.abf.se\/norr\/arrangemang-pa-distans\/\" class=\"expanded-hit-area\" target=\"\">\n                Arrangemang p\u00e5 distans\n            <\/a>\n        <\/h3>\n                <p class=\"body-md text-gray-text\">\n            Folkbildningsr\u00e5det best\u00e4mde 17 mars 2020 att det tillf\u00e4lligt g\u00e5r bra att anordna \u00e4ven kulturprogram p\u00e5 distans.\r\n\r\nL\u00e4s mer h\u00e4r!\n        <\/p>\n        <figure\n    class=\"w-[38px] h-[38px] rounded-full p-2 group-hover:scale-110 transition-transform duration-300 self-end pointer-events-none bg-red text-white\">\n        <svg width=\"20\" height=\"20\" viewBox=\"0 0 20 20\" fill=\"none\" class=\"SvgIconElement\">\n<path d=\"M4.16659 10L15.8333 10\" stroke=\"currentColor\"\/>\n<path d=\"M9.99992 4.1665L15.8333 9.99984L9.99992 15.8332\" stroke=\"currentColor\"\/>\n<\/svg>\n    <\/figure>\n<\/article>                    <\/div>\n    <\/div>\n<\/div>\n<div\n    class=\"acf-section-breaker-text my-8 container-lg\"\n    data-block=\"section-breaker-text\"\n>\n    <div class=\"round-corners-lg overflow-hidden pt-36 pb-8 px-5 md:p-16 relative grid grid-cols-1 md:grid-cols-2 lg:grid-cols-5 grid-flow-col-dense\">\n\n            <picture class=\"as-background-image\"><img decoding=\"async\" src=\"https:\/\/www.abf.se\/norr\/resized\/?url=https%3A%2F%2Fwww.abf.se%2Fwp-content%2Fuploads%2F2024%2F04%2Fkonst-maleri-teckning.jpg&#038;fit=crop&#038;w=1440&#038;s=6ff288b8447aa957c4c4289941456312\" srcset=\"https:\/\/www.abf.se\/norr\/resized\/?url=https%3A%2F%2Fwww.abf.se%2Fwp-content%2Fuploads%2F2024%2F04%2Fkonst-maleri-teckning.jpg&#038;fit=crop&#038;w=375&#038;h=540&#038;s=430328bbd8b35710c0cb7286cc294f0c 375w, https:\/\/www.abf.se\/norr\/resized\/?url=https%3A%2F%2Fwww.abf.se%2Fwp-content%2Fuploads%2F2024%2F04%2Fkonst-maleri-teckning.jpg&#038;fit=crop&#038;w=499&#038;h=540&#038;s=0580aa274789f407e2a6f30e4e102343 499w, https:\/\/www.abf.se\/norr\/resized\/?url=https%3A%2F%2Fwww.abf.se%2Fwp-content%2Fuploads%2F2024%2F04%2Fkonst-maleri-teckning.jpg&#038;fit=crop&#038;w=623&#038;h=540&#038;s=bc49d70be1c443dc73259fe443f5cd5f 623w, https:\/\/www.abf.se\/norr\/resized\/?url=https%3A%2F%2Fwww.abf.se%2Fwp-content%2Fuploads%2F2024%2F04%2Fkonst-maleri-teckning.jpg&#038;fit=crop&#038;w=747&#038;h=540&#038;s=c8841fe8ec247f90639362610d843a7e 747w, https:\/\/www.abf.se\/norr\/resized\/?url=https%3A%2F%2Fwww.abf.se%2Fwp-content%2Fuploads%2F2024%2F04%2Fkonst-maleri-teckning.jpg&#038;fit=crop&#038;w=750&#038;h=540&#038;s=a45425f487364ba2885a50130fbda6b4 750w, https:\/\/www.abf.se\/norr\/resized\/?url=https%3A%2F%2Fwww.abf.se%2Fwp-content%2Fuploads%2F2024%2F04%2Fkonst-maleri-teckning.jpg&#038;fit=crop&#038;w=871&#038;h=540&#038;s=a86cd821cd48939389e28399414f2d33 871w, https:\/\/www.abf.se\/norr\/resized\/?url=https%3A%2F%2Fwww.abf.se%2Fwp-content%2Fuploads%2F2024%2F04%2Fkonst-maleri-teckning.jpg&#038;fit=crop&#038;w=995&#038;h=540&#038;s=228ac28b5e25ecb0bb15cdedd4f0f8dc 995w, https:\/\/www.abf.se\/norr\/resized\/?url=https%3A%2F%2Fwww.abf.se%2Fwp-content%2Fuploads%2F2024%2F04%2Fkonst-maleri-teckning.jpg&#038;fit=crop&#038;w=998&#038;h=540&#038;s=a035623467c5e305b70c3095cb7aacd7 998w, https:\/\/www.abf.se\/norr\/resized\/?url=https%3A%2F%2Fwww.abf.se%2Fwp-content%2Fuploads%2F2024%2F04%2Fkonst-maleri-teckning.jpg&#038;fit=crop&#038;w=1119&#038;h=540&#038;s=50f07589ea1da893c044eb9b3870ed39 1119w, https:\/\/www.abf.se\/norr\/resized\/?url=https%3A%2F%2Fwww.abf.se%2Fwp-content%2Fuploads%2F2024%2F04%2Fkonst-maleri-teckning.jpg&#038;fit=crop&#038;w=1243&#038;h=540&#038;s=6e57f6cf2f75caa81302947e2d4b6d41 1243w, https:\/\/www.abf.se\/norr\/resized\/?url=https%3A%2F%2Fwww.abf.se%2Fwp-content%2Fuploads%2F2024%2F04%2Fkonst-maleri-teckning.jpg&#038;fit=crop&#038;w=1246&#038;h=540&#038;s=995a25c352c2f71bd946adec4a32f9cd 1246w, https:\/\/www.abf.se\/norr\/resized\/?url=https%3A%2F%2Fwww.abf.se%2Fwp-content%2Fuploads%2F2024%2F04%2Fkonst-maleri-teckning.jpg&#038;fit=crop&#038;w=1367&#038;h=540&#038;s=96af5e2d94810668a45bc3e5b942b2fa 1367w, https:\/\/www.abf.se\/norr\/resized\/?url=https%3A%2F%2Fwww.abf.se%2Fwp-content%2Fuploads%2F2024%2F04%2Fkonst-maleri-teckning.jpg&#038;fit=crop&#038;w=1440&#038;h=540&#038;s=686b14624da3da0fcdd121c721760980 1440w, https:\/\/www.abf.se\/norr\/resized\/?url=https%3A%2F%2Fwww.abf.se%2Fwp-content%2Fuploads%2F2024%2F04%2Fkonst-maleri-teckning.jpg&#038;fit=crop&#038;w=1494&#038;h=540&#038;s=f35c7e2b393811b308b065866e756774 1494w, https:\/\/www.abf.se\/norr\/resized\/?url=https%3A%2F%2Fwww.abf.se%2Fwp-content%2Fuploads%2F2024%2F04%2Fkonst-maleri-teckning.jpg&#038;fit=crop&#038;w=1742&#038;h=540&#038;s=902adcb7f7d88e2700bd1561995b930d 1742w, https:\/\/www.abf.se\/norr\/resized\/?url=https%3A%2F%2Fwww.abf.se%2Fwp-content%2Fuploads%2F2024%2F04%2Fkonst-maleri-teckning.jpg&#038;fit=crop&#038;w=1990&#038;h=540&#038;s=1b683b6771142c4aba4b3e285d6a0deb 1990w, https:\/\/www.abf.se\/norr\/resized\/?url=https%3A%2F%2Fwww.abf.se%2Fwp-content%2Fuploads%2F2024%2F04%2Fkonst-maleri-teckning.jpg&#038;fit=crop&#038;w=2238&#038;h=540&#038;s=aa7744794c3e7cb85d161f012cfc543d 2238w, https:\/\/www.abf.se\/norr\/resized\/?url=https%3A%2F%2Fwww.abf.se%2Fwp-content%2Fuploads%2F2024%2F04%2Fkonst-maleri-teckning.jpg&#038;fit=crop&#038;w=2486&#038;h=540&#038;s=774a128301e307804d2329eac9d61448 2486w, https:\/\/www.abf.se\/norr\/resized\/?url=https%3A%2F%2Fwww.abf.se%2Fwp-content%2Fuploads%2F2024%2F04%2Fkonst-maleri-teckning.jpg&#038;fit=crop&#038;w=2734&#038;h=540&#038;s=2f8d7ef1b7028e36bdc74719e21ad190 2734w\" alt=\"\" height=\"540\" width=\"1440\" sizes=\"auto, \n            (max-width: 1440px) calc(100vw - 32px), 1440px\" loading=\"lazy\" fetchpriority=\"low\" aria-hidden=\"true\" role=\"presentation\" \/><\/picture>\n                <div class=\"bg-white round-corners-sm px-10 py-11 col-span-1  relative z-10 col-start-4 col-end-[-1]\">\n            <h2 class=\"heading-lg mb-4\">Att t\u00e4nka p\u00e5 efter studiecirkeln eller kulturprogrammet <\/h2>\n            <div style=\"font-size: 1.25rem; color: black;\" class=\"body-xl wysiwyg\"><p>Rapportera verksamheten via e-lista eller papperslista. Prata med din kontaktperson p\u00e5 din ort hos ABF Norr om du har n\u00e5gra fr\u00e5gor. <\/p>\n<p>Sist men inte minst: Dela med er av goda exempel till era kollegor, v\u00e4nner och andra folkbildare. Tillsammans kan vi l\u00e4ra oss de smidigaste och roligaste s\u00e4tten att h\u00e5lla distanscirklar! <\/p>\n<\/div>\n                                            <a href='https:\/\/www.abf.se\/norr\/kontakt\/' class=\"default-button mt-8\" target=\"\">Kontakt<\/a>\n                    \n        <\/div>\n    <\/div>\n<\/div>\n<div\n    class=\"acf-section-breaker-text my-8 container-lg\"\n    data-block=\"section-breaker-text\"\n>\n    <div class=\"round-corners-lg overflow-hidden pt-36 pb-8 px-5 md:p-16 relative grid grid-cols-1 md:grid-cols-2 lg:grid-cols-5 grid-flow-col-dense\">\n\n            <picture class=\"as-background-image\"><img decoding=\"async\" src=\"https:\/\/www.abf.se\/norr\/resized\/?url=https%3A%2F%2Fwww.abf.se%2Fwp-content%2Fuploads%2F2024%2F04%2FData-IT-Mobil-07.jpg&#038;fit=crop&#038;w=1440&#038;s=498f095d936a11f26d875a61f80bdae8\" srcset=\"https:\/\/www.abf.se\/norr\/resized\/?url=https%3A%2F%2Fwww.abf.se%2Fwp-content%2Fuploads%2F2024%2F04%2FData-IT-Mobil-07.jpg&#038;fit=crop&#038;w=375&#038;h=540&#038;s=44d4a3abb851bca17a1206bf5889c8df 375w, https:\/\/www.abf.se\/norr\/resized\/?url=https%3A%2F%2Fwww.abf.se%2Fwp-content%2Fuploads%2F2024%2F04%2FData-IT-Mobil-07.jpg&#038;fit=crop&#038;w=499&#038;h=540&#038;s=0093f9e054dc068de021e43153cc8c6d 499w, https:\/\/www.abf.se\/norr\/resized\/?url=https%3A%2F%2Fwww.abf.se%2Fwp-content%2Fuploads%2F2024%2F04%2FData-IT-Mobil-07.jpg&#038;fit=crop&#038;w=623&#038;h=540&#038;s=7295981dc31b7cbb965ee7cbc25b2490 623w, https:\/\/www.abf.se\/norr\/resized\/?url=https%3A%2F%2Fwww.abf.se%2Fwp-content%2Fuploads%2F2024%2F04%2FData-IT-Mobil-07.jpg&#038;fit=crop&#038;w=747&#038;h=540&#038;s=e90c02c3faded68b3e622bb1ffee5962 747w, https:\/\/www.abf.se\/norr\/resized\/?url=https%3A%2F%2Fwww.abf.se%2Fwp-content%2Fuploads%2F2024%2F04%2FData-IT-Mobil-07.jpg&#038;fit=crop&#038;w=750&#038;h=540&#038;s=91ba992010c3823ed98cc5eca4910b98 750w, https:\/\/www.abf.se\/norr\/resized\/?url=https%3A%2F%2Fwww.abf.se%2Fwp-content%2Fuploads%2F2024%2F04%2FData-IT-Mobil-07.jpg&#038;fit=crop&#038;w=871&#038;h=540&#038;s=26facf26beb3eee7736830567026a13f 871w, https:\/\/www.abf.se\/norr\/resized\/?url=https%3A%2F%2Fwww.abf.se%2Fwp-content%2Fuploads%2F2024%2F04%2FData-IT-Mobil-07.jpg&#038;fit=crop&#038;w=995&#038;h=540&#038;s=ac45931ea44f16a88069a83a7ea671d5 995w, https:\/\/www.abf.se\/norr\/resized\/?url=https%3A%2F%2Fwww.abf.se%2Fwp-content%2Fuploads%2F2024%2F04%2FData-IT-Mobil-07.jpg&#038;fit=crop&#038;w=998&#038;h=540&#038;s=9fc4729adaff0725ff0f2cf18311e0cc 998w, https:\/\/www.abf.se\/norr\/resized\/?url=https%3A%2F%2Fwww.abf.se%2Fwp-content%2Fuploads%2F2024%2F04%2FData-IT-Mobil-07.jpg&#038;fit=crop&#038;w=1119&#038;h=540&#038;s=5ec39681c4e0ef61c640e89905c5f02e 1119w, https:\/\/www.abf.se\/norr\/resized\/?url=https%3A%2F%2Fwww.abf.se%2Fwp-content%2Fuploads%2F2024%2F04%2FData-IT-Mobil-07.jpg&#038;fit=crop&#038;w=1243&#038;h=540&#038;s=7af84cf5f2e28303c65b53cb96fe2fa1 1243w, https:\/\/www.abf.se\/norr\/resized\/?url=https%3A%2F%2Fwww.abf.se%2Fwp-content%2Fuploads%2F2024%2F04%2FData-IT-Mobil-07.jpg&#038;fit=crop&#038;w=1246&#038;h=540&#038;s=b460f0e3dbcc729a432f76836c12171c 1246w, https:\/\/www.abf.se\/norr\/resized\/?url=https%3A%2F%2Fwww.abf.se%2Fwp-content%2Fuploads%2F2024%2F04%2FData-IT-Mobil-07.jpg&#038;fit=crop&#038;w=1367&#038;h=540&#038;s=cf16b8a37a40511c07e4dbf2f294cfa8 1367w, https:\/\/www.abf.se\/norr\/resized\/?url=https%3A%2F%2Fwww.abf.se%2Fwp-content%2Fuploads%2F2024%2F04%2FData-IT-Mobil-07.jpg&#038;fit=crop&#038;w=1440&#038;h=540&#038;s=735ed2a5fafd490d0208f094ec5cb8f2 1440w, https:\/\/www.abf.se\/norr\/resized\/?url=https%3A%2F%2Fwww.abf.se%2Fwp-content%2Fuploads%2F2024%2F04%2FData-IT-Mobil-07.jpg&#038;fit=crop&#038;w=1494&#038;h=540&#038;s=68dfe4a8998b3b1a492614da81ccf31f 1494w, https:\/\/www.abf.se\/norr\/resized\/?url=https%3A%2F%2Fwww.abf.se%2Fwp-content%2Fuploads%2F2024%2F04%2FData-IT-Mobil-07.jpg&#038;fit=crop&#038;w=1742&#038;h=540&#038;s=082302d9b0799cd1de717d37b72761eb 1742w, https:\/\/www.abf.se\/norr\/resized\/?url=https%3A%2F%2Fwww.abf.se%2Fwp-content%2Fuploads%2F2024%2F04%2FData-IT-Mobil-07.jpg&#038;fit=crop&#038;w=1990&#038;h=540&#038;s=e05d135940fe567e40978944fc538112 1990w, https:\/\/www.abf.se\/norr\/resized\/?url=https%3A%2F%2Fwww.abf.se%2Fwp-content%2Fuploads%2F2024%2F04%2FData-IT-Mobil-07.jpg&#038;fit=crop&#038;w=2238&#038;h=540&#038;s=08a90cd177cc775ef4dacd0d9259a1b0 2238w, https:\/\/www.abf.se\/norr\/resized\/?url=https%3A%2F%2Fwww.abf.se%2Fwp-content%2Fuploads%2F2024%2F04%2FData-IT-Mobil-07.jpg&#038;fit=crop&#038;w=2486&#038;h=540&#038;s=59e304ae3149aed3cffdef591d6b0ce7 2486w, https:\/\/www.abf.se\/norr\/resized\/?url=https%3A%2F%2Fwww.abf.se%2Fwp-content%2Fuploads%2F2024%2F04%2FData-IT-Mobil-07.jpg&#038;fit=crop&#038;w=2734&#038;h=540&#038;s=bb7eed3a124f9f8f2b6447fd311767af 2734w\" alt=\"\" height=\"540\" width=\"1440\" sizes=\"auto, \n            (max-width: 1440px) calc(100vw - 32px), 1440px\" loading=\"lazy\" fetchpriority=\"low\" aria-hidden=\"true\" role=\"presentation\" \/><\/picture>\n                <div class=\"bg-white round-corners-sm px-10 py-11 col-span-1  relative z-10 col-span-3\">\n            <h2 class=\"heading-lg mb-4\">Verktyg att h\u00e5lla digital folkbildning<\/h2>\n            <div style=\"font-size: 1.25rem; color: black;\" class=\"body-xl wysiwyg\"><p>Tips och trix inf\u00f6r planeringen av den digitala kursen\/evenemanget<\/p>\n<\/div>\n                                            <a href='https:\/\/www.abf.se\/norr\/verktyg-att-halla-digital-folkbildning\/' class=\"default-button mt-8\" target=\"\">Verktyg att h\u00e5lla digital folkbildning<\/a>\n                    \n        <\/div>\n    <\/div>\n<\/div>\n","protected":false},"excerpt":{"rendered":"","protected":false},"author":27,"featured_media":0,"parent":5,"menu_order":0,"comment_status":"closed","ping_status":"closed","template":"","meta":{"_acf_changed":false,"footnotes":""},"class_list":["post-288","page","type-page","status-publish","hentry"],"acf":[],"yoast_head":"<!-- This site is optimized with the Yoast SEO plugin v27.0 - https:\/\/yoast.com\/product\/yoast-seo-wordpress\/ -->\n<title>Digital folkbildning - Norr<\/title>\n<meta name=\"robots\" content=\"index, follow, max-snippet:-1, max-image-preview:large, max-video-preview:-1\" \/>\n<link rel=\"canonical\" href=\"https:\/\/www.abf.se\/norr\/cirkelledare\/digital-folkbildning\/\" \/>\n<meta property=\"og:locale\" content=\"sv_SE\" \/>\n<meta property=\"og:type\" content=\"article\" \/>\n<meta property=\"og:title\" content=\"Digital folkbildning - Norr\" \/>\n<meta property=\"og:url\" content=\"https:\/\/www.abf.se\/norr\/cirkelledare\/digital-folkbildning\/\" \/>\n<meta property=\"og:site_name\" content=\"Norr\" \/>\n<meta property=\"article:modified_time\" content=\"2024-04-24T09:13:12+00:00\" \/>\n<meta property=\"og:image\" content=\"https:\/\/www.abf.se\/wp-content\/uploads\/sites\/37\/2024\/03\/5-1.png\" \/>\n\t<meta property=\"og:image:width\" content=\"682\" \/>\n\t<meta property=\"og:image:height\" content=\"601\" \/>\n\t<meta property=\"og:image:type\" content=\"image\/png\" \/>\n<meta name=\"twitter:card\" content=\"summary_large_image\" \/>\n<script type=\"application\/ld+json\" class=\"yoast-schema-graph\">{\"@context\":\"https:\/\/schema.org\",\"@graph\":[{\"@type\":\"WebPage\",\"@id\":\"https:\/\/www.abf.se\/norr\/cirkelledare\/digital-folkbildning\/\",\"url\":\"https:\/\/www.abf.se\/norr\/cirkelledare\/digital-folkbildning\/\",\"name\":\"Digital folkbildning - Norr\",\"isPartOf\":{\"@id\":\"https:\/\/www.abf.se\/norr\/#website\"},\"datePublished\":\"2024-03-12T09:24:15+00:00\",\"dateModified\":\"2024-04-24T09:13:12+00:00\",\"breadcrumb\":{\"@id\":\"https:\/\/www.abf.se\/norr\/cirkelledare\/digital-folkbildning\/#breadcrumb\"},\"inLanguage\":\"sv-SE\",\"potentialAction\":[{\"@type\":\"ReadAction\",\"target\":[\"https:\/\/www.abf.se\/norr\/cirkelledare\/digital-folkbildning\/\"]}]},{\"@type\":\"BreadcrumbList\",\"@id\":\"https:\/\/www.abf.se\/norr\/cirkelledare\/digital-folkbildning\/#breadcrumb\",\"itemListElement\":[{\"@type\":\"ListItem\",\"position\":1,\"name\":\"Home\",\"item\":\"https:\/\/www.abf.se\/norr\/\"},{\"@type\":\"ListItem\",\"position\":2,\"name\":\"Cirkelledare\",\"item\":\"https:\/\/www.abf.se\/norr\/cirkelledare\/\"},{\"@type\":\"ListItem\",\"position\":3,\"name\":\"Digital folkbildning\"}]},{\"@type\":\"WebSite\",\"@id\":\"https:\/\/www.abf.se\/norr\/#website\",\"url\":\"https:\/\/www.abf.se\/norr\/\",\"name\":\"Norr\",\"description\":\"\",\"potentialAction\":[{\"@type\":\"SearchAction\",\"target\":{\"@type\":\"EntryPoint\",\"urlTemplate\":\"https:\/\/www.abf.se\/norr\/?s={search_term_string}\"},\"query-input\":{\"@type\":\"PropertyValueSpecification\",\"valueRequired\":true,\"valueName\":\"search_term_string\"}}],\"inLanguage\":\"sv-SE\"}]}<\/script>\n<!-- \/ Yoast SEO plugin. -->","yoast_head_json":{"title":"Digital folkbildning - Norr","robots":{"index":"index","follow":"follow","max-snippet":"max-snippet:-1","max-image-preview":"max-image-preview:large","max-video-preview":"max-video-preview:-1"},"canonical":"https:\/\/www.abf.se\/norr\/cirkelledare\/digital-folkbildning\/","og_locale":"sv_SE","og_type":"article","og_title":"Digital folkbildning - Norr","og_url":"https:\/\/www.abf.se\/norr\/cirkelledare\/digital-folkbildning\/","og_site_name":"Norr","article_modified_time":"2024-04-24T09:13:12+00:00","og_image":[{"width":682,"height":601,"url":"https:\/\/www.abf.se\/wp-content\/uploads\/sites\/37\/2024\/03\/5-1.png","type":"image\/png"}],"twitter_card":"summary_large_image","schema":{"@context":"https:\/\/schema.org","@graph":[{"@type":"WebPage","@id":"https:\/\/www.abf.se\/norr\/cirkelledare\/digital-folkbildning\/","url":"https:\/\/www.abf.se\/norr\/cirkelledare\/digital-folkbildning\/","name":"Digital folkbildning - Norr","isPartOf":{"@id":"https:\/\/www.abf.se\/norr\/#website"},"datePublished":"2024-03-12T09:24:15+00:00","dateModified":"2024-04-24T09:13:12+00:00","breadcrumb":{"@id":"https:\/\/www.abf.se\/norr\/cirkelledare\/digital-folkbildning\/#breadcrumb"},"inLanguage":"sv-SE","potentialAction":[{"@type":"ReadAction","target":["https:\/\/www.abf.se\/norr\/cirkelledare\/digital-folkbildning\/"]}]},{"@type":"BreadcrumbList","@id":"https:\/\/www.abf.se\/norr\/cirkelledare\/digital-folkbildning\/#breadcrumb","itemListElement":[{"@type":"ListItem","position":1,"name":"Home","item":"https:\/\/www.abf.se\/norr\/"},{"@type":"ListItem","position":2,"name":"Cirkelledare","item":"https:\/\/www.abf.se\/norr\/cirkelledare\/"},{"@type":"ListItem","position":3,"name":"Digital folkbildning"}]},{"@type":"WebSite","@id":"https:\/\/www.abf.se\/norr\/#website","url":"https:\/\/www.abf.se\/norr\/","name":"Norr","description":"","potentialAction":[{"@type":"SearchAction","target":{"@type":"EntryPoint","urlTemplate":"https:\/\/www.abf.se\/norr\/?s={search_term_string}"},"query-input":{"@type":"PropertyValueSpecification","valueRequired":true,"valueName":"search_term_string"}}],"inLanguage":"sv-SE"}]}},"_links":{"self":[{"href":"https:\/\/www.abf.se\/norr\/wp-json\/wp\/v2\/pages\/288","targetHints":{"allow":["GET"]}}],"collection":[{"href":"https:\/\/www.abf.se\/norr\/wp-json\/wp\/v2\/pages"}],"about":[{"href":"https:\/\/www.abf.se\/norr\/wp-json\/wp\/v2\/types\/page"}],"author":[{"embeddable":true,"href":"https:\/\/www.abf.se\/norr\/wp-json\/wp\/v2\/users\/27"}],"replies":[{"embeddable":true,"href":"https:\/\/www.abf.se\/norr\/wp-json\/wp\/v2\/comments?post=288"}],"version-history":[{"count":20,"href":"https:\/\/www.abf.se\/norr\/wp-json\/wp\/v2\/pages\/288\/revisions"}],"predecessor-version":[{"id":804,"href":"https:\/\/www.abf.se\/norr\/wp-json\/wp\/v2\/pages\/288\/revisions\/804"}],"up":[{"embeddable":true,"href":"https:\/\/www.abf.se\/norr\/wp-json\/wp\/v2\/pages\/5"}],"wp:attachment":[{"href":"https:\/\/www.abf.se\/norr\/wp-json\/wp\/v2\/media?parent=288"}],"curies":[{"name":"wp","href":"https:\/\/api.w.org\/{rel}","templated":true}]}}