{"id":292,"date":"2024-03-12T10:29:39","date_gmt":"2024-03-12T09:29:39","guid":{"rendered":"https:\/\/www.abf.se\/norr\/?page_id=292"},"modified":"2025-01-23T15:09:32","modified_gmt":"2025-01-23T14:09:32","slug":"abf-norrs-fackligt-politiska-arbete","status":"publish","type":"page","link":"https:\/\/www.abf.se\/norr\/om-oss\/abf-norrs-fackligt-politiska-arbete\/","title":{"rendered":"ABF Norrs fackligt-politiska arbete"},"content":{"rendered":"<div\n    class=\"acf-section-breaker-text my-8 container-lg\"\n    data-block=\"section-breaker-text\"\n>\n    <div class=\"round-corners-lg overflow-hidden pt-36 pb-8 px-5 md:p-16 relative grid grid-cols-1 md:grid-cols-2 lg:grid-cols-5 grid-flow-col-dense\">\n\n            <picture class=\"as-background-image\"><img decoding=\"async\" src=\"https:\/\/www.abf.se\/norr\/resized\/?url=https%3A%2F%2Fwww.abf.se%2Fwp-content%2Fuploads%2F2024%2F04%2Fsamhalle-politik-fackligt2.jpg&#038;fit=crop&#038;w=1440&#038;s=66f7de043593d6176eb5712b0e5a2569\" srcset=\"https:\/\/www.abf.se\/norr\/resized\/?url=https%3A%2F%2Fwww.abf.se%2Fwp-content%2Fuploads%2F2024%2F04%2Fsamhalle-politik-fackligt2.jpg&#038;fit=crop&#038;w=375&#038;h=540&#038;s=2cc8f2bf8720f353a49d16c8359a68cd 375w, https:\/\/www.abf.se\/norr\/resized\/?url=https%3A%2F%2Fwww.abf.se%2Fwp-content%2Fuploads%2F2024%2F04%2Fsamhalle-politik-fackligt2.jpg&#038;fit=crop&#038;w=499&#038;h=540&#038;s=87104bc6da2014df193e8001f9381dad 499w, https:\/\/www.abf.se\/norr\/resized\/?url=https%3A%2F%2Fwww.abf.se%2Fwp-content%2Fuploads%2F2024%2F04%2Fsamhalle-politik-fackligt2.jpg&#038;fit=crop&#038;w=623&#038;h=540&#038;s=4a55a538f445d73f407ea2c0bdfe09c9 623w, https:\/\/www.abf.se\/norr\/resized\/?url=https%3A%2F%2Fwww.abf.se%2Fwp-content%2Fuploads%2F2024%2F04%2Fsamhalle-politik-fackligt2.jpg&#038;fit=crop&#038;w=747&#038;h=540&#038;s=52725d7d665b2c8a15a75692ce1aca02 747w, https:\/\/www.abf.se\/norr\/resized\/?url=https%3A%2F%2Fwww.abf.se%2Fwp-content%2Fuploads%2F2024%2F04%2Fsamhalle-politik-fackligt2.jpg&#038;fit=crop&#038;w=750&#038;h=540&#038;s=4b1a5f121b0c101a0cf23b86e03b5be3 750w, https:\/\/www.abf.se\/norr\/resized\/?url=https%3A%2F%2Fwww.abf.se%2Fwp-content%2Fuploads%2F2024%2F04%2Fsamhalle-politik-fackligt2.jpg&#038;fit=crop&#038;w=871&#038;h=540&#038;s=5ab3aa4e894c45ab22ee756347571504 871w, https:\/\/www.abf.se\/norr\/resized\/?url=https%3A%2F%2Fwww.abf.se%2Fwp-content%2Fuploads%2F2024%2F04%2Fsamhalle-politik-fackligt2.jpg&#038;fit=crop&#038;w=995&#038;h=540&#038;s=f5c6d6741c284d2d3bece8d5b0855a4e 995w, https:\/\/www.abf.se\/norr\/resized\/?url=https%3A%2F%2Fwww.abf.se%2Fwp-content%2Fuploads%2F2024%2F04%2Fsamhalle-politik-fackligt2.jpg&#038;fit=crop&#038;w=998&#038;h=540&#038;s=30a0797f3fe63ba8c04ed658f3100d81 998w, https:\/\/www.abf.se\/norr\/resized\/?url=https%3A%2F%2Fwww.abf.se%2Fwp-content%2Fuploads%2F2024%2F04%2Fsamhalle-politik-fackligt2.jpg&#038;fit=crop&#038;w=1119&#038;h=540&#038;s=21dae5000233dd3df4321058c6142e8c 1119w, https:\/\/www.abf.se\/norr\/resized\/?url=https%3A%2F%2Fwww.abf.se%2Fwp-content%2Fuploads%2F2024%2F04%2Fsamhalle-politik-fackligt2.jpg&#038;fit=crop&#038;w=1243&#038;h=540&#038;s=5e07cfe2896aa5b00ea032df49612e70 1243w, https:\/\/www.abf.se\/norr\/resized\/?url=https%3A%2F%2Fwww.abf.se%2Fwp-content%2Fuploads%2F2024%2F04%2Fsamhalle-politik-fackligt2.jpg&#038;fit=crop&#038;w=1246&#038;h=540&#038;s=4d6d3dbd01567d44d1717616b4b8bc7f 1246w, https:\/\/www.abf.se\/norr\/resized\/?url=https%3A%2F%2Fwww.abf.se%2Fwp-content%2Fuploads%2F2024%2F04%2Fsamhalle-politik-fackligt2.jpg&#038;fit=crop&#038;w=1367&#038;h=540&#038;s=ff5be9d7bf07077b9a344a88fc5d012b 1367w, https:\/\/www.abf.se\/norr\/resized\/?url=https%3A%2F%2Fwww.abf.se%2Fwp-content%2Fuploads%2F2024%2F04%2Fsamhalle-politik-fackligt2.jpg&#038;fit=crop&#038;w=1440&#038;h=540&#038;s=e67a78308f04ab91806e00273a5d82bc 1440w, https:\/\/www.abf.se\/norr\/resized\/?url=https%3A%2F%2Fwww.abf.se%2Fwp-content%2Fuploads%2F2024%2F04%2Fsamhalle-politik-fackligt2.jpg&#038;fit=crop&#038;w=1494&#038;h=540&#038;s=c28d410b2d16fd55291faeb356d37367 1494w, https:\/\/www.abf.se\/norr\/resized\/?url=https%3A%2F%2Fwww.abf.se%2Fwp-content%2Fuploads%2F2024%2F04%2Fsamhalle-politik-fackligt2.jpg&#038;fit=crop&#038;w=1742&#038;h=540&#038;s=a60b419e1feaf4762b06135ae89f700a 1742w, https:\/\/www.abf.se\/norr\/resized\/?url=https%3A%2F%2Fwww.abf.se%2Fwp-content%2Fuploads%2F2024%2F04%2Fsamhalle-politik-fackligt2.jpg&#038;fit=crop&#038;w=1990&#038;h=540&#038;s=1a0017d8fc4286dbec662486e24fb63f 1990w, https:\/\/www.abf.se\/norr\/resized\/?url=https%3A%2F%2Fwww.abf.se%2Fwp-content%2Fuploads%2F2024%2F04%2Fsamhalle-politik-fackligt2.jpg&#038;fit=crop&#038;w=2238&#038;h=540&#038;s=bab4f0419c968e2d7dacd76c07769254 2238w, https:\/\/www.abf.se\/norr\/resized\/?url=https%3A%2F%2Fwww.abf.se%2Fwp-content%2Fuploads%2F2024%2F04%2Fsamhalle-politik-fackligt2.jpg&#038;fit=crop&#038;w=2486&#038;h=540&#038;s=3535009a40eb0f17fe1f36d71e65f463 2486w, https:\/\/www.abf.se\/norr\/resized\/?url=https%3A%2F%2Fwww.abf.se%2Fwp-content%2Fuploads%2F2024%2F04%2Fsamhalle-politik-fackligt2.jpg&#038;fit=crop&#038;w=2734&#038;h=540&#038;s=bc39e86e2cb292e08917975110afa4e0 2734w\" alt=\"\" height=\"540\" width=\"1440\" sizes=\"auto, \n            (max-width: 1440px) calc(100vw - 32px), 1440px\" loading=\"lazy\" fetchpriority=\"low\" aria-hidden=\"true\" role=\"presentation\" \/><\/picture>\n                <div class=\"bg-white round-corners-sm px-10 py-11 col-span-1  relative z-10 col-span-3\">\n            <h2 class=\"heading-lg mb-4\">ABF Norrs fackligt-politiska arbete<\/h2>\n            <div style=\"font-size: 1.25rem; color: black;\" class=\"body-xl wysiwyg\"><p>V\u00e4lkommen till ABF Norr!<\/p>\n<p>Utforska de omfattande kursutbud som vi har f\u00f6rm\u00e5nen att erbjuder i samarbete med ABF V\u00e4sterbotten. H\u00e4r hitta ni ocks\u00e5 kontaktuppgifter till studieansvariga inom ditt fackf\u00f6rbund. <\/p>\n<p>Dessutom kan vi p\u00e5 ABF Norr tillsammans med v\u00e5ra medlemsorganisationer skr\u00e4ddarsy utbildningsprogram efter \u00f6nskem\u00e5l.<\/p>\n<p>L\u00e4s mer om utbildningar f\u00f6r b\u00e5de medlemmar och f\u00f6rtroendevalda h\u00e4r.<\/p>\n<\/div>\n                                            <a href='https:\/\/fackligt.abfvasterbotten.se\/' class=\"default-button mt-8\" target=\"_blank\">L\u00e4s mer om fackliga utbildningar<\/a>\n                    \n        <\/div>\n    <\/div>\n<\/div>\n<div class=\"container-lg mb-6\">\n    <div class=\"md:pl-6 flex flex-row gap-1 items-center mt-6 body-m flex-wrap gap-y-2\">\n<span class=\"flex flex-row gap items-center gap-x-1\">\n         <a class=\"label-sm md:label-md text-red-dark font-[350] underline\" href=\"https:\/\/www.abf.se\/norr\/\"\n        >\n        Hem\n    <\/a>\n\n<\/span>\n<span class=\"flex flex-row gap items-center gap-x-1\">\n         <svg width=\"14\" height=\"15\" viewBox=\"0 0 14 15\" fill=\"none\" xmlns=\"http:\/\/www.w3.org\/2000\/svg\">\n<g id=\"fi:arrow-up\">\n<path id=\"Vector\" d=\"M5.01823 3.41669L9.10156 7.50002L5.01823 11.5834\" stroke=\"#909090\"\/>\n<\/g>\n<\/svg>\n\n        <a class=\"label-sm md:label-md text-red-dark font-[350] underline\" href=\"https:\/\/www.abf.se\/norr\/om-oss\/\"\n        >\n        Om oss\n    <\/a>\n\n<\/span>\n<span class=\"flex flex-row gap items-center gap-x-1\">\n         <svg width=\"14\" height=\"15\" viewBox=\"0 0 14 15\" fill=\"none\" xmlns=\"http:\/\/www.w3.org\/2000\/svg\">\n<g id=\"fi:arrow-up\">\n<path id=\"Vector\" d=\"M5.01823 3.41669L9.10156 7.50002L5.01823 11.5834\" stroke=\"#909090\"\/>\n<\/g>\n<\/svg>\n\n        <a class=\"label-sm md:label-md text-red-dark font-[350] font-medium\" href=\"\"\n         aria-current=\"page\" >\n        ABF Norrs fackligt-politiska arbete\n    <\/a>\n\n<\/span>\n<\/div><\/div>\n<div\n    class=\"acf-text-image-block container my-12 md:my-15\"\n    data-block=\"text-image-block\"\n>\n    <div\n    class=\"flex flex-col items-center md:flex-row gap-8 md:gap-0 justify-between\">\n                        <div class=\"w-full md:w-1\/2 md:order-2\">\n            <picture><img decoding=\"async\" src=\"https:\/\/www.abf.se\/norr\/resized\/?url=https%3A%2F%2Fwww.abf.se%2Fwp-content%2Fuploads%2F2023%2F11%2FImage.png&#038;fit=crop&#038;w=578&#038;s=46fe63d23cb399782247ba91cdb7ec46\" srcset=\"https:\/\/www.abf.se\/norr\/resized\/?url=https%3A%2F%2Fwww.abf.se%2Fwp-content%2Fuploads%2F2023%2F11%2FImage.png&#038;fit=crop&#038;w=144&#038;h=126&#038;s=78dbf54ba121a466ab8c9ac54378ec6e 144w, https:\/\/www.abf.se\/norr\/resized\/?url=https%3A%2F%2Fwww.abf.se%2Fwp-content%2Fuploads%2F2023%2F11%2FImage.png&#038;fit=crop&#038;w=240&#038;h=211&#038;s=b3d1033a766401e3b4c2552250f9a642 240w, https:\/\/www.abf.se\/norr\/resized\/?url=https%3A%2F%2Fwww.abf.se%2Fwp-content%2Fuploads%2F2023%2F11%2FImage.png&#038;fit=crop&#038;w=288&#038;h=253&#038;s=63dfe34e1e9c4b554357374543406ff2 288w, https:\/\/www.abf.se\/norr\/resized\/?url=https%3A%2F%2Fwww.abf.se%2Fwp-content%2Fuploads%2F2023%2F11%2FImage.png&#038;fit=crop&#038;w=336&#038;h=295&#038;s=699b7b81462a5db2d40d727f0919e72b 336w, https:\/\/www.abf.se\/norr\/resized\/?url=https%3A%2F%2Fwww.abf.se%2Fwp-content%2Fuploads%2F2023%2F11%2FImage.png&#038;fit=crop&#038;w=432&#038;h=380&#038;s=c759a32d6a4177397a5c4134ea606901 432w, https:\/\/www.abf.se\/norr\/resized\/?url=https%3A%2F%2Fwww.abf.se%2Fwp-content%2Fuploads%2F2023%2F11%2FImage.png&#038;fit=crop&#038;w=480&#038;h=422&#038;s=38bb72543c91b1657a6c48397f265669 480w, https:\/\/www.abf.se\/norr\/resized\/?url=https%3A%2F%2Fwww.abf.se%2Fwp-content%2Fuploads%2F2023%2F11%2FImage.png&#038;fit=crop&#038;w=528&#038;h=464&#038;s=73b950ecfd5463405642b955ff58b235 528w, https:\/\/www.abf.se\/norr\/resized\/?url=https%3A%2F%2Fwww.abf.se%2Fwp-content%2Fuploads%2F2023%2F11%2FImage.png&#038;fit=crop&#038;w=578&#038;h=509&#038;s=ff70472ae7769116bde5e26385c28bde 578w, https:\/\/www.abf.se\/norr\/resized\/?url=https%3A%2F%2Fwww.abf.se%2Fwp-content%2Fuploads%2F2023%2F11%2FImage.png&#038;fit=crop&#038;w=672&#038;h=591&#038;s=5b97d17df0b23dd518aafb655236ffcc 672w, https:\/\/www.abf.se\/norr\/resized\/?url=https%3A%2F%2Fwww.abf.se%2Fwp-content%2Fuploads%2F2023%2F11%2FImage.png&#038;fit=crop&#038;w=864&#038;h=760&#038;s=a7abac363146b4f8bac65d9142a585e1 864w, https:\/\/www.abf.se\/norr\/resized\/?url=https%3A%2F%2Fwww.abf.se%2Fwp-content%2Fuploads%2F2023%2F11%2FImage.png&#038;fit=crop&#038;w=1056&#038;h=929&#038;s=c2cb04540b9a8eb2c4d686dd8117925f 1056w\" alt=\"glad kvinna med glas&ouml;gon mot en turkos bakgrund\" height=\"509\" width=\"578\" sizes=\"auto, (max-width: 768px) 100vw,\n                (max-width: 1280px) 50vw, 578px\" loading=\"lazy\" fetchpriority=\"low\" \/><\/picture>\n\n        <\/div>\n        \n        <div class=\"w-full md:w-1\/2 md:order-1\">\n        <div class=\"mx-auto md:max-w-[368px]\">\n            <h2 class=\"heading-lg\"><\/h2>\n            <div class=\"mb-6 mt-4 wysiwyg\">\n                <p><span class=\"C9DxTc \">Funderar du p\u00e5 att g\u00e5 en facklig utbildning och vill l\u00e4ra dig mer om dina fackliga r\u00e4ttigheter? \u00c4r du f\u00f6rtroendevald i en fackf\u00f6rening och beh\u00f6ver veta mer om din roll? Eller skyddsombud p\u00e5 din arbetsplats och beh\u00f6ver certifikat?<\/span><span class=\"C9DxTc \"><br \/>\n<\/span><span class=\"C9DxTc \">H\u00e4r hittar du ett brett urval av utbildningar som du enkelt anm\u00e4ler dig till genom din studieorganisat\u00f6r. <\/span><\/p>\n<p><span class=\"C9DxTc \">Det g\u00e5r \u00e4ven bra att mejla fr\u00e5gor till info.norrbotten@abf.se<\/span><\/p>\n\n            <\/div>\n                                            <a href='https:\/\/fackligt.abfvasterbotten.se\/studieansvariga' class=\"default-button\" target=\"_blank\">Hitta din studieansvarig<\/a>\n                    <\/div>\n        <\/div>\n    <\/div>\n<\/div><div\n    class=\"acf-article-text-block article-container my-12\"\n    data-block=\"article-text-block\"\n>\n    <div class=\"wysiwyg\">\n        <h2>V\u00e5rt uppdrag inom ABF \u00e4r att samverka till goda f\u00f6ruts\u00e4ttningar f\u00f6r studier\/aktiviteter inom facklig och politisk verksamhet.<\/h2>\n<h3>Vi samverkar med<\/h3>\n<ul>\n<li><span data-contrast=\"auto\">LO<\/span><span data-ccp-props=\"{&quot;201341983&quot;:0,&quot;335559739&quot;:160,&quot;335559740&quot;:259}\">\u00a0<\/span><\/li>\n<li><span data-contrast=\"auto\">Byggnads<\/span><span data-ccp-props=\"{&quot;201341983&quot;:0,&quot;335559739&quot;:160,&quot;335559740&quot;:259}\">\u00a0<\/span><\/li>\n<li><span data-contrast=\"auto\">Elektrikerf\u00f6rbundet<\/span><span data-ccp-props=\"{&quot;201341983&quot;:0,&quot;335559739&quot;:160,&quot;335559740&quot;:259}\">\u00a0<\/span><\/li>\n<li><span data-contrast=\"auto\">Fastighetsanst\u00e4lldas f\u00f6rbund<\/span><span data-ccp-props=\"{&quot;201341983&quot;:0,&quot;335559739&quot;:160,&quot;335559740&quot;:259}\">\u00a0<\/span><\/li>\n<li><span data-contrast=\"auto\">GS facken<\/span><span data-ccp-props=\"{&quot;201341983&quot;:0,&quot;335559739&quot;:160,&quot;335559740&quot;:259}\">\u00a0<\/span><\/li>\n<li><span data-contrast=\"auto\">Handels<\/span><span data-ccp-props=\"{&quot;201341983&quot;:0,&quot;335559739&quot;:160,&quot;335559740&quot;:259}\">\u00a0<\/span><\/li>\n<li><span data-contrast=\"auto\">Hotell &amp; Restaurangfacken<\/span><span data-ccp-props=\"{&quot;201341983&quot;:0,&quot;335559739&quot;:160,&quot;335559740&quot;:259}\">\u00a0<\/span><\/li>\n<li><span data-contrast=\"auto\">IF Metall<\/span><span data-ccp-props=\"{&quot;201341983&quot;:0,&quot;335559739&quot;:160,&quot;335559740&quot;:259}\">\u00a0<\/span><\/li>\n<li><span data-contrast=\"auto\">Kommunal<\/span><span data-ccp-props=\"{&quot;201341983&quot;:0,&quot;335559739&quot;:160,&quot;335559740&quot;:259}\">\u00a0<\/span><\/li>\n<li><span data-contrast=\"auto\">Livs<\/span><span data-ccp-props=\"{&quot;201341983&quot;:0,&quot;335559739&quot;:160,&quot;335559740&quot;:259}\">\u00a0<\/span><\/li>\n<li><span data-contrast=\"auto\">Musikerf\u00f6rbundet<\/span><span data-ccp-props=\"{&quot;201341983&quot;:0,&quot;335559739&quot;:160,&quot;335559740&quot;:259}\">\u00a0<\/span><\/li>\n<li><span data-contrast=\"auto\">M\u00e5larna<\/span><span data-ccp-props=\"{&quot;201341983&quot;:0,&quot;335559739&quot;:160,&quot;335559740&quot;:259}\">\u00a0<\/span><\/li>\n<li><span data-contrast=\"auto\">Pappers<\/span><span data-ccp-props=\"{&quot;201341983&quot;:0,&quot;335559739&quot;:160,&quot;335559740&quot;:259}\">\u00a0<\/span><\/li>\n<li><span data-contrast=\"auto\">SEKO<\/span><span data-ccp-props=\"{&quot;201341983&quot;:0,&quot;335559739&quot;:160,&quot;335559740&quot;:259}\">\u00a0<\/span><\/li>\n<li><span data-contrast=\"auto\">Transport<\/span><span data-ccp-props=\"{&quot;201341983&quot;:0,&quot;335559739&quot;:160,&quot;335559740&quot;:259}\">\u00a0<\/span><\/li>\n<\/ul>\n\n    <\/div>\n<\/div>\n","protected":false},"excerpt":{"rendered":"","protected":false},"author":27,"featured_media":0,"parent":112,"menu_order":0,"comment_status":"closed","ping_status":"closed","template":"","meta":{"_acf_changed":false,"footnotes":""},"class_list":["post-292","page","type-page","status-publish","hentry"],"acf":[],"yoast_head":"<!-- This site is optimized with the Yoast SEO plugin v27.0 - https:\/\/yoast.com\/product\/yoast-seo-wordpress\/ -->\n<title>ABF Norrs fackligt-politiska arbete - Norr<\/title>\n<meta name=\"description\" content=\"V\u00e5rt uppdrag \u00e4r att ge goda f\u00f6ruts\u00e4ttningar f\u00f6r studier\/aktiviteter inom facklig och politisk verksamhet. L\u00e4s mer och ta kontakt med oss!\" \/>\n<meta name=\"robots\" content=\"index, follow, max-snippet:-1, max-image-preview:large, max-video-preview:-1\" \/>\n<link rel=\"canonical\" href=\"https:\/\/www.abf.se\/norr\/om-oss\/abf-norrs-fackligt-politiska-arbete\/\" \/>\n<meta property=\"og:locale\" content=\"sv_SE\" \/>\n<meta property=\"og:type\" content=\"article\" \/>\n<meta property=\"og:title\" content=\"ABF Norrs fackligt-politiska arbete - Norr\" \/>\n<meta property=\"og:description\" content=\"V\u00e5rt uppdrag \u00e4r att ge goda f\u00f6ruts\u00e4ttningar f\u00f6r studier\/aktiviteter inom facklig och politisk verksamhet. L\u00e4s mer och ta kontakt med oss!\" \/>\n<meta property=\"og:url\" content=\"https:\/\/www.abf.se\/norr\/om-oss\/abf-norrs-fackligt-politiska-arbete\/\" \/>\n<meta property=\"og:site_name\" content=\"Norr\" \/>\n<meta property=\"article:modified_time\" content=\"2025-01-23T14:09:32+00:00\" \/>\n<meta property=\"og:image\" content=\"https:\/\/www.abf.se\/wp-content\/uploads\/sites\/37\/2024\/03\/5-1.png\" \/>\n\t<meta property=\"og:image:width\" content=\"682\" \/>\n\t<meta property=\"og:image:height\" content=\"601\" \/>\n\t<meta property=\"og:image:type\" content=\"image\/png\" \/>\n<meta name=\"twitter:card\" content=\"summary_large_image\" \/>\n<script type=\"application\/ld+json\" class=\"yoast-schema-graph\">{\"@context\":\"https:\/\/schema.org\",\"@graph\":[{\"@type\":\"WebPage\",\"@id\":\"https:\/\/www.abf.se\/norr\/om-oss\/abf-norrs-fackligt-politiska-arbete\/\",\"url\":\"https:\/\/www.abf.se\/norr\/om-oss\/abf-norrs-fackligt-politiska-arbete\/\",\"name\":\"ABF Norrs fackligt-politiska arbete - Norr\",\"isPartOf\":{\"@id\":\"https:\/\/www.abf.se\/norr\/#website\"},\"datePublished\":\"2024-03-12T09:29:39+00:00\",\"dateModified\":\"2025-01-23T14:09:32+00:00\",\"description\":\"V\u00e5rt uppdrag \u00e4r att ge goda f\u00f6ruts\u00e4ttningar f\u00f6r studier\/aktiviteter inom facklig och politisk verksamhet. L\u00e4s mer och ta kontakt med oss!\",\"breadcrumb\":{\"@id\":\"https:\/\/www.abf.se\/norr\/om-oss\/abf-norrs-fackligt-politiska-arbete\/#breadcrumb\"},\"inLanguage\":\"sv-SE\",\"potentialAction\":[{\"@type\":\"ReadAction\",\"target\":[\"https:\/\/www.abf.se\/norr\/om-oss\/abf-norrs-fackligt-politiska-arbete\/\"]}]},{\"@type\":\"BreadcrumbList\",\"@id\":\"https:\/\/www.abf.se\/norr\/om-oss\/abf-norrs-fackligt-politiska-arbete\/#breadcrumb\",\"itemListElement\":[{\"@type\":\"ListItem\",\"position\":1,\"name\":\"Home\",\"item\":\"https:\/\/www.abf.se\/norr\/\"},{\"@type\":\"ListItem\",\"position\":2,\"name\":\"Om oss\",\"item\":\"https:\/\/www.abf.se\/norr\/om-oss\/\"},{\"@type\":\"ListItem\",\"position\":3,\"name\":\"ABF Norrs fackligt-politiska arbete\"}]},{\"@type\":\"WebSite\",\"@id\":\"https:\/\/www.abf.se\/norr\/#website\",\"url\":\"https:\/\/www.abf.se\/norr\/\",\"name\":\"Norr\",\"description\":\"\",\"potentialAction\":[{\"@type\":\"SearchAction\",\"target\":{\"@type\":\"EntryPoint\",\"urlTemplate\":\"https:\/\/www.abf.se\/norr\/?s={search_term_string}\"},\"query-input\":{\"@type\":\"PropertyValueSpecification\",\"valueRequired\":true,\"valueName\":\"search_term_string\"}}],\"inLanguage\":\"sv-SE\"}]}<\/script>\n<!-- \/ Yoast SEO plugin. -->","yoast_head_json":{"title":"ABF Norrs fackligt-politiska arbete - Norr","description":"V\u00e5rt uppdrag \u00e4r att ge goda f\u00f6ruts\u00e4ttningar f\u00f6r studier\/aktiviteter inom facklig och politisk verksamhet. L\u00e4s mer och ta kontakt med oss!","robots":{"index":"index","follow":"follow","max-snippet":"max-snippet:-1","max-image-preview":"max-image-preview:large","max-video-preview":"max-video-preview:-1"},"canonical":"https:\/\/www.abf.se\/norr\/om-oss\/abf-norrs-fackligt-politiska-arbete\/","og_locale":"sv_SE","og_type":"article","og_title":"ABF Norrs fackligt-politiska arbete - Norr","og_description":"V\u00e5rt uppdrag \u00e4r att ge goda f\u00f6ruts\u00e4ttningar f\u00f6r studier\/aktiviteter inom facklig och politisk verksamhet. L\u00e4s mer och ta kontakt med oss!","og_url":"https:\/\/www.abf.se\/norr\/om-oss\/abf-norrs-fackligt-politiska-arbete\/","og_site_name":"Norr","article_modified_time":"2025-01-23T14:09:32+00:00","og_image":[{"width":682,"height":601,"url":"https:\/\/www.abf.se\/wp-content\/uploads\/sites\/37\/2024\/03\/5-1.png","type":"image\/png"}],"twitter_card":"summary_large_image","schema":{"@context":"https:\/\/schema.org","@graph":[{"@type":"WebPage","@id":"https:\/\/www.abf.se\/norr\/om-oss\/abf-norrs-fackligt-politiska-arbete\/","url":"https:\/\/www.abf.se\/norr\/om-oss\/abf-norrs-fackligt-politiska-arbete\/","name":"ABF Norrs fackligt-politiska arbete - Norr","isPartOf":{"@id":"https:\/\/www.abf.se\/norr\/#website"},"datePublished":"2024-03-12T09:29:39+00:00","dateModified":"2025-01-23T14:09:32+00:00","description":"V\u00e5rt uppdrag \u00e4r att ge goda f\u00f6ruts\u00e4ttningar f\u00f6r studier\/aktiviteter inom facklig och politisk verksamhet. L\u00e4s mer och ta kontakt med oss!","breadcrumb":{"@id":"https:\/\/www.abf.se\/norr\/om-oss\/abf-norrs-fackligt-politiska-arbete\/#breadcrumb"},"inLanguage":"sv-SE","potentialAction":[{"@type":"ReadAction","target":["https:\/\/www.abf.se\/norr\/om-oss\/abf-norrs-fackligt-politiska-arbete\/"]}]},{"@type":"BreadcrumbList","@id":"https:\/\/www.abf.se\/norr\/om-oss\/abf-norrs-fackligt-politiska-arbete\/#breadcrumb","itemListElement":[{"@type":"ListItem","position":1,"name":"Home","item":"https:\/\/www.abf.se\/norr\/"},{"@type":"ListItem","position":2,"name":"Om oss","item":"https:\/\/www.abf.se\/norr\/om-oss\/"},{"@type":"ListItem","position":3,"name":"ABF Norrs fackligt-politiska arbete"}]},{"@type":"WebSite","@id":"https:\/\/www.abf.se\/norr\/#website","url":"https:\/\/www.abf.se\/norr\/","name":"Norr","description":"","potentialAction":[{"@type":"SearchAction","target":{"@type":"EntryPoint","urlTemplate":"https:\/\/www.abf.se\/norr\/?s={search_term_string}"},"query-input":{"@type":"PropertyValueSpecification","valueRequired":true,"valueName":"search_term_string"}}],"inLanguage":"sv-SE"}]}},"_links":{"self":[{"href":"https:\/\/www.abf.se\/norr\/wp-json\/wp\/v2\/pages\/292","targetHints":{"allow":["GET"]}}],"collection":[{"href":"https:\/\/www.abf.se\/norr\/wp-json\/wp\/v2\/pages"}],"about":[{"href":"https:\/\/www.abf.se\/norr\/wp-json\/wp\/v2\/types\/page"}],"author":[{"embeddable":true,"href":"https:\/\/www.abf.se\/norr\/wp-json\/wp\/v2\/users\/27"}],"replies":[{"embeddable":true,"href":"https:\/\/www.abf.se\/norr\/wp-json\/wp\/v2\/comments?post=292"}],"version-history":[{"count":39,"href":"https:\/\/www.abf.se\/norr\/wp-json\/wp\/v2\/pages\/292\/revisions"}],"predecessor-version":[{"id":1667,"href":"https:\/\/www.abf.se\/norr\/wp-json\/wp\/v2\/pages\/292\/revisions\/1667"}],"up":[{"embeddable":true,"href":"https:\/\/www.abf.se\/norr\/wp-json\/wp\/v2\/pages\/112"}],"wp:attachment":[{"href":"https:\/\/www.abf.se\/norr\/wp-json\/wp\/v2\/media?parent=292"}],"curies":[{"name":"wp","href":"https:\/\/api.w.org\/{rel}","templated":true}]}}