{"id":403,"date":"2024-03-12T15:06:58","date_gmt":"2024-03-12T14:06:58","guid":{"rendered":"https:\/\/www.abf.se\/norr\/?page_id=403"},"modified":"2024-04-24T09:57:00","modified_gmt":"2024-04-24T07:57:00","slug":"verktyg-att-halla-digital-folkbildning","status":"publish","type":"page","link":"https:\/\/www.abf.se\/norr\/cirkelledare\/digital-folkbildning\/verktyg-att-halla-digital-folkbildning\/","title":{"rendered":"Verktyg att h\u00e5lla digital folkbildning"},"content":{"rendered":"<div\n    class=\"acf-section-breaker-text my-8 container-lg\"\n    data-block=\"section-breaker-text\"\n>\n    <div class=\"round-corners-lg overflow-hidden pt-36 pb-8 px-5 md:p-16 relative grid grid-cols-1 md:grid-cols-2 lg:grid-cols-5 grid-flow-col-dense\">\n\n            <picture class=\"as-background-image\"><img decoding=\"async\" src=\"https:\/\/www.abf.se\/norr\/resized\/?url=https%3A%2F%2Fwww.abf.se%2Fwp-content%2Fuploads%2Fsites%2F37%2F2024%2F03%2F3.png&#038;fit=crop&#038;w=1440&#038;s=df5b38d3f2c85a18280b55f53e646e5b\" srcset=\"https:\/\/www.abf.se\/norr\/resized\/?url=https%3A%2F%2Fwww.abf.se%2Fwp-content%2Fuploads%2Fsites%2F37%2F2024%2F03%2F3.png&#038;fit=crop&#038;w=375&#038;h=540&#038;s=1a5b2d9695b40984553a1936cdf809f1 375w, https:\/\/www.abf.se\/norr\/resized\/?url=https%3A%2F%2Fwww.abf.se%2Fwp-content%2Fuploads%2Fsites%2F37%2F2024%2F03%2F3.png&#038;fit=crop&#038;w=499&#038;h=540&#038;s=87903ec5cdfa38ed1e4f0327c6663ac1 499w, https:\/\/www.abf.se\/norr\/resized\/?url=https%3A%2F%2Fwww.abf.se%2Fwp-content%2Fuploads%2Fsites%2F37%2F2024%2F03%2F3.png&#038;fit=crop&#038;w=623&#038;h=540&#038;s=9d74bf423aae116f3f922137b1af9b33 623w, https:\/\/www.abf.se\/norr\/resized\/?url=https%3A%2F%2Fwww.abf.se%2Fwp-content%2Fuploads%2Fsites%2F37%2F2024%2F03%2F3.png&#038;fit=crop&#038;w=747&#038;h=540&#038;s=82d1a69594d7ae29d6c4328a7445fd1b 747w, https:\/\/www.abf.se\/norr\/resized\/?url=https%3A%2F%2Fwww.abf.se%2Fwp-content%2Fuploads%2Fsites%2F37%2F2024%2F03%2F3.png&#038;fit=crop&#038;w=750&#038;h=540&#038;s=adcb60e647097a14a361cf69bb917886 750w, https:\/\/www.abf.se\/norr\/resized\/?url=https%3A%2F%2Fwww.abf.se%2Fwp-content%2Fuploads%2Fsites%2F37%2F2024%2F03%2F3.png&#038;fit=crop&#038;w=871&#038;h=540&#038;s=bcdc21cea128541519988f48a6c51006 871w, https:\/\/www.abf.se\/norr\/resized\/?url=https%3A%2F%2Fwww.abf.se%2Fwp-content%2Fuploads%2Fsites%2F37%2F2024%2F03%2F3.png&#038;fit=crop&#038;w=995&#038;h=540&#038;s=e49284d94135448409510510bc06e876 995w, https:\/\/www.abf.se\/norr\/resized\/?url=https%3A%2F%2Fwww.abf.se%2Fwp-content%2Fuploads%2Fsites%2F37%2F2024%2F03%2F3.png&#038;fit=crop&#038;w=998&#038;h=540&#038;s=6f4d505e491db692396885f4b48c3d5a 998w, https:\/\/www.abf.se\/norr\/resized\/?url=https%3A%2F%2Fwww.abf.se%2Fwp-content%2Fuploads%2Fsites%2F37%2F2024%2F03%2F3.png&#038;fit=crop&#038;w=1119&#038;h=540&#038;s=9fa06a714169f3f9ca1fd6077e1b611a 1119w, https:\/\/www.abf.se\/norr\/resized\/?url=https%3A%2F%2Fwww.abf.se%2Fwp-content%2Fuploads%2Fsites%2F37%2F2024%2F03%2F3.png&#038;fit=crop&#038;w=1243&#038;h=540&#038;s=266335950f5791afeb159d8d4b35a054 1243w, https:\/\/www.abf.se\/norr\/resized\/?url=https%3A%2F%2Fwww.abf.se%2Fwp-content%2Fuploads%2Fsites%2F37%2F2024%2F03%2F3.png&#038;fit=crop&#038;w=1246&#038;h=540&#038;s=1cee33b0d2873a38fe635763ad6c589c 1246w, https:\/\/www.abf.se\/norr\/resized\/?url=https%3A%2F%2Fwww.abf.se%2Fwp-content%2Fuploads%2Fsites%2F37%2F2024%2F03%2F3.png&#038;fit=crop&#038;w=1367&#038;h=540&#038;s=9c7feebdc6d8bbe8b311c733dd19e4c2 1367w, https:\/\/www.abf.se\/norr\/resized\/?url=https%3A%2F%2Fwww.abf.se%2Fwp-content%2Fuploads%2Fsites%2F37%2F2024%2F03%2F3.png&#038;fit=crop&#038;w=1440&#038;h=540&#038;s=6d459fdda6efb2ce07f206d4b943b4cf 1440w, https:\/\/www.abf.se\/norr\/resized\/?url=https%3A%2F%2Fwww.abf.se%2Fwp-content%2Fuploads%2Fsites%2F37%2F2024%2F03%2F3.png&#038;fit=crop&#038;w=1494&#038;h=540&#038;s=e18cc11abc4260d948c557bd6c75f6b3 1494w, https:\/\/www.abf.se\/norr\/resized\/?url=https%3A%2F%2Fwww.abf.se%2Fwp-content%2Fuploads%2Fsites%2F37%2F2024%2F03%2F3.png&#038;fit=crop&#038;w=1742&#038;h=540&#038;s=c5d24847495d3f3f5b269f122e94c3b4 1742w, https:\/\/www.abf.se\/norr\/resized\/?url=https%3A%2F%2Fwww.abf.se%2Fwp-content%2Fuploads%2Fsites%2F37%2F2024%2F03%2F3.png&#038;fit=crop&#038;w=1990&#038;h=540&#038;s=101ba2d3f2802a153687b1719d40a94b 1990w, https:\/\/www.abf.se\/norr\/resized\/?url=https%3A%2F%2Fwww.abf.se%2Fwp-content%2Fuploads%2Fsites%2F37%2F2024%2F03%2F3.png&#038;fit=crop&#038;w=2238&#038;h=540&#038;s=07de90888810b881ea6ed76ee9aace93 2238w, https:\/\/www.abf.se\/norr\/resized\/?url=https%3A%2F%2Fwww.abf.se%2Fwp-content%2Fuploads%2Fsites%2F37%2F2024%2F03%2F3.png&#038;fit=crop&#038;w=2486&#038;h=540&#038;s=5f893f4999c0633844a10add2a701686 2486w, https:\/\/www.abf.se\/norr\/resized\/?url=https%3A%2F%2Fwww.abf.se%2Fwp-content%2Fuploads%2Fsites%2F37%2F2024%2F03%2F3.png&#038;fit=crop&#038;w=2734&#038;h=540&#038;s=644cb2c6063e09af67bb259b55a45563 2734w\" alt=\"\" height=\"540\" width=\"1440\" sizes=\"auto, \n            (max-width: 1440px) calc(100vw - 32px), 1440px\" loading=\"lazy\" fetchpriority=\"low\" aria-hidden=\"true\" role=\"presentation\" \/><\/picture>\n                <div class=\"bg-white round-corners-sm px-10 py-11 col-span-1  relative z-10 col-start-4 col-end-[-1]\">\n            <h2 class=\"heading-lg mb-4\">Verktyg att h\u00e5lla digital folkbildning<\/h2>\n            <div style=\"font-size: 1.25rem; color: black;\" class=\"body-xl wysiwyg\"><p>V\u00e4lj ett verktyg som du \u00e4r bekv\u00e4m med och som andra har eller kan f\u00e5 tillg\u00e5ng till. Om deltagarna beh\u00f6ver ladda ner en app f\u00f6re, meddela det i god tid. Testa appens funktioner innan tr\u00e4ffen, se till att ljud och bild fungerar. <\/p>\n<p>Anv\u00e4nd dator, mobiltelefon eller surfplatta. Om du anv\u00e4nder mobiltelefon kan det vara till hj\u00e4lp att s\u00e4tta fast den i en tripod\/stativ, d\u00e5 kan du som cirkelledare r\u00f6ra dig i rummet som vanligt. <\/p>\n<\/div>\n                    \n        <\/div>\n    <\/div>\n<\/div>\n<div class=\"container-lg mb-6\">\n    <div class=\"md:pl-6 flex flex-row gap-1 items-center mt-6 body-m flex-wrap gap-y-2\">\n<span class=\"flex flex-row gap items-center gap-x-1\">\n         <a class=\"label-sm md:label-md text-red-dark font-[350] underline\" href=\"https:\/\/www.abf.se\/norr\/\"\n        >\n        Hem\n    <\/a>\n\n<\/span>\n<span class=\"flex flex-row gap items-center gap-x-1\">\n         <svg width=\"14\" height=\"15\" viewBox=\"0 0 14 15\" fill=\"none\" xmlns=\"http:\/\/www.w3.org\/2000\/svg\">\n<g id=\"fi:arrow-up\">\n<path id=\"Vector\" d=\"M5.01823 3.41669L9.10156 7.50002L5.01823 11.5834\" stroke=\"#909090\"\/>\n<\/g>\n<\/svg>\n\n        <a class=\"label-sm md:label-md text-red-dark font-[350] underline\" href=\"https:\/\/www.abf.se\/norr\/cirkelledare\/\"\n        >\n        Cirkelledare\n    <\/a>\n\n<\/span>\n<span class=\"flex flex-row gap items-center gap-x-1\">\n         <svg width=\"14\" height=\"15\" viewBox=\"0 0 14 15\" fill=\"none\" xmlns=\"http:\/\/www.w3.org\/2000\/svg\">\n<g id=\"fi:arrow-up\">\n<path id=\"Vector\" d=\"M5.01823 3.41669L9.10156 7.50002L5.01823 11.5834\" stroke=\"#909090\"\/>\n<\/g>\n<\/svg>\n\n        <a class=\"label-sm md:label-md text-red-dark font-[350] underline\" href=\"https:\/\/www.abf.se\/norr\/cirkelledare\/digital-folkbildning\/\"\n        >\n        Digital folkbildning\n    <\/a>\n\n<\/span>\n<span class=\"flex flex-row gap items-center gap-x-1\">\n         <svg width=\"14\" height=\"15\" viewBox=\"0 0 14 15\" fill=\"none\" xmlns=\"http:\/\/www.w3.org\/2000\/svg\">\n<g id=\"fi:arrow-up\">\n<path id=\"Vector\" d=\"M5.01823 3.41669L9.10156 7.50002L5.01823 11.5834\" stroke=\"#909090\"\/>\n<\/g>\n<\/svg>\n\n        <a class=\"label-sm md:label-md text-red-dark font-[350] font-medium\" href=\"\"\n         aria-current=\"page\" >\n        Verktyg att h\u00e5lla digital folkbildning\n    <\/a>\n\n<\/span>\n<\/div><\/div>\n<div\n    class=\"acf-article-text-block article-container my-12\"\n    data-block=\"article-text-block\"\n>\n    <div class=\"wysiwyg\">\n        <h2><span data-contrast=\"auto\">N\u00e5gra digitala verktyg \u00e4r:<\/span><span data-ccp-props=\"{&quot;201341983&quot;:0,&quot;335559739&quot;:160,&quot;335559740&quot;:259}\">\u00a0<\/span><\/h2>\n<ul>\n<li><span data-contrast=\"auto\"><a href=\"https:\/\/teams.microsoft.com\/\">Microsoft Teams<\/a>:\u00a0Programvara\/app, video\/samtal, sk\u00e4rmdelning, chattfunktion, dokumentdelning. F\u00f6r dig som har ett arbetskonto, med t.ex. en ABF-mail.<\/span><\/li>\n<li><span data-contrast=\"auto\"><a href=\"https:\/\/www.skype.com\/sv\/\">Skype<\/a>:\u00a0Programvara\/app, video\/samtal, sk\u00e4rmdelning, chattfunktion, dokumentdelning.\u00a0Gratis och enkel att genomf\u00f6ra studiecirklar med!\n<p><\/span><\/li>\n<li><span data-contrast=\"auto\"><a href=\"https:\/\/zoom.us\/\">Zoom.us<\/a>: Programvara\/app, video\/samtal, sk\u00e4rmdelning, chattfunktion, dokumentdelning. Anv\u00e4nds flitigt f\u00f6r webinars.\n<p><\/span><\/li>\n<li><span data-contrast=\"auto\"><a href=\"https:\/\/workspace.google.com\/products\/meet\/\">Google Meet\/Hangout<\/a>: Webbaserat, video\/samtal, sk\u00e4rmdelning, chattfunktion, dokumentdelning.\n<p><\/span><\/li>\n<li><span data-contrast=\"auto\">Datorn\/telefonens inbyggda videosamtal: Du kan ocks\u00e5 anv\u00e4nda det som redan finns, ett exempel \u00e4r appen FaceTime (i Mac och iPhone).\n<p><\/span><\/li>\n<li><span data-contrast=\"auto\">Facebook: Ofta sker h\u00e4r en kombination av en privat grupp, lives\u00e4ndningar och Messenger (gruppvideo och gruppchattar).\n<p><\/span><\/li>\n<li><span data-contrast=\"auto\"><a href=\"https:\/\/www.goto.com\/meeting?utm_source=joinme.com&amp;utm_medium=referral&amp;utm_campaign=jm_eos_2022&amp;campaignid=7014P000001vnMyQAI\">GoTo<\/a>: Sk\u00e4rmdelning, onlinem\u00f6ten, gruppchatt. Webbl\u00e4sare eller app.\n<p><\/span><\/li>\n<li><span data-contrast=\"auto\"><a href=\"https:\/\/www.voteit.se\/\">Vote.it<\/a>: System f\u00f6r att kunna h\u00e5lla \u00e5rsm\u00f6ten.\n<p><\/span><\/li>\n<li><span data-contrast=\"auto\"><a href=\"https:\/\/www.mentimeter.com\/how-to\">Mentimeter<\/a>: Skapa interaktivitet med deltagarna, vid sidan av presentationen. Med mentimeter kan du skapa r\u00f6stningar, be deltagarna skriva ord m.m.\n<p><\/span><\/li>\n<li><span data-contrast=\"auto\"><a href=\"https:\/\/trello.com\/\">Trello<\/a>: App och organiseringsverktyg f\u00f6r grupparbeten.\n<p><\/span><\/li>\n<li><span data-contrast=\"auto\"><a href=\"https:\/\/slack.com\/lp\/three?utm_medium=ppc&amp;utm_source=google&amp;utm_campaign=d_ppc_google_northern-europe_en_brand-hv&amp;utm_term=slack&amp;ds_rl=1249094&amp;gclid=Cj0KCQjw09HzBRDrARIsAG60GP-6lOlrq7Tjuzw8AD33Z2EUBXEuQ29tJA0q2Iwle9exuw9_cXZEVOYaAsENEALw_wcB&amp;gclsrc=aw.ds&amp;eu_nc=1\">Slack<\/a>: Molnbaserat verktyg f\u00f6r grupparbete, med t.ex. gruppchatt.<\/span><br \/>\n<span data-contrast=\"auto\">OBS: Fri programvara f\u00f6r videoinspelning och direkts\u00e4ndning, d\u00e4r ledaren kan streama sin sk\u00e4rm.<\/span><span data-ccp-props=\"{&quot;201341983&quot;:0,&quot;335559739&quot;:160,&quot;335559740&quot;:259}\">\u00a0<\/span><\/li>\n<\/ul>\n\n    <\/div>\n<\/div>\n<div\n    class=\"acf-article-facts-block article-container  my-8 \"\n    data-block=\"article-facts-block\"\n>\n<div class=\"bg-teal-light border border-teal p-8 rounded-corners-sm\">\n<header>\n        <h2 class=\"heading-md text-teal-dark mb-3\">\n            Om du vill komma ig\u00e5ng snabbt?\n        <\/h2>\n    <\/header>\n    <div class=\"wysiwyg\">\n        <p><span data-contrast=\"auto\">G\u00f6r gruppvideosamtal i Skype eller Facebook Messenger. <\/span><\/p>\n\n    <\/div>\n<\/div>\n\n<\/div>\n<div\n    class=\"acf-article-facts-block article-container  my-8 \"\n    data-block=\"article-facts-block\"\n>\n<div class=\"bg-teal-light border border-teal p-8 rounded-corners-sm\">\n<header>\n        <h2 class=\"heading-md text-teal-dark mb-3\">\n            Vill du veta mer om hur de olika verktygen fungerar?\u00a0\n        <\/h2>\n    <\/header>\n    <div class=\"wysiwyg\">\n        <p><span data-contrast=\"auto\">P\u00e5 n\u00e4tet finns m\u00e5nga olika guider och lathundar f\u00f6r de flesta verktyg och plattformar. Om du i Googles s\u00f6kf\u00e4lt skriver t.ex. &#8221;Zoom + hur funkar det&#8221; eller &#8221;Zoom + tutorial&#8221; f\u00e5r du ta del av bilder, text och\/eller video f\u00f6r hur du anv\u00e4nder just Zoom. P\u00e5 samma s\u00e4tt finns guider f\u00f6r Teams, Meet, Skype m.fl.<\/span><span data-ccp-props=\"{&quot;201341983&quot;:0,&quot;335559739&quot;:160,&quot;335559740&quot;:259}\">\u00a0<\/span><\/p>\n\n    <\/div>\n<\/div>\n\n<\/div>\n","protected":false},"excerpt":{"rendered":"","protected":false},"author":27,"featured_media":0,"parent":288,"menu_order":0,"comment_status":"closed","ping_status":"closed","template":"","meta":{"_acf_changed":false,"footnotes":""},"class_list":["post-403","page","type-page","status-publish","hentry"],"acf":[],"yoast_head":"<!-- This site is optimized with the Yoast SEO plugin v27.0 - https:\/\/yoast.com\/product\/yoast-seo-wordpress\/ -->\n<title>Verktyg att h\u00e5lla digital folkbildning - Norr<\/title>\n<meta name=\"robots\" content=\"index, follow, max-snippet:-1, max-image-preview:large, max-video-preview:-1\" \/>\n<link rel=\"canonical\" href=\"https:\/\/www.abf.se\/norr\/cirkelledare\/digital-folkbildning\/verktyg-att-halla-digital-folkbildning\/\" \/>\n<meta property=\"og:locale\" content=\"sv_SE\" \/>\n<meta property=\"og:type\" content=\"article\" \/>\n<meta property=\"og:title\" content=\"Verktyg att h\u00e5lla digital folkbildning - Norr\" \/>\n<meta property=\"og:url\" content=\"https:\/\/www.abf.se\/norr\/cirkelledare\/digital-folkbildning\/verktyg-att-halla-digital-folkbildning\/\" \/>\n<meta property=\"og:site_name\" content=\"Norr\" \/>\n<meta property=\"article:modified_time\" content=\"2024-04-24T07:57:00+00:00\" \/>\n<meta property=\"og:image\" content=\"https:\/\/www.abf.se\/wp-content\/uploads\/sites\/37\/2024\/03\/5-1.png\" \/>\n\t<meta property=\"og:image:width\" content=\"682\" \/>\n\t<meta property=\"og:image:height\" content=\"601\" \/>\n\t<meta property=\"og:image:type\" content=\"image\/png\" \/>\n<meta name=\"twitter:card\" content=\"summary_large_image\" \/>\n<script type=\"application\/ld+json\" class=\"yoast-schema-graph\">{\"@context\":\"https:\/\/schema.org\",\"@graph\":[{\"@type\":\"WebPage\",\"@id\":\"https:\/\/www.abf.se\/norr\/cirkelledare\/digital-folkbildning\/verktyg-att-halla-digital-folkbildning\/\",\"url\":\"https:\/\/www.abf.se\/norr\/cirkelledare\/digital-folkbildning\/verktyg-att-halla-digital-folkbildning\/\",\"name\":\"Verktyg att h\u00e5lla digital folkbildning - Norr\",\"isPartOf\":{\"@id\":\"https:\/\/www.abf.se\/norr\/#website\"},\"datePublished\":\"2024-03-12T14:06:58+00:00\",\"dateModified\":\"2024-04-24T07:57:00+00:00\",\"breadcrumb\":{\"@id\":\"https:\/\/www.abf.se\/norr\/cirkelledare\/digital-folkbildning\/verktyg-att-halla-digital-folkbildning\/#breadcrumb\"},\"inLanguage\":\"sv-SE\",\"potentialAction\":[{\"@type\":\"ReadAction\",\"target\":[\"https:\/\/www.abf.se\/norr\/cirkelledare\/digital-folkbildning\/verktyg-att-halla-digital-folkbildning\/\"]}]},{\"@type\":\"BreadcrumbList\",\"@id\":\"https:\/\/www.abf.se\/norr\/cirkelledare\/digital-folkbildning\/verktyg-att-halla-digital-folkbildning\/#breadcrumb\",\"itemListElement\":[{\"@type\":\"ListItem\",\"position\":1,\"name\":\"Home\",\"item\":\"https:\/\/www.abf.se\/norr\/\"},{\"@type\":\"ListItem\",\"position\":2,\"name\":\"Cirkelledare\",\"item\":\"https:\/\/www.abf.se\/norr\/cirkelledare\/\"},{\"@type\":\"ListItem\",\"position\":3,\"name\":\"Digital folkbildning\",\"item\":\"https:\/\/www.abf.se\/norr\/cirkelledare\/digital-folkbildning\/\"},{\"@type\":\"ListItem\",\"position\":4,\"name\":\"Verktyg att h\u00e5lla digital folkbildning\"}]},{\"@type\":\"WebSite\",\"@id\":\"https:\/\/www.abf.se\/norr\/#website\",\"url\":\"https:\/\/www.abf.se\/norr\/\",\"name\":\"Norr\",\"description\":\"\",\"potentialAction\":[{\"@type\":\"SearchAction\",\"target\":{\"@type\":\"EntryPoint\",\"urlTemplate\":\"https:\/\/www.abf.se\/norr\/?s={search_term_string}\"},\"query-input\":{\"@type\":\"PropertyValueSpecification\",\"valueRequired\":true,\"valueName\":\"search_term_string\"}}],\"inLanguage\":\"sv-SE\"}]}<\/script>\n<!-- \/ Yoast SEO plugin. -->","yoast_head_json":{"title":"Verktyg att h\u00e5lla digital folkbildning - Norr","robots":{"index":"index","follow":"follow","max-snippet":"max-snippet:-1","max-image-preview":"max-image-preview:large","max-video-preview":"max-video-preview:-1"},"canonical":"https:\/\/www.abf.se\/norr\/cirkelledare\/digital-folkbildning\/verktyg-att-halla-digital-folkbildning\/","og_locale":"sv_SE","og_type":"article","og_title":"Verktyg att h\u00e5lla digital folkbildning - Norr","og_url":"https:\/\/www.abf.se\/norr\/cirkelledare\/digital-folkbildning\/verktyg-att-halla-digital-folkbildning\/","og_site_name":"Norr","article_modified_time":"2024-04-24T07:57:00+00:00","og_image":[{"width":682,"height":601,"url":"https:\/\/www.abf.se\/wp-content\/uploads\/sites\/37\/2024\/03\/5-1.png","type":"image\/png"}],"twitter_card":"summary_large_image","schema":{"@context":"https:\/\/schema.org","@graph":[{"@type":"WebPage","@id":"https:\/\/www.abf.se\/norr\/cirkelledare\/digital-folkbildning\/verktyg-att-halla-digital-folkbildning\/","url":"https:\/\/www.abf.se\/norr\/cirkelledare\/digital-folkbildning\/verktyg-att-halla-digital-folkbildning\/","name":"Verktyg att h\u00e5lla digital folkbildning - Norr","isPartOf":{"@id":"https:\/\/www.abf.se\/norr\/#website"},"datePublished":"2024-03-12T14:06:58+00:00","dateModified":"2024-04-24T07:57:00+00:00","breadcrumb":{"@id":"https:\/\/www.abf.se\/norr\/cirkelledare\/digital-folkbildning\/verktyg-att-halla-digital-folkbildning\/#breadcrumb"},"inLanguage":"sv-SE","potentialAction":[{"@type":"ReadAction","target":["https:\/\/www.abf.se\/norr\/cirkelledare\/digital-folkbildning\/verktyg-att-halla-digital-folkbildning\/"]}]},{"@type":"BreadcrumbList","@id":"https:\/\/www.abf.se\/norr\/cirkelledare\/digital-folkbildning\/verktyg-att-halla-digital-folkbildning\/#breadcrumb","itemListElement":[{"@type":"ListItem","position":1,"name":"Home","item":"https:\/\/www.abf.se\/norr\/"},{"@type":"ListItem","position":2,"name":"Cirkelledare","item":"https:\/\/www.abf.se\/norr\/cirkelledare\/"},{"@type":"ListItem","position":3,"name":"Digital folkbildning","item":"https:\/\/www.abf.se\/norr\/cirkelledare\/digital-folkbildning\/"},{"@type":"ListItem","position":4,"name":"Verktyg att h\u00e5lla digital folkbildning"}]},{"@type":"WebSite","@id":"https:\/\/www.abf.se\/norr\/#website","url":"https:\/\/www.abf.se\/norr\/","name":"Norr","description":"","potentialAction":[{"@type":"SearchAction","target":{"@type":"EntryPoint","urlTemplate":"https:\/\/www.abf.se\/norr\/?s={search_term_string}"},"query-input":{"@type":"PropertyValueSpecification","valueRequired":true,"valueName":"search_term_string"}}],"inLanguage":"sv-SE"}]}},"_links":{"self":[{"href":"https:\/\/www.abf.se\/norr\/wp-json\/wp\/v2\/pages\/403","targetHints":{"allow":["GET"]}}],"collection":[{"href":"https:\/\/www.abf.se\/norr\/wp-json\/wp\/v2\/pages"}],"about":[{"href":"https:\/\/www.abf.se\/norr\/wp-json\/wp\/v2\/types\/page"}],"author":[{"embeddable":true,"href":"https:\/\/www.abf.se\/norr\/wp-json\/wp\/v2\/users\/27"}],"replies":[{"embeddable":true,"href":"https:\/\/www.abf.se\/norr\/wp-json\/wp\/v2\/comments?post=403"}],"version-history":[{"count":3,"href":"https:\/\/www.abf.se\/norr\/wp-json\/wp\/v2\/pages\/403\/revisions"}],"predecessor-version":[{"id":754,"href":"https:\/\/www.abf.se\/norr\/wp-json\/wp\/v2\/pages\/403\/revisions\/754"}],"up":[{"embeddable":true,"href":"https:\/\/www.abf.se\/norr\/wp-json\/wp\/v2\/pages\/288"}],"wp:attachment":[{"href":"https:\/\/www.abf.se\/norr\/wp-json\/wp\/v2\/media?parent=403"}],"curies":[{"name":"wp","href":"https:\/\/api.w.org\/{rel}","templated":true}]}}