{"id":411,"date":"2024-03-12T15:16:49","date_gmt":"2024-03-12T14:16:49","guid":{"rendered":"https:\/\/www.abf.se\/norr\/?page_id=411"},"modified":"2024-04-24T09:56:37","modified_gmt":"2024-04-24T07:56:37","slug":"digital-studiecirkel","status":"publish","type":"page","link":"https:\/\/www.abf.se\/norr\/cirkelledare\/digital-folkbildning\/digital-studiecirkel\/","title":{"rendered":"Digital studiecirkel"},"content":{"rendered":"<div\n    class=\"acf-section-breaker-text my-8 container-lg\"\n    data-block=\"section-breaker-text\"\n>\n    <div class=\"round-corners-lg overflow-hidden pt-36 pb-8 px-5 md:p-16 relative grid grid-cols-1 md:grid-cols-2 lg:grid-cols-5 grid-flow-col-dense\">\n\n            <picture class=\"as-background-image\"><img decoding=\"async\" src=\"https:\/\/www.abf.se\/norr\/resized\/?url=https%3A%2F%2Fwww.abf.se%2Fwp-content%2Fuploads%2Fsites%2F37%2F2024%2F03%2F5.png&#038;fit=crop&#038;w=1440&#038;s=2648116617701bd49b95273e2b19b6a2\" srcset=\"https:\/\/www.abf.se\/norr\/resized\/?url=https%3A%2F%2Fwww.abf.se%2Fwp-content%2Fuploads%2Fsites%2F37%2F2024%2F03%2F5.png&#038;fit=crop&#038;w=375&#038;h=540&#038;s=966aa3da6941cf845f4d7d352c2f0dc2 375w, https:\/\/www.abf.se\/norr\/resized\/?url=https%3A%2F%2Fwww.abf.se%2Fwp-content%2Fuploads%2Fsites%2F37%2F2024%2F03%2F5.png&#038;fit=crop&#038;w=499&#038;h=540&#038;s=0debdf44f69b37972b0b64ee1aa60355 499w, https:\/\/www.abf.se\/norr\/resized\/?url=https%3A%2F%2Fwww.abf.se%2Fwp-content%2Fuploads%2Fsites%2F37%2F2024%2F03%2F5.png&#038;fit=crop&#038;w=623&#038;h=540&#038;s=95a6053f1b5f0f2a0a15a74af67c08bd 623w, https:\/\/www.abf.se\/norr\/resized\/?url=https%3A%2F%2Fwww.abf.se%2Fwp-content%2Fuploads%2Fsites%2F37%2F2024%2F03%2F5.png&#038;fit=crop&#038;w=747&#038;h=540&#038;s=7d4764cb6f2fd6ff472a335fb4fde8b8 747w, https:\/\/www.abf.se\/norr\/resized\/?url=https%3A%2F%2Fwww.abf.se%2Fwp-content%2Fuploads%2Fsites%2F37%2F2024%2F03%2F5.png&#038;fit=crop&#038;w=750&#038;h=540&#038;s=ef9e5d2f5c7e41c05ef282151f0c84d7 750w, https:\/\/www.abf.se\/norr\/resized\/?url=https%3A%2F%2Fwww.abf.se%2Fwp-content%2Fuploads%2Fsites%2F37%2F2024%2F03%2F5.png&#038;fit=crop&#038;w=871&#038;h=540&#038;s=a2199c13e51ef2c7f6bb1d2993c5810f 871w, https:\/\/www.abf.se\/norr\/resized\/?url=https%3A%2F%2Fwww.abf.se%2Fwp-content%2Fuploads%2Fsites%2F37%2F2024%2F03%2F5.png&#038;fit=crop&#038;w=995&#038;h=540&#038;s=1c16e0b13a0f1aa80021afbd4768b3ac 995w, https:\/\/www.abf.se\/norr\/resized\/?url=https%3A%2F%2Fwww.abf.se%2Fwp-content%2Fuploads%2Fsites%2F37%2F2024%2F03%2F5.png&#038;fit=crop&#038;w=998&#038;h=540&#038;s=7242a9e4a2c5d6788ab10736e4b96ae3 998w, https:\/\/www.abf.se\/norr\/resized\/?url=https%3A%2F%2Fwww.abf.se%2Fwp-content%2Fuploads%2Fsites%2F37%2F2024%2F03%2F5.png&#038;fit=crop&#038;w=1119&#038;h=540&#038;s=dda40279855397156b3b4679cb89e189 1119w, https:\/\/www.abf.se\/norr\/resized\/?url=https%3A%2F%2Fwww.abf.se%2Fwp-content%2Fuploads%2Fsites%2F37%2F2024%2F03%2F5.png&#038;fit=crop&#038;w=1243&#038;h=540&#038;s=ded22ee2bd816383e11e1b0a4c8757c5 1243w, https:\/\/www.abf.se\/norr\/resized\/?url=https%3A%2F%2Fwww.abf.se%2Fwp-content%2Fuploads%2Fsites%2F37%2F2024%2F03%2F5.png&#038;fit=crop&#038;w=1246&#038;h=540&#038;s=0395f24a0eafd7a201f44c83630e626b 1246w, https:\/\/www.abf.se\/norr\/resized\/?url=https%3A%2F%2Fwww.abf.se%2Fwp-content%2Fuploads%2Fsites%2F37%2F2024%2F03%2F5.png&#038;fit=crop&#038;w=1367&#038;h=540&#038;s=b95a6da0651c7e7b9aedbdadb5270768 1367w, https:\/\/www.abf.se\/norr\/resized\/?url=https%3A%2F%2Fwww.abf.se%2Fwp-content%2Fuploads%2Fsites%2F37%2F2024%2F03%2F5.png&#038;fit=crop&#038;w=1440&#038;h=540&#038;s=7193cc90da93b0751ccc855f9437cb8f 1440w, https:\/\/www.abf.se\/norr\/resized\/?url=https%3A%2F%2Fwww.abf.se%2Fwp-content%2Fuploads%2Fsites%2F37%2F2024%2F03%2F5.png&#038;fit=crop&#038;w=1494&#038;h=540&#038;s=9372b95eb2235c0fa6a140b88c8bddc7 1494w, https:\/\/www.abf.se\/norr\/resized\/?url=https%3A%2F%2Fwww.abf.se%2Fwp-content%2Fuploads%2Fsites%2F37%2F2024%2F03%2F5.png&#038;fit=crop&#038;w=1742&#038;h=540&#038;s=cc15724ec472800a43fa143f4ee8fa4d 1742w, https:\/\/www.abf.se\/norr\/resized\/?url=https%3A%2F%2Fwww.abf.se%2Fwp-content%2Fuploads%2Fsites%2F37%2F2024%2F03%2F5.png&#038;fit=crop&#038;w=1990&#038;h=540&#038;s=02656f2f01c3e603cee60bea4655fb34 1990w, https:\/\/www.abf.se\/norr\/resized\/?url=https%3A%2F%2Fwww.abf.se%2Fwp-content%2Fuploads%2Fsites%2F37%2F2024%2F03%2F5.png&#038;fit=crop&#038;w=2238&#038;h=540&#038;s=69f8bd4e3223ea90aabd75c06f633ac7 2238w, https:\/\/www.abf.se\/norr\/resized\/?url=https%3A%2F%2Fwww.abf.se%2Fwp-content%2Fuploads%2Fsites%2F37%2F2024%2F03%2F5.png&#038;fit=crop&#038;w=2486&#038;h=540&#038;s=7bbd61eae637981420c8a0a953d39ff4 2486w, https:\/\/www.abf.se\/norr\/resized\/?url=https%3A%2F%2Fwww.abf.se%2Fwp-content%2Fuploads%2Fsites%2F37%2F2024%2F03%2F5.png&#038;fit=crop&#038;w=2734&#038;h=540&#038;s=c48e23218c2d801eddbdb3b8c169bbe1 2734w\" alt=\"\" height=\"540\" width=\"1440\" sizes=\"auto, \n            (max-width: 1440px) calc(100vw - 32px), 1440px\" loading=\"lazy\" fetchpriority=\"low\" aria-hidden=\"true\" role=\"presentation\" \/><\/picture>\n                <div class=\"bg-white round-corners-sm px-10 py-11 col-span-1  relative z-10 col-start-4 col-end-[-1]\">\n            <h2 class=\"heading-lg mb-4\">Ha en digital studiecirkel p\u00e5 distans.<\/h2>\n            <div style=\"font-size: 1.25rem; color: black;\" class=\"body-xl wysiwyg\"><p>Det g\u00e5r utm\u00e4rkt att ha era studiecirklar p\u00e5 distans! ABF Norr hj\u00e4lper er att komma ig\u00e5ng. <\/p>\n<\/div>\n                    \n        <\/div>\n    <\/div>\n<\/div>\n<div class=\"container-lg mb-6\">\n    <div class=\"md:pl-6 flex flex-row gap-1 items-center mt-6 body-m flex-wrap gap-y-2\">\n<span class=\"flex flex-row gap items-center gap-x-1\">\n         <a class=\"label-sm md:label-md text-red-dark font-[350] underline\" href=\"https:\/\/www.abf.se\/norr\/\"\n        >\n        Hem\n    <\/a>\n\n<\/span>\n<span class=\"flex flex-row gap items-center gap-x-1\">\n         <svg width=\"14\" height=\"15\" viewBox=\"0 0 14 15\" fill=\"none\" xmlns=\"http:\/\/www.w3.org\/2000\/svg\">\n<g id=\"fi:arrow-up\">\n<path id=\"Vector\" d=\"M5.01823 3.41669L9.10156 7.50002L5.01823 11.5834\" stroke=\"#909090\"\/>\n<\/g>\n<\/svg>\n\n        <a class=\"label-sm md:label-md text-red-dark font-[350] underline\" href=\"https:\/\/www.abf.se\/norr\/cirkelledare\/\"\n        >\n        Cirkelledare\n    <\/a>\n\n<\/span>\n<span class=\"flex flex-row gap items-center gap-x-1\">\n         <svg width=\"14\" height=\"15\" viewBox=\"0 0 14 15\" fill=\"none\" xmlns=\"http:\/\/www.w3.org\/2000\/svg\">\n<g id=\"fi:arrow-up\">\n<path id=\"Vector\" d=\"M5.01823 3.41669L9.10156 7.50002L5.01823 11.5834\" stroke=\"#909090\"\/>\n<\/g>\n<\/svg>\n\n        <a class=\"label-sm md:label-md text-red-dark font-[350] underline\" href=\"https:\/\/www.abf.se\/norr\/cirkelledare\/digital-folkbildning\/\"\n        >\n        Digital folkbildning\n    <\/a>\n\n<\/span>\n<span class=\"flex flex-row gap items-center gap-x-1\">\n         <svg width=\"14\" height=\"15\" viewBox=\"0 0 14 15\" fill=\"none\" xmlns=\"http:\/\/www.w3.org\/2000\/svg\">\n<g id=\"fi:arrow-up\">\n<path id=\"Vector\" d=\"M5.01823 3.41669L9.10156 7.50002L5.01823 11.5834\" stroke=\"#909090\"\/>\n<\/g>\n<\/svg>\n\n        <a class=\"label-sm md:label-md text-red-dark font-[350] font-medium\" href=\"\"\n         aria-current=\"page\" >\n        Digital studiecirkel\n    <\/a>\n\n<\/span>\n<\/div><\/div>\n<div\n    class=\"acf-article-text-block article-container my-12\"\n    data-block=\"article-text-block\"\n>\n    <div class=\"wysiwyg\">\n        <h2>Vi registrerar er befintliga eller nya studiecirkel som en distanscirkel.<\/h2>\n<h3>Deltagarna beh\u00f6ver delta samtidigt i studiecirkeln. Deltagare kan allts\u00e5 inte koppla upp sig till &#8221;studierummet&#8221; vid olika tillf\u00e4llen.<\/h3>\n<p>Skicka ett mail\/sms till deltagarna i god tid med all relevant information (pin-kod, webbl\u00e4nkar, programvara\/app samt minimikrav p\u00e5 teknisk utrustning). Skicka \u00e4ven med instruktioner och studiematerial som kan beh\u00f6vas under tr\u00e4ffen.<\/p>\n<p>Studiecirkeln kan vara en blandning av fysisk tr\u00e4ff och distans, d.v.s. du som cirkelledare kanske \u00e4r p\u00e5 plats i lokalen med 2 deltagare och har ytterligare 5 deltagare med er via videosamtal. Experimentera och testa er fram vad som passar er studiecirkel b\u00e4st!<\/p>\n<p>Cirkelledaren beh\u00f6ver involvera alla i studiearbetet. Som deltagare r\u00e4cker det inte att l\u00e4sa eller observera aktiviteterna, utan alla ska delta och l\u00e4ra sig som i en vanlig studiecirkel. I \u00f6vrigt g\u00e4ller det som alltid att ha en arbetsplan och att rapportera er studiecirkel.<\/p>\n\n    <\/div>\n<\/div>\n<div\n    class=\"acf-article-facts-block article-container  my-8 \"\n    data-block=\"article-facts-block\"\n>\n<div class=\"bg-teal-light border border-teal p-8 rounded-corners-sm\">\n<header>\n        <h2 class=\"heading-md text-teal-dark mb-3\">\n            Checklista f\u00f6r digitala tr\u00e4ffar\n        <\/h2>\n    <\/header>\n    <div class=\"wysiwyg\">\n        <h4><\/h4>\n<ul>\n<li>Anslut 10 minuter f\u00f6re utsatt tid<\/li>\n<li>Anv\u00e4nd h\u00f6rlurar med mikrofon<\/li>\n<li>Testa ljudet innan tr\u00e4ffen b\u00f6rjar<\/li>\n<li>Se till att ljuset \u00e4r bra, s\u00e5 att du inte sitter i motljus<\/li>\n<li>B\u00f6rja m\u00f6tet p\u00e5 utsatt tid och h\u00e5ll tidsplanen i tr\u00e4ffen<\/li>\n<li>Cirkelledarens uppgift \u00e4r som vanligt att h\u00e5lla struktur och involvera deltagare<\/li>\n<li>Anv\u00e4nd g\u00e4rna kamera och h\u00e5ll \u00f6gonkontakt<\/li>\n<li>Den som inte pratar f\u00e5r g\u00e4rna st\u00e4nga av sin mikrofon (mute), s\u00e5 att inte bakgrundsljudet fr\u00e5n alla deltagare st\u00f6r<\/li>\n<li>Se till att ta pauser om det beh\u00f6vs<\/li>\n<li>Fr\u00e5ga varandra och l\u00e4r av varandra!<\/li>\n<\/ul>\n\n    <\/div>\n<\/div>\n\n<\/div>\n<div\n    class=\"acf-section-breaker-text my-8 container-lg\"\n    data-block=\"section-breaker-text\"\n>\n    <div class=\"round-corners-lg overflow-hidden pt-36 pb-8 px-5 md:p-16 relative grid grid-cols-1 md:grid-cols-2 lg:grid-cols-5 grid-flow-col-dense\">\n\n            <picture class=\"as-background-image\"><img decoding=\"async\" src=\"https:\/\/www.abf.se\/norr\/resized\/?url=https%3A%2F%2Fwww.abf.se%2Fwp-content%2Fuploads%2Fsites%2F37%2F2024%2F03%2F4.png&#038;fit=crop&#038;w=1440&#038;s=9158eade46a8510dc935082ce93c1e33\" srcset=\"https:\/\/www.abf.se\/norr\/resized\/?url=https%3A%2F%2Fwww.abf.se%2Fwp-content%2Fuploads%2Fsites%2F37%2F2024%2F03%2F4.png&#038;fit=crop&#038;w=375&#038;h=540&#038;s=7747019180961819378cbdd55cd84547 375w, https:\/\/www.abf.se\/norr\/resized\/?url=https%3A%2F%2Fwww.abf.se%2Fwp-content%2Fuploads%2Fsites%2F37%2F2024%2F03%2F4.png&#038;fit=crop&#038;w=499&#038;h=540&#038;s=38e419b143b01b1133008cd256db2048 499w, https:\/\/www.abf.se\/norr\/resized\/?url=https%3A%2F%2Fwww.abf.se%2Fwp-content%2Fuploads%2Fsites%2F37%2F2024%2F03%2F4.png&#038;fit=crop&#038;w=623&#038;h=540&#038;s=a5127740112ca3d254001027b29e6d1b 623w, https:\/\/www.abf.se\/norr\/resized\/?url=https%3A%2F%2Fwww.abf.se%2Fwp-content%2Fuploads%2Fsites%2F37%2F2024%2F03%2F4.png&#038;fit=crop&#038;w=747&#038;h=540&#038;s=d8ea3c9d36f616a725333085951788e1 747w, https:\/\/www.abf.se\/norr\/resized\/?url=https%3A%2F%2Fwww.abf.se%2Fwp-content%2Fuploads%2Fsites%2F37%2F2024%2F03%2F4.png&#038;fit=crop&#038;w=750&#038;h=540&#038;s=7ee010dc7b7cdc74ed937cff94413c2f 750w, https:\/\/www.abf.se\/norr\/resized\/?url=https%3A%2F%2Fwww.abf.se%2Fwp-content%2Fuploads%2Fsites%2F37%2F2024%2F03%2F4.png&#038;fit=crop&#038;w=871&#038;h=540&#038;s=5c51328e3478c7f049a9e6e4015c8edb 871w, https:\/\/www.abf.se\/norr\/resized\/?url=https%3A%2F%2Fwww.abf.se%2Fwp-content%2Fuploads%2Fsites%2F37%2F2024%2F03%2F4.png&#038;fit=crop&#038;w=995&#038;h=540&#038;s=ca14113d29e5eea9d26ce8b7b50ddcf3 995w, https:\/\/www.abf.se\/norr\/resized\/?url=https%3A%2F%2Fwww.abf.se%2Fwp-content%2Fuploads%2Fsites%2F37%2F2024%2F03%2F4.png&#038;fit=crop&#038;w=998&#038;h=540&#038;s=6f7b045c5fa1094d041243dbf1ff3728 998w, https:\/\/www.abf.se\/norr\/resized\/?url=https%3A%2F%2Fwww.abf.se%2Fwp-content%2Fuploads%2Fsites%2F37%2F2024%2F03%2F4.png&#038;fit=crop&#038;w=1119&#038;h=540&#038;s=a1450c994e1480a50173fc47cef076be 1119w, https:\/\/www.abf.se\/norr\/resized\/?url=https%3A%2F%2Fwww.abf.se%2Fwp-content%2Fuploads%2Fsites%2F37%2F2024%2F03%2F4.png&#038;fit=crop&#038;w=1243&#038;h=540&#038;s=68d6faf41245b5b2dd778c49c02f5047 1243w, https:\/\/www.abf.se\/norr\/resized\/?url=https%3A%2F%2Fwww.abf.se%2Fwp-content%2Fuploads%2Fsites%2F37%2F2024%2F03%2F4.png&#038;fit=crop&#038;w=1246&#038;h=540&#038;s=7af3e530b91dc1c74c9eaf367dac0144 1246w, https:\/\/www.abf.se\/norr\/resized\/?url=https%3A%2F%2Fwww.abf.se%2Fwp-content%2Fuploads%2Fsites%2F37%2F2024%2F03%2F4.png&#038;fit=crop&#038;w=1367&#038;h=540&#038;s=60d8dab6002324b864a61f56568550be 1367w, https:\/\/www.abf.se\/norr\/resized\/?url=https%3A%2F%2Fwww.abf.se%2Fwp-content%2Fuploads%2Fsites%2F37%2F2024%2F03%2F4.png&#038;fit=crop&#038;w=1440&#038;h=540&#038;s=fde1bb9d3fc91c8b9bdde9c40994d762 1440w, https:\/\/www.abf.se\/norr\/resized\/?url=https%3A%2F%2Fwww.abf.se%2Fwp-content%2Fuploads%2Fsites%2F37%2F2024%2F03%2F4.png&#038;fit=crop&#038;w=1494&#038;h=540&#038;s=5bb0bf8ef7204bae2fa4c09ecb0724c9 1494w, https:\/\/www.abf.se\/norr\/resized\/?url=https%3A%2F%2Fwww.abf.se%2Fwp-content%2Fuploads%2Fsites%2F37%2F2024%2F03%2F4.png&#038;fit=crop&#038;w=1742&#038;h=540&#038;s=9c9622d6aa9ea9f440be72cb30dd4c50 1742w, https:\/\/www.abf.se\/norr\/resized\/?url=https%3A%2F%2Fwww.abf.se%2Fwp-content%2Fuploads%2Fsites%2F37%2F2024%2F03%2F4.png&#038;fit=crop&#038;w=1990&#038;h=540&#038;s=bf0226e3390af2e50bf670eb21d1c420 1990w, https:\/\/www.abf.se\/norr\/resized\/?url=https%3A%2F%2Fwww.abf.se%2Fwp-content%2Fuploads%2Fsites%2F37%2F2024%2F03%2F4.png&#038;fit=crop&#038;w=2238&#038;h=540&#038;s=9b0f3132a37a9d01e258183c8c427ede 2238w, https:\/\/www.abf.se\/norr\/resized\/?url=https%3A%2F%2Fwww.abf.se%2Fwp-content%2Fuploads%2Fsites%2F37%2F2024%2F03%2F4.png&#038;fit=crop&#038;w=2486&#038;h=540&#038;s=ca40756df9f5ea9850d3e72f89a0e2f0 2486w, https:\/\/www.abf.se\/norr\/resized\/?url=https%3A%2F%2Fwww.abf.se%2Fwp-content%2Fuploads%2Fsites%2F37%2F2024%2F03%2F4.png&#038;fit=crop&#038;w=2734&#038;h=540&#038;s=27b5e844dfc4b7d92f9d81a885fd6fff 2734w\" alt=\"\" height=\"540\" width=\"1440\" sizes=\"auto, \n            (max-width: 1440px) calc(100vw - 32px), 1440px\" loading=\"lazy\" fetchpriority=\"low\" aria-hidden=\"true\" role=\"presentation\" \/><\/picture>\n                <div class=\"bg-white round-corners-sm px-10 py-11 col-span-1  relative z-10 col-start-4 col-end-[-1]\">\n            <h2 class=\"heading-lg mb-4\">Verktyg att h\u00e5lla digital folkbildning<\/h2>\n            <div style=\"font-size: 1.25rem; color: black;\" class=\"body-xl wysiwyg\"><p>Tips och trix inf\u00f6r planeringen av den digitala kursen\/evenemanget<\/p>\n<\/div>\n                                            <a href='https:\/\/www.abf.se\/norr\/verktyg-att-halla-digital-folkbildning\/' class=\"default-button mt-8\" target=\"\">Verktyg att h\u00e5lla digital folkbildning<\/a>\n                    \n        <\/div>\n    <\/div>\n<\/div>\n","protected":false},"excerpt":{"rendered":"","protected":false},"author":27,"featured_media":0,"parent":288,"menu_order":0,"comment_status":"closed","ping_status":"closed","template":"","meta":{"_acf_changed":false,"footnotes":""},"class_list":["post-411","page","type-page","status-publish","hentry"],"acf":[],"yoast_head":"<!-- This site is optimized with the Yoast SEO plugin v27.0 - https:\/\/yoast.com\/product\/yoast-seo-wordpress\/ -->\n<title>Digital studiecirkel - Norr<\/title>\n<meta name=\"robots\" content=\"index, follow, max-snippet:-1, max-image-preview:large, max-video-preview:-1\" \/>\n<link rel=\"canonical\" href=\"https:\/\/www.abf.se\/norr\/cirkelledare\/digital-folkbildning\/digital-studiecirkel\/\" \/>\n<meta property=\"og:locale\" content=\"sv_SE\" \/>\n<meta property=\"og:type\" content=\"article\" \/>\n<meta property=\"og:title\" content=\"Digital studiecirkel - Norr\" \/>\n<meta property=\"og:url\" content=\"https:\/\/www.abf.se\/norr\/cirkelledare\/digital-folkbildning\/digital-studiecirkel\/\" \/>\n<meta property=\"og:site_name\" content=\"Norr\" \/>\n<meta property=\"article:modified_time\" content=\"2024-04-24T07:56:37+00:00\" \/>\n<meta property=\"og:image\" content=\"https:\/\/www.abf.se\/wp-content\/uploads\/sites\/37\/2024\/03\/5-1.png\" \/>\n\t<meta property=\"og:image:width\" content=\"682\" \/>\n\t<meta property=\"og:image:height\" content=\"601\" \/>\n\t<meta property=\"og:image:type\" content=\"image\/png\" \/>\n<meta name=\"twitter:card\" content=\"summary_large_image\" \/>\n<script type=\"application\/ld+json\" class=\"yoast-schema-graph\">{\"@context\":\"https:\/\/schema.org\",\"@graph\":[{\"@type\":\"WebPage\",\"@id\":\"https:\/\/www.abf.se\/norr\/cirkelledare\/digital-folkbildning\/digital-studiecirkel\/\",\"url\":\"https:\/\/www.abf.se\/norr\/cirkelledare\/digital-folkbildning\/digital-studiecirkel\/\",\"name\":\"Digital studiecirkel - Norr\",\"isPartOf\":{\"@id\":\"https:\/\/www.abf.se\/norr\/#website\"},\"datePublished\":\"2024-03-12T14:16:49+00:00\",\"dateModified\":\"2024-04-24T07:56:37+00:00\",\"breadcrumb\":{\"@id\":\"https:\/\/www.abf.se\/norr\/cirkelledare\/digital-folkbildning\/digital-studiecirkel\/#breadcrumb\"},\"inLanguage\":\"sv-SE\",\"potentialAction\":[{\"@type\":\"ReadAction\",\"target\":[\"https:\/\/www.abf.se\/norr\/cirkelledare\/digital-folkbildning\/digital-studiecirkel\/\"]}]},{\"@type\":\"BreadcrumbList\",\"@id\":\"https:\/\/www.abf.se\/norr\/cirkelledare\/digital-folkbildning\/digital-studiecirkel\/#breadcrumb\",\"itemListElement\":[{\"@type\":\"ListItem\",\"position\":1,\"name\":\"Home\",\"item\":\"https:\/\/www.abf.se\/norr\/\"},{\"@type\":\"ListItem\",\"position\":2,\"name\":\"Cirkelledare\",\"item\":\"https:\/\/www.abf.se\/norr\/cirkelledare\/\"},{\"@type\":\"ListItem\",\"position\":3,\"name\":\"Digital folkbildning\",\"item\":\"https:\/\/www.abf.se\/norr\/cirkelledare\/digital-folkbildning\/\"},{\"@type\":\"ListItem\",\"position\":4,\"name\":\"Digital studiecirkel\"}]},{\"@type\":\"WebSite\",\"@id\":\"https:\/\/www.abf.se\/norr\/#website\",\"url\":\"https:\/\/www.abf.se\/norr\/\",\"name\":\"Norr\",\"description\":\"\",\"potentialAction\":[{\"@type\":\"SearchAction\",\"target\":{\"@type\":\"EntryPoint\",\"urlTemplate\":\"https:\/\/www.abf.se\/norr\/?s={search_term_string}\"},\"query-input\":{\"@type\":\"PropertyValueSpecification\",\"valueRequired\":true,\"valueName\":\"search_term_string\"}}],\"inLanguage\":\"sv-SE\"}]}<\/script>\n<!-- \/ Yoast SEO plugin. -->","yoast_head_json":{"title":"Digital studiecirkel - Norr","robots":{"index":"index","follow":"follow","max-snippet":"max-snippet:-1","max-image-preview":"max-image-preview:large","max-video-preview":"max-video-preview:-1"},"canonical":"https:\/\/www.abf.se\/norr\/cirkelledare\/digital-folkbildning\/digital-studiecirkel\/","og_locale":"sv_SE","og_type":"article","og_title":"Digital studiecirkel - Norr","og_url":"https:\/\/www.abf.se\/norr\/cirkelledare\/digital-folkbildning\/digital-studiecirkel\/","og_site_name":"Norr","article_modified_time":"2024-04-24T07:56:37+00:00","og_image":[{"width":682,"height":601,"url":"https:\/\/www.abf.se\/wp-content\/uploads\/sites\/37\/2024\/03\/5-1.png","type":"image\/png"}],"twitter_card":"summary_large_image","schema":{"@context":"https:\/\/schema.org","@graph":[{"@type":"WebPage","@id":"https:\/\/www.abf.se\/norr\/cirkelledare\/digital-folkbildning\/digital-studiecirkel\/","url":"https:\/\/www.abf.se\/norr\/cirkelledare\/digital-folkbildning\/digital-studiecirkel\/","name":"Digital studiecirkel - Norr","isPartOf":{"@id":"https:\/\/www.abf.se\/norr\/#website"},"datePublished":"2024-03-12T14:16:49+00:00","dateModified":"2024-04-24T07:56:37+00:00","breadcrumb":{"@id":"https:\/\/www.abf.se\/norr\/cirkelledare\/digital-folkbildning\/digital-studiecirkel\/#breadcrumb"},"inLanguage":"sv-SE","potentialAction":[{"@type":"ReadAction","target":["https:\/\/www.abf.se\/norr\/cirkelledare\/digital-folkbildning\/digital-studiecirkel\/"]}]},{"@type":"BreadcrumbList","@id":"https:\/\/www.abf.se\/norr\/cirkelledare\/digital-folkbildning\/digital-studiecirkel\/#breadcrumb","itemListElement":[{"@type":"ListItem","position":1,"name":"Home","item":"https:\/\/www.abf.se\/norr\/"},{"@type":"ListItem","position":2,"name":"Cirkelledare","item":"https:\/\/www.abf.se\/norr\/cirkelledare\/"},{"@type":"ListItem","position":3,"name":"Digital folkbildning","item":"https:\/\/www.abf.se\/norr\/cirkelledare\/digital-folkbildning\/"},{"@type":"ListItem","position":4,"name":"Digital studiecirkel"}]},{"@type":"WebSite","@id":"https:\/\/www.abf.se\/norr\/#website","url":"https:\/\/www.abf.se\/norr\/","name":"Norr","description":"","potentialAction":[{"@type":"SearchAction","target":{"@type":"EntryPoint","urlTemplate":"https:\/\/www.abf.se\/norr\/?s={search_term_string}"},"query-input":{"@type":"PropertyValueSpecification","valueRequired":true,"valueName":"search_term_string"}}],"inLanguage":"sv-SE"}]}},"_links":{"self":[{"href":"https:\/\/www.abf.se\/norr\/wp-json\/wp\/v2\/pages\/411","targetHints":{"allow":["GET"]}}],"collection":[{"href":"https:\/\/www.abf.se\/norr\/wp-json\/wp\/v2\/pages"}],"about":[{"href":"https:\/\/www.abf.se\/norr\/wp-json\/wp\/v2\/types\/page"}],"author":[{"embeddable":true,"href":"https:\/\/www.abf.se\/norr\/wp-json\/wp\/v2\/users\/27"}],"replies":[{"embeddable":true,"href":"https:\/\/www.abf.se\/norr\/wp-json\/wp\/v2\/comments?post=411"}],"version-history":[{"count":7,"href":"https:\/\/www.abf.se\/norr\/wp-json\/wp\/v2\/pages\/411\/revisions"}],"predecessor-version":[{"id":753,"href":"https:\/\/www.abf.se\/norr\/wp-json\/wp\/v2\/pages\/411\/revisions\/753"}],"up":[{"embeddable":true,"href":"https:\/\/www.abf.se\/norr\/wp-json\/wp\/v2\/pages\/288"}],"wp:attachment":[{"href":"https:\/\/www.abf.se\/norr\/wp-json\/wp\/v2\/media?parent=411"}],"curies":[{"name":"wp","href":"https:\/\/api.w.org\/{rel}","templated":true}]}}