{"id":415,"date":"2024-03-12T15:19:13","date_gmt":"2024-03-12T14:19:13","guid":{"rendered":"https:\/\/www.abf.se\/norr\/?page_id=415"},"modified":"2024-04-24T09:56:18","modified_gmt":"2024-04-24T07:56:18","slug":"arrangemang-pa-distans","status":"publish","type":"page","link":"https:\/\/www.abf.se\/norr\/cirkelledare\/digital-folkbildning\/arrangemang-pa-distans\/","title":{"rendered":"Arrangemang p\u00e5 distans"},"content":{"rendered":"<div\n    class=\"acf-section-breaker-text my-8 container-lg\"\n    data-block=\"section-breaker-text\"\n>\n    <div class=\"round-corners-lg overflow-hidden pt-36 pb-8 px-5 md:p-16 relative grid grid-cols-1 md:grid-cols-2 lg:grid-cols-5 grid-flow-col-dense\">\n\n            <picture class=\"as-background-image\"><img decoding=\"async\" src=\"https:\/\/www.abf.se\/norr\/resized\/?url=https%3A%2F%2Fwww.abf.se%2Fwp-content%2Fuploads%2Fsites%2F37%2F2024%2F03%2F5.png&#038;fit=crop&#038;w=1440&#038;s=2648116617701bd49b95273e2b19b6a2\" srcset=\"https:\/\/www.abf.se\/norr\/resized\/?url=https%3A%2F%2Fwww.abf.se%2Fwp-content%2Fuploads%2Fsites%2F37%2F2024%2F03%2F5.png&#038;fit=crop&#038;w=375&#038;h=540&#038;s=966aa3da6941cf845f4d7d352c2f0dc2 375w, https:\/\/www.abf.se\/norr\/resized\/?url=https%3A%2F%2Fwww.abf.se%2Fwp-content%2Fuploads%2Fsites%2F37%2F2024%2F03%2F5.png&#038;fit=crop&#038;w=499&#038;h=540&#038;s=0debdf44f69b37972b0b64ee1aa60355 499w, https:\/\/www.abf.se\/norr\/resized\/?url=https%3A%2F%2Fwww.abf.se%2Fwp-content%2Fuploads%2Fsites%2F37%2F2024%2F03%2F5.png&#038;fit=crop&#038;w=623&#038;h=540&#038;s=95a6053f1b5f0f2a0a15a74af67c08bd 623w, https:\/\/www.abf.se\/norr\/resized\/?url=https%3A%2F%2Fwww.abf.se%2Fwp-content%2Fuploads%2Fsites%2F37%2F2024%2F03%2F5.png&#038;fit=crop&#038;w=747&#038;h=540&#038;s=7d4764cb6f2fd6ff472a335fb4fde8b8 747w, https:\/\/www.abf.se\/norr\/resized\/?url=https%3A%2F%2Fwww.abf.se%2Fwp-content%2Fuploads%2Fsites%2F37%2F2024%2F03%2F5.png&#038;fit=crop&#038;w=750&#038;h=540&#038;s=ef9e5d2f5c7e41c05ef282151f0c84d7 750w, https:\/\/www.abf.se\/norr\/resized\/?url=https%3A%2F%2Fwww.abf.se%2Fwp-content%2Fuploads%2Fsites%2F37%2F2024%2F03%2F5.png&#038;fit=crop&#038;w=871&#038;h=540&#038;s=a2199c13e51ef2c7f6bb1d2993c5810f 871w, https:\/\/www.abf.se\/norr\/resized\/?url=https%3A%2F%2Fwww.abf.se%2Fwp-content%2Fuploads%2Fsites%2F37%2F2024%2F03%2F5.png&#038;fit=crop&#038;w=995&#038;h=540&#038;s=1c16e0b13a0f1aa80021afbd4768b3ac 995w, https:\/\/www.abf.se\/norr\/resized\/?url=https%3A%2F%2Fwww.abf.se%2Fwp-content%2Fuploads%2Fsites%2F37%2F2024%2F03%2F5.png&#038;fit=crop&#038;w=998&#038;h=540&#038;s=7242a9e4a2c5d6788ab10736e4b96ae3 998w, https:\/\/www.abf.se\/norr\/resized\/?url=https%3A%2F%2Fwww.abf.se%2Fwp-content%2Fuploads%2Fsites%2F37%2F2024%2F03%2F5.png&#038;fit=crop&#038;w=1119&#038;h=540&#038;s=dda40279855397156b3b4679cb89e189 1119w, https:\/\/www.abf.se\/norr\/resized\/?url=https%3A%2F%2Fwww.abf.se%2Fwp-content%2Fuploads%2Fsites%2F37%2F2024%2F03%2F5.png&#038;fit=crop&#038;w=1243&#038;h=540&#038;s=ded22ee2bd816383e11e1b0a4c8757c5 1243w, https:\/\/www.abf.se\/norr\/resized\/?url=https%3A%2F%2Fwww.abf.se%2Fwp-content%2Fuploads%2Fsites%2F37%2F2024%2F03%2F5.png&#038;fit=crop&#038;w=1246&#038;h=540&#038;s=0395f24a0eafd7a201f44c83630e626b 1246w, https:\/\/www.abf.se\/norr\/resized\/?url=https%3A%2F%2Fwww.abf.se%2Fwp-content%2Fuploads%2Fsites%2F37%2F2024%2F03%2F5.png&#038;fit=crop&#038;w=1367&#038;h=540&#038;s=b95a6da0651c7e7b9aedbdadb5270768 1367w, https:\/\/www.abf.se\/norr\/resized\/?url=https%3A%2F%2Fwww.abf.se%2Fwp-content%2Fuploads%2Fsites%2F37%2F2024%2F03%2F5.png&#038;fit=crop&#038;w=1440&#038;h=540&#038;s=7193cc90da93b0751ccc855f9437cb8f 1440w, https:\/\/www.abf.se\/norr\/resized\/?url=https%3A%2F%2Fwww.abf.se%2Fwp-content%2Fuploads%2Fsites%2F37%2F2024%2F03%2F5.png&#038;fit=crop&#038;w=1494&#038;h=540&#038;s=9372b95eb2235c0fa6a140b88c8bddc7 1494w, https:\/\/www.abf.se\/norr\/resized\/?url=https%3A%2F%2Fwww.abf.se%2Fwp-content%2Fuploads%2Fsites%2F37%2F2024%2F03%2F5.png&#038;fit=crop&#038;w=1742&#038;h=540&#038;s=cc15724ec472800a43fa143f4ee8fa4d 1742w, https:\/\/www.abf.se\/norr\/resized\/?url=https%3A%2F%2Fwww.abf.se%2Fwp-content%2Fuploads%2Fsites%2F37%2F2024%2F03%2F5.png&#038;fit=crop&#038;w=1990&#038;h=540&#038;s=02656f2f01c3e603cee60bea4655fb34 1990w, https:\/\/www.abf.se\/norr\/resized\/?url=https%3A%2F%2Fwww.abf.se%2Fwp-content%2Fuploads%2Fsites%2F37%2F2024%2F03%2F5.png&#038;fit=crop&#038;w=2238&#038;h=540&#038;s=69f8bd4e3223ea90aabd75c06f633ac7 2238w, https:\/\/www.abf.se\/norr\/resized\/?url=https%3A%2F%2Fwww.abf.se%2Fwp-content%2Fuploads%2Fsites%2F37%2F2024%2F03%2F5.png&#038;fit=crop&#038;w=2486&#038;h=540&#038;s=7bbd61eae637981420c8a0a953d39ff4 2486w, https:\/\/www.abf.se\/norr\/resized\/?url=https%3A%2F%2Fwww.abf.se%2Fwp-content%2Fuploads%2Fsites%2F37%2F2024%2F03%2F5.png&#038;fit=crop&#038;w=2734&#038;h=540&#038;s=c48e23218c2d801eddbdb3b8c169bbe1 2734w\" alt=\"\" height=\"540\" width=\"1440\" sizes=\"auto, \n            (max-width: 1440px) calc(100vw - 32px), 1440px\" loading=\"lazy\" fetchpriority=\"low\" aria-hidden=\"true\" role=\"presentation\" \/><\/picture>\n                <div class=\"bg-white round-corners-sm px-10 py-11 col-span-1  relative z-10 col-span-3\">\n            <h2 class=\"heading-lg mb-4\">Ha arrangemang inf\u00f6r publik (kulturprogram) p\u00e5 distans<\/h2>\n            <div style=\"font-size: 1.25rem; color: black;\" class=\"body-xl wysiwyg\"><p>Folkbildningsr\u00e5det best\u00e4mde 17 mars 2020 att det tillf\u00e4lligt g\u00e5r bra att anordna \u00e4ven kulturprogram p\u00e5 distans.<\/p>\n<\/div>\n                    \n        <\/div>\n    <\/div>\n<\/div>\n<div class=\"container-lg mb-6\">\n    <div class=\"md:pl-6 flex flex-row gap-1 items-center mt-6 body-m flex-wrap gap-y-2\">\n<span class=\"flex flex-row gap items-center gap-x-1\">\n         <a class=\"label-sm md:label-md text-red-dark font-[350] underline\" href=\"https:\/\/www.abf.se\/norr\/\"\n        >\n        Hem\n    <\/a>\n\n<\/span>\n<span class=\"flex flex-row gap items-center gap-x-1\">\n         <svg width=\"14\" height=\"15\" viewBox=\"0 0 14 15\" fill=\"none\" xmlns=\"http:\/\/www.w3.org\/2000\/svg\">\n<g id=\"fi:arrow-up\">\n<path id=\"Vector\" d=\"M5.01823 3.41669L9.10156 7.50002L5.01823 11.5834\" stroke=\"#909090\"\/>\n<\/g>\n<\/svg>\n\n        <a class=\"label-sm md:label-md text-red-dark font-[350] underline\" href=\"https:\/\/www.abf.se\/norr\/cirkelledare\/\"\n        >\n        Cirkelledare\n    <\/a>\n\n<\/span>\n<span class=\"flex flex-row gap items-center gap-x-1\">\n         <svg width=\"14\" height=\"15\" viewBox=\"0 0 14 15\" fill=\"none\" xmlns=\"http:\/\/www.w3.org\/2000\/svg\">\n<g id=\"fi:arrow-up\">\n<path id=\"Vector\" d=\"M5.01823 3.41669L9.10156 7.50002L5.01823 11.5834\" stroke=\"#909090\"\/>\n<\/g>\n<\/svg>\n\n        <a class=\"label-sm md:label-md text-red-dark font-[350] underline\" href=\"https:\/\/www.abf.se\/norr\/cirkelledare\/digital-folkbildning\/\"\n        >\n        Digital folkbildning\n    <\/a>\n\n<\/span>\n<span class=\"flex flex-row gap items-center gap-x-1\">\n         <svg width=\"14\" height=\"15\" viewBox=\"0 0 14 15\" fill=\"none\" xmlns=\"http:\/\/www.w3.org\/2000\/svg\">\n<g id=\"fi:arrow-up\">\n<path id=\"Vector\" d=\"M5.01823 3.41669L9.10156 7.50002L5.01823 11.5834\" stroke=\"#909090\"\/>\n<\/g>\n<\/svg>\n\n        <a class=\"label-sm md:label-md text-red-dark font-[350] font-medium\" href=\"\"\n         aria-current=\"page\" >\n        Arrangemang p\u00e5 distans\n    <\/a>\n\n<\/span>\n<\/div><\/div>\n<div\n    class=\"acf-article-text-block article-container my-12\"\n    data-block=\"article-text-block\"\n>\n    <div class=\"wysiwyg\">\n        <h2>Deltagarna beh\u00f6ver inte vara fysiskt samlade.<\/h2>\n<h3>Deltagarna m\u00e5ste precis som i en studiecirkel vara uppkopplade till seminariet\/f\u00f6rel\u00e4sningen samtidigt.<\/h3>\n<p>Ett exempel p\u00e5 kulturprogram p\u00e5 distans \u00e4r en lives\u00e4ndning\/livestream fr\u00e5n en f\u00f6rel\u00e4sning.<\/p>\n<p><span data-contrast=\"auto\">Exempel p\u00e5 platser du kan lives\u00e4nda fr\u00e5n:<\/span><span data-ccp-props=\"{&quot;201341983&quot;:0,&quot;335559739&quot;:160,&quot;335559740&quot;:259}\">\u00a0<\/span><\/p>\n<ul>\n<li><span data-contrast=\"auto\">Instagram Stories<\/span><span data-ccp-props=\"{&quot;201341983&quot;:0,&quot;335559739&quot;:160,&quot;335559740&quot;:259}\">\u00a0<\/span><\/li>\n<li><span data-contrast=\"auto\">Facebooksida<\/span><span data-ccp-props=\"{&quot;201341983&quot;:0,&quot;335559739&quot;:160,&quot;335559740&quot;:259}\">\u00a0<\/span><\/li>\n<li><span data-contrast=\"auto\">Facebookevent<\/span><span data-ccp-props=\"{&quot;201341983&quot;:0,&quot;335559739&quot;:160,&quot;335559740&quot;:259}\">\u00a0<\/span><\/li>\n<li><span data-contrast=\"auto\">Youtube (Om du anv\u00e4nder mobilappen s\u00e5 beh\u00f6vs minst 1000 prenumeranter, det g\u00e4ller inte fr\u00e5n datorn)<\/span><span data-ccp-props=\"{&quot;201341983&quot;:0,&quot;335559739&quot;:160,&quot;335559740&quot;:259}\">\u00a0<\/span><\/li>\n<\/ul>\n\n    <\/div>\n<\/div>\n<div\n    class=\"acf-article-facts-block article-container  my-8 \"\n    data-block=\"article-facts-block\"\n>\n<div class=\"bg-teal-light border border-teal p-8 rounded-corners-sm\">\n<header>\n        <h2 class=\"heading-md text-teal-dark mb-3\">\n            Checklista n\u00e4r du ska lives\u00e4nda arrangemang\n        <\/h2>\n    <\/header>\n    <div class=\"wysiwyg\">\n        <ul>\n<li><span data-contrast=\"auto\">Anv\u00e4nd funktionen &#8221;St\u00f6r ej&#8221; eller flygplansl\u00e4ge (s\u00e5 ingen kan ringa\/sms:a dig)<\/span><span data-ccp-props=\"{&quot;201341983&quot;:0,&quot;335559739&quot;:160,&quot;335559740&quot;:259}\">\u00a0<\/span><\/li>\n<li><span data-contrast=\"auto\">Anv\u00e4nd laddare under tiden, s\u00e5 att batteriet h\u00e5ller<\/span><span data-ccp-props=\"{&quot;201341983&quot;:0,&quot;335559739&quot;:160,&quot;335559740&quot;:259}\">\u00a0<\/span><\/li>\n<li><span data-contrast=\"auto\">Anv\u00e4nd wifi med bra uppkoppling<\/span><span data-ccp-props=\"{&quot;201341983&quot;:0,&quot;335559739&quot;:160,&quot;335559740&quot;:259}\">\u00a0<\/span><\/li>\n<li><span data-contrast=\"auto\">St\u00e4ll dig strategiskt, s\u00e5 att ingen i publiken g\u00e5r framf\u00f6r kameran<\/span><span data-ccp-props=\"{&quot;201341983&quot;:0,&quot;335559739&quot;:160,&quot;335559740&quot;:259}\">\u00a0<\/span><\/li>\n<li><span data-contrast=\"auto\">Anv\u00e4nd tripod\/stativ och st\u00e4ll den p\u00e5 ett h\u00f6gt bord<\/span><span data-ccp-props=\"{&quot;201341983&quot;:0,&quot;335559739&quot;:160,&quot;335559740&quot;:259}\">\u00a0<\/span><\/li>\n<li><span data-contrast=\"auto\">Rotera kameran horisontellt, och st\u00e4ng av ev. rotationsl\u00e5s. T\u00e4nk p\u00e5 att kameran ska vara korrekt roterad innan du sl\u00e5r p\u00e5 livestreaming (i Instagram Stories \u00e4r det dock b\u00e4ttre med vertikal video)<\/span><span data-ccp-props=\"{&quot;201341983&quot;:0,&quot;335559739&quot;:160,&quot;335559740&quot;:259}\">\u00a0<\/span><\/li>\n<li><span data-contrast=\"auto\">H\u00f6j volymen, anv\u00e4nd extern mikrofon om du har det<\/span><span data-ccp-props=\"{&quot;201341983&quot;:0,&quot;335559739&quot;:160,&quot;335559740&quot;:259}\">\u00a0<\/span><\/li>\n<li><span data-contrast=\"auto\">Informera publiken att du filmar<\/span><span data-ccp-props=\"{&quot;201341983&quot;:0,&quot;335559739&quot;:160,&quot;335559740&quot;:259}\">\u00a0<\/span><\/li>\n<li><span data-contrast=\"auto\">L\u00e4gg upp en stillbild i lives\u00e4ndningen 10 minuter f\u00f6re, s\u00e4tt sedan ig\u00e5ng sj\u00e4lva s\u00e4ndningen p\u00e5 utsatt tid<\/span><span data-ccp-props=\"{&quot;201341983&quot;:0,&quot;335559739&quot;:160,&quot;335559740&quot;:259}\">\u00a0<\/span><\/li>\n<li><span data-contrast=\"auto\">St\u00e5r det folk n\u00e4ra dig, informera dem om kameran s\u00e5 att de ej skymmer eller g\u00e5r framf\u00f6r<\/span><span data-ccp-props=\"{&quot;201341983&quot;:0,&quot;335559739&quot;:160,&quot;335559740&quot;:259}\">\u00a0<\/span><\/li>\n<li><span data-contrast=\"auto\">N\u00e4r kulturprogrammet \u00e4r slut: Klicka slutf\u00f6r och publicera<\/span><span data-ccp-props=\"{&quot;201341983&quot;:0,&quot;335559739&quot;:160,&quot;335559740&quot;:259}\">\u00a0<\/span><\/li>\n<\/ul>\n\n    <\/div>\n<\/div>\n\n<\/div>\n<div\n    class=\"acf-section-breaker-text my-8 container-lg\"\n    data-block=\"section-breaker-text\"\n>\n    <div class=\"round-corners-lg overflow-hidden pt-36 pb-8 px-5 md:p-16 relative grid grid-cols-1 md:grid-cols-2 lg:grid-cols-5 grid-flow-col-dense\">\n\n            <picture class=\"as-background-image\"><img decoding=\"async\" src=\"https:\/\/www.abf.se\/norr\/resized\/?url=https%3A%2F%2Fwww.abf.se%2Fwp-content%2Fuploads%2Fsites%2F37%2F2024%2F03%2F4.png&#038;fit=crop&#038;w=1440&#038;s=9158eade46a8510dc935082ce93c1e33\" srcset=\"https:\/\/www.abf.se\/norr\/resized\/?url=https%3A%2F%2Fwww.abf.se%2Fwp-content%2Fuploads%2Fsites%2F37%2F2024%2F03%2F4.png&#038;fit=crop&#038;w=375&#038;h=540&#038;s=7747019180961819378cbdd55cd84547 375w, https:\/\/www.abf.se\/norr\/resized\/?url=https%3A%2F%2Fwww.abf.se%2Fwp-content%2Fuploads%2Fsites%2F37%2F2024%2F03%2F4.png&#038;fit=crop&#038;w=499&#038;h=540&#038;s=38e419b143b01b1133008cd256db2048 499w, https:\/\/www.abf.se\/norr\/resized\/?url=https%3A%2F%2Fwww.abf.se%2Fwp-content%2Fuploads%2Fsites%2F37%2F2024%2F03%2F4.png&#038;fit=crop&#038;w=623&#038;h=540&#038;s=a5127740112ca3d254001027b29e6d1b 623w, https:\/\/www.abf.se\/norr\/resized\/?url=https%3A%2F%2Fwww.abf.se%2Fwp-content%2Fuploads%2Fsites%2F37%2F2024%2F03%2F4.png&#038;fit=crop&#038;w=747&#038;h=540&#038;s=d8ea3c9d36f616a725333085951788e1 747w, https:\/\/www.abf.se\/norr\/resized\/?url=https%3A%2F%2Fwww.abf.se%2Fwp-content%2Fuploads%2Fsites%2F37%2F2024%2F03%2F4.png&#038;fit=crop&#038;w=750&#038;h=540&#038;s=7ee010dc7b7cdc74ed937cff94413c2f 750w, https:\/\/www.abf.se\/norr\/resized\/?url=https%3A%2F%2Fwww.abf.se%2Fwp-content%2Fuploads%2Fsites%2F37%2F2024%2F03%2F4.png&#038;fit=crop&#038;w=871&#038;h=540&#038;s=5c51328e3478c7f049a9e6e4015c8edb 871w, https:\/\/www.abf.se\/norr\/resized\/?url=https%3A%2F%2Fwww.abf.se%2Fwp-content%2Fuploads%2Fsites%2F37%2F2024%2F03%2F4.png&#038;fit=crop&#038;w=995&#038;h=540&#038;s=ca14113d29e5eea9d26ce8b7b50ddcf3 995w, https:\/\/www.abf.se\/norr\/resized\/?url=https%3A%2F%2Fwww.abf.se%2Fwp-content%2Fuploads%2Fsites%2F37%2F2024%2F03%2F4.png&#038;fit=crop&#038;w=998&#038;h=540&#038;s=6f7b045c5fa1094d041243dbf1ff3728 998w, https:\/\/www.abf.se\/norr\/resized\/?url=https%3A%2F%2Fwww.abf.se%2Fwp-content%2Fuploads%2Fsites%2F37%2F2024%2F03%2F4.png&#038;fit=crop&#038;w=1119&#038;h=540&#038;s=a1450c994e1480a50173fc47cef076be 1119w, https:\/\/www.abf.se\/norr\/resized\/?url=https%3A%2F%2Fwww.abf.se%2Fwp-content%2Fuploads%2Fsites%2F37%2F2024%2F03%2F4.png&#038;fit=crop&#038;w=1243&#038;h=540&#038;s=68d6faf41245b5b2dd778c49c02f5047 1243w, https:\/\/www.abf.se\/norr\/resized\/?url=https%3A%2F%2Fwww.abf.se%2Fwp-content%2Fuploads%2Fsites%2F37%2F2024%2F03%2F4.png&#038;fit=crop&#038;w=1246&#038;h=540&#038;s=7af3e530b91dc1c74c9eaf367dac0144 1246w, https:\/\/www.abf.se\/norr\/resized\/?url=https%3A%2F%2Fwww.abf.se%2Fwp-content%2Fuploads%2Fsites%2F37%2F2024%2F03%2F4.png&#038;fit=crop&#038;w=1367&#038;h=540&#038;s=60d8dab6002324b864a61f56568550be 1367w, https:\/\/www.abf.se\/norr\/resized\/?url=https%3A%2F%2Fwww.abf.se%2Fwp-content%2Fuploads%2Fsites%2F37%2F2024%2F03%2F4.png&#038;fit=crop&#038;w=1440&#038;h=540&#038;s=fde1bb9d3fc91c8b9bdde9c40994d762 1440w, https:\/\/www.abf.se\/norr\/resized\/?url=https%3A%2F%2Fwww.abf.se%2Fwp-content%2Fuploads%2Fsites%2F37%2F2024%2F03%2F4.png&#038;fit=crop&#038;w=1494&#038;h=540&#038;s=5bb0bf8ef7204bae2fa4c09ecb0724c9 1494w, https:\/\/www.abf.se\/norr\/resized\/?url=https%3A%2F%2Fwww.abf.se%2Fwp-content%2Fuploads%2Fsites%2F37%2F2024%2F03%2F4.png&#038;fit=crop&#038;w=1742&#038;h=540&#038;s=9c9622d6aa9ea9f440be72cb30dd4c50 1742w, https:\/\/www.abf.se\/norr\/resized\/?url=https%3A%2F%2Fwww.abf.se%2Fwp-content%2Fuploads%2Fsites%2F37%2F2024%2F03%2F4.png&#038;fit=crop&#038;w=1990&#038;h=540&#038;s=bf0226e3390af2e50bf670eb21d1c420 1990w, https:\/\/www.abf.se\/norr\/resized\/?url=https%3A%2F%2Fwww.abf.se%2Fwp-content%2Fuploads%2Fsites%2F37%2F2024%2F03%2F4.png&#038;fit=crop&#038;w=2238&#038;h=540&#038;s=9b0f3132a37a9d01e258183c8c427ede 2238w, https:\/\/www.abf.se\/norr\/resized\/?url=https%3A%2F%2Fwww.abf.se%2Fwp-content%2Fuploads%2Fsites%2F37%2F2024%2F03%2F4.png&#038;fit=crop&#038;w=2486&#038;h=540&#038;s=ca40756df9f5ea9850d3e72f89a0e2f0 2486w, https:\/\/www.abf.se\/norr\/resized\/?url=https%3A%2F%2Fwww.abf.se%2Fwp-content%2Fuploads%2Fsites%2F37%2F2024%2F03%2F4.png&#038;fit=crop&#038;w=2734&#038;h=540&#038;s=27b5e844dfc4b7d92f9d81a885fd6fff 2734w\" alt=\"\" height=\"540\" width=\"1440\" sizes=\"auto, \n            (max-width: 1440px) calc(100vw - 32px), 1440px\" loading=\"lazy\" fetchpriority=\"low\" aria-hidden=\"true\" role=\"presentation\" \/><\/picture>\n                <div class=\"bg-white round-corners-sm px-10 py-11 col-span-1  relative z-10 col-start-4 col-end-[-1]\">\n            <h2 class=\"heading-lg mb-4\">Verktyg att h\u00e5lla digital folkbildning<\/h2>\n            <div style=\"font-size: 1.25rem; color: black;\" class=\"body-xl wysiwyg\"><p>Tips och trix inf\u00f6r planeringen av den digitala kursen\/evenemanget<\/p>\n<\/div>\n                                            <a href='https:\/\/www.abf.se\/norr\/verktyg-att-halla-digital-folkbildning\/' class=\"default-button mt-8\" target=\"\">Verktyg att h\u00e5lla digital folkbildning<\/a>\n                    \n        <\/div>\n    <\/div>\n<\/div>\n","protected":false},"excerpt":{"rendered":"","protected":false},"author":27,"featured_media":0,"parent":288,"menu_order":0,"comment_status":"closed","ping_status":"closed","template":"","meta":{"_acf_changed":false,"footnotes":""},"class_list":["post-415","page","type-page","status-publish","hentry"],"acf":[],"yoast_head":"<!-- This site is optimized with the Yoast SEO plugin v27.0 - https:\/\/yoast.com\/product\/yoast-seo-wordpress\/ -->\n<title>Arrangemang p\u00e5 distans - Norr<\/title>\n<meta name=\"robots\" content=\"index, follow, max-snippet:-1, max-image-preview:large, max-video-preview:-1\" \/>\n<link rel=\"canonical\" href=\"https:\/\/www.abf.se\/norr\/cirkelledare\/digital-folkbildning\/arrangemang-pa-distans\/\" \/>\n<meta property=\"og:locale\" content=\"sv_SE\" \/>\n<meta property=\"og:type\" content=\"article\" \/>\n<meta property=\"og:title\" content=\"Arrangemang p\u00e5 distans - Norr\" \/>\n<meta property=\"og:url\" content=\"https:\/\/www.abf.se\/norr\/cirkelledare\/digital-folkbildning\/arrangemang-pa-distans\/\" \/>\n<meta property=\"og:site_name\" content=\"Norr\" \/>\n<meta property=\"article:modified_time\" content=\"2024-04-24T07:56:18+00:00\" \/>\n<meta property=\"og:image\" content=\"https:\/\/www.abf.se\/wp-content\/uploads\/sites\/37\/2024\/03\/5-1.png\" \/>\n\t<meta property=\"og:image:width\" content=\"682\" \/>\n\t<meta property=\"og:image:height\" content=\"601\" \/>\n\t<meta property=\"og:image:type\" content=\"image\/png\" \/>\n<meta name=\"twitter:card\" content=\"summary_large_image\" \/>\n<script type=\"application\/ld+json\" class=\"yoast-schema-graph\">{\"@context\":\"https:\/\/schema.org\",\"@graph\":[{\"@type\":\"WebPage\",\"@id\":\"https:\/\/www.abf.se\/norr\/cirkelledare\/digital-folkbildning\/arrangemang-pa-distans\/\",\"url\":\"https:\/\/www.abf.se\/norr\/cirkelledare\/digital-folkbildning\/arrangemang-pa-distans\/\",\"name\":\"Arrangemang p\u00e5 distans - Norr\",\"isPartOf\":{\"@id\":\"https:\/\/www.abf.se\/norr\/#website\"},\"datePublished\":\"2024-03-12T14:19:13+00:00\",\"dateModified\":\"2024-04-24T07:56:18+00:00\",\"breadcrumb\":{\"@id\":\"https:\/\/www.abf.se\/norr\/cirkelledare\/digital-folkbildning\/arrangemang-pa-distans\/#breadcrumb\"},\"inLanguage\":\"sv-SE\",\"potentialAction\":[{\"@type\":\"ReadAction\",\"target\":[\"https:\/\/www.abf.se\/norr\/cirkelledare\/digital-folkbildning\/arrangemang-pa-distans\/\"]}]},{\"@type\":\"BreadcrumbList\",\"@id\":\"https:\/\/www.abf.se\/norr\/cirkelledare\/digital-folkbildning\/arrangemang-pa-distans\/#breadcrumb\",\"itemListElement\":[{\"@type\":\"ListItem\",\"position\":1,\"name\":\"Home\",\"item\":\"https:\/\/www.abf.se\/norr\/\"},{\"@type\":\"ListItem\",\"position\":2,\"name\":\"Cirkelledare\",\"item\":\"https:\/\/www.abf.se\/norr\/cirkelledare\/\"},{\"@type\":\"ListItem\",\"position\":3,\"name\":\"Digital folkbildning\",\"item\":\"https:\/\/www.abf.se\/norr\/cirkelledare\/digital-folkbildning\/\"},{\"@type\":\"ListItem\",\"position\":4,\"name\":\"Arrangemang p\u00e5 distans\"}]},{\"@type\":\"WebSite\",\"@id\":\"https:\/\/www.abf.se\/norr\/#website\",\"url\":\"https:\/\/www.abf.se\/norr\/\",\"name\":\"Norr\",\"description\":\"\",\"potentialAction\":[{\"@type\":\"SearchAction\",\"target\":{\"@type\":\"EntryPoint\",\"urlTemplate\":\"https:\/\/www.abf.se\/norr\/?s={search_term_string}\"},\"query-input\":{\"@type\":\"PropertyValueSpecification\",\"valueRequired\":true,\"valueName\":\"search_term_string\"}}],\"inLanguage\":\"sv-SE\"}]}<\/script>\n<!-- \/ Yoast SEO plugin. -->","yoast_head_json":{"title":"Arrangemang p\u00e5 distans - Norr","robots":{"index":"index","follow":"follow","max-snippet":"max-snippet:-1","max-image-preview":"max-image-preview:large","max-video-preview":"max-video-preview:-1"},"canonical":"https:\/\/www.abf.se\/norr\/cirkelledare\/digital-folkbildning\/arrangemang-pa-distans\/","og_locale":"sv_SE","og_type":"article","og_title":"Arrangemang p\u00e5 distans - Norr","og_url":"https:\/\/www.abf.se\/norr\/cirkelledare\/digital-folkbildning\/arrangemang-pa-distans\/","og_site_name":"Norr","article_modified_time":"2024-04-24T07:56:18+00:00","og_image":[{"width":682,"height":601,"url":"https:\/\/www.abf.se\/wp-content\/uploads\/sites\/37\/2024\/03\/5-1.png","type":"image\/png"}],"twitter_card":"summary_large_image","schema":{"@context":"https:\/\/schema.org","@graph":[{"@type":"WebPage","@id":"https:\/\/www.abf.se\/norr\/cirkelledare\/digital-folkbildning\/arrangemang-pa-distans\/","url":"https:\/\/www.abf.se\/norr\/cirkelledare\/digital-folkbildning\/arrangemang-pa-distans\/","name":"Arrangemang p\u00e5 distans - Norr","isPartOf":{"@id":"https:\/\/www.abf.se\/norr\/#website"},"datePublished":"2024-03-12T14:19:13+00:00","dateModified":"2024-04-24T07:56:18+00:00","breadcrumb":{"@id":"https:\/\/www.abf.se\/norr\/cirkelledare\/digital-folkbildning\/arrangemang-pa-distans\/#breadcrumb"},"inLanguage":"sv-SE","potentialAction":[{"@type":"ReadAction","target":["https:\/\/www.abf.se\/norr\/cirkelledare\/digital-folkbildning\/arrangemang-pa-distans\/"]}]},{"@type":"BreadcrumbList","@id":"https:\/\/www.abf.se\/norr\/cirkelledare\/digital-folkbildning\/arrangemang-pa-distans\/#breadcrumb","itemListElement":[{"@type":"ListItem","position":1,"name":"Home","item":"https:\/\/www.abf.se\/norr\/"},{"@type":"ListItem","position":2,"name":"Cirkelledare","item":"https:\/\/www.abf.se\/norr\/cirkelledare\/"},{"@type":"ListItem","position":3,"name":"Digital folkbildning","item":"https:\/\/www.abf.se\/norr\/cirkelledare\/digital-folkbildning\/"},{"@type":"ListItem","position":4,"name":"Arrangemang p\u00e5 distans"}]},{"@type":"WebSite","@id":"https:\/\/www.abf.se\/norr\/#website","url":"https:\/\/www.abf.se\/norr\/","name":"Norr","description":"","potentialAction":[{"@type":"SearchAction","target":{"@type":"EntryPoint","urlTemplate":"https:\/\/www.abf.se\/norr\/?s={search_term_string}"},"query-input":{"@type":"PropertyValueSpecification","valueRequired":true,"valueName":"search_term_string"}}],"inLanguage":"sv-SE"}]}},"_links":{"self":[{"href":"https:\/\/www.abf.se\/norr\/wp-json\/wp\/v2\/pages\/415","targetHints":{"allow":["GET"]}}],"collection":[{"href":"https:\/\/www.abf.se\/norr\/wp-json\/wp\/v2\/pages"}],"about":[{"href":"https:\/\/www.abf.se\/norr\/wp-json\/wp\/v2\/types\/page"}],"author":[{"embeddable":true,"href":"https:\/\/www.abf.se\/norr\/wp-json\/wp\/v2\/users\/27"}],"replies":[{"embeddable":true,"href":"https:\/\/www.abf.se\/norr\/wp-json\/wp\/v2\/comments?post=415"}],"version-history":[{"count":6,"href":"https:\/\/www.abf.se\/norr\/wp-json\/wp\/v2\/pages\/415\/revisions"}],"predecessor-version":[{"id":752,"href":"https:\/\/www.abf.se\/norr\/wp-json\/wp\/v2\/pages\/415\/revisions\/752"}],"up":[{"embeddable":true,"href":"https:\/\/www.abf.se\/norr\/wp-json\/wp\/v2\/pages\/288"}],"wp:attachment":[{"href":"https:\/\/www.abf.se\/norr\/wp-json\/wp\/v2\/media?parent=415"}],"curies":[{"name":"wp","href":"https:\/\/api.w.org\/{rel}","templated":true}]}}