{"id":5,"date":"2024-03-11T14:18:30","date_gmt":"2024-03-11T13:18:30","guid":{"rendered":"https:\/\/www.abf.se\/norr\/?page_id=5"},"modified":"2024-04-24T11:11:57","modified_gmt":"2024-04-24T09:11:57","slug":"cirkelledare","status":"publish","type":"page","link":"https:\/\/www.abf.se\/norr\/cirkelledare\/","title":{"rendered":"Cirkelledare"},"content":{"rendered":"<div\n    class=\"acf-hero-block container-lg no-padding mb-12 js-geolocation\"\n    data-block=\"hero-block\"\n    data-index=\"0\"\n>\n    <div class=\"h-[548px]  relative rounded-[32px] overflow-hidden flex bg-gray-light\">\n        <div class=\"relative z-10 mt-auto h-auto w-full md:h-full\">\n            <div class=\"flex w-full h-full flex-col flex-wrap justify-end w-full md:w-7\/12 lg:w-1\/2 md:justify-center\">\n                <div class=\"flex flex-col gap-3 md:gap-[18px] md:transparent pt-16 pb-36 md:py-8 px-4 w-full md:max-w-[620px] mx-auto px-8\">\n\n                    <h1 class=\"hero-heading\"><span>Jag vill bli cirkelledare<\/span><\/h1>\n\n                    \n                                    <\/div>\n            <\/div>\n        <\/div>\n\n                    <picture class=\"as-background-image mix-blend-multiply bg-black\/40\"><img decoding=\"async\" src=\"https:\/\/www.abf.se\/resized\/wp-content\/uploads\/2023\/11\/Trion-liggande_IMGP.jpg?fit=crop&#038;w=1440&#038;s=02bd743f431869b4596920aa2217fba1\" srcset=\"https:\/\/www.abf.se\/resized\/wp-content\/uploads\/2023\/11\/Trion-liggande_IMGP.jpg?fit=crop&#038;w=375&#038;h=540&#038;s=9f824ff2484d837ee218c5dce543b258 375w, https:\/\/www.abf.se\/resized\/wp-content\/uploads\/2023\/11\/Trion-liggande_IMGP.jpg?fit=crop&#038;w=447&#038;h=540&#038;s=066db20fd701688b5ee580e51d315af6 447w, https:\/\/www.abf.se\/resized\/wp-content\/uploads\/2023\/11\/Trion-liggande_IMGP.jpg?fit=crop&#038;w=519&#038;h=540&#038;s=f3bb2a77ca74c082c54e76c393069c37 519w, https:\/\/www.abf.se\/resized\/wp-content\/uploads\/2023\/11\/Trion-liggande_IMGP.jpg?fit=crop&#038;w=591&#038;h=540&#038;s=4c0350b2c60d11dc4c402604db5a6716 591w, https:\/\/www.abf.se\/resized\/wp-content\/uploads\/2023\/11\/Trion-liggande_IMGP.jpg?fit=crop&#038;w=663&#038;h=540&#038;s=41318ec959bae0bc583e3bf0bf7cb9f1 663w, https:\/\/www.abf.se\/resized\/wp-content\/uploads\/2023\/11\/Trion-liggande_IMGP.jpg?fit=crop&#038;w=750&#038;h=540&#038;s=8b42ebe5a3a717be277ccc045ae85bfd 750w, https:\/\/www.abf.se\/resized\/wp-content\/uploads\/2023\/11\/Trion-liggande_IMGP.jpg?fit=crop&#038;w=894&#038;h=540&#038;s=1cf5bbd2f792313b6218729a67c163b4 894w, https:\/\/www.abf.se\/resized\/wp-content\/uploads\/2023\/11\/Trion-liggande_IMGP.jpg?fit=crop&#038;w=1038&#038;h=540&#038;s=c3600e367a4007860ec581ac21daf727 1038w, https:\/\/www.abf.se\/resized\/wp-content\/uploads\/2023\/11\/Trion-liggande_IMGP.jpg?fit=crop&#038;w=1182&#038;h=540&#038;s=9e841c35c0d95a8c0564fb54ee0cc8c8 1182w, https:\/\/www.abf.se\/resized\/wp-content\/uploads\/2023\/11\/Trion-liggande_IMGP.jpg?fit=crop&#038;w=1326&#038;h=540&#038;s=82bb95f346f26ea603d2bf1a7dae1789 1326w, https:\/\/www.abf.se\/resized\/wp-content\/uploads\/2023\/11\/Trion-liggande_IMGP.jpg?fit=crop&#038;w=1440&#038;h=540&#038;s=90b0b1e2d55e6d1d21c12380688e0624 1440w\" alt=\"\" height=\"540\" width=\"1440\" sizes=\"(max-width: 1440px) calc(100vw - 32px), 1440px\" loading=\"eager\" fetchpriority=\"high\" aria-hidden=\"true\" role=\"presentation\" \/><\/picture>\n        \n\n            <\/div>\n\n    <\/div>\n\n\n\n<div\n    class=\"acf-plain-heading-block container my-16\"\n    data-block=\"plain-heading-block\"\n>\n    <div class=\"max-w-[658px] mx-auto\">\n                            <p class=\"mt-8 body-xl text-black\">\n                ABFs cirkelledare \u00e4r v\u00e5rt blodomlopp, cirkelledarna \u00e4r ABF. 1000-tals cirkelledare arrangerar ABFs studiecirklar i landets 289 kommuner.\n            <\/p>\n            <\/div>\n<\/div>\n\n\n<div\n    class=\"acf-text-image-block container my-12 md:my-15\"\n    data-block=\"text-image-block\"\n>\n    <div\n    class=\"flex flex-col items-center md:flex-row gap-8 md:gap-0 justify-between\">\n                        <div class=\"w-full md:w-1\/2 md:order-2\">\n            <picture><img decoding=\"async\" src=\"https:\/\/www.abf.se\/resized\/wp-content\/uploads\/2024\/04\/ABF_header_1805-5669.jpg?fit=crop&#038;w=578&#038;s=13c32ae91833591eb1f2a905d7a6714c\" srcset=\"https:\/\/www.abf.se\/resized\/wp-content\/uploads\/2024\/04\/ABF_header_1805-5669.jpg?fit=crop&#038;w=144&#038;h=126&#038;s=f04e3eacaa0b12fe847620b2e53e8226 144w, https:\/\/www.abf.se\/resized\/wp-content\/uploads\/2024\/04\/ABF_header_1805-5669.jpg?fit=crop&#038;w=240&#038;h=211&#038;s=5e3ccc6913326528ec0f58030069b0e3 240w, https:\/\/www.abf.se\/resized\/wp-content\/uploads\/2024\/04\/ABF_header_1805-5669.jpg?fit=crop&#038;w=288&#038;h=253&#038;s=ec8e5ba50fce11e58c087cf13663d1c2 288w, https:\/\/www.abf.se\/resized\/wp-content\/uploads\/2024\/04\/ABF_header_1805-5669.jpg?fit=crop&#038;w=336&#038;h=295&#038;s=769c64889a19654896c9a19a95133f9e 336w, https:\/\/www.abf.se\/resized\/wp-content\/uploads\/2024\/04\/ABF_header_1805-5669.jpg?fit=crop&#038;w=432&#038;h=380&#038;s=6869b7729376099798bd48e8e07e6476 432w, https:\/\/www.abf.se\/resized\/wp-content\/uploads\/2024\/04\/ABF_header_1805-5669.jpg?fit=crop&#038;w=480&#038;h=422&#038;s=61ec62f103780af9d99070e5ffee1172 480w, https:\/\/www.abf.se\/resized\/wp-content\/uploads\/2024\/04\/ABF_header_1805-5669.jpg?fit=crop&#038;w=528&#038;h=464&#038;s=ac66dceb3e5d755743a9cf7803e49a26 528w, https:\/\/www.abf.se\/resized\/wp-content\/uploads\/2024\/04\/ABF_header_1805-5669.jpg?fit=crop&#038;w=578&#038;h=509&#038;s=271e3976420ae0e1b8c8f3c94be42ed3 578w, https:\/\/www.abf.se\/resized\/wp-content\/uploads\/2024\/04\/ABF_header_1805-5669.jpg?fit=crop&#038;w=672&#038;h=591&#038;s=d857d76415649bf58b7f8d00f60228b1 672w, https:\/\/www.abf.se\/resized\/wp-content\/uploads\/2024\/04\/ABF_header_1805-5669.jpg?fit=crop&#038;w=864&#038;h=760&#038;s=024e325e9f48f964965e1bc2605f125f 864w, https:\/\/www.abf.se\/resized\/wp-content\/uploads\/2024\/04\/ABF_header_1805-5669.jpg?fit=crop&#038;w=1056&#038;h=929&#038;s=7d1ce220025c38f9fb741c3986841004 1056w\" alt=\"fem personer p&aring; picknickfilt dricker varm dryck och pratar\" height=\"509\" width=\"578\" sizes=\"auto, (max-width: 768px) 100vw,\n                (max-width: 1280px) 50vw, 578px\" loading=\"lazy\" fetchpriority=\"low\" \/><\/picture>\n\n        <\/div>\n        \n        <div class=\"w-full md:w-1\/2 md:order-1\">\n        <div class=\"mx-auto md:max-w-[368px]\">\n            <h2 class=\"heading-lg\">Vill du vara med och g\u00f6ra skillnad?<\/h2>\n            <div class=\"mb-6 mt-4 wysiwyg\">\n                <p>Bli en del av ABF som cirkelledare och uppt\u00e4ck de otaliga f\u00f6rdelarna med att leda en cirkel! Att vara cirkelledare hos ABF \u00e4r inte bara en m\u00f6jlighet att dela med dig av din kunskap och passion \u2013 det \u00e4r ocks\u00e5 en fantastisk chans att skapa meningsfulla m\u00f6ten och bidra till samh\u00e4llets utveckling p\u00e5 lokal niv\u00e5.<\/p>\n<p>Som cirkelledare p\u00e5 ABF f\u00e5r du uppt\u00e4ck nytt och utvecklas i ditt ledarskap och l\u00e4ra dig tillsammans med andra!<\/p>\n\n            <\/div>\n                    <\/div>\n        <\/div>\n    <\/div>\n<\/div>\n\n<div\n    class=\"acf-article-text-block article-container my-12\"\n    data-block=\"article-text-block\"\n>\n    <div class=\"wysiwyg\">\n        <h2>Regler f\u00f6r cirkelledare<\/h2>\n<p>ABF rapporterar varje \u00e5r tusentals studiecirklar, kulturprogram och kurser. Dessa finansieras av statsbidrag. Det \u00e4r ABF som har ansvaret f\u00f6r att dessa rapporteras enligt regelverket men du som cirkelledare har en viktig roll i v\u00e5rt kvalitetsarbete.<\/p>\n<p>Det \u00e4r viktigt att all verksamhet som rapporteras som underlag f\u00f6r statsbidrag sker s\u00e5 som den rapporteras. Det betyder att det \u00e4r viktigt att du meddelar ABF om ni g\u00f6r n\u00e5gra f\u00f6r\u00e4ndringar i er studiecirkel. Det kan exempelvis handla om en deltagare som slutar eller tillkommer, ni kanske best\u00e4mmer er f\u00f6r att byta dag, tid eller lokal. Oavsett vilket m\u00e5ste ABF informeras om alla \u00e4ndringar.<\/p>\n<p>N\u00e4r du leder en studiecirkel eller en kurs hos ABF ska du rapportera n\u00e4rvaro f\u00f6r dig och dina cirkeldeltagare. Du hittar mer information om hur du rapporterar genom ditt lokala ABF.<\/p>\n\n    <\/div>\n<\/div>\n<div\n    class=\"acf-article-cta-link-block article-container my-8\"\n    data-block=\"article-cta-link-block\"\n>\n<div>\n    <a class=\"inline-flex flex-row items-center gap-4 text-link underline text-red-dark\"\n        href=\"https:\/\/www.abf.se\/norr\/cirkelledare\/bli-cirkelledare\/\"\n            >\n        <span class=\"\">\n        Anm\u00e4l intresse\n        <\/span>\n        <figure aria-hidden=\"true\" class=\"rounded-full bg-red-dark w-8 h-8 p-1 text-white\">\n            <svg width=\"20\" height=\"20\" viewBox=\"0 0 20 20\" fill=\"none\" class=\"SvgIconElement\">\n<path d=\"M4.16659 10L15.8333 10\" stroke=\"currentColor\"\/>\n<path d=\"M9.99992 4.1665L15.8333 9.99984L9.99992 15.8332\" stroke=\"currentColor\"\/>\n<\/svg>\n        <\/figure>\n    <\/a>\n<\/div>\n<\/div>\n<div\n    class=\"acf-section-breaker-text my-8 container-lg\"\n    data-block=\"section-breaker-text\"\n>\n    <div class=\"round-corners-lg overflow-hidden pt-36 pb-8 px-5 md:p-16 relative grid grid-cols-1 md:grid-cols-2 lg:grid-cols-5 grid-flow-col-dense\">\n\n            <picture class=\"as-background-image\"><img decoding=\"async\" src=\"https:\/\/www.abf.se\/norr\/resized\/?url=https%3A%2F%2Fwww.abf.se%2Fwp-content%2Fuploads%2F2024%2F04%2FData-IT-Mobil-02.jpg&#038;fit=crop&#038;w=1440&#038;s=4da0bf39890c1e91c78e770bd713c41a\" srcset=\"https:\/\/www.abf.se\/norr\/resized\/?url=https%3A%2F%2Fwww.abf.se%2Fwp-content%2Fuploads%2F2024%2F04%2FData-IT-Mobil-02.jpg&#038;fit=crop&#038;w=375&#038;h=540&#038;s=c85ad0dffb9171f3bf5b664921064280 375w, https:\/\/www.abf.se\/norr\/resized\/?url=https%3A%2F%2Fwww.abf.se%2Fwp-content%2Fuploads%2F2024%2F04%2FData-IT-Mobil-02.jpg&#038;fit=crop&#038;w=499&#038;h=540&#038;s=503661d6ff518e3bee275767b3799bb9 499w, https:\/\/www.abf.se\/norr\/resized\/?url=https%3A%2F%2Fwww.abf.se%2Fwp-content%2Fuploads%2F2024%2F04%2FData-IT-Mobil-02.jpg&#038;fit=crop&#038;w=623&#038;h=540&#038;s=8f224ade663430e68ea953d8ff0107b3 623w, https:\/\/www.abf.se\/norr\/resized\/?url=https%3A%2F%2Fwww.abf.se%2Fwp-content%2Fuploads%2F2024%2F04%2FData-IT-Mobil-02.jpg&#038;fit=crop&#038;w=747&#038;h=540&#038;s=f16e43aec56fd9fb6ff259e535f2a961 747w, https:\/\/www.abf.se\/norr\/resized\/?url=https%3A%2F%2Fwww.abf.se%2Fwp-content%2Fuploads%2F2024%2F04%2FData-IT-Mobil-02.jpg&#038;fit=crop&#038;w=750&#038;h=540&#038;s=c49c490975361e8406a797cddb431a36 750w, https:\/\/www.abf.se\/norr\/resized\/?url=https%3A%2F%2Fwww.abf.se%2Fwp-content%2Fuploads%2F2024%2F04%2FData-IT-Mobil-02.jpg&#038;fit=crop&#038;w=871&#038;h=540&#038;s=4ed052c9abe675c0f609a19264991598 871w, https:\/\/www.abf.se\/norr\/resized\/?url=https%3A%2F%2Fwww.abf.se%2Fwp-content%2Fuploads%2F2024%2F04%2FData-IT-Mobil-02.jpg&#038;fit=crop&#038;w=995&#038;h=540&#038;s=0ee8557864a568f8196c3b6df59ab8a6 995w, https:\/\/www.abf.se\/norr\/resized\/?url=https%3A%2F%2Fwww.abf.se%2Fwp-content%2Fuploads%2F2024%2F04%2FData-IT-Mobil-02.jpg&#038;fit=crop&#038;w=998&#038;h=540&#038;s=3517226e73088109640ff00b54fafbea 998w, https:\/\/www.abf.se\/norr\/resized\/?url=https%3A%2F%2Fwww.abf.se%2Fwp-content%2Fuploads%2F2024%2F04%2FData-IT-Mobil-02.jpg&#038;fit=crop&#038;w=1119&#038;h=540&#038;s=c2a0dcda7fb98e1bf9e7f32b505a5673 1119w, https:\/\/www.abf.se\/norr\/resized\/?url=https%3A%2F%2Fwww.abf.se%2Fwp-content%2Fuploads%2F2024%2F04%2FData-IT-Mobil-02.jpg&#038;fit=crop&#038;w=1243&#038;h=540&#038;s=7e56dbda3bce2b051fd3e533199ef4ed 1243w, https:\/\/www.abf.se\/norr\/resized\/?url=https%3A%2F%2Fwww.abf.se%2Fwp-content%2Fuploads%2F2024%2F04%2FData-IT-Mobil-02.jpg&#038;fit=crop&#038;w=1246&#038;h=540&#038;s=f25a0fa4f1b97956157a5aa8a1281570 1246w, https:\/\/www.abf.se\/norr\/resized\/?url=https%3A%2F%2Fwww.abf.se%2Fwp-content%2Fuploads%2F2024%2F04%2FData-IT-Mobil-02.jpg&#038;fit=crop&#038;w=1367&#038;h=540&#038;s=72c68e19bf909a8eae18bdbdf9f4e3c3 1367w, https:\/\/www.abf.se\/norr\/resized\/?url=https%3A%2F%2Fwww.abf.se%2Fwp-content%2Fuploads%2F2024%2F04%2FData-IT-Mobil-02.jpg&#038;fit=crop&#038;w=1440&#038;h=540&#038;s=3bc144802ada2265cc7976152642cecf 1440w, https:\/\/www.abf.se\/norr\/resized\/?url=https%3A%2F%2Fwww.abf.se%2Fwp-content%2Fuploads%2F2024%2F04%2FData-IT-Mobil-02.jpg&#038;fit=crop&#038;w=1494&#038;h=540&#038;s=d208dee5c489eff83541fcd6a0f68a4f 1494w, https:\/\/www.abf.se\/norr\/resized\/?url=https%3A%2F%2Fwww.abf.se%2Fwp-content%2Fuploads%2F2024%2F04%2FData-IT-Mobil-02.jpg&#038;fit=crop&#038;w=1742&#038;h=540&#038;s=061464421985bd96765fb531b0a5bf74 1742w, https:\/\/www.abf.se\/norr\/resized\/?url=https%3A%2F%2Fwww.abf.se%2Fwp-content%2Fuploads%2F2024%2F04%2FData-IT-Mobil-02.jpg&#038;fit=crop&#038;w=1990&#038;h=540&#038;s=95cca39fcd5e3729121926cde35d4fe0 1990w, https:\/\/www.abf.se\/norr\/resized\/?url=https%3A%2F%2Fwww.abf.se%2Fwp-content%2Fuploads%2F2024%2F04%2FData-IT-Mobil-02.jpg&#038;fit=crop&#038;w=2238&#038;h=540&#038;s=e63fc50ac6bd3265f634716f7ee795c3 2238w, https:\/\/www.abf.se\/norr\/resized\/?url=https%3A%2F%2Fwww.abf.se%2Fwp-content%2Fuploads%2F2024%2F04%2FData-IT-Mobil-02.jpg&#038;fit=crop&#038;w=2486&#038;h=540&#038;s=23640efa321a824e3f7b1e72761cab65 2486w, https:\/\/www.abf.se\/norr\/resized\/?url=https%3A%2F%2Fwww.abf.se%2Fwp-content%2Fuploads%2F2024%2F04%2FData-IT-Mobil-02.jpg&#038;fit=crop&#038;w=2734&#038;h=540&#038;s=b79eebb9fd6ee65a37547ed33fcf9395 2734w\" alt=\"\" height=\"540\" width=\"1440\" sizes=\"auto, \n            (max-width: 1440px) calc(100vw - 32px), 1440px\" loading=\"lazy\" fetchpriority=\"low\" aria-hidden=\"true\" role=\"presentation\" \/><\/picture>\n                <div class=\"bg-white round-corners-sm px-10 py-11 col-span-1  relative z-10 col-start-4 col-end-[-1]\">\n            <h2 class=\"heading-lg mb-4\">Digital folkbildning<\/h2>\n            <div style=\"font-size: 1.25rem; color: black;\" class=\"body-xl wysiwyg\"><p>Det finns m\u00e5nga olika s\u00e4tt att g\u00f6ra folkbildningen i din f\u00f6rening eller studiegrupp digital. L\u00e4s mer h\u00e4r<\/p>\n<\/div>\n                                            <a href='https:\/\/www.abf.se\/norr\/cirkelledare\/digital-folkbildning\/' class=\"default-button mt-8\" target=\"\">Digital folkbildning<\/a>\n                    \n        <\/div>\n    <\/div>\n<\/div>\n<div\n    class=\"acf-section-breaker-text my-8 container-lg\"\n    data-block=\"section-breaker-text\"\n>\n    <div class=\"round-corners-lg overflow-hidden pt-36 pb-8 px-5 md:p-16 relative grid grid-cols-1 md:grid-cols-2 lg:grid-cols-5 grid-flow-col-dense\">\n\n            <picture class=\"as-background-image\"><img decoding=\"async\" src=\"https:\/\/www.abf.se\/norr\/resized\/?url=https%3A%2F%2Fwww.abf.se%2Fwp-content%2Fuploads%2Fsites%2F37%2F2024%2F03%2F4.png&#038;fit=crop&#038;w=1440&#038;s=9158eade46a8510dc935082ce93c1e33\" srcset=\"https:\/\/www.abf.se\/norr\/resized\/?url=https%3A%2F%2Fwww.abf.se%2Fwp-content%2Fuploads%2Fsites%2F37%2F2024%2F03%2F4.png&#038;fit=crop&#038;w=375&#038;h=540&#038;s=7747019180961819378cbdd55cd84547 375w, https:\/\/www.abf.se\/norr\/resized\/?url=https%3A%2F%2Fwww.abf.se%2Fwp-content%2Fuploads%2Fsites%2F37%2F2024%2F03%2F4.png&#038;fit=crop&#038;w=499&#038;h=540&#038;s=38e419b143b01b1133008cd256db2048 499w, https:\/\/www.abf.se\/norr\/resized\/?url=https%3A%2F%2Fwww.abf.se%2Fwp-content%2Fuploads%2Fsites%2F37%2F2024%2F03%2F4.png&#038;fit=crop&#038;w=623&#038;h=540&#038;s=a5127740112ca3d254001027b29e6d1b 623w, https:\/\/www.abf.se\/norr\/resized\/?url=https%3A%2F%2Fwww.abf.se%2Fwp-content%2Fuploads%2Fsites%2F37%2F2024%2F03%2F4.png&#038;fit=crop&#038;w=747&#038;h=540&#038;s=d8ea3c9d36f616a725333085951788e1 747w, https:\/\/www.abf.se\/norr\/resized\/?url=https%3A%2F%2Fwww.abf.se%2Fwp-content%2Fuploads%2Fsites%2F37%2F2024%2F03%2F4.png&#038;fit=crop&#038;w=750&#038;h=540&#038;s=7ee010dc7b7cdc74ed937cff94413c2f 750w, https:\/\/www.abf.se\/norr\/resized\/?url=https%3A%2F%2Fwww.abf.se%2Fwp-content%2Fuploads%2Fsites%2F37%2F2024%2F03%2F4.png&#038;fit=crop&#038;w=871&#038;h=540&#038;s=5c51328e3478c7f049a9e6e4015c8edb 871w, https:\/\/www.abf.se\/norr\/resized\/?url=https%3A%2F%2Fwww.abf.se%2Fwp-content%2Fuploads%2Fsites%2F37%2F2024%2F03%2F4.png&#038;fit=crop&#038;w=995&#038;h=540&#038;s=ca14113d29e5eea9d26ce8b7b50ddcf3 995w, https:\/\/www.abf.se\/norr\/resized\/?url=https%3A%2F%2Fwww.abf.se%2Fwp-content%2Fuploads%2Fsites%2F37%2F2024%2F03%2F4.png&#038;fit=crop&#038;w=998&#038;h=540&#038;s=6f7b045c5fa1094d041243dbf1ff3728 998w, https:\/\/www.abf.se\/norr\/resized\/?url=https%3A%2F%2Fwww.abf.se%2Fwp-content%2Fuploads%2Fsites%2F37%2F2024%2F03%2F4.png&#038;fit=crop&#038;w=1119&#038;h=540&#038;s=a1450c994e1480a50173fc47cef076be 1119w, https:\/\/www.abf.se\/norr\/resized\/?url=https%3A%2F%2Fwww.abf.se%2Fwp-content%2Fuploads%2Fsites%2F37%2F2024%2F03%2F4.png&#038;fit=crop&#038;w=1243&#038;h=540&#038;s=68d6faf41245b5b2dd778c49c02f5047 1243w, https:\/\/www.abf.se\/norr\/resized\/?url=https%3A%2F%2Fwww.abf.se%2Fwp-content%2Fuploads%2Fsites%2F37%2F2024%2F03%2F4.png&#038;fit=crop&#038;w=1246&#038;h=540&#038;s=7af3e530b91dc1c74c9eaf367dac0144 1246w, https:\/\/www.abf.se\/norr\/resized\/?url=https%3A%2F%2Fwww.abf.se%2Fwp-content%2Fuploads%2Fsites%2F37%2F2024%2F03%2F4.png&#038;fit=crop&#038;w=1367&#038;h=540&#038;s=60d8dab6002324b864a61f56568550be 1367w, https:\/\/www.abf.se\/norr\/resized\/?url=https%3A%2F%2Fwww.abf.se%2Fwp-content%2Fuploads%2Fsites%2F37%2F2024%2F03%2F4.png&#038;fit=crop&#038;w=1440&#038;h=540&#038;s=fde1bb9d3fc91c8b9bdde9c40994d762 1440w, https:\/\/www.abf.se\/norr\/resized\/?url=https%3A%2F%2Fwww.abf.se%2Fwp-content%2Fuploads%2Fsites%2F37%2F2024%2F03%2F4.png&#038;fit=crop&#038;w=1494&#038;h=540&#038;s=5bb0bf8ef7204bae2fa4c09ecb0724c9 1494w, https:\/\/www.abf.se\/norr\/resized\/?url=https%3A%2F%2Fwww.abf.se%2Fwp-content%2Fuploads%2Fsites%2F37%2F2024%2F03%2F4.png&#038;fit=crop&#038;w=1742&#038;h=540&#038;s=9c9622d6aa9ea9f440be72cb30dd4c50 1742w, https:\/\/www.abf.se\/norr\/resized\/?url=https%3A%2F%2Fwww.abf.se%2Fwp-content%2Fuploads%2Fsites%2F37%2F2024%2F03%2F4.png&#038;fit=crop&#038;w=1990&#038;h=540&#038;s=bf0226e3390af2e50bf670eb21d1c420 1990w, https:\/\/www.abf.se\/norr\/resized\/?url=https%3A%2F%2Fwww.abf.se%2Fwp-content%2Fuploads%2Fsites%2F37%2F2024%2F03%2F4.png&#038;fit=crop&#038;w=2238&#038;h=540&#038;s=9b0f3132a37a9d01e258183c8c427ede 2238w, https:\/\/www.abf.se\/norr\/resized\/?url=https%3A%2F%2Fwww.abf.se%2Fwp-content%2Fuploads%2Fsites%2F37%2F2024%2F03%2F4.png&#038;fit=crop&#038;w=2486&#038;h=540&#038;s=ca40756df9f5ea9850d3e72f89a0e2f0 2486w, https:\/\/www.abf.se\/norr\/resized\/?url=https%3A%2F%2Fwww.abf.se%2Fwp-content%2Fuploads%2Fsites%2F37%2F2024%2F03%2F4.png&#038;fit=crop&#038;w=2734&#038;h=540&#038;s=27b5e844dfc4b7d92f9d81a885fd6fff 2734w\" alt=\"\" height=\"540\" width=\"1440\" sizes=\"auto, \n            (max-width: 1440px) calc(100vw - 32px), 1440px\" loading=\"lazy\" fetchpriority=\"low\" aria-hidden=\"true\" role=\"presentation\" \/><\/picture>\n                <div class=\"bg-white round-corners-sm px-10 py-11 col-span-1  relative z-10 col-span-3\">\n            <h2 class=\"heading-lg mb-4\">Digital n\u00e4rvarorapportering<\/h2>\n            <div style=\"font-size: 1.25rem; color: black;\" class=\"body-xl wysiwyg\"><p>H\u00e4r hittar du videos som beskriver hur du g\u00f6r f\u00f6r att registrera n\u00e4rvaron digitalt.<\/p>\n<\/div>\n                                            <a href='https:\/\/www.abf.se\/norr\/cirkelledare\/digital-narvarorapportering\/' class=\"default-button mt-8\" target=\"\">Digital n\u00e4rvarorapportering<\/a>\n                    \n        <\/div>\n    <\/div>\n<\/div>\n","protected":false},"excerpt":{"rendered":"","protected":false},"author":4,"featured_media":0,"parent":0,"menu_order":0,"comment_status":"closed","ping_status":"closed","template":"","meta":{"_acf_changed":false,"footnotes":""},"class_list":["post-5","page","type-page","status-publish","hentry"],"acf":[],"yoast_head":"<!-- This site is optimized with the Yoast SEO plugin v27.0 - https:\/\/yoast.com\/product\/yoast-seo-wordpress\/ -->\n<title>Cirkelledare - Norr<\/title>\n<meta name=\"description\" content=\"F\u00f6r dig som \u00e4r eller vill bli cirkelledare hos ABF Norr. H\u00e4r hittar du information om hur du startar en cirkel eller kulturarrangemang.\" \/>\n<meta name=\"robots\" content=\"index, follow, max-snippet:-1, max-image-preview:large, max-video-preview:-1\" \/>\n<link rel=\"canonical\" href=\"https:\/\/www.abf.se\/norr\/cirkelledare\/\" \/>\n<meta property=\"og:locale\" content=\"sv_SE\" \/>\n<meta property=\"og:type\" content=\"article\" \/>\n<meta property=\"og:title\" content=\"Cirkelledare - Norr\" \/>\n<meta property=\"og:description\" content=\"F\u00f6r dig som \u00e4r eller vill bli cirkelledare hos ABF Norr. H\u00e4r hittar du information om hur du startar en cirkel eller kulturarrangemang.\" \/>\n<meta property=\"og:url\" content=\"https:\/\/www.abf.se\/norr\/cirkelledare\/\" \/>\n<meta property=\"og:site_name\" content=\"Norr\" \/>\n<meta property=\"article:modified_time\" content=\"2024-04-24T09:11:57+00:00\" \/>\n<meta property=\"og:image\" content=\"https:\/\/www.abf.se\/wp-content\/uploads\/sites\/37\/2024\/03\/5-1.png\" \/>\n\t<meta property=\"og:image:width\" content=\"682\" \/>\n\t<meta property=\"og:image:height\" content=\"601\" \/>\n\t<meta property=\"og:image:type\" content=\"image\/png\" \/>\n<meta name=\"twitter:card\" content=\"summary_large_image\" \/>\n<script type=\"application\/ld+json\" class=\"yoast-schema-graph\">{\"@context\":\"https:\/\/schema.org\",\"@graph\":[{\"@type\":\"WebPage\",\"@id\":\"https:\/\/www.abf.se\/norr\/cirkelledare\/\",\"url\":\"https:\/\/www.abf.se\/norr\/cirkelledare\/\",\"name\":\"Cirkelledare - Norr\",\"isPartOf\":{\"@id\":\"https:\/\/www.abf.se\/norr\/#website\"},\"datePublished\":\"2024-03-11T13:18:30+00:00\",\"dateModified\":\"2024-04-24T09:11:57+00:00\",\"description\":\"F\u00f6r dig som \u00e4r eller vill bli cirkelledare hos ABF Norr. H\u00e4r hittar du information om hur du startar en cirkel eller kulturarrangemang.\",\"breadcrumb\":{\"@id\":\"https:\/\/www.abf.se\/norr\/cirkelledare\/#breadcrumb\"},\"inLanguage\":\"sv-SE\",\"potentialAction\":[{\"@type\":\"ReadAction\",\"target\":[\"https:\/\/www.abf.se\/norr\/cirkelledare\/\"]}]},{\"@type\":\"BreadcrumbList\",\"@id\":\"https:\/\/www.abf.se\/norr\/cirkelledare\/#breadcrumb\",\"itemListElement\":[{\"@type\":\"ListItem\",\"position\":1,\"name\":\"Home\",\"item\":\"https:\/\/www.abf.se\/norr\/\"},{\"@type\":\"ListItem\",\"position\":2,\"name\":\"Cirkelledare\"}]},{\"@type\":\"WebSite\",\"@id\":\"https:\/\/www.abf.se\/norr\/#website\",\"url\":\"https:\/\/www.abf.se\/norr\/\",\"name\":\"Norr\",\"description\":\"\",\"potentialAction\":[{\"@type\":\"SearchAction\",\"target\":{\"@type\":\"EntryPoint\",\"urlTemplate\":\"https:\/\/www.abf.se\/norr\/?s={search_term_string}\"},\"query-input\":{\"@type\":\"PropertyValueSpecification\",\"valueRequired\":true,\"valueName\":\"search_term_string\"}}],\"inLanguage\":\"sv-SE\"}]}<\/script>\n<!-- \/ Yoast SEO plugin. -->","yoast_head_json":{"title":"Cirkelledare - Norr","description":"F\u00f6r dig som \u00e4r eller vill bli cirkelledare hos ABF Norr. H\u00e4r hittar du information om hur du startar en cirkel eller kulturarrangemang.","robots":{"index":"index","follow":"follow","max-snippet":"max-snippet:-1","max-image-preview":"max-image-preview:large","max-video-preview":"max-video-preview:-1"},"canonical":"https:\/\/www.abf.se\/norr\/cirkelledare\/","og_locale":"sv_SE","og_type":"article","og_title":"Cirkelledare - Norr","og_description":"F\u00f6r dig som \u00e4r eller vill bli cirkelledare hos ABF Norr. H\u00e4r hittar du information om hur du startar en cirkel eller kulturarrangemang.","og_url":"https:\/\/www.abf.se\/norr\/cirkelledare\/","og_site_name":"Norr","article_modified_time":"2024-04-24T09:11:57+00:00","og_image":[{"width":682,"height":601,"url":"https:\/\/www.abf.se\/wp-content\/uploads\/sites\/37\/2024\/03\/5-1.png","type":"image\/png"}],"twitter_card":"summary_large_image","schema":{"@context":"https:\/\/schema.org","@graph":[{"@type":"WebPage","@id":"https:\/\/www.abf.se\/norr\/cirkelledare\/","url":"https:\/\/www.abf.se\/norr\/cirkelledare\/","name":"Cirkelledare - Norr","isPartOf":{"@id":"https:\/\/www.abf.se\/norr\/#website"},"datePublished":"2024-03-11T13:18:30+00:00","dateModified":"2024-04-24T09:11:57+00:00","description":"F\u00f6r dig som \u00e4r eller vill bli cirkelledare hos ABF Norr. H\u00e4r hittar du information om hur du startar en cirkel eller kulturarrangemang.","breadcrumb":{"@id":"https:\/\/www.abf.se\/norr\/cirkelledare\/#breadcrumb"},"inLanguage":"sv-SE","potentialAction":[{"@type":"ReadAction","target":["https:\/\/www.abf.se\/norr\/cirkelledare\/"]}]},{"@type":"BreadcrumbList","@id":"https:\/\/www.abf.se\/norr\/cirkelledare\/#breadcrumb","itemListElement":[{"@type":"ListItem","position":1,"name":"Home","item":"https:\/\/www.abf.se\/norr\/"},{"@type":"ListItem","position":2,"name":"Cirkelledare"}]},{"@type":"WebSite","@id":"https:\/\/www.abf.se\/norr\/#website","url":"https:\/\/www.abf.se\/norr\/","name":"Norr","description":"","potentialAction":[{"@type":"SearchAction","target":{"@type":"EntryPoint","urlTemplate":"https:\/\/www.abf.se\/norr\/?s={search_term_string}"},"query-input":{"@type":"PropertyValueSpecification","valueRequired":true,"valueName":"search_term_string"}}],"inLanguage":"sv-SE"}]}},"_links":{"self":[{"href":"https:\/\/www.abf.se\/norr\/wp-json\/wp\/v2\/pages\/5","targetHints":{"allow":["GET"]}}],"collection":[{"href":"https:\/\/www.abf.se\/norr\/wp-json\/wp\/v2\/pages"}],"about":[{"href":"https:\/\/www.abf.se\/norr\/wp-json\/wp\/v2\/types\/page"}],"author":[{"embeddable":true,"href":"https:\/\/www.abf.se\/norr\/wp-json\/wp\/v2\/users\/4"}],"replies":[{"embeddable":true,"href":"https:\/\/www.abf.se\/norr\/wp-json\/wp\/v2\/comments?post=5"}],"version-history":[{"count":8,"href":"https:\/\/www.abf.se\/norr\/wp-json\/wp\/v2\/pages\/5\/revisions"}],"predecessor-version":[{"id":803,"href":"https:\/\/www.abf.se\/norr\/wp-json\/wp\/v2\/pages\/5\/revisions\/803"}],"wp:attachment":[{"href":"https:\/\/www.abf.se\/norr\/wp-json\/wp\/v2\/media?parent=5"}],"curies":[{"name":"wp","href":"https:\/\/api.w.org\/{rel}","templated":true}]}}