{"id":680,"date":"2024-04-08T13:14:25","date_gmt":"2024-04-08T11:14:25","guid":{"rendered":"https:\/\/www.abf.se\/norr\/?page_id=680"},"modified":"2024-04-24T09:45:09","modified_gmt":"2024-04-24T07:45:09","slug":"680-2","status":"publish","type":"page","link":"https:\/\/www.abf.se\/norr\/680-2\/","title":{"rendered":"Press"},"content":{"rendered":"<div\n    class=\"acf-hero-block container-lg no-padding mb-12 js-geolocation\"\n    data-block=\"hero-block\"\n    data-index=\"0\"\n>\n    <div class=\"h-[548px]  relative rounded-[32px] overflow-hidden flex bg-gray-light\">\n        <div class=\"relative z-10 mt-auto h-auto w-full md:h-full\">\n            <div class=\"flex w-full h-full flex-col flex-wrap justify-end w-full md:w-7\/12 lg:w-1\/2 md:justify-center\">\n                <div class=\"flex flex-col gap-3 md:gap-[18px] md:transparent pt-16 pb-36 md:py-8 px-4 w-full md:max-w-[620px] mx-auto px-8\">\n\n                    <h1 class=\"hero-heading hero-heading--red-text\"><span>Press<\/span><\/h1>\n\n                    \n                                    <\/div>\n            <\/div>\n        <\/div>\n\n                    <picture class=\"as-background-image mix-blend-multiply bg-black\/40\"><img decoding=\"async\" src=\"https:\/\/www.abf.se\/resized\/wp-content\/uploads\/2024\/04\/Foto-Film-Media-03.jpg?fit=crop&#038;w=1440&#038;s=bfc53c45987f13cb223ebb8d86d47a90\" srcset=\"https:\/\/www.abf.se\/resized\/wp-content\/uploads\/2024\/04\/Foto-Film-Media-03.jpg?fit=crop&#038;w=375&#038;h=540&#038;s=8b291ec80c0dd34407e17ded5407ae1c 375w, https:\/\/www.abf.se\/resized\/wp-content\/uploads\/2024\/04\/Foto-Film-Media-03.jpg?fit=crop&#038;w=447&#038;h=540&#038;s=9125837bab7e5012cee47ad4a795a729 447w, https:\/\/www.abf.se\/resized\/wp-content\/uploads\/2024\/04\/Foto-Film-Media-03.jpg?fit=crop&#038;w=519&#038;h=540&#038;s=a3382e9c70ed7cdefbe629e2059671d8 519w, https:\/\/www.abf.se\/resized\/wp-content\/uploads\/2024\/04\/Foto-Film-Media-03.jpg?fit=crop&#038;w=591&#038;h=540&#038;s=735ab8be94490571c46dc3036a0c1f5d 591w, https:\/\/www.abf.se\/resized\/wp-content\/uploads\/2024\/04\/Foto-Film-Media-03.jpg?fit=crop&#038;w=663&#038;h=540&#038;s=c89fda014905add91e2161ff445862e4 663w, https:\/\/www.abf.se\/resized\/wp-content\/uploads\/2024\/04\/Foto-Film-Media-03.jpg?fit=crop&#038;w=750&#038;h=540&#038;s=593df8f4d4445cc50d6094b618f71711 750w, https:\/\/www.abf.se\/resized\/wp-content\/uploads\/2024\/04\/Foto-Film-Media-03.jpg?fit=crop&#038;w=894&#038;h=540&#038;s=0820281680fdd097fe151d1e7e552808 894w, https:\/\/www.abf.se\/resized\/wp-content\/uploads\/2024\/04\/Foto-Film-Media-03.jpg?fit=crop&#038;w=1038&#038;h=540&#038;s=2c220577eae536a7174aadbb8a58173b 1038w, https:\/\/www.abf.se\/resized\/wp-content\/uploads\/2024\/04\/Foto-Film-Media-03.jpg?fit=crop&#038;w=1182&#038;h=540&#038;s=2f3ec557efd4fc5220e2757c41e4f470 1182w, https:\/\/www.abf.se\/resized\/wp-content\/uploads\/2024\/04\/Foto-Film-Media-03.jpg?fit=crop&#038;w=1326&#038;h=540&#038;s=df1c119319e22a01d164d8287272e95a 1326w, https:\/\/www.abf.se\/resized\/wp-content\/uploads\/2024\/04\/Foto-Film-Media-03.jpg?fit=crop&#038;w=1440&#038;h=540&#038;s=918c2f08dab173ef805f3bffad96bb45 1440w\" alt=\"\" height=\"540\" width=\"1440\" sizes=\"(max-width: 1440px) calc(100vw - 32px), 1440px\" loading=\"eager\" fetchpriority=\"high\" aria-hidden=\"true\" role=\"presentation\" \/><\/picture>\n        \n\n            <\/div>\n\n    <\/div>\n\n\n\n<div\n    class=\"acf-plain-heading-block container my-16\"\n    data-block=\"plain-heading-block\"\n>\n    <div class=\"max-w-[658px] mx-auto\">\n                            <p class=\"mt-8 body-xl text-black\">\n                ABFs presskontakt besvarar medias fr\u00e5gor om f\u00f6rbundet och f\u00f6rmedlar kontaktuppgifter till f\u00f6rbundsledning samt andra talespersoner inom ABF.\u00a0\n            <\/p>\n            <\/div>\n<\/div>\n\n\n<div\n    class=\"acf-article-text-block article-container my-12\"\n    data-block=\"article-text-block\"\n>\n    <div class=\"wysiwyg\">\n        <h2>Presskontakt<\/h2>\n<p><span data-contrast=\"auto\">E-post:\u00a0<\/span><a href=\"mailto:press@abf.se\"><span data-contrast=\"none\">press@abf.se<\/span><\/a><span data-ccp-props=\"{}\">\u00a0<\/span><\/p>\n<h3>ABFs logotyp<\/h3>\n<ul>\n<li><a href=\"https:\/\/www.abf.se\/wp-content\/uploads\/2025\/07\/ABF_logo_rund.png\" target=\"_blank\" rel=\"noopener\">ABF logotyp PNG<\/a>\u00a0\u2013 f\u00f6r webb, sociala medier och digitala presentationer<\/li>\n<li><a href=\"https:\/\/www.abf.se\/wp-content\/uploads\/2025\/09\/ABF_logo_rund.jpg.jpg\" target=\"_blank\" rel=\"noopener\">ABF logotyp JPG<\/a>\u00a0\u2013 f\u00f6r enklare digital anv\u00e4ndning d\u00e4r filstorlek spelar roll<\/li>\n<li><a href=\"https:\/\/www.abf.se\/wp-content\/uploads\/2025\/09\/ABF_logo_rund.svg.svg\" target=\"_blank\" rel=\"noopener\">ABF logotyp SVG<\/a> \u2013 f\u00f6r skalbar grafik p\u00e5 webb och digitala system<\/li>\n<li><a href=\"https:\/\/www.abf.se\/wp-content\/uploads\/2025\/09\/ABF_logo_rund_CMYK.pdf\" target=\"_blank\" rel=\"noopener\">ABF logotyp PDF<\/a>\u2013 f\u00f6r tryck, annonser, affischer, foldrar och annat printmaterial<\/li>\n<\/ul>\n<p>Beh\u00f6ver du logotypen i ett annat format? Kontakta Caroline Forsl\u00f6w p\u00e5 <a href=\"mailto:caroline.forslow@abf.se\" target=\"_blank\" rel=\"noopener\">caroline.forslow@abf.se<\/a>.<\/p>\n<h3>Pressbilder<\/h3>\n<ul>\n<li><a href=\"https:\/\/www.abf.se\/wp-content\/uploads\/2025\/07\/ABF5611.jpg\" target=\"_blank\" rel=\"noopener\">Annica Dahl, ABFs f\u00f6rbundssekreterare och Tomas Eneroth, ABFs f\u00f6rbundsordf\u00f6rande<\/a><\/li>\n<li><a href=\"https:\/\/www.abf.se\/wp-content\/uploads\/2025\/07\/ABF5836.jpg\" target=\"_blank\" rel=\"noopener\">Annica Dahl, ABFs f\u00f6rbundssekreterare och Tomas Eneroth, ABFs f\u00f6rbundsordf\u00f6rande<\/a><\/li>\n<li><a href=\"https:\/\/www.abf.se\/wp-content\/uploads\/2025\/07\/ABF5919-1.jpg\" target=\"_blank\" rel=\"noopener\">Tomas Eneroth, ABFs f\u00f6rbundsordf\u00f6rande<\/a><\/li>\n<li><a href=\"https:\/\/www.abf.se\/wp-content\/uploads\/2025\/07\/ABF6046.jpg\" target=\"_blank\" rel=\"noopener\">Annica Dahl, ABFs f\u00f6rbundssekreterare<\/a><\/li>\n<\/ul>\n\n    <\/div>\n<\/div>\n<div class=\"my-8 container-lg acf-link-block\" data-block=\"link-block\" class=\"acf-link-block\" data-block=\"link-block\">\n    <div class=\"w-full bg-red  round-corners-lg px-4 md:px-8 py-11 md:py-16\">\n        <h2 class=\"heading-lg mb-7 text-center text-white\">\n            Kontakta ABF Norr\n        <\/h2>\n            <ul class=\"grid grid-cols-1 gap-x-4 gap-y-3 md:grid-cols-2\">\n                                                        <li>\n                        <a\n    class=\"large-button-link\"\n    href=\"https:\/\/www.abf.se\/norr\/kontakt\/\"\n    target=\"\"\n>\n    <span class=\"flex-1\">Kontakt<\/span>\n\n    <figure\n        aria-hidden=\"true\"\n        class=\"w-5\"\n    >\n                    <svg width=\"20\" height=\"20\" viewBox=\"0 0 20 20\" fill=\"none\" class=\"SvgIconElement\">\n<path d=\"M4.16659 10L15.8333 10\" stroke=\"currentColor\"\/>\n<path d=\"M9.99992 4.1665L15.8333 9.99984L9.99992 15.8332\" stroke=\"currentColor\"\/>\n<\/svg>\n            <\/figure>\n<\/a>\n                    <\/li>\n                            <\/ul>\n        <\/ul>\n    <\/div>\n<\/div>","protected":false},"excerpt":{"rendered":"","protected":false},"author":27,"featured_media":0,"parent":0,"menu_order":0,"comment_status":"closed","ping_status":"closed","template":"","meta":{"_acf_changed":false,"footnotes":""},"class_list":["post-680","page","type-page","status-publish","hentry"],"acf":[],"yoast_head":"<!-- This site is optimized with the Yoast SEO plugin v27.0 - https:\/\/yoast.com\/product\/yoast-seo-wordpress\/ -->\n<title>Press - Norr<\/title>\n<meta name=\"robots\" content=\"index, follow, max-snippet:-1, max-image-preview:large, max-video-preview:-1\" \/>\n<link rel=\"canonical\" href=\"https:\/\/www.abf.se\/norr\/680-2\/\" \/>\n<meta property=\"og:locale\" content=\"sv_SE\" \/>\n<meta property=\"og:type\" content=\"article\" \/>\n<meta property=\"og:title\" content=\"Press - Norr\" \/>\n<meta property=\"og:url\" content=\"https:\/\/www.abf.se\/norr\/680-2\/\" \/>\n<meta property=\"og:site_name\" content=\"Norr\" \/>\n<meta property=\"article:modified_time\" content=\"2024-04-24T07:45:09+00:00\" \/>\n<meta property=\"og:image\" content=\"https:\/\/www.abf.se\/wp-content\/uploads\/sites\/37\/2024\/03\/5-1.png\" \/>\n\t<meta property=\"og:image:width\" content=\"682\" \/>\n\t<meta property=\"og:image:height\" content=\"601\" \/>\n\t<meta property=\"og:image:type\" content=\"image\/png\" \/>\n<meta name=\"twitter:card\" content=\"summary_large_image\" \/>\n<script type=\"application\/ld+json\" class=\"yoast-schema-graph\">{\"@context\":\"https:\/\/schema.org\",\"@graph\":[{\"@type\":\"WebPage\",\"@id\":\"https:\/\/www.abf.se\/norr\/680-2\/\",\"url\":\"https:\/\/www.abf.se\/norr\/680-2\/\",\"name\":\"Press - Norr\",\"isPartOf\":{\"@id\":\"https:\/\/www.abf.se\/norr\/#website\"},\"datePublished\":\"2024-04-08T11:14:25+00:00\",\"dateModified\":\"2024-04-24T07:45:09+00:00\",\"breadcrumb\":{\"@id\":\"https:\/\/www.abf.se\/norr\/680-2\/#breadcrumb\"},\"inLanguage\":\"sv-SE\",\"potentialAction\":[{\"@type\":\"ReadAction\",\"target\":[\"https:\/\/www.abf.se\/norr\/680-2\/\"]}]},{\"@type\":\"BreadcrumbList\",\"@id\":\"https:\/\/www.abf.se\/norr\/680-2\/#breadcrumb\",\"itemListElement\":[{\"@type\":\"ListItem\",\"position\":1,\"name\":\"Home\",\"item\":\"https:\/\/www.abf.se\/norr\/\"},{\"@type\":\"ListItem\",\"position\":2,\"name\":\"Press\"}]},{\"@type\":\"WebSite\",\"@id\":\"https:\/\/www.abf.se\/norr\/#website\",\"url\":\"https:\/\/www.abf.se\/norr\/\",\"name\":\"Norr\",\"description\":\"\",\"potentialAction\":[{\"@type\":\"SearchAction\",\"target\":{\"@type\":\"EntryPoint\",\"urlTemplate\":\"https:\/\/www.abf.se\/norr\/?s={search_term_string}\"},\"query-input\":{\"@type\":\"PropertyValueSpecification\",\"valueRequired\":true,\"valueName\":\"search_term_string\"}}],\"inLanguage\":\"sv-SE\"}]}<\/script>\n<!-- \/ Yoast SEO plugin. -->","yoast_head_json":{"title":"Press - Norr","robots":{"index":"index","follow":"follow","max-snippet":"max-snippet:-1","max-image-preview":"max-image-preview:large","max-video-preview":"max-video-preview:-1"},"canonical":"https:\/\/www.abf.se\/norr\/680-2\/","og_locale":"sv_SE","og_type":"article","og_title":"Press - Norr","og_url":"https:\/\/www.abf.se\/norr\/680-2\/","og_site_name":"Norr","article_modified_time":"2024-04-24T07:45:09+00:00","og_image":[{"width":682,"height":601,"url":"https:\/\/www.abf.se\/wp-content\/uploads\/sites\/37\/2024\/03\/5-1.png","type":"image\/png"}],"twitter_card":"summary_large_image","schema":{"@context":"https:\/\/schema.org","@graph":[{"@type":"WebPage","@id":"https:\/\/www.abf.se\/norr\/680-2\/","url":"https:\/\/www.abf.se\/norr\/680-2\/","name":"Press - Norr","isPartOf":{"@id":"https:\/\/www.abf.se\/norr\/#website"},"datePublished":"2024-04-08T11:14:25+00:00","dateModified":"2024-04-24T07:45:09+00:00","breadcrumb":{"@id":"https:\/\/www.abf.se\/norr\/680-2\/#breadcrumb"},"inLanguage":"sv-SE","potentialAction":[{"@type":"ReadAction","target":["https:\/\/www.abf.se\/norr\/680-2\/"]}]},{"@type":"BreadcrumbList","@id":"https:\/\/www.abf.se\/norr\/680-2\/#breadcrumb","itemListElement":[{"@type":"ListItem","position":1,"name":"Home","item":"https:\/\/www.abf.se\/norr\/"},{"@type":"ListItem","position":2,"name":"Press"}]},{"@type":"WebSite","@id":"https:\/\/www.abf.se\/norr\/#website","url":"https:\/\/www.abf.se\/norr\/","name":"Norr","description":"","potentialAction":[{"@type":"SearchAction","target":{"@type":"EntryPoint","urlTemplate":"https:\/\/www.abf.se\/norr\/?s={search_term_string}"},"query-input":{"@type":"PropertyValueSpecification","valueRequired":true,"valueName":"search_term_string"}}],"inLanguage":"sv-SE"}]}},"_links":{"self":[{"href":"https:\/\/www.abf.se\/norr\/wp-json\/wp\/v2\/pages\/680","targetHints":{"allow":["GET"]}}],"collection":[{"href":"https:\/\/www.abf.se\/norr\/wp-json\/wp\/v2\/pages"}],"about":[{"href":"https:\/\/www.abf.se\/norr\/wp-json\/wp\/v2\/types\/page"}],"author":[{"embeddable":true,"href":"https:\/\/www.abf.se\/norr\/wp-json\/wp\/v2\/users\/27"}],"replies":[{"embeddable":true,"href":"https:\/\/www.abf.se\/norr\/wp-json\/wp\/v2\/comments?post=680"}],"version-history":[{"count":4,"href":"https:\/\/www.abf.se\/norr\/wp-json\/wp\/v2\/pages\/680\/revisions"}],"predecessor-version":[{"id":740,"href":"https:\/\/www.abf.se\/norr\/wp-json\/wp\/v2\/pages\/680\/revisions\/740"}],"wp:attachment":[{"href":"https:\/\/www.abf.se\/norr\/wp-json\/wp\/v2\/media?parent=680"}],"curies":[{"name":"wp","href":"https:\/\/api.w.org\/{rel}","templated":true}]}}