{"id":8,"date":"2024-03-11T15:13:53","date_gmt":"2024-03-11T14:13:53","guid":{"rendered":"https:\/\/www.abf.se\/norr\/?page_id=8"},"modified":"2025-08-11T16:39:28","modified_gmt":"2025-08-11T14:39:28","slug":"lediga-tjanster","status":"publish","type":"page","link":"https:\/\/www.abf.se\/norr\/om-oss\/lediga-tjanster\/","title":{"rendered":"Lediga tj\u00e4nster"},"content":{"rendered":"<div\n    class=\"acf-hero-block container-lg no-padding mb-12 js-geolocation\"\n    data-block=\"hero-block\"\n    data-index=\"0\"\n>\n    <div class=\"h-[548px]  relative rounded-[32px] overflow-hidden flex bg-gray-light\">\n        <div class=\"relative z-10 mt-auto h-auto w-full md:h-full\">\n            <div class=\"flex w-full h-full flex-col flex-wrap justify-end w-full md:w-7\/12 lg:w-1\/2 md:justify-center\">\n                <div class=\"flex flex-col gap-3 md:gap-[18px] md:transparent pt-16 pb-36 md:py-8 px-4 w-full md:max-w-[620px] mx-auto px-8\">\n\n                    <h1 class=\"hero-heading hero-heading--red-text\"><span>Lediga tj\u00e4nster<\/span><\/h1>\n\n                                            <p class=\"mt-4 max-w-[48ch] text-white\">\n                            V\u00e4lkommen med din ans\u00f6kan! \n                        <\/p>\n                    \n                                    <\/div>\n            <\/div>\n        <\/div>\n\n                    <picture class=\"as-background-image mix-blend-multiply bg-black\/40\"><img decoding=\"async\" src=\"https:\/\/www.abf.se\/norr\/resized\/?url=https%3A%2F%2Fwww.abf.se%2Fwp-content%2Fuploads%2F2024%2F04%2FLitteratur-Svenska-Retorik-02.jpg&#038;fit=crop&#038;w=1440&#038;s=ad1e0afc81f782af8b9410a72daf8bb9\" srcset=\"https:\/\/www.abf.se\/norr\/resized\/?url=https%3A%2F%2Fwww.abf.se%2Fwp-content%2Fuploads%2F2024%2F04%2FLitteratur-Svenska-Retorik-02.jpg&#038;fit=crop&#038;w=375&#038;h=540&#038;s=b37eb16f6f6a3c26c66c6c6b04873768 375w, https:\/\/www.abf.se\/norr\/resized\/?url=https%3A%2F%2Fwww.abf.se%2Fwp-content%2Fuploads%2F2024%2F04%2FLitteratur-Svenska-Retorik-02.jpg&#038;fit=crop&#038;w=447&#038;h=540&#038;s=e88e5fbff2164a9d727d0e7fbc402112 447w, https:\/\/www.abf.se\/norr\/resized\/?url=https%3A%2F%2Fwww.abf.se%2Fwp-content%2Fuploads%2F2024%2F04%2FLitteratur-Svenska-Retorik-02.jpg&#038;fit=crop&#038;w=519&#038;h=540&#038;s=ea8033e5fb4db5d2bd71223a61c6868f 519w, https:\/\/www.abf.se\/norr\/resized\/?url=https%3A%2F%2Fwww.abf.se%2Fwp-content%2Fuploads%2F2024%2F04%2FLitteratur-Svenska-Retorik-02.jpg&#038;fit=crop&#038;w=591&#038;h=540&#038;s=1aa18fe3d64cb166ccb807ebd863a910 591w, https:\/\/www.abf.se\/norr\/resized\/?url=https%3A%2F%2Fwww.abf.se%2Fwp-content%2Fuploads%2F2024%2F04%2FLitteratur-Svenska-Retorik-02.jpg&#038;fit=crop&#038;w=663&#038;h=540&#038;s=637514221d693c38fc2713f97efe9658 663w, https:\/\/www.abf.se\/norr\/resized\/?url=https%3A%2F%2Fwww.abf.se%2Fwp-content%2Fuploads%2F2024%2F04%2FLitteratur-Svenska-Retorik-02.jpg&#038;fit=crop&#038;w=750&#038;h=540&#038;s=fde4105a4f0df99733f67f758a19db9d 750w, https:\/\/www.abf.se\/norr\/resized\/?url=https%3A%2F%2Fwww.abf.se%2Fwp-content%2Fuploads%2F2024%2F04%2FLitteratur-Svenska-Retorik-02.jpg&#038;fit=crop&#038;w=894&#038;h=540&#038;s=18fd9634c4f300833697af2f061e13ac 894w, https:\/\/www.abf.se\/norr\/resized\/?url=https%3A%2F%2Fwww.abf.se%2Fwp-content%2Fuploads%2F2024%2F04%2FLitteratur-Svenska-Retorik-02.jpg&#038;fit=crop&#038;w=1038&#038;h=540&#038;s=1430e8f46b1eecdc301aecb035d57e67 1038w, https:\/\/www.abf.se\/norr\/resized\/?url=https%3A%2F%2Fwww.abf.se%2Fwp-content%2Fuploads%2F2024%2F04%2FLitteratur-Svenska-Retorik-02.jpg&#038;fit=crop&#038;w=1182&#038;h=540&#038;s=0b237d58c9e35749d3011644d748e9d3 1182w, https:\/\/www.abf.se\/norr\/resized\/?url=https%3A%2F%2Fwww.abf.se%2Fwp-content%2Fuploads%2F2024%2F04%2FLitteratur-Svenska-Retorik-02.jpg&#038;fit=crop&#038;w=1326&#038;h=540&#038;s=3bcb8b06491fe19cf3e81088b1e25e58 1326w, https:\/\/www.abf.se\/norr\/resized\/?url=https%3A%2F%2Fwww.abf.se%2Fwp-content%2Fuploads%2F2024%2F04%2FLitteratur-Svenska-Retorik-02.jpg&#038;fit=crop&#038;w=1440&#038;h=540&#038;s=cc58dc82cc18298dad5714ef8c5e0061 1440w\" alt=\"\" height=\"540\" width=\"1440\" sizes=\"(max-width: 1440px) calc(100vw - 32px), 1440px\" loading=\"eager\" fetchpriority=\"high\" aria-hidden=\"true\" role=\"presentation\" \/><\/picture>\n        \n\n            <\/div>\n\n    <\/div>\n\n<div\n    class=\"acf-quick-link-block bg-red py-12 md:py-20\"\n    data-block=\"quick-link-block\"\n>\n    <div class=\"container\">\n                    <h2 class=\"heading-lg mb-7 text-center text-white\">\n                Lediga tj\u00e4nster\n            <\/h2>\n        \n        <div\n            class=\"px-5 content:px-0 grid grid-cols-1 gap-8\">\n            \n            <article\nclass=\"round-corners-sm p-6 relative group grid grid-rows-[subgrid] row-[span_3] gap-4 bg-white text-red\"\n>\n            <h3\n        class=\"heading-sm group-hover:underline text-red\">\n            <a href=\"mailto:anita.tangmark@abf.se\" class=\"expanded-hit-area\" target=\"_blank\">\n                Spontanans\u00f6kan\n            <\/a>\n        <\/h3>\n                <p class=\"body-md text-gray-text\">\n            Finns det inga lediga tj\u00e4nster eller n\u00e5gra tj\u00e4nster som passar just dig, \r\n\u00e4r du alltid v\u00e4lkommen med en spontanans\u00f6kan.\n        <\/p>\n        <figure\n    class=\"w-[38px] h-[38px] rounded-full p-2 group-hover:scale-110 transition-transform duration-300 self-end pointer-events-none bg-red text-white\">\n        <svg width=\"20\" height=\"20\" viewBox=\"0 0 20 20\" fill=\"none\" class=\"SvgIconElement\">\n<path d=\"M4.16659 10L15.8333 10\" stroke=\"currentColor\"\/>\n<path d=\"M9.99992 4.1665L15.8333 9.99984L9.99992 15.8332\" stroke=\"currentColor\"\/>\n<\/svg>\n    <\/figure>\n<\/article>                    <\/div>\n    <\/div>\n<\/div>\n","protected":false},"excerpt":{"rendered":"","protected":false},"author":4,"featured_media":0,"parent":112,"menu_order":0,"comment_status":"closed","ping_status":"closed","template":"","meta":{"_acf_changed":false,"footnotes":""},"class_list":["post-8","page","type-page","status-publish","hentry"],"acf":[],"yoast_head":"<!-- This site is optimized with the Yoast SEO plugin v27.0 - https:\/\/yoast.com\/product\/yoast-seo-wordpress\/ -->\n<title>Lediga tj\u00e4nster - Norr<\/title>\n<meta name=\"robots\" content=\"index, follow, max-snippet:-1, max-image-preview:large, max-video-preview:-1\" \/>\n<link rel=\"canonical\" href=\"https:\/\/www.abf.se\/norr\/om-oss\/lediga-tjanster\/\" \/>\n<meta property=\"og:locale\" content=\"sv_SE\" \/>\n<meta property=\"og:type\" content=\"article\" \/>\n<meta property=\"og:title\" content=\"Lediga tj\u00e4nster - Norr\" \/>\n<meta property=\"og:url\" content=\"https:\/\/www.abf.se\/norr\/om-oss\/lediga-tjanster\/\" \/>\n<meta property=\"og:site_name\" content=\"Norr\" \/>\n<meta property=\"article:modified_time\" content=\"2025-08-11T14:39:28+00:00\" \/>\n<meta property=\"og:image\" content=\"https:\/\/www.abf.se\/wp-content\/uploads\/sites\/37\/2024\/03\/5-1.png\" \/>\n\t<meta property=\"og:image:width\" content=\"682\" \/>\n\t<meta property=\"og:image:height\" content=\"601\" \/>\n\t<meta property=\"og:image:type\" content=\"image\/png\" \/>\n<meta name=\"twitter:card\" content=\"summary_large_image\" \/>\n<script type=\"application\/ld+json\" class=\"yoast-schema-graph\">{\"@context\":\"https:\/\/schema.org\",\"@graph\":[{\"@type\":\"WebPage\",\"@id\":\"https:\/\/www.abf.se\/norr\/om-oss\/lediga-tjanster\/\",\"url\":\"https:\/\/www.abf.se\/norr\/om-oss\/lediga-tjanster\/\",\"name\":\"Lediga tj\u00e4nster - Norr\",\"isPartOf\":{\"@id\":\"https:\/\/www.abf.se\/norr\/#website\"},\"datePublished\":\"2024-03-11T14:13:53+00:00\",\"dateModified\":\"2025-08-11T14:39:28+00:00\",\"breadcrumb\":{\"@id\":\"https:\/\/www.abf.se\/norr\/om-oss\/lediga-tjanster\/#breadcrumb\"},\"inLanguage\":\"sv-SE\",\"potentialAction\":[{\"@type\":\"ReadAction\",\"target\":[\"https:\/\/www.abf.se\/norr\/om-oss\/lediga-tjanster\/\"]}]},{\"@type\":\"BreadcrumbList\",\"@id\":\"https:\/\/www.abf.se\/norr\/om-oss\/lediga-tjanster\/#breadcrumb\",\"itemListElement\":[{\"@type\":\"ListItem\",\"position\":1,\"name\":\"Home\",\"item\":\"https:\/\/www.abf.se\/norr\/\"},{\"@type\":\"ListItem\",\"position\":2,\"name\":\"Om oss\",\"item\":\"https:\/\/www.abf.se\/norr\/om-oss\/\"},{\"@type\":\"ListItem\",\"position\":3,\"name\":\"Lediga tj\u00e4nster\"}]},{\"@type\":\"WebSite\",\"@id\":\"https:\/\/www.abf.se\/norr\/#website\",\"url\":\"https:\/\/www.abf.se\/norr\/\",\"name\":\"Norr\",\"description\":\"\",\"potentialAction\":[{\"@type\":\"SearchAction\",\"target\":{\"@type\":\"EntryPoint\",\"urlTemplate\":\"https:\/\/www.abf.se\/norr\/?s={search_term_string}\"},\"query-input\":{\"@type\":\"PropertyValueSpecification\",\"valueRequired\":true,\"valueName\":\"search_term_string\"}}],\"inLanguage\":\"sv-SE\"}]}<\/script>\n<!-- \/ Yoast SEO plugin. -->","yoast_head_json":{"title":"Lediga tj\u00e4nster - Norr","robots":{"index":"index","follow":"follow","max-snippet":"max-snippet:-1","max-image-preview":"max-image-preview:large","max-video-preview":"max-video-preview:-1"},"canonical":"https:\/\/www.abf.se\/norr\/om-oss\/lediga-tjanster\/","og_locale":"sv_SE","og_type":"article","og_title":"Lediga tj\u00e4nster - Norr","og_url":"https:\/\/www.abf.se\/norr\/om-oss\/lediga-tjanster\/","og_site_name":"Norr","article_modified_time":"2025-08-11T14:39:28+00:00","og_image":[{"width":682,"height":601,"url":"https:\/\/www.abf.se\/wp-content\/uploads\/sites\/37\/2024\/03\/5-1.png","type":"image\/png"}],"twitter_card":"summary_large_image","schema":{"@context":"https:\/\/schema.org","@graph":[{"@type":"WebPage","@id":"https:\/\/www.abf.se\/norr\/om-oss\/lediga-tjanster\/","url":"https:\/\/www.abf.se\/norr\/om-oss\/lediga-tjanster\/","name":"Lediga tj\u00e4nster - Norr","isPartOf":{"@id":"https:\/\/www.abf.se\/norr\/#website"},"datePublished":"2024-03-11T14:13:53+00:00","dateModified":"2025-08-11T14:39:28+00:00","breadcrumb":{"@id":"https:\/\/www.abf.se\/norr\/om-oss\/lediga-tjanster\/#breadcrumb"},"inLanguage":"sv-SE","potentialAction":[{"@type":"ReadAction","target":["https:\/\/www.abf.se\/norr\/om-oss\/lediga-tjanster\/"]}]},{"@type":"BreadcrumbList","@id":"https:\/\/www.abf.se\/norr\/om-oss\/lediga-tjanster\/#breadcrumb","itemListElement":[{"@type":"ListItem","position":1,"name":"Home","item":"https:\/\/www.abf.se\/norr\/"},{"@type":"ListItem","position":2,"name":"Om oss","item":"https:\/\/www.abf.se\/norr\/om-oss\/"},{"@type":"ListItem","position":3,"name":"Lediga tj\u00e4nster"}]},{"@type":"WebSite","@id":"https:\/\/www.abf.se\/norr\/#website","url":"https:\/\/www.abf.se\/norr\/","name":"Norr","description":"","potentialAction":[{"@type":"SearchAction","target":{"@type":"EntryPoint","urlTemplate":"https:\/\/www.abf.se\/norr\/?s={search_term_string}"},"query-input":{"@type":"PropertyValueSpecification","valueRequired":true,"valueName":"search_term_string"}}],"inLanguage":"sv-SE"}]}},"_links":{"self":[{"href":"https:\/\/www.abf.se\/norr\/wp-json\/wp\/v2\/pages\/8","targetHints":{"allow":["GET"]}}],"collection":[{"href":"https:\/\/www.abf.se\/norr\/wp-json\/wp\/v2\/pages"}],"about":[{"href":"https:\/\/www.abf.se\/norr\/wp-json\/wp\/v2\/types\/page"}],"author":[{"embeddable":true,"href":"https:\/\/www.abf.se\/norr\/wp-json\/wp\/v2\/users\/4"}],"replies":[{"embeddable":true,"href":"https:\/\/www.abf.se\/norr\/wp-json\/wp\/v2\/comments?post=8"}],"version-history":[{"count":42,"href":"https:\/\/www.abf.se\/norr\/wp-json\/wp\/v2\/pages\/8\/revisions"}],"predecessor-version":[{"id":2086,"href":"https:\/\/www.abf.se\/norr\/wp-json\/wp\/v2\/pages\/8\/revisions\/2086"}],"up":[{"embeddable":true,"href":"https:\/\/www.abf.se\/norr\/wp-json\/wp\/v2\/pages\/112"}],"wp:attachment":[{"href":"https:\/\/www.abf.se\/norr\/wp-json\/wp\/v2\/media?parent=8"}],"curies":[{"name":"wp","href":"https:\/\/api.w.org\/{rel}","templated":true}]}}