{"id":1176,"date":"2025-10-02T09:55:34","date_gmt":"2025-10-02T07:55:34","guid":{"rendered":"https:\/\/www.abf.se\/norra-stockholms-lan\/?page_id=1176"},"modified":"2025-10-02T13:39:32","modified_gmt":"2025-10-02T11:39:32","slug":"ovriga-samverkande-foreningar-organisationer","status":"publish","type":"page","link":"https:\/\/www.abf.se\/norra-stockholms-lan\/ovriga-samverkande-foreningar-organisationer\/","title":{"rendered":"\u00d6vriga samverkande f\u00f6reningar\/organisationer"},"content":{"rendered":"<div\n    class=\"acf-plain-heading-block container my-16\"\n    data-block=\"plain-heading-block\"\n>\n    <div class=\"max-w-[658px] mx-auto\">\n                            <p class=\"mt-8 body-xl text-black\">\n                H\u00e4r kommer v\u00e5ra samverkande f\u00f6reningar och organisationer listas inom kort.\n            <\/p>\n            <\/div>\n<\/div>\n<div\n    class=\"acf-article-text-block article-container my-12\"\n    data-block=\"article-text-block\"\n>\n    <div class=\"wysiwyg\">\n        <ul>\n<li>A<\/li>\n<li>B<\/li>\n<li>F<\/li>\n<\/ul>\n\n    <\/div>\n<\/div>\n","protected":false},"excerpt":{"rendered":"","protected":false},"author":21,"featured_media":0,"parent":0,"menu_order":0,"comment_status":"closed","ping_status":"closed","template":"","meta":{"_acf_changed":false,"footnotes":""},"class_list":["post-1176","page","type-page","status-publish","hentry"],"acf":[],"yoast_head":"<!-- This site is optimized with the Yoast SEO plugin v27.0 - https:\/\/yoast.com\/product\/yoast-seo-wordpress\/ -->\n<title>\u00d6vriga samverkande f\u00f6reningar\/organisationer - Norra Stockholms l\u00e4n<\/title>\n<meta name=\"robots\" content=\"index, follow, max-snippet:-1, max-image-preview:large, max-video-preview:-1\" \/>\n<link rel=\"canonical\" href=\"https:\/\/www.abf.se\/norra-stockholms-lan\/ovriga-samverkande-foreningar-organisationer\/\" \/>\n<meta property=\"og:locale\" content=\"sv_SE\" \/>\n<meta property=\"og:type\" content=\"article\" \/>\n<meta property=\"og:title\" content=\"\u00d6vriga samverkande f\u00f6reningar\/organisationer - Norra Stockholms l\u00e4n\" \/>\n<meta property=\"og:url\" content=\"https:\/\/www.abf.se\/norra-stockholms-lan\/ovriga-samverkande-foreningar-organisationer\/\" \/>\n<meta property=\"og:site_name\" content=\"Norra Stockholms l\u00e4n\" \/>\n<meta property=\"article:modified_time\" content=\"2025-10-02T11:39:32+00:00\" \/>\n<meta name=\"twitter:card\" content=\"summary_large_image\" \/>\n<script type=\"application\/ld+json\" class=\"yoast-schema-graph\">{\"@context\":\"https:\/\/schema.org\",\"@graph\":[{\"@type\":\"WebPage\",\"@id\":\"https:\/\/www.abf.se\/norra-stockholms-lan\/ovriga-samverkande-foreningar-organisationer\/\",\"url\":\"https:\/\/www.abf.se\/norra-stockholms-lan\/ovriga-samverkande-foreningar-organisationer\/\",\"name\":\"\u00d6vriga samverkande f\u00f6reningar\/organisationer - Norra Stockholms l\u00e4n\",\"isPartOf\":{\"@id\":\"https:\/\/www.abf.se\/norra-stockholms-lan\/#website\"},\"datePublished\":\"2025-10-02T07:55:34+00:00\",\"dateModified\":\"2025-10-02T11:39:32+00:00\",\"breadcrumb\":{\"@id\":\"https:\/\/www.abf.se\/norra-stockholms-lan\/ovriga-samverkande-foreningar-organisationer\/#breadcrumb\"},\"inLanguage\":\"sv-SE\",\"potentialAction\":[{\"@type\":\"ReadAction\",\"target\":[\"https:\/\/www.abf.se\/norra-stockholms-lan\/ovriga-samverkande-foreningar-organisationer\/\"]}]},{\"@type\":\"BreadcrumbList\",\"@id\":\"https:\/\/www.abf.se\/norra-stockholms-lan\/ovriga-samverkande-foreningar-organisationer\/#breadcrumb\",\"itemListElement\":[{\"@type\":\"ListItem\",\"position\":1,\"name\":\"Home\",\"item\":\"https:\/\/www.abf.se\/norra-stockholms-lan\/\"},{\"@type\":\"ListItem\",\"position\":2,\"name\":\"\u00d6vriga samverkande f\u00f6reningar\/organisationer\"}]},{\"@type\":\"WebSite\",\"@id\":\"https:\/\/www.abf.se\/norra-stockholms-lan\/#website\",\"url\":\"https:\/\/www.abf.se\/norra-stockholms-lan\/\",\"name\":\"Norra Stockholms l\u00e4n\",\"description\":\"\",\"potentialAction\":[{\"@type\":\"SearchAction\",\"target\":{\"@type\":\"EntryPoint\",\"urlTemplate\":\"https:\/\/www.abf.se\/norra-stockholms-lan\/?s={search_term_string}\"},\"query-input\":{\"@type\":\"PropertyValueSpecification\",\"valueRequired\":true,\"valueName\":\"search_term_string\"}}],\"inLanguage\":\"sv-SE\"}]}<\/script>\n<!-- \/ Yoast SEO plugin. -->","yoast_head_json":{"title":"\u00d6vriga samverkande f\u00f6reningar\/organisationer - Norra Stockholms l\u00e4n","robots":{"index":"index","follow":"follow","max-snippet":"max-snippet:-1","max-image-preview":"max-image-preview:large","max-video-preview":"max-video-preview:-1"},"canonical":"https:\/\/www.abf.se\/norra-stockholms-lan\/ovriga-samverkande-foreningar-organisationer\/","og_locale":"sv_SE","og_type":"article","og_title":"\u00d6vriga samverkande f\u00f6reningar\/organisationer - Norra Stockholms l\u00e4n","og_url":"https:\/\/www.abf.se\/norra-stockholms-lan\/ovriga-samverkande-foreningar-organisationer\/","og_site_name":"Norra Stockholms l\u00e4n","article_modified_time":"2025-10-02T11:39:32+00:00","twitter_card":"summary_large_image","schema":{"@context":"https:\/\/schema.org","@graph":[{"@type":"WebPage","@id":"https:\/\/www.abf.se\/norra-stockholms-lan\/ovriga-samverkande-foreningar-organisationer\/","url":"https:\/\/www.abf.se\/norra-stockholms-lan\/ovriga-samverkande-foreningar-organisationer\/","name":"\u00d6vriga samverkande f\u00f6reningar\/organisationer - Norra Stockholms l\u00e4n","isPartOf":{"@id":"https:\/\/www.abf.se\/norra-stockholms-lan\/#website"},"datePublished":"2025-10-02T07:55:34+00:00","dateModified":"2025-10-02T11:39:32+00:00","breadcrumb":{"@id":"https:\/\/www.abf.se\/norra-stockholms-lan\/ovriga-samverkande-foreningar-organisationer\/#breadcrumb"},"inLanguage":"sv-SE","potentialAction":[{"@type":"ReadAction","target":["https:\/\/www.abf.se\/norra-stockholms-lan\/ovriga-samverkande-foreningar-organisationer\/"]}]},{"@type":"BreadcrumbList","@id":"https:\/\/www.abf.se\/norra-stockholms-lan\/ovriga-samverkande-foreningar-organisationer\/#breadcrumb","itemListElement":[{"@type":"ListItem","position":1,"name":"Home","item":"https:\/\/www.abf.se\/norra-stockholms-lan\/"},{"@type":"ListItem","position":2,"name":"\u00d6vriga samverkande f\u00f6reningar\/organisationer"}]},{"@type":"WebSite","@id":"https:\/\/www.abf.se\/norra-stockholms-lan\/#website","url":"https:\/\/www.abf.se\/norra-stockholms-lan\/","name":"Norra Stockholms l\u00e4n","description":"","potentialAction":[{"@type":"SearchAction","target":{"@type":"EntryPoint","urlTemplate":"https:\/\/www.abf.se\/norra-stockholms-lan\/?s={search_term_string}"},"query-input":{"@type":"PropertyValueSpecification","valueRequired":true,"valueName":"search_term_string"}}],"inLanguage":"sv-SE"}]}},"_links":{"self":[{"href":"https:\/\/www.abf.se\/norra-stockholms-lan\/wp-json\/wp\/v2\/pages\/1176","targetHints":{"allow":["GET"]}}],"collection":[{"href":"https:\/\/www.abf.se\/norra-stockholms-lan\/wp-json\/wp\/v2\/pages"}],"about":[{"href":"https:\/\/www.abf.se\/norra-stockholms-lan\/wp-json\/wp\/v2\/types\/page"}],"author":[{"embeddable":true,"href":"https:\/\/www.abf.se\/norra-stockholms-lan\/wp-json\/wp\/v2\/users\/21"}],"replies":[{"embeddable":true,"href":"https:\/\/www.abf.se\/norra-stockholms-lan\/wp-json\/wp\/v2\/comments?post=1176"}],"version-history":[{"count":2,"href":"https:\/\/www.abf.se\/norra-stockholms-lan\/wp-json\/wp\/v2\/pages\/1176\/revisions"}],"predecessor-version":[{"id":1178,"href":"https:\/\/www.abf.se\/norra-stockholms-lan\/wp-json\/wp\/v2\/pages\/1176\/revisions\/1178"}],"wp:attachment":[{"href":"https:\/\/www.abf.se\/norra-stockholms-lan\/wp-json\/wp\/v2\/media?parent=1176"}],"curies":[{"name":"wp","href":"https:\/\/api.w.org\/{rel}","templated":true}]}}