{"id":1304,"date":"2025-10-26T10:36:41","date_gmt":"2025-10-26T09:36:41","guid":{"rendered":"https:\/\/www.abf.se\/norra-stockholms-lan\/?page_id=1304"},"modified":"2026-03-17T08:56:01","modified_gmt":"2026-03-17T07:56:01","slug":"tia-tidig-insats-for-asylsokande","status":"publish","type":"page","link":"https:\/\/www.abf.se\/norra-stockholms-lan\/tia-tidig-insats-for-asylsokande\/","title":{"rendered":"TIA, Tidig insats f\u00f6r asyls\u00f6kande"},"content":{"rendered":"<div\n    class=\"acf-hero-block container-lg no-padding mb-12 js-geolocation\"\n    data-block=\"hero-block\"\n    data-index=\"0\"\n>\n    <div class=\"h-[548px]  relative rounded-[32px] overflow-hidden flex bg-gray-light\">\n        <div class=\"relative z-10 mt-auto h-auto w-full md:h-full\">\n            <div class=\"flex w-full h-full flex-col flex-wrap justify-end w-full md:w-7\/12 lg:w-1\/2 md:justify-center\">\n                <div class=\"flex flex-col gap-3 md:gap-[18px] md:transparent pt-16 pb-36 md:py-8 px-4 w-full md:max-w-[620px] mx-auto px-8\">\n\n                    <h1 class=\"hero-heading\"><span>TIA, Tidig insats f\u00f6r asyls\u00f6kande<\/span><\/h1>\n\n                    \n                                    <\/div>\n            <\/div>\n        <\/div>\n\n                    <picture class=\"as-background-image mix-blend-multiply bg-black\/40\"><img decoding=\"async\" src=\"https:\/\/www.abf.se\/norra-stockholms-lan\/resized\/?url=https%3A%2F%2Fwww.abf.se%2Fwp-content%2Fuploads%2Fsites%2F38%2F2025%2F10%2Fpb.team-4200837-scaled.jpg&#038;fit=crop&#038;w=1440&#038;s=604eb1a7207876799a2a8fd9f53bf8ab\" srcset=\"https:\/\/www.abf.se\/norra-stockholms-lan\/resized\/?url=https%3A%2F%2Fwww.abf.se%2Fwp-content%2Fuploads%2Fsites%2F38%2F2025%2F10%2Fpb.team-4200837-scaled.jpg&#038;fit=crop&#038;w=375&#038;h=540&#038;s=2eebf82baa7b3fbb47bca239de4c025e 375w, https:\/\/www.abf.se\/norra-stockholms-lan\/resized\/?url=https%3A%2F%2Fwww.abf.se%2Fwp-content%2Fuploads%2Fsites%2F38%2F2025%2F10%2Fpb.team-4200837-scaled.jpg&#038;fit=crop&#038;w=447&#038;h=540&#038;s=f93bf89b9cb3ce299f4290c189876be9 447w, https:\/\/www.abf.se\/norra-stockholms-lan\/resized\/?url=https%3A%2F%2Fwww.abf.se%2Fwp-content%2Fuploads%2Fsites%2F38%2F2025%2F10%2Fpb.team-4200837-scaled.jpg&#038;fit=crop&#038;w=519&#038;h=540&#038;s=242dd433cbc0a3b5ec11fee6d6cef94d 519w, https:\/\/www.abf.se\/norra-stockholms-lan\/resized\/?url=https%3A%2F%2Fwww.abf.se%2Fwp-content%2Fuploads%2Fsites%2F38%2F2025%2F10%2Fpb.team-4200837-scaled.jpg&#038;fit=crop&#038;w=591&#038;h=540&#038;s=a62c69f99a4d5afa28ecc18649efb517 591w, https:\/\/www.abf.se\/norra-stockholms-lan\/resized\/?url=https%3A%2F%2Fwww.abf.se%2Fwp-content%2Fuploads%2Fsites%2F38%2F2025%2F10%2Fpb.team-4200837-scaled.jpg&#038;fit=crop&#038;w=663&#038;h=540&#038;s=8382a82c6c09c9983b3cb3896c0cf949 663w, https:\/\/www.abf.se\/norra-stockholms-lan\/resized\/?url=https%3A%2F%2Fwww.abf.se%2Fwp-content%2Fuploads%2Fsites%2F38%2F2025%2F10%2Fpb.team-4200837-scaled.jpg&#038;fit=crop&#038;w=750&#038;h=540&#038;s=400566ead1a8d084a91d6193fa6ea9f2 750w, https:\/\/www.abf.se\/norra-stockholms-lan\/resized\/?url=https%3A%2F%2Fwww.abf.se%2Fwp-content%2Fuploads%2Fsites%2F38%2F2025%2F10%2Fpb.team-4200837-scaled.jpg&#038;fit=crop&#038;w=894&#038;h=540&#038;s=f19047c3804f9f80924961ace5044b2a 894w, https:\/\/www.abf.se\/norra-stockholms-lan\/resized\/?url=https%3A%2F%2Fwww.abf.se%2Fwp-content%2Fuploads%2Fsites%2F38%2F2025%2F10%2Fpb.team-4200837-scaled.jpg&#038;fit=crop&#038;w=1038&#038;h=540&#038;s=da11a0d33121aff4562800bae8f8557b 1038w, https:\/\/www.abf.se\/norra-stockholms-lan\/resized\/?url=https%3A%2F%2Fwww.abf.se%2Fwp-content%2Fuploads%2Fsites%2F38%2F2025%2F10%2Fpb.team-4200837-scaled.jpg&#038;fit=crop&#038;w=1182&#038;h=540&#038;s=fec2c7d0d7b5681507df62096027777f 1182w, https:\/\/www.abf.se\/norra-stockholms-lan\/resized\/?url=https%3A%2F%2Fwww.abf.se%2Fwp-content%2Fuploads%2Fsites%2F38%2F2025%2F10%2Fpb.team-4200837-scaled.jpg&#038;fit=crop&#038;w=1326&#038;h=540&#038;s=fb99380943ec95e608e32acd3e742d42 1326w, https:\/\/www.abf.se\/norra-stockholms-lan\/resized\/?url=https%3A%2F%2Fwww.abf.se%2Fwp-content%2Fuploads%2Fsites%2F38%2F2025%2F10%2Fpb.team-4200837-scaled.jpg&#038;fit=crop&#038;w=1440&#038;h=540&#038;s=246135177120a4f3b00c17ec66a68754 1440w\" alt=\"\" height=\"540\" width=\"1440\" sizes=\"(max-width: 1440px) calc(100vw - 32px), 1440px\" loading=\"eager\" fetchpriority=\"high\" aria-hidden=\"true\" role=\"presentation\" \/><\/picture>\n        \n\n            <\/div>\n\n    <\/div>\n\n<div\n    class=\"acf-plain-heading-block container my-16\"\n    data-block=\"plain-heading-block\"\n>\n    <div class=\"max-w-[658px] mx-auto\">\n                            <p class=\"mt-8 body-xl text-black\">\n                Vi har f\u00e5tt finansiering fr\u00e5n L\u00e4nsstyrelsen f\u00f6r att skapa aktiviteter som hj\u00e4lper deltagarna att komma n\u00e4rmare det svenska samh\u00e4llet och n\u00e4rmare den svenska arbetsmarknaden. V\u00e5rt schema f\u00f6r aktiviteter kommer h\u00e4r nedan, aktiviteterna \u00e4r f\u00f6r icke-folkbokf\u00f6rda Ukrainare samt asyls\u00f6kande (LMA).  \n            <\/p>\n            <\/div>\n<\/div>\n<div\n    class=\"acf-article-text-block article-container my-12\"\n    data-block=\"article-text-block\"\n>\n    <div class=\"wysiwyg\">\n        <h3>De aktiviteterna som vi har \u00e5terkommande \u00e4r:<\/h3>\n<p><strong>Zumba och Yoga i Upplands V\u00e4sby<\/strong><br \/>\nVarannan tisdag. F\u00f6r att delta s\u00e5 skickar d ett e-mail till <a href=\"mailto:info.norrastockholmslan@abf.se\">info.norrastockholmslan@abf.se<\/a><\/p>\n<p><strong>Svenska i M\u00e4rsta<\/strong><br \/>\nTisdagar och Onsdagar 17:00-20:00. Skicka mail till\u00a0 <a href=\"mailto:info.norrastockholmslan@abf.se\">info.norrastockholmslan@abf.se<\/a> om du \u00e4r intresserad av att studera svenska i M\u00e4rsta<\/p>\n<p><strong>Svenska i Jakobsberg<\/strong><br \/>\nTorsdagar 09:30-11:00 och Torsdagar 17:15-18:45. Skicka ett mail till <a href=\"mailto:info.norrastockholmslan@abf.se\">info.norrastockholmslan@abf.se<\/a> f\u00f6r att delta!<\/p>\n<p><strong>Svenska i \u00c5kersberga<\/strong><br \/>\nVi har svenska varje l\u00f6rdag i \u00c5kersberga mellan kl 10:00-14:00. Om du vill studera i \u00c5kersberga s\u00e5 kan du \u00e4ven d\u00e4r skicka e-mail till <a href=\"mailto:info.norrastockholmslan@abf.se\">info.norrastockholmslan@abf.se<\/a><\/p>\n<p><strong>Konst i Jakobsberg<br \/>\n<\/strong>M\u00e5ndagar 09:30-11:30.<\/p>\n<p>Vi har en whatsapp-grupp d\u00e4r vi publicerar information om alla utflykter och kulturaktiviteter: <a href=\"http:\/\/Vi har en whatsapp-grupp d\u00e4r vi publicerar information om alla utflykter och kulturaktiviteter: https:\/\/chat.whatsapp.com\/ESyTzvX8LqhDJcRb5AIse2?mode=wwc De aktiviteterna som vi har \u00e5terkommande \u00e4r: Zumba och Yoga i Upplands V\u00e4sby varannan tisdag med start 7:e oktober. F\u00f6r att delta s\u00e5 skickar d ett e-mail till bakalova.lena@gmail.com Svenska i M\u00e4rsta Tisdagar &amp;amp; Onsdagar 17:00-20:00 (Grupp 1 \u00e4r full men grupp 2 18:30-20:00 finns platser kvar) Skicka mail till simon.westin@abf.se om du \u00e4r intresserad av att studera svenska i M\u00e4rsta Svenska i Jakobsberg Onsdagar &amp;amp; Fredagar Vi har svenska i Jakobsberg 10:00-11:30 p\u00e5 onsdagar samt Fredagar 16:30-18:00. Skicka ett mail till simon.westin@abf.se f\u00f6r att delta! Svenska i \u00c5kersberga Vi har svenska varje l\u00f6rdag i \u00c5kersberga mellan kl 10:00-14:00. Om du vill studera i \u00c5kersberga s\u00e5 kan du \u00e4ven d\u00e4r skicka e-mail till Simon.westin@abf.se\">Anslut till chatten h\u00e4r<\/a><\/p>\n\n    <\/div>\n<\/div>\n","protected":false},"excerpt":{"rendered":"","protected":false},"author":21,"featured_media":0,"parent":0,"menu_order":0,"comment_status":"closed","ping_status":"closed","template":"","meta":{"_acf_changed":false,"footnotes":""},"class_list":["post-1304","page","type-page","status-publish","hentry"],"acf":[],"yoast_head":"<!-- This site is optimized with the Yoast SEO plugin v27.0 - https:\/\/yoast.com\/product\/yoast-seo-wordpress\/ -->\n<title>TIA, Tidig insats f\u00f6r asyls\u00f6kande - Norra Stockholms l\u00e4n<\/title>\n<meta name=\"robots\" content=\"index, follow, max-snippet:-1, max-image-preview:large, max-video-preview:-1\" \/>\n<link rel=\"canonical\" href=\"https:\/\/www.abf.se\/norra-stockholms-lan\/tia-tidig-insats-for-asylsokande\/\" \/>\n<meta property=\"og:locale\" content=\"sv_SE\" \/>\n<meta property=\"og:type\" content=\"article\" \/>\n<meta property=\"og:title\" content=\"TIA, Tidig insats f\u00f6r asyls\u00f6kande - Norra Stockholms l\u00e4n\" \/>\n<meta property=\"og:url\" content=\"https:\/\/www.abf.se\/norra-stockholms-lan\/tia-tidig-insats-for-asylsokande\/\" \/>\n<meta property=\"og:site_name\" content=\"Norra Stockholms l\u00e4n\" \/>\n<meta property=\"article:modified_time\" content=\"2026-03-17T07:56:01+00:00\" \/>\n<meta name=\"twitter:card\" content=\"summary_large_image\" \/>\n<script type=\"application\/ld+json\" class=\"yoast-schema-graph\">{\"@context\":\"https:\/\/schema.org\",\"@graph\":[{\"@type\":\"WebPage\",\"@id\":\"https:\/\/www.abf.se\/norra-stockholms-lan\/tia-tidig-insats-for-asylsokande\/\",\"url\":\"https:\/\/www.abf.se\/norra-stockholms-lan\/tia-tidig-insats-for-asylsokande\/\",\"name\":\"TIA, Tidig insats f\u00f6r asyls\u00f6kande - Norra Stockholms l\u00e4n\",\"isPartOf\":{\"@id\":\"https:\/\/www.abf.se\/norra-stockholms-lan\/#website\"},\"datePublished\":\"2025-10-26T09:36:41+00:00\",\"dateModified\":\"2026-03-17T07:56:01+00:00\",\"breadcrumb\":{\"@id\":\"https:\/\/www.abf.se\/norra-stockholms-lan\/tia-tidig-insats-for-asylsokande\/#breadcrumb\"},\"inLanguage\":\"sv-SE\",\"potentialAction\":[{\"@type\":\"ReadAction\",\"target\":[\"https:\/\/www.abf.se\/norra-stockholms-lan\/tia-tidig-insats-for-asylsokande\/\"]}]},{\"@type\":\"BreadcrumbList\",\"@id\":\"https:\/\/www.abf.se\/norra-stockholms-lan\/tia-tidig-insats-for-asylsokande\/#breadcrumb\",\"itemListElement\":[{\"@type\":\"ListItem\",\"position\":1,\"name\":\"Home\",\"item\":\"https:\/\/www.abf.se\/norra-stockholms-lan\/\"},{\"@type\":\"ListItem\",\"position\":2,\"name\":\"TIA, Tidig insats f\u00f6r asyls\u00f6kande\"}]},{\"@type\":\"WebSite\",\"@id\":\"https:\/\/www.abf.se\/norra-stockholms-lan\/#website\",\"url\":\"https:\/\/www.abf.se\/norra-stockholms-lan\/\",\"name\":\"Norra Stockholms l\u00e4n\",\"description\":\"\",\"potentialAction\":[{\"@type\":\"SearchAction\",\"target\":{\"@type\":\"EntryPoint\",\"urlTemplate\":\"https:\/\/www.abf.se\/norra-stockholms-lan\/?s={search_term_string}\"},\"query-input\":{\"@type\":\"PropertyValueSpecification\",\"valueRequired\":true,\"valueName\":\"search_term_string\"}}],\"inLanguage\":\"sv-SE\"}]}<\/script>\n<!-- \/ Yoast SEO plugin. -->","yoast_head_json":{"title":"TIA, Tidig insats f\u00f6r asyls\u00f6kande - Norra Stockholms l\u00e4n","robots":{"index":"index","follow":"follow","max-snippet":"max-snippet:-1","max-image-preview":"max-image-preview:large","max-video-preview":"max-video-preview:-1"},"canonical":"https:\/\/www.abf.se\/norra-stockholms-lan\/tia-tidig-insats-for-asylsokande\/","og_locale":"sv_SE","og_type":"article","og_title":"TIA, Tidig insats f\u00f6r asyls\u00f6kande - Norra Stockholms l\u00e4n","og_url":"https:\/\/www.abf.se\/norra-stockholms-lan\/tia-tidig-insats-for-asylsokande\/","og_site_name":"Norra Stockholms l\u00e4n","article_modified_time":"2026-03-17T07:56:01+00:00","twitter_card":"summary_large_image","schema":{"@context":"https:\/\/schema.org","@graph":[{"@type":"WebPage","@id":"https:\/\/www.abf.se\/norra-stockholms-lan\/tia-tidig-insats-for-asylsokande\/","url":"https:\/\/www.abf.se\/norra-stockholms-lan\/tia-tidig-insats-for-asylsokande\/","name":"TIA, Tidig insats f\u00f6r asyls\u00f6kande - Norra Stockholms l\u00e4n","isPartOf":{"@id":"https:\/\/www.abf.se\/norra-stockholms-lan\/#website"},"datePublished":"2025-10-26T09:36:41+00:00","dateModified":"2026-03-17T07:56:01+00:00","breadcrumb":{"@id":"https:\/\/www.abf.se\/norra-stockholms-lan\/tia-tidig-insats-for-asylsokande\/#breadcrumb"},"inLanguage":"sv-SE","potentialAction":[{"@type":"ReadAction","target":["https:\/\/www.abf.se\/norra-stockholms-lan\/tia-tidig-insats-for-asylsokande\/"]}]},{"@type":"BreadcrumbList","@id":"https:\/\/www.abf.se\/norra-stockholms-lan\/tia-tidig-insats-for-asylsokande\/#breadcrumb","itemListElement":[{"@type":"ListItem","position":1,"name":"Home","item":"https:\/\/www.abf.se\/norra-stockholms-lan\/"},{"@type":"ListItem","position":2,"name":"TIA, Tidig insats f\u00f6r asyls\u00f6kande"}]},{"@type":"WebSite","@id":"https:\/\/www.abf.se\/norra-stockholms-lan\/#website","url":"https:\/\/www.abf.se\/norra-stockholms-lan\/","name":"Norra Stockholms l\u00e4n","description":"","potentialAction":[{"@type":"SearchAction","target":{"@type":"EntryPoint","urlTemplate":"https:\/\/www.abf.se\/norra-stockholms-lan\/?s={search_term_string}"},"query-input":{"@type":"PropertyValueSpecification","valueRequired":true,"valueName":"search_term_string"}}],"inLanguage":"sv-SE"}]}},"_links":{"self":[{"href":"https:\/\/www.abf.se\/norra-stockholms-lan\/wp-json\/wp\/v2\/pages\/1304","targetHints":{"allow":["GET"]}}],"collection":[{"href":"https:\/\/www.abf.se\/norra-stockholms-lan\/wp-json\/wp\/v2\/pages"}],"about":[{"href":"https:\/\/www.abf.se\/norra-stockholms-lan\/wp-json\/wp\/v2\/types\/page"}],"author":[{"embeddable":true,"href":"https:\/\/www.abf.se\/norra-stockholms-lan\/wp-json\/wp\/v2\/users\/21"}],"replies":[{"embeddable":true,"href":"https:\/\/www.abf.se\/norra-stockholms-lan\/wp-json\/wp\/v2\/comments?post=1304"}],"version-history":[{"count":11,"href":"https:\/\/www.abf.se\/norra-stockholms-lan\/wp-json\/wp\/v2\/pages\/1304\/revisions"}],"predecessor-version":[{"id":1523,"href":"https:\/\/www.abf.se\/norra-stockholms-lan\/wp-json\/wp\/v2\/pages\/1304\/revisions\/1523"}],"wp:attachment":[{"href":"https:\/\/www.abf.se\/norra-stockholms-lan\/wp-json\/wp\/v2\/media?parent=1304"}],"curies":[{"name":"wp","href":"https:\/\/api.w.org\/{rel}","templated":true}]}}