{"id":244,"date":"2025-04-06T17:31:44","date_gmt":"2025-04-06T15:31:44","guid":{"rendered":"https:\/\/www.abf.se\/norra-stockholms-lan\/?page_id=244"},"modified":"2026-03-24T12:31:36","modified_gmt":"2026-03-24T11:31:36","slug":"studiecirkeln-grunden-i-folkbildning","status":"publish","type":"page","link":"https:\/\/www.abf.se\/norra-stockholms-lan\/studiecirkeln-grunden-i-folkbildning\/","title":{"rendered":"Om ABF Norra Stockholms L\u00e4n"},"content":{"rendered":"<div\n    class=\"acf-hero-block container-lg no-padding mb-12 js-geolocation\"\n    data-block=\"hero-block\"\n    data-index=\"0\"\n>\n    <div class=\"h-[548px]  relative rounded-[32px] overflow-hidden flex bg-gray-light\">\n        <div class=\"relative z-10 mt-auto h-auto w-full md:h-full\">\n            <div class=\"flex w-full h-full flex-col flex-wrap justify-end w-full md:w-7\/12 lg:w-1\/2 md:justify-center\">\n                <div class=\"flex flex-col gap-3 md:gap-[18px] md:transparent pt-16 pb-36 md:py-8 px-4 w-full md:max-w-[620px] mx-auto px-8\">\n\n                    <h1 class=\"hero-heading\"><span>Om ABF Norra Stockholms L\u00e4n<\/span><\/h1>\n\n                    \n                                    <\/div>\n            <\/div>\n        <\/div>\n\n                    <picture class=\"as-background-image mix-blend-multiply bg-black\/40\"><img decoding=\"async\" src=\"https:\/\/www.abf.se\/norra-stockholms-lan\/resized\/?url=https%3A%2F%2Fwww.abf.se%2Fwp-content%2Fuploads%2F2024%2F04%2Fordet-fritt_foto-Jonas-Forsberg-scaled.jpg&#038;fit=crop&#038;w=1440&#038;s=2378390a2c3dfe1dd1d0252ca778ad41\" srcset=\"https:\/\/www.abf.se\/norra-stockholms-lan\/resized\/?url=https%3A%2F%2Fwww.abf.se%2Fwp-content%2Fuploads%2F2024%2F04%2Fordet-fritt_foto-Jonas-Forsberg-scaled.jpg&#038;fit=crop&#038;w=375&#038;h=540&#038;s=82a1850315f9fbc77d1ecbd0a98bcc8b 375w, https:\/\/www.abf.se\/norra-stockholms-lan\/resized\/?url=https%3A%2F%2Fwww.abf.se%2Fwp-content%2Fuploads%2F2024%2F04%2Fordet-fritt_foto-Jonas-Forsberg-scaled.jpg&#038;fit=crop&#038;w=447&#038;h=540&#038;s=db54ae154221b5bb07e8a940e6500e82 447w, https:\/\/www.abf.se\/norra-stockholms-lan\/resized\/?url=https%3A%2F%2Fwww.abf.se%2Fwp-content%2Fuploads%2F2024%2F04%2Fordet-fritt_foto-Jonas-Forsberg-scaled.jpg&#038;fit=crop&#038;w=519&#038;h=540&#038;s=87458c596964963f6706bc4e9ba064a9 519w, https:\/\/www.abf.se\/norra-stockholms-lan\/resized\/?url=https%3A%2F%2Fwww.abf.se%2Fwp-content%2Fuploads%2F2024%2F04%2Fordet-fritt_foto-Jonas-Forsberg-scaled.jpg&#038;fit=crop&#038;w=591&#038;h=540&#038;s=fc8f933f84e7736172ce0f2a36c7baa5 591w, https:\/\/www.abf.se\/norra-stockholms-lan\/resized\/?url=https%3A%2F%2Fwww.abf.se%2Fwp-content%2Fuploads%2F2024%2F04%2Fordet-fritt_foto-Jonas-Forsberg-scaled.jpg&#038;fit=crop&#038;w=663&#038;h=540&#038;s=f34ff9a250242b88371a5c6234b3028a 663w, https:\/\/www.abf.se\/norra-stockholms-lan\/resized\/?url=https%3A%2F%2Fwww.abf.se%2Fwp-content%2Fuploads%2F2024%2F04%2Fordet-fritt_foto-Jonas-Forsberg-scaled.jpg&#038;fit=crop&#038;w=750&#038;h=540&#038;s=dff1f699218fe53f4090269dbdeaada9 750w, https:\/\/www.abf.se\/norra-stockholms-lan\/resized\/?url=https%3A%2F%2Fwww.abf.se%2Fwp-content%2Fuploads%2F2024%2F04%2Fordet-fritt_foto-Jonas-Forsberg-scaled.jpg&#038;fit=crop&#038;w=894&#038;h=540&#038;s=2ddd45c09eb57ef77fbce982c125fa14 894w, https:\/\/www.abf.se\/norra-stockholms-lan\/resized\/?url=https%3A%2F%2Fwww.abf.se%2Fwp-content%2Fuploads%2F2024%2F04%2Fordet-fritt_foto-Jonas-Forsberg-scaled.jpg&#038;fit=crop&#038;w=1038&#038;h=540&#038;s=6beb5f64407ff9615e6271ddb37917f5 1038w, https:\/\/www.abf.se\/norra-stockholms-lan\/resized\/?url=https%3A%2F%2Fwww.abf.se%2Fwp-content%2Fuploads%2F2024%2F04%2Fordet-fritt_foto-Jonas-Forsberg-scaled.jpg&#038;fit=crop&#038;w=1182&#038;h=540&#038;s=2eb9648f23886f993e7409e44b7791f2 1182w, https:\/\/www.abf.se\/norra-stockholms-lan\/resized\/?url=https%3A%2F%2Fwww.abf.se%2Fwp-content%2Fuploads%2F2024%2F04%2Fordet-fritt_foto-Jonas-Forsberg-scaled.jpg&#038;fit=crop&#038;w=1326&#038;h=540&#038;s=4672d903471380fc5e11c83f432dc75c 1326w, https:\/\/www.abf.se\/norra-stockholms-lan\/resized\/?url=https%3A%2F%2Fwww.abf.se%2Fwp-content%2Fuploads%2F2024%2F04%2Fordet-fritt_foto-Jonas-Forsberg-scaled.jpg&#038;fit=crop&#038;w=1440&#038;h=540&#038;s=35c0cdaaefe6893e0800254ae44ce7f0 1440w\" alt=\"\" height=\"540\" width=\"1440\" sizes=\"(max-width: 1440px) calc(100vw - 32px), 1440px\" loading=\"eager\" fetchpriority=\"high\" aria-hidden=\"true\" role=\"presentation\" \/><\/picture>\n        \n\n            <\/div>\n\n    <\/div>\n\n<div\n    class=\"acf-plain-heading-block container my-16\"\n    data-block=\"plain-heading-block\"\n>\n    <div class=\"max-w-[658px] mx-auto\">\n                            <p class=\"mt-8 body-xl text-black\">\n                ABF Norra Stockholms L\u00e4n \u00e4r en av ABFs lokala avdelningar och en m\u00f6tesplats f\u00f6r kunskap, bildning och kultur. Vi vill inspirera till livsl\u00e5ngt l\u00e4rande, f\u00f6rverkliga dr\u00f6mmar och tillsammans med andra f\u00f6r\u00e4ndra samh\u00e4llet. Hos ABF Norra Stockholms L\u00e4n kan man l\u00e4ra sig sj\u00e4lv tillsammans med andra genom studiecirklar, kurser, evenemang och projekt \u2013 eller f\u00e5 hj\u00e4lp med sitt f\u00f6reningsarbete. Vi vill g\u00f6ra en annan v\u00e4rld m\u00f6jlig. Tusentals m\u00e4nniskor deltar i v\u00e5r verksamhet varje \u00e5r. Majoriteten av verksamheten g\u00f6r vi tillsammans med v\u00e5ra medlemsorganisationer, samverkande f\u00f6reningar och fria grupper. Fria grupper \u00e4r m\u00e4nniskor, v\u00e4nner och bekanta med ett gemensamt intresse. Vi driver och med- och samverkar ofta i olika riktade projekt och insatser med uttalade m\u00e5l, ofta tillsammans med kommuner, andra organisationer, f\u00f6reningar och \u00e4ven i egen regi. Med en \u00f6ver hundra\u00e5rig tradition \u00e4r vi en naturlig m\u00f6tesplats f\u00f6r bildning och kultur \u2013 och f\u00f6r ett demokratiskt samh\u00e4lle. Grundl\u00e4ggande f\u00f6r verksamhet i avdelningen \u00e4r statens syften med folkbildningen. ABF Norra Stockholms L\u00e4n prioriterar \u00e4ven ABFs verksamhets\u00e5tagande gentemot staten och dess prioriterade omr\u00e5den.<br \/>\r\n<br \/>\r\nGeografiskt omfattar ABF Norra Stockholms L\u00e4n kommunerna Danderyd, J\u00e4rf\u00e4lla, Sigtuna, Sollentuna, Solna, Sundbyberg, T\u00e4by, Upplands-Bro, Upplands V\u00e4sby, Vallentuna, Vaxholm, \u00d6ster\u00e5ker.\n            <\/p>\n            <\/div>\n<\/div>\n<div\n    class=\"acf-plain-heading-block container my-16\"\n    data-block=\"plain-heading-block\"\n>\n    <div class=\"max-w-[658px] mx-auto\">\n                <h1 class=\"hero-heading\"><span>Folkbildning och ABF<\/span><\/h1>\n                            <p class=\"mt-8 body-xl text-black\">\n                Folkbildningen \u00e4r ett kitt som h\u00e5ller samman, st\u00e4rker och utvecklar det svenska samh\u00e4llet och demokratin. Mer \u00e4n en miljon m\u00e4nniskor deltar varje \u00e5r i studief\u00f6rbundens och folkh\u00f6gskolornas verksamhet som k\u00e4nnetecknas av m\u00e5ngfald och j\u00e4mlika samtal. Folkbildning \u00e4r utbildning och bildning f\u00f6r vuxna. Den \u00e4r fri och frivillig i bem\u00e4rkelsen att m\u00e4nniskor sj\u00e4lva v\u00e4ljer om och n\u00e4r de vill delta. Folkbildning kan till exempel handla om studier i svenska med nyanl\u00e4nda, studiecirklar om politik med personer med funktionsneds\u00e4ttning eller beh\u00f6righetsgivande allm\u00e4n kurs.<br \/>\r\n\n            <\/p>\n            <\/div>\n<\/div>\n<div\n        class=\"acf-article-video-block article-container-lg my-12 external-video\"\n        data-block=\"article-video-block\"\n    >\n                    <h2 class=\"heading-md mb-3 text-black\">Folkbildningen v\u00e4xer fram och ABF bildas<\/h2>\n                            <p class=\"body-md text-gray-text my-2\"><br \/>\r\n<\/p>\n        \n                    <iframe loading=\"lazy\" title=\"Folkbildningen va\u0308xer fram och ABF bildas\" src=\"https:\/\/player.vimeo.com\/video\/760032025?dnt=1&amp;app_id=122963\" width=\"500\" height=\"281\" frameborder=\"0\" allow=\"autoplay; fullscreen; picture-in-picture; clipboard-write; encrypted-media\"><\/iframe>\n                            <\/div>\n<div\n    class=\"acf-article-text-block article-container my-12\"\n    data-block=\"article-text-block\"\n>\n    <div class=\"wysiwyg\">\n        <h2>Statens syften med att st\u00f6dja Folkbildningen<\/h2>\n<p>Ett grundl\u00e4ggande sk\u00e4l till att staten st\u00f6djer folkbildningen \u00e4r att den bidrar till en demokratisk utveckling av samh\u00e4llet. Det \u00e4r riksdagen som beslutar om statens syfte med att st\u00f6dja folkbildningen.<\/p>\n<p>Statens huvudsakliga syften med st\u00f6det till studief\u00f6rbunden \u00e4r:<\/p>\n<ul>\n<li>St\u00f6dja verksamhet som bidrar till att st\u00e4rka och utveckla demokratin<\/li>\n<li>Bidra till att g\u00f6ra det m\u00f6jligt f\u00f6r en \u00f6kad m\u00e5ngfald av m\u00e4nniskor att p\u00e5verka sin livssituation och skapa engagemang att delta i samh\u00e4llsutvecklingen<\/li>\n<li>Bidra till att utj\u00e4mna utbildningsklyftor och h\u00f6ja bildnings- och utbildningsniv\u00e5n i samh\u00e4llet<\/li>\n<li>Bidra till att bredda intresset f\u00f6r och \u00f6ka delaktigheten i kulturlivet<\/li>\n<\/ul>\n<p>F\u00f6r att f\u00f6rverkliga statens syften med att st\u00f6dja folkbildningen har ABF ett verksamhets\u00e5ttagande gentemot staten utifr\u00e5n ABFs profil. I ABFs verksamhets\u00e5ttagande prioriteras verksamhet inom omr\u00e5den som:<\/p>\n<ul>\n<li>Lokal f\u00f6rankring<\/li>\n<li>M\u00e4nniskor l\u00e5ngt fr\u00e5n makt och inflytande<\/li>\n<li>Inkluderande och integrerande verksamhet<\/li>\n<li>M\u00f6tesplatser<\/li>\n<li>Tillg\u00e4nglig kultur<\/li>\n<li>Aktivt f\u00f6reningsliv<\/li>\n<\/ul>\n<h2>ABF bidrar och f\u00f6rverkligar statens syften med folkbildning<\/h2>\n<p>ABF bidrar och f\u00f6rverkligar statens syften med folkbildning och prioriterar \u00e4ven utifr\u00e5n statens \u00f6vriga syften, ABFs verksamhets\u00e5tade och id\u00e9programmet \u201dG\u00f6r en annan v\u00e4rld m\u00f6jlig!\u201d som antogs av en enig f\u00f6rbundsst\u00e4mma 2016. Avdelningens verksamhetsplan 2023-2026 bygger p\u00e5 id\u00e9programmet. V\u00e5r verksamhet utg\u00e5r fr\u00e5n m\u00e4nniskors behov. I v\u00e5r verksamhet utg\u00e5r vi ifr\u00e5n och tar alltid h\u00e4nsyn till ABFs Inkluderingspolicy och de 7 diskrimineringspunkterna.<\/p>\n\n    <\/div>\n<\/div>\n<div\n    class=\"acf-article-cta-link-block article-container my-8\"\n    data-block=\"article-cta-link-block\"\n>\n<div>\n    <a class=\"inline-flex flex-row items-center gap-4 text-link underline text-red-dark\"\n        href=\"https:\/\/www.abf.se\/wp-content\/uploads\/sites\/38\/2025\/04\/ABF_Ideprogram.pdf\"\n            >\n        <span class=\"\">\n        Till ABFs Id\u00e9program\n        <\/span>\n        <figure aria-hidden=\"true\" class=\"rounded-full bg-red-dark w-8 h-8 p-1 text-white\">\n            <svg width=\"20\" height=\"20\" viewBox=\"0 0 20 20\" fill=\"none\" class=\"SvgIconElement\">\n<path d=\"M4.16659 10L15.8333 10\" stroke=\"currentColor\"\/>\n<path d=\"M9.99992 4.1665L15.8333 9.99984L9.99992 15.8332\" stroke=\"currentColor\"\/>\n<\/svg>\n        <\/figure>\n    <\/a>\n<\/div>\n<\/div>\n<div\n    class=\"acf-article-cta-link-block article-container my-8\"\n    data-block=\"article-cta-link-block\"\n>\n<div>\n    <a class=\"inline-flex flex-row items-center gap-4 text-link underline text-red-dark\"\n        href=\"https:\/\/www.abf.se\/wp-content\/uploads\/sites\/38\/2025\/04\/ABFs-Inkluderingspolicy.pdf\"\n            >\n        <span class=\"\">\n        Till ABFs Inkluderingspolicy\n        <\/span>\n        <figure aria-hidden=\"true\" class=\"rounded-full bg-red-dark w-8 h-8 p-1 text-white\">\n            <svg width=\"20\" height=\"20\" viewBox=\"0 0 20 20\" fill=\"none\" class=\"SvgIconElement\">\n<path d=\"M4.16659 10L15.8333 10\" stroke=\"currentColor\"\/>\n<path d=\"M9.99992 4.1665L15.8333 9.99984L9.99992 15.8332\" stroke=\"currentColor\"\/>\n<\/svg>\n        <\/figure>\n    <\/a>\n<\/div>\n<\/div>\n<div\n    class=\"acf-article-text-block article-container my-12\"\n    data-block=\"article-text-block\"\n>\n    <div class=\"wysiwyg\">\n        <p>L\u00e4s mer om hur ABF Norra Stockholms L\u00e4n arbetar med folkbildning och ABFs verksamhets\u00e5ttagande i v\u00e5ra Verksamhetsber\u00e4ttelser.<\/p>\n\n    <\/div>\n<\/div>\n<div\n    class=\"acf-article-cta-link-block article-container my-8\"\n    data-block=\"article-cta-link-block\"\n>\n<div>\n    <a class=\"inline-flex flex-row items-center gap-4 text-link underline text-red-dark\"\n        href=\"https:\/\/www.abf.se\/wp-content\/uploads\/sites\/38\/2026\/03\/ABF-Verksamhetsberattelse-2025.pdf\"\n            >\n        <span class=\"\">\n        Verksamhetsber\u00e4ttelse 2025\n        <\/span>\n        <figure aria-hidden=\"true\" class=\"rounded-full bg-red-dark w-8 h-8 p-1 text-white\">\n            <svg width=\"20\" height=\"20\" viewBox=\"0 0 20 20\" fill=\"none\" class=\"SvgIconElement\">\n<path d=\"M4.16659 10L15.8333 10\" stroke=\"currentColor\"\/>\n<path d=\"M9.99992 4.1665L15.8333 9.99984L9.99992 15.8332\" stroke=\"currentColor\"\/>\n<\/svg>\n        <\/figure>\n    <\/a>\n<\/div>\n<\/div>\n<div\n    class=\"acf-article-cta-link-block article-container my-8\"\n    data-block=\"article-cta-link-block\"\n>\n<div>\n    <a class=\"inline-flex flex-row items-center gap-4 text-link underline text-red-dark\"\n        href=\"https:\/\/www.abf.se\/wp-content\/uploads\/sites\/38\/2025\/05\/ABF-Norra-Stockholms-Lan_Verksamhetsberattelse-2024.pdf\"\n            >\n        <span class=\"\">\n        Verksamhetsber\u00e4ttelse 2024\n        <\/span>\n        <figure aria-hidden=\"true\" class=\"rounded-full bg-red-dark w-8 h-8 p-1 text-white\">\n            <svg width=\"20\" height=\"20\" viewBox=\"0 0 20 20\" fill=\"none\" class=\"SvgIconElement\">\n<path d=\"M4.16659 10L15.8333 10\" stroke=\"currentColor\"\/>\n<path d=\"M9.99992 4.1665L15.8333 9.99984L9.99992 15.8332\" stroke=\"currentColor\"\/>\n<\/svg>\n        <\/figure>\n    <\/a>\n<\/div>\n<\/div>\n<div\n    class=\"acf-article-cta-link-block article-container my-8\"\n    data-block=\"article-cta-link-block\"\n>\n<div>\n    <a class=\"inline-flex flex-row items-center gap-4 text-link underline text-red-dark\"\n        href=\"https:\/\/www.abf.se\/wp-content\/uploads\/sites\/38\/2025\/04\/Verksamhetsberattelse_2023.pdf\"\n            >\n        <span class=\"\">\n        Verksamhetsber\u00e4ttelse 2023\n        <\/span>\n        <figure aria-hidden=\"true\" class=\"rounded-full bg-red-dark w-8 h-8 p-1 text-white\">\n            <svg width=\"20\" height=\"20\" viewBox=\"0 0 20 20\" fill=\"none\" class=\"SvgIconElement\">\n<path d=\"M4.16659 10L15.8333 10\" stroke=\"currentColor\"\/>\n<path d=\"M9.99992 4.1665L15.8333 9.99984L9.99992 15.8332\" stroke=\"currentColor\"\/>\n<\/svg>\n        <\/figure>\n    <\/a>\n<\/div>\n<\/div>\n<div\n    class=\"acf-article-cta-link-block article-container my-8\"\n    data-block=\"article-cta-link-block\"\n>\n<div>\n    <a class=\"inline-flex flex-row items-center gap-4 text-link underline text-red-dark\"\n        href=\"https:\/\/www.abf.se\/wp-content\/uploads\/sites\/38\/2025\/04\/Verksamhetsberattelse-och-arsredovisning-2022.pdf\"\n            >\n        <span class=\"\">\n        Verksamhetsber\u00e4ttelse 2022\n        <\/span>\n        <figure aria-hidden=\"true\" class=\"rounded-full bg-red-dark w-8 h-8 p-1 text-white\">\n            <svg width=\"20\" height=\"20\" viewBox=\"0 0 20 20\" fill=\"none\" class=\"SvgIconElement\">\n<path d=\"M4.16659 10L15.8333 10\" stroke=\"currentColor\"\/>\n<path d=\"M9.99992 4.1665L15.8333 9.99984L9.99992 15.8332\" stroke=\"currentColor\"\/>\n<\/svg>\n        <\/figure>\n    <\/a>\n<\/div>\n<\/div>\n","protected":false},"excerpt":{"rendered":"","protected":false},"author":21,"featured_media":0,"parent":0,"menu_order":0,"comment_status":"closed","ping_status":"closed","template":"","meta":{"_acf_changed":false,"footnotes":""},"class_list":["post-244","page","type-page","status-publish","hentry"],"acf":[],"yoast_head":"<!-- This site is optimized with the Yoast SEO plugin v27.0 - https:\/\/yoast.com\/product\/yoast-seo-wordpress\/ -->\n<title>Om ABF Norra Stockholms L\u00e4n - Norra Stockholms l\u00e4n<\/title>\n<meta name=\"robots\" content=\"index, follow, max-snippet:-1, max-image-preview:large, max-video-preview:-1\" \/>\n<link rel=\"canonical\" href=\"https:\/\/www.abf.se\/norra-stockholms-lan\/studiecirkeln-grunden-i-folkbildning\/\" \/>\n<meta property=\"og:locale\" content=\"sv_SE\" \/>\n<meta property=\"og:type\" content=\"article\" \/>\n<meta property=\"og:title\" content=\"Om ABF Norra Stockholms L\u00e4n - Norra Stockholms l\u00e4n\" \/>\n<meta property=\"og:url\" content=\"https:\/\/www.abf.se\/norra-stockholms-lan\/studiecirkeln-grunden-i-folkbildning\/\" \/>\n<meta property=\"og:site_name\" content=\"Norra Stockholms l\u00e4n\" \/>\n<meta property=\"article:modified_time\" content=\"2026-03-24T11:31:36+00:00\" \/>\n<meta name=\"twitter:card\" content=\"summary_large_image\" \/>\n<script type=\"application\/ld+json\" class=\"yoast-schema-graph\">{\"@context\":\"https:\/\/schema.org\",\"@graph\":[{\"@type\":\"WebPage\",\"@id\":\"https:\/\/www.abf.se\/norra-stockholms-lan\/studiecirkeln-grunden-i-folkbildning\/\",\"url\":\"https:\/\/www.abf.se\/norra-stockholms-lan\/studiecirkeln-grunden-i-folkbildning\/\",\"name\":\"Om ABF Norra Stockholms L\u00e4n - Norra Stockholms l\u00e4n\",\"isPartOf\":{\"@id\":\"https:\/\/www.abf.se\/norra-stockholms-lan\/#website\"},\"datePublished\":\"2025-04-06T15:31:44+00:00\",\"dateModified\":\"2026-03-24T11:31:36+00:00\",\"breadcrumb\":{\"@id\":\"https:\/\/www.abf.se\/norra-stockholms-lan\/studiecirkeln-grunden-i-folkbildning\/#breadcrumb\"},\"inLanguage\":\"sv-SE\",\"potentialAction\":[{\"@type\":\"ReadAction\",\"target\":[\"https:\/\/www.abf.se\/norra-stockholms-lan\/studiecirkeln-grunden-i-folkbildning\/\"]}]},{\"@type\":\"BreadcrumbList\",\"@id\":\"https:\/\/www.abf.se\/norra-stockholms-lan\/studiecirkeln-grunden-i-folkbildning\/#breadcrumb\",\"itemListElement\":[{\"@type\":\"ListItem\",\"position\":1,\"name\":\"Home\",\"item\":\"https:\/\/www.abf.se\/norra-stockholms-lan\/\"},{\"@type\":\"ListItem\",\"position\":2,\"name\":\"Om ABF Norra Stockholms L\u00e4n\"}]},{\"@type\":\"WebSite\",\"@id\":\"https:\/\/www.abf.se\/norra-stockholms-lan\/#website\",\"url\":\"https:\/\/www.abf.se\/norra-stockholms-lan\/\",\"name\":\"Norra Stockholms l\u00e4n\",\"description\":\"\",\"potentialAction\":[{\"@type\":\"SearchAction\",\"target\":{\"@type\":\"EntryPoint\",\"urlTemplate\":\"https:\/\/www.abf.se\/norra-stockholms-lan\/?s={search_term_string}\"},\"query-input\":{\"@type\":\"PropertyValueSpecification\",\"valueRequired\":true,\"valueName\":\"search_term_string\"}}],\"inLanguage\":\"sv-SE\"}]}<\/script>\n<!-- \/ Yoast SEO plugin. -->","yoast_head_json":{"title":"Om ABF Norra Stockholms L\u00e4n - Norra Stockholms l\u00e4n","robots":{"index":"index","follow":"follow","max-snippet":"max-snippet:-1","max-image-preview":"max-image-preview:large","max-video-preview":"max-video-preview:-1"},"canonical":"https:\/\/www.abf.se\/norra-stockholms-lan\/studiecirkeln-grunden-i-folkbildning\/","og_locale":"sv_SE","og_type":"article","og_title":"Om ABF Norra Stockholms L\u00e4n - Norra Stockholms l\u00e4n","og_url":"https:\/\/www.abf.se\/norra-stockholms-lan\/studiecirkeln-grunden-i-folkbildning\/","og_site_name":"Norra Stockholms l\u00e4n","article_modified_time":"2026-03-24T11:31:36+00:00","twitter_card":"summary_large_image","schema":{"@context":"https:\/\/schema.org","@graph":[{"@type":"WebPage","@id":"https:\/\/www.abf.se\/norra-stockholms-lan\/studiecirkeln-grunden-i-folkbildning\/","url":"https:\/\/www.abf.se\/norra-stockholms-lan\/studiecirkeln-grunden-i-folkbildning\/","name":"Om ABF Norra Stockholms L\u00e4n - Norra Stockholms l\u00e4n","isPartOf":{"@id":"https:\/\/www.abf.se\/norra-stockholms-lan\/#website"},"datePublished":"2025-04-06T15:31:44+00:00","dateModified":"2026-03-24T11:31:36+00:00","breadcrumb":{"@id":"https:\/\/www.abf.se\/norra-stockholms-lan\/studiecirkeln-grunden-i-folkbildning\/#breadcrumb"},"inLanguage":"sv-SE","potentialAction":[{"@type":"ReadAction","target":["https:\/\/www.abf.se\/norra-stockholms-lan\/studiecirkeln-grunden-i-folkbildning\/"]}]},{"@type":"BreadcrumbList","@id":"https:\/\/www.abf.se\/norra-stockholms-lan\/studiecirkeln-grunden-i-folkbildning\/#breadcrumb","itemListElement":[{"@type":"ListItem","position":1,"name":"Home","item":"https:\/\/www.abf.se\/norra-stockholms-lan\/"},{"@type":"ListItem","position":2,"name":"Om ABF Norra Stockholms L\u00e4n"}]},{"@type":"WebSite","@id":"https:\/\/www.abf.se\/norra-stockholms-lan\/#website","url":"https:\/\/www.abf.se\/norra-stockholms-lan\/","name":"Norra Stockholms l\u00e4n","description":"","potentialAction":[{"@type":"SearchAction","target":{"@type":"EntryPoint","urlTemplate":"https:\/\/www.abf.se\/norra-stockholms-lan\/?s={search_term_string}"},"query-input":{"@type":"PropertyValueSpecification","valueRequired":true,"valueName":"search_term_string"}}],"inLanguage":"sv-SE"}]}},"_links":{"self":[{"href":"https:\/\/www.abf.se\/norra-stockholms-lan\/wp-json\/wp\/v2\/pages\/244","targetHints":{"allow":["GET"]}}],"collection":[{"href":"https:\/\/www.abf.se\/norra-stockholms-lan\/wp-json\/wp\/v2\/pages"}],"about":[{"href":"https:\/\/www.abf.se\/norra-stockholms-lan\/wp-json\/wp\/v2\/types\/page"}],"author":[{"embeddable":true,"href":"https:\/\/www.abf.se\/norra-stockholms-lan\/wp-json\/wp\/v2\/users\/21"}],"replies":[{"embeddable":true,"href":"https:\/\/www.abf.se\/norra-stockholms-lan\/wp-json\/wp\/v2\/comments?post=244"}],"version-history":[{"count":47,"href":"https:\/\/www.abf.se\/norra-stockholms-lan\/wp-json\/wp\/v2\/pages\/244\/revisions"}],"predecessor-version":[{"id":1553,"href":"https:\/\/www.abf.se\/norra-stockholms-lan\/wp-json\/wp\/v2\/pages\/244\/revisions\/1553"}],"wp:attachment":[{"href":"https:\/\/www.abf.se\/norra-stockholms-lan\/wp-json\/wp\/v2\/media?parent=244"}],"curies":[{"name":"wp","href":"https:\/\/api.w.org\/{rel}","templated":true}]}}