{"id":293,"date":"2025-04-07T20:39:28","date_gmt":"2025-04-07T18:39:28","guid":{"rendered":"https:\/\/www.abf.se\/norra-stockholms-lan\/?page_id=293"},"modified":"2026-04-16T11:20:22","modified_gmt":"2026-04-16T09:20:22","slug":"starta-en-cirkel","status":"publish","type":"page","link":"https:\/\/www.abf.se\/norra-stockholms-lan\/starta-en-cirkel\/","title":{"rendered":"Starta en Studiecirkel"},"content":{"rendered":"<div\n    class=\"acf-hero-block container-lg no-padding mb-12 js-geolocation\"\n    data-block=\"hero-block\"\n    data-index=\"0\"\n>\n    <div class=\"h-[548px]  relative rounded-[32px] overflow-hidden flex bg-gray-light\">\n        <div class=\"relative z-10 mt-auto h-auto w-full md:h-full\">\n            <div class=\"flex w-full h-full flex-col flex-wrap justify-end w-full md:w-7\/12 lg:w-1\/2 md:justify-center\">\n                <div class=\"flex flex-col gap-3 md:gap-[18px] md:transparent pt-16 pb-36 md:py-8 px-4 w-full md:max-w-[620px] mx-auto px-8\">\n\n                    <h1 class=\"hero-heading\"><span>ABF &#8211; Sveriges st\u00f6rsta m\u00f6jligg\u00f6rare!<br \/>\r\nStarta \u00e4ventyret!<\/span><\/h1>\n\n                    \n                                    <\/div>\n            <\/div>\n        <\/div>\n\n                    <picture class=\"as-background-image mix-blend-multiply bg-black\/40\"><img decoding=\"async\" src=\"https:\/\/www.abf.se\/norra-stockholms-lan\/resized\/?url=https%3A%2F%2Fwww.abf.se%2Fwp-content%2Fuploads%2F2023%2F11%2FGemenskap-foto-Pexels_IMGP.jpg&#038;fit=crop&#038;w=1440&#038;s=5f5333cf3dd7719433409bd506235683\" srcset=\"https:\/\/www.abf.se\/norra-stockholms-lan\/resized\/?url=https%3A%2F%2Fwww.abf.se%2Fwp-content%2Fuploads%2F2023%2F11%2FGemenskap-foto-Pexels_IMGP.jpg&#038;fit=crop&#038;w=375&#038;h=540&#038;s=429e457c789b9bbdffff4346d55ddab5 375w, https:\/\/www.abf.se\/norra-stockholms-lan\/resized\/?url=https%3A%2F%2Fwww.abf.se%2Fwp-content%2Fuploads%2F2023%2F11%2FGemenskap-foto-Pexels_IMGP.jpg&#038;fit=crop&#038;w=447&#038;h=540&#038;s=09c43d5be51f21e778eabab0caa1f213 447w, https:\/\/www.abf.se\/norra-stockholms-lan\/resized\/?url=https%3A%2F%2Fwww.abf.se%2Fwp-content%2Fuploads%2F2023%2F11%2FGemenskap-foto-Pexels_IMGP.jpg&#038;fit=crop&#038;w=519&#038;h=540&#038;s=9cb5373cf7820c6a718bed14f3fb6fba 519w, https:\/\/www.abf.se\/norra-stockholms-lan\/resized\/?url=https%3A%2F%2Fwww.abf.se%2Fwp-content%2Fuploads%2F2023%2F11%2FGemenskap-foto-Pexels_IMGP.jpg&#038;fit=crop&#038;w=591&#038;h=540&#038;s=96e226b2c7c2b5e994677d3781898ead 591w, https:\/\/www.abf.se\/norra-stockholms-lan\/resized\/?url=https%3A%2F%2Fwww.abf.se%2Fwp-content%2Fuploads%2F2023%2F11%2FGemenskap-foto-Pexels_IMGP.jpg&#038;fit=crop&#038;w=663&#038;h=540&#038;s=fb20283ffdbb84474cd8d4394c878ba2 663w, https:\/\/www.abf.se\/norra-stockholms-lan\/resized\/?url=https%3A%2F%2Fwww.abf.se%2Fwp-content%2Fuploads%2F2023%2F11%2FGemenskap-foto-Pexels_IMGP.jpg&#038;fit=crop&#038;w=750&#038;h=540&#038;s=d9abea38a6183f6cd9eb03a34ff625d5 750w, https:\/\/www.abf.se\/norra-stockholms-lan\/resized\/?url=https%3A%2F%2Fwww.abf.se%2Fwp-content%2Fuploads%2F2023%2F11%2FGemenskap-foto-Pexels_IMGP.jpg&#038;fit=crop&#038;w=894&#038;h=540&#038;s=8b67c07a432beb40abde2cecfd28120f 894w, https:\/\/www.abf.se\/norra-stockholms-lan\/resized\/?url=https%3A%2F%2Fwww.abf.se%2Fwp-content%2Fuploads%2F2023%2F11%2FGemenskap-foto-Pexels_IMGP.jpg&#038;fit=crop&#038;w=1038&#038;h=540&#038;s=a962a88fb5e2c1eceaafca9364e0942a 1038w, https:\/\/www.abf.se\/norra-stockholms-lan\/resized\/?url=https%3A%2F%2Fwww.abf.se%2Fwp-content%2Fuploads%2F2023%2F11%2FGemenskap-foto-Pexels_IMGP.jpg&#038;fit=crop&#038;w=1182&#038;h=540&#038;s=a6159d1eb5f98fed3db27963f0459d4a 1182w, https:\/\/www.abf.se\/norra-stockholms-lan\/resized\/?url=https%3A%2F%2Fwww.abf.se%2Fwp-content%2Fuploads%2F2023%2F11%2FGemenskap-foto-Pexels_IMGP.jpg&#038;fit=crop&#038;w=1326&#038;h=540&#038;s=afd7e6c8eed55ef3826721eeb8bdbc07 1326w, https:\/\/www.abf.se\/norra-stockholms-lan\/resized\/?url=https%3A%2F%2Fwww.abf.se%2Fwp-content%2Fuploads%2F2023%2F11%2FGemenskap-foto-Pexels_IMGP.jpg&#038;fit=crop&#038;w=1440&#038;h=540&#038;s=c9caa902a7e19651b47e48ca9131faec 1440w\" alt=\"\" height=\"540\" width=\"1440\" sizes=\"(max-width: 1440px) calc(100vw - 32px), 1440px\" loading=\"eager\" fetchpriority=\"high\" aria-hidden=\"true\" role=\"presentation\" \/><\/picture>\n        \n\n            <\/div>\n\n    <\/div>\n\n<div\n    class=\"acf-plain-heading-block container my-16\"\n    data-block=\"plain-heading-block\"\n>\n    <div class=\"max-w-[658px] mx-auto\">\n                <h1 class=\"hero-heading\"><span>Starta en Studiecirkel \u2013 i din f\u00f6rening eller med dina v\u00e4nner<\/span><\/h1>\n                            <p class=\"mt-8 body-xl text-black\">\n                Studiecirkeln \u00e4r grunden i folkbildningen. I en studiecirkel f\u00e5r du studera, diskutera eller \u00f6va dig p\u00e5 n\u00e5got tillsammans med andra. Studiecirkeln k\u00e4nnetecknas av fritt och frivilligt l\u00e4rande och utg\u00e5r fr\u00e5n deltagarnas \u00f6nskem\u00e5l, behov och f\u00f6rm\u00e5gor. Studiecirkeln \u00e4r en grupp m\u00e4nniskor som utifr\u00e5n sina behov och intressen s\u00f6ker kunskap. Som cirkelledare ska du leda cirkeln mot ett gemensamt m\u00e5l och g\u00f6ra alla delaktiga. Cirkelledarskapet handlar mer om att st\u00e4lla fr\u00e5gor \u00e4n att ge svar.<br \/>\r\n<br \/>\r\nStudiecirkeln \u00e4r grunden i folkbildningen. I en studiecirkel f\u00e5r du studera, diskutera eller \u00f6va dig p\u00e5 n\u00e5got tillsammans med andra. Studiecirkeln k\u00e4nnetecknas av fritt och frivilligt l\u00e4rande och utg\u00e5r fr\u00e5n deltagarnas \u00f6nskem\u00e5l, behov och f\u00f6rm\u00e5gor. Studiecirkeln \u00e4r en grupp m\u00e4nniskor som utifr\u00e5n sina behov och intressen s\u00f6ker kunskap. Vill du veta mer kontakta en verksamhetsutvecklare p\u00e5 ABF eller mejla oss p\u00e5 info.norrastockholmslan@abf.se<br \/>\r\n\n            <\/p>\n            <\/div>\n<\/div>\n<div\n        class=\"acf-article-video-block article-container-lg my-12 external-video\"\n        data-block=\"article-video-block\"\n    >\n                    <h2 class=\"heading-md mb-3 text-black\">Starta en Studieirkel &#8211; ny som Cirkelledare<\/h2>\n                \n                    <iframe loading=\"lazy\" title=\"V\u00e4lkommen som cirkelledare hos ABF\" width=\"500\" height=\"281\" src=\"https:\/\/www.youtube.com\/embed\/bwxC6_gLtXY?feature=oembed\" frameborder=\"0\" allow=\"accelerometer; autoplay; clipboard-write; encrypted-media; gyroscope; picture-in-picture; web-share\" referrerpolicy=\"strict-origin-when-cross-origin\" allowfullscreen><\/iframe>\n                            <\/div>\n<div\n    class=\"acf-plain-heading-block container my-16\"\n    data-block=\"plain-heading-block\"\n>\n    <div class=\"max-w-[658px] mx-auto\">\n                <h1 class=\"hero-heading\"><span>Studiematerial och studiehandledningar<\/span><\/h1>\n                            <p class=\"mt-8 body-xl text-black\">\n                Vill du l\u00e4ra dig sj\u00e4lv mer tillsammans med andra? D\u00e5 kan du och dina v\u00e4nner starta en cirkel p\u00e5 ABF! Kanske vill du l\u00e4ra dig mer om hur din smarta mobiltelefon funkar eller n\u00e5got annat sp\u00e4nnande &#8211; kanske spr\u00e5k, historia, film, musik eller kanske samlar du p\u00e5 n\u00e5got som ocks\u00e5 f\u00f6rknippas med bildning och kultur. ABF kan ofta hj\u00e4lpa till med lokal d\u00e4r ni kan vara, studielitteratur, arbetsmaterial och massor med annat! Kunskapsk\u00e4llorna som ni anv\u00e4nder er av i Studiecirkeln kan vara allt fr\u00e5n litteratur, internetsidor, bloggar eller expertkunskap som till exempel n\u00e5gon i Studiecirkeln har. ABF har flera f\u00e4rdiga studiematerial och studiehandledningar och det finns \u00e4ven externa kunskapsk\u00e4llor\/studiematerial som ni kan anv\u00e4nda er av som st\u00f6d och inspiration i studiecirkeln, bland annat;\n            <\/p>\n            <\/div>\n<\/div>\n<div\n    class=\"acf-article-text-block article-container my-12\"\n    data-block=\"article-text-block\"\n>\n    <div class=\"wysiwyg\">\n        <p><strong>Demokrati<br \/>\n<\/strong><a href=\"https:\/\/www.abf.se\/wp-content\/uploads\/sites\/38\/2025\/04\/Lar-dig-om-Demokratins-byggstenar.pdf\">Demokratins byggstenar<\/a><br \/>\n<a href=\"https:\/\/www.abf.se\/wp-content\/uploads\/sites\/38\/2025\/05\/ABF-Studiehandledning-Las-om-klass.pdf\">L\u00e4s om klass<\/a><br \/>\n<a href=\"https:\/\/www.abf.se\/wp-content\/uploads\/sites\/38\/2025\/06\/folk-i-rorelse_webb.pdf\">Folk i r\u00f6relse<\/a><br \/>\n<a href=\"https:\/\/www.abf.se\/wp-content\/uploads\/sites\/38\/2025\/06\/Tre-samtal-om-Sverige_Studiematerial_2025-1.pdf\">Tre samtal om Sverige, Arbetsmaterial (ABF, PRO, Tankesmedjan Tiden)<\/a><br \/>\n<a href=\"https:\/\/www.abf.se\/wp-content\/uploads\/sites\/38\/2025\/06\/Studiehandledning-till-Tre-samtal-om-Sverige_2025-1.pdf\">Tre samtal om Sverige, Studiehandledning (ABF, PRO, Tankesmedjan Tiden)<\/a><\/p>\n<p><strong>IT, Teknik &amp; data<\/strong><br \/>\n<a href=\"https:\/\/www.abf.se\/wp-content\/uploads\/sites\/38\/2025\/04\/Sa-fungerar-det-tips-fran-den-digitala-varlden_webb2.pdf\">S\u00e5 funkar det &#8211; tips fr\u00e5n den digitala v\u00e4rlden<\/a><br \/>\n<a href=\"https:\/\/www.abf.se\/wp-content\/uploads\/sites\/38\/2025\/05\/Sociala-medier-kallkritik_studiehandledning-webb.pdf\">Sociala medier &amp; k\u00e4llkritik<\/a><\/p>\n<p><strong>Hem- och krisberedskap<\/strong><br \/>\n<a href=\"https:\/\/www.abf.se\/wp-content\/uploads\/sites\/38\/2025\/04\/Preppa-tillsammans.pdf\">Preppa tillsammans &#8211; starta en Hemberedskapsgrupp<\/a><br \/>\n<a href=\"https:\/\/www.abf.se\/wp-content\/uploads\/sites\/38\/2025\/04\/Om-krisen-eller-kriget-kommer.pdf\">Om krisen eller kriget kommer (Myndigheten f\u00f6r samh\u00e4llsskydd och beredskap)<\/a><br \/>\n<a href=\"https:\/\/www.abf.se\/wp-content\/uploads\/sites\/38\/2025\/05\/Studiehandledning-STORM-webb.pdf\">Storm, \u00f6versv\u00e4mning &amp; torka<\/a><br \/>\n<a href=\"https:\/\/www.abf.se\/wp-content\/uploads\/sites\/38\/2025\/06\/under-katastrofen-webb.pdf\">Under katastrofen<\/a><br \/>\n<a href=\"https:\/\/www.abf.se\/wp-content\/uploads\/sites\/38\/2025\/06\/studiehandling-Boken-om-hemberedskap.pdf\">Studiehandledning till Boken om Hemberedskap (ABF &amp; Civilf\u00f6rsvarsf\u00f6rbundet)<\/a><br \/>\n<a href=\"https:\/\/www.abf.se\/wp-content\/uploads\/sites\/38\/2025\/05\/Studiehandledning-Facklig-beredskap_webb.pdf\">Facklig beredskap<\/a><\/p>\n<p><strong>Milj\u00f6\/H\u00e5llbarhet<\/strong><br \/>\n<a href=\"https:\/\/www.abf.se\/wp-content\/uploads\/sites\/38\/2025\/04\/Studhandl_Gatsmart_odling.pdf\">Gatsmart odling<\/a><br \/>\n<a href=\"https:\/\/www.abf.se\/wp-content\/uploads\/sites\/38\/2025\/05\/Resenarens-makt-studiehandledning.pdf\">Resen\u00e4rens makt<\/a><br \/>\n<a href=\"https:\/\/www.abf.se\/wp-content\/uploads\/sites\/38\/2025\/06\/klimatpsykologi-studiehandledning_webb.pdf\">Klimatpsykologi<\/a><\/p>\n<p><strong>M\u00e4nskliga r\u00e4ttigheter, J\u00e4mlikhet &amp; j\u00e4mst\u00e4lldhet<\/strong><\/p>\n<p><a href=\"https:\/\/www.abf.se\/wp-content\/uploads\/sites\/38\/2026\/01\/Om-detta-ska-ni-beratta-en-bok-om-Forintelsen-Forum-for-levande-historia.pdf\">Om detta ska ni ber\u00e4tta &#8211; en bok om F\u00f6rintelsen (Forum f\u00f6r levande historia)<\/a><br \/>\n<a href=\"https:\/\/www.abf.se\/wp-content\/uploads\/sites\/38\/2025\/04\/feminism-pa-riktigt.pdf\">Feminism p\u00e5 riktigt<\/a><br \/>\n<a href=\"https:\/\/www.abf.se\/wp-content\/uploads\/sites\/38\/2025\/04\/abf-jamlikhet-ar-losningen-studiehandledning.pdf\">J\u00e4mlikhet \u00e4r l\u00f6sningen<\/a><br \/>\n<a href=\"https:\/\/www.abf.se\/wp-content\/uploads\/sites\/38\/2025\/06\/livslang-ekonomi_webb2.pdf\">Livsl\u00e5ng ekonomi<\/a><br \/>\n<a href=\"https:\/\/www.abf.se\/wp-content\/uploads\/sites\/38\/2025\/06\/2025-Kraftverket-WORKSHOP-studiehandledning.pdf\">Kraftverket Workshop (Brukarkraft)<\/a><br \/>\n<a href=\"https:\/\/www.abf.se\/wp-content\/uploads\/sites\/38\/2025\/12\/Samtida-marxist-teori-Studiehandledning-ABF.pdf\">Samtida marxistisk teori<\/a><\/p>\n<p><strong>Stats- och samh\u00e4llskunskap<br \/>\n<\/strong><a href=\"https:\/\/www.abf.se\/wp-content\/uploads\/sites\/38\/2025\/06\/ABF-Studiehandledning-Gaza_webb.pdf\">Om Gaza<\/a><strong><br \/>\n<\/strong><a href=\"https:\/\/www.abf.se\/wp-content\/uploads\/sites\/38\/2025\/06\/det-svenska-missnojet.pdf\">Det svenska missn\u00f6jet<\/a><br \/>\n<a href=\"https:\/\/www.abf.se\/wp-content\/uploads\/sites\/38\/2025\/12\/Vem-i-hela-varlden-kan-man-lita-pa-ABF-Studiehandledning.pdf\">Vem i hela v\u00e4rlden kan man lita p\u00e5? (studiehandledning)<\/a><br \/>\n<a href=\"https:\/\/www.abf.se\/wp-content\/uploads\/sites\/38\/2025\/12\/Dina-20-miljoner-Studiehandledning.pdf\">Dina 20 miljoner<\/a><\/p>\n<p><strong>Musik, dans, film och teater<\/strong><br \/>\n<a href=\"https:\/\/www.abf.se\/wp-content\/uploads\/sites\/38\/2025\/04\/ABF-studiehandledning-Live-pa-bio_opera_teater.pdf\">Opera, Balett, teater, Live p\u00e5 Bio<\/a><br \/>\n<a href=\"https:\/\/www.abf.se\/wp-content\/uploads\/sites\/38\/2025\/04\/Cosplay_Studiehandledning_2015.pdf\">Cosplay (studiehandledning)<\/a><br \/>\n<a href=\"https:\/\/www.abf.se\/wp-content\/uploads\/sites\/38\/2025\/06\/Cosplay_Studiematerial_2015.pdf\">Cosplay (studiematerial)<\/a><\/p>\n<p><strong>Litteratur &amp; spr\u00e5k<br \/>\n<\/strong><a href=\"https:\/\/www.abf.se\/wp-content\/uploads\/sites\/38\/2025\/05\/att-lasa-skonlitteratur-studiehandledning.pdf\">Att l\u00e4sa sk\u00f6nlitteratur<\/a><br \/>\n<a href=\"https:\/\/www.abf.se\/wp-content\/uploads\/sites\/38\/2025\/06\/english-first-reviderad.jpg\">English First! (Studiebok f\u00f6r utl\u00e5ning till studiecirkeln)<\/a><br \/>\n<a href=\"https:\/\/www.abf.se\/wp-content\/uploads\/sites\/38\/2025\/06\/9789146219026_383x_tyska-for-nyborjare-kursbok_haftad.jpg\">Tyska f\u00f6r nyb\u00f6rjare (Kursbok f\u00f6r utl\u00e5ning till studiecirkeln)<\/a><\/p>\n<p><strong>F\u00f6reningskunskap<br \/>\n<\/strong><a href=\"https:\/\/www.abf.se\/wp-content\/uploads\/sites\/38\/2026\/04\/Starta-forening-Ledarmaterial.pdf\">Starta f\u00f6rening (Ledarmaterial)<\/a><br \/>\n<a href=\"https:\/\/www.abf.se\/wp-content\/uploads\/sites\/38\/2026\/04\/Starta-forening-Deltagarmaterial.pdf\">Starta f\u00f6rening (Deltagarmaterial)<\/a><br \/>\n<a href=\"https:\/\/www.abf.se\/wp-content\/uploads\/sites\/38\/2026\/04\/Foreningskunskap-Grundutbildning-Ledarmaterial.pdf\">F\u00f6reningskunskap (Ledarmaterial)<\/a><br \/>\n<a href=\"https:\/\/www.abf.se\/wp-content\/uploads\/sites\/38\/2026\/04\/Foreningskunskap-Grundutbildning-Deltagarmaterial.pdf\">F\u00f6reningskunskap (Deltagarmaterial)<\/a><br \/>\n<a href=\"https:\/\/www.abf.se\/wp-content\/uploads\/sites\/38\/2025\/06\/ABF_Engagera_organisera.pdf\">Engagera och organisera<\/a><br \/>\n<a href=\"https:\/\/www.abf.se\/wp-content\/uploads\/sites\/38\/2025\/06\/du_kan_paverka-_webb.pdf\">Du kan p\u00e5verka<\/a><br \/>\n<a href=\"https:\/\/www.abf.se\/wp-content\/uploads\/sites\/38\/2025\/06\/motesteknik_tillganglighetsanpassning.pdf\">M\u00f6testeknik<\/a><br \/>\n<a href=\"https:\/\/www.abf.se\/wp-content\/uploads\/sites\/38\/2025\/06\/ordforande_webb.pdf\">Ordf\u00f6rande<\/a><br \/>\n<a href=\"https:\/\/www.abf.se\/wp-content\/uploads\/sites\/38\/2025\/06\/Kassoren-webb.pdf\">Kass\u00f6r<\/a><br \/>\n<a href=\"https:\/\/www.abf.se\/wp-content\/uploads\/sites\/38\/2025\/06\/Studieorganisator.pdf\">Studieorganisat\u00f6r<\/a><br \/>\n<a href=\"https:\/\/www.abf.se\/wp-content\/uploads\/sites\/38\/2026\/03\/Fran-ideburen-till-idebarande-Styrelseutveckling.pdf\">Fr\u00e5n id\u00e9buren till id\u00e9b\u00e4rande &#8211; Styrelseutveckling<\/a><br \/>\n<a href=\"https:\/\/www.abf.se\/wp-content\/uploads\/sites\/38\/2026\/03\/Att-styra-en-ideburen-organisation.pdf\">Att styra en id\u00e9buren organisation<\/a><br \/>\n<a href=\"https:\/\/www.abf.se\/wp-content\/uploads\/sites\/38\/2026\/03\/Att-arbeta-i-en-ideburen-organisation.pdf\">Att arbeta i en id\u00e9buren organisation<\/a><br \/>\n<a href=\"https:\/\/www.abf.se\/wp-content\/uploads\/sites\/38\/2026\/03\/Jag-i-forening.pdf\">Jag i f\u00f6rening<\/a><\/p>\n<p>&nbsp;<\/p>\n<p>&nbsp;<\/p>\n<p>&nbsp;<\/p>\n\n    <\/div>\n<\/div>\n<div\n    class=\"acf-article-cta-link-block article-container my-8\"\n    data-block=\"article-cta-link-block\"\n>\n<div>\n    <a class=\"inline-flex flex-row items-center gap-4 text-link underline text-red-dark\"\n        href=\"https:\/\/arretjanst.abf.se\/\"\n            >\n        <span class=\"\">\n        Till ABFs e-tj\u00e4nst (N\u00e4rvarolista)\n        <\/span>\n        <figure aria-hidden=\"true\" class=\"rounded-full bg-red-dark w-8 h-8 p-1 text-white\">\n            <svg width=\"20\" height=\"20\" viewBox=\"0 0 20 20\" fill=\"none\" class=\"SvgIconElement\">\n<path d=\"M4.16659 10L15.8333 10\" stroke=\"currentColor\"\/>\n<path d=\"M9.99992 4.1665L15.8333 9.99984L9.99992 15.8332\" stroke=\"currentColor\"\/>\n<\/svg>\n        <\/figure>\n    <\/a>\n<\/div>\n<\/div>\n","protected":false},"excerpt":{"rendered":"","protected":false},"author":21,"featured_media":0,"parent":0,"menu_order":0,"comment_status":"closed","ping_status":"closed","template":"","meta":{"_acf_changed":false,"footnotes":""},"class_list":["post-293","page","type-page","status-publish","hentry"],"acf":[],"yoast_head":"<!-- This site is optimized with the Yoast SEO plugin v27.0 - https:\/\/yoast.com\/product\/yoast-seo-wordpress\/ -->\n<title>Starta en Studiecirkel - Norra Stockholms l\u00e4n<\/title>\n<meta name=\"robots\" content=\"index, follow, max-snippet:-1, max-image-preview:large, max-video-preview:-1\" \/>\n<link rel=\"canonical\" href=\"https:\/\/www.abf.se\/norra-stockholms-lan\/starta-en-cirkel\/\" \/>\n<meta property=\"og:locale\" content=\"sv_SE\" \/>\n<meta property=\"og:type\" content=\"article\" \/>\n<meta property=\"og:title\" content=\"Starta en Studiecirkel - Norra Stockholms l\u00e4n\" \/>\n<meta property=\"og:url\" content=\"https:\/\/www.abf.se\/norra-stockholms-lan\/starta-en-cirkel\/\" \/>\n<meta property=\"og:site_name\" content=\"Norra Stockholms l\u00e4n\" \/>\n<meta property=\"article:modified_time\" content=\"2026-04-16T09:20:22+00:00\" \/>\n<meta name=\"twitter:card\" content=\"summary_large_image\" \/>\n<script type=\"application\/ld+json\" class=\"yoast-schema-graph\">{\"@context\":\"https:\/\/schema.org\",\"@graph\":[{\"@type\":\"WebPage\",\"@id\":\"https:\/\/www.abf.se\/norra-stockholms-lan\/starta-en-cirkel\/\",\"url\":\"https:\/\/www.abf.se\/norra-stockholms-lan\/starta-en-cirkel\/\",\"name\":\"Starta en Studiecirkel - Norra Stockholms l\u00e4n\",\"isPartOf\":{\"@id\":\"https:\/\/www.abf.se\/norra-stockholms-lan\/#website\"},\"datePublished\":\"2025-04-07T18:39:28+00:00\",\"dateModified\":\"2026-04-16T09:20:22+00:00\",\"breadcrumb\":{\"@id\":\"https:\/\/www.abf.se\/norra-stockholms-lan\/starta-en-cirkel\/#breadcrumb\"},\"inLanguage\":\"sv-SE\",\"potentialAction\":[{\"@type\":\"ReadAction\",\"target\":[\"https:\/\/www.abf.se\/norra-stockholms-lan\/starta-en-cirkel\/\"]}]},{\"@type\":\"BreadcrumbList\",\"@id\":\"https:\/\/www.abf.se\/norra-stockholms-lan\/starta-en-cirkel\/#breadcrumb\",\"itemListElement\":[{\"@type\":\"ListItem\",\"position\":1,\"name\":\"Home\",\"item\":\"https:\/\/www.abf.se\/norra-stockholms-lan\/\"},{\"@type\":\"ListItem\",\"position\":2,\"name\":\"Starta en Studiecirkel\"}]},{\"@type\":\"WebSite\",\"@id\":\"https:\/\/www.abf.se\/norra-stockholms-lan\/#website\",\"url\":\"https:\/\/www.abf.se\/norra-stockholms-lan\/\",\"name\":\"Norra Stockholms l\u00e4n\",\"description\":\"\",\"potentialAction\":[{\"@type\":\"SearchAction\",\"target\":{\"@type\":\"EntryPoint\",\"urlTemplate\":\"https:\/\/www.abf.se\/norra-stockholms-lan\/?s={search_term_string}\"},\"query-input\":{\"@type\":\"PropertyValueSpecification\",\"valueRequired\":true,\"valueName\":\"search_term_string\"}}],\"inLanguage\":\"sv-SE\"}]}<\/script>\n<!-- \/ Yoast SEO plugin. -->","yoast_head_json":{"title":"Starta en Studiecirkel - Norra Stockholms l\u00e4n","robots":{"index":"index","follow":"follow","max-snippet":"max-snippet:-1","max-image-preview":"max-image-preview:large","max-video-preview":"max-video-preview:-1"},"canonical":"https:\/\/www.abf.se\/norra-stockholms-lan\/starta-en-cirkel\/","og_locale":"sv_SE","og_type":"article","og_title":"Starta en Studiecirkel - Norra Stockholms l\u00e4n","og_url":"https:\/\/www.abf.se\/norra-stockholms-lan\/starta-en-cirkel\/","og_site_name":"Norra Stockholms l\u00e4n","article_modified_time":"2026-04-16T09:20:22+00:00","twitter_card":"summary_large_image","schema":{"@context":"https:\/\/schema.org","@graph":[{"@type":"WebPage","@id":"https:\/\/www.abf.se\/norra-stockholms-lan\/starta-en-cirkel\/","url":"https:\/\/www.abf.se\/norra-stockholms-lan\/starta-en-cirkel\/","name":"Starta en Studiecirkel - Norra Stockholms l\u00e4n","isPartOf":{"@id":"https:\/\/www.abf.se\/norra-stockholms-lan\/#website"},"datePublished":"2025-04-07T18:39:28+00:00","dateModified":"2026-04-16T09:20:22+00:00","breadcrumb":{"@id":"https:\/\/www.abf.se\/norra-stockholms-lan\/starta-en-cirkel\/#breadcrumb"},"inLanguage":"sv-SE","potentialAction":[{"@type":"ReadAction","target":["https:\/\/www.abf.se\/norra-stockholms-lan\/starta-en-cirkel\/"]}]},{"@type":"BreadcrumbList","@id":"https:\/\/www.abf.se\/norra-stockholms-lan\/starta-en-cirkel\/#breadcrumb","itemListElement":[{"@type":"ListItem","position":1,"name":"Home","item":"https:\/\/www.abf.se\/norra-stockholms-lan\/"},{"@type":"ListItem","position":2,"name":"Starta en Studiecirkel"}]},{"@type":"WebSite","@id":"https:\/\/www.abf.se\/norra-stockholms-lan\/#website","url":"https:\/\/www.abf.se\/norra-stockholms-lan\/","name":"Norra Stockholms l\u00e4n","description":"","potentialAction":[{"@type":"SearchAction","target":{"@type":"EntryPoint","urlTemplate":"https:\/\/www.abf.se\/norra-stockholms-lan\/?s={search_term_string}"},"query-input":{"@type":"PropertyValueSpecification","valueRequired":true,"valueName":"search_term_string"}}],"inLanguage":"sv-SE"}]}},"_links":{"self":[{"href":"https:\/\/www.abf.se\/norra-stockholms-lan\/wp-json\/wp\/v2\/pages\/293","targetHints":{"allow":["GET"]}}],"collection":[{"href":"https:\/\/www.abf.se\/norra-stockholms-lan\/wp-json\/wp\/v2\/pages"}],"about":[{"href":"https:\/\/www.abf.se\/norra-stockholms-lan\/wp-json\/wp\/v2\/types\/page"}],"author":[{"embeddable":true,"href":"https:\/\/www.abf.se\/norra-stockholms-lan\/wp-json\/wp\/v2\/users\/21"}],"replies":[{"embeddable":true,"href":"https:\/\/www.abf.se\/norra-stockholms-lan\/wp-json\/wp\/v2\/comments?post=293"}],"version-history":[{"count":68,"href":"https:\/\/www.abf.se\/norra-stockholms-lan\/wp-json\/wp\/v2\/pages\/293\/revisions"}],"predecessor-version":[{"id":1567,"href":"https:\/\/www.abf.se\/norra-stockholms-lan\/wp-json\/wp\/v2\/pages\/293\/revisions\/1567"}],"wp:attachment":[{"href":"https:\/\/www.abf.se\/norra-stockholms-lan\/wp-json\/wp\/v2\/media?parent=293"}],"curies":[{"name":"wp","href":"https:\/\/api.w.org\/{rel}","templated":true}]}}