{"id":7,"date":"2024-04-23T10:31:05","date_gmt":"2024-04-23T08:31:05","guid":{"rendered":"https:\/\/www.abf.se\/norra-stockholms-lan\/?page_id=7"},"modified":"2026-03-03T08:28:18","modified_gmt":"2026-03-03T07:28:18","slug":"kontakt","status":"publish","type":"page","link":"https:\/\/www.abf.se\/norra-stockholms-lan\/om-abf\/kontakt\/","title":{"rendered":"Kontakta oss"},"content":{"rendered":"<div\n    class=\"acf-hero-block container-lg no-padding mb-12 js-geolocation\"\n    data-block=\"hero-block\"\n    data-index=\"0\"\n>\n    <div class=\"h-[548px]  relative rounded-[32px] overflow-hidden flex bg-gray-light\">\n        <div class=\"relative z-10 mt-auto h-auto w-full md:h-full\">\n            <div class=\"flex w-full h-full flex-col flex-wrap justify-end w-full md:w-7\/12 lg:w-1\/2 md:justify-center\">\n                <div class=\"flex flex-col gap-3 md:gap-[18px] md:transparent pt-16 pb-36 md:py-8 px-4 w-full md:max-w-[620px] mx-auto px-8\">\n\n                    <h1 class=\"hero-heading\"><span>Kontakta oss p\u00e5 ABF Norra Stockholms L\u00e4n<\/span><\/h1>\n\n                    \n                                    <\/div>\n            <\/div>\n        <\/div>\n\n                    <picture class=\"as-background-image mix-blend-multiply bg-black\/40\"><img decoding=\"async\" src=\"https:\/\/www.abf.se\/norra-stockholms-lan\/resized\/?url=https%3A%2F%2Fwww.abf.se%2Fwp-content%2Fuploads%2Fsites%2F38%2F2025%2F04%2FABF_header_1805-5975-scaled.jpg&#038;fit=crop&#038;w=1440&#038;s=124c2cc53e47255944165c309fbd6c1d\" srcset=\"https:\/\/www.abf.se\/norra-stockholms-lan\/resized\/?url=https%3A%2F%2Fwww.abf.se%2Fwp-content%2Fuploads%2Fsites%2F38%2F2025%2F04%2FABF_header_1805-5975-scaled.jpg&#038;fit=crop&#038;w=375&#038;h=540&#038;s=4c6c3f7fd47fc7a73f32f35d057da0af 375w, https:\/\/www.abf.se\/norra-stockholms-lan\/resized\/?url=https%3A%2F%2Fwww.abf.se%2Fwp-content%2Fuploads%2Fsites%2F38%2F2025%2F04%2FABF_header_1805-5975-scaled.jpg&#038;fit=crop&#038;w=447&#038;h=540&#038;s=a9adda1210e64bb28c72b4a24ded2a59 447w, https:\/\/www.abf.se\/norra-stockholms-lan\/resized\/?url=https%3A%2F%2Fwww.abf.se%2Fwp-content%2Fuploads%2Fsites%2F38%2F2025%2F04%2FABF_header_1805-5975-scaled.jpg&#038;fit=crop&#038;w=519&#038;h=540&#038;s=489bbbb0790affdbb0b9a3fa63cdac89 519w, https:\/\/www.abf.se\/norra-stockholms-lan\/resized\/?url=https%3A%2F%2Fwww.abf.se%2Fwp-content%2Fuploads%2Fsites%2F38%2F2025%2F04%2FABF_header_1805-5975-scaled.jpg&#038;fit=crop&#038;w=591&#038;h=540&#038;s=f37b92ec1e94834d4dc3a5996c041f26 591w, https:\/\/www.abf.se\/norra-stockholms-lan\/resized\/?url=https%3A%2F%2Fwww.abf.se%2Fwp-content%2Fuploads%2Fsites%2F38%2F2025%2F04%2FABF_header_1805-5975-scaled.jpg&#038;fit=crop&#038;w=663&#038;h=540&#038;s=637c30e5914385c6d40f5f5bdb5bc2ee 663w, https:\/\/www.abf.se\/norra-stockholms-lan\/resized\/?url=https%3A%2F%2Fwww.abf.se%2Fwp-content%2Fuploads%2Fsites%2F38%2F2025%2F04%2FABF_header_1805-5975-scaled.jpg&#038;fit=crop&#038;w=750&#038;h=540&#038;s=f68ba277576f6049da5f1729a830a128 750w, https:\/\/www.abf.se\/norra-stockholms-lan\/resized\/?url=https%3A%2F%2Fwww.abf.se%2Fwp-content%2Fuploads%2Fsites%2F38%2F2025%2F04%2FABF_header_1805-5975-scaled.jpg&#038;fit=crop&#038;w=894&#038;h=540&#038;s=61057ed9a2f5d68f4e6effbdbe812e64 894w, https:\/\/www.abf.se\/norra-stockholms-lan\/resized\/?url=https%3A%2F%2Fwww.abf.se%2Fwp-content%2Fuploads%2Fsites%2F38%2F2025%2F04%2FABF_header_1805-5975-scaled.jpg&#038;fit=crop&#038;w=1038&#038;h=540&#038;s=ebd38e3ef261ed9cd1a1a427c98a0693 1038w, https:\/\/www.abf.se\/norra-stockholms-lan\/resized\/?url=https%3A%2F%2Fwww.abf.se%2Fwp-content%2Fuploads%2Fsites%2F38%2F2025%2F04%2FABF_header_1805-5975-scaled.jpg&#038;fit=crop&#038;w=1182&#038;h=540&#038;s=95b8c1077ca27b08a9cebc53d9617135 1182w, https:\/\/www.abf.se\/norra-stockholms-lan\/resized\/?url=https%3A%2F%2Fwww.abf.se%2Fwp-content%2Fuploads%2Fsites%2F38%2F2025%2F04%2FABF_header_1805-5975-scaled.jpg&#038;fit=crop&#038;w=1326&#038;h=540&#038;s=176fcfb782479042975b2543f28e7bfb 1326w, https:\/\/www.abf.se\/norra-stockholms-lan\/resized\/?url=https%3A%2F%2Fwww.abf.se%2Fwp-content%2Fuploads%2Fsites%2F38%2F2025%2F04%2FABF_header_1805-5975-scaled.jpg&#038;fit=crop&#038;w=1440&#038;h=540&#038;s=49f906223a02a927aa01b405e79a8ac0 1440w\" alt=\"\" height=\"540\" width=\"1440\" sizes=\"(max-width: 1440px) calc(100vw - 32px), 1440px\" loading=\"eager\" fetchpriority=\"high\" aria-hidden=\"true\" role=\"presentation\" \/><\/picture>\n        \n\n                    <figure class=\"absolute bottom-0  md:w-1\/2 transform right-0 translate-x-10 md:translate-x-32\">\n                <img decoding=\"async\"\n                    alt=\"\"\n                    aria-hidden=\"true\"\n                    class=\"h-auto w-full\"\n                    role=\"presentation\"\n                    src=\"\/assets\/images\/two_circles_bottom.svg\"\n                >\n            <\/figure>\n            <\/div>\n\n    <\/div>\n\n<div\n    class=\"acf-plain-heading-block container my-16\"\n    data-block=\"plain-heading-block\"\n>\n    <div class=\"max-w-[658px] mx-auto\">\n                            <p class=\"mt-8 body-xl text-black\">\n                Vi finns i:<br \/>\r\nDanderyd, J\u00e4rf\u00e4lla, Sigtuna, Sollentuna, Solna, Sundbyberg, T\u00e4by, Upplands-Bro, Upplands V\u00e4sby, Vallentuna, Vaxholm och \u00d6ster\u00e5ker. Vi har verksamhetslokaler i M\u00e4rsta, Upplands V\u00e4sby, Jakobsberg, Kungs\u00e4ngen och Upplands-Bro. Ta kontakt med oss f\u00f6r mer information. V\u00e5rt huvudkontor finns p\u00e5 Anton Tamms v\u00e4g 3 i Upplands V\u00e4sby.\n            <\/p>\n            <\/div>\n<\/div>\n<div\n    class=\"acf-article-cta-link-block article-container my-8\"\n    data-block=\"article-cta-link-block\"\n>\n<div>\n    <a class=\"inline-flex flex-row items-center gap-4 text-link underline text-red-dark\"\n        href=\"https:\/\/maps.google.com\/maps?ll=59.516886,17.898039&amp;z=16&amp;t=m&amp;hl=sv&amp;gl=SE&amp;mapclient=embed&amp;cid=12533146563405288670\"\n            >\n        <span class=\"\">\n        Hitta till oss\n        <\/span>\n        <figure aria-hidden=\"true\" class=\"rounded-full bg-red-dark w-8 h-8 p-1 text-white\">\n            <svg width=\"20\" height=\"20\" viewBox=\"0 0 20 20\" fill=\"none\" class=\"SvgIconElement\">\n<path d=\"M4.16659 10L15.8333 10\" stroke=\"currentColor\"\/>\n<path d=\"M9.99992 4.1665L15.8333 9.99984L9.99992 15.8332\" stroke=\"currentColor\"\/>\n<\/svg>\n        <\/figure>\n    <\/a>\n<\/div>\n<\/div>\n<div\n    class=\"acf-article-cta-link-block article-container my-8\"\n    data-block=\"article-cta-link-block\"\n>\n<div>\n    <a class=\"inline-flex flex-row items-center gap-4 text-link underline text-red-dark\"\n        href=\"https:\/\/www.abf.se\/norra-stockholms-lan\/jag-vill-ha-nyhetsbrev\/\"\n            >\n        <span class=\"\">\n        Jag vill ha Nyhetsbrev\n        <\/span>\n        <figure aria-hidden=\"true\" class=\"rounded-full bg-red-dark w-8 h-8 p-1 text-white\">\n            <svg width=\"20\" height=\"20\" viewBox=\"0 0 20 20\" fill=\"none\" class=\"SvgIconElement\">\n<path d=\"M4.16659 10L15.8333 10\" stroke=\"currentColor\"\/>\n<path d=\"M9.99992 4.1665L15.8333 9.99984L9.99992 15.8332\" stroke=\"currentColor\"\/>\n<\/svg>\n        <\/figure>\n    <\/a>\n<\/div>\n<\/div>\n<div\n    class=\"acf-article-text-block article-container my-12\"\n    data-block=\"article-text-block\"\n>\n    <div class=\"wysiwyg\">\n        <h2>ABF Norra Stockholms L\u00e4n<\/h2>\n<p>E-postadress:\u00a0<a href=\"mailto:info.norrastockholmslan@abf.se\">info.norrastockholmslan@abf.se<\/a><\/p>\n<h2>Personal p\u00e5 ABF Norra Stockholms L\u00e4n<\/h2>\n<p><strong>Tanja Siiteri\u00a0<\/strong><br \/>\nVerksamhetsutvecklare (Danderyd, J\u00e4rf\u00e4lla, Upplands-Bro, \u00d6ster\u00e5ker)<br \/>\nTelefon: 073-049 62 26<br \/>\nE-postadress: <a href=\"mailto:tanja.siiteri@abf.se\">tanja.siiteri@abf.se<\/a><br \/>\nTelefontid: M\u00e5ndag 10.00-12.00, Tisdag 15.00-17.00<\/p>\n<p><strong>Fozia Tahir\u00a0<\/strong><br \/>\nVerksamhetsutvecklare (Solna, Sundbyberg, Upplands V\u00e4sby, Vallentuna)<br \/>\nTelefon: 073- 050 26 09<br \/>\nE-postadress: <a href=\"mailto:fozia.tahir@abf.se\">fozia.tahir@abf.se<\/a><\/p>\n<p><strong>Petra Schmidt Andersson\u00a0<\/strong><br \/>\nVerksamhetsutvecklare (Sigtuna, Sollentuna, T\u00e4by, Vaxholm)<br \/>\nTelefon: 073-050 28 12<br \/>\nE-postadress: <u><a href=\"mailto:petra.schmidtandersson@abf.se\">petra.schmidtandersson@abf.se<\/a><\/u><\/p>\n<p><strong>Erik Modin\u00a0<\/strong><br \/>\nVerksamhetsutvecklare (Musikhus)<br \/>\nTelefon: 072-524 34 27<br \/>\nE-postadress: <a href=\"mailto:erik.modin@abf.se\">erik.modin@abf.se<\/a><\/p>\n<p><strong>Simon Westin\u00a0<\/strong><br \/>\nProjektkoordinator<br \/>\nTelefon: 073-048 93 82<br \/>\nE-postadress: <a href=\"mailto:simon.westin@abf.se\">simon.westin@abf.se<\/a><\/p>\n<p><strong>Thomas Jansson\u00a0<\/strong><br \/>\nIT\/Teknik och Administration<br \/>\nTelefon: 073-050 28 85<br \/>\nE-postadress: <a href=\"mailto:thomas.jansson@abf.se\">thomas.jansson@abf.se<\/a><\/p>\n<p><strong>Camilla Klaesson\u00a0<\/strong><br \/>\nKvalitetsansvarig<br \/>\nTelefon: 073-048 81 15<br \/>\nE-postadress: <a href=\"mailto:camilla.klaesson@abf.se\">camilla.klaesson@abf.se<\/a><\/p>\n<p><strong>Maryam Dorbegi\u00a0<\/strong><br \/>\nAdministration<br \/>\nTelefon: 073-050 20 54<br \/>\nE-postadress: <a href=\"mailto:maryam.dorbegi@abf.se\">maryam.dorbegi@abf.se<\/a><\/p>\n<p><strong>Mikael Ahlberg\u00a0<\/strong><br \/>\nOmbudsman<br \/>\nTelefon: 073-050 00 79<br \/>\nE-postadress: <a href=\"mailto:mikael.ahlberg@abf.se\">mikael.ahlberg@abf.se<\/a><\/p>\n\n    <\/div>\n<\/div>\n<div\n    class=\"acf-article-cta-link-block article-container my-8\"\n    data-block=\"article-cta-link-block\"\n>\n<div>\n    <a class=\"inline-flex flex-row items-center gap-4 text-link underline text-red-dark\"\n        href=\"https:\/\/www.abf.se\/norra-stockholms-lan\/avdelningens-fortroendevalda\/\"\n            >\n        <span class=\"\">\n        Avdelningens f\u00f6rtroendevalda\n        <\/span>\n        <figure aria-hidden=\"true\" class=\"rounded-full bg-red-dark w-8 h-8 p-1 text-white\">\n            <svg width=\"20\" height=\"20\" viewBox=\"0 0 20 20\" fill=\"none\" class=\"SvgIconElement\">\n<path d=\"M4.16659 10L15.8333 10\" stroke=\"currentColor\"\/>\n<path d=\"M9.99992 4.1665L15.8333 9.99984L9.99992 15.8332\" stroke=\"currentColor\"\/>\n<\/svg>\n        <\/figure>\n    <\/a>\n<\/div>\n<\/div>\n","protected":false},"excerpt":{"rendered":"","protected":false},"author":4,"featured_media":0,"parent":46,"menu_order":0,"comment_status":"closed","ping_status":"closed","template":"","meta":{"_acf_changed":false,"footnotes":""},"class_list":["post-7","page","type-page","status-publish","hentry"],"acf":[],"yoast_head":"<!-- This site is optimized with the Yoast SEO plugin v27.0 - https:\/\/yoast.com\/product\/yoast-seo-wordpress\/ -->\n<title>Kontakta oss - Norra Stockholms l\u00e4n<\/title>\n<meta name=\"robots\" content=\"index, follow, max-snippet:-1, max-image-preview:large, max-video-preview:-1\" \/>\n<link rel=\"canonical\" href=\"https:\/\/www.abf.se\/norra-stockholms-lan\/om-abf\/kontakt\/\" \/>\n<meta property=\"og:locale\" content=\"sv_SE\" \/>\n<meta property=\"og:type\" content=\"article\" \/>\n<meta property=\"og:title\" content=\"Kontakta oss - Norra Stockholms l\u00e4n\" \/>\n<meta property=\"og:url\" content=\"https:\/\/www.abf.se\/norra-stockholms-lan\/om-abf\/kontakt\/\" \/>\n<meta property=\"og:site_name\" content=\"Norra Stockholms l\u00e4n\" \/>\n<meta property=\"article:modified_time\" content=\"2026-03-03T07:28:18+00:00\" \/>\n<meta name=\"twitter:card\" content=\"summary_large_image\" \/>\n<script type=\"application\/ld+json\" class=\"yoast-schema-graph\">{\"@context\":\"https:\/\/schema.org\",\"@graph\":[{\"@type\":\"WebPage\",\"@id\":\"https:\/\/www.abf.se\/norra-stockholms-lan\/om-abf\/kontakt\/\",\"url\":\"https:\/\/www.abf.se\/norra-stockholms-lan\/om-abf\/kontakt\/\",\"name\":\"Kontakta oss - Norra Stockholms l\u00e4n\",\"isPartOf\":{\"@id\":\"https:\/\/www.abf.se\/norra-stockholms-lan\/#website\"},\"datePublished\":\"2024-04-23T08:31:05+00:00\",\"dateModified\":\"2026-03-03T07:28:18+00:00\",\"breadcrumb\":{\"@id\":\"https:\/\/www.abf.se\/norra-stockholms-lan\/om-abf\/kontakt\/#breadcrumb\"},\"inLanguage\":\"sv-SE\",\"potentialAction\":[{\"@type\":\"ReadAction\",\"target\":[\"https:\/\/www.abf.se\/norra-stockholms-lan\/om-abf\/kontakt\/\"]}]},{\"@type\":\"BreadcrumbList\",\"@id\":\"https:\/\/www.abf.se\/norra-stockholms-lan\/om-abf\/kontakt\/#breadcrumb\",\"itemListElement\":[{\"@type\":\"ListItem\",\"position\":1,\"name\":\"Home\",\"item\":\"https:\/\/www.abf.se\/norra-stockholms-lan\/\"},{\"@type\":\"ListItem\",\"position\":2,\"name\":\"Om Arbetarnas Bildningsf\u00f6rbund (ABF)\",\"item\":\"https:\/\/www.abf.se\/norra-stockholms-lan\/om-abf\/\"},{\"@type\":\"ListItem\",\"position\":3,\"name\":\"Kontakta oss\"}]},{\"@type\":\"WebSite\",\"@id\":\"https:\/\/www.abf.se\/norra-stockholms-lan\/#website\",\"url\":\"https:\/\/www.abf.se\/norra-stockholms-lan\/\",\"name\":\"Norra Stockholms l\u00e4n\",\"description\":\"\",\"potentialAction\":[{\"@type\":\"SearchAction\",\"target\":{\"@type\":\"EntryPoint\",\"urlTemplate\":\"https:\/\/www.abf.se\/norra-stockholms-lan\/?s={search_term_string}\"},\"query-input\":{\"@type\":\"PropertyValueSpecification\",\"valueRequired\":true,\"valueName\":\"search_term_string\"}}],\"inLanguage\":\"sv-SE\"}]}<\/script>\n<!-- \/ Yoast SEO plugin. -->","yoast_head_json":{"title":"Kontakta oss - Norra Stockholms l\u00e4n","robots":{"index":"index","follow":"follow","max-snippet":"max-snippet:-1","max-image-preview":"max-image-preview:large","max-video-preview":"max-video-preview:-1"},"canonical":"https:\/\/www.abf.se\/norra-stockholms-lan\/om-abf\/kontakt\/","og_locale":"sv_SE","og_type":"article","og_title":"Kontakta oss - Norra Stockholms l\u00e4n","og_url":"https:\/\/www.abf.se\/norra-stockholms-lan\/om-abf\/kontakt\/","og_site_name":"Norra Stockholms l\u00e4n","article_modified_time":"2026-03-03T07:28:18+00:00","twitter_card":"summary_large_image","schema":{"@context":"https:\/\/schema.org","@graph":[{"@type":"WebPage","@id":"https:\/\/www.abf.se\/norra-stockholms-lan\/om-abf\/kontakt\/","url":"https:\/\/www.abf.se\/norra-stockholms-lan\/om-abf\/kontakt\/","name":"Kontakta oss - Norra Stockholms l\u00e4n","isPartOf":{"@id":"https:\/\/www.abf.se\/norra-stockholms-lan\/#website"},"datePublished":"2024-04-23T08:31:05+00:00","dateModified":"2026-03-03T07:28:18+00:00","breadcrumb":{"@id":"https:\/\/www.abf.se\/norra-stockholms-lan\/om-abf\/kontakt\/#breadcrumb"},"inLanguage":"sv-SE","potentialAction":[{"@type":"ReadAction","target":["https:\/\/www.abf.se\/norra-stockholms-lan\/om-abf\/kontakt\/"]}]},{"@type":"BreadcrumbList","@id":"https:\/\/www.abf.se\/norra-stockholms-lan\/om-abf\/kontakt\/#breadcrumb","itemListElement":[{"@type":"ListItem","position":1,"name":"Home","item":"https:\/\/www.abf.se\/norra-stockholms-lan\/"},{"@type":"ListItem","position":2,"name":"Om Arbetarnas Bildningsf\u00f6rbund (ABF)","item":"https:\/\/www.abf.se\/norra-stockholms-lan\/om-abf\/"},{"@type":"ListItem","position":3,"name":"Kontakta oss"}]},{"@type":"WebSite","@id":"https:\/\/www.abf.se\/norra-stockholms-lan\/#website","url":"https:\/\/www.abf.se\/norra-stockholms-lan\/","name":"Norra Stockholms l\u00e4n","description":"","potentialAction":[{"@type":"SearchAction","target":{"@type":"EntryPoint","urlTemplate":"https:\/\/www.abf.se\/norra-stockholms-lan\/?s={search_term_string}"},"query-input":{"@type":"PropertyValueSpecification","valueRequired":true,"valueName":"search_term_string"}}],"inLanguage":"sv-SE"}]}},"_links":{"self":[{"href":"https:\/\/www.abf.se\/norra-stockholms-lan\/wp-json\/wp\/v2\/pages\/7","targetHints":{"allow":["GET"]}}],"collection":[{"href":"https:\/\/www.abf.se\/norra-stockholms-lan\/wp-json\/wp\/v2\/pages"}],"about":[{"href":"https:\/\/www.abf.se\/norra-stockholms-lan\/wp-json\/wp\/v2\/types\/page"}],"author":[{"embeddable":true,"href":"https:\/\/www.abf.se\/norra-stockholms-lan\/wp-json\/wp\/v2\/users\/4"}],"replies":[{"embeddable":true,"href":"https:\/\/www.abf.se\/norra-stockholms-lan\/wp-json\/wp\/v2\/comments?post=7"}],"version-history":[{"count":38,"href":"https:\/\/www.abf.se\/norra-stockholms-lan\/wp-json\/wp\/v2\/pages\/7\/revisions"}],"predecessor-version":[{"id":1512,"href":"https:\/\/www.abf.se\/norra-stockholms-lan\/wp-json\/wp\/v2\/pages\/7\/revisions\/1512"}],"up":[{"embeddable":true,"href":"https:\/\/www.abf.se\/norra-stockholms-lan\/wp-json\/wp\/v2\/pages\/46"}],"wp:attachment":[{"href":"https:\/\/www.abf.se\/norra-stockholms-lan\/wp-json\/wp\/v2\/media?parent=7"}],"curies":[{"name":"wp","href":"https:\/\/api.w.org\/{rel}","templated":true}]}}