{"id":886,"date":"2025-05-26T11:14:17","date_gmt":"2025-05-26T09:14:17","guid":{"rendered":"https:\/\/www.abf.se\/norra-stockholms-lan\/?page_id=886"},"modified":"2025-06-03T10:37:31","modified_gmt":"2025-06-03T08:37:31","slug":"abf-ostervagen-68-kungsangen","status":"publish","type":"page","link":"https:\/\/www.abf.se\/norra-stockholms-lan\/abf-ostervagen-68-kungsangen\/","title":{"rendered":"ABF, \u00d6sterv\u00e4gen 68, Kungs\u00e4ngen"},"content":{"rendered":"<div\n    class=\"acf-hero-block container-lg no-padding mb-12 js-geolocation\"\n    data-block=\"hero-block\"\n    data-index=\"0\"\n>\n    <div class=\"h-[548px]  relative rounded-[32px] overflow-hidden flex bg-gray-light\">\n        <div class=\"relative z-10 mt-auto h-auto w-full md:h-full\">\n            <div class=\"flex w-full h-full flex-col flex-wrap justify-end w-full md:w-7\/12 lg:w-1\/2 md:justify-center\">\n                <div class=\"flex flex-col gap-3 md:gap-[18px] md:transparent pt-16 pb-36 md:py-8 px-4 w-full md:max-w-[620px] mx-auto px-8\">\n\n                    <h1 class=\"hero-heading\"><span>ABF, \u00d6sterv\u00e4gen 68, Kungs\u00e4ngen<\/span><\/h1>\n\n                    \n                                    <\/div>\n            <\/div>\n        <\/div>\n\n                    <picture class=\"as-background-image mix-blend-multiply bg-black\/40\"><img decoding=\"async\" src=\"https:\/\/www.abf.se\/norra-stockholms-lan\/resized\/?url=https%3A%2F%2Fwww.abf.se%2Fwp-content%2Fuploads%2Fsites%2F38%2F2025%2F06%2FOstervagen-entre-scaled.jpg&#038;fit=crop&#038;w=1440&#038;s=3a9754fd2a918893b9509b14b780ce0a\" srcset=\"https:\/\/www.abf.se\/norra-stockholms-lan\/resized\/?url=https%3A%2F%2Fwww.abf.se%2Fwp-content%2Fuploads%2Fsites%2F38%2F2025%2F06%2FOstervagen-entre-scaled.jpg&#038;fit=crop&#038;w=375&#038;h=540&#038;s=05afe85aa3e78836bd3b5480d74464a1 375w, https:\/\/www.abf.se\/norra-stockholms-lan\/resized\/?url=https%3A%2F%2Fwww.abf.se%2Fwp-content%2Fuploads%2Fsites%2F38%2F2025%2F06%2FOstervagen-entre-scaled.jpg&#038;fit=crop&#038;w=447&#038;h=540&#038;s=6e17375183f564dea201928981777f35 447w, https:\/\/www.abf.se\/norra-stockholms-lan\/resized\/?url=https%3A%2F%2Fwww.abf.se%2Fwp-content%2Fuploads%2Fsites%2F38%2F2025%2F06%2FOstervagen-entre-scaled.jpg&#038;fit=crop&#038;w=519&#038;h=540&#038;s=ee5a9400f5768c2d16cb0918adbb5f85 519w, https:\/\/www.abf.se\/norra-stockholms-lan\/resized\/?url=https%3A%2F%2Fwww.abf.se%2Fwp-content%2Fuploads%2Fsites%2F38%2F2025%2F06%2FOstervagen-entre-scaled.jpg&#038;fit=crop&#038;w=591&#038;h=540&#038;s=c6bd37426f78ef07f0f7499d78916e84 591w, https:\/\/www.abf.se\/norra-stockholms-lan\/resized\/?url=https%3A%2F%2Fwww.abf.se%2Fwp-content%2Fuploads%2Fsites%2F38%2F2025%2F06%2FOstervagen-entre-scaled.jpg&#038;fit=crop&#038;w=663&#038;h=540&#038;s=233ce454ab8ac448f96c18bb0c966fc9 663w, https:\/\/www.abf.se\/norra-stockholms-lan\/resized\/?url=https%3A%2F%2Fwww.abf.se%2Fwp-content%2Fuploads%2Fsites%2F38%2F2025%2F06%2FOstervagen-entre-scaled.jpg&#038;fit=crop&#038;w=750&#038;h=540&#038;s=156fce3a31b1cb14a175ca2a06a3bc79 750w, https:\/\/www.abf.se\/norra-stockholms-lan\/resized\/?url=https%3A%2F%2Fwww.abf.se%2Fwp-content%2Fuploads%2Fsites%2F38%2F2025%2F06%2FOstervagen-entre-scaled.jpg&#038;fit=crop&#038;w=894&#038;h=540&#038;s=fb42b8a4568f737a25ab9134d6498620 894w, https:\/\/www.abf.se\/norra-stockholms-lan\/resized\/?url=https%3A%2F%2Fwww.abf.se%2Fwp-content%2Fuploads%2Fsites%2F38%2F2025%2F06%2FOstervagen-entre-scaled.jpg&#038;fit=crop&#038;w=1038&#038;h=540&#038;s=ee744d214cb7894a7a665fdbfb8c391b 1038w, https:\/\/www.abf.se\/norra-stockholms-lan\/resized\/?url=https%3A%2F%2Fwww.abf.se%2Fwp-content%2Fuploads%2Fsites%2F38%2F2025%2F06%2FOstervagen-entre-scaled.jpg&#038;fit=crop&#038;w=1182&#038;h=540&#038;s=bc3677167a669ceb0fa340f57dde0dd2 1182w, https:\/\/www.abf.se\/norra-stockholms-lan\/resized\/?url=https%3A%2F%2Fwww.abf.se%2Fwp-content%2Fuploads%2Fsites%2F38%2F2025%2F06%2FOstervagen-entre-scaled.jpg&#038;fit=crop&#038;w=1326&#038;h=540&#038;s=2967326994257e15c6a457307a40c1ad 1326w, https:\/\/www.abf.se\/norra-stockholms-lan\/resized\/?url=https%3A%2F%2Fwww.abf.se%2Fwp-content%2Fuploads%2Fsites%2F38%2F2025%2F06%2FOstervagen-entre-scaled.jpg&#038;fit=crop&#038;w=1440&#038;h=540&#038;s=c1d5df8f7215dfcb8c6030ef944afb3e 1440w\" alt=\"\" height=\"540\" width=\"1440\" sizes=\"(max-width: 1440px) calc(100vw - 32px), 1440px\" loading=\"eager\" fetchpriority=\"high\" aria-hidden=\"true\" role=\"presentation\" \/><\/picture>\n        \n\n            <\/div>\n\n    <\/div>\n\n<div\n    class=\"acf-plain-heading-block container my-16\"\n    data-block=\"plain-heading-block\"\n>\n    <div class=\"max-w-[658px] mx-auto\">\n                            <p class=\"mt-8 body-xl text-black\">\n                P\u00e5 \u00d6sterv\u00e4gen 68 i finns v\u00e5r kvarterslokal i Kungs\u00e4ngen. I lokalen finns enklare k\u00f6k\/pentry med fikaplats\/rum och en toalett. En 4-G mobil router finns tillg\u00e4nglig f\u00f6r bokning, och \u00e4ven en ledardator. Whiteboardtavla, stafflier finns. Studierummet \u00e4r l\u00e4mpligt f\u00f6r studiecirklar med 3-12 deltagare.  \n            <\/p>\n            <\/div>\n<\/div>\n<div\n    class=\"acf-article-text-block article-container my-12\"\n    data-block=\"article-text-block\"\n>\n    <div class=\"wysiwyg\">\n        <h2>Studierum<\/h2>\n\n    <\/div>\n<\/div>\n<div\n    class=\"acf-article-image-block mb-12 article-container-lg\"\n    data-block=\"article-image-block\"\n>\n<div class=\"\">\n\n        <figure>\n        \n            <picture class=\"round-corners-lg w-full\"><img decoding=\"async\" src=\"https:\/\/www.abf.se\/norra-stockholms-lan\/resized\/?url=https%3A%2F%2Fwww.abf.se%2Fwp-content%2Fuploads%2Fsites%2F38%2F2025%2F06%2FOstervagen-studierum-scaled.jpg&#038;fit=contain&#038;w=788&#038;s=693257cc5ddb59fe03b4054240d55416\" srcset=\"https:\/\/www.abf.se\/norra-stockholms-lan\/resized\/?url=https%3A%2F%2Fwww.abf.se%2Fwp-content%2Fuploads%2Fsites%2F38%2F2025%2F06%2FOstervagen-studierum-scaled.jpg&#038;fit=contain&#038;w=375&#038;h=281&#038;s=f96ea6a73575c75b11a27fc8d40c1b7e 375w, https:\/\/www.abf.se\/norra-stockholms-lan\/resized\/?url=https%3A%2F%2Fwww.abf.se%2Fwp-content%2Fuploads%2Fsites%2F38%2F2025%2F06%2FOstervagen-studierum-scaled.jpg&#038;fit=contain&#038;w=447&#038;h=335&#038;s=15a42038e0118aab4e19797a6696f7a4 447w, https:\/\/www.abf.se\/norra-stockholms-lan\/resized\/?url=https%3A%2F%2Fwww.abf.se%2Fwp-content%2Fuploads%2Fsites%2F38%2F2025%2F06%2FOstervagen-studierum-scaled.jpg&#038;fit=contain&#038;w=519&#038;h=389&#038;s=9ee68a44484341d3e976da86e4e514c8 519w, https:\/\/www.abf.se\/norra-stockholms-lan\/resized\/?url=https%3A%2F%2Fwww.abf.se%2Fwp-content%2Fuploads%2Fsites%2F38%2F2025%2F06%2FOstervagen-studierum-scaled.jpg&#038;fit=contain&#038;w=591&#038;h=443&#038;s=768fc8f0066b43a75b383b2032a4cd95 591w, https:\/\/www.abf.se\/norra-stockholms-lan\/resized\/?url=https%3A%2F%2Fwww.abf.se%2Fwp-content%2Fuploads%2Fsites%2F38%2F2025%2F06%2FOstervagen-studierum-scaled.jpg&#038;fit=contain&#038;w=663&#038;h=497&#038;s=9531178ed714e1800fe357d68e6df176 663w, https:\/\/www.abf.se\/norra-stockholms-lan\/resized\/?url=https%3A%2F%2Fwww.abf.se%2Fwp-content%2Fuploads%2Fsites%2F38%2F2025%2F06%2FOstervagen-studierum-scaled.jpg&#038;fit=contain&#038;w=735&#038;h=551&#038;s=2cffc8a5e3dcee4d144dfb89623ae408 735w, https:\/\/www.abf.se\/norra-stockholms-lan\/resized\/?url=https%3A%2F%2Fwww.abf.se%2Fwp-content%2Fuploads%2Fsites%2F38%2F2025%2F06%2FOstervagen-studierum-scaled.jpg&#038;fit=contain&#038;w=750&#038;h=562&#038;s=86e9b4a8946e5c05f986353bb69c0746 750w, https:\/\/www.abf.se\/norra-stockholms-lan\/resized\/?url=https%3A%2F%2Fwww.abf.se%2Fwp-content%2Fuploads%2Fsites%2F38%2F2025%2F06%2FOstervagen-studierum-scaled.jpg&#038;fit=contain&#038;w=788&#038;s=693257cc5ddb59fe03b4054240d55416 788w, https:\/\/www.abf.se\/norra-stockholms-lan\/resized\/?url=https%3A%2F%2Fwww.abf.se%2Fwp-content%2Fuploads%2Fsites%2F38%2F2025%2F06%2FOstervagen-studierum-scaled.jpg&#038;fit=contain&#038;w=894&#038;h=670&#038;s=70fb9da8ca768281b54e707b144883a0 894w, https:\/\/www.abf.se\/norra-stockholms-lan\/resized\/?url=https%3A%2F%2Fwww.abf.se%2Fwp-content%2Fuploads%2Fsites%2F38%2F2025%2F06%2FOstervagen-studierum-scaled.jpg&#038;fit=contain&#038;w=1038&#038;h=778&#038;s=2ff6dcab64103c2a9d0eeb817b8ab268 1038w, https:\/\/www.abf.se\/norra-stockholms-lan\/resized\/?url=https%3A%2F%2Fwww.abf.se%2Fwp-content%2Fuploads%2Fsites%2F38%2F2025%2F06%2FOstervagen-studierum-scaled.jpg&#038;fit=contain&#038;w=1182&#038;h=886&#038;s=0f3e6365e3a40a56d0e1c596559a4288 1182w, https:\/\/www.abf.se\/norra-stockholms-lan\/resized\/?url=https%3A%2F%2Fwww.abf.se%2Fwp-content%2Fuploads%2Fsites%2F38%2F2025%2F06%2FOstervagen-studierum-scaled.jpg&#038;fit=contain&#038;w=1326&#038;h=994&#038;s=7ccf14ecac878ae3f63e0bf3ddd78e51 1326w, https:\/\/www.abf.se\/norra-stockholms-lan\/resized\/?url=https%3A%2F%2Fwww.abf.se%2Fwp-content%2Fuploads%2Fsites%2F38%2F2025%2F06%2FOstervagen-studierum-scaled.jpg&#038;fit=contain&#038;w=1470&#038;h=1102&#038;s=41b47e65e1d94cae63feaf18d7a4b570 1470w\" alt=\"\" height=\"591\" width=\"788\" sizes=\"auto, (max-width: 768px) calc(100vw - 40px), 788px\" loading=\"lazy\" fetchpriority=\"low\" class=\"round-corners-lg w-full\" \/><\/picture>\n                        <\/figure>\n        <\/div>\n\n<\/div>\n<div\n    class=\"acf-article-text-block article-container my-12\"\n    data-block=\"article-text-block\"\n>\n    <div class=\"wysiwyg\">\n        <h2>Studie- och fikaplats\/k\u00f6k<\/h2>\n\n    <\/div>\n<\/div>\n<div\n    class=\"acf-article-image-block mb-12 article-container-lg\"\n    data-block=\"article-image-block\"\n>\n<div class=\"\">\n\n        <figure>\n        \n            <picture class=\"round-corners-lg w-full\"><img decoding=\"async\" src=\"https:\/\/www.abf.se\/norra-stockholms-lan\/resized\/?url=https%3A%2F%2Fwww.abf.se%2Fwp-content%2Fuploads%2Fsites%2F38%2F2025%2F06%2FOstervagen-Studie-och-fikaplats-scaled.jpg&#038;fit=contain&#038;w=788&#038;s=af7c2cbae935efbefa17618ccb06b2b4\" srcset=\"https:\/\/www.abf.se\/norra-stockholms-lan\/resized\/?url=https%3A%2F%2Fwww.abf.se%2Fwp-content%2Fuploads%2Fsites%2F38%2F2025%2F06%2FOstervagen-Studie-och-fikaplats-scaled.jpg&#038;fit=contain&#038;w=375&#038;h=281&#038;s=f7f684485d0596a74fcc52b7d2943f0f 375w, https:\/\/www.abf.se\/norra-stockholms-lan\/resized\/?url=https%3A%2F%2Fwww.abf.se%2Fwp-content%2Fuploads%2Fsites%2F38%2F2025%2F06%2FOstervagen-Studie-och-fikaplats-scaled.jpg&#038;fit=contain&#038;w=447&#038;h=335&#038;s=34573f051355aeec079fa6d2c9158926 447w, https:\/\/www.abf.se\/norra-stockholms-lan\/resized\/?url=https%3A%2F%2Fwww.abf.se%2Fwp-content%2Fuploads%2Fsites%2F38%2F2025%2F06%2FOstervagen-Studie-och-fikaplats-scaled.jpg&#038;fit=contain&#038;w=519&#038;h=389&#038;s=e6e38174e588e9038bbd52f4ecdbaf1c 519w, https:\/\/www.abf.se\/norra-stockholms-lan\/resized\/?url=https%3A%2F%2Fwww.abf.se%2Fwp-content%2Fuploads%2Fsites%2F38%2F2025%2F06%2FOstervagen-Studie-och-fikaplats-scaled.jpg&#038;fit=contain&#038;w=591&#038;h=443&#038;s=c7fb68073aef61373f4da20917f1ffb2 591w, https:\/\/www.abf.se\/norra-stockholms-lan\/resized\/?url=https%3A%2F%2Fwww.abf.se%2Fwp-content%2Fuploads%2Fsites%2F38%2F2025%2F06%2FOstervagen-Studie-och-fikaplats-scaled.jpg&#038;fit=contain&#038;w=663&#038;h=497&#038;s=70df634194fb9475a4482bb3f8fee27a 663w, https:\/\/www.abf.se\/norra-stockholms-lan\/resized\/?url=https%3A%2F%2Fwww.abf.se%2Fwp-content%2Fuploads%2Fsites%2F38%2F2025%2F06%2FOstervagen-Studie-och-fikaplats-scaled.jpg&#038;fit=contain&#038;w=735&#038;h=551&#038;s=3b4bbf79e76ddd1f33e88c0ce4a85c51 735w, https:\/\/www.abf.se\/norra-stockholms-lan\/resized\/?url=https%3A%2F%2Fwww.abf.se%2Fwp-content%2Fuploads%2Fsites%2F38%2F2025%2F06%2FOstervagen-Studie-och-fikaplats-scaled.jpg&#038;fit=contain&#038;w=750&#038;h=562&#038;s=b4d7869fcde70c1214764ed23da7c22b 750w, https:\/\/www.abf.se\/norra-stockholms-lan\/resized\/?url=https%3A%2F%2Fwww.abf.se%2Fwp-content%2Fuploads%2Fsites%2F38%2F2025%2F06%2FOstervagen-Studie-och-fikaplats-scaled.jpg&#038;fit=contain&#038;w=788&#038;s=af7c2cbae935efbefa17618ccb06b2b4 788w, https:\/\/www.abf.se\/norra-stockholms-lan\/resized\/?url=https%3A%2F%2Fwww.abf.se%2Fwp-content%2Fuploads%2Fsites%2F38%2F2025%2F06%2FOstervagen-Studie-och-fikaplats-scaled.jpg&#038;fit=contain&#038;w=894&#038;h=670&#038;s=0971c62febb09c78e71c3cc1b5558c38 894w, https:\/\/www.abf.se\/norra-stockholms-lan\/resized\/?url=https%3A%2F%2Fwww.abf.se%2Fwp-content%2Fuploads%2Fsites%2F38%2F2025%2F06%2FOstervagen-Studie-och-fikaplats-scaled.jpg&#038;fit=contain&#038;w=1038&#038;h=778&#038;s=bbc4e88b3a94d5d63391bdefa3f14e98 1038w, https:\/\/www.abf.se\/norra-stockholms-lan\/resized\/?url=https%3A%2F%2Fwww.abf.se%2Fwp-content%2Fuploads%2Fsites%2F38%2F2025%2F06%2FOstervagen-Studie-och-fikaplats-scaled.jpg&#038;fit=contain&#038;w=1182&#038;h=886&#038;s=ead598c4e0b99a4b005ba17be83debe5 1182w, https:\/\/www.abf.se\/norra-stockholms-lan\/resized\/?url=https%3A%2F%2Fwww.abf.se%2Fwp-content%2Fuploads%2Fsites%2F38%2F2025%2F06%2FOstervagen-Studie-och-fikaplats-scaled.jpg&#038;fit=contain&#038;w=1326&#038;h=994&#038;s=beaf7aa5e9419bf9dc4f6d22e733538a 1326w, https:\/\/www.abf.se\/norra-stockholms-lan\/resized\/?url=https%3A%2F%2Fwww.abf.se%2Fwp-content%2Fuploads%2Fsites%2F38%2F2025%2F06%2FOstervagen-Studie-och-fikaplats-scaled.jpg&#038;fit=contain&#038;w=1470&#038;h=1102&#038;s=5dd4fe5b18f70a2871b409375705ba46 1470w\" alt=\"\" height=\"591\" width=\"788\" sizes=\"auto, (max-width: 768px) calc(100vw - 40px), 788px\" loading=\"lazy\" fetchpriority=\"low\" class=\"round-corners-lg w-full\" \/><\/picture>\n                        <\/figure>\n        <\/div>\n\n<\/div>\n","protected":false},"excerpt":{"rendered":"","protected":false},"author":21,"featured_media":0,"parent":0,"menu_order":0,"comment_status":"closed","ping_status":"closed","template":"","meta":{"_acf_changed":false,"footnotes":""},"class_list":["post-886","page","type-page","status-publish","hentry"],"acf":[],"yoast_head":"<!-- This site is optimized with the Yoast SEO plugin v27.0 - https:\/\/yoast.com\/product\/yoast-seo-wordpress\/ -->\n<title>ABF, \u00d6sterv\u00e4gen 68, Kungs\u00e4ngen - Norra Stockholms l\u00e4n<\/title>\n<meta name=\"robots\" content=\"index, follow, max-snippet:-1, max-image-preview:large, max-video-preview:-1\" \/>\n<link rel=\"canonical\" href=\"https:\/\/www.abf.se\/norra-stockholms-lan\/abf-ostervagen-68-kungsangen\/\" \/>\n<meta property=\"og:locale\" content=\"sv_SE\" \/>\n<meta property=\"og:type\" content=\"article\" \/>\n<meta property=\"og:title\" content=\"ABF, \u00d6sterv\u00e4gen 68, Kungs\u00e4ngen - Norra Stockholms l\u00e4n\" \/>\n<meta property=\"og:url\" content=\"https:\/\/www.abf.se\/norra-stockholms-lan\/abf-ostervagen-68-kungsangen\/\" \/>\n<meta property=\"og:site_name\" content=\"Norra Stockholms l\u00e4n\" \/>\n<meta property=\"article:modified_time\" content=\"2025-06-03T08:37:31+00:00\" \/>\n<meta name=\"twitter:card\" content=\"summary_large_image\" \/>\n<script type=\"application\/ld+json\" class=\"yoast-schema-graph\">{\"@context\":\"https:\/\/schema.org\",\"@graph\":[{\"@type\":\"WebPage\",\"@id\":\"https:\/\/www.abf.se\/norra-stockholms-lan\/abf-ostervagen-68-kungsangen\/\",\"url\":\"https:\/\/www.abf.se\/norra-stockholms-lan\/abf-ostervagen-68-kungsangen\/\",\"name\":\"ABF, \u00d6sterv\u00e4gen 68, Kungs\u00e4ngen - Norra Stockholms l\u00e4n\",\"isPartOf\":{\"@id\":\"https:\/\/www.abf.se\/norra-stockholms-lan\/#website\"},\"datePublished\":\"2025-05-26T09:14:17+00:00\",\"dateModified\":\"2025-06-03T08:37:31+00:00\",\"breadcrumb\":{\"@id\":\"https:\/\/www.abf.se\/norra-stockholms-lan\/abf-ostervagen-68-kungsangen\/#breadcrumb\"},\"inLanguage\":\"sv-SE\",\"potentialAction\":[{\"@type\":\"ReadAction\",\"target\":[\"https:\/\/www.abf.se\/norra-stockholms-lan\/abf-ostervagen-68-kungsangen\/\"]}]},{\"@type\":\"BreadcrumbList\",\"@id\":\"https:\/\/www.abf.se\/norra-stockholms-lan\/abf-ostervagen-68-kungsangen\/#breadcrumb\",\"itemListElement\":[{\"@type\":\"ListItem\",\"position\":1,\"name\":\"Home\",\"item\":\"https:\/\/www.abf.se\/norra-stockholms-lan\/\"},{\"@type\":\"ListItem\",\"position\":2,\"name\":\"ABF, \u00d6sterv\u00e4gen 68, Kungs\u00e4ngen\"}]},{\"@type\":\"WebSite\",\"@id\":\"https:\/\/www.abf.se\/norra-stockholms-lan\/#website\",\"url\":\"https:\/\/www.abf.se\/norra-stockholms-lan\/\",\"name\":\"Norra Stockholms l\u00e4n\",\"description\":\"\",\"potentialAction\":[{\"@type\":\"SearchAction\",\"target\":{\"@type\":\"EntryPoint\",\"urlTemplate\":\"https:\/\/www.abf.se\/norra-stockholms-lan\/?s={search_term_string}\"},\"query-input\":{\"@type\":\"PropertyValueSpecification\",\"valueRequired\":true,\"valueName\":\"search_term_string\"}}],\"inLanguage\":\"sv-SE\"}]}<\/script>\n<!-- \/ Yoast SEO plugin. -->","yoast_head_json":{"title":"ABF, \u00d6sterv\u00e4gen 68, Kungs\u00e4ngen - Norra Stockholms l\u00e4n","robots":{"index":"index","follow":"follow","max-snippet":"max-snippet:-1","max-image-preview":"max-image-preview:large","max-video-preview":"max-video-preview:-1"},"canonical":"https:\/\/www.abf.se\/norra-stockholms-lan\/abf-ostervagen-68-kungsangen\/","og_locale":"sv_SE","og_type":"article","og_title":"ABF, \u00d6sterv\u00e4gen 68, Kungs\u00e4ngen - Norra Stockholms l\u00e4n","og_url":"https:\/\/www.abf.se\/norra-stockholms-lan\/abf-ostervagen-68-kungsangen\/","og_site_name":"Norra Stockholms l\u00e4n","article_modified_time":"2025-06-03T08:37:31+00:00","twitter_card":"summary_large_image","schema":{"@context":"https:\/\/schema.org","@graph":[{"@type":"WebPage","@id":"https:\/\/www.abf.se\/norra-stockholms-lan\/abf-ostervagen-68-kungsangen\/","url":"https:\/\/www.abf.se\/norra-stockholms-lan\/abf-ostervagen-68-kungsangen\/","name":"ABF, \u00d6sterv\u00e4gen 68, Kungs\u00e4ngen - Norra Stockholms l\u00e4n","isPartOf":{"@id":"https:\/\/www.abf.se\/norra-stockholms-lan\/#website"},"datePublished":"2025-05-26T09:14:17+00:00","dateModified":"2025-06-03T08:37:31+00:00","breadcrumb":{"@id":"https:\/\/www.abf.se\/norra-stockholms-lan\/abf-ostervagen-68-kungsangen\/#breadcrumb"},"inLanguage":"sv-SE","potentialAction":[{"@type":"ReadAction","target":["https:\/\/www.abf.se\/norra-stockholms-lan\/abf-ostervagen-68-kungsangen\/"]}]},{"@type":"BreadcrumbList","@id":"https:\/\/www.abf.se\/norra-stockholms-lan\/abf-ostervagen-68-kungsangen\/#breadcrumb","itemListElement":[{"@type":"ListItem","position":1,"name":"Home","item":"https:\/\/www.abf.se\/norra-stockholms-lan\/"},{"@type":"ListItem","position":2,"name":"ABF, \u00d6sterv\u00e4gen 68, Kungs\u00e4ngen"}]},{"@type":"WebSite","@id":"https:\/\/www.abf.se\/norra-stockholms-lan\/#website","url":"https:\/\/www.abf.se\/norra-stockholms-lan\/","name":"Norra Stockholms l\u00e4n","description":"","potentialAction":[{"@type":"SearchAction","target":{"@type":"EntryPoint","urlTemplate":"https:\/\/www.abf.se\/norra-stockholms-lan\/?s={search_term_string}"},"query-input":{"@type":"PropertyValueSpecification","valueRequired":true,"valueName":"search_term_string"}}],"inLanguage":"sv-SE"}]}},"_links":{"self":[{"href":"https:\/\/www.abf.se\/norra-stockholms-lan\/wp-json\/wp\/v2\/pages\/886","targetHints":{"allow":["GET"]}}],"collection":[{"href":"https:\/\/www.abf.se\/norra-stockholms-lan\/wp-json\/wp\/v2\/pages"}],"about":[{"href":"https:\/\/www.abf.se\/norra-stockholms-lan\/wp-json\/wp\/v2\/types\/page"}],"author":[{"embeddable":true,"href":"https:\/\/www.abf.se\/norra-stockholms-lan\/wp-json\/wp\/v2\/users\/21"}],"replies":[{"embeddable":true,"href":"https:\/\/www.abf.se\/norra-stockholms-lan\/wp-json\/wp\/v2\/comments?post=886"}],"version-history":[{"count":5,"href":"https:\/\/www.abf.se\/norra-stockholms-lan\/wp-json\/wp\/v2\/pages\/886\/revisions"}],"predecessor-version":[{"id":959,"href":"https:\/\/www.abf.se\/norra-stockholms-lan\/wp-json\/wp\/v2\/pages\/886\/revisions\/959"}],"wp:attachment":[{"href":"https:\/\/www.abf.se\/norra-stockholms-lan\/wp-json\/wp\/v2\/media?parent=886"}],"curies":[{"name":"wp","href":"https:\/\/api.w.org\/{rel}","templated":true}]}}