{"id":888,"date":"2025-05-26T13:13:53","date_gmt":"2025-05-26T11:13:53","guid":{"rendered":"https:\/\/www.abf.se\/norra-stockholms-lan\/?page_id=888"},"modified":"2025-12-02T07:33:54","modified_gmt":"2025-12-02T06:33:54","slug":"abf-vastra-bangatan-33-marsta","status":"publish","type":"page","link":"https:\/\/www.abf.se\/norra-stockholms-lan\/abf-vastra-bangatan-33-marsta\/","title":{"rendered":"ABF, V\u00e4stra Bangatan 31E, M\u00e4rsta"},"content":{"rendered":"<div\n    class=\"acf-hero-block container-lg no-padding mb-12 js-geolocation\"\n    data-block=\"hero-block\"\n    data-index=\"0\"\n>\n    <div class=\"h-[548px]  relative rounded-[32px] overflow-hidden flex bg-gray-light\">\n        <div class=\"relative z-10 mt-auto h-auto w-full md:h-full\">\n            <div class=\"flex w-full h-full flex-col flex-wrap justify-end w-full md:w-7\/12 lg:w-1\/2 md:justify-center\">\n                <div class=\"flex flex-col gap-3 md:gap-[18px] md:transparent pt-16 pb-36 md:py-8 px-4 w-full md:max-w-[620px] mx-auto px-8\">\n\n                    <h1 class=\"hero-heading\"><span>ABF, V\u00e4stra Bangatan 31E, M\u00e4rsta<\/span><\/h1>\n\n                    \n                                    <\/div>\n            <\/div>\n        <\/div>\n\n        \n\n            <\/div>\n\n    <\/div>\n\n<div\n    class=\"acf-plain-heading-block container my-16\"\n    data-block=\"plain-heading-block\"\n>\n    <div class=\"max-w-[658px] mx-auto\">\n                            <p class=\"mt-8 body-xl text-black\">\n                N\u00e4ra M\u00e4rsta pendelt\u00e5gstation p\u00e5 V\u00e4stra Bangatan 31E har ABF verksamhetslokaler. \n            <\/p>\n            <\/div>\n<\/div>\n","protected":false},"excerpt":{"rendered":"","protected":false},"author":21,"featured_media":0,"parent":0,"menu_order":0,"comment_status":"closed","ping_status":"closed","template":"","meta":{"_acf_changed":false,"footnotes":""},"class_list":["post-888","page","type-page","status-publish","hentry"],"acf":[],"yoast_head":"<!-- This site is optimized with the Yoast SEO plugin v27.0 - https:\/\/yoast.com\/product\/yoast-seo-wordpress\/ -->\n<title>ABF, V\u00e4stra Bangatan 31E, M\u00e4rsta - Norra Stockholms l\u00e4n<\/title>\n<meta name=\"robots\" content=\"index, follow, max-snippet:-1, max-image-preview:large, max-video-preview:-1\" \/>\n<link rel=\"canonical\" href=\"https:\/\/www.abf.se\/norra-stockholms-lan\/abf-vastra-bangatan-33-marsta\/\" \/>\n<meta property=\"og:locale\" content=\"sv_SE\" \/>\n<meta property=\"og:type\" content=\"article\" \/>\n<meta property=\"og:title\" content=\"ABF, V\u00e4stra Bangatan 31E, M\u00e4rsta - Norra Stockholms l\u00e4n\" \/>\n<meta property=\"og:url\" content=\"https:\/\/www.abf.se\/norra-stockholms-lan\/abf-vastra-bangatan-33-marsta\/\" \/>\n<meta property=\"og:site_name\" content=\"Norra Stockholms l\u00e4n\" \/>\n<meta property=\"article:modified_time\" content=\"2025-12-02T06:33:54+00:00\" \/>\n<meta name=\"twitter:card\" content=\"summary_large_image\" \/>\n<script type=\"application\/ld+json\" class=\"yoast-schema-graph\">{\"@context\":\"https:\/\/schema.org\",\"@graph\":[{\"@type\":\"WebPage\",\"@id\":\"https:\/\/www.abf.se\/norra-stockholms-lan\/abf-vastra-bangatan-33-marsta\/\",\"url\":\"https:\/\/www.abf.se\/norra-stockholms-lan\/abf-vastra-bangatan-33-marsta\/\",\"name\":\"ABF, V\u00e4stra Bangatan 31E, M\u00e4rsta - Norra Stockholms l\u00e4n\",\"isPartOf\":{\"@id\":\"https:\/\/www.abf.se\/norra-stockholms-lan\/#website\"},\"datePublished\":\"2025-05-26T11:13:53+00:00\",\"dateModified\":\"2025-12-02T06:33:54+00:00\",\"breadcrumb\":{\"@id\":\"https:\/\/www.abf.se\/norra-stockholms-lan\/abf-vastra-bangatan-33-marsta\/#breadcrumb\"},\"inLanguage\":\"sv-SE\",\"potentialAction\":[{\"@type\":\"ReadAction\",\"target\":[\"https:\/\/www.abf.se\/norra-stockholms-lan\/abf-vastra-bangatan-33-marsta\/\"]}]},{\"@type\":\"BreadcrumbList\",\"@id\":\"https:\/\/www.abf.se\/norra-stockholms-lan\/abf-vastra-bangatan-33-marsta\/#breadcrumb\",\"itemListElement\":[{\"@type\":\"ListItem\",\"position\":1,\"name\":\"Home\",\"item\":\"https:\/\/www.abf.se\/norra-stockholms-lan\/\"},{\"@type\":\"ListItem\",\"position\":2,\"name\":\"ABF, V\u00e4stra Bangatan 31E, M\u00e4rsta\"}]},{\"@type\":\"WebSite\",\"@id\":\"https:\/\/www.abf.se\/norra-stockholms-lan\/#website\",\"url\":\"https:\/\/www.abf.se\/norra-stockholms-lan\/\",\"name\":\"Norra Stockholms l\u00e4n\",\"description\":\"\",\"potentialAction\":[{\"@type\":\"SearchAction\",\"target\":{\"@type\":\"EntryPoint\",\"urlTemplate\":\"https:\/\/www.abf.se\/norra-stockholms-lan\/?s={search_term_string}\"},\"query-input\":{\"@type\":\"PropertyValueSpecification\",\"valueRequired\":true,\"valueName\":\"search_term_string\"}}],\"inLanguage\":\"sv-SE\"}]}<\/script>\n<!-- \/ Yoast SEO plugin. -->","yoast_head_json":{"title":"ABF, V\u00e4stra Bangatan 31E, M\u00e4rsta - Norra Stockholms l\u00e4n","robots":{"index":"index","follow":"follow","max-snippet":"max-snippet:-1","max-image-preview":"max-image-preview:large","max-video-preview":"max-video-preview:-1"},"canonical":"https:\/\/www.abf.se\/norra-stockholms-lan\/abf-vastra-bangatan-33-marsta\/","og_locale":"sv_SE","og_type":"article","og_title":"ABF, V\u00e4stra Bangatan 31E, M\u00e4rsta - Norra Stockholms l\u00e4n","og_url":"https:\/\/www.abf.se\/norra-stockholms-lan\/abf-vastra-bangatan-33-marsta\/","og_site_name":"Norra Stockholms l\u00e4n","article_modified_time":"2025-12-02T06:33:54+00:00","twitter_card":"summary_large_image","schema":{"@context":"https:\/\/schema.org","@graph":[{"@type":"WebPage","@id":"https:\/\/www.abf.se\/norra-stockholms-lan\/abf-vastra-bangatan-33-marsta\/","url":"https:\/\/www.abf.se\/norra-stockholms-lan\/abf-vastra-bangatan-33-marsta\/","name":"ABF, V\u00e4stra Bangatan 31E, M\u00e4rsta - Norra Stockholms l\u00e4n","isPartOf":{"@id":"https:\/\/www.abf.se\/norra-stockholms-lan\/#website"},"datePublished":"2025-05-26T11:13:53+00:00","dateModified":"2025-12-02T06:33:54+00:00","breadcrumb":{"@id":"https:\/\/www.abf.se\/norra-stockholms-lan\/abf-vastra-bangatan-33-marsta\/#breadcrumb"},"inLanguage":"sv-SE","potentialAction":[{"@type":"ReadAction","target":["https:\/\/www.abf.se\/norra-stockholms-lan\/abf-vastra-bangatan-33-marsta\/"]}]},{"@type":"BreadcrumbList","@id":"https:\/\/www.abf.se\/norra-stockholms-lan\/abf-vastra-bangatan-33-marsta\/#breadcrumb","itemListElement":[{"@type":"ListItem","position":1,"name":"Home","item":"https:\/\/www.abf.se\/norra-stockholms-lan\/"},{"@type":"ListItem","position":2,"name":"ABF, V\u00e4stra Bangatan 31E, M\u00e4rsta"}]},{"@type":"WebSite","@id":"https:\/\/www.abf.se\/norra-stockholms-lan\/#website","url":"https:\/\/www.abf.se\/norra-stockholms-lan\/","name":"Norra Stockholms l\u00e4n","description":"","potentialAction":[{"@type":"SearchAction","target":{"@type":"EntryPoint","urlTemplate":"https:\/\/www.abf.se\/norra-stockholms-lan\/?s={search_term_string}"},"query-input":{"@type":"PropertyValueSpecification","valueRequired":true,"valueName":"search_term_string"}}],"inLanguage":"sv-SE"}]}},"_links":{"self":[{"href":"https:\/\/www.abf.se\/norra-stockholms-lan\/wp-json\/wp\/v2\/pages\/888","targetHints":{"allow":["GET"]}}],"collection":[{"href":"https:\/\/www.abf.se\/norra-stockholms-lan\/wp-json\/wp\/v2\/pages"}],"about":[{"href":"https:\/\/www.abf.se\/norra-stockholms-lan\/wp-json\/wp\/v2\/types\/page"}],"author":[{"embeddable":true,"href":"https:\/\/www.abf.se\/norra-stockholms-lan\/wp-json\/wp\/v2\/users\/21"}],"replies":[{"embeddable":true,"href":"https:\/\/www.abf.se\/norra-stockholms-lan\/wp-json\/wp\/v2\/comments?post=888"}],"version-history":[{"count":9,"href":"https:\/\/www.abf.se\/norra-stockholms-lan\/wp-json\/wp\/v2\/pages\/888\/revisions"}],"predecessor-version":[{"id":1370,"href":"https:\/\/www.abf.se\/norra-stockholms-lan\/wp-json\/wp\/v2\/pages\/888\/revisions\/1370"}],"wp:attachment":[{"href":"https:\/\/www.abf.se\/norra-stockholms-lan\/wp-json\/wp\/v2\/media?parent=888"}],"curies":[{"name":"wp","href":"https:\/\/api.w.org\/{rel}","templated":true}]}}