{"id":164,"date":"2024-04-15T14:47:40","date_gmt":"2024-04-15T12:47:40","guid":{"rendered":"https:\/\/www.abf.se\/norrtalje\/?page_id=164"},"modified":"2024-04-22T16:29:36","modified_gmt":"2024-04-22T14:29:36","slug":"filmklubben-abf-norrtalje","status":"publish","type":"page","link":"https:\/\/www.abf.se\/norrtalje\/filmklubben-abf-norrtalje\/","title":{"rendered":"Filmklubben ABF Norrt\u00e4lje"},"content":{"rendered":"<div\n    class=\"acf-hero-block container-lg no-padding mb-12 js-geolocation\"\n    data-block=\"hero-block\"\n    data-index=\"0\"\n>\n    <div class=\"h-[548px]  relative rounded-[32px] overflow-hidden flex bg-gray-light\">\n        <div class=\"relative z-10 mt-auto h-auto w-full md:h-full\">\n            <div class=\"flex w-full h-full flex-col flex-wrap justify-end w-full md:w-7\/12 lg:w-1\/2 md:justify-center\">\n                <div class=\"flex flex-col gap-3 md:gap-[18px] md:transparent pt-16 pb-36 md:py-8 px-4 w-full md:max-w-[620px] mx-auto px-8\">\n\n                    <h1 class=\"hero-heading\"><span>Filmklubben ABF Norrt\u00e4lje<\/span><\/h1>\n\n                    \n                                    <\/div>\n            <\/div>\n        <\/div>\n\n                    <picture class=\"as-background-image mix-blend-multiply bg-black\/40\"><img decoding=\"async\" src=\"https:\/\/www.abf.se\/norrtalje\/resized\/?url=https%3A%2F%2Fwww.abf.se%2Fwp-content%2Fuploads%2F2024%2F04%2Frob-laughter-WW1jsInXgwM-unsplash.jpg&#038;fit=crop&#038;w=1440&#038;s=5fcf3f289dcecf0a51301e3e9d33b3fb\" srcset=\"https:\/\/www.abf.se\/norrtalje\/resized\/?url=https%3A%2F%2Fwww.abf.se%2Fwp-content%2Fuploads%2F2024%2F04%2Frob-laughter-WW1jsInXgwM-unsplash.jpg&#038;fit=crop&#038;w=375&#038;h=540&#038;s=06101c2a8502a2ca94b2167725d5564c 375w, https:\/\/www.abf.se\/norrtalje\/resized\/?url=https%3A%2F%2Fwww.abf.se%2Fwp-content%2Fuploads%2F2024%2F04%2Frob-laughter-WW1jsInXgwM-unsplash.jpg&#038;fit=crop&#038;w=447&#038;h=540&#038;s=d85644a0fee5ddcc488c82deb81dd6ba 447w, https:\/\/www.abf.se\/norrtalje\/resized\/?url=https%3A%2F%2Fwww.abf.se%2Fwp-content%2Fuploads%2F2024%2F04%2Frob-laughter-WW1jsInXgwM-unsplash.jpg&#038;fit=crop&#038;w=519&#038;h=540&#038;s=3e948a44237072f851f4c791012744c4 519w, https:\/\/www.abf.se\/norrtalje\/resized\/?url=https%3A%2F%2Fwww.abf.se%2Fwp-content%2Fuploads%2F2024%2F04%2Frob-laughter-WW1jsInXgwM-unsplash.jpg&#038;fit=crop&#038;w=591&#038;h=540&#038;s=cf394eebea5999bb500df1f70347f3c7 591w, https:\/\/www.abf.se\/norrtalje\/resized\/?url=https%3A%2F%2Fwww.abf.se%2Fwp-content%2Fuploads%2F2024%2F04%2Frob-laughter-WW1jsInXgwM-unsplash.jpg&#038;fit=crop&#038;w=663&#038;h=540&#038;s=14eaf5d11b35419765c68c3d24ebad0d 663w, https:\/\/www.abf.se\/norrtalje\/resized\/?url=https%3A%2F%2Fwww.abf.se%2Fwp-content%2Fuploads%2F2024%2F04%2Frob-laughter-WW1jsInXgwM-unsplash.jpg&#038;fit=crop&#038;w=750&#038;h=540&#038;s=194fa694430f5a03d314ae090505040e 750w, https:\/\/www.abf.se\/norrtalje\/resized\/?url=https%3A%2F%2Fwww.abf.se%2Fwp-content%2Fuploads%2F2024%2F04%2Frob-laughter-WW1jsInXgwM-unsplash.jpg&#038;fit=crop&#038;w=894&#038;h=540&#038;s=4195ed73c7413b9840f06c653ce65e4c 894w, https:\/\/www.abf.se\/norrtalje\/resized\/?url=https%3A%2F%2Fwww.abf.se%2Fwp-content%2Fuploads%2F2024%2F04%2Frob-laughter-WW1jsInXgwM-unsplash.jpg&#038;fit=crop&#038;w=1038&#038;h=540&#038;s=0c165cacbc5e5b17eb569a5c9d81c329 1038w, https:\/\/www.abf.se\/norrtalje\/resized\/?url=https%3A%2F%2Fwww.abf.se%2Fwp-content%2Fuploads%2F2024%2F04%2Frob-laughter-WW1jsInXgwM-unsplash.jpg&#038;fit=crop&#038;w=1182&#038;h=540&#038;s=c74d60f3056ca71301365e33ff5e94cc 1182w, https:\/\/www.abf.se\/norrtalje\/resized\/?url=https%3A%2F%2Fwww.abf.se%2Fwp-content%2Fuploads%2F2024%2F04%2Frob-laughter-WW1jsInXgwM-unsplash.jpg&#038;fit=crop&#038;w=1326&#038;h=540&#038;s=4d09f766095725c0220aa64862d8a0ba 1326w, https:\/\/www.abf.se\/norrtalje\/resized\/?url=https%3A%2F%2Fwww.abf.se%2Fwp-content%2Fuploads%2F2024%2F04%2Frob-laughter-WW1jsInXgwM-unsplash.jpg&#038;fit=crop&#038;w=1440&#038;h=540&#038;s=c918b51e4303fe595ba8dbce8f58c686 1440w\" alt=\"\" height=\"540\" width=\"1440\" sizes=\"(max-width: 1440px) calc(100vw - 32px), 1440px\" loading=\"eager\" fetchpriority=\"high\" aria-hidden=\"true\" role=\"presentation\" \/><\/picture>\n        \n\n                    <figure class=\"absolute bottom-0  md:w-1\/2 transform right-0 translate-x-10 md:translate-x-32\">\n                <img decoding=\"async\"\n                    alt=\"\"\n                    aria-hidden=\"true\"\n                    class=\"h-auto w-full\"\n                    role=\"presentation\"\n                    src=\"\/assets\/images\/two_circles_bottom.svg\"\n                >\n            <\/figure>\n            <\/div>\n\n    <\/div>\n\n<div\n    class=\"acf-text-image-block container my-12 md:my-15\"\n    data-block=\"text-image-block\"\n>\n    <div\n    class=\"flex flex-col items-center md:flex-row gap-8 md:gap-0 justify-between\">\n                        <div class=\"w-full md:w-1\/2 md:order-2\">\n            <picture><img decoding=\"async\" src=\"https:\/\/www.abf.se\/norrtalje\/resized\/?url=https%3A%2F%2Fwww.abf.se%2Fwp-content%2Fuploads%2Fsites%2F40%2F2024%2F04%2FIMG_5001-scaled.jpg&#038;fit=crop&#038;w=578&#038;s=5efcce342b6e1ca3ac6ef7a38f2f8001\" srcset=\"https:\/\/www.abf.se\/norrtalje\/resized\/?url=https%3A%2F%2Fwww.abf.se%2Fwp-content%2Fuploads%2Fsites%2F40%2F2024%2F04%2FIMG_5001-scaled.jpg&#038;fit=crop&#038;w=144&#038;h=126&#038;s=ba34b33f264e938e8c15ebefaee7c61b 144w, https:\/\/www.abf.se\/norrtalje\/resized\/?url=https%3A%2F%2Fwww.abf.se%2Fwp-content%2Fuploads%2Fsites%2F40%2F2024%2F04%2FIMG_5001-scaled.jpg&#038;fit=crop&#038;w=240&#038;h=211&#038;s=8eef5c7dd47b49a021100e09370817f4 240w, https:\/\/www.abf.se\/norrtalje\/resized\/?url=https%3A%2F%2Fwww.abf.se%2Fwp-content%2Fuploads%2Fsites%2F40%2F2024%2F04%2FIMG_5001-scaled.jpg&#038;fit=crop&#038;w=288&#038;h=253&#038;s=5812b057a2ab18ee2daccd8884ae6fda 288w, https:\/\/www.abf.se\/norrtalje\/resized\/?url=https%3A%2F%2Fwww.abf.se%2Fwp-content%2Fuploads%2Fsites%2F40%2F2024%2F04%2FIMG_5001-scaled.jpg&#038;fit=crop&#038;w=336&#038;h=295&#038;s=c7d572375eaf94d39579a17534381f29 336w, https:\/\/www.abf.se\/norrtalje\/resized\/?url=https%3A%2F%2Fwww.abf.se%2Fwp-content%2Fuploads%2Fsites%2F40%2F2024%2F04%2FIMG_5001-scaled.jpg&#038;fit=crop&#038;w=432&#038;h=380&#038;s=795fb3f6ee92d67a8eec577d53011039 432w, https:\/\/www.abf.se\/norrtalje\/resized\/?url=https%3A%2F%2Fwww.abf.se%2Fwp-content%2Fuploads%2Fsites%2F40%2F2024%2F04%2FIMG_5001-scaled.jpg&#038;fit=crop&#038;w=480&#038;h=422&#038;s=6e3f02a539dc32067dbd08709673f738 480w, https:\/\/www.abf.se\/norrtalje\/resized\/?url=https%3A%2F%2Fwww.abf.se%2Fwp-content%2Fuploads%2Fsites%2F40%2F2024%2F04%2FIMG_5001-scaled.jpg&#038;fit=crop&#038;w=528&#038;h=464&#038;s=eb303f0424742844e44db1237cdb5bdd 528w, https:\/\/www.abf.se\/norrtalje\/resized\/?url=https%3A%2F%2Fwww.abf.se%2Fwp-content%2Fuploads%2Fsites%2F40%2F2024%2F04%2FIMG_5001-scaled.jpg&#038;fit=crop&#038;w=578&#038;h=509&#038;s=616b77b14f7909407ab4e206284bc5a2 578w, https:\/\/www.abf.se\/norrtalje\/resized\/?url=https%3A%2F%2Fwww.abf.se%2Fwp-content%2Fuploads%2Fsites%2F40%2F2024%2F04%2FIMG_5001-scaled.jpg&#038;fit=crop&#038;w=672&#038;h=591&#038;s=6343324779477efb83a59238080b496a 672w, https:\/\/www.abf.se\/norrtalje\/resized\/?url=https%3A%2F%2Fwww.abf.se%2Fwp-content%2Fuploads%2Fsites%2F40%2F2024%2F04%2FIMG_5001-scaled.jpg&#038;fit=crop&#038;w=864&#038;h=760&#038;s=64445b896052f4df812a9c537174dab9 864w, https:\/\/www.abf.se\/norrtalje\/resized\/?url=https%3A%2F%2Fwww.abf.se%2Fwp-content%2Fuploads%2Fsites%2F40%2F2024%2F04%2FIMG_5001-scaled.jpg&#038;fit=crop&#038;w=1056&#038;h=929&#038;s=a120e5d28ffb13858c4e8be35a4a47ef 1056w\" alt=\"\" height=\"509\" width=\"578\" sizes=\"auto, (max-width: 768px) 100vw,\n                (max-width: 1280px) 50vw, 578px\" loading=\"lazy\" fetchpriority=\"low\" \/><\/picture>\n\n        <\/div>\n        \n        <div class=\"w-full md:w-1\/2 md:order-1\">\n        <div class=\"mx-auto md:max-w-[368px]\">\n            <h2 class=\"heading-lg\"><\/h2>\n            <div class=\"mb-6 mt-4 wysiwyg\">\n                <p>Varmt v\u00e4lkommen till ABF Norrt\u00e4ljes egna filmklubb<\/p>\n<p>Vi visar filmer cirka tre g\u00e5nger i veckan dagtid i v\u00e5r fina biosalong som har h\u00f6g bild och ljudkvalit\u00e9. Filmerna \u00e4r blandade genrer och vi visar b\u00e5de gammalt och nytt.<\/p>\n<p>F\u00f6r att kunna se p\u00e5 film beh\u00f6ver du bli medlem i filmklubben. Det blir du genom att delta p\u00e5 en introduktionsutbildning och teckna medlemskap. Medlemskapet \u00e4r gratis.<\/p>\n<p>F\u00f6r att f\u00e5 information om kommande filmer och anm\u00e4la dig till filmklubben mejla oss p\u00e5<br \/>\n<a href=\"mailto:info.norrtalje@abf.se\">info.norrtalje@abf.se<\/a><\/p>\n\n            <\/div>\n                    <\/div>\n        <\/div>\n    <\/div>\n<\/div>","protected":false},"excerpt":{"rendered":"","protected":false},"author":82,"featured_media":0,"parent":0,"menu_order":0,"comment_status":"closed","ping_status":"closed","template":"","meta":{"_acf_changed":false,"footnotes":""},"class_list":["post-164","page","type-page","status-publish","hentry"],"acf":[],"yoast_head":"<!-- This site is optimized with the Yoast SEO plugin v27.0 - https:\/\/yoast.com\/product\/yoast-seo-wordpress\/ -->\n<title>Filmklubben ABF Norrt\u00e4lje - Norrt\u00e4lje<\/title>\n<meta name=\"robots\" content=\"index, follow, max-snippet:-1, max-image-preview:large, max-video-preview:-1\" \/>\n<link rel=\"canonical\" href=\"https:\/\/www.abf.se\/norrtalje\/filmklubben-abf-norrtalje\/\" \/>\n<meta property=\"og:locale\" content=\"sv_SE\" \/>\n<meta property=\"og:type\" content=\"article\" \/>\n<meta property=\"og:title\" content=\"Filmklubben ABF Norrt\u00e4lje - Norrt\u00e4lje\" \/>\n<meta property=\"og:url\" content=\"https:\/\/www.abf.se\/norrtalje\/filmklubben-abf-norrtalje\/\" \/>\n<meta property=\"og:site_name\" content=\"Norrt\u00e4lje\" \/>\n<meta property=\"article:modified_time\" content=\"2024-04-22T14:29:36+00:00\" \/>\n<meta property=\"og:image\" content=\"https:\/\/www.abf.se\/wp-content\/uploads\/sites\/40\/2024\/04\/Nyckeln-liggande-scaled.jpg\" \/>\n\t<meta property=\"og:image:width\" content=\"2560\" \/>\n\t<meta property=\"og:image:height\" content=\"1440\" \/>\n\t<meta property=\"og:image:type\" content=\"image\/jpeg\" \/>\n<meta name=\"twitter:card\" content=\"summary_large_image\" \/>\n<script type=\"application\/ld+json\" class=\"yoast-schema-graph\">{\"@context\":\"https:\/\/schema.org\",\"@graph\":[{\"@type\":\"WebPage\",\"@id\":\"https:\/\/www.abf.se\/norrtalje\/filmklubben-abf-norrtalje\/\",\"url\":\"https:\/\/www.abf.se\/norrtalje\/filmklubben-abf-norrtalje\/\",\"name\":\"Filmklubben ABF Norrt\u00e4lje - Norrt\u00e4lje\",\"isPartOf\":{\"@id\":\"https:\/\/www.abf.se\/norrtalje\/#website\"},\"datePublished\":\"2024-04-15T12:47:40+00:00\",\"dateModified\":\"2024-04-22T14:29:36+00:00\",\"breadcrumb\":{\"@id\":\"https:\/\/www.abf.se\/norrtalje\/filmklubben-abf-norrtalje\/#breadcrumb\"},\"inLanguage\":\"sv-SE\",\"potentialAction\":[{\"@type\":\"ReadAction\",\"target\":[\"https:\/\/www.abf.se\/norrtalje\/filmklubben-abf-norrtalje\/\"]}]},{\"@type\":\"BreadcrumbList\",\"@id\":\"https:\/\/www.abf.se\/norrtalje\/filmklubben-abf-norrtalje\/#breadcrumb\",\"itemListElement\":[{\"@type\":\"ListItem\",\"position\":1,\"name\":\"Home\",\"item\":\"https:\/\/www.abf.se\/norrtalje\/\"},{\"@type\":\"ListItem\",\"position\":2,\"name\":\"Filmklubben ABF Norrt\u00e4lje\"}]},{\"@type\":\"WebSite\",\"@id\":\"https:\/\/www.abf.se\/norrtalje\/#website\",\"url\":\"https:\/\/www.abf.se\/norrtalje\/\",\"name\":\"Norrt\u00e4lje\",\"description\":\"\",\"potentialAction\":[{\"@type\":\"SearchAction\",\"target\":{\"@type\":\"EntryPoint\",\"urlTemplate\":\"https:\/\/www.abf.se\/norrtalje\/?s={search_term_string}\"},\"query-input\":{\"@type\":\"PropertyValueSpecification\",\"valueRequired\":true,\"valueName\":\"search_term_string\"}}],\"inLanguage\":\"sv-SE\"}]}<\/script>\n<!-- \/ Yoast SEO plugin. -->","yoast_head_json":{"title":"Filmklubben ABF Norrt\u00e4lje - Norrt\u00e4lje","robots":{"index":"index","follow":"follow","max-snippet":"max-snippet:-1","max-image-preview":"max-image-preview:large","max-video-preview":"max-video-preview:-1"},"canonical":"https:\/\/www.abf.se\/norrtalje\/filmklubben-abf-norrtalje\/","og_locale":"sv_SE","og_type":"article","og_title":"Filmklubben ABF Norrt\u00e4lje - Norrt\u00e4lje","og_url":"https:\/\/www.abf.se\/norrtalje\/filmklubben-abf-norrtalje\/","og_site_name":"Norrt\u00e4lje","article_modified_time":"2024-04-22T14:29:36+00:00","og_image":[{"width":2560,"height":1440,"url":"https:\/\/www.abf.se\/wp-content\/uploads\/sites\/40\/2024\/04\/Nyckeln-liggande-scaled.jpg","type":"image\/jpeg"}],"twitter_card":"summary_large_image","schema":{"@context":"https:\/\/schema.org","@graph":[{"@type":"WebPage","@id":"https:\/\/www.abf.se\/norrtalje\/filmklubben-abf-norrtalje\/","url":"https:\/\/www.abf.se\/norrtalje\/filmklubben-abf-norrtalje\/","name":"Filmklubben ABF Norrt\u00e4lje - Norrt\u00e4lje","isPartOf":{"@id":"https:\/\/www.abf.se\/norrtalje\/#website"},"datePublished":"2024-04-15T12:47:40+00:00","dateModified":"2024-04-22T14:29:36+00:00","breadcrumb":{"@id":"https:\/\/www.abf.se\/norrtalje\/filmklubben-abf-norrtalje\/#breadcrumb"},"inLanguage":"sv-SE","potentialAction":[{"@type":"ReadAction","target":["https:\/\/www.abf.se\/norrtalje\/filmklubben-abf-norrtalje\/"]}]},{"@type":"BreadcrumbList","@id":"https:\/\/www.abf.se\/norrtalje\/filmklubben-abf-norrtalje\/#breadcrumb","itemListElement":[{"@type":"ListItem","position":1,"name":"Home","item":"https:\/\/www.abf.se\/norrtalje\/"},{"@type":"ListItem","position":2,"name":"Filmklubben ABF Norrt\u00e4lje"}]},{"@type":"WebSite","@id":"https:\/\/www.abf.se\/norrtalje\/#website","url":"https:\/\/www.abf.se\/norrtalje\/","name":"Norrt\u00e4lje","description":"","potentialAction":[{"@type":"SearchAction","target":{"@type":"EntryPoint","urlTemplate":"https:\/\/www.abf.se\/norrtalje\/?s={search_term_string}"},"query-input":{"@type":"PropertyValueSpecification","valueRequired":true,"valueName":"search_term_string"}}],"inLanguage":"sv-SE"}]}},"_links":{"self":[{"href":"https:\/\/www.abf.se\/norrtalje\/wp-json\/wp\/v2\/pages\/164","targetHints":{"allow":["GET"]}}],"collection":[{"href":"https:\/\/www.abf.se\/norrtalje\/wp-json\/wp\/v2\/pages"}],"about":[{"href":"https:\/\/www.abf.se\/norrtalje\/wp-json\/wp\/v2\/types\/page"}],"author":[{"embeddable":true,"href":"https:\/\/www.abf.se\/norrtalje\/wp-json\/wp\/v2\/users\/82"}],"replies":[{"embeddable":true,"href":"https:\/\/www.abf.se\/norrtalje\/wp-json\/wp\/v2\/comments?post=164"}],"version-history":[{"count":15,"href":"https:\/\/www.abf.se\/norrtalje\/wp-json\/wp\/v2\/pages\/164\/revisions"}],"predecessor-version":[{"id":292,"href":"https:\/\/www.abf.se\/norrtalje\/wp-json\/wp\/v2\/pages\/164\/revisions\/292"}],"wp:attachment":[{"href":"https:\/\/www.abf.se\/norrtalje\/wp-json\/wp\/v2\/media?parent=164"}],"curies":[{"name":"wp","href":"https:\/\/api.w.org\/{rel}","templated":true}]}}