{"id":319,"date":"2024-04-26T08:39:29","date_gmt":"2024-04-26T06:39:29","guid":{"rendered":"https:\/\/www.abf.se\/norrtalje\/?page_id=319"},"modified":"2025-01-23T10:20:07","modified_gmt":"2025-01-23T09:20:07","slug":"om-studiecirkel","status":"publish","type":"page","link":"https:\/\/www.abf.se\/norrtalje\/om-studiecirkel\/","title":{"rendered":"Om studiecirkel"},"content":{"rendered":"<div\n    class=\"acf-plain-heading-block container my-16\"\n    data-block=\"plain-heading-block\"\n>\n    <div class=\"max-w-[658px] mx-auto\">\n                <h1 class=\"hero-heading\"><span>Om studiecirkel<\/span><\/h1>\n                    <\/div>\n<\/div>\n<div\n    class=\"acf-article-text-block article-container my-12\"\n    data-block=\"article-text-block\"\n>\n    <div class=\"wysiwyg\">\n        <h2>Vad \u00e4r en studiecirkel?<\/h2>\n<p>Uppt\u00e4ck v\u00e4rlden tillsammans i en studiecirkel! Det \u00e4r en plats d\u00e4r en handfull entusiaster samlas regelbundet f\u00f6r att utforska sina intressen och l\u00e4ra sig n\u00e5got nytt. Oavsett om det handlar om att f\u00f6rdjupa sig i engelska, organisera krisberedskap lokalt eller beh\u00e4rska ackorden p\u00e5 en gitarr, \u00e4r studiecirkeln en m\u00f6jlighet att dela passioner och utveckla och uppt\u00e4cka nya kunskaper.<\/p>\n<p>Med en cirkelledare som guidar och en plan f\u00f6r att n\u00e5 m\u00e5len, \u00e4r varje m\u00f6te en resa mot insikt och f\u00f6rst\u00e5else. Studiecirkeln \u00e4r inte bara en plats f\u00f6r l\u00e4rande, det \u00e4r ocks\u00e5 en plats f\u00f6r gemenskap och delat engagemang.<\/p>\n<h2>Plats f\u00f6r studiecirkeln<\/h2>\n<p>Det kan vara ett mysigt studierum, ett virtuellt forum p\u00e5 n\u00e4tet eller en kombination av b\u00e5da. Oavsett var, \u00e4r det entusiasmen och viljan att l\u00e4ra sig som \u00e4r hj\u00e4rtat i studiecirkeln.<\/p>\n<h2>Form f\u00f6r studiecirkeln<\/h2>\n<p>Fr\u00e5n kamratcirkeln, d\u00e4r v\u00e4nner samlas f\u00f6r att dela intressen, till f\u00f6reningscirkeln, som \u00e4r en del av en st\u00f6rre gemenskap, till programcirkeln som v\u00e4lkomnar alla att delta, finns det en studiecirkel f\u00f6r alla. S\u00e5 varf\u00f6r inte ge det ett f\u00f6rs\u00f6k och utforska v\u00e4rlden tillsammans med likasinnade?<\/p>\n\n    <\/div>\n<\/div>\n","protected":false},"excerpt":{"rendered":"","protected":false},"author":82,"featured_media":0,"parent":0,"menu_order":0,"comment_status":"closed","ping_status":"closed","template":"","meta":{"_acf_changed":false,"footnotes":""},"class_list":["post-319","page","type-page","status-publish","hentry"],"acf":[],"yoast_head":"<!-- This site is optimized with the Yoast SEO plugin v27.0 - https:\/\/yoast.com\/product\/yoast-seo-wordpress\/ -->\n<title>Om studiecirkel - Norrt\u00e4lje<\/title>\n<meta name=\"robots\" content=\"index, follow, max-snippet:-1, max-image-preview:large, max-video-preview:-1\" \/>\n<link rel=\"canonical\" href=\"https:\/\/www.abf.se\/norrtalje\/om-studiecirkel\/\" \/>\n<meta property=\"og:locale\" content=\"sv_SE\" \/>\n<meta property=\"og:type\" content=\"article\" \/>\n<meta property=\"og:title\" content=\"Om studiecirkel - Norrt\u00e4lje\" \/>\n<meta property=\"og:url\" content=\"https:\/\/www.abf.se\/norrtalje\/om-studiecirkel\/\" \/>\n<meta property=\"og:site_name\" content=\"Norrt\u00e4lje\" \/>\n<meta property=\"article:modified_time\" content=\"2025-01-23T09:20:07+00:00\" \/>\n<meta property=\"og:image\" content=\"https:\/\/www.abf.se\/wp-content\/uploads\/sites\/40\/2024\/04\/Nyckeln-liggande-scaled.jpg\" \/>\n\t<meta property=\"og:image:width\" content=\"2560\" \/>\n\t<meta property=\"og:image:height\" content=\"1440\" \/>\n\t<meta property=\"og:image:type\" content=\"image\/jpeg\" \/>\n<meta name=\"twitter:card\" content=\"summary_large_image\" \/>\n<script type=\"application\/ld+json\" class=\"yoast-schema-graph\">{\"@context\":\"https:\/\/schema.org\",\"@graph\":[{\"@type\":\"WebPage\",\"@id\":\"https:\/\/www.abf.se\/norrtalje\/om-studiecirkel\/\",\"url\":\"https:\/\/www.abf.se\/norrtalje\/om-studiecirkel\/\",\"name\":\"Om studiecirkel - Norrt\u00e4lje\",\"isPartOf\":{\"@id\":\"https:\/\/www.abf.se\/norrtalje\/#website\"},\"datePublished\":\"2024-04-26T06:39:29+00:00\",\"dateModified\":\"2025-01-23T09:20:07+00:00\",\"breadcrumb\":{\"@id\":\"https:\/\/www.abf.se\/norrtalje\/om-studiecirkel\/#breadcrumb\"},\"inLanguage\":\"sv-SE\",\"potentialAction\":[{\"@type\":\"ReadAction\",\"target\":[\"https:\/\/www.abf.se\/norrtalje\/om-studiecirkel\/\"]}]},{\"@type\":\"BreadcrumbList\",\"@id\":\"https:\/\/www.abf.se\/norrtalje\/om-studiecirkel\/#breadcrumb\",\"itemListElement\":[{\"@type\":\"ListItem\",\"position\":1,\"name\":\"Home\",\"item\":\"https:\/\/www.abf.se\/norrtalje\/\"},{\"@type\":\"ListItem\",\"position\":2,\"name\":\"Om studiecirkel\"}]},{\"@type\":\"WebSite\",\"@id\":\"https:\/\/www.abf.se\/norrtalje\/#website\",\"url\":\"https:\/\/www.abf.se\/norrtalje\/\",\"name\":\"Norrt\u00e4lje\",\"description\":\"\",\"potentialAction\":[{\"@type\":\"SearchAction\",\"target\":{\"@type\":\"EntryPoint\",\"urlTemplate\":\"https:\/\/www.abf.se\/norrtalje\/?s={search_term_string}\"},\"query-input\":{\"@type\":\"PropertyValueSpecification\",\"valueRequired\":true,\"valueName\":\"search_term_string\"}}],\"inLanguage\":\"sv-SE\"}]}<\/script>\n<!-- \/ Yoast SEO plugin. -->","yoast_head_json":{"title":"Om studiecirkel - Norrt\u00e4lje","robots":{"index":"index","follow":"follow","max-snippet":"max-snippet:-1","max-image-preview":"max-image-preview:large","max-video-preview":"max-video-preview:-1"},"canonical":"https:\/\/www.abf.se\/norrtalje\/om-studiecirkel\/","og_locale":"sv_SE","og_type":"article","og_title":"Om studiecirkel - Norrt\u00e4lje","og_url":"https:\/\/www.abf.se\/norrtalje\/om-studiecirkel\/","og_site_name":"Norrt\u00e4lje","article_modified_time":"2025-01-23T09:20:07+00:00","og_image":[{"width":2560,"height":1440,"url":"https:\/\/www.abf.se\/wp-content\/uploads\/sites\/40\/2024\/04\/Nyckeln-liggande-scaled.jpg","type":"image\/jpeg"}],"twitter_card":"summary_large_image","schema":{"@context":"https:\/\/schema.org","@graph":[{"@type":"WebPage","@id":"https:\/\/www.abf.se\/norrtalje\/om-studiecirkel\/","url":"https:\/\/www.abf.se\/norrtalje\/om-studiecirkel\/","name":"Om studiecirkel - Norrt\u00e4lje","isPartOf":{"@id":"https:\/\/www.abf.se\/norrtalje\/#website"},"datePublished":"2024-04-26T06:39:29+00:00","dateModified":"2025-01-23T09:20:07+00:00","breadcrumb":{"@id":"https:\/\/www.abf.se\/norrtalje\/om-studiecirkel\/#breadcrumb"},"inLanguage":"sv-SE","potentialAction":[{"@type":"ReadAction","target":["https:\/\/www.abf.se\/norrtalje\/om-studiecirkel\/"]}]},{"@type":"BreadcrumbList","@id":"https:\/\/www.abf.se\/norrtalje\/om-studiecirkel\/#breadcrumb","itemListElement":[{"@type":"ListItem","position":1,"name":"Home","item":"https:\/\/www.abf.se\/norrtalje\/"},{"@type":"ListItem","position":2,"name":"Om studiecirkel"}]},{"@type":"WebSite","@id":"https:\/\/www.abf.se\/norrtalje\/#website","url":"https:\/\/www.abf.se\/norrtalje\/","name":"Norrt\u00e4lje","description":"","potentialAction":[{"@type":"SearchAction","target":{"@type":"EntryPoint","urlTemplate":"https:\/\/www.abf.se\/norrtalje\/?s={search_term_string}"},"query-input":{"@type":"PropertyValueSpecification","valueRequired":true,"valueName":"search_term_string"}}],"inLanguage":"sv-SE"}]}},"_links":{"self":[{"href":"https:\/\/www.abf.se\/norrtalje\/wp-json\/wp\/v2\/pages\/319","targetHints":{"allow":["GET"]}}],"collection":[{"href":"https:\/\/www.abf.se\/norrtalje\/wp-json\/wp\/v2\/pages"}],"about":[{"href":"https:\/\/www.abf.se\/norrtalje\/wp-json\/wp\/v2\/types\/page"}],"author":[{"embeddable":true,"href":"https:\/\/www.abf.se\/norrtalje\/wp-json\/wp\/v2\/users\/82"}],"replies":[{"embeddable":true,"href":"https:\/\/www.abf.se\/norrtalje\/wp-json\/wp\/v2\/comments?post=319"}],"version-history":[{"count":4,"href":"https:\/\/www.abf.se\/norrtalje\/wp-json\/wp\/v2\/pages\/319\/revisions"}],"predecessor-version":[{"id":473,"href":"https:\/\/www.abf.se\/norrtalje\/wp-json\/wp\/v2\/pages\/319\/revisions\/473"}],"wp:attachment":[{"href":"https:\/\/www.abf.se\/norrtalje\/wp-json\/wp\/v2\/media?parent=319"}],"curies":[{"name":"wp","href":"https:\/\/api.w.org\/{rel}","templated":true}]}}