{"id":1785,"date":"2025-08-11T14:30:13","date_gmt":"2025-08-11T12:30:13","guid":{"rendered":"https:\/\/www.abf.se\/orebro-lan\/?page_id=1785"},"modified":"2025-09-24T15:16:46","modified_gmt":"2025-09-24T13:16:46","slug":"firehouse-i-karlskoga","status":"publish","type":"page","link":"https:\/\/www.abf.se\/orebro-lan\/kontakt-och-lokaler\/vara-lokaler\/firehouse-i-karlskoga\/","title":{"rendered":"Firehouse i Karlskoga"},"content":{"rendered":"<div\n    class=\"acf-hero-block container-lg no-padding mb-12 js-geolocation\"\n    data-block=\"hero-block\"\n    data-index=\"0\"\n>\n    <div class=\"h-[548px]  relative rounded-[32px] overflow-hidden flex bg-gray-light\">\n        <div class=\"relative z-10 mt-auto h-auto w-full md:h-full\">\n            <div class=\"flex w-full h-full flex-col flex-wrap justify-end w-full md:w-7\/12 lg:w-1\/2 md:justify-center\">\n                <div class=\"flex flex-col gap-3 md:gap-[18px] md:transparent pt-16 pb-36 md:py-8 px-4 w-full md:max-w-[620px] mx-auto px-8\">\n\n                    <h1 class=\"hero-heading hero-heading--red-text\"><span>Firehouse i Karlskoga<\/span><\/h1>\n\n                    \n                                    <\/div>\n            <\/div>\n        <\/div>\n\n                    <picture class=\"as-background-image mix-blend-multiply bg-black\/40\"><img decoding=\"async\" src=\"https:\/\/www.abf.se\/orebro-lan\/resized\/?url=https%3A%2F%2Fwww.abf.se%2Fwp-content%2Fuploads%2F2025%2F06%2FABF_bildbank-69.jpg&#038;fit=crop&#038;w=1440&#038;s=d4c5b7238a368113227140c1331fe75e\" srcset=\"https:\/\/www.abf.se\/orebro-lan\/resized\/?url=https%3A%2F%2Fwww.abf.se%2Fwp-content%2Fuploads%2F2025%2F06%2FABF_bildbank-69.jpg&#038;fit=crop&#038;w=375&#038;h=540&#038;s=57d2c5f6a0d25e8a0c69f75c7f294118 375w, https:\/\/www.abf.se\/orebro-lan\/resized\/?url=https%3A%2F%2Fwww.abf.se%2Fwp-content%2Fuploads%2F2025%2F06%2FABF_bildbank-69.jpg&#038;fit=crop&#038;w=447&#038;h=540&#038;s=67cc4b179259cce6d2c20a7d2bbf6683 447w, https:\/\/www.abf.se\/orebro-lan\/resized\/?url=https%3A%2F%2Fwww.abf.se%2Fwp-content%2Fuploads%2F2025%2F06%2FABF_bildbank-69.jpg&#038;fit=crop&#038;w=519&#038;h=540&#038;s=fa535ec8b0621abbfeef3db0622763b7 519w, https:\/\/www.abf.se\/orebro-lan\/resized\/?url=https%3A%2F%2Fwww.abf.se%2Fwp-content%2Fuploads%2F2025%2F06%2FABF_bildbank-69.jpg&#038;fit=crop&#038;w=591&#038;h=540&#038;s=54f1e5ef8e476dd85697b309af82a853 591w, https:\/\/www.abf.se\/orebro-lan\/resized\/?url=https%3A%2F%2Fwww.abf.se%2Fwp-content%2Fuploads%2F2025%2F06%2FABF_bildbank-69.jpg&#038;fit=crop&#038;w=663&#038;h=540&#038;s=2d43cd76bbacf7a45bd705997c37cf78 663w, https:\/\/www.abf.se\/orebro-lan\/resized\/?url=https%3A%2F%2Fwww.abf.se%2Fwp-content%2Fuploads%2F2025%2F06%2FABF_bildbank-69.jpg&#038;fit=crop&#038;w=750&#038;h=540&#038;s=996ebc9ab1b4bf8da253cb9fa9905871 750w, https:\/\/www.abf.se\/orebro-lan\/resized\/?url=https%3A%2F%2Fwww.abf.se%2Fwp-content%2Fuploads%2F2025%2F06%2FABF_bildbank-69.jpg&#038;fit=crop&#038;w=894&#038;h=540&#038;s=f1eda9db96940c6632bb8b5aaf560021 894w, https:\/\/www.abf.se\/orebro-lan\/resized\/?url=https%3A%2F%2Fwww.abf.se%2Fwp-content%2Fuploads%2F2025%2F06%2FABF_bildbank-69.jpg&#038;fit=crop&#038;w=1038&#038;h=540&#038;s=0a58dfa0c10e14b5d7ba54fa20feeb9f 1038w, https:\/\/www.abf.se\/orebro-lan\/resized\/?url=https%3A%2F%2Fwww.abf.se%2Fwp-content%2Fuploads%2F2025%2F06%2FABF_bildbank-69.jpg&#038;fit=crop&#038;w=1182&#038;h=540&#038;s=3185a5a8b2a9747c6f52d63b87613020 1182w, https:\/\/www.abf.se\/orebro-lan\/resized\/?url=https%3A%2F%2Fwww.abf.se%2Fwp-content%2Fuploads%2F2025%2F06%2FABF_bildbank-69.jpg&#038;fit=crop&#038;w=1326&#038;h=540&#038;s=0bf9a3c9dd720cf248adbfd5fcf16077 1326w, https:\/\/www.abf.se\/orebro-lan\/resized\/?url=https%3A%2F%2Fwww.abf.se%2Fwp-content%2Fuploads%2F2025%2F06%2FABF_bildbank-69.jpg&#038;fit=crop&#038;w=1440&#038;h=540&#038;s=cb5e1346b75de538439f88ff56968278 1440w\" alt=\"\" height=\"540\" width=\"1440\" sizes=\"(max-width: 1440px) calc(100vw - 32px), 1440px\" loading=\"eager\" fetchpriority=\"high\" aria-hidden=\"true\" role=\"presentation\" \/><\/picture>\n        \n\n            <\/div>\n\n    <\/div>\n\n<div\n    class=\"acf-plain-heading-block container my-16\"\n    data-block=\"plain-heading-block\"\n>\n    <div class=\"max-w-[658px] mx-auto\">\n                <h1 class=\"hero-heading\"><span>Replokaler i Firehouse<\/span><\/h1>\n                            <p class=\"mt-8 body-xl text-black\">\n                Med 20 stycken replokaler skapar vi de perfekta f\u00f6ruts\u00e4ttningarna f\u00f6r att band och artister ska kunna utvecklas.<br \/>\r\n<br \/>\r\nV\u00e5ra lokaler \u00e4r utformade f\u00f6r att hantera allt fr\u00e5n h\u00f6gljudda rockrepetitioner till intima akustiska sessioner, vilket g\u00f6r dem idealiska f\u00f6r alla genrer och niv\u00e5er.<br \/>\r\n<br \/>\r\nI samarbete med Kulturskolan har vi \u00e4ven 2 stycken fullt utrustade lokaler som g\u00e5r att boka.<br \/>\r\n<br \/>\r\nH\u00f6r av dig till oss om du vill hyra replokal i Firehouse!\n            <\/p>\n            <\/div>\n<\/div>\n<div\n    class=\"acf-text-image-block container my-12 md:my-15\"\n    data-block=\"text-image-block\"\n>\n    <div\n    class=\"flex flex-col items-center md:flex-row gap-8 md:gap-0 justify-between\">\n                        <div class=\"w-full md:w-1\/2 md:order-2\">\n            <picture><img decoding=\"async\" src=\"https:\/\/www.abf.se\/orebro-lan\/resized\/?url=https%3A%2F%2Fwww.abf.se%2Fwp-content%2Fuploads%2Fsites%2F63%2F2024%2F05%2Fkarlskoga1.jpg&#038;fit=crop&#038;w=578&#038;s=06ed8422cb24cecbdb05e7dcbc5a6289\" srcset=\"https:\/\/www.abf.se\/orebro-lan\/resized\/?url=https%3A%2F%2Fwww.abf.se%2Fwp-content%2Fuploads%2Fsites%2F63%2F2024%2F05%2Fkarlskoga1.jpg&#038;fit=crop&#038;w=144&#038;h=126&#038;s=e2036def9576b3fbbc343465a030f316 144w, https:\/\/www.abf.se\/orebro-lan\/resized\/?url=https%3A%2F%2Fwww.abf.se%2Fwp-content%2Fuploads%2Fsites%2F63%2F2024%2F05%2Fkarlskoga1.jpg&#038;fit=crop&#038;w=240&#038;h=211&#038;s=ab3b764e064d4a0a6653e32f5fd402d3 240w, https:\/\/www.abf.se\/orebro-lan\/resized\/?url=https%3A%2F%2Fwww.abf.se%2Fwp-content%2Fuploads%2Fsites%2F63%2F2024%2F05%2Fkarlskoga1.jpg&#038;fit=crop&#038;w=288&#038;h=253&#038;s=868261369581799a15af0e98e243e15c 288w, https:\/\/www.abf.se\/orebro-lan\/resized\/?url=https%3A%2F%2Fwww.abf.se%2Fwp-content%2Fuploads%2Fsites%2F63%2F2024%2F05%2Fkarlskoga1.jpg&#038;fit=crop&#038;w=336&#038;h=295&#038;s=83618bc3a5463694dfbd4a61a01eb7f8 336w, https:\/\/www.abf.se\/orebro-lan\/resized\/?url=https%3A%2F%2Fwww.abf.se%2Fwp-content%2Fuploads%2Fsites%2F63%2F2024%2F05%2Fkarlskoga1.jpg&#038;fit=crop&#038;w=432&#038;h=380&#038;s=e087b01f1f5036c61cfe8d4b5abad3ec 432w, https:\/\/www.abf.se\/orebro-lan\/resized\/?url=https%3A%2F%2Fwww.abf.se%2Fwp-content%2Fuploads%2Fsites%2F63%2F2024%2F05%2Fkarlskoga1.jpg&#038;fit=crop&#038;w=480&#038;h=422&#038;s=d4d23d225708dbe70c75205d6c8107d6 480w, https:\/\/www.abf.se\/orebro-lan\/resized\/?url=https%3A%2F%2Fwww.abf.se%2Fwp-content%2Fuploads%2Fsites%2F63%2F2024%2F05%2Fkarlskoga1.jpg&#038;fit=crop&#038;w=528&#038;h=464&#038;s=e0d36caa1f0b4343c5fab882e9e040be 528w, https:\/\/www.abf.se\/orebro-lan\/resized\/?url=https%3A%2F%2Fwww.abf.se%2Fwp-content%2Fuploads%2Fsites%2F63%2F2024%2F05%2Fkarlskoga1.jpg&#038;fit=crop&#038;w=578&#038;h=509&#038;s=0e759c3a15b17f0ffdef86a0b193dfdd 578w, https:\/\/www.abf.se\/orebro-lan\/resized\/?url=https%3A%2F%2Fwww.abf.se%2Fwp-content%2Fuploads%2Fsites%2F63%2F2024%2F05%2Fkarlskoga1.jpg&#038;fit=crop&#038;w=672&#038;h=591&#038;s=397fa5db5e19eafb2e95b087111f66f6 672w, https:\/\/www.abf.se\/orebro-lan\/resized\/?url=https%3A%2F%2Fwww.abf.se%2Fwp-content%2Fuploads%2Fsites%2F63%2F2024%2F05%2Fkarlskoga1.jpg&#038;fit=crop&#038;w=864&#038;h=760&#038;s=9678ae0a9f5dee925cd26398c2eb4f86 864w, https:\/\/www.abf.se\/orebro-lan\/resized\/?url=https%3A%2F%2Fwww.abf.se%2Fwp-content%2Fuploads%2Fsites%2F63%2F2024%2F05%2Fkarlskoga1.jpg&#038;fit=crop&#038;w=1056&#038;h=929&#038;s=69bf758e11134c42d878cd6e65d6a452 1056w\" alt=\"\" height=\"509\" width=\"578\" sizes=\"auto, (max-width: 768px) 100vw,\n                (max-width: 1280px) 50vw, 578px\" loading=\"lazy\" fetchpriority=\"low\" \/><\/picture>\n\n        <\/div>\n        \n        <div class=\"w-full md:w-1\/2 md:order-1\">\n        <div class=\"mx-auto md:max-w-[368px]\">\n            <h2 class=\"heading-lg\"><\/h2>\n            <div class=\"mb-6 mt-4 wysiwyg\">\n                <p><strong>Bes\u00f6ksadress:<\/strong><\/p>\n<p>Bangatan 9<br \/>\n691 31 Karlskoga<\/p>\n<p>&nbsp;<\/p>\n<p><strong>Kontakt:<\/strong><\/p>\n<p>Marcus Nowak<br \/>\nmarcus.nowak@abf.se<br \/>\n010-203 17 08<\/p>\n\n            <\/div>\n                    <\/div>\n        <\/div>\n    <\/div>\n<\/div><div class=\"my-8 container-lg acf-link-block\" data-block=\"link-block\" class=\"acf-link-block\" data-block=\"link-block\">\n    <div class=\"w-full bg-red  round-corners-lg px-4 md:px-8 py-11 md:py-16\">\n        <h2 class=\"heading-lg mb-7 text-center text-white\">\n            \n        <\/h2>\n            <ul class=\"grid grid-cols-1 gap-x-4 gap-y-3 md:grid-cols-2\">\n                                                        <li>\n                        <a\n    class=\"large-button-link\"\n    href=\"https:\/\/www.abf.se\/orebro-lan\/kontakt-och-lokaler\/vara-lokaler\/firehouse-i-karlskoga\/lokalbilder-firehouse\/\"\n    target=\"\"\n>\n    <span class=\"flex-1\">Bilder p\u00e5 lokalerna i Firehouse<\/span>\n\n    <figure\n        aria-hidden=\"true\"\n        class=\"w-5\"\n    >\n                    <svg width=\"20\" height=\"20\" viewBox=\"0 0 20 20\" fill=\"none\" class=\"SvgIconElement\">\n<path d=\"M4.16659 10L15.8333 10\" stroke=\"currentColor\"\/>\n<path d=\"M9.99992 4.1665L15.8333 9.99984L9.99992 15.8332\" stroke=\"currentColor\"\/>\n<\/svg>\n            <\/figure>\n<\/a>\n                    <\/li>\n                            <\/ul>\n        <\/ul>\n    <\/div>\n<\/div>","protected":false},"excerpt":{"rendered":"","protected":false},"author":79,"featured_media":0,"parent":224,"menu_order":0,"comment_status":"closed","ping_status":"closed","template":"","meta":{"_acf_changed":false,"footnotes":""},"class_list":["post-1785","page","type-page","status-publish","hentry"],"acf":[],"yoast_head":"<!-- This site is optimized with the Yoast SEO plugin v27.0 - https:\/\/yoast.com\/product\/yoast-seo-wordpress\/ -->\n<title>Firehouse i Karlskoga - ABF \u00d6rebro l\u00e4n<\/title>\n<meta name=\"description\" content=\"I Firehouse i Karlskoga hittar du 20 stycken replokaler d\u00e4r vi skapar de perfekta f\u00f6ruts\u00e4ttningarna f\u00f6r att band ska kunna utvecklas.\" \/>\n<meta name=\"robots\" content=\"index, follow, max-snippet:-1, max-image-preview:large, max-video-preview:-1\" \/>\n<link rel=\"canonical\" href=\"https:\/\/www.abf.se\/orebro-lan\/kontakt-och-lokaler\/vara-lokaler\/firehouse-i-karlskoga\/\" \/>\n<meta property=\"og:locale\" content=\"sv_SE\" \/>\n<meta property=\"og:type\" content=\"article\" \/>\n<meta property=\"og:title\" content=\"Firehouse i Karlskoga - ABF \u00d6rebro l\u00e4n\" \/>\n<meta property=\"og:description\" content=\"I Firehouse i Karlskoga hittar du 20 stycken replokaler d\u00e4r vi skapar de perfekta f\u00f6ruts\u00e4ttningarna f\u00f6r att band ska kunna utvecklas.\" \/>\n<meta property=\"og:url\" content=\"https:\/\/www.abf.se\/orebro-lan\/kontakt-och-lokaler\/vara-lokaler\/firehouse-i-karlskoga\/\" \/>\n<meta property=\"og:site_name\" content=\"\u00d6rebro l\u00e4n\" \/>\n<meta property=\"article:modified_time\" content=\"2025-09-24T13:16:46+00:00\" \/>\n<meta property=\"og:image\" content=\"https:\/\/www.abf.se\/wp-content\/uploads\/sites\/63\/2024\/04\/Nyckeln-liggande-scaled.jpg\" \/>\n\t<meta property=\"og:image:width\" content=\"2560\" \/>\n\t<meta property=\"og:image:height\" content=\"1440\" \/>\n\t<meta property=\"og:image:type\" content=\"image\/jpeg\" \/>\n<meta name=\"twitter:card\" content=\"summary_large_image\" \/>\n<script type=\"application\/ld+json\" class=\"yoast-schema-graph\">{\"@context\":\"https:\/\/schema.org\",\"@graph\":[{\"@type\":\"WebPage\",\"@id\":\"https:\/\/www.abf.se\/orebro-lan\/kontakt-och-lokaler\/vara-lokaler\/firehouse-i-karlskoga\/\",\"url\":\"https:\/\/www.abf.se\/orebro-lan\/kontakt-och-lokaler\/vara-lokaler\/firehouse-i-karlskoga\/\",\"name\":\"Firehouse i Karlskoga - ABF \u00d6rebro l\u00e4n\",\"isPartOf\":{\"@id\":\"https:\/\/www.abf.se\/orebro-lan\/#website\"},\"datePublished\":\"2025-08-11T12:30:13+00:00\",\"dateModified\":\"2025-09-24T13:16:46+00:00\",\"description\":\"I Firehouse i Karlskoga hittar du 20 stycken replokaler d\u00e4r vi skapar de perfekta f\u00f6ruts\u00e4ttningarna f\u00f6r att band ska kunna utvecklas.\",\"breadcrumb\":{\"@id\":\"https:\/\/www.abf.se\/orebro-lan\/kontakt-och-lokaler\/vara-lokaler\/firehouse-i-karlskoga\/#breadcrumb\"},\"inLanguage\":\"sv-SE\",\"potentialAction\":[{\"@type\":\"ReadAction\",\"target\":[\"https:\/\/www.abf.se\/orebro-lan\/kontakt-och-lokaler\/vara-lokaler\/firehouse-i-karlskoga\/\"]}]},{\"@type\":\"BreadcrumbList\",\"@id\":\"https:\/\/www.abf.se\/orebro-lan\/kontakt-och-lokaler\/vara-lokaler\/firehouse-i-karlskoga\/#breadcrumb\",\"itemListElement\":[{\"@type\":\"ListItem\",\"position\":1,\"name\":\"Home\",\"item\":\"https:\/\/www.abf.se\/orebro-lan\/\"},{\"@type\":\"ListItem\",\"position\":2,\"name\":\"Kontakt och lokaler\",\"item\":\"https:\/\/www.abf.se\/orebro-lan\/kontakt-och-lokaler\/\"},{\"@type\":\"ListItem\",\"position\":3,\"name\":\"V\u00e5ra lokaler\",\"item\":\"https:\/\/www.abf.se\/orebro-lan\/kontakt-och-lokaler\/vara-lokaler\/\"},{\"@type\":\"ListItem\",\"position\":4,\"name\":\"Firehouse i Karlskoga\"}]},{\"@type\":\"WebSite\",\"@id\":\"https:\/\/www.abf.se\/orebro-lan\/#website\",\"url\":\"https:\/\/www.abf.se\/orebro-lan\/\",\"name\":\"\u00d6rebro l\u00e4n\",\"description\":\"\",\"potentialAction\":[{\"@type\":\"SearchAction\",\"target\":{\"@type\":\"EntryPoint\",\"urlTemplate\":\"https:\/\/www.abf.se\/orebro-lan\/?s={search_term_string}\"},\"query-input\":{\"@type\":\"PropertyValueSpecification\",\"valueRequired\":true,\"valueName\":\"search_term_string\"}}],\"inLanguage\":\"sv-SE\"}]}<\/script>\n<!-- \/ Yoast SEO plugin. -->","yoast_head_json":{"title":"Firehouse i Karlskoga - ABF \u00d6rebro l\u00e4n","description":"I Firehouse i Karlskoga hittar du 20 stycken replokaler d\u00e4r vi skapar de perfekta f\u00f6ruts\u00e4ttningarna f\u00f6r att band ska kunna utvecklas.","robots":{"index":"index","follow":"follow","max-snippet":"max-snippet:-1","max-image-preview":"max-image-preview:large","max-video-preview":"max-video-preview:-1"},"canonical":"https:\/\/www.abf.se\/orebro-lan\/kontakt-och-lokaler\/vara-lokaler\/firehouse-i-karlskoga\/","og_locale":"sv_SE","og_type":"article","og_title":"Firehouse i Karlskoga - ABF \u00d6rebro l\u00e4n","og_description":"I Firehouse i Karlskoga hittar du 20 stycken replokaler d\u00e4r vi skapar de perfekta f\u00f6ruts\u00e4ttningarna f\u00f6r att band ska kunna utvecklas.","og_url":"https:\/\/www.abf.se\/orebro-lan\/kontakt-och-lokaler\/vara-lokaler\/firehouse-i-karlskoga\/","og_site_name":"\u00d6rebro l\u00e4n","article_modified_time":"2025-09-24T13:16:46+00:00","og_image":[{"width":2560,"height":1440,"url":"https:\/\/www.abf.se\/wp-content\/uploads\/sites\/63\/2024\/04\/Nyckeln-liggande-scaled.jpg","type":"image\/jpeg"}],"twitter_card":"summary_large_image","schema":{"@context":"https:\/\/schema.org","@graph":[{"@type":"WebPage","@id":"https:\/\/www.abf.se\/orebro-lan\/kontakt-och-lokaler\/vara-lokaler\/firehouse-i-karlskoga\/","url":"https:\/\/www.abf.se\/orebro-lan\/kontakt-och-lokaler\/vara-lokaler\/firehouse-i-karlskoga\/","name":"Firehouse i Karlskoga - ABF \u00d6rebro l\u00e4n","isPartOf":{"@id":"https:\/\/www.abf.se\/orebro-lan\/#website"},"datePublished":"2025-08-11T12:30:13+00:00","dateModified":"2025-09-24T13:16:46+00:00","description":"I Firehouse i Karlskoga hittar du 20 stycken replokaler d\u00e4r vi skapar de perfekta f\u00f6ruts\u00e4ttningarna f\u00f6r att band ska kunna utvecklas.","breadcrumb":{"@id":"https:\/\/www.abf.se\/orebro-lan\/kontakt-och-lokaler\/vara-lokaler\/firehouse-i-karlskoga\/#breadcrumb"},"inLanguage":"sv-SE","potentialAction":[{"@type":"ReadAction","target":["https:\/\/www.abf.se\/orebro-lan\/kontakt-och-lokaler\/vara-lokaler\/firehouse-i-karlskoga\/"]}]},{"@type":"BreadcrumbList","@id":"https:\/\/www.abf.se\/orebro-lan\/kontakt-och-lokaler\/vara-lokaler\/firehouse-i-karlskoga\/#breadcrumb","itemListElement":[{"@type":"ListItem","position":1,"name":"Home","item":"https:\/\/www.abf.se\/orebro-lan\/"},{"@type":"ListItem","position":2,"name":"Kontakt och lokaler","item":"https:\/\/www.abf.se\/orebro-lan\/kontakt-och-lokaler\/"},{"@type":"ListItem","position":3,"name":"V\u00e5ra lokaler","item":"https:\/\/www.abf.se\/orebro-lan\/kontakt-och-lokaler\/vara-lokaler\/"},{"@type":"ListItem","position":4,"name":"Firehouse i Karlskoga"}]},{"@type":"WebSite","@id":"https:\/\/www.abf.se\/orebro-lan\/#website","url":"https:\/\/www.abf.se\/orebro-lan\/","name":"\u00d6rebro l\u00e4n","description":"","potentialAction":[{"@type":"SearchAction","target":{"@type":"EntryPoint","urlTemplate":"https:\/\/www.abf.se\/orebro-lan\/?s={search_term_string}"},"query-input":{"@type":"PropertyValueSpecification","valueRequired":true,"valueName":"search_term_string"}}],"inLanguage":"sv-SE"}]}},"_links":{"self":[{"href":"https:\/\/www.abf.se\/orebro-lan\/wp-json\/wp\/v2\/pages\/1785","targetHints":{"allow":["GET"]}}],"collection":[{"href":"https:\/\/www.abf.se\/orebro-lan\/wp-json\/wp\/v2\/pages"}],"about":[{"href":"https:\/\/www.abf.se\/orebro-lan\/wp-json\/wp\/v2\/types\/page"}],"author":[{"embeddable":true,"href":"https:\/\/www.abf.se\/orebro-lan\/wp-json\/wp\/v2\/users\/79"}],"replies":[{"embeddable":true,"href":"https:\/\/www.abf.se\/orebro-lan\/wp-json\/wp\/v2\/comments?post=1785"}],"version-history":[{"count":23,"href":"https:\/\/www.abf.se\/orebro-lan\/wp-json\/wp\/v2\/pages\/1785\/revisions"}],"predecessor-version":[{"id":2005,"href":"https:\/\/www.abf.se\/orebro-lan\/wp-json\/wp\/v2\/pages\/1785\/revisions\/2005"}],"up":[{"embeddable":true,"href":"https:\/\/www.abf.se\/orebro-lan\/wp-json\/wp\/v2\/pages\/224"}],"wp:attachment":[{"href":"https:\/\/www.abf.se\/orebro-lan\/wp-json\/wp\/v2\/media?parent=1785"}],"curies":[{"name":"wp","href":"https:\/\/api.w.org\/{rel}","templated":true}]}}